{"id":68052,"date":"2021-03-17T05:36:03","date_gmt":"2021-03-17T05:36:03","guid":{"rendered":"https:\/\/espak.ee\/hinnakiri\/?post_type=product&#038;p=68052"},"modified":"2026-01-22T12:43:01","modified_gmt":"2026-01-22T10:43:01","slug":"aadikakarbse-puunis-arox-oun","status":"publish","type":"product","link":"https:\/\/espak.ee\/epood\/toode\/aadikakarbse-puunis-arox-oun\/","title":{"rendered":"\u00c4\u00e4dikak\u00e4rbse p\u00fc\u00fcnis Arox \u00f5un"},"content":{"rendered":"<div class=\"row\"  id=\"row-1359038020\">\n\n\t<div id=\"col-1946755309\" class=\"col medium-9 small-12 large-9\"  >\n\t\t\t\t<div class=\"col-inner\"  >\n\t\t\t\n\t\t\t\n<p>\u00c4\u00e4dikak\u00e4rbse p\u00fc\u00fcnis Arox on t\u00f5hus vahend \u00e4\u00e4dikak\u00e4rbeste t\u00f5rjeks t\u00e4nu unikaalsele atraktandile ja p\u00fc\u00fcnise otstarbekale ehitusele.  Toode koosneb looduslikest toimeainetest.<\/p>\n<p><strong>Kasutamine:<\/strong> Eemaldada \u00f5unakese \u00fclemine osa. 2. Avada pakendis olev pudelike vedelikuga. 3. Valada pudeli sisu p\u00fc\u00fcnisesse. 4. Keerata \u00fclemine osa p\u00fc\u00fcnisele. 5. Asetada kasutusvalmis p\u00fc\u00fcnis kohta, kus \u00e4\u00e4dikak\u00e4rbsed armastavad viibida: puuviljade, magusate toiduainete jmt. l\u00e4hedusse. 6. P\u00e4rast p\u00fc\u00fcnise t\u00e4itumist putukatega v\u00f5tta p\u00fc\u00fcnise kolm koostisosa lahti ja uhada sisu \u00e4ra voolava vee all. P\u00e4rast pesemist ja kokkupanemist v\u00f5ib p\u00fc\u00fcnist taaskasutada, t\u00e4ites selle uuesti v\u00e4rske atraktandiga. P\u00fc\u00fcnis on korduvkasutatav.<\/p>\n\t\t<\/div>\n\t\t\t\t\t<\/div>\n\n\t\n\n\t<div id=\"col-1477115097\" class=\"col medium-3 small-12 large-3\"  >\n\t\t\t\t<div class=\"col-inner\"  >\n\t\t\t\n\t\t\t\n<p><strong>\u00dcksikasjalikuma n\u00f5u saamiseks v\u00f5tke \u00fchendust:<br \/><\/strong>Horticom O\u00dc<br \/>Looma\u0308e tee 11<br \/>Harjumaa<br \/>Tel: +372 60 11 727<\/p>\n\t\t<\/div>\n\t\t\t\t\t<\/div>\n\n\t\n<\/div>\n","protected":false},"excerpt":{"rendered":"","protected":false},"featured_media":77040,"comment_status":"closed","ping_status":"closed","template":"","meta":[],"product_brand":[],"product_cat":[2789,2788,4748,2884],"product_tag":[],"class_list":{"0":"post-68052","1":"product","2":"type-product","3":"status-publish","4":"has-post-thumbnail","6":"product_cat-aiatarbed","7":"product_cat-aiatarbed-ja-kodukaubad","8":"product_cat-lendavate-putukate-torjevahendid","9":"product_cat-olmekahjurite-torjevahendid","10":"pa_kaubamark-horticom-ou","12":"first","13":"instock","14":"sale","15":"taxable","16":"shipping-taxable","17":"purchasable","18":"product-type-simple"},"yoast_head":"<!-- This site is optimized with the Yoast SEO plugin v26.9 - https:\/\/yoast.com\/product\/yoast-seo-wordpress\/ -->\n<title>\u00c4\u00e4dikak\u00e4rbse p\u00fc\u00fcnis Arox \u00f5un - Espak E-pood<\/title>\n<meta name=\"robots\" content=\"index, follow, max-snippet:-1, max-image-preview:large, max-video-preview:-1\" \/>\n<link rel=\"canonical\" href=\"https:\/\/espak.ee\/epood\/toode\/aadikakarbse-puunis-arox-oun\/\" \/>\n<meta property=\"og:locale\" content=\"et_EE\" \/>\n<meta property=\"og:type\" content=\"article\" \/>\n<meta property=\"og:title\" content=\"\u00c4\u00e4dikak\u00e4rbse p\u00fc\u00fcnis Arox \u00f5un - Espak E-pood\" \/>\n<meta property=\"og:url\" content=\"https:\/\/espak.ee\/epood\/toode\/aadikakarbse-puunis-arox-oun\/\" \/>\n<meta property=\"og:site_name\" content=\"Espak E-pood\" \/>\n<meta property=\"article:modified_time\" content=\"2026-01-22T10:43:01+00:00\" \/>\n<meta property=\"og:image\" content=\"https:\/\/espak.ee\/epood\/wp-content\/uploads\/2021\/04\/5902341009382.jpg\" \/>\n\t<meta property=\"og:image:width\" content=\"724\" \/>\n\t<meta property=\"og:image:height\" content=\"724\" \/>\n\t<meta property=\"og:image:type\" content=\"image\/jpeg\" \/>\n<meta name=\"twitter:card\" content=\"summary_large_image\" \/>\n<meta name=\"twitter:label1\" content=\"Est. reading time\" \/>\n\t<meta name=\"twitter:data1\" content=\"1 minut\" \/>\n<script type=\"application\/ld+json\" class=\"yoast-schema-graph\">{\"@context\":\"https:\/\/schema.org\",\"@graph\":[{\"@type\":\"WebPage\",\"@id\":\"https:\/\/espak.ee\/epood\/toode\/aadikakarbse-puunis-arox-oun\/\",\"url\":\"https:\/\/espak.ee\/epood\/toode\/aadikakarbse-puunis-arox-oun\/\",\"name\":\"\u00c4\u00e4dikak\u00e4rbse p\u00fc\u00fcnis Arox \u00f5un - Espak E-pood\",\"isPartOf\":{\"@id\":\"https:\/\/espak.ee\/epood\/#website\"},\"primaryImageOfPage\":{\"@id\":\"https:\/\/espak.ee\/epood\/toode\/aadikakarbse-puunis-arox-oun\/#primaryimage\"},\"image\":{\"@id\":\"https:\/\/espak.ee\/epood\/toode\/aadikakarbse-puunis-arox-oun\/#primaryimage\"},\"thumbnailUrl\":\"https:\/\/espak.ee\/epood\/wp-content\/uploads\/2021\/04\/5902341009382.jpg\",\"datePublished\":\"2021-03-17T05:36:03+00:00\",\"dateModified\":\"2026-01-22T10:43:01+00:00\",\"breadcrumb\":{\"@id\":\"https:\/\/espak.ee\/epood\/toode\/aadikakarbse-puunis-arox-oun\/#breadcrumb\"},\"inLanguage\":\"et\",\"potentialAction\":[{\"@type\":\"ReadAction\",\"target\":[\"https:\/\/espak.ee\/epood\/toode\/aadikakarbse-puunis-arox-oun\/\"]}]},{\"@type\":\"ImageObject\",\"inLanguage\":\"et\",\"@id\":\"https:\/\/espak.ee\/epood\/toode\/aadikakarbse-puunis-arox-oun\/#primaryimage\",\"url\":\"https:\/\/espak.ee\/epood\/wp-content\/uploads\/2021\/04\/5902341009382.jpg\",\"contentUrl\":\"https:\/\/espak.ee\/epood\/wp-content\/uploads\/2021\/04\/5902341009382.jpg\",\"width\":724,\"height\":724},{\"@type\":\"BreadcrumbList\",\"@id\":\"https:\/\/espak.ee\/epood\/toode\/aadikakarbse-puunis-arox-oun\/#breadcrumb\",\"itemListElement\":[{\"@type\":\"ListItem\",\"position\":1,\"name\":\"Home\",\"item\":\"https:\/\/espak.ee\/epood\/\"},{\"@type\":\"ListItem\",\"position\":2,\"name\":\"Tootevalik\",\"item\":\"https:\/\/espak.ee\/epood\/tootevalik\/\"},{\"@type\":\"ListItem\",\"position\":3,\"name\":\"\u00c4\u00e4dikak\u00e4rbse p\u00fc\u00fcnis Arox \u00f5un\"}]},{\"@type\":\"WebSite\",\"@id\":\"https:\/\/espak.ee\/epood\/#website\",\"url\":\"https:\/\/espak.ee\/epood\/\",\"name\":\"Espak E-pood\",\"description\":\"\",\"potentialAction\":[{\"@type\":\"SearchAction\",\"target\":{\"@type\":\"EntryPoint\",\"urlTemplate\":\"https:\/\/espak.ee\/epood\/?s={search_term_string}\"},\"query-input\":{\"@type\":\"PropertyValueSpecification\",\"valueRequired\":true,\"valueName\":\"search_term_string\"}}],\"inLanguage\":\"et\"}]}<\/script>\n<!-- \/ Yoast SEO plugin. -->","yoast_head_json":{"title":"\u00c4\u00e4dikak\u00e4rbse p\u00fc\u00fcnis Arox \u00f5un - Espak E-pood","robots":{"index":"index","follow":"follow","max-snippet":"max-snippet:-1","max-image-preview":"max-image-preview:large","max-video-preview":"max-video-preview:-1"},"canonical":"https:\/\/espak.ee\/epood\/toode\/aadikakarbse-puunis-arox-oun\/","og_locale":"et_EE","og_type":"article","og_title":"\u00c4\u00e4dikak\u00e4rbse p\u00fc\u00fcnis Arox \u00f5un - Espak E-pood","og_url":"https:\/\/espak.ee\/epood\/toode\/aadikakarbse-puunis-arox-oun\/","og_site_name":"Espak E-pood","article_modified_time":"2026-01-22T10:43:01+00:00","og_image":[{"width":724,"height":724,"url":"https:\/\/espak.ee\/epood\/wp-content\/uploads\/2021\/04\/5902341009382.jpg","type":"image\/jpeg"}],"twitter_card":"summary_large_image","twitter_misc":{"Est. reading time":"1 minut"},"schema":{"@context":"https:\/\/schema.org","@graph":[{"@type":"WebPage","@id":"https:\/\/espak.ee\/epood\/toode\/aadikakarbse-puunis-arox-oun\/","url":"https:\/\/espak.ee\/epood\/toode\/aadikakarbse-puunis-arox-oun\/","name":"\u00c4\u00e4dikak\u00e4rbse p\u00fc\u00fcnis Arox \u00f5un - Espak E-pood","isPartOf":{"@id":"https:\/\/espak.ee\/epood\/#website"},"primaryImageOfPage":{"@id":"https:\/\/espak.ee\/epood\/toode\/aadikakarbse-puunis-arox-oun\/#primaryimage"},"image":{"@id":"https:\/\/espak.ee\/epood\/toode\/aadikakarbse-puunis-arox-oun\/#primaryimage"},"thumbnailUrl":"https:\/\/espak.ee\/epood\/wp-content\/uploads\/2021\/04\/5902341009382.jpg","datePublished":"2021-03-17T05:36:03+00:00","dateModified":"2026-01-22T10:43:01+00:00","breadcrumb":{"@id":"https:\/\/espak.ee\/epood\/toode\/aadikakarbse-puunis-arox-oun\/#breadcrumb"},"inLanguage":"et","potentialAction":[{"@type":"ReadAction","target":["https:\/\/espak.ee\/epood\/toode\/aadikakarbse-puunis-arox-oun\/"]}]},{"@type":"ImageObject","inLanguage":"et","@id":"https:\/\/espak.ee\/epood\/toode\/aadikakarbse-puunis-arox-oun\/#primaryimage","url":"https:\/\/espak.ee\/epood\/wp-content\/uploads\/2021\/04\/5902341009382.jpg","contentUrl":"https:\/\/espak.ee\/epood\/wp-content\/uploads\/2021\/04\/5902341009382.jpg","width":724,"height":724},{"@type":"BreadcrumbList","@id":"https:\/\/espak.ee\/epood\/toode\/aadikakarbse-puunis-arox-oun\/#breadcrumb","itemListElement":[{"@type":"ListItem","position":1,"name":"Home","item":"https:\/\/espak.ee\/epood\/"},{"@type":"ListItem","position":2,"name":"Tootevalik","item":"https:\/\/espak.ee\/epood\/tootevalik\/"},{"@type":"ListItem","position":3,"name":"\u00c4\u00e4dikak\u00e4rbse p\u00fc\u00fcnis Arox \u00f5un"}]},{"@type":"WebSite","@id":"https:\/\/espak.ee\/epood\/#website","url":"https:\/\/espak.ee\/epood\/","name":"Espak E-pood","description":"","potentialAction":[{"@type":"SearchAction","target":{"@type":"EntryPoint","urlTemplate":"https:\/\/espak.ee\/epood\/?s={search_term_string}"},"query-input":{"@type":"PropertyValueSpecification","valueRequired":true,"valueName":"search_term_string"}}],"inLanguage":"et"}]}},"_links":{"self":[{"href":"https:\/\/espak.ee\/epood\/wp-json\/wp\/v2\/product\/68052","targetHints":{"allow":["GET"]}}],"collection":[{"href":"https:\/\/espak.ee\/epood\/wp-json\/wp\/v2\/product"}],"about":[{"href":"https:\/\/espak.ee\/epood\/wp-json\/wp\/v2\/types\/product"}],"replies":[{"embeddable":true,"href":"https:\/\/espak.ee\/epood\/wp-json\/wp\/v2\/comments?post=68052"}],"wp:featuredmedia":[{"embeddable":true,"href":"https:\/\/espak.ee\/epood\/wp-json\/wp\/v2\/media\/77040"}],"wp:attachment":[{"href":"https:\/\/espak.ee\/epood\/wp-json\/wp\/v2\/media?parent=68052"}],"wp:term":[{"taxonomy":"product_brand","embeddable":true,"href":"https:\/\/espak.ee\/epood\/wp-json\/wp\/v2\/product_brand?post=68052"},{"taxonomy":"product_cat","embeddable":true,"href":"https:\/\/espak.ee\/epood\/wp-json\/wp\/v2\/product_cat?post=68052"},{"taxonomy":"product_tag","embeddable":true,"href":"https:\/\/espak.ee\/epood\/wp-json\/wp\/v2\/product_tag?post=68052"}],"curies":[{"name":"wp","href":"https:\/\/api.w.org\/{rel}","templated":true}]}}