{"id":68046,"date":"2021-03-17T05:01:35","date_gmt":"2021-03-17T05:01:35","guid":{"rendered":"https:\/\/espak.ee\/hinnakiri\/?post_type=product&#038;p=68046"},"modified":"2025-08-14T17:43:54","modified_gmt":"2025-08-14T14:43:54","slug":"prussaka-spray-arox-500ml","status":"publish","type":"product","link":"https:\/\/espak.ee\/epood\/toode\/prussaka-spray-arox-500ml\/","title":{"rendered":"PRUSSAKA SPRAY AROX 500ML"},"content":{"rendered":"<div class=\"row\"  id=\"row-1796587384\">\n\n\t<div id=\"col-1681766419\" class=\"col medium-9 small-12 large-9\"  >\n\t\t\t\t<div class=\"col-inner\"  >\n\t\t\t\n\t\t\t\n<h3>Prussaka Spray Arox 500ml<\/h3>\n<p>Prussaka-Spray Arox on kasutusvalmis vedel insektitsiid ja akaritsiid, mida kasutatakse prussakate ja teiste roomavate putukate t\u00f5rjeks eramutes, \u00e4rihoonetes, ladudes ja lautades. Toode hakkab toimima paar minutit p\u00e4rast kokkupuudet ja biotsiidne toime avaldub tunni aja p\u00e4rast. Toote pikaajaline kaitse ruumis peale t\u00f6\u00f6tlemist on kuni kolm kuud olenevalt kasutustingimustest.<br \/>\n NB! KASUTAGE BIOTSIIDI OHUTULT. ENNE KASUTAMIST LUGEGE ALATI L\u00c4BI M\u00c4RGISTUS JA TEAVE TOOTE KOHTA.<br \/>\n<div class=\"is-divider divider clearfix\" ><\/div>\nPihusta pinnale v\u00f5i otse putukale. Pihustada 20% pindalast \u00fcksnes kohtades, kus putukad armastavad viibida. Toimeaine m\u00f5ju l\u00f5petamiseks puhastada pinnad pesuvahendiga ja pesta tekstiilid pesumasinaga. Ei tohi kasutada alla 36 kuu vanuste laste riietel.\n<\/p>\n\t\t<\/div>\n\t\t\t\t\t<\/div>\n\n\t\n\n\t<div id=\"col-1944210191\" class=\"col medium-3 small-12 large-3\"  >\n\t\t\t\t<div class=\"col-inner\"  >\n\t\t\t\n\t\t\t\n\t<div id=\"gap-1517169248\" class=\"gap-element clearfix\" style=\"display:block; height:auto;\">\n\t\t\n<style>\n#gap-1517169248 {\n  padding-top: 30px;\n}\n<\/style>\n\t<\/div>\n\t\n<p><strong>\u00dcksikasjalikuma n\u00f5u saamiseks v\u00f5tke \u00fchendust:<br \/><\/strong>Horticom O\u00dc<br \/>Loom\u00e4e tee 11<br \/>75306<br \/>Rae vald<br \/> +372 6011 727<\/p>\n\t\t<\/div>\n\t\t\t\t\t<\/div>\n\n\t\n<\/div>\n","protected":false},"excerpt":{"rendered":"","protected":false},"featured_media":150520,"comment_status":"closed","ping_status":"closed","template":"","meta":[],"product_brand":[],"product_cat":[2789,2788,2884,4751],"product_tag":[],"class_list":{"0":"post-68046","1":"product","2":"type-product","3":"status-publish","4":"has-post-thumbnail","6":"product_cat-aiatarbed","7":"product_cat-aiatarbed-ja-kodukaubad","8":"product_cat-olmekahjurite-torjevahendid","9":"product_cat-roomavate-putukate-torjevahendid","10":"pa_kaubamark-horticom-ou","12":"first","13":"instock","14":"sale","15":"taxable","16":"shipping-taxable","17":"purchasable","18":"product-type-simple"},"yoast_head":"<!-- This site is optimized with the Yoast SEO plugin v26.9 - https:\/\/yoast.com\/product\/yoast-seo-wordpress\/ -->\n<title>PRUSSAKA SPRAY AROX 500ML - Espak E-pood<\/title>\n<meta name=\"robots\" content=\"index, follow, max-snippet:-1, max-image-preview:large, max-video-preview:-1\" \/>\n<link rel=\"canonical\" href=\"https:\/\/espak.ee\/epood\/toode\/prussaka-spray-arox-500ml\/\" \/>\n<meta property=\"og:locale\" content=\"et_EE\" \/>\n<meta property=\"og:type\" content=\"article\" \/>\n<meta property=\"og:title\" content=\"PRUSSAKA SPRAY AROX 500ML - Espak E-pood\" \/>\n<meta property=\"og:url\" content=\"https:\/\/espak.ee\/epood\/toode\/prussaka-spray-arox-500ml\/\" \/>\n<meta property=\"og:site_name\" content=\"Espak E-pood\" \/>\n<meta property=\"article:modified_time\" content=\"2025-08-14T14:43:54+00:00\" \/>\n<meta property=\"og:image\" content=\"https:\/\/espak.ee\/epood\/wp-content\/uploads\/2021\/03\/product-152581_0-P0204-2.jpg\" \/>\n\t<meta property=\"og:image:width\" content=\"800\" \/>\n\t<meta property=\"og:image:height\" content=\"800\" \/>\n\t<meta property=\"og:image:type\" content=\"image\/jpeg\" \/>\n<meta name=\"twitter:card\" content=\"summary_large_image\" \/>\n<meta name=\"twitter:label1\" content=\"Est. reading time\" \/>\n\t<meta name=\"twitter:data1\" content=\"1 minut\" \/>\n<script type=\"application\/ld+json\" class=\"yoast-schema-graph\">{\"@context\":\"https:\/\/schema.org\",\"@graph\":[{\"@type\":\"WebPage\",\"@id\":\"https:\/\/espak.ee\/epood\/toode\/prussaka-spray-arox-500ml\/\",\"url\":\"https:\/\/espak.ee\/epood\/toode\/prussaka-spray-arox-500ml\/\",\"name\":\"PRUSSAKA SPRAY AROX 500ML - Espak E-pood\",\"isPartOf\":{\"@id\":\"https:\/\/espak.ee\/epood\/#website\"},\"primaryImageOfPage\":{\"@id\":\"https:\/\/espak.ee\/epood\/toode\/prussaka-spray-arox-500ml\/#primaryimage\"},\"image\":{\"@id\":\"https:\/\/espak.ee\/epood\/toode\/prussaka-spray-arox-500ml\/#primaryimage\"},\"thumbnailUrl\":\"https:\/\/espak.ee\/epood\/wp-content\/uploads\/2021\/03\/product-152581_0-P0204-2.jpg\",\"datePublished\":\"2021-03-17T05:01:35+00:00\",\"dateModified\":\"2025-08-14T14:43:54+00:00\",\"breadcrumb\":{\"@id\":\"https:\/\/espak.ee\/epood\/toode\/prussaka-spray-arox-500ml\/#breadcrumb\"},\"inLanguage\":\"et\",\"potentialAction\":[{\"@type\":\"ReadAction\",\"target\":[\"https:\/\/espak.ee\/epood\/toode\/prussaka-spray-arox-500ml\/\"]}]},{\"@type\":\"ImageObject\",\"inLanguage\":\"et\",\"@id\":\"https:\/\/espak.ee\/epood\/toode\/prussaka-spray-arox-500ml\/#primaryimage\",\"url\":\"https:\/\/espak.ee\/epood\/wp-content\/uploads\/2021\/03\/product-152581_0-P0204-2.jpg\",\"contentUrl\":\"https:\/\/espak.ee\/epood\/wp-content\/uploads\/2021\/03\/product-152581_0-P0204-2.jpg\",\"width\":800,\"height\":800},{\"@type\":\"BreadcrumbList\",\"@id\":\"https:\/\/espak.ee\/epood\/toode\/prussaka-spray-arox-500ml\/#breadcrumb\",\"itemListElement\":[{\"@type\":\"ListItem\",\"position\":1,\"name\":\"Home\",\"item\":\"https:\/\/espak.ee\/epood\/\"},{\"@type\":\"ListItem\",\"position\":2,\"name\":\"Tootevalik\",\"item\":\"https:\/\/espak.ee\/epood\/tootevalik\/\"},{\"@type\":\"ListItem\",\"position\":3,\"name\":\"PRUSSAKA SPRAY AROX 500ML\"}]},{\"@type\":\"WebSite\",\"@id\":\"https:\/\/espak.ee\/epood\/#website\",\"url\":\"https:\/\/espak.ee\/epood\/\",\"name\":\"Espak E-pood\",\"description\":\"\",\"potentialAction\":[{\"@type\":\"SearchAction\",\"target\":{\"@type\":\"EntryPoint\",\"urlTemplate\":\"https:\/\/espak.ee\/epood\/?s={search_term_string}\"},\"query-input\":{\"@type\":\"PropertyValueSpecification\",\"valueRequired\":true,\"valueName\":\"search_term_string\"}}],\"inLanguage\":\"et\"}]}<\/script>\n<!-- \/ Yoast SEO plugin. -->","yoast_head_json":{"title":"PRUSSAKA SPRAY AROX 500ML - Espak E-pood","robots":{"index":"index","follow":"follow","max-snippet":"max-snippet:-1","max-image-preview":"max-image-preview:large","max-video-preview":"max-video-preview:-1"},"canonical":"https:\/\/espak.ee\/epood\/toode\/prussaka-spray-arox-500ml\/","og_locale":"et_EE","og_type":"article","og_title":"PRUSSAKA SPRAY AROX 500ML - Espak E-pood","og_url":"https:\/\/espak.ee\/epood\/toode\/prussaka-spray-arox-500ml\/","og_site_name":"Espak E-pood","article_modified_time":"2025-08-14T14:43:54+00:00","og_image":[{"width":800,"height":800,"url":"https:\/\/espak.ee\/epood\/wp-content\/uploads\/2021\/03\/product-152581_0-P0204-2.jpg","type":"image\/jpeg"}],"twitter_card":"summary_large_image","twitter_misc":{"Est. reading time":"1 minut"},"schema":{"@context":"https:\/\/schema.org","@graph":[{"@type":"WebPage","@id":"https:\/\/espak.ee\/epood\/toode\/prussaka-spray-arox-500ml\/","url":"https:\/\/espak.ee\/epood\/toode\/prussaka-spray-arox-500ml\/","name":"PRUSSAKA SPRAY AROX 500ML - Espak E-pood","isPartOf":{"@id":"https:\/\/espak.ee\/epood\/#website"},"primaryImageOfPage":{"@id":"https:\/\/espak.ee\/epood\/toode\/prussaka-spray-arox-500ml\/#primaryimage"},"image":{"@id":"https:\/\/espak.ee\/epood\/toode\/prussaka-spray-arox-500ml\/#primaryimage"},"thumbnailUrl":"https:\/\/espak.ee\/epood\/wp-content\/uploads\/2021\/03\/product-152581_0-P0204-2.jpg","datePublished":"2021-03-17T05:01:35+00:00","dateModified":"2025-08-14T14:43:54+00:00","breadcrumb":{"@id":"https:\/\/espak.ee\/epood\/toode\/prussaka-spray-arox-500ml\/#breadcrumb"},"inLanguage":"et","potentialAction":[{"@type":"ReadAction","target":["https:\/\/espak.ee\/epood\/toode\/prussaka-spray-arox-500ml\/"]}]},{"@type":"ImageObject","inLanguage":"et","@id":"https:\/\/espak.ee\/epood\/toode\/prussaka-spray-arox-500ml\/#primaryimage","url":"https:\/\/espak.ee\/epood\/wp-content\/uploads\/2021\/03\/product-152581_0-P0204-2.jpg","contentUrl":"https:\/\/espak.ee\/epood\/wp-content\/uploads\/2021\/03\/product-152581_0-P0204-2.jpg","width":800,"height":800},{"@type":"BreadcrumbList","@id":"https:\/\/espak.ee\/epood\/toode\/prussaka-spray-arox-500ml\/#breadcrumb","itemListElement":[{"@type":"ListItem","position":1,"name":"Home","item":"https:\/\/espak.ee\/epood\/"},{"@type":"ListItem","position":2,"name":"Tootevalik","item":"https:\/\/espak.ee\/epood\/tootevalik\/"},{"@type":"ListItem","position":3,"name":"PRUSSAKA SPRAY AROX 500ML"}]},{"@type":"WebSite","@id":"https:\/\/espak.ee\/epood\/#website","url":"https:\/\/espak.ee\/epood\/","name":"Espak E-pood","description":"","potentialAction":[{"@type":"SearchAction","target":{"@type":"EntryPoint","urlTemplate":"https:\/\/espak.ee\/epood\/?s={search_term_string}"},"query-input":{"@type":"PropertyValueSpecification","valueRequired":true,"valueName":"search_term_string"}}],"inLanguage":"et"}]}},"_links":{"self":[{"href":"https:\/\/espak.ee\/epood\/wp-json\/wp\/v2\/product\/68046","targetHints":{"allow":["GET"]}}],"collection":[{"href":"https:\/\/espak.ee\/epood\/wp-json\/wp\/v2\/product"}],"about":[{"href":"https:\/\/espak.ee\/epood\/wp-json\/wp\/v2\/types\/product"}],"replies":[{"embeddable":true,"href":"https:\/\/espak.ee\/epood\/wp-json\/wp\/v2\/comments?post=68046"}],"wp:featuredmedia":[{"embeddable":true,"href":"https:\/\/espak.ee\/epood\/wp-json\/wp\/v2\/media\/150520"}],"wp:attachment":[{"href":"https:\/\/espak.ee\/epood\/wp-json\/wp\/v2\/media?parent=68046"}],"wp:term":[{"taxonomy":"product_brand","embeddable":true,"href":"https:\/\/espak.ee\/epood\/wp-json\/wp\/v2\/product_brand?post=68046"},{"taxonomy":"product_cat","embeddable":true,"href":"https:\/\/espak.ee\/epood\/wp-json\/wp\/v2\/product_cat?post=68046"},{"taxonomy":"product_tag","embeddable":true,"href":"https:\/\/espak.ee\/epood\/wp-json\/wp\/v2\/product_tag?post=68046"}],"curies":[{"name":"wp","href":"https:\/\/api.w.org\/{rel}","templated":true}]}}