{"id":68044,"date":"2021-03-17T04:58:52","date_gmt":"2021-03-17T04:58:52","guid":{"rendered":"https:\/\/espak.ee\/hinnakiri\/?post_type=product&#038;p=68044"},"modified":"2024-05-16T10:49:12","modified_gmt":"2024-05-16T07:49:12","slug":"peenravaip-horticom-100g-m2-16-x-5m-8m2","status":"publish","type":"product","link":"https:\/\/espak.ee\/epood\/toode\/peenravaip-horticom-100g-m2-16-x-5m-8m2\/","title":{"rendered":"Peenravaip Horticom 100g\/m2 1,6 x 5m 8m2"},"content":{"rendered":"<div class=\"row\"  id=\"row-134979548\">\n\n\t<div id=\"col-1404687698\" class=\"col medium-9 small-12 large-9\"  >\n\t\t\t\t<div class=\"col-inner\"  >\n\t\t\t\n\t\t\t\n<p>Peenravaip Horticom on UV kindel, vett ja \u00f5hku l\u00e4bi laskev, tihe ja tugev p\u00f5imitud pinnakattekangas, vastupidav tallamisele. Sobib kasutamiseks p\u00fcsilillepeenardes, maasika-, marjaistandikes, puukoolides, kasvuhoonetes, istutusalades jms kohtades. Peenravaiba kasutamine takistab umbrohtude levikut, aitab hoida pinnast niiskena ja istutusalades eraldada mult\u0161i kihti. Peenravaiba paigaldamise n\u00e4pun\u00e4ited: Asetada siledale, kividest jms teravatest materjalidest puhastatud pinnasele. Kinnitada pinguldatud kangas servadest pinnase v\u00f5i kinnitusharkidega. L\u00f5igata paigaldatud kangale terava noaga X-kujulised istutusavad. Korrektsel paigaldamisel peab vastu 8-10 aastat.<\/p>\n<p><strong>Kasutamine:<\/strong> Peenravaip asetada siledale ja kivivaba pinnasele, servadest tuleb kinnitada korralikult ning kangas t\u00f5mmata pingule. Istutus avade l\u00f5ikamisel tuleb kindlasti arvestada taime suurusega, taime kasvades l\u00f5igata ava suuremaks. Peenravaipa mitte kasutada pinnakattetaimede peenardes, kuna taim vajab laienemiseks kokkupuudet pinnasega.<\/p>\n\t\t<\/div>\n\t\t\t\t\t<\/div>\n\n\t\n\n\t<div id=\"col-1956339522\" class=\"col medium-3 small-12 large-3\"  >\n\t\t\t\t<div class=\"col-inner\"  >\n\t\t\t\n\t\t\t\n<p><strong>\u00dcksikasjalikuma n\u00f5u saamiseks v\u00f5tke \u00fchendust:<br \/><\/strong>Horticom O\u00dc<br \/>Looma\u0308e tee 11<br \/>Harjumaa<br \/>Tel: +372 60 11 727<\/p>\n\t\t<\/div>\n\t\t\t\t\t<\/div>\n\n\t\n<\/div>\n","protected":false},"excerpt":{"rendered":"","protected":false},"featured_media":77012,"comment_status":"closed","ping_status":"open","template":"","meta":[],"product_brand":[],"product_cat":[2789,2788,3479,3029],"product_tag":[],"class_list":{"0":"post-68044","1":"product","2":"type-product","3":"status-publish","4":"has-post-thumbnail","6":"product_cat-aiatarbed","7":"product_cat-aiatarbed-ja-kodukaubad","8":"product_cat-muruaared","9":"product_cat-piirded-ja-toed","10":"pa_kaubamark-horticom-ou","12":"first","13":"instock","14":"sale","15":"taxable","16":"shipping-taxable","17":"purchasable","18":"product-type-simple"},"yoast_head":"<!-- This site is optimized with the Yoast SEO plugin v26.9 - https:\/\/yoast.com\/product\/yoast-seo-wordpress\/ -->\n<title>Peenravaip Horticom 100g\/m2 1,6 x 5m 8m2 - Espak E-pood<\/title>\n<meta name=\"robots\" content=\"index, follow, max-snippet:-1, max-image-preview:large, max-video-preview:-1\" \/>\n<link rel=\"canonical\" href=\"https:\/\/espak.ee\/epood\/toode\/peenravaip-horticom-100g-m2-16-x-5m-8m2\/\" \/>\n<meta property=\"og:locale\" content=\"et_EE\" \/>\n<meta property=\"og:type\" content=\"article\" \/>\n<meta property=\"og:title\" content=\"Peenravaip Horticom 100g\/m2 1,6 x 5m 8m2 - Espak E-pood\" \/>\n<meta property=\"og:url\" content=\"https:\/\/espak.ee\/epood\/toode\/peenravaip-horticom-100g-m2-16-x-5m-8m2\/\" \/>\n<meta property=\"og:site_name\" content=\"Espak E-pood\" \/>\n<meta property=\"article:modified_time\" content=\"2024-05-16T07:49:12+00:00\" \/>\n<meta property=\"og:image\" content=\"https:\/\/espak.ee\/epood\/wp-content\/uploads\/2021\/04\/5907726305325.jpg\" \/>\n\t<meta property=\"og:image:width\" content=\"734\" \/>\n\t<meta property=\"og:image:height\" content=\"734\" \/>\n\t<meta property=\"og:image:type\" content=\"image\/jpeg\" \/>\n<meta name=\"twitter:card\" content=\"summary_large_image\" \/>\n<meta name=\"twitter:label1\" content=\"Est. reading time\" \/>\n\t<meta name=\"twitter:data1\" content=\"1 minut\" \/>\n<script type=\"application\/ld+json\" class=\"yoast-schema-graph\">{\"@context\":\"https:\/\/schema.org\",\"@graph\":[{\"@type\":\"WebPage\",\"@id\":\"https:\/\/espak.ee\/epood\/toode\/peenravaip-horticom-100g-m2-16-x-5m-8m2\/\",\"url\":\"https:\/\/espak.ee\/epood\/toode\/peenravaip-horticom-100g-m2-16-x-5m-8m2\/\",\"name\":\"Peenravaip Horticom 100g\/m2 1,6 x 5m 8m2 - Espak E-pood\",\"isPartOf\":{\"@id\":\"https:\/\/espak.ee\/epood\/#website\"},\"primaryImageOfPage\":{\"@id\":\"https:\/\/espak.ee\/epood\/toode\/peenravaip-horticom-100g-m2-16-x-5m-8m2\/#primaryimage\"},\"image\":{\"@id\":\"https:\/\/espak.ee\/epood\/toode\/peenravaip-horticom-100g-m2-16-x-5m-8m2\/#primaryimage\"},\"thumbnailUrl\":\"https:\/\/espak.ee\/epood\/wp-content\/uploads\/2021\/04\/5907726305325.jpg\",\"datePublished\":\"2021-03-17T04:58:52+00:00\",\"dateModified\":\"2024-05-16T07:49:12+00:00\",\"breadcrumb\":{\"@id\":\"https:\/\/espak.ee\/epood\/toode\/peenravaip-horticom-100g-m2-16-x-5m-8m2\/#breadcrumb\"},\"inLanguage\":\"et\",\"potentialAction\":[{\"@type\":\"ReadAction\",\"target\":[\"https:\/\/espak.ee\/epood\/toode\/peenravaip-horticom-100g-m2-16-x-5m-8m2\/\"]}]},{\"@type\":\"ImageObject\",\"inLanguage\":\"et\",\"@id\":\"https:\/\/espak.ee\/epood\/toode\/peenravaip-horticom-100g-m2-16-x-5m-8m2\/#primaryimage\",\"url\":\"https:\/\/espak.ee\/epood\/wp-content\/uploads\/2021\/04\/5907726305325.jpg\",\"contentUrl\":\"https:\/\/espak.ee\/epood\/wp-content\/uploads\/2021\/04\/5907726305325.jpg\",\"width\":734,\"height\":734},{\"@type\":\"BreadcrumbList\",\"@id\":\"https:\/\/espak.ee\/epood\/toode\/peenravaip-horticom-100g-m2-16-x-5m-8m2\/#breadcrumb\",\"itemListElement\":[{\"@type\":\"ListItem\",\"position\":1,\"name\":\"Home\",\"item\":\"https:\/\/espak.ee\/epood\/\"},{\"@type\":\"ListItem\",\"position\":2,\"name\":\"Tootevalik\",\"item\":\"https:\/\/espak.ee\/epood\/tootevalik\/\"},{\"@type\":\"ListItem\",\"position\":3,\"name\":\"Peenravaip Horticom 100g\/m2 1,6 x 5m 8m2\"}]},{\"@type\":\"WebSite\",\"@id\":\"https:\/\/espak.ee\/epood\/#website\",\"url\":\"https:\/\/espak.ee\/epood\/\",\"name\":\"Espak E-pood\",\"description\":\"\",\"potentialAction\":[{\"@type\":\"SearchAction\",\"target\":{\"@type\":\"EntryPoint\",\"urlTemplate\":\"https:\/\/espak.ee\/epood\/?s={search_term_string}\"},\"query-input\":{\"@type\":\"PropertyValueSpecification\",\"valueRequired\":true,\"valueName\":\"search_term_string\"}}],\"inLanguage\":\"et\"}]}<\/script>\n<!-- \/ Yoast SEO plugin. -->","yoast_head_json":{"title":"Peenravaip Horticom 100g\/m2 1,6 x 5m 8m2 - Espak E-pood","robots":{"index":"index","follow":"follow","max-snippet":"max-snippet:-1","max-image-preview":"max-image-preview:large","max-video-preview":"max-video-preview:-1"},"canonical":"https:\/\/espak.ee\/epood\/toode\/peenravaip-horticom-100g-m2-16-x-5m-8m2\/","og_locale":"et_EE","og_type":"article","og_title":"Peenravaip Horticom 100g\/m2 1,6 x 5m 8m2 - Espak E-pood","og_url":"https:\/\/espak.ee\/epood\/toode\/peenravaip-horticom-100g-m2-16-x-5m-8m2\/","og_site_name":"Espak E-pood","article_modified_time":"2024-05-16T07:49:12+00:00","og_image":[{"width":734,"height":734,"url":"https:\/\/espak.ee\/epood\/wp-content\/uploads\/2021\/04\/5907726305325.jpg","type":"image\/jpeg"}],"twitter_card":"summary_large_image","twitter_misc":{"Est. reading time":"1 minut"},"schema":{"@context":"https:\/\/schema.org","@graph":[{"@type":"WebPage","@id":"https:\/\/espak.ee\/epood\/toode\/peenravaip-horticom-100g-m2-16-x-5m-8m2\/","url":"https:\/\/espak.ee\/epood\/toode\/peenravaip-horticom-100g-m2-16-x-5m-8m2\/","name":"Peenravaip Horticom 100g\/m2 1,6 x 5m 8m2 - Espak E-pood","isPartOf":{"@id":"https:\/\/espak.ee\/epood\/#website"},"primaryImageOfPage":{"@id":"https:\/\/espak.ee\/epood\/toode\/peenravaip-horticom-100g-m2-16-x-5m-8m2\/#primaryimage"},"image":{"@id":"https:\/\/espak.ee\/epood\/toode\/peenravaip-horticom-100g-m2-16-x-5m-8m2\/#primaryimage"},"thumbnailUrl":"https:\/\/espak.ee\/epood\/wp-content\/uploads\/2021\/04\/5907726305325.jpg","datePublished":"2021-03-17T04:58:52+00:00","dateModified":"2024-05-16T07:49:12+00:00","breadcrumb":{"@id":"https:\/\/espak.ee\/epood\/toode\/peenravaip-horticom-100g-m2-16-x-5m-8m2\/#breadcrumb"},"inLanguage":"et","potentialAction":[{"@type":"ReadAction","target":["https:\/\/espak.ee\/epood\/toode\/peenravaip-horticom-100g-m2-16-x-5m-8m2\/"]}]},{"@type":"ImageObject","inLanguage":"et","@id":"https:\/\/espak.ee\/epood\/toode\/peenravaip-horticom-100g-m2-16-x-5m-8m2\/#primaryimage","url":"https:\/\/espak.ee\/epood\/wp-content\/uploads\/2021\/04\/5907726305325.jpg","contentUrl":"https:\/\/espak.ee\/epood\/wp-content\/uploads\/2021\/04\/5907726305325.jpg","width":734,"height":734},{"@type":"BreadcrumbList","@id":"https:\/\/espak.ee\/epood\/toode\/peenravaip-horticom-100g-m2-16-x-5m-8m2\/#breadcrumb","itemListElement":[{"@type":"ListItem","position":1,"name":"Home","item":"https:\/\/espak.ee\/epood\/"},{"@type":"ListItem","position":2,"name":"Tootevalik","item":"https:\/\/espak.ee\/epood\/tootevalik\/"},{"@type":"ListItem","position":3,"name":"Peenravaip Horticom 100g\/m2 1,6 x 5m 8m2"}]},{"@type":"WebSite","@id":"https:\/\/espak.ee\/epood\/#website","url":"https:\/\/espak.ee\/epood\/","name":"Espak E-pood","description":"","potentialAction":[{"@type":"SearchAction","target":{"@type":"EntryPoint","urlTemplate":"https:\/\/espak.ee\/epood\/?s={search_term_string}"},"query-input":{"@type":"PropertyValueSpecification","valueRequired":true,"valueName":"search_term_string"}}],"inLanguage":"et"}]}},"_links":{"self":[{"href":"https:\/\/espak.ee\/epood\/wp-json\/wp\/v2\/product\/68044","targetHints":{"allow":["GET"]}}],"collection":[{"href":"https:\/\/espak.ee\/epood\/wp-json\/wp\/v2\/product"}],"about":[{"href":"https:\/\/espak.ee\/epood\/wp-json\/wp\/v2\/types\/product"}],"replies":[{"embeddable":true,"href":"https:\/\/espak.ee\/epood\/wp-json\/wp\/v2\/comments?post=68044"}],"wp:featuredmedia":[{"embeddable":true,"href":"https:\/\/espak.ee\/epood\/wp-json\/wp\/v2\/media\/77012"}],"wp:attachment":[{"href":"https:\/\/espak.ee\/epood\/wp-json\/wp\/v2\/media?parent=68044"}],"wp:term":[{"taxonomy":"product_brand","embeddable":true,"href":"https:\/\/espak.ee\/epood\/wp-json\/wp\/v2\/product_brand?post=68044"},{"taxonomy":"product_cat","embeddable":true,"href":"https:\/\/espak.ee\/epood\/wp-json\/wp\/v2\/product_cat?post=68044"},{"taxonomy":"product_tag","embeddable":true,"href":"https:\/\/espak.ee\/epood\/wp-json\/wp\/v2\/product_tag?post=68044"}],"curies":[{"name":"wp","href":"https:\/\/api.w.org\/{rel}","templated":true}]}}