{"id":67914,"date":"2021-03-17T04:14:02","date_gmt":"2021-03-17T04:14:02","guid":{"rendered":"https:\/\/espak.ee\/hinnakiri\/?post_type=product&#038;p=67914"},"modified":"2024-04-02T10:27:19","modified_gmt":"2024-04-02T07:27:19","slug":"petersell-plain-leaved-2-petroselinum-crispum","status":"publish","type":"product","link":"https:\/\/espak.ee\/epood\/toode\/petersell-plain-leaved-2-petroselinum-crispum\/","title":{"rendered":"Petersell Plain Leaved 2 Petroselinum crispum"},"content":{"rendered":"<div class=\"row\"  id=\"row-1340424568\">\n\n\t<div id=\"col-327365622\" class=\"col medium-9 small-12 large-9\"  >\n\t\t\t\t<div class=\"col-inner\"  >\n\t\t\t\n\t\t\t\n<p>Petersell Plain Leaved 2  on lopsaka  lehestikuga tugevakasvuline, paljude kasutusv\u00f5imalustega maitseainetaim, v\u00f5ib kasvatada potis ja aias. Kuivatamiseks l\u00f5igata varsi siis, kui \u00f5ied on just avanenud. Varase saagi saamiseks peaksite k\u00fclvama s\u00fcgisel v\u00f5i varakevadel, k\u00fclvate mais. V\u00f5rsed ei karda ega kergeid k\u00fclmasid, see sort kasvab k\u00f5ige paremini kergete liivsavi v\u00f5i savise niiske mulla korral. Petersellilehed sisaldavad palju vitamiine ja eeterlikke \u00f5lisid, mis parandavad toidu maitset. Keskmise viljakusega t\u00fc\u00fcp.<\/p>\n\t\t<\/div>\n\t\t\t\t\t<\/div>\n\n\t\n\n\t<div id=\"col-356032204\" class=\"col medium-3 small-12 large-3\"  >\n\t\t\t\t<div class=\"col-inner\"  >\n\t\t\t\n\t\t\t\n<p><strong>\u00dcksikasjalikuma n\u00f5u saamiseks v\u00f5tke \u00fchendust:<br \/><\/strong>Horticom O\u00dc<br \/>Looma\u0308e tee 11<br \/>Harjumaa<br \/>Tel: +372 60 11 727<\/p>\n\t\t<\/div>\n\t\t\t\t\t<\/div>\n\n\t\n<\/div>\n","protected":false},"excerpt":{"rendered":"","protected":false},"featured_media":77119,"comment_status":"closed","ping_status":"open","template":"","meta":[],"product_brand":[],"product_cat":[2789,2788,3349,3346],"product_tag":[],"class_list":{"0":"post-67914","1":"product","2":"type-product","3":"status-publish","4":"has-post-thumbnail","6":"product_cat-aiatarbed","7":"product_cat-aiatarbed-ja-kodukaubad","8":"product_cat-koogiviljaseemned","9":"product_cat-seemned-ja-sibulad","10":"pa_kaubamark-horticom-ou","12":"first","13":"outofstock","14":"sale","15":"taxable","16":"shipping-taxable","17":"purchasable","18":"product-type-simple"},"yoast_head":"<!-- This site is optimized with the Yoast SEO plugin v26.9 - https:\/\/yoast.com\/product\/yoast-seo-wordpress\/ -->\n<title>Petersell Plain Leaved 2 Petroselinum crispum - Espak E-pood<\/title>\n<meta name=\"robots\" content=\"index, follow, max-snippet:-1, max-image-preview:large, max-video-preview:-1\" \/>\n<link rel=\"canonical\" href=\"https:\/\/espak.ee\/epood\/toode\/petersell-plain-leaved-2-petroselinum-crispum\/\" \/>\n<meta property=\"og:locale\" content=\"et_EE\" \/>\n<meta property=\"og:type\" content=\"article\" \/>\n<meta property=\"og:title\" content=\"Petersell Plain Leaved 2 Petroselinum crispum - Espak E-pood\" \/>\n<meta property=\"og:url\" content=\"https:\/\/espak.ee\/epood\/toode\/petersell-plain-leaved-2-petroselinum-crispum\/\" \/>\n<meta property=\"og:site_name\" content=\"Espak E-pood\" \/>\n<meta property=\"article:modified_time\" content=\"2024-04-02T07:27:19+00:00\" \/>\n<meta property=\"og:image\" content=\"https:\/\/espak.ee\/epood\/wp-content\/uploads\/2021\/04\/4743153004377.jpg\" \/>\n\t<meta property=\"og:image:width\" content=\"1050\" \/>\n\t<meta property=\"og:image:height\" content=\"1050\" \/>\n\t<meta property=\"og:image:type\" content=\"image\/jpeg\" \/>\n<meta name=\"twitter:card\" content=\"summary_large_image\" \/>\n<meta name=\"twitter:label1\" content=\"Est. reading time\" \/>\n\t<meta name=\"twitter:data1\" content=\"1 minut\" \/>\n<script type=\"application\/ld+json\" class=\"yoast-schema-graph\">{\"@context\":\"https:\/\/schema.org\",\"@graph\":[{\"@type\":\"WebPage\",\"@id\":\"https:\/\/espak.ee\/epood\/toode\/petersell-plain-leaved-2-petroselinum-crispum\/\",\"url\":\"https:\/\/espak.ee\/epood\/toode\/petersell-plain-leaved-2-petroselinum-crispum\/\",\"name\":\"Petersell Plain Leaved 2 Petroselinum crispum - Espak E-pood\",\"isPartOf\":{\"@id\":\"https:\/\/espak.ee\/epood\/#website\"},\"primaryImageOfPage\":{\"@id\":\"https:\/\/espak.ee\/epood\/toode\/petersell-plain-leaved-2-petroselinum-crispum\/#primaryimage\"},\"image\":{\"@id\":\"https:\/\/espak.ee\/epood\/toode\/petersell-plain-leaved-2-petroselinum-crispum\/#primaryimage\"},\"thumbnailUrl\":\"https:\/\/espak.ee\/epood\/wp-content\/uploads\/2021\/04\/4743153004377.jpg\",\"datePublished\":\"2021-03-17T04:14:02+00:00\",\"dateModified\":\"2024-04-02T07:27:19+00:00\",\"breadcrumb\":{\"@id\":\"https:\/\/espak.ee\/epood\/toode\/petersell-plain-leaved-2-petroselinum-crispum\/#breadcrumb\"},\"inLanguage\":\"et\",\"potentialAction\":[{\"@type\":\"ReadAction\",\"target\":[\"https:\/\/espak.ee\/epood\/toode\/petersell-plain-leaved-2-petroselinum-crispum\/\"]}]},{\"@type\":\"ImageObject\",\"inLanguage\":\"et\",\"@id\":\"https:\/\/espak.ee\/epood\/toode\/petersell-plain-leaved-2-petroselinum-crispum\/#primaryimage\",\"url\":\"https:\/\/espak.ee\/epood\/wp-content\/uploads\/2021\/04\/4743153004377.jpg\",\"contentUrl\":\"https:\/\/espak.ee\/epood\/wp-content\/uploads\/2021\/04\/4743153004377.jpg\",\"width\":1050,\"height\":1050},{\"@type\":\"BreadcrumbList\",\"@id\":\"https:\/\/espak.ee\/epood\/toode\/petersell-plain-leaved-2-petroselinum-crispum\/#breadcrumb\",\"itemListElement\":[{\"@type\":\"ListItem\",\"position\":1,\"name\":\"Home\",\"item\":\"https:\/\/espak.ee\/epood\/\"},{\"@type\":\"ListItem\",\"position\":2,\"name\":\"Tootevalik\",\"item\":\"https:\/\/espak.ee\/epood\/tootevalik\/\"},{\"@type\":\"ListItem\",\"position\":3,\"name\":\"Petersell Plain Leaved 2 Petroselinum crispum\"}]},{\"@type\":\"WebSite\",\"@id\":\"https:\/\/espak.ee\/epood\/#website\",\"url\":\"https:\/\/espak.ee\/epood\/\",\"name\":\"Espak E-pood\",\"description\":\"\",\"potentialAction\":[{\"@type\":\"SearchAction\",\"target\":{\"@type\":\"EntryPoint\",\"urlTemplate\":\"https:\/\/espak.ee\/epood\/?s={search_term_string}\"},\"query-input\":{\"@type\":\"PropertyValueSpecification\",\"valueRequired\":true,\"valueName\":\"search_term_string\"}}],\"inLanguage\":\"et\"}]}<\/script>\n<!-- \/ Yoast SEO plugin. -->","yoast_head_json":{"title":"Petersell Plain Leaved 2 Petroselinum crispum - Espak E-pood","robots":{"index":"index","follow":"follow","max-snippet":"max-snippet:-1","max-image-preview":"max-image-preview:large","max-video-preview":"max-video-preview:-1"},"canonical":"https:\/\/espak.ee\/epood\/toode\/petersell-plain-leaved-2-petroselinum-crispum\/","og_locale":"et_EE","og_type":"article","og_title":"Petersell Plain Leaved 2 Petroselinum crispum - Espak E-pood","og_url":"https:\/\/espak.ee\/epood\/toode\/petersell-plain-leaved-2-petroselinum-crispum\/","og_site_name":"Espak E-pood","article_modified_time":"2024-04-02T07:27:19+00:00","og_image":[{"width":1050,"height":1050,"url":"https:\/\/espak.ee\/epood\/wp-content\/uploads\/2021\/04\/4743153004377.jpg","type":"image\/jpeg"}],"twitter_card":"summary_large_image","twitter_misc":{"Est. reading time":"1 minut"},"schema":{"@context":"https:\/\/schema.org","@graph":[{"@type":"WebPage","@id":"https:\/\/espak.ee\/epood\/toode\/petersell-plain-leaved-2-petroselinum-crispum\/","url":"https:\/\/espak.ee\/epood\/toode\/petersell-plain-leaved-2-petroselinum-crispum\/","name":"Petersell Plain Leaved 2 Petroselinum crispum - Espak E-pood","isPartOf":{"@id":"https:\/\/espak.ee\/epood\/#website"},"primaryImageOfPage":{"@id":"https:\/\/espak.ee\/epood\/toode\/petersell-plain-leaved-2-petroselinum-crispum\/#primaryimage"},"image":{"@id":"https:\/\/espak.ee\/epood\/toode\/petersell-plain-leaved-2-petroselinum-crispum\/#primaryimage"},"thumbnailUrl":"https:\/\/espak.ee\/epood\/wp-content\/uploads\/2021\/04\/4743153004377.jpg","datePublished":"2021-03-17T04:14:02+00:00","dateModified":"2024-04-02T07:27:19+00:00","breadcrumb":{"@id":"https:\/\/espak.ee\/epood\/toode\/petersell-plain-leaved-2-petroselinum-crispum\/#breadcrumb"},"inLanguage":"et","potentialAction":[{"@type":"ReadAction","target":["https:\/\/espak.ee\/epood\/toode\/petersell-plain-leaved-2-petroselinum-crispum\/"]}]},{"@type":"ImageObject","inLanguage":"et","@id":"https:\/\/espak.ee\/epood\/toode\/petersell-plain-leaved-2-petroselinum-crispum\/#primaryimage","url":"https:\/\/espak.ee\/epood\/wp-content\/uploads\/2021\/04\/4743153004377.jpg","contentUrl":"https:\/\/espak.ee\/epood\/wp-content\/uploads\/2021\/04\/4743153004377.jpg","width":1050,"height":1050},{"@type":"BreadcrumbList","@id":"https:\/\/espak.ee\/epood\/toode\/petersell-plain-leaved-2-petroselinum-crispum\/#breadcrumb","itemListElement":[{"@type":"ListItem","position":1,"name":"Home","item":"https:\/\/espak.ee\/epood\/"},{"@type":"ListItem","position":2,"name":"Tootevalik","item":"https:\/\/espak.ee\/epood\/tootevalik\/"},{"@type":"ListItem","position":3,"name":"Petersell Plain Leaved 2 Petroselinum crispum"}]},{"@type":"WebSite","@id":"https:\/\/espak.ee\/epood\/#website","url":"https:\/\/espak.ee\/epood\/","name":"Espak E-pood","description":"","potentialAction":[{"@type":"SearchAction","target":{"@type":"EntryPoint","urlTemplate":"https:\/\/espak.ee\/epood\/?s={search_term_string}"},"query-input":{"@type":"PropertyValueSpecification","valueRequired":true,"valueName":"search_term_string"}}],"inLanguage":"et"}]}},"_links":{"self":[{"href":"https:\/\/espak.ee\/epood\/wp-json\/wp\/v2\/product\/67914","targetHints":{"allow":["GET"]}}],"collection":[{"href":"https:\/\/espak.ee\/epood\/wp-json\/wp\/v2\/product"}],"about":[{"href":"https:\/\/espak.ee\/epood\/wp-json\/wp\/v2\/types\/product"}],"replies":[{"embeddable":true,"href":"https:\/\/espak.ee\/epood\/wp-json\/wp\/v2\/comments?post=67914"}],"wp:featuredmedia":[{"embeddable":true,"href":"https:\/\/espak.ee\/epood\/wp-json\/wp\/v2\/media\/77119"}],"wp:attachment":[{"href":"https:\/\/espak.ee\/epood\/wp-json\/wp\/v2\/media?parent=67914"}],"wp:term":[{"taxonomy":"product_brand","embeddable":true,"href":"https:\/\/espak.ee\/epood\/wp-json\/wp\/v2\/product_brand?post=67914"},{"taxonomy":"product_cat","embeddable":true,"href":"https:\/\/espak.ee\/epood\/wp-json\/wp\/v2\/product_cat?post=67914"},{"taxonomy":"product_tag","embeddable":true,"href":"https:\/\/espak.ee\/epood\/wp-json\/wp\/v2\/product_tag?post=67914"}],"curies":[{"name":"wp","href":"https:\/\/api.w.org\/{rel}","templated":true}]}}