{"id":67794,"date":"2021-03-17T03:58:49","date_gmt":"2021-03-17T03:58:49","guid":{"rendered":"https:\/\/espak.ee\/hinnakiri\/?post_type=product&#038;p=67794"},"modified":"2024-03-23T13:56:23","modified_gmt":"2024-03-23T11:56:23","slug":"geotekstiil-5-x-10m-50m2-tihedus-90g-m2","status":"publish","type":"product","link":"https:\/\/espak.ee\/epood\/toode\/geotekstiil-5-x-10m-50m2-tihedus-90g-m2\/","title":{"rendered":"Geotekstiil 5 x 10m 50m2 tihedus 90g\/m2"},"content":{"rendered":"<div class=\"row\"  id=\"row-920675731\">\n\n\t<div id=\"col-1789596654\" class=\"col medium-9 small-12 large-9\"  >\n\t\t\t\t<div class=\"col-inner\"  >\n\t\t\t\n\t\t\t\n<p>Geotekstiil, filterkangas on pol\u00fcprop\u00fcleenkiududest valmistatud kiudkangas, mida kasutatakse nii haljastuses, kui teedeehitusel pinnase tugevdamiseks, k\u00fclmakaitseks ja umbrohu t\u00f5kestamiseks. Kangas on viltjas, vett l\u00e4bilaskev ja keemiliselt neutraalne ning vastupidav maapinnas esinevate hapete ning aluste suhtes. Kaal 90 gr\/ m\u00b2.<br \/>\nFilterkangas eraldab erinevd mullakihid \u00fcksteisest, takistab nende segunemist, tugevdab struktuuri ja t\u00f5kestab k\u00fclmunud maapinnast tulenevaid kahjustusi. Filterkanga kasutamine s\u00e4\u00e4stab kulutusi, kuna mulla parandamiseks kulutatakse v\u00e4hem materjali ja aega ning hooldamine on lihtsam. Erosiooniohu korral kaitseb filterkangas erodeeruva kihi alla asetatuna selle kihi kadumist voolava vee, n\u00e4iteks sademete m\u00f5jul, samuti tugevdab varisemisohtlikke piirkondi. Filterkangas laseb l\u00e4bi vett ja \u00f5hku, hoiab lahus maapinna- ja ehituskihid, filtreerib sademeid ning takistab mittevajaliku pinnasekihi sattumist ehituslikku kihti.<br \/>\nFilterkanga kasutamine on p\u00f5him\u00f5tteliselt \u00fchekordne. Kasutusala on v\u00e4ga lai ning selle abil saad \u00f5ue ja aiamaa korrektsemaks muuta, kui kasutada seda:<br \/>\n\u2022 Alusmaterjalina t\u00e4navakividest teedel ja terrassidel<br \/>\n\u2022 Alusmaterjalina liiva ja kruusateedel<br \/>\n\u2022 Drenaa\u017e-t\u00f6\u00f6del<br \/>\n\u2022 Pinnase kaitsena kalletel<br \/>\n\u2022 Liivaste alade viljakamaks muutmisel<br \/>\n\u2022 Liivakastide vooderdamisel<br \/>\n\u2022 Istutuskastide vooderdamisel<br \/>\n\u2022 Veesilmade ja basseinide alusmaterjalina<br \/>\n\u2022 M\u00e4nguv\u00e4ljakute kuivendus- ja tugevdusmaterjalina<br \/>\n\u2022 Katmismaterjalina nii \u00f5ues, kui autos<\/p>\n\t\t<\/div>\n\t\t\t\t\t<\/div>\n\n\t\n\n\t<div id=\"col-701639709\" class=\"col medium-3 small-12 large-3\"  >\n\t\t\t\t<div class=\"col-inner\"  >\n\t\t\t\n\t\t\t\n<p><strong>\u00dcksikasjalikuma n\u00f5u saamiseks v\u00f5tke \u00fchendust:<br \/><\/strong>Horticom O\u00dc<br \/>Looma\u0308e tee 11<br \/>Harjumaa<br \/>Tel: +372 60 11 727<\/p>\n\t\t<\/div>\n\t\t\t\t\t<\/div>\n\n\t\n<\/div>\n","protected":false},"excerpt":{"rendered":"","protected":false},"featured_media":76690,"comment_status":"closed","ping_status":"open","template":"","meta":[],"product_brand":[],"product_cat":[2789,2788,3467,3343],"product_tag":[],"class_list":{"0":"post-67794","1":"product","2":"type-product","3":"status-publish","4":"has-post-thumbnail","6":"product_cat-aiatarbed","7":"product_cat-aiatarbed-ja-kodukaubad","8":"product_cat-filterkangad","9":"product_cat-kiled-ja-kattekangad","10":"pa_kaubamark-horticom-ou","12":"first","13":"instock","14":"sale","15":"taxable","16":"shipping-taxable","17":"purchasable","18":"product-type-simple"},"yoast_head":"<!-- This site is optimized with the Yoast SEO plugin v26.9 - https:\/\/yoast.com\/product\/yoast-seo-wordpress\/ -->\n<title>Geotekstiil 5 x 10m 50m2 tihedus 90g\/m2 - Espak E-pood<\/title>\n<meta name=\"robots\" content=\"index, follow, max-snippet:-1, max-image-preview:large, max-video-preview:-1\" \/>\n<link rel=\"canonical\" href=\"https:\/\/espak.ee\/epood\/toode\/geotekstiil-5-x-10m-50m2-tihedus-90g-m2\/\" \/>\n<meta property=\"og:locale\" content=\"et_EE\" \/>\n<meta property=\"og:type\" content=\"article\" \/>\n<meta property=\"og:title\" content=\"Geotekstiil 5 x 10m 50m2 tihedus 90g\/m2 - Espak E-pood\" \/>\n<meta property=\"og:url\" content=\"https:\/\/espak.ee\/epood\/toode\/geotekstiil-5-x-10m-50m2-tihedus-90g-m2\/\" \/>\n<meta property=\"og:site_name\" content=\"Espak E-pood\" \/>\n<meta property=\"article:modified_time\" content=\"2024-03-23T11:56:23+00:00\" \/>\n<meta property=\"og:image\" content=\"https:\/\/espak.ee\/epood\/wp-content\/uploads\/2021\/04\/6415158551085.jpg\" \/>\n\t<meta property=\"og:image:width\" content=\"600\" \/>\n\t<meta property=\"og:image:height\" content=\"600\" \/>\n\t<meta property=\"og:image:type\" content=\"image\/jpeg\" \/>\n<meta name=\"twitter:card\" content=\"summary_large_image\" \/>\n<meta name=\"twitter:label1\" content=\"Est. reading time\" \/>\n\t<meta name=\"twitter:data1\" content=\"1 minut\" \/>\n<script type=\"application\/ld+json\" class=\"yoast-schema-graph\">{\"@context\":\"https:\/\/schema.org\",\"@graph\":[{\"@type\":\"WebPage\",\"@id\":\"https:\/\/espak.ee\/epood\/toode\/geotekstiil-5-x-10m-50m2-tihedus-90g-m2\/\",\"url\":\"https:\/\/espak.ee\/epood\/toode\/geotekstiil-5-x-10m-50m2-tihedus-90g-m2\/\",\"name\":\"Geotekstiil 5 x 10m 50m2 tihedus 90g\/m2 - Espak E-pood\",\"isPartOf\":{\"@id\":\"https:\/\/espak.ee\/epood\/#website\"},\"primaryImageOfPage\":{\"@id\":\"https:\/\/espak.ee\/epood\/toode\/geotekstiil-5-x-10m-50m2-tihedus-90g-m2\/#primaryimage\"},\"image\":{\"@id\":\"https:\/\/espak.ee\/epood\/toode\/geotekstiil-5-x-10m-50m2-tihedus-90g-m2\/#primaryimage\"},\"thumbnailUrl\":\"https:\/\/espak.ee\/epood\/wp-content\/uploads\/2021\/04\/6415158551085.jpg\",\"datePublished\":\"2021-03-17T03:58:49+00:00\",\"dateModified\":\"2024-03-23T11:56:23+00:00\",\"breadcrumb\":{\"@id\":\"https:\/\/espak.ee\/epood\/toode\/geotekstiil-5-x-10m-50m2-tihedus-90g-m2\/#breadcrumb\"},\"inLanguage\":\"et\",\"potentialAction\":[{\"@type\":\"ReadAction\",\"target\":[\"https:\/\/espak.ee\/epood\/toode\/geotekstiil-5-x-10m-50m2-tihedus-90g-m2\/\"]}]},{\"@type\":\"ImageObject\",\"inLanguage\":\"et\",\"@id\":\"https:\/\/espak.ee\/epood\/toode\/geotekstiil-5-x-10m-50m2-tihedus-90g-m2\/#primaryimage\",\"url\":\"https:\/\/espak.ee\/epood\/wp-content\/uploads\/2021\/04\/6415158551085.jpg\",\"contentUrl\":\"https:\/\/espak.ee\/epood\/wp-content\/uploads\/2021\/04\/6415158551085.jpg\",\"width\":600,\"height\":600},{\"@type\":\"BreadcrumbList\",\"@id\":\"https:\/\/espak.ee\/epood\/toode\/geotekstiil-5-x-10m-50m2-tihedus-90g-m2\/#breadcrumb\",\"itemListElement\":[{\"@type\":\"ListItem\",\"position\":1,\"name\":\"Home\",\"item\":\"https:\/\/espak.ee\/epood\/\"},{\"@type\":\"ListItem\",\"position\":2,\"name\":\"Tootevalik\",\"item\":\"https:\/\/espak.ee\/epood\/tootevalik\/\"},{\"@type\":\"ListItem\",\"position\":3,\"name\":\"Geotekstiil 5 x 10m 50m2 tihedus 90g\/m2\"}]},{\"@type\":\"WebSite\",\"@id\":\"https:\/\/espak.ee\/epood\/#website\",\"url\":\"https:\/\/espak.ee\/epood\/\",\"name\":\"Espak E-pood\",\"description\":\"\",\"potentialAction\":[{\"@type\":\"SearchAction\",\"target\":{\"@type\":\"EntryPoint\",\"urlTemplate\":\"https:\/\/espak.ee\/epood\/?s={search_term_string}\"},\"query-input\":{\"@type\":\"PropertyValueSpecification\",\"valueRequired\":true,\"valueName\":\"search_term_string\"}}],\"inLanguage\":\"et\"}]}<\/script>\n<!-- \/ Yoast SEO plugin. -->","yoast_head_json":{"title":"Geotekstiil 5 x 10m 50m2 tihedus 90g\/m2 - Espak E-pood","robots":{"index":"index","follow":"follow","max-snippet":"max-snippet:-1","max-image-preview":"max-image-preview:large","max-video-preview":"max-video-preview:-1"},"canonical":"https:\/\/espak.ee\/epood\/toode\/geotekstiil-5-x-10m-50m2-tihedus-90g-m2\/","og_locale":"et_EE","og_type":"article","og_title":"Geotekstiil 5 x 10m 50m2 tihedus 90g\/m2 - Espak E-pood","og_url":"https:\/\/espak.ee\/epood\/toode\/geotekstiil-5-x-10m-50m2-tihedus-90g-m2\/","og_site_name":"Espak E-pood","article_modified_time":"2024-03-23T11:56:23+00:00","og_image":[{"width":600,"height":600,"url":"https:\/\/espak.ee\/epood\/wp-content\/uploads\/2021\/04\/6415158551085.jpg","type":"image\/jpeg"}],"twitter_card":"summary_large_image","twitter_misc":{"Est. reading time":"1 minut"},"schema":{"@context":"https:\/\/schema.org","@graph":[{"@type":"WebPage","@id":"https:\/\/espak.ee\/epood\/toode\/geotekstiil-5-x-10m-50m2-tihedus-90g-m2\/","url":"https:\/\/espak.ee\/epood\/toode\/geotekstiil-5-x-10m-50m2-tihedus-90g-m2\/","name":"Geotekstiil 5 x 10m 50m2 tihedus 90g\/m2 - Espak E-pood","isPartOf":{"@id":"https:\/\/espak.ee\/epood\/#website"},"primaryImageOfPage":{"@id":"https:\/\/espak.ee\/epood\/toode\/geotekstiil-5-x-10m-50m2-tihedus-90g-m2\/#primaryimage"},"image":{"@id":"https:\/\/espak.ee\/epood\/toode\/geotekstiil-5-x-10m-50m2-tihedus-90g-m2\/#primaryimage"},"thumbnailUrl":"https:\/\/espak.ee\/epood\/wp-content\/uploads\/2021\/04\/6415158551085.jpg","datePublished":"2021-03-17T03:58:49+00:00","dateModified":"2024-03-23T11:56:23+00:00","breadcrumb":{"@id":"https:\/\/espak.ee\/epood\/toode\/geotekstiil-5-x-10m-50m2-tihedus-90g-m2\/#breadcrumb"},"inLanguage":"et","potentialAction":[{"@type":"ReadAction","target":["https:\/\/espak.ee\/epood\/toode\/geotekstiil-5-x-10m-50m2-tihedus-90g-m2\/"]}]},{"@type":"ImageObject","inLanguage":"et","@id":"https:\/\/espak.ee\/epood\/toode\/geotekstiil-5-x-10m-50m2-tihedus-90g-m2\/#primaryimage","url":"https:\/\/espak.ee\/epood\/wp-content\/uploads\/2021\/04\/6415158551085.jpg","contentUrl":"https:\/\/espak.ee\/epood\/wp-content\/uploads\/2021\/04\/6415158551085.jpg","width":600,"height":600},{"@type":"BreadcrumbList","@id":"https:\/\/espak.ee\/epood\/toode\/geotekstiil-5-x-10m-50m2-tihedus-90g-m2\/#breadcrumb","itemListElement":[{"@type":"ListItem","position":1,"name":"Home","item":"https:\/\/espak.ee\/epood\/"},{"@type":"ListItem","position":2,"name":"Tootevalik","item":"https:\/\/espak.ee\/epood\/tootevalik\/"},{"@type":"ListItem","position":3,"name":"Geotekstiil 5 x 10m 50m2 tihedus 90g\/m2"}]},{"@type":"WebSite","@id":"https:\/\/espak.ee\/epood\/#website","url":"https:\/\/espak.ee\/epood\/","name":"Espak E-pood","description":"","potentialAction":[{"@type":"SearchAction","target":{"@type":"EntryPoint","urlTemplate":"https:\/\/espak.ee\/epood\/?s={search_term_string}"},"query-input":{"@type":"PropertyValueSpecification","valueRequired":true,"valueName":"search_term_string"}}],"inLanguage":"et"}]}},"_links":{"self":[{"href":"https:\/\/espak.ee\/epood\/wp-json\/wp\/v2\/product\/67794","targetHints":{"allow":["GET"]}}],"collection":[{"href":"https:\/\/espak.ee\/epood\/wp-json\/wp\/v2\/product"}],"about":[{"href":"https:\/\/espak.ee\/epood\/wp-json\/wp\/v2\/types\/product"}],"replies":[{"embeddable":true,"href":"https:\/\/espak.ee\/epood\/wp-json\/wp\/v2\/comments?post=67794"}],"wp:featuredmedia":[{"embeddable":true,"href":"https:\/\/espak.ee\/epood\/wp-json\/wp\/v2\/media\/76690"}],"wp:attachment":[{"href":"https:\/\/espak.ee\/epood\/wp-json\/wp\/v2\/media?parent=67794"}],"wp:term":[{"taxonomy":"product_brand","embeddable":true,"href":"https:\/\/espak.ee\/epood\/wp-json\/wp\/v2\/product_brand?post=67794"},{"taxonomy":"product_cat","embeddable":true,"href":"https:\/\/espak.ee\/epood\/wp-json\/wp\/v2\/product_cat?post=67794"},{"taxonomy":"product_tag","embeddable":true,"href":"https:\/\/espak.ee\/epood\/wp-json\/wp\/v2\/product_tag?post=67794"}],"curies":[{"name":"wp","href":"https:\/\/api.w.org\/{rel}","templated":true}]}}