{"id":67793,"date":"2021-03-17T03:58:49","date_gmt":"2021-03-17T03:58:49","guid":{"rendered":"https:\/\/espak.ee\/hinnakiri\/?post_type=product&#038;p=67793"},"modified":"2024-03-23T13:55:53","modified_gmt":"2024-03-23T11:55:53","slug":"basseinikile-pvc-05mm-4-x-6m","status":"publish","type":"product","link":"https:\/\/espak.ee\/epood\/toode\/basseinikile-pvc-05mm-4-x-6m\/","title":{"rendered":"Basseinikile PVC 0,5mm 4 x 6m"},"content":{"rendered":"<div class=\"row\"  id=\"row-1973443364\">\n\n\t<div id=\"col-1686871985\" class=\"col medium-9 small-12 large-9\"  >\n\t\t\t\t<div class=\"col-inner\"  >\n\t\t\t\n\t\t\t\n<p>Basseinikile PVC on UV ja k\u00fclmakindel kvaliteetne tiigikile. Kilet soovitavalt paigaldada +15 kraadi juures. Tootel on garantii 10 aastat ja kui kasutada koos aluskattega siis garantii 20 aastat.<\/p>\n<p><strong>Kasutamine:<\/strong> Tiigis\u00fcvendisse tuleb asetada kilet\u00fckid ja omavahel kinni liimida.<\/p>\n\t\t<\/div>\n\t\t\t\t\t<\/div>\n\n\t\n\n\t<div id=\"col-161489730\" class=\"col medium-3 small-12 large-3\"  >\n\t\t\t\t<div class=\"col-inner\"  >\n\t\t\t\n\t\t\t\n<p><strong>\u00dcksikasjalikuma n\u00f5u saamiseks v\u00f5tke \u00fchendust:<br \/><\/strong>Horticom O\u00dc<br \/>Looma\u0308e tee 11<br \/>Harjumaa<br \/>Tel: +372 60 11 727<\/p>\n\t\t<\/div>\n\t\t\t\t\t<\/div>\n\n\t\n<\/div>\n","protected":false},"excerpt":{"rendered":"","protected":false},"featured_media":76869,"comment_status":"closed","ping_status":"open","template":"","meta":[],"product_brand":[],"product_cat":[2789,2788,3343,4763],"product_tag":[],"class_list":{"0":"post-67793","1":"product","2":"type-product","3":"status-publish","4":"has-post-thumbnail","6":"product_cat-aiatarbed","7":"product_cat-aiatarbed-ja-kodukaubad","8":"product_cat-kiled-ja-kattekangad","9":"product_cat-uv-kiled","10":"pa_kaubamark-horticom-ou","12":"first","13":"outofstock","14":"sale","15":"taxable","16":"shipping-taxable","17":"purchasable","18":"product-type-simple"},"yoast_head":"<!-- This site is optimized with the Yoast SEO plugin v26.9 - https:\/\/yoast.com\/product\/yoast-seo-wordpress\/ -->\n<title>Basseinikile PVC 0,5mm 4 x 6m - Espak E-pood<\/title>\n<meta name=\"robots\" content=\"index, follow, max-snippet:-1, max-image-preview:large, max-video-preview:-1\" \/>\n<link rel=\"canonical\" href=\"https:\/\/espak.ee\/epood\/toode\/basseinikile-pvc-05mm-4-x-6m\/\" \/>\n<meta property=\"og:locale\" content=\"et_EE\" \/>\n<meta property=\"og:type\" content=\"article\" \/>\n<meta property=\"og:title\" content=\"Basseinikile PVC 0,5mm 4 x 6m - Espak E-pood\" \/>\n<meta property=\"og:url\" content=\"https:\/\/espak.ee\/epood\/toode\/basseinikile-pvc-05mm-4-x-6m\/\" \/>\n<meta property=\"og:site_name\" content=\"Espak E-pood\" \/>\n<meta property=\"article:modified_time\" content=\"2024-03-23T11:55:53+00:00\" \/>\n<meta property=\"og:image\" content=\"https:\/\/espak.ee\/epood\/wp-content\/uploads\/2021\/04\/4006873174257.jpg\" \/>\n\t<meta property=\"og:image:width\" content=\"710\" \/>\n\t<meta property=\"og:image:height\" content=\"710\" \/>\n\t<meta property=\"og:image:type\" content=\"image\/jpeg\" \/>\n<meta name=\"twitter:card\" content=\"summary_large_image\" \/>\n<script type=\"application\/ld+json\" class=\"yoast-schema-graph\">{\"@context\":\"https:\/\/schema.org\",\"@graph\":[{\"@type\":\"WebPage\",\"@id\":\"https:\/\/espak.ee\/epood\/toode\/basseinikile-pvc-05mm-4-x-6m\/\",\"url\":\"https:\/\/espak.ee\/epood\/toode\/basseinikile-pvc-05mm-4-x-6m\/\",\"name\":\"Basseinikile PVC 0,5mm 4 x 6m - Espak E-pood\",\"isPartOf\":{\"@id\":\"https:\/\/espak.ee\/epood\/#website\"},\"primaryImageOfPage\":{\"@id\":\"https:\/\/espak.ee\/epood\/toode\/basseinikile-pvc-05mm-4-x-6m\/#primaryimage\"},\"image\":{\"@id\":\"https:\/\/espak.ee\/epood\/toode\/basseinikile-pvc-05mm-4-x-6m\/#primaryimage\"},\"thumbnailUrl\":\"https:\/\/espak.ee\/epood\/wp-content\/uploads\/2021\/04\/4006873174257.jpg\",\"datePublished\":\"2021-03-17T03:58:49+00:00\",\"dateModified\":\"2024-03-23T11:55:53+00:00\",\"breadcrumb\":{\"@id\":\"https:\/\/espak.ee\/epood\/toode\/basseinikile-pvc-05mm-4-x-6m\/#breadcrumb\"},\"inLanguage\":\"et\",\"potentialAction\":[{\"@type\":\"ReadAction\",\"target\":[\"https:\/\/espak.ee\/epood\/toode\/basseinikile-pvc-05mm-4-x-6m\/\"]}]},{\"@type\":\"ImageObject\",\"inLanguage\":\"et\",\"@id\":\"https:\/\/espak.ee\/epood\/toode\/basseinikile-pvc-05mm-4-x-6m\/#primaryimage\",\"url\":\"https:\/\/espak.ee\/epood\/wp-content\/uploads\/2021\/04\/4006873174257.jpg\",\"contentUrl\":\"https:\/\/espak.ee\/epood\/wp-content\/uploads\/2021\/04\/4006873174257.jpg\",\"width\":710,\"height\":710},{\"@type\":\"BreadcrumbList\",\"@id\":\"https:\/\/espak.ee\/epood\/toode\/basseinikile-pvc-05mm-4-x-6m\/#breadcrumb\",\"itemListElement\":[{\"@type\":\"ListItem\",\"position\":1,\"name\":\"Home\",\"item\":\"https:\/\/espak.ee\/epood\/\"},{\"@type\":\"ListItem\",\"position\":2,\"name\":\"Tootevalik\",\"item\":\"https:\/\/espak.ee\/epood\/tootevalik\/\"},{\"@type\":\"ListItem\",\"position\":3,\"name\":\"Basseinikile PVC 0,5mm 4 x 6m\"}]},{\"@type\":\"WebSite\",\"@id\":\"https:\/\/espak.ee\/epood\/#website\",\"url\":\"https:\/\/espak.ee\/epood\/\",\"name\":\"Espak E-pood\",\"description\":\"\",\"potentialAction\":[{\"@type\":\"SearchAction\",\"target\":{\"@type\":\"EntryPoint\",\"urlTemplate\":\"https:\/\/espak.ee\/epood\/?s={search_term_string}\"},\"query-input\":{\"@type\":\"PropertyValueSpecification\",\"valueRequired\":true,\"valueName\":\"search_term_string\"}}],\"inLanguage\":\"et\"}]}<\/script>\n<!-- \/ Yoast SEO plugin. -->","yoast_head_json":{"title":"Basseinikile PVC 0,5mm 4 x 6m - Espak E-pood","robots":{"index":"index","follow":"follow","max-snippet":"max-snippet:-1","max-image-preview":"max-image-preview:large","max-video-preview":"max-video-preview:-1"},"canonical":"https:\/\/espak.ee\/epood\/toode\/basseinikile-pvc-05mm-4-x-6m\/","og_locale":"et_EE","og_type":"article","og_title":"Basseinikile PVC 0,5mm 4 x 6m - Espak E-pood","og_url":"https:\/\/espak.ee\/epood\/toode\/basseinikile-pvc-05mm-4-x-6m\/","og_site_name":"Espak E-pood","article_modified_time":"2024-03-23T11:55:53+00:00","og_image":[{"width":710,"height":710,"url":"https:\/\/espak.ee\/epood\/wp-content\/uploads\/2021\/04\/4006873174257.jpg","type":"image\/jpeg"}],"twitter_card":"summary_large_image","schema":{"@context":"https:\/\/schema.org","@graph":[{"@type":"WebPage","@id":"https:\/\/espak.ee\/epood\/toode\/basseinikile-pvc-05mm-4-x-6m\/","url":"https:\/\/espak.ee\/epood\/toode\/basseinikile-pvc-05mm-4-x-6m\/","name":"Basseinikile PVC 0,5mm 4 x 6m - Espak E-pood","isPartOf":{"@id":"https:\/\/espak.ee\/epood\/#website"},"primaryImageOfPage":{"@id":"https:\/\/espak.ee\/epood\/toode\/basseinikile-pvc-05mm-4-x-6m\/#primaryimage"},"image":{"@id":"https:\/\/espak.ee\/epood\/toode\/basseinikile-pvc-05mm-4-x-6m\/#primaryimage"},"thumbnailUrl":"https:\/\/espak.ee\/epood\/wp-content\/uploads\/2021\/04\/4006873174257.jpg","datePublished":"2021-03-17T03:58:49+00:00","dateModified":"2024-03-23T11:55:53+00:00","breadcrumb":{"@id":"https:\/\/espak.ee\/epood\/toode\/basseinikile-pvc-05mm-4-x-6m\/#breadcrumb"},"inLanguage":"et","potentialAction":[{"@type":"ReadAction","target":["https:\/\/espak.ee\/epood\/toode\/basseinikile-pvc-05mm-4-x-6m\/"]}]},{"@type":"ImageObject","inLanguage":"et","@id":"https:\/\/espak.ee\/epood\/toode\/basseinikile-pvc-05mm-4-x-6m\/#primaryimage","url":"https:\/\/espak.ee\/epood\/wp-content\/uploads\/2021\/04\/4006873174257.jpg","contentUrl":"https:\/\/espak.ee\/epood\/wp-content\/uploads\/2021\/04\/4006873174257.jpg","width":710,"height":710},{"@type":"BreadcrumbList","@id":"https:\/\/espak.ee\/epood\/toode\/basseinikile-pvc-05mm-4-x-6m\/#breadcrumb","itemListElement":[{"@type":"ListItem","position":1,"name":"Home","item":"https:\/\/espak.ee\/epood\/"},{"@type":"ListItem","position":2,"name":"Tootevalik","item":"https:\/\/espak.ee\/epood\/tootevalik\/"},{"@type":"ListItem","position":3,"name":"Basseinikile PVC 0,5mm 4 x 6m"}]},{"@type":"WebSite","@id":"https:\/\/espak.ee\/epood\/#website","url":"https:\/\/espak.ee\/epood\/","name":"Espak E-pood","description":"","potentialAction":[{"@type":"SearchAction","target":{"@type":"EntryPoint","urlTemplate":"https:\/\/espak.ee\/epood\/?s={search_term_string}"},"query-input":{"@type":"PropertyValueSpecification","valueRequired":true,"valueName":"search_term_string"}}],"inLanguage":"et"}]}},"_links":{"self":[{"href":"https:\/\/espak.ee\/epood\/wp-json\/wp\/v2\/product\/67793","targetHints":{"allow":["GET"]}}],"collection":[{"href":"https:\/\/espak.ee\/epood\/wp-json\/wp\/v2\/product"}],"about":[{"href":"https:\/\/espak.ee\/epood\/wp-json\/wp\/v2\/types\/product"}],"replies":[{"embeddable":true,"href":"https:\/\/espak.ee\/epood\/wp-json\/wp\/v2\/comments?post=67793"}],"wp:featuredmedia":[{"embeddable":true,"href":"https:\/\/espak.ee\/epood\/wp-json\/wp\/v2\/media\/76869"}],"wp:attachment":[{"href":"https:\/\/espak.ee\/epood\/wp-json\/wp\/v2\/media?parent=67793"}],"wp:term":[{"taxonomy":"product_brand","embeddable":true,"href":"https:\/\/espak.ee\/epood\/wp-json\/wp\/v2\/product_brand?post=67793"},{"taxonomy":"product_cat","embeddable":true,"href":"https:\/\/espak.ee\/epood\/wp-json\/wp\/v2\/product_cat?post=67793"},{"taxonomy":"product_tag","embeddable":true,"href":"https:\/\/espak.ee\/epood\/wp-json\/wp\/v2\/product_tag?post=67793"}],"curies":[{"name":"wp","href":"https:\/\/api.w.org\/{rel}","templated":true}]}}