{"id":67668,"date":"2021-03-17T03:06:10","date_gmt":"2021-03-17T03:06:10","guid":{"rendered":"https:\/\/espak.ee\/hinnakiri\/?post_type=product&#038;p=67668"},"modified":"2025-03-25T14:36:04","modified_gmt":"2025-03-25T12:36:04","slug":"kosmos","status":"publish","type":"product","link":"https:\/\/espak.ee\/epood\/toode\/kosmos\/","title":{"rendered":"KOSMOS"},"content":{"rendered":"<div class=\"row\"  id=\"row-892048581\">\n\n\t<div id=\"col-712784991\" class=\"col medium-9 small-12 large-9\"  >\n\t\t\t\t<div class=\"col-inner\"  >\n\t\t\t\n\t\t\t\n<p>Potis kasvatamiseks m\u00f5eldud sort! Taimed madalad, kompaktsed, k\u00f5rgus kuni 35cm. \u00d5ie l\u00e4bim\u00f5\u00f5t 7-10cm.<br \/>\nT\u00e4nuv\u00e4\u00e4rne ja v\u00e4hen\u00f5udlik lill. Taim talub h\u00e4sti \u00fcmberistutamist. Eelistab kerget, vett h\u00e4sti l\u00e4bilaskvat pinnast ja mitte<br \/>\nv\u00e4ga tuulist kasvukohta. Vanade \u00f5ite regulaarne eemaldamine soodustab uute \u00f5ite teket. Armas ja h\u00e4sti s\u00e4iliv l\u00f5ikelill<br \/>\nka vaasis.<\/p>\n<p><strong>Sort:<\/strong> Vega, segu madal 50 cm ( ca 450 seemet )<\/p>\n<p><strong>Ladinakeelne nimetus:<\/strong> Cosmos bipinnatus<\/p>\n\t\t<\/div>\n\t\t\t\t\t<\/div>\n\n\t\n\n\t<div id=\"col-1458672078\" class=\"col medium-3 small-12 large-3\"  >\n\t\t\t\t<div class=\"col-inner\"  >\n\t\t\t\n\t\t\t\n<p><strong>\u00dcksikasjalikuma n\u00f5u saamiseks v\u00f5tke \u00fchendust:<br \/><\/strong> Akone O\u00dc, Salve 7, 11612 Tallinn, Telefon: 6770515<\/p>\n\t\t<\/div>\n\t\t\t\t\t<\/div>\n\n\t\n<\/div>\n","protected":false},"excerpt":{"rendered":"","protected":false},"featured_media":70205,"comment_status":"closed","ping_status":"open","template":"","meta":[],"product_brand":[],"product_cat":[2789,2788,3349,3346],"product_tag":[],"class_list":{"0":"post-67668","1":"product","2":"type-product","3":"status-publish","4":"has-post-thumbnail","6":"product_cat-aiatarbed","7":"product_cat-aiatarbed-ja-kodukaubad","8":"product_cat-koogiviljaseemned","9":"product_cat-seemned-ja-sibulad","10":"pa_kaubamark-akone","12":"first","13":"outofstock","14":"sale","15":"taxable","16":"shipping-taxable","17":"purchasable","18":"product-type-simple"},"yoast_head":"<!-- This site is optimized with the Yoast SEO plugin v26.9 - https:\/\/yoast.com\/product\/yoast-seo-wordpress\/ -->\n<title>KOSMOS - Espak E-pood<\/title>\n<meta name=\"robots\" content=\"index, follow, max-snippet:-1, max-image-preview:large, max-video-preview:-1\" \/>\n<link rel=\"canonical\" href=\"https:\/\/espak.ee\/epood\/toode\/kosmos\/\" \/>\n<meta property=\"og:locale\" content=\"et_EE\" \/>\n<meta property=\"og:type\" content=\"article\" \/>\n<meta property=\"og:title\" content=\"KOSMOS - Espak E-pood\" \/>\n<meta property=\"og:url\" content=\"https:\/\/espak.ee\/epood\/toode\/kosmos\/\" \/>\n<meta property=\"og:site_name\" content=\"Espak E-pood\" \/>\n<meta property=\"article:modified_time\" content=\"2025-03-25T12:36:04+00:00\" \/>\n<meta property=\"og:image\" content=\"https:\/\/espak.ee\/epood\/wp-content\/uploads\/4742360003401.jpg\" \/>\n\t<meta property=\"og:image:width\" content=\"853\" \/>\n\t<meta property=\"og:image:height\" content=\"853\" \/>\n\t<meta property=\"og:image:type\" content=\"image\/jpeg\" \/>\n<meta name=\"twitter:card\" content=\"summary_large_image\" \/>\n<script type=\"application\/ld+json\" class=\"yoast-schema-graph\">{\"@context\":\"https:\/\/schema.org\",\"@graph\":[{\"@type\":\"WebPage\",\"@id\":\"https:\/\/espak.ee\/epood\/toode\/kosmos\/\",\"url\":\"https:\/\/espak.ee\/epood\/toode\/kosmos\/\",\"name\":\"KOSMOS - Espak E-pood\",\"isPartOf\":{\"@id\":\"https:\/\/espak.ee\/epood\/#website\"},\"primaryImageOfPage\":{\"@id\":\"https:\/\/espak.ee\/epood\/toode\/kosmos\/#primaryimage\"},\"image\":{\"@id\":\"https:\/\/espak.ee\/epood\/toode\/kosmos\/#primaryimage\"},\"thumbnailUrl\":\"https:\/\/espak.ee\/epood\/wp-content\/uploads\/4742360003401.jpg\",\"datePublished\":\"2021-03-17T03:06:10+00:00\",\"dateModified\":\"2025-03-25T12:36:04+00:00\",\"breadcrumb\":{\"@id\":\"https:\/\/espak.ee\/epood\/toode\/kosmos\/#breadcrumb\"},\"inLanguage\":\"et\",\"potentialAction\":[{\"@type\":\"ReadAction\",\"target\":[\"https:\/\/espak.ee\/epood\/toode\/kosmos\/\"]}]},{\"@type\":\"ImageObject\",\"inLanguage\":\"et\",\"@id\":\"https:\/\/espak.ee\/epood\/toode\/kosmos\/#primaryimage\",\"url\":\"https:\/\/espak.ee\/epood\/wp-content\/uploads\/4742360003401.jpg\",\"contentUrl\":\"https:\/\/espak.ee\/epood\/wp-content\/uploads\/4742360003401.jpg\",\"width\":853,\"height\":853},{\"@type\":\"BreadcrumbList\",\"@id\":\"https:\/\/espak.ee\/epood\/toode\/kosmos\/#breadcrumb\",\"itemListElement\":[{\"@type\":\"ListItem\",\"position\":1,\"name\":\"Home\",\"item\":\"https:\/\/espak.ee\/epood\/\"},{\"@type\":\"ListItem\",\"position\":2,\"name\":\"Tootevalik\",\"item\":\"https:\/\/espak.ee\/epood\/tootevalik\/\"},{\"@type\":\"ListItem\",\"position\":3,\"name\":\"KOSMOS\"}]},{\"@type\":\"WebSite\",\"@id\":\"https:\/\/espak.ee\/epood\/#website\",\"url\":\"https:\/\/espak.ee\/epood\/\",\"name\":\"Espak E-pood\",\"description\":\"\",\"potentialAction\":[{\"@type\":\"SearchAction\",\"target\":{\"@type\":\"EntryPoint\",\"urlTemplate\":\"https:\/\/espak.ee\/epood\/?s={search_term_string}\"},\"query-input\":{\"@type\":\"PropertyValueSpecification\",\"valueRequired\":true,\"valueName\":\"search_term_string\"}}],\"inLanguage\":\"et\"}]}<\/script>\n<!-- \/ Yoast SEO plugin. -->","yoast_head_json":{"title":"KOSMOS - Espak E-pood","robots":{"index":"index","follow":"follow","max-snippet":"max-snippet:-1","max-image-preview":"max-image-preview:large","max-video-preview":"max-video-preview:-1"},"canonical":"https:\/\/espak.ee\/epood\/toode\/kosmos\/","og_locale":"et_EE","og_type":"article","og_title":"KOSMOS - Espak E-pood","og_url":"https:\/\/espak.ee\/epood\/toode\/kosmos\/","og_site_name":"Espak E-pood","article_modified_time":"2025-03-25T12:36:04+00:00","og_image":[{"width":853,"height":853,"url":"https:\/\/espak.ee\/epood\/wp-content\/uploads\/4742360003401.jpg","type":"image\/jpeg"}],"twitter_card":"summary_large_image","schema":{"@context":"https:\/\/schema.org","@graph":[{"@type":"WebPage","@id":"https:\/\/espak.ee\/epood\/toode\/kosmos\/","url":"https:\/\/espak.ee\/epood\/toode\/kosmos\/","name":"KOSMOS - Espak E-pood","isPartOf":{"@id":"https:\/\/espak.ee\/epood\/#website"},"primaryImageOfPage":{"@id":"https:\/\/espak.ee\/epood\/toode\/kosmos\/#primaryimage"},"image":{"@id":"https:\/\/espak.ee\/epood\/toode\/kosmos\/#primaryimage"},"thumbnailUrl":"https:\/\/espak.ee\/epood\/wp-content\/uploads\/4742360003401.jpg","datePublished":"2021-03-17T03:06:10+00:00","dateModified":"2025-03-25T12:36:04+00:00","breadcrumb":{"@id":"https:\/\/espak.ee\/epood\/toode\/kosmos\/#breadcrumb"},"inLanguage":"et","potentialAction":[{"@type":"ReadAction","target":["https:\/\/espak.ee\/epood\/toode\/kosmos\/"]}]},{"@type":"ImageObject","inLanguage":"et","@id":"https:\/\/espak.ee\/epood\/toode\/kosmos\/#primaryimage","url":"https:\/\/espak.ee\/epood\/wp-content\/uploads\/4742360003401.jpg","contentUrl":"https:\/\/espak.ee\/epood\/wp-content\/uploads\/4742360003401.jpg","width":853,"height":853},{"@type":"BreadcrumbList","@id":"https:\/\/espak.ee\/epood\/toode\/kosmos\/#breadcrumb","itemListElement":[{"@type":"ListItem","position":1,"name":"Home","item":"https:\/\/espak.ee\/epood\/"},{"@type":"ListItem","position":2,"name":"Tootevalik","item":"https:\/\/espak.ee\/epood\/tootevalik\/"},{"@type":"ListItem","position":3,"name":"KOSMOS"}]},{"@type":"WebSite","@id":"https:\/\/espak.ee\/epood\/#website","url":"https:\/\/espak.ee\/epood\/","name":"Espak E-pood","description":"","potentialAction":[{"@type":"SearchAction","target":{"@type":"EntryPoint","urlTemplate":"https:\/\/espak.ee\/epood\/?s={search_term_string}"},"query-input":{"@type":"PropertyValueSpecification","valueRequired":true,"valueName":"search_term_string"}}],"inLanguage":"et"}]}},"_links":{"self":[{"href":"https:\/\/espak.ee\/epood\/wp-json\/wp\/v2\/product\/67668","targetHints":{"allow":["GET"]}}],"collection":[{"href":"https:\/\/espak.ee\/epood\/wp-json\/wp\/v2\/product"}],"about":[{"href":"https:\/\/espak.ee\/epood\/wp-json\/wp\/v2\/types\/product"}],"replies":[{"embeddable":true,"href":"https:\/\/espak.ee\/epood\/wp-json\/wp\/v2\/comments?post=67668"}],"wp:featuredmedia":[{"embeddable":true,"href":"https:\/\/espak.ee\/epood\/wp-json\/wp\/v2\/media\/70205"}],"wp:attachment":[{"href":"https:\/\/espak.ee\/epood\/wp-json\/wp\/v2\/media?parent=67668"}],"wp:term":[{"taxonomy":"product_brand","embeddable":true,"href":"https:\/\/espak.ee\/epood\/wp-json\/wp\/v2\/product_brand?post=67668"},{"taxonomy":"product_cat","embeddable":true,"href":"https:\/\/espak.ee\/epood\/wp-json\/wp\/v2\/product_cat?post=67668"},{"taxonomy":"product_tag","embeddable":true,"href":"https:\/\/espak.ee\/epood\/wp-json\/wp\/v2\/product_tag?post=67668"}],"curies":[{"name":"wp","href":"https:\/\/api.w.org\/{rel}","templated":true}]}}