{"id":67517,"date":"2021-03-17T02:42:36","date_gmt":"2021-03-17T02:42:36","guid":{"rendered":"https:\/\/espak.ee\/hinnakiri\/?post_type=product&#038;p=67517"},"modified":"2024-10-31T18:55:40","modified_gmt":"2024-10-31T16:55:40","slug":"karbse-aerosool-biolit-l-400ml","status":"publish","type":"product","link":"https:\/\/espak.ee\/epood\/toode\/karbse-aerosool-biolit-l-400ml\/","title":{"rendered":"K\u00c4RBSE AEROSOOL BIOLIT L 400ML"},"content":{"rendered":"<div class=\"row\"  id=\"row-66096522\">\n\n\t<div id=\"col-2076530947\" class=\"col medium-9 small-12 large-9\"  >\n\t\t\t\t<div class=\"col-inner\"  >\n\t\t\t\n\t\t\t\n<h3>K\u00e4rbse aerosool Biolit L lendavatele putukatele 400ml<\/h3>\n<p>K\u00e4rbse aerosool Biolit L on kiire toime k\u00e4rbeste, vapsikute, s\u00e4\u00e4skede, herilaste ja metsherilaste vastu.<br \/>\nBiolit\u00ae lendavate putukate vastu annab pikaajalise kaitse ja kohese surmava toime k\u00e4rbeste, s\u00e4\u00e4skede, vapsikute, herilaste, metsherilaste ja teiste lendavate putukate vastu. T\u00e4nu t\u00f5husale koostisele h\u00e4vitab usaldusv\u00e4\u00e4rselt lendavad putukad ja kaitseb kogu maja.<br \/>\nNB! KASUTAGE BIOTSIIDI OHUTULT. ENNE KASUTAMIST LUGEGE ALATI L\u00c4BI M\u00c4RGISTUS JA TEAVE TOOTE KOHTA.<\/p>\n<p><strong>Kasutamine:<\/strong> Suunake sprei otsik eemale n\u00e4ost ja vajutage nupule, hoides mahutit nii p\u00fcsti kui v\u00f5imalik. Biolit\u00ae\u2019i pole vaja lasta otse putukale, kuna \u00f5hus olev udu tapab neid. Sulgege k\u00f5ik aknad ja uksed. Keskmisele suurusega ruumile (30 m3) pihustage aeglase, p\u00fchkiva liigutusega 8 kuni 10 sekundi jooksul, alustades ruumi keskelt ning taganedes ukse poole, suunates pihuse ruumi k\u00f5ikide alade poole. Hoidke spreid 1 meetri kaugusel siseseintest, riietest ja m\u00f6\u00f6blist. \u00c4rge j\u00e4\u00e4ge t\u00f6\u00f6deldud piirkonda. Hoidke ruum suletuna 15 minutit. Enne uuesti sisenemist ventileerige ruumi p\u00f5hjalikult. Kiireks h\u00e4vitamiseks pihustage otse putukatele, hoides spreid 1 meetri kaugusel siseseintest, riietest ja m\u00f6\u00f6blist. Pihustage otse majja sisenevatele herilastele ja vapsikutele.<\/p>\n\t\t<\/div>\n\t\t\t\t\t<\/div>\n\n\t\n\n\t<div id=\"col-896213643\" class=\"col medium-3 small-12 large-3\"  >\n\t\t\t\t<div class=\"col-inner\"  >\n\t\t\t\n\t\t\t\n\t<div id=\"gap-1312157620\" class=\"gap-element clearfix\" style=\"display:block; height:auto;\">\n\t\t\n<style>\n#gap-1312157620 {\n  padding-top: 30px;\n}\n<\/style>\n\t<\/div>\n\t\n<p><strong>\u00dcksikasjalikuma n\u00f5u saamiseks v\u00f5tke \u00fchendust:<br \/><\/strong>Horticom O\u00dc<br \/>Loom\u00e4e tee 11<br \/>75306<br \/>Rae vald<br \/> +372 6011 727<\/p>\n\t\t<\/div>\n\t\t\t\t\t<\/div>\n\n\t\n<\/div>\n","protected":false},"excerpt":{"rendered":"","protected":false},"featured_media":150086,"comment_status":"closed","ping_status":"closed","template":"","meta":[],"product_brand":[],"product_cat":[2789,2788,4748,2884],"product_tag":[],"class_list":{"0":"post-67517","1":"product","2":"type-product","3":"status-publish","4":"has-post-thumbnail","6":"product_cat-aiatarbed","7":"product_cat-aiatarbed-ja-kodukaubad","8":"product_cat-lendavate-putukate-torjevahendid","9":"product_cat-olmekahjurite-torjevahendid","10":"pa_kaubamark-horticom-ou","12":"first","13":"instock","14":"sale","15":"taxable","16":"shipping-taxable","17":"purchasable","18":"product-type-simple"},"yoast_head":"<!-- This site is optimized with the Yoast SEO plugin v26.9 - https:\/\/yoast.com\/product\/yoast-seo-wordpress\/ -->\n<title>K\u00c4RBSE AEROSOOL BIOLIT L 400ML - Espak E-pood<\/title>\n<meta name=\"robots\" content=\"index, follow, max-snippet:-1, max-image-preview:large, max-video-preview:-1\" \/>\n<link rel=\"canonical\" href=\"https:\/\/espak.ee\/epood\/toode\/karbse-aerosool-biolit-l-400ml\/\" \/>\n<meta property=\"og:locale\" content=\"et_EE\" \/>\n<meta property=\"og:type\" content=\"article\" \/>\n<meta property=\"og:title\" content=\"K\u00c4RBSE AEROSOOL BIOLIT L 400ML - Espak E-pood\" \/>\n<meta property=\"og:url\" content=\"https:\/\/espak.ee\/epood\/toode\/karbse-aerosool-biolit-l-400ml\/\" \/>\n<meta property=\"og:site_name\" content=\"Espak E-pood\" \/>\n<meta property=\"article:modified_time\" content=\"2024-10-31T16:55:40+00:00\" \/>\n<meta property=\"og:image\" content=\"https:\/\/espak.ee\/epood\/wp-content\/uploads\/2021\/03\/product-152444_0-P0490-scaled-2.jpg\" \/>\n\t<meta property=\"og:image:width\" content=\"800\" \/>\n\t<meta property=\"og:image:height\" content=\"800\" \/>\n\t<meta property=\"og:image:type\" content=\"image\/jpeg\" \/>\n<meta name=\"twitter:card\" content=\"summary_large_image\" \/>\n<meta name=\"twitter:label1\" content=\"Est. reading time\" \/>\n\t<meta name=\"twitter:data1\" content=\"1 minut\" \/>\n<script type=\"application\/ld+json\" class=\"yoast-schema-graph\">{\"@context\":\"https:\/\/schema.org\",\"@graph\":[{\"@type\":\"WebPage\",\"@id\":\"https:\/\/espak.ee\/epood\/toode\/karbse-aerosool-biolit-l-400ml\/\",\"url\":\"https:\/\/espak.ee\/epood\/toode\/karbse-aerosool-biolit-l-400ml\/\",\"name\":\"K\u00c4RBSE AEROSOOL BIOLIT L 400ML - Espak E-pood\",\"isPartOf\":{\"@id\":\"https:\/\/espak.ee\/epood\/#website\"},\"primaryImageOfPage\":{\"@id\":\"https:\/\/espak.ee\/epood\/toode\/karbse-aerosool-biolit-l-400ml\/#primaryimage\"},\"image\":{\"@id\":\"https:\/\/espak.ee\/epood\/toode\/karbse-aerosool-biolit-l-400ml\/#primaryimage\"},\"thumbnailUrl\":\"https:\/\/espak.ee\/epood\/wp-content\/uploads\/2021\/03\/product-152444_0-P0490-scaled-2.jpg\",\"datePublished\":\"2021-03-17T02:42:36+00:00\",\"dateModified\":\"2024-10-31T16:55:40+00:00\",\"breadcrumb\":{\"@id\":\"https:\/\/espak.ee\/epood\/toode\/karbse-aerosool-biolit-l-400ml\/#breadcrumb\"},\"inLanguage\":\"et\",\"potentialAction\":[{\"@type\":\"ReadAction\",\"target\":[\"https:\/\/espak.ee\/epood\/toode\/karbse-aerosool-biolit-l-400ml\/\"]}]},{\"@type\":\"ImageObject\",\"inLanguage\":\"et\",\"@id\":\"https:\/\/espak.ee\/epood\/toode\/karbse-aerosool-biolit-l-400ml\/#primaryimage\",\"url\":\"https:\/\/espak.ee\/epood\/wp-content\/uploads\/2021\/03\/product-152444_0-P0490-scaled-2.jpg\",\"contentUrl\":\"https:\/\/espak.ee\/epood\/wp-content\/uploads\/2021\/03\/product-152444_0-P0490-scaled-2.jpg\",\"width\":800,\"height\":800},{\"@type\":\"BreadcrumbList\",\"@id\":\"https:\/\/espak.ee\/epood\/toode\/karbse-aerosool-biolit-l-400ml\/#breadcrumb\",\"itemListElement\":[{\"@type\":\"ListItem\",\"position\":1,\"name\":\"Home\",\"item\":\"https:\/\/espak.ee\/epood\/\"},{\"@type\":\"ListItem\",\"position\":2,\"name\":\"Tootevalik\",\"item\":\"https:\/\/espak.ee\/epood\/tootevalik\/\"},{\"@type\":\"ListItem\",\"position\":3,\"name\":\"K\u00c4RBSE AEROSOOL BIOLIT L 400ML\"}]},{\"@type\":\"WebSite\",\"@id\":\"https:\/\/espak.ee\/epood\/#website\",\"url\":\"https:\/\/espak.ee\/epood\/\",\"name\":\"Espak E-pood\",\"description\":\"\",\"potentialAction\":[{\"@type\":\"SearchAction\",\"target\":{\"@type\":\"EntryPoint\",\"urlTemplate\":\"https:\/\/espak.ee\/epood\/?s={search_term_string}\"},\"query-input\":{\"@type\":\"PropertyValueSpecification\",\"valueRequired\":true,\"valueName\":\"search_term_string\"}}],\"inLanguage\":\"et\"}]}<\/script>\n<!-- \/ Yoast SEO plugin. -->","yoast_head_json":{"title":"K\u00c4RBSE AEROSOOL BIOLIT L 400ML - Espak E-pood","robots":{"index":"index","follow":"follow","max-snippet":"max-snippet:-1","max-image-preview":"max-image-preview:large","max-video-preview":"max-video-preview:-1"},"canonical":"https:\/\/espak.ee\/epood\/toode\/karbse-aerosool-biolit-l-400ml\/","og_locale":"et_EE","og_type":"article","og_title":"K\u00c4RBSE AEROSOOL BIOLIT L 400ML - Espak E-pood","og_url":"https:\/\/espak.ee\/epood\/toode\/karbse-aerosool-biolit-l-400ml\/","og_site_name":"Espak E-pood","article_modified_time":"2024-10-31T16:55:40+00:00","og_image":[{"width":800,"height":800,"url":"https:\/\/espak.ee\/epood\/wp-content\/uploads\/2021\/03\/product-152444_0-P0490-scaled-2.jpg","type":"image\/jpeg"}],"twitter_card":"summary_large_image","twitter_misc":{"Est. reading time":"1 minut"},"schema":{"@context":"https:\/\/schema.org","@graph":[{"@type":"WebPage","@id":"https:\/\/espak.ee\/epood\/toode\/karbse-aerosool-biolit-l-400ml\/","url":"https:\/\/espak.ee\/epood\/toode\/karbse-aerosool-biolit-l-400ml\/","name":"K\u00c4RBSE AEROSOOL BIOLIT L 400ML - Espak E-pood","isPartOf":{"@id":"https:\/\/espak.ee\/epood\/#website"},"primaryImageOfPage":{"@id":"https:\/\/espak.ee\/epood\/toode\/karbse-aerosool-biolit-l-400ml\/#primaryimage"},"image":{"@id":"https:\/\/espak.ee\/epood\/toode\/karbse-aerosool-biolit-l-400ml\/#primaryimage"},"thumbnailUrl":"https:\/\/espak.ee\/epood\/wp-content\/uploads\/2021\/03\/product-152444_0-P0490-scaled-2.jpg","datePublished":"2021-03-17T02:42:36+00:00","dateModified":"2024-10-31T16:55:40+00:00","breadcrumb":{"@id":"https:\/\/espak.ee\/epood\/toode\/karbse-aerosool-biolit-l-400ml\/#breadcrumb"},"inLanguage":"et","potentialAction":[{"@type":"ReadAction","target":["https:\/\/espak.ee\/epood\/toode\/karbse-aerosool-biolit-l-400ml\/"]}]},{"@type":"ImageObject","inLanguage":"et","@id":"https:\/\/espak.ee\/epood\/toode\/karbse-aerosool-biolit-l-400ml\/#primaryimage","url":"https:\/\/espak.ee\/epood\/wp-content\/uploads\/2021\/03\/product-152444_0-P0490-scaled-2.jpg","contentUrl":"https:\/\/espak.ee\/epood\/wp-content\/uploads\/2021\/03\/product-152444_0-P0490-scaled-2.jpg","width":800,"height":800},{"@type":"BreadcrumbList","@id":"https:\/\/espak.ee\/epood\/toode\/karbse-aerosool-biolit-l-400ml\/#breadcrumb","itemListElement":[{"@type":"ListItem","position":1,"name":"Home","item":"https:\/\/espak.ee\/epood\/"},{"@type":"ListItem","position":2,"name":"Tootevalik","item":"https:\/\/espak.ee\/epood\/tootevalik\/"},{"@type":"ListItem","position":3,"name":"K\u00c4RBSE AEROSOOL BIOLIT L 400ML"}]},{"@type":"WebSite","@id":"https:\/\/espak.ee\/epood\/#website","url":"https:\/\/espak.ee\/epood\/","name":"Espak E-pood","description":"","potentialAction":[{"@type":"SearchAction","target":{"@type":"EntryPoint","urlTemplate":"https:\/\/espak.ee\/epood\/?s={search_term_string}"},"query-input":{"@type":"PropertyValueSpecification","valueRequired":true,"valueName":"search_term_string"}}],"inLanguage":"et"}]}},"_links":{"self":[{"href":"https:\/\/espak.ee\/epood\/wp-json\/wp\/v2\/product\/67517","targetHints":{"allow":["GET"]}}],"collection":[{"href":"https:\/\/espak.ee\/epood\/wp-json\/wp\/v2\/product"}],"about":[{"href":"https:\/\/espak.ee\/epood\/wp-json\/wp\/v2\/types\/product"}],"replies":[{"embeddable":true,"href":"https:\/\/espak.ee\/epood\/wp-json\/wp\/v2\/comments?post=67517"}],"wp:featuredmedia":[{"embeddable":true,"href":"https:\/\/espak.ee\/epood\/wp-json\/wp\/v2\/media\/150086"}],"wp:attachment":[{"href":"https:\/\/espak.ee\/epood\/wp-json\/wp\/v2\/media?parent=67517"}],"wp:term":[{"taxonomy":"product_brand","embeddable":true,"href":"https:\/\/espak.ee\/epood\/wp-json\/wp\/v2\/product_brand?post=67517"},{"taxonomy":"product_cat","embeddable":true,"href":"https:\/\/espak.ee\/epood\/wp-json\/wp\/v2\/product_cat?post=67517"},{"taxonomy":"product_tag","embeddable":true,"href":"https:\/\/espak.ee\/epood\/wp-json\/wp\/v2\/product_tag?post=67517"}],"curies":[{"name":"wp","href":"https:\/\/api.w.org\/{rel}","templated":true}]}}