{"id":67491,"date":"2021-03-17T02:16:06","date_gmt":"2021-03-17T02:16:06","guid":{"rendered":"https:\/\/espak.ee\/hinnakiri\/?post_type=product&#038;p=67491"},"modified":"2026-02-07T15:46:37","modified_gmt":"2026-02-07T13:46:37","slug":"orhideemuld-compo-5l","status":"publish","type":"product","link":"https:\/\/espak.ee\/epood\/toode\/orhideemuld-compo-5l\/","title":{"rendered":"Orhideemuld Compo 5L"},"content":{"rendered":"<div class=\"row\"  id=\"row-1780215701\">\n\n\t<div id=\"col-607459346\" class=\"col medium-9 small-12 large-9\"  >\n\t\t\t\t<div class=\"col-inner\"  >\n\t\t\t\n\t\t\t\n<p>Orhideemuld Compo on kvaliteetne muld orhideede \u00fcmberistutamiseks. Muld on n\u00f5rgalt happeline, sobides epif\u00fc\u00fctsete ja terrestriliste (maapealsete) orhideede kasvatamiseks. Compo orhideemuld sisaldab kvaliteetset haigusvaba k\u00f5rgsooturvast, Korsika m\u00e4nni (Pinus maritima) koort, struktuuri- ja veeregulaatorit Styromull\u00ae.<\/p>\n<p><strong>Kasutamine:<\/strong> Orhideede parim \u00fcmberistutamise aeg on puhkeperioodil\u00f5pul kahe v\u00f5i kolme aasta j\u00e4rel. V\u00f5tke taim vanast potist ettevaatlikult v\u00e4lja, v\u00e4ltimaks juurevigastusi. Eemaldage surnud jam\u00e4danenud juured ning varremugulad. Istutamisel pange potip\u00f5hja drenaazikiht (kergkruus, potikillud), raputage\/koputage orhideemuld juurte \u00fcmber ja vahele. Peale istutamist kastke taimi alles n\u00e4dala p\u00e4rast. Regulaarset v\u00e4etamist alustage 6 n\u00e4dala p\u00e4rast.<\/p>\n\t\t<\/div>\n\t\t\t\t\t<\/div>\n\n\t\n\n\t<div id=\"col-948324187\" class=\"col medium-3 small-12 large-3\"  >\n\t\t\t\t<div class=\"col-inner\"  >\n\t\t\t\n\t\t\t\n<p><strong>\u00dcksikasjalikuma n\u00f5u saamiseks v\u00f5tke \u00fchendust:<br \/><\/strong>Horticom O\u00dc<br \/>Looma\u0308e tee 11<br \/>Harjumaa<br \/>Tel: +372 60 11 727<\/p>\n\t\t<\/div>\n\t\t\t\t\t<\/div>\n\n\t\n<\/div>\n","protected":false},"excerpt":{"rendered":"","protected":false},"featured_media":76686,"comment_status":"closed","ping_status":"open","template":"","meta":[],"product_brand":[],"product_cat":[2905,2789,2788,2879],"product_tag":[],"class_list":{"0":"post-67491","1":"product","2":"type-product","3":"status-publish","4":"has-post-thumbnail","6":"product_cat-aiamullad","7":"product_cat-aiatarbed","8":"product_cat-aiatarbed-ja-kodukaubad","9":"product_cat-aiaturbad-ja-mullad","10":"pa_kaubamark-horticom-ou","12":"first","13":"instock","14":"sale","15":"taxable","16":"shipping-taxable","17":"purchasable","18":"product-type-simple"},"yoast_head":"<!-- This site is optimized with the Yoast SEO plugin v26.9 - https:\/\/yoast.com\/product\/yoast-seo-wordpress\/ -->\n<title>Orhideemuld Compo 5L - Espak E-pood<\/title>\n<meta name=\"robots\" content=\"index, follow, max-snippet:-1, max-image-preview:large, max-video-preview:-1\" \/>\n<link rel=\"canonical\" href=\"https:\/\/espak.ee\/epood\/toode\/orhideemuld-compo-5l\/\" \/>\n<meta property=\"og:locale\" content=\"et_EE\" \/>\n<meta property=\"og:type\" content=\"article\" \/>\n<meta property=\"og:title\" content=\"Orhideemuld Compo 5L - Espak E-pood\" \/>\n<meta property=\"og:url\" content=\"https:\/\/espak.ee\/epood\/toode\/orhideemuld-compo-5l\/\" \/>\n<meta property=\"og:site_name\" content=\"Espak E-pood\" \/>\n<meta property=\"article:modified_time\" content=\"2026-02-07T13:46:37+00:00\" \/>\n<meta property=\"og:image\" content=\"https:\/\/espak.ee\/epood\/wp-content\/uploads\/2021\/04\/4008398116125.jpg\" \/>\n\t<meta property=\"og:image:width\" content=\"848\" \/>\n\t<meta property=\"og:image:height\" content=\"848\" \/>\n\t<meta property=\"og:image:type\" content=\"image\/jpeg\" \/>\n<meta name=\"twitter:card\" content=\"summary_large_image\" \/>\n<meta name=\"twitter:label1\" content=\"Est. reading time\" \/>\n\t<meta name=\"twitter:data1\" content=\"1 minut\" \/>\n<script type=\"application\/ld+json\" class=\"yoast-schema-graph\">{\"@context\":\"https:\/\/schema.org\",\"@graph\":[{\"@type\":\"WebPage\",\"@id\":\"https:\/\/espak.ee\/epood\/toode\/orhideemuld-compo-5l\/\",\"url\":\"https:\/\/espak.ee\/epood\/toode\/orhideemuld-compo-5l\/\",\"name\":\"Orhideemuld Compo 5L - Espak E-pood\",\"isPartOf\":{\"@id\":\"https:\/\/espak.ee\/epood\/#website\"},\"primaryImageOfPage\":{\"@id\":\"https:\/\/espak.ee\/epood\/toode\/orhideemuld-compo-5l\/#primaryimage\"},\"image\":{\"@id\":\"https:\/\/espak.ee\/epood\/toode\/orhideemuld-compo-5l\/#primaryimage\"},\"thumbnailUrl\":\"https:\/\/espak.ee\/epood\/wp-content\/uploads\/2021\/04\/4008398116125.jpg\",\"datePublished\":\"2021-03-17T02:16:06+00:00\",\"dateModified\":\"2026-02-07T13:46:37+00:00\",\"breadcrumb\":{\"@id\":\"https:\/\/espak.ee\/epood\/toode\/orhideemuld-compo-5l\/#breadcrumb\"},\"inLanguage\":\"et\",\"potentialAction\":[{\"@type\":\"ReadAction\",\"target\":[\"https:\/\/espak.ee\/epood\/toode\/orhideemuld-compo-5l\/\"]}]},{\"@type\":\"ImageObject\",\"inLanguage\":\"et\",\"@id\":\"https:\/\/espak.ee\/epood\/toode\/orhideemuld-compo-5l\/#primaryimage\",\"url\":\"https:\/\/espak.ee\/epood\/wp-content\/uploads\/2021\/04\/4008398116125.jpg\",\"contentUrl\":\"https:\/\/espak.ee\/epood\/wp-content\/uploads\/2021\/04\/4008398116125.jpg\",\"width\":848,\"height\":848},{\"@type\":\"BreadcrumbList\",\"@id\":\"https:\/\/espak.ee\/epood\/toode\/orhideemuld-compo-5l\/#breadcrumb\",\"itemListElement\":[{\"@type\":\"ListItem\",\"position\":1,\"name\":\"Home\",\"item\":\"https:\/\/espak.ee\/epood\/\"},{\"@type\":\"ListItem\",\"position\":2,\"name\":\"Tootevalik\",\"item\":\"https:\/\/espak.ee\/epood\/tootevalik\/\"},{\"@type\":\"ListItem\",\"position\":3,\"name\":\"Orhideemuld Compo 5L\"}]},{\"@type\":\"WebSite\",\"@id\":\"https:\/\/espak.ee\/epood\/#website\",\"url\":\"https:\/\/espak.ee\/epood\/\",\"name\":\"Espak E-pood\",\"description\":\"\",\"potentialAction\":[{\"@type\":\"SearchAction\",\"target\":{\"@type\":\"EntryPoint\",\"urlTemplate\":\"https:\/\/espak.ee\/epood\/?s={search_term_string}\"},\"query-input\":{\"@type\":\"PropertyValueSpecification\",\"valueRequired\":true,\"valueName\":\"search_term_string\"}}],\"inLanguage\":\"et\"}]}<\/script>\n<!-- \/ Yoast SEO plugin. -->","yoast_head_json":{"title":"Orhideemuld Compo 5L - Espak E-pood","robots":{"index":"index","follow":"follow","max-snippet":"max-snippet:-1","max-image-preview":"max-image-preview:large","max-video-preview":"max-video-preview:-1"},"canonical":"https:\/\/espak.ee\/epood\/toode\/orhideemuld-compo-5l\/","og_locale":"et_EE","og_type":"article","og_title":"Orhideemuld Compo 5L - Espak E-pood","og_url":"https:\/\/espak.ee\/epood\/toode\/orhideemuld-compo-5l\/","og_site_name":"Espak E-pood","article_modified_time":"2026-02-07T13:46:37+00:00","og_image":[{"width":848,"height":848,"url":"https:\/\/espak.ee\/epood\/wp-content\/uploads\/2021\/04\/4008398116125.jpg","type":"image\/jpeg"}],"twitter_card":"summary_large_image","twitter_misc":{"Est. reading time":"1 minut"},"schema":{"@context":"https:\/\/schema.org","@graph":[{"@type":"WebPage","@id":"https:\/\/espak.ee\/epood\/toode\/orhideemuld-compo-5l\/","url":"https:\/\/espak.ee\/epood\/toode\/orhideemuld-compo-5l\/","name":"Orhideemuld Compo 5L - Espak E-pood","isPartOf":{"@id":"https:\/\/espak.ee\/epood\/#website"},"primaryImageOfPage":{"@id":"https:\/\/espak.ee\/epood\/toode\/orhideemuld-compo-5l\/#primaryimage"},"image":{"@id":"https:\/\/espak.ee\/epood\/toode\/orhideemuld-compo-5l\/#primaryimage"},"thumbnailUrl":"https:\/\/espak.ee\/epood\/wp-content\/uploads\/2021\/04\/4008398116125.jpg","datePublished":"2021-03-17T02:16:06+00:00","dateModified":"2026-02-07T13:46:37+00:00","breadcrumb":{"@id":"https:\/\/espak.ee\/epood\/toode\/orhideemuld-compo-5l\/#breadcrumb"},"inLanguage":"et","potentialAction":[{"@type":"ReadAction","target":["https:\/\/espak.ee\/epood\/toode\/orhideemuld-compo-5l\/"]}]},{"@type":"ImageObject","inLanguage":"et","@id":"https:\/\/espak.ee\/epood\/toode\/orhideemuld-compo-5l\/#primaryimage","url":"https:\/\/espak.ee\/epood\/wp-content\/uploads\/2021\/04\/4008398116125.jpg","contentUrl":"https:\/\/espak.ee\/epood\/wp-content\/uploads\/2021\/04\/4008398116125.jpg","width":848,"height":848},{"@type":"BreadcrumbList","@id":"https:\/\/espak.ee\/epood\/toode\/orhideemuld-compo-5l\/#breadcrumb","itemListElement":[{"@type":"ListItem","position":1,"name":"Home","item":"https:\/\/espak.ee\/epood\/"},{"@type":"ListItem","position":2,"name":"Tootevalik","item":"https:\/\/espak.ee\/epood\/tootevalik\/"},{"@type":"ListItem","position":3,"name":"Orhideemuld Compo 5L"}]},{"@type":"WebSite","@id":"https:\/\/espak.ee\/epood\/#website","url":"https:\/\/espak.ee\/epood\/","name":"Espak E-pood","description":"","potentialAction":[{"@type":"SearchAction","target":{"@type":"EntryPoint","urlTemplate":"https:\/\/espak.ee\/epood\/?s={search_term_string}"},"query-input":{"@type":"PropertyValueSpecification","valueRequired":true,"valueName":"search_term_string"}}],"inLanguage":"et"}]}},"_links":{"self":[{"href":"https:\/\/espak.ee\/epood\/wp-json\/wp\/v2\/product\/67491","targetHints":{"allow":["GET"]}}],"collection":[{"href":"https:\/\/espak.ee\/epood\/wp-json\/wp\/v2\/product"}],"about":[{"href":"https:\/\/espak.ee\/epood\/wp-json\/wp\/v2\/types\/product"}],"replies":[{"embeddable":true,"href":"https:\/\/espak.ee\/epood\/wp-json\/wp\/v2\/comments?post=67491"}],"wp:featuredmedia":[{"embeddable":true,"href":"https:\/\/espak.ee\/epood\/wp-json\/wp\/v2\/media\/76686"}],"wp:attachment":[{"href":"https:\/\/espak.ee\/epood\/wp-json\/wp\/v2\/media?parent=67491"}],"wp:term":[{"taxonomy":"product_brand","embeddable":true,"href":"https:\/\/espak.ee\/epood\/wp-json\/wp\/v2\/product_brand?post=67491"},{"taxonomy":"product_cat","embeddable":true,"href":"https:\/\/espak.ee\/epood\/wp-json\/wp\/v2\/product_cat?post=67491"},{"taxonomy":"product_tag","embeddable":true,"href":"https:\/\/espak.ee\/epood\/wp-json\/wp\/v2\/product_tag?post=67491"}],"curies":[{"name":"wp","href":"https:\/\/api.w.org\/{rel}","templated":true}]}}