{"id":67469,"date":"2021-03-17T01:49:04","date_gmt":"2021-03-17T01:49:04","guid":{"rendered":"https:\/\/espak.ee\/hinnakiri\/?post_type=product&#038;p=67469"},"modified":"2026-01-29T00:44:56","modified_gmt":"2026-01-28T22:44:56","slug":"compo-palmimuld-5l","status":"publish","type":"product","link":"https:\/\/espak.ee\/epood\/toode\/compo-palmimuld-5l\/","title":{"rendered":"COMPO PALMIMULD 5L"},"content":{"rendered":"<div class=\"row\"  id=\"row-142796077\">\n\n\t<div id=\"col-1958870049\" class=\"col medium-9 small-12 large-9\"  >\n\t\t\t\t<div class=\"col-inner\"  >\n\t\t\t\n\t\t\t\n<h3>Compo Sana palmimuld 5L<\/h3>\n<p>Sisaldab toitaineid kuni 8 n\u00e4dalaks. Optimaalsed kasvutingimused taime tervislikuks ja j\u00f5uliseks kasvuks. Perliit on kerge ja \u00f5hulise struktuuriga looduslik vulkaaniline kivim, mis optimeerib vee ja \u00f5hutingimusi, tagades taimejuurestiku parema arenemise. Spetsiaalne juurutuspulber kaitseb taime seenhaiguste eest, aktiveerib ja kiirendab juurte kasvamist, parandab mulla struktuuri. Parandab mulla struktuuri ja v\u00e4etustaset. Sisaldab kvaliteetset haigusvaba k\u00f5rgsoo turvast, juurekasvu aktivaatorit Agrosil\u00ae ja looduslikku perliiti. Muld on n\u00f5rgalt happeline ja hea veeimamisv\u00f5imega. Sobib palmide ja teiste lehtdekoratiivsetetaimede kasvatamiseks.<br \/>\n Soovitame muld eelnevalt l\u00e4bi segada, et see oleks \u00f5hulisem. Kasutada veeavaga potti ja t\u00e4ita p\u00f5hi n\u00e4iteks kergkruusaga. Seej\u00e4rel t\u00e4ita istutuspott COMPO SANA\u00ae Roheliste taimede ja palmimullaga ning teha taimele istutusauk. Eemaldada taime juurestikust surnud juured ja asetada taim istutusauku. Siis t\u00e4ita pott mullaga, kuid j\u00e4tta 1cm vaba ruumi \u00fclemisest servast. Seej\u00e4rel suruda kergelt taim mulla sisse. Kasta rikkalikult. Kasutamiseks k\u00f5ikide roheliste taimede, palmide ja s\u00f5najalgade esmaseks istutamiseks ja \u00fcmberistutamiseks. Peale 6-8 n\u00e4dalat on vajalik lisav\u00e4etamine. Kasvusubstraat k\u00f5ikidele rohelistele taimedele, palmidele ja s\u00f5najalgadele.<\/p>\n\t\t<\/div>\n\t\t\t\t\t<\/div>\n\n\t\n\n\t<div id=\"col-1028409765\" class=\"col medium-3 small-12 large-3\"  >\n\t\t\t\t<div class=\"col-inner\"  >\n\t\t\t\n\t\t\t\n\t<div id=\"gap-550898927\" class=\"gap-element clearfix\" style=\"display:block; height:auto;\">\n\t\t\n<style>\n#gap-550898927 {\n  padding-top: 30px;\n}\n<\/style>\n\t<\/div>\n\t\n<p><strong>\u00dcksikasjalikuma n\u00f5u saamiseks v\u00f5tke \u00fchendust:<br \/><\/strong>Horticom O\u00dc<br \/>Loom\u00e4e tee 11<br \/>75306<br \/>Rae vald<br \/> +372 6011 727<\/p>\n\t\t<\/div>\n\t\t\t\t\t<\/div>\n\n\t\n<\/div>\n","protected":false},"excerpt":{"rendered":"","protected":false},"featured_media":150505,"comment_status":"closed","ping_status":"closed","template":"","meta":[],"product_brand":[],"product_cat":[2905,2789,2788,2879],"product_tag":[],"class_list":{"0":"post-67469","1":"product","2":"type-product","3":"status-publish","4":"has-post-thumbnail","6":"product_cat-aiamullad","7":"product_cat-aiatarbed","8":"product_cat-aiatarbed-ja-kodukaubad","9":"product_cat-aiaturbad-ja-mullad","10":"pa_kaubamark-horticom-ou","12":"first","13":"instock","14":"sale","15":"taxable","16":"shipping-taxable","17":"purchasable","18":"product-type-simple"},"yoast_head":"<!-- This site is optimized with the Yoast SEO plugin v26.9 - https:\/\/yoast.com\/product\/yoast-seo-wordpress\/ -->\n<title>COMPO PALMIMULD 5L - Espak E-pood<\/title>\n<meta name=\"robots\" content=\"index, follow, max-snippet:-1, max-image-preview:large, max-video-preview:-1\" \/>\n<link rel=\"canonical\" href=\"https:\/\/espak.ee\/epood\/toode\/compo-palmimuld-5l\/\" \/>\n<meta property=\"og:locale\" content=\"et_EE\" \/>\n<meta property=\"og:type\" content=\"article\" \/>\n<meta property=\"og:title\" content=\"COMPO PALMIMULD 5L - Espak E-pood\" \/>\n<meta property=\"og:url\" content=\"https:\/\/espak.ee\/epood\/toode\/compo-palmimuld-5l\/\" \/>\n<meta property=\"og:site_name\" content=\"Espak E-pood\" \/>\n<meta property=\"article:modified_time\" content=\"2026-01-28T22:44:56+00:00\" \/>\n<meta property=\"og:image\" content=\"https:\/\/espak.ee\/epood\/wp-content\/uploads\/2021\/03\/4008398114312_4008398114206_Palmimuld_Compo-2.jpg\" \/>\n\t<meta property=\"og:image:width\" content=\"800\" \/>\n\t<meta property=\"og:image:height\" content=\"800\" \/>\n\t<meta property=\"og:image:type\" content=\"image\/jpeg\" \/>\n<meta name=\"twitter:card\" content=\"summary_large_image\" \/>\n<meta name=\"twitter:label1\" content=\"Est. reading time\" \/>\n\t<meta name=\"twitter:data1\" content=\"1 minut\" \/>\n<script type=\"application\/ld+json\" class=\"yoast-schema-graph\">{\"@context\":\"https:\/\/schema.org\",\"@graph\":[{\"@type\":\"WebPage\",\"@id\":\"https:\/\/espak.ee\/epood\/toode\/compo-palmimuld-5l\/\",\"url\":\"https:\/\/espak.ee\/epood\/toode\/compo-palmimuld-5l\/\",\"name\":\"COMPO PALMIMULD 5L - Espak E-pood\",\"isPartOf\":{\"@id\":\"https:\/\/espak.ee\/epood\/#website\"},\"primaryImageOfPage\":{\"@id\":\"https:\/\/espak.ee\/epood\/toode\/compo-palmimuld-5l\/#primaryimage\"},\"image\":{\"@id\":\"https:\/\/espak.ee\/epood\/toode\/compo-palmimuld-5l\/#primaryimage\"},\"thumbnailUrl\":\"https:\/\/espak.ee\/epood\/wp-content\/uploads\/2021\/03\/4008398114312_4008398114206_Palmimuld_Compo-2.jpg\",\"datePublished\":\"2021-03-17T01:49:04+00:00\",\"dateModified\":\"2026-01-28T22:44:56+00:00\",\"breadcrumb\":{\"@id\":\"https:\/\/espak.ee\/epood\/toode\/compo-palmimuld-5l\/#breadcrumb\"},\"inLanguage\":\"et\",\"potentialAction\":[{\"@type\":\"ReadAction\",\"target\":[\"https:\/\/espak.ee\/epood\/toode\/compo-palmimuld-5l\/\"]}]},{\"@type\":\"ImageObject\",\"inLanguage\":\"et\",\"@id\":\"https:\/\/espak.ee\/epood\/toode\/compo-palmimuld-5l\/#primaryimage\",\"url\":\"https:\/\/espak.ee\/epood\/wp-content\/uploads\/2021\/03\/4008398114312_4008398114206_Palmimuld_Compo-2.jpg\",\"contentUrl\":\"https:\/\/espak.ee\/epood\/wp-content\/uploads\/2021\/03\/4008398114312_4008398114206_Palmimuld_Compo-2.jpg\",\"width\":800,\"height\":800},{\"@type\":\"BreadcrumbList\",\"@id\":\"https:\/\/espak.ee\/epood\/toode\/compo-palmimuld-5l\/#breadcrumb\",\"itemListElement\":[{\"@type\":\"ListItem\",\"position\":1,\"name\":\"Home\",\"item\":\"https:\/\/espak.ee\/epood\/\"},{\"@type\":\"ListItem\",\"position\":2,\"name\":\"Tootevalik\",\"item\":\"https:\/\/espak.ee\/epood\/tootevalik\/\"},{\"@type\":\"ListItem\",\"position\":3,\"name\":\"COMPO PALMIMULD 5L\"}]},{\"@type\":\"WebSite\",\"@id\":\"https:\/\/espak.ee\/epood\/#website\",\"url\":\"https:\/\/espak.ee\/epood\/\",\"name\":\"Espak E-pood\",\"description\":\"\",\"potentialAction\":[{\"@type\":\"SearchAction\",\"target\":{\"@type\":\"EntryPoint\",\"urlTemplate\":\"https:\/\/espak.ee\/epood\/?s={search_term_string}\"},\"query-input\":{\"@type\":\"PropertyValueSpecification\",\"valueRequired\":true,\"valueName\":\"search_term_string\"}}],\"inLanguage\":\"et\"}]}<\/script>\n<!-- \/ Yoast SEO plugin. -->","yoast_head_json":{"title":"COMPO PALMIMULD 5L - Espak E-pood","robots":{"index":"index","follow":"follow","max-snippet":"max-snippet:-1","max-image-preview":"max-image-preview:large","max-video-preview":"max-video-preview:-1"},"canonical":"https:\/\/espak.ee\/epood\/toode\/compo-palmimuld-5l\/","og_locale":"et_EE","og_type":"article","og_title":"COMPO PALMIMULD 5L - Espak E-pood","og_url":"https:\/\/espak.ee\/epood\/toode\/compo-palmimuld-5l\/","og_site_name":"Espak E-pood","article_modified_time":"2026-01-28T22:44:56+00:00","og_image":[{"width":800,"height":800,"url":"https:\/\/espak.ee\/epood\/wp-content\/uploads\/2021\/03\/4008398114312_4008398114206_Palmimuld_Compo-2.jpg","type":"image\/jpeg"}],"twitter_card":"summary_large_image","twitter_misc":{"Est. reading time":"1 minut"},"schema":{"@context":"https:\/\/schema.org","@graph":[{"@type":"WebPage","@id":"https:\/\/espak.ee\/epood\/toode\/compo-palmimuld-5l\/","url":"https:\/\/espak.ee\/epood\/toode\/compo-palmimuld-5l\/","name":"COMPO PALMIMULD 5L - Espak E-pood","isPartOf":{"@id":"https:\/\/espak.ee\/epood\/#website"},"primaryImageOfPage":{"@id":"https:\/\/espak.ee\/epood\/toode\/compo-palmimuld-5l\/#primaryimage"},"image":{"@id":"https:\/\/espak.ee\/epood\/toode\/compo-palmimuld-5l\/#primaryimage"},"thumbnailUrl":"https:\/\/espak.ee\/epood\/wp-content\/uploads\/2021\/03\/4008398114312_4008398114206_Palmimuld_Compo-2.jpg","datePublished":"2021-03-17T01:49:04+00:00","dateModified":"2026-01-28T22:44:56+00:00","breadcrumb":{"@id":"https:\/\/espak.ee\/epood\/toode\/compo-palmimuld-5l\/#breadcrumb"},"inLanguage":"et","potentialAction":[{"@type":"ReadAction","target":["https:\/\/espak.ee\/epood\/toode\/compo-palmimuld-5l\/"]}]},{"@type":"ImageObject","inLanguage":"et","@id":"https:\/\/espak.ee\/epood\/toode\/compo-palmimuld-5l\/#primaryimage","url":"https:\/\/espak.ee\/epood\/wp-content\/uploads\/2021\/03\/4008398114312_4008398114206_Palmimuld_Compo-2.jpg","contentUrl":"https:\/\/espak.ee\/epood\/wp-content\/uploads\/2021\/03\/4008398114312_4008398114206_Palmimuld_Compo-2.jpg","width":800,"height":800},{"@type":"BreadcrumbList","@id":"https:\/\/espak.ee\/epood\/toode\/compo-palmimuld-5l\/#breadcrumb","itemListElement":[{"@type":"ListItem","position":1,"name":"Home","item":"https:\/\/espak.ee\/epood\/"},{"@type":"ListItem","position":2,"name":"Tootevalik","item":"https:\/\/espak.ee\/epood\/tootevalik\/"},{"@type":"ListItem","position":3,"name":"COMPO PALMIMULD 5L"}]},{"@type":"WebSite","@id":"https:\/\/espak.ee\/epood\/#website","url":"https:\/\/espak.ee\/epood\/","name":"Espak E-pood","description":"","potentialAction":[{"@type":"SearchAction","target":{"@type":"EntryPoint","urlTemplate":"https:\/\/espak.ee\/epood\/?s={search_term_string}"},"query-input":{"@type":"PropertyValueSpecification","valueRequired":true,"valueName":"search_term_string"}}],"inLanguage":"et"}]}},"_links":{"self":[{"href":"https:\/\/espak.ee\/epood\/wp-json\/wp\/v2\/product\/67469","targetHints":{"allow":["GET"]}}],"collection":[{"href":"https:\/\/espak.ee\/epood\/wp-json\/wp\/v2\/product"}],"about":[{"href":"https:\/\/espak.ee\/epood\/wp-json\/wp\/v2\/types\/product"}],"replies":[{"embeddable":true,"href":"https:\/\/espak.ee\/epood\/wp-json\/wp\/v2\/comments?post=67469"}],"wp:featuredmedia":[{"embeddable":true,"href":"https:\/\/espak.ee\/epood\/wp-json\/wp\/v2\/media\/150505"}],"wp:attachment":[{"href":"https:\/\/espak.ee\/epood\/wp-json\/wp\/v2\/media?parent=67469"}],"wp:term":[{"taxonomy":"product_brand","embeddable":true,"href":"https:\/\/espak.ee\/epood\/wp-json\/wp\/v2\/product_brand?post=67469"},{"taxonomy":"product_cat","embeddable":true,"href":"https:\/\/espak.ee\/epood\/wp-json\/wp\/v2\/product_cat?post=67469"},{"taxonomy":"product_tag","embeddable":true,"href":"https:\/\/espak.ee\/epood\/wp-json\/wp\/v2\/product_tag?post=67469"}],"curies":[{"name":"wp","href":"https:\/\/api.w.org\/{rel}","templated":true}]}}