{"id":67382,"date":"2021-03-17T01:24:25","date_gmt":"2021-03-17T01:24:25","guid":{"rendered":"https:\/\/espak.ee\/hinnakiri\/?post_type=product&#038;p=67382"},"modified":"2026-04-25T19:20:00","modified_gmt":"2026-04-25T16:20:00","slug":"uro-septik-spray-desinfektant-500ml","status":"publish","type":"product","link":"https:\/\/espak.ee\/epood\/toode\/uro-septik-spray-desinfektant-500ml\/","title":{"rendered":"Uro-Septik Spray-desinfektant 500ml"},"content":{"rendered":"<div class=\"row\"  id=\"row-1016563215\">\n\n\t<div id=\"col-798056737\" class=\"col medium-9 small-12 large-9\"  >\n\t\t\t\t<div class=\"col-inner\"  >\n\t\t\t\n\t\t\t\n<p>Uro-Septik Spray-desinfektant on inimese ja loomade uriinil\u00f5hna lagundaja, millel on lisaks mikroorganisme h\u00e4vitav toime. Toode sisaldab fosforhapet, katioonseid pindaktiivseid aineid, kasulikke lisandeid.<\/p>\n<p><strong>Kasutamine:<\/strong> Vahend koosneb valmislahusest, mida pihustatakse saastatud pindadele v\u00f5i esemetele ja lastakse  pool tundi m\u00f5juda. Tugevalt m\u00e4\u00e4rdunud pindade korral teha kordust\u00f6\u00f6tlus. T\u00f6\u00f6deldud esemed, mis v\u00f5ivad sattuda kontakti inimese nahaga, loputada veega ja kuivatada pehme lapiga.<\/p>\n\t\t<\/div>\n\t\t\t\t\t<\/div>\n\n\t\n\n\t<div id=\"col-490681094\" class=\"col medium-3 small-12 large-3\"  >\n\t\t\t\t<div class=\"col-inner\"  >\n\t\t\t\n\t\t\t\n<p><strong>\u00dcksikasjalikuma n\u00f5u saamiseks v\u00f5tke \u00fchendust:<br \/><\/strong>Horticom O\u00dc<br \/>Looma\u0308e tee 11<br \/>Harjumaa<br \/>Tel: +372 60 11 727<\/p>\n\t\t<\/div>\n\t\t\t\t\t<\/div>\n\n\t\n<\/div>\n","protected":false},"excerpt":{"rendered":"","protected":false},"featured_media":77069,"comment_status":"closed","ping_status":"open","template":"","meta":[],"product_brand":[],"product_cat":[2789,2788,2884,3611],"product_tag":[],"class_list":{"0":"post-67382","1":"product","2":"type-product","3":"status-publish","4":"has-post-thumbnail","6":"product_cat-aiatarbed","7":"product_cat-aiatarbed-ja-kodukaubad","8":"product_cat-olmekahjurite-torjevahendid","9":"product_cat-universaalsed-torjevahendid","10":"pa_kaubamark-horticom-ou","12":"first","13":"instock","14":"sale","15":"taxable","16":"shipping-taxable","17":"purchasable","18":"product-type-simple"},"yoast_head":"<!-- This site is optimized with the Yoast SEO plugin v26.9 - https:\/\/yoast.com\/product\/yoast-seo-wordpress\/ -->\n<title>Uro-Septik Spray-desinfektant 500ml - Espak E-pood<\/title>\n<meta name=\"robots\" content=\"index, follow, max-snippet:-1, max-image-preview:large, max-video-preview:-1\" \/>\n<link rel=\"canonical\" href=\"https:\/\/espak.ee\/epood\/toode\/uro-septik-spray-desinfektant-500ml\/\" \/>\n<meta property=\"og:locale\" content=\"et_EE\" \/>\n<meta property=\"og:type\" content=\"article\" \/>\n<meta property=\"og:title\" content=\"Uro-Septik Spray-desinfektant 500ml - Espak E-pood\" \/>\n<meta property=\"og:url\" content=\"https:\/\/espak.ee\/epood\/toode\/uro-septik-spray-desinfektant-500ml\/\" \/>\n<meta property=\"og:site_name\" content=\"Espak E-pood\" \/>\n<meta property=\"article:modified_time\" content=\"2026-04-25T16:20:00+00:00\" \/>\n<meta property=\"og:image\" content=\"https:\/\/espak.ee\/epood\/wp-content\/uploads\/2021\/04\/4742375000143.jpg\" \/>\n\t<meta property=\"og:image:width\" content=\"879\" \/>\n\t<meta property=\"og:image:height\" content=\"879\" \/>\n\t<meta property=\"og:image:type\" content=\"image\/jpeg\" \/>\n<meta name=\"twitter:card\" content=\"summary_large_image\" \/>\n<script type=\"application\/ld+json\" class=\"yoast-schema-graph\">{\"@context\":\"https:\/\/schema.org\",\"@graph\":[{\"@type\":\"WebPage\",\"@id\":\"https:\/\/espak.ee\/epood\/toode\/uro-septik-spray-desinfektant-500ml\/\",\"url\":\"https:\/\/espak.ee\/epood\/toode\/uro-septik-spray-desinfektant-500ml\/\",\"name\":\"Uro-Septik Spray-desinfektant 500ml - Espak E-pood\",\"isPartOf\":{\"@id\":\"https:\/\/espak.ee\/epood\/#website\"},\"primaryImageOfPage\":{\"@id\":\"https:\/\/espak.ee\/epood\/toode\/uro-septik-spray-desinfektant-500ml\/#primaryimage\"},\"image\":{\"@id\":\"https:\/\/espak.ee\/epood\/toode\/uro-septik-spray-desinfektant-500ml\/#primaryimage\"},\"thumbnailUrl\":\"https:\/\/espak.ee\/epood\/wp-content\/uploads\/2021\/04\/4742375000143.jpg\",\"datePublished\":\"2021-03-17T01:24:25+00:00\",\"dateModified\":\"2026-04-25T16:20:00+00:00\",\"breadcrumb\":{\"@id\":\"https:\/\/espak.ee\/epood\/toode\/uro-septik-spray-desinfektant-500ml\/#breadcrumb\"},\"inLanguage\":\"et\",\"potentialAction\":[{\"@type\":\"ReadAction\",\"target\":[\"https:\/\/espak.ee\/epood\/toode\/uro-septik-spray-desinfektant-500ml\/\"]}]},{\"@type\":\"ImageObject\",\"inLanguage\":\"et\",\"@id\":\"https:\/\/espak.ee\/epood\/toode\/uro-septik-spray-desinfektant-500ml\/#primaryimage\",\"url\":\"https:\/\/espak.ee\/epood\/wp-content\/uploads\/2021\/04\/4742375000143.jpg\",\"contentUrl\":\"https:\/\/espak.ee\/epood\/wp-content\/uploads\/2021\/04\/4742375000143.jpg\",\"width\":879,\"height\":879},{\"@type\":\"BreadcrumbList\",\"@id\":\"https:\/\/espak.ee\/epood\/toode\/uro-septik-spray-desinfektant-500ml\/#breadcrumb\",\"itemListElement\":[{\"@type\":\"ListItem\",\"position\":1,\"name\":\"Home\",\"item\":\"https:\/\/espak.ee\/epood\/\"},{\"@type\":\"ListItem\",\"position\":2,\"name\":\"Tootevalik\",\"item\":\"https:\/\/espak.ee\/epood\/tootevalik\/\"},{\"@type\":\"ListItem\",\"position\":3,\"name\":\"Uro-Septik Spray-desinfektant 500ml\"}]},{\"@type\":\"WebSite\",\"@id\":\"https:\/\/espak.ee\/epood\/#website\",\"url\":\"https:\/\/espak.ee\/epood\/\",\"name\":\"Espak E-pood\",\"description\":\"\",\"potentialAction\":[{\"@type\":\"SearchAction\",\"target\":{\"@type\":\"EntryPoint\",\"urlTemplate\":\"https:\/\/espak.ee\/epood\/?s={search_term_string}\"},\"query-input\":{\"@type\":\"PropertyValueSpecification\",\"valueRequired\":true,\"valueName\":\"search_term_string\"}}],\"inLanguage\":\"et\"}]}<\/script>\n<!-- \/ Yoast SEO plugin. -->","yoast_head_json":{"title":"Uro-Septik Spray-desinfektant 500ml - Espak E-pood","robots":{"index":"index","follow":"follow","max-snippet":"max-snippet:-1","max-image-preview":"max-image-preview:large","max-video-preview":"max-video-preview:-1"},"canonical":"https:\/\/espak.ee\/epood\/toode\/uro-septik-spray-desinfektant-500ml\/","og_locale":"et_EE","og_type":"article","og_title":"Uro-Septik Spray-desinfektant 500ml - Espak E-pood","og_url":"https:\/\/espak.ee\/epood\/toode\/uro-septik-spray-desinfektant-500ml\/","og_site_name":"Espak E-pood","article_modified_time":"2026-04-25T16:20:00+00:00","og_image":[{"width":879,"height":879,"url":"https:\/\/espak.ee\/epood\/wp-content\/uploads\/2021\/04\/4742375000143.jpg","type":"image\/jpeg"}],"twitter_card":"summary_large_image","schema":{"@context":"https:\/\/schema.org","@graph":[{"@type":"WebPage","@id":"https:\/\/espak.ee\/epood\/toode\/uro-septik-spray-desinfektant-500ml\/","url":"https:\/\/espak.ee\/epood\/toode\/uro-septik-spray-desinfektant-500ml\/","name":"Uro-Septik Spray-desinfektant 500ml - Espak E-pood","isPartOf":{"@id":"https:\/\/espak.ee\/epood\/#website"},"primaryImageOfPage":{"@id":"https:\/\/espak.ee\/epood\/toode\/uro-septik-spray-desinfektant-500ml\/#primaryimage"},"image":{"@id":"https:\/\/espak.ee\/epood\/toode\/uro-septik-spray-desinfektant-500ml\/#primaryimage"},"thumbnailUrl":"https:\/\/espak.ee\/epood\/wp-content\/uploads\/2021\/04\/4742375000143.jpg","datePublished":"2021-03-17T01:24:25+00:00","dateModified":"2026-04-25T16:20:00+00:00","breadcrumb":{"@id":"https:\/\/espak.ee\/epood\/toode\/uro-septik-spray-desinfektant-500ml\/#breadcrumb"},"inLanguage":"et","potentialAction":[{"@type":"ReadAction","target":["https:\/\/espak.ee\/epood\/toode\/uro-septik-spray-desinfektant-500ml\/"]}]},{"@type":"ImageObject","inLanguage":"et","@id":"https:\/\/espak.ee\/epood\/toode\/uro-septik-spray-desinfektant-500ml\/#primaryimage","url":"https:\/\/espak.ee\/epood\/wp-content\/uploads\/2021\/04\/4742375000143.jpg","contentUrl":"https:\/\/espak.ee\/epood\/wp-content\/uploads\/2021\/04\/4742375000143.jpg","width":879,"height":879},{"@type":"BreadcrumbList","@id":"https:\/\/espak.ee\/epood\/toode\/uro-septik-spray-desinfektant-500ml\/#breadcrumb","itemListElement":[{"@type":"ListItem","position":1,"name":"Home","item":"https:\/\/espak.ee\/epood\/"},{"@type":"ListItem","position":2,"name":"Tootevalik","item":"https:\/\/espak.ee\/epood\/tootevalik\/"},{"@type":"ListItem","position":3,"name":"Uro-Septik Spray-desinfektant 500ml"}]},{"@type":"WebSite","@id":"https:\/\/espak.ee\/epood\/#website","url":"https:\/\/espak.ee\/epood\/","name":"Espak E-pood","description":"","potentialAction":[{"@type":"SearchAction","target":{"@type":"EntryPoint","urlTemplate":"https:\/\/espak.ee\/epood\/?s={search_term_string}"},"query-input":{"@type":"PropertyValueSpecification","valueRequired":true,"valueName":"search_term_string"}}],"inLanguage":"et"}]}},"_links":{"self":[{"href":"https:\/\/espak.ee\/epood\/wp-json\/wp\/v2\/product\/67382","targetHints":{"allow":["GET"]}}],"collection":[{"href":"https:\/\/espak.ee\/epood\/wp-json\/wp\/v2\/product"}],"about":[{"href":"https:\/\/espak.ee\/epood\/wp-json\/wp\/v2\/types\/product"}],"replies":[{"embeddable":true,"href":"https:\/\/espak.ee\/epood\/wp-json\/wp\/v2\/comments?post=67382"}],"wp:featuredmedia":[{"embeddable":true,"href":"https:\/\/espak.ee\/epood\/wp-json\/wp\/v2\/media\/77069"}],"wp:attachment":[{"href":"https:\/\/espak.ee\/epood\/wp-json\/wp\/v2\/media?parent=67382"}],"wp:term":[{"taxonomy":"product_brand","embeddable":true,"href":"https:\/\/espak.ee\/epood\/wp-json\/wp\/v2\/product_brand?post=67382"},{"taxonomy":"product_cat","embeddable":true,"href":"https:\/\/espak.ee\/epood\/wp-json\/wp\/v2\/product_cat?post=67382"},{"taxonomy":"product_tag","embeddable":true,"href":"https:\/\/espak.ee\/epood\/wp-json\/wp\/v2\/product_tag?post=67382"}],"curies":[{"name":"wp","href":"https:\/\/api.w.org\/{rel}","templated":true}]}}