{"id":67373,"date":"2021-03-17T01:24:02","date_gmt":"2021-03-17T01:24:02","guid":{"rendered":"https:\/\/espak.ee\/hinnakiri\/?post_type=product&#038;p=67373"},"modified":"2024-09-05T17:18:36","modified_gmt":"2024-09-05T14:18:36","slug":"prussaka-liimpuunis-victor-2tk-pakis","status":"publish","type":"product","link":"https:\/\/espak.ee\/epood\/toode\/prussaka-liimpuunis-victor-2tk-pakis\/","title":{"rendered":"Prussaka liimp\u00fc\u00fcnis Victor 2tk\/pakis"},"content":{"rendered":"<div class=\"row\"  id=\"row-1248221381\">\n\n\t<div id=\"col-648592791\" class=\"col medium-9 small-12 large-9\"  >\n\t\t\t\t<div class=\"col-inner\"  >\n\t\t\t\n\t\t\t\n<p>Prussaka liimp\u00fc\u00fcnis Victor kujutab endast ette kartongalusel peibutusainetega liimp\u00fc\u00fcnist prussakate ja teiste roomavate putukate p\u00fc\u00fcdmiseks. Prussakad j\u00e4\u00e4vad p\u00fc\u00fcnisesse ja ei reosta eluruume.<\/p>\n<p><strong>Kasutamine:<\/strong> Poolitage p\u00fc\u00fcnised m\u00f6\u00f6da perforeeritud riba. Esimeseks sammmuks eemaldage paberilt kaitsekiht. P\u00e4rast painutage l\u00f5ks telgikujuliseks ja kinnitage joonise kohaselt. Kolmandaks asetage l\u00f5ks p\u00f5randale seina \u00e4\u00e4rde kohta, kus putukad liiguvad v\u00f5i on n\u00e4htud liikumas. Mitte asetada otsese p\u00e4ikesevalguse ja soojusallikate l\u00e4hedusse. Peale kasutamist visata pr\u00fcgikasti.<\/p>\n\t\t<\/div>\n\t\t\t\t\t<\/div>\n\n\t\n\n\t<div id=\"col-1392545362\" class=\"col medium-3 small-12 large-3\"  >\n\t\t\t\t<div class=\"col-inner\"  >\n\t\t\t\n\t\t\t\n<p><strong>\u00dcksikasjalikuma n\u00f5u saamiseks v\u00f5tke \u00fchendust:<br \/><\/strong>Horticom O\u00dc<br \/>Looma\u0308e tee 11<br \/>Harjumaa<br \/>Tel: +372 60 11 727<\/p>\n\t\t<\/div>\n\t\t\t\t\t<\/div>\n\n\t\n<\/div>\n","protected":false},"excerpt":{"rendered":"","protected":false},"featured_media":77032,"comment_status":"closed","ping_status":"open","template":"","meta":[],"product_brand":[],"product_cat":[2789,2788,2884,4751],"product_tag":[],"class_list":{"0":"post-67373","1":"product","2":"type-product","3":"status-publish","4":"has-post-thumbnail","6":"product_cat-aiatarbed","7":"product_cat-aiatarbed-ja-kodukaubad","8":"product_cat-olmekahjurite-torjevahendid","9":"product_cat-roomavate-putukate-torjevahendid","10":"pa_kaubamark-horticom-ou","12":"first","13":"instock","14":"sale","15":"taxable","16":"shipping-taxable","17":"purchasable","18":"product-type-simple"},"yoast_head":"<!-- This site is optimized with the Yoast SEO plugin v26.9 - https:\/\/yoast.com\/product\/yoast-seo-wordpress\/ -->\n<title>Prussaka liimp\u00fc\u00fcnis Victor 2tk\/pakis - Espak E-pood<\/title>\n<meta name=\"robots\" content=\"index, follow, max-snippet:-1, max-image-preview:large, max-video-preview:-1\" \/>\n<link rel=\"canonical\" href=\"https:\/\/espak.ee\/epood\/toode\/prussaka-liimpuunis-victor-2tk-pakis\/\" \/>\n<meta property=\"og:locale\" content=\"et_EE\" \/>\n<meta property=\"og:type\" content=\"article\" \/>\n<meta property=\"og:title\" content=\"Prussaka liimp\u00fc\u00fcnis Victor 2tk\/pakis - Espak E-pood\" \/>\n<meta property=\"og:url\" content=\"https:\/\/espak.ee\/epood\/toode\/prussaka-liimpuunis-victor-2tk-pakis\/\" \/>\n<meta property=\"og:site_name\" content=\"Espak E-pood\" \/>\n<meta property=\"article:modified_time\" content=\"2024-09-05T14:18:36+00:00\" \/>\n<meta property=\"og:image\" content=\"https:\/\/espak.ee\/epood\/wp-content\/uploads\/2021\/04\/4742375000099.jpg\" \/>\n\t<meta property=\"og:image:width\" content=\"814\" \/>\n\t<meta property=\"og:image:height\" content=\"814\" \/>\n\t<meta property=\"og:image:type\" content=\"image\/jpeg\" \/>\n<meta name=\"twitter:card\" content=\"summary_large_image\" \/>\n<meta name=\"twitter:label1\" content=\"Est. reading time\" \/>\n\t<meta name=\"twitter:data1\" content=\"1 minut\" \/>\n<script type=\"application\/ld+json\" class=\"yoast-schema-graph\">{\"@context\":\"https:\/\/schema.org\",\"@graph\":[{\"@type\":\"WebPage\",\"@id\":\"https:\/\/espak.ee\/epood\/toode\/prussaka-liimpuunis-victor-2tk-pakis\/\",\"url\":\"https:\/\/espak.ee\/epood\/toode\/prussaka-liimpuunis-victor-2tk-pakis\/\",\"name\":\"Prussaka liimp\u00fc\u00fcnis Victor 2tk\/pakis - Espak E-pood\",\"isPartOf\":{\"@id\":\"https:\/\/espak.ee\/epood\/#website\"},\"primaryImageOfPage\":{\"@id\":\"https:\/\/espak.ee\/epood\/toode\/prussaka-liimpuunis-victor-2tk-pakis\/#primaryimage\"},\"image\":{\"@id\":\"https:\/\/espak.ee\/epood\/toode\/prussaka-liimpuunis-victor-2tk-pakis\/#primaryimage\"},\"thumbnailUrl\":\"https:\/\/espak.ee\/epood\/wp-content\/uploads\/2021\/04\/4742375000099.jpg\",\"datePublished\":\"2021-03-17T01:24:02+00:00\",\"dateModified\":\"2024-09-05T14:18:36+00:00\",\"breadcrumb\":{\"@id\":\"https:\/\/espak.ee\/epood\/toode\/prussaka-liimpuunis-victor-2tk-pakis\/#breadcrumb\"},\"inLanguage\":\"et\",\"potentialAction\":[{\"@type\":\"ReadAction\",\"target\":[\"https:\/\/espak.ee\/epood\/toode\/prussaka-liimpuunis-victor-2tk-pakis\/\"]}]},{\"@type\":\"ImageObject\",\"inLanguage\":\"et\",\"@id\":\"https:\/\/espak.ee\/epood\/toode\/prussaka-liimpuunis-victor-2tk-pakis\/#primaryimage\",\"url\":\"https:\/\/espak.ee\/epood\/wp-content\/uploads\/2021\/04\/4742375000099.jpg\",\"contentUrl\":\"https:\/\/espak.ee\/epood\/wp-content\/uploads\/2021\/04\/4742375000099.jpg\",\"width\":814,\"height\":814},{\"@type\":\"BreadcrumbList\",\"@id\":\"https:\/\/espak.ee\/epood\/toode\/prussaka-liimpuunis-victor-2tk-pakis\/#breadcrumb\",\"itemListElement\":[{\"@type\":\"ListItem\",\"position\":1,\"name\":\"Home\",\"item\":\"https:\/\/espak.ee\/epood\/\"},{\"@type\":\"ListItem\",\"position\":2,\"name\":\"Tootevalik\",\"item\":\"https:\/\/espak.ee\/epood\/tootevalik\/\"},{\"@type\":\"ListItem\",\"position\":3,\"name\":\"Prussaka liimp\u00fc\u00fcnis Victor 2tk\/pakis\"}]},{\"@type\":\"WebSite\",\"@id\":\"https:\/\/espak.ee\/epood\/#website\",\"url\":\"https:\/\/espak.ee\/epood\/\",\"name\":\"Espak E-pood\",\"description\":\"\",\"potentialAction\":[{\"@type\":\"SearchAction\",\"target\":{\"@type\":\"EntryPoint\",\"urlTemplate\":\"https:\/\/espak.ee\/epood\/?s={search_term_string}\"},\"query-input\":{\"@type\":\"PropertyValueSpecification\",\"valueRequired\":true,\"valueName\":\"search_term_string\"}}],\"inLanguage\":\"et\"}]}<\/script>\n<!-- \/ Yoast SEO plugin. -->","yoast_head_json":{"title":"Prussaka liimp\u00fc\u00fcnis Victor 2tk\/pakis - Espak E-pood","robots":{"index":"index","follow":"follow","max-snippet":"max-snippet:-1","max-image-preview":"max-image-preview:large","max-video-preview":"max-video-preview:-1"},"canonical":"https:\/\/espak.ee\/epood\/toode\/prussaka-liimpuunis-victor-2tk-pakis\/","og_locale":"et_EE","og_type":"article","og_title":"Prussaka liimp\u00fc\u00fcnis Victor 2tk\/pakis - Espak E-pood","og_url":"https:\/\/espak.ee\/epood\/toode\/prussaka-liimpuunis-victor-2tk-pakis\/","og_site_name":"Espak E-pood","article_modified_time":"2024-09-05T14:18:36+00:00","og_image":[{"width":814,"height":814,"url":"https:\/\/espak.ee\/epood\/wp-content\/uploads\/2021\/04\/4742375000099.jpg","type":"image\/jpeg"}],"twitter_card":"summary_large_image","twitter_misc":{"Est. reading time":"1 minut"},"schema":{"@context":"https:\/\/schema.org","@graph":[{"@type":"WebPage","@id":"https:\/\/espak.ee\/epood\/toode\/prussaka-liimpuunis-victor-2tk-pakis\/","url":"https:\/\/espak.ee\/epood\/toode\/prussaka-liimpuunis-victor-2tk-pakis\/","name":"Prussaka liimp\u00fc\u00fcnis Victor 2tk\/pakis - Espak E-pood","isPartOf":{"@id":"https:\/\/espak.ee\/epood\/#website"},"primaryImageOfPage":{"@id":"https:\/\/espak.ee\/epood\/toode\/prussaka-liimpuunis-victor-2tk-pakis\/#primaryimage"},"image":{"@id":"https:\/\/espak.ee\/epood\/toode\/prussaka-liimpuunis-victor-2tk-pakis\/#primaryimage"},"thumbnailUrl":"https:\/\/espak.ee\/epood\/wp-content\/uploads\/2021\/04\/4742375000099.jpg","datePublished":"2021-03-17T01:24:02+00:00","dateModified":"2024-09-05T14:18:36+00:00","breadcrumb":{"@id":"https:\/\/espak.ee\/epood\/toode\/prussaka-liimpuunis-victor-2tk-pakis\/#breadcrumb"},"inLanguage":"et","potentialAction":[{"@type":"ReadAction","target":["https:\/\/espak.ee\/epood\/toode\/prussaka-liimpuunis-victor-2tk-pakis\/"]}]},{"@type":"ImageObject","inLanguage":"et","@id":"https:\/\/espak.ee\/epood\/toode\/prussaka-liimpuunis-victor-2tk-pakis\/#primaryimage","url":"https:\/\/espak.ee\/epood\/wp-content\/uploads\/2021\/04\/4742375000099.jpg","contentUrl":"https:\/\/espak.ee\/epood\/wp-content\/uploads\/2021\/04\/4742375000099.jpg","width":814,"height":814},{"@type":"BreadcrumbList","@id":"https:\/\/espak.ee\/epood\/toode\/prussaka-liimpuunis-victor-2tk-pakis\/#breadcrumb","itemListElement":[{"@type":"ListItem","position":1,"name":"Home","item":"https:\/\/espak.ee\/epood\/"},{"@type":"ListItem","position":2,"name":"Tootevalik","item":"https:\/\/espak.ee\/epood\/tootevalik\/"},{"@type":"ListItem","position":3,"name":"Prussaka liimp\u00fc\u00fcnis Victor 2tk\/pakis"}]},{"@type":"WebSite","@id":"https:\/\/espak.ee\/epood\/#website","url":"https:\/\/espak.ee\/epood\/","name":"Espak E-pood","description":"","potentialAction":[{"@type":"SearchAction","target":{"@type":"EntryPoint","urlTemplate":"https:\/\/espak.ee\/epood\/?s={search_term_string}"},"query-input":{"@type":"PropertyValueSpecification","valueRequired":true,"valueName":"search_term_string"}}],"inLanguage":"et"}]}},"_links":{"self":[{"href":"https:\/\/espak.ee\/epood\/wp-json\/wp\/v2\/product\/67373","targetHints":{"allow":["GET"]}}],"collection":[{"href":"https:\/\/espak.ee\/epood\/wp-json\/wp\/v2\/product"}],"about":[{"href":"https:\/\/espak.ee\/epood\/wp-json\/wp\/v2\/types\/product"}],"replies":[{"embeddable":true,"href":"https:\/\/espak.ee\/epood\/wp-json\/wp\/v2\/comments?post=67373"}],"wp:featuredmedia":[{"embeddable":true,"href":"https:\/\/espak.ee\/epood\/wp-json\/wp\/v2\/media\/77032"}],"wp:attachment":[{"href":"https:\/\/espak.ee\/epood\/wp-json\/wp\/v2\/media?parent=67373"}],"wp:term":[{"taxonomy":"product_brand","embeddable":true,"href":"https:\/\/espak.ee\/epood\/wp-json\/wp\/v2\/product_brand?post=67373"},{"taxonomy":"product_cat","embeddable":true,"href":"https:\/\/espak.ee\/epood\/wp-json\/wp\/v2\/product_cat?post=67373"},{"taxonomy":"product_tag","embeddable":true,"href":"https:\/\/espak.ee\/epood\/wp-json\/wp\/v2\/product_tag?post=67373"}],"curies":[{"name":"wp","href":"https:\/\/api.w.org\/{rel}","templated":true}]}}