{"id":66054,"date":"2021-03-12T05:31:49","date_gmt":"2021-03-12T05:31:49","guid":{"rendered":"https:\/\/espak.ee\/hinnakiri\/?post_type=product&#038;p=66054"},"modified":"2026-03-01T20:38:14","modified_gmt":"2026-03-01T18:38:14","slug":"pulberkustuti-tamrex-premium-6kg","status":"publish","type":"product","link":"https:\/\/espak.ee\/epood\/toode\/pulberkustuti-tamrex-premium-6kg\/","title":{"rendered":"PULBERKUSTUTI TAMREX PREMIUM 6KG"},"content":{"rendered":"<div class=\"row\"  id=\"row-1216096204\">\n\n\t<div id=\"col-2130100513\" class=\"col medium-9 small-12 large-9\"  >\n\t\t\t\t<div class=\"col-inner\"  >\n\t\t\t\n\t\t\t\n<h3>Pulberkustuti Premium 6 kg Tamrex<\/h3>\n<p>K\u00f5ik selles tulekustutis on parem kui mistahes teisel 6 kg pulberkustutil. See on edasiarendus TAMREXi 6 kg pulberkustutist: roostevabast metallist ventiilikomplekt ja kahvad, kvaliteetne voolik ja kustutuspulber, mille t\u00f6\u00f6v\u00f5ime t\u00f5stsime 12 kg pulberkustuti tasemele. \u00dclimalt t\u00f5hus pulberkustuti sobib pea k\u00f5ikjale: ettev\u00f5tted\/asutused, kodu, suvila, auto, buss, laev jne.<\/p>\n<p>Kvaliteetsest kummist voolikuga on mugav kustutusjuga suunata. Manomeetri kontrollimise v\u00f5imalus ning kaitseklapp tagavad t\u00f6\u00f6kindluse ja ohutuse. Tugevast plastikust p\u00f5hjakaitse ja vastupidavast paksust metallist kest annavad pika eluea \u2013 30 ja enam aastat.<\/p>\n<p>Selles pulberkustutis on rohkem j\u00f5udu, v\u00f5imekust, funktsionaalsust, eluiga (30 ja enam aastat) ja k\u00fcmne aastane garantii.<\/p>\n<p>TAMREXi 6 kg Premium pulberkustutil palju eeliseid teiste sama suure laengumassiga tulekustutite ees. Selles on kvaliteetsem kustutuspulber ning vastupidavast EPDM kummisegust voolik, mis aja jooksul ei pragune. Metallist vooliku keermeosa lisab kestvust veelgi.<\/p>\n<p>Tulekustuti on varustatud lisaks manomeetrile eraldi kontrollventiiliga, millest saab mittestatsionaarse seadmega r\u00f5hku m\u00f5\u00f5ta, et kontrollida tulekustuti manomeetri t\u00f6\u00f6korras olekut. NB! Manomeetri seier ei pruugi alati \u00f5igesti n\u00e4idata. Seet\u00f5ttu on eraldi kontrollventiil oluline lisav\u00f5imalus tulekustuti t\u00f6\u00f6kindluse tagamiseks.<\/p>\n<p>Roostevabast terasest ventiilikomplekt ja kahvad on vastupidavamad.<\/p>\n<p>Tehases tulekustutile teostatud heeliumtest tagab parema lekkekindluse kui harilik test \u00f5huga.<\/p>\n<p><strong>Parim kustutuspulber<\/strong><br \/>\nSugugi mitte k\u00f5ik pulbrisegud, millega erinevad tootjad oma tulekustuteid t\u00e4idavad, pole \u00fchtviisi efektiivsed. Kustutusv\u00f5imsus v\u00f5ib olenevalt tulekustutist erineda lausa mitmeid kordi.<br \/>\nTAMREX Premium pulberkustutites kasutame vaid parimat, efektiivset, k\u00f5rgete n\u00e4itajatega kvaliteetset kustutuspulbrit.<\/p>\n<p><strong>Pikk hooldusv\u00e4lp<\/strong><br \/>\nPika hooldusv\u00e4lbaga TAMREX Premium pulberkustutite kestad on paksust ja kvaliteetsest metallist l\u00f5igatud v\u00e4lja selliselt, et tekiks v\u00f5imalikult v\u00e4he keevis\u00f5mblusi. Tugevast plastikust jalg v\u00e4hendab h\u00f5\u00f5rdumist tulekustuti teisaldamisel \u00fchest kohast teise, pikendades seadme eluiga veelgi.<\/p>\n<p>Pidage meeles oma tulekustutit regulaarselt usaldusv\u00e4\u00e4rsete spetsialistide juures kontrollida ja hooldada.<\/p>\n<p>Kui hoiate tulekustutit autos, laevas v\u00f5i mujal, kus sellele v\u00f5ivad m\u00f5juda keerulisemad tingimused nagu k\u00fclmakraadid, niiskus, vibratsioon jms, tooge oma seade kontrolli igal aastal. Kodus v\u00f5i mujal heades tingimustes hoitavat tulekustutit v\u00f5ib kontrollida iga kahe aasta tagant.<br \/>\nHooldusesse tuleb tulekustuti tuua siis, kui olete seda kasutanud (kasv\u00f5i veidi) v\u00f5i on k\u00e4es tootja poolt etten\u00e4htud perioodiline hooldus ja survetest. TAMREXi pulberkustutite hooldusv\u00e4lp on 10 aastat. N\u00f5rgema kvaliteediga tulekustutitel m\u00f5nikord vaid 5. aastat.<\/p>\n<p>TAMREX Premium sarja pulberkustutid on tervikuna kvaliteetsemad, t\u00f6\u00f6kindlamad ning efektiivsusn\u00e4itajad paremad kui mistahes teistel tulekustutitel.<\/p>\n<p>Oma pere, kodu ja vara kaitsmiseks peavad olema parimad v\u00f5imalikud vahendid. See pole koht, kus kokku hoida, vaid siin tuleb targalt kulutada. Suhteliselt v\u00e4ikest investeeringut n\u00f5udva seadme eluiga on 30 ja enam aastat.<\/p>\n<p>Garantii:10 aastat (kehtib heaperemehelikult hoitud, regulaarselt kontrollitud ja hooldatud tulekustutitele).<\/p>\n<p><strong>T\u00f6\u00f6kindel ja sertifitseeritud<\/strong><br \/>\nEfektiivsusklassid: 55A \u2013 233B \u2013 C<\/p>\n<p>Sertifikaadid: EN 3-7; PED 97\/23\/EC; MED96\/98\/EC; CE.<\/p>\n\t\t<\/div>\n\t\t\t\t\t<\/div>\n\n\t\n\n\t<div id=\"col-171844227\" class=\"col medium-3 small-12 large-3\"  >\n\t\t\t\t<div class=\"col-inner\"  >\n\t\t\t\n\t\t\t\n\t<div id=\"gap-1349922288\" class=\"gap-element clearfix\" style=\"display:block; height:auto;\">\n\t\t\n<style>\n#gap-1349922288 {\n  padding-top: 30px;\n}\n<\/style>\n\t<\/div>\n\t\n<p><strong>\u00dcksikasjalikuma n\u00f5u saamiseks v\u00f5tke \u00fchendust:<br \/><\/strong>Tamrex Ohutuse O\u00dc<br \/>Laki 5<br \/>10621<br \/>Tallinn<br \/>+372 654 9900<\/p>\n\t\t<\/div>\n\t\t\t\t\t<\/div>\n\n\t\n<\/div>\n","protected":false},"excerpt":{"rendered":"","protected":false},"featured_media":66622,"comment_status":"closed","ping_status":"closed","template":"","meta":[],"product_brand":[],"product_cat":[2788,2973,3036,2972],"product_tag":[],"class_list":{"0":"post-66054","1":"product","2":"type-product","3":"status-publish","4":"has-post-thumbnail","6":"product_cat-aiatarbed-ja-kodukaubad","7":"product_cat-isikukaitsevahendid","8":"product_cat-muud-isikukaitsevahendid","9":"product_cat-tookaitsevahendid","10":"pa_kaubamark-tamrex-ohutuse-ou","12":"first","13":"instock","14":"sale","15":"taxable","16":"shipping-taxable","17":"purchasable","18":"product-type-simple"},"yoast_head":"<!-- This site is optimized with the Yoast SEO plugin v26.9 - https:\/\/yoast.com\/product\/yoast-seo-wordpress\/ -->\n<title>PULBERKUSTUTI TAMREX PREMIUM 6KG - Espak E-pood<\/title>\n<meta name=\"robots\" content=\"index, follow, max-snippet:-1, max-image-preview:large, max-video-preview:-1\" \/>\n<link rel=\"canonical\" href=\"https:\/\/espak.ee\/epood\/toode\/pulberkustuti-tamrex-premium-6kg\/\" \/>\n<meta property=\"og:locale\" content=\"et_EE\" \/>\n<meta property=\"og:type\" content=\"article\" \/>\n<meta property=\"og:title\" content=\"PULBERKUSTUTI TAMREX PREMIUM 6KG - Espak E-pood\" \/>\n<meta property=\"og:url\" content=\"https:\/\/espak.ee\/epood\/toode\/pulberkustuti-tamrex-premium-6kg\/\" \/>\n<meta property=\"og:site_name\" content=\"Espak E-pood\" \/>\n<meta property=\"article:modified_time\" content=\"2026-03-01T18:38:14+00:00\" \/>\n<meta property=\"og:image\" content=\"https:\/\/espak.ee\/epood\/wp-content\/uploads\/tamrex-6-kg-premium-pulberkustuti.jpg.png\" \/>\n\t<meta property=\"og:image:width\" content=\"800\" \/>\n\t<meta property=\"og:image:height\" content=\"800\" \/>\n\t<meta property=\"og:image:type\" content=\"image\/png\" \/>\n<meta name=\"twitter:card\" content=\"summary_large_image\" \/>\n<meta name=\"twitter:label1\" content=\"Est. reading time\" \/>\n\t<meta name=\"twitter:data1\" content=\"2 minutit\" \/>\n<script type=\"application\/ld+json\" class=\"yoast-schema-graph\">{\"@context\":\"https:\/\/schema.org\",\"@graph\":[{\"@type\":\"WebPage\",\"@id\":\"https:\/\/espak.ee\/epood\/toode\/pulberkustuti-tamrex-premium-6kg\/\",\"url\":\"https:\/\/espak.ee\/epood\/toode\/pulberkustuti-tamrex-premium-6kg\/\",\"name\":\"PULBERKUSTUTI TAMREX PREMIUM 6KG - Espak E-pood\",\"isPartOf\":{\"@id\":\"https:\/\/espak.ee\/epood\/#website\"},\"primaryImageOfPage\":{\"@id\":\"https:\/\/espak.ee\/epood\/toode\/pulberkustuti-tamrex-premium-6kg\/#primaryimage\"},\"image\":{\"@id\":\"https:\/\/espak.ee\/epood\/toode\/pulberkustuti-tamrex-premium-6kg\/#primaryimage\"},\"thumbnailUrl\":\"https:\/\/espak.ee\/epood\/wp-content\/uploads\/tamrex-6-kg-premium-pulberkustuti.jpg.png\",\"datePublished\":\"2021-03-12T05:31:49+00:00\",\"dateModified\":\"2026-03-01T18:38:14+00:00\",\"breadcrumb\":{\"@id\":\"https:\/\/espak.ee\/epood\/toode\/pulberkustuti-tamrex-premium-6kg\/#breadcrumb\"},\"inLanguage\":\"et\",\"potentialAction\":[{\"@type\":\"ReadAction\",\"target\":[\"https:\/\/espak.ee\/epood\/toode\/pulberkustuti-tamrex-premium-6kg\/\"]}]},{\"@type\":\"ImageObject\",\"inLanguage\":\"et\",\"@id\":\"https:\/\/espak.ee\/epood\/toode\/pulberkustuti-tamrex-premium-6kg\/#primaryimage\",\"url\":\"https:\/\/espak.ee\/epood\/wp-content\/uploads\/tamrex-6-kg-premium-pulberkustuti.jpg.png\",\"contentUrl\":\"https:\/\/espak.ee\/epood\/wp-content\/uploads\/tamrex-6-kg-premium-pulberkustuti.jpg.png\",\"width\":800,\"height\":800},{\"@type\":\"BreadcrumbList\",\"@id\":\"https:\/\/espak.ee\/epood\/toode\/pulberkustuti-tamrex-premium-6kg\/#breadcrumb\",\"itemListElement\":[{\"@type\":\"ListItem\",\"position\":1,\"name\":\"Home\",\"item\":\"https:\/\/espak.ee\/epood\/\"},{\"@type\":\"ListItem\",\"position\":2,\"name\":\"Tootevalik\",\"item\":\"https:\/\/espak.ee\/epood\/tootevalik\/\"},{\"@type\":\"ListItem\",\"position\":3,\"name\":\"PULBERKUSTUTI TAMREX PREMIUM 6KG\"}]},{\"@type\":\"WebSite\",\"@id\":\"https:\/\/espak.ee\/epood\/#website\",\"url\":\"https:\/\/espak.ee\/epood\/\",\"name\":\"Espak E-pood\",\"description\":\"\",\"potentialAction\":[{\"@type\":\"SearchAction\",\"target\":{\"@type\":\"EntryPoint\",\"urlTemplate\":\"https:\/\/espak.ee\/epood\/?s={search_term_string}\"},\"query-input\":{\"@type\":\"PropertyValueSpecification\",\"valueRequired\":true,\"valueName\":\"search_term_string\"}}],\"inLanguage\":\"et\"}]}<\/script>\n<!-- \/ Yoast SEO plugin. -->","yoast_head_json":{"title":"PULBERKUSTUTI TAMREX PREMIUM 6KG - Espak E-pood","robots":{"index":"index","follow":"follow","max-snippet":"max-snippet:-1","max-image-preview":"max-image-preview:large","max-video-preview":"max-video-preview:-1"},"canonical":"https:\/\/espak.ee\/epood\/toode\/pulberkustuti-tamrex-premium-6kg\/","og_locale":"et_EE","og_type":"article","og_title":"PULBERKUSTUTI TAMREX PREMIUM 6KG - Espak E-pood","og_url":"https:\/\/espak.ee\/epood\/toode\/pulberkustuti-tamrex-premium-6kg\/","og_site_name":"Espak E-pood","article_modified_time":"2026-03-01T18:38:14+00:00","og_image":[{"width":800,"height":800,"url":"https:\/\/espak.ee\/epood\/wp-content\/uploads\/tamrex-6-kg-premium-pulberkustuti.jpg.png","type":"image\/png"}],"twitter_card":"summary_large_image","twitter_misc":{"Est. reading time":"2 minutit"},"schema":{"@context":"https:\/\/schema.org","@graph":[{"@type":"WebPage","@id":"https:\/\/espak.ee\/epood\/toode\/pulberkustuti-tamrex-premium-6kg\/","url":"https:\/\/espak.ee\/epood\/toode\/pulberkustuti-tamrex-premium-6kg\/","name":"PULBERKUSTUTI TAMREX PREMIUM 6KG - Espak E-pood","isPartOf":{"@id":"https:\/\/espak.ee\/epood\/#website"},"primaryImageOfPage":{"@id":"https:\/\/espak.ee\/epood\/toode\/pulberkustuti-tamrex-premium-6kg\/#primaryimage"},"image":{"@id":"https:\/\/espak.ee\/epood\/toode\/pulberkustuti-tamrex-premium-6kg\/#primaryimage"},"thumbnailUrl":"https:\/\/espak.ee\/epood\/wp-content\/uploads\/tamrex-6-kg-premium-pulberkustuti.jpg.png","datePublished":"2021-03-12T05:31:49+00:00","dateModified":"2026-03-01T18:38:14+00:00","breadcrumb":{"@id":"https:\/\/espak.ee\/epood\/toode\/pulberkustuti-tamrex-premium-6kg\/#breadcrumb"},"inLanguage":"et","potentialAction":[{"@type":"ReadAction","target":["https:\/\/espak.ee\/epood\/toode\/pulberkustuti-tamrex-premium-6kg\/"]}]},{"@type":"ImageObject","inLanguage":"et","@id":"https:\/\/espak.ee\/epood\/toode\/pulberkustuti-tamrex-premium-6kg\/#primaryimage","url":"https:\/\/espak.ee\/epood\/wp-content\/uploads\/tamrex-6-kg-premium-pulberkustuti.jpg.png","contentUrl":"https:\/\/espak.ee\/epood\/wp-content\/uploads\/tamrex-6-kg-premium-pulberkustuti.jpg.png","width":800,"height":800},{"@type":"BreadcrumbList","@id":"https:\/\/espak.ee\/epood\/toode\/pulberkustuti-tamrex-premium-6kg\/#breadcrumb","itemListElement":[{"@type":"ListItem","position":1,"name":"Home","item":"https:\/\/espak.ee\/epood\/"},{"@type":"ListItem","position":2,"name":"Tootevalik","item":"https:\/\/espak.ee\/epood\/tootevalik\/"},{"@type":"ListItem","position":3,"name":"PULBERKUSTUTI TAMREX PREMIUM 6KG"}]},{"@type":"WebSite","@id":"https:\/\/espak.ee\/epood\/#website","url":"https:\/\/espak.ee\/epood\/","name":"Espak E-pood","description":"","potentialAction":[{"@type":"SearchAction","target":{"@type":"EntryPoint","urlTemplate":"https:\/\/espak.ee\/epood\/?s={search_term_string}"},"query-input":{"@type":"PropertyValueSpecification","valueRequired":true,"valueName":"search_term_string"}}],"inLanguage":"et"}]}},"_links":{"self":[{"href":"https:\/\/espak.ee\/epood\/wp-json\/wp\/v2\/product\/66054","targetHints":{"allow":["GET"]}}],"collection":[{"href":"https:\/\/espak.ee\/epood\/wp-json\/wp\/v2\/product"}],"about":[{"href":"https:\/\/espak.ee\/epood\/wp-json\/wp\/v2\/types\/product"}],"replies":[{"embeddable":true,"href":"https:\/\/espak.ee\/epood\/wp-json\/wp\/v2\/comments?post=66054"}],"wp:featuredmedia":[{"embeddable":true,"href":"https:\/\/espak.ee\/epood\/wp-json\/wp\/v2\/media\/66622"}],"wp:attachment":[{"href":"https:\/\/espak.ee\/epood\/wp-json\/wp\/v2\/media?parent=66054"}],"wp:term":[{"taxonomy":"product_brand","embeddable":true,"href":"https:\/\/espak.ee\/epood\/wp-json\/wp\/v2\/product_brand?post=66054"},{"taxonomy":"product_cat","embeddable":true,"href":"https:\/\/espak.ee\/epood\/wp-json\/wp\/v2\/product_cat?post=66054"},{"taxonomy":"product_tag","embeddable":true,"href":"https:\/\/espak.ee\/epood\/wp-json\/wp\/v2\/product_tag?post=66054"}],"curies":[{"name":"wp","href":"https:\/\/api.w.org\/{rel}","templated":true}]}}