{"id":66030,"date":"2021-03-12T03:01:55","date_gmt":"2021-03-12T03:01:55","guid":{"rendered":"https:\/\/espak.ee\/hinnakiri\/?post_type=product&#038;p=66030"},"modified":"2026-04-14T10:05:55","modified_gmt":"2026-04-14T07:05:55","slug":"lateksvahust-peopesaga-talvekindad-tamrex-nr-7","status":"publish","type":"product","link":"https:\/\/espak.ee\/epood\/toode\/lateksvahust-peopesaga-talvekindad-tamrex-nr-7\/","title":{"rendered":"LATEKSVAHUST PEOPESAGA TALVEKINDAD TAMREX NR 7"},"content":{"rendered":"<div class=\"row\"  id=\"row-148831211\">\n\n\t<div id=\"col-1787723940\" class=\"col medium-9 small-12 large-9\"  >\n\t\t\t\t<div class=\"col-inner\"  >\n\t\t\t\n\t\t\t\n<h3>Lateksvahust peopesaga talvekindad Tamrex  <\/h3>\n<p>\u00d5huline lateksvaht peopesas ja s\u00f5rmedel j\u00e4\u00e4b pehmeks ka kr\u00f5bedate miinuskraadide juures ning on v\u00e4ga heade haardeomadustega nii kuivana kui m\u00e4rjana.<br \/>\nHarjatud pol\u00fcestervooder kinnaste sees on k\u00e4te vastas pehme ning aitab hoida soojust, sest harjatud pind mahutab enam sooja \u00f5hku.<br \/>\nNeed on universaalsed kindad juhtudeks, kui vajate k\u00e4tele kaitset k\u00fclmal ajal. V\u00e4ga laia suuruste vahemik (5-12) h\u00f5lmab nii laste, naiste kui ka meeste suurused. Kasutage neid kodu \u00fcmber toimetades, lumerookimiseks, puude ladumiseks jm v\u00f5i t\u00f6\u00f6 juures.<\/p>\n<p>Need kindad ei ole veekindlad, seda selleks, et s\u00e4ilitada peopesa ja s\u00f5rmede kattematerjali pehmus. Veekindlad latekskindad on j\u00e4igad ja k\u00fclmad ning muutuvad seda j\u00e4igemaks, mida madalamale temperatuur langeb. Sellisel juhul ei paku need k\u00e4tele enam head kaitset ega ole ka kuigi mugavad.<br \/>\nVeekindlus ei ole talvekinnaste juures alati oluline, sest temperatuuriga 0 kraadist madalamale ei ole \u00f5ues enam vett. K\u00fcll aga on t\u00e4hts omadus hingavus, mis juhiks aktiivse t\u00f6\u00f6 korral \u00fcleliigse soojuse kinda seest v\u00e4lja, et hoida k\u00e4ed kauem kuivad ja soojad.<\/p>\n<p>Erkkollane k\u00e4eselg teeb kinnaste kandja paremini n\u00e4htavaks!<\/p>\n<p>Tegemist on t\u00f6\u00f6kinnastega, mis kaitsevad t\u00f6\u00f6tegijat mehhaaniliste ohtude eest (Kat 2), mis t\u00e4hendab, et kinnaste kaitseomadusi on testitud.<\/p>\n<p>M\u00f5istlik on varuda endale erinevaid kindaid, et vastavalt ilmastikuoludele optimaalne valik teha. Olemas v\u00f5iksid olla ekstra soojad kindad juhuks, kui tuleb kr\u00f5bek\u00fclm talvep\u00e4ev (Thinsulate\u00ae G120 voodriga), pisut \u00f5hema voodriga (Thinsulate G80 v\u00f5i G60) kindad nulli ja k\u00fcmne miinuskraadi vahel kasutamiseks aga ka veekindlad ja hingavad talvekindad, mida kasutada siis, kui \u00f5hutemperatuur \u00fcle nulli t\u00f5useb ning olud on niiskemad v\u00f5i koguni m\u00e4rjad. <\/p>\n<div class=\"message-box relative\" style=\"padding-top:15px;padding-bottom:15px;\"><div class=\"message-box-bg-image bg-fill fill\" ><\/div><div class=\"message-box-bg-overlay bg-fill fill\" ><\/div><div class=\"container relative\"><div class=\"inner last-reset\">\n<div class=\"row align-middle align-center\"  id=\"row-811131414\">\n\n\t<div id=\"col-1068171317\" class=\"col small-12 large-12\"  >\n\t\t\t\t<div class=\"col-inner text-left\"  >\n\t\t\t\n\t\t\t\n<div class=\"row\"  id=\"row-604132861\">\n\n\t<div id=\"col-1569573650\" class=\"col medium-6 small-12 large-6\"  >\n\t\t\t\t<div class=\"col-inner\"  >\n\t\t\t\n\t\t\t\n<p><i class=\"fa fa-check  fa-2x\"><\/i><strong>Soojad, v\u00e4ga mugavad ning vastupidavad neoonkollase k\u00e4eseljaga kindad sobivad k\u00f5ikv\u00f5imalike \u00fcldt\u00f6\u00f6de tegemiseks ehitusel, ladudes, metsas, kalal, kodumajapidamises vm<\/strong><\/p>\n\t\t<\/div>\n\t\t\t\t\n<style>\n#col-1569573650 > .col-inner {\n  margin: 0px 0px 15px 0px;\n}\n<\/style>\n\t<\/div>\n\n\t\n\n\t<div id=\"col-1417495946\" class=\"col medium-6 small-12 large-6\"  >\n\t\t\t\t<div class=\"col-inner\"  >\n\t\t\t\n\t\t\t\n<p><i class=\"fa fa-check fa-2x\"><\/i><strong> \u00dclimalt soe ja pehme lateksvaht s\u00e4ilitab oma head omadused ka ektreemse k\u00fclmaga<\/strong><\/p>\n\t\t<\/div>\n\t\t\t\t\n<style>\n#col-1417495946 > .col-inner {\n  margin: 0px 0px 15px 0px;\n}\n<\/style>\n\t<\/div>\n\n\t\n<\/div>\n\t\t<\/div>\n\t\t\t\t\t<\/div>\n\n\t\n<\/div>\n<\/div><\/div><\/div>\n\t<div id=\"gap-513407333\" class=\"gap-element clearfix\" style=\"display:block; height:auto;\">\n\t\t\n<style>\n#gap-513407333 {\n  padding-top: 30px;\n}\n<\/style>\n\t<\/div>\n\t\n\t\t<\/div>\n\t\t\t\t\t<\/div>\n\n\t\n\n\t<div id=\"col-2059926631\" class=\"col medium-3 small-12 large-3\"  >\n\t\t\t\t<div class=\"col-inner\"  >\n\t\t\t\n\t\t\t\n\t<div id=\"gap-671149734\" class=\"gap-element clearfix\" style=\"display:block; height:auto;\">\n\t\t\n<style>\n#gap-671149734 {\n  padding-top: 30px;\n}\n<\/style>\n\t<\/div>\n\t\n<p><strong>\u00dcksikasjalikuma n\u00f5u saamiseks v\u00f5tke \u00fchendust:<br \/><\/strong>Tamrex Ohutuse O\u00dc<br \/>Laki 5<br \/>10621<br \/>Tallinn<br \/>+372 654 9900<\/p>\n\t\t<\/div>\n\t\t\t\t\t<\/div>\n\n\t\n<\/div>\n","protected":false},"excerpt":{"rendered":"","protected":false},"featured_media":66243,"comment_status":"closed","ping_status":"closed","template":"","meta":[],"product_brand":[],"product_cat":[2788,2976,2979,2972],"product_tag":[],"class_list":{"0":"post-66030","1":"product","2":"type-product","3":"status-publish","4":"has-post-thumbnail","6":"product_cat-aiatarbed-ja-kodukaubad","7":"product_cat-kindad","8":"product_cat-talvekindad","9":"product_cat-tookaitsevahendid","10":"pa_kaubamark-tamrex-ohutuse-ou","12":"first","13":"instock","14":"sale","15":"taxable","16":"shipping-taxable","17":"purchasable","18":"product-type-simple"},"yoast_head":"<!-- This site is optimized with the Yoast SEO plugin v26.9 - https:\/\/yoast.com\/product\/yoast-seo-wordpress\/ -->\n<title>LATEKSVAHUST PEOPESAGA TALVEKINDAD TAMREX NR 7 - Espak E-pood<\/title>\n<meta name=\"robots\" content=\"index, follow, max-snippet:-1, max-image-preview:large, max-video-preview:-1\" \/>\n<link rel=\"canonical\" href=\"https:\/\/espak.ee\/epood\/toode\/lateksvahust-peopesaga-talvekindad-tamrex-nr-7\/\" \/>\n<meta property=\"og:locale\" content=\"et_EE\" \/>\n<meta property=\"og:type\" content=\"article\" \/>\n<meta property=\"og:title\" content=\"LATEKSVAHUST PEOPESAGA TALVEKINDAD TAMREX NR 7 - Espak E-pood\" \/>\n<meta property=\"og:url\" content=\"https:\/\/espak.ee\/epood\/toode\/lateksvahust-peopesaga-talvekindad-tamrex-nr-7\/\" \/>\n<meta property=\"og:site_name\" content=\"Espak E-pood\" \/>\n<meta property=\"article:modified_time\" content=\"2026-04-14T07:05:55+00:00\" \/>\n<meta property=\"og:image\" content=\"https:\/\/espak.ee\/epood\/wp-content\/uploads\/tamrex-lateksvahust-peopesaga-talvekindad.jpg.png\" \/>\n\t<meta property=\"og:image:width\" content=\"800\" \/>\n\t<meta property=\"og:image:height\" content=\"800\" \/>\n\t<meta property=\"og:image:type\" content=\"image\/png\" \/>\n<meta name=\"twitter:card\" content=\"summary_large_image\" \/>\n<meta name=\"twitter:label1\" content=\"Est. reading time\" \/>\n\t<meta name=\"twitter:data1\" content=\"2 minutit\" \/>\n<script type=\"application\/ld+json\" class=\"yoast-schema-graph\">{\"@context\":\"https:\/\/schema.org\",\"@graph\":[{\"@type\":\"WebPage\",\"@id\":\"https:\/\/espak.ee\/epood\/toode\/lateksvahust-peopesaga-talvekindad-tamrex-nr-7\/\",\"url\":\"https:\/\/espak.ee\/epood\/toode\/lateksvahust-peopesaga-talvekindad-tamrex-nr-7\/\",\"name\":\"LATEKSVAHUST PEOPESAGA TALVEKINDAD TAMREX NR 7 - Espak E-pood\",\"isPartOf\":{\"@id\":\"https:\/\/espak.ee\/epood\/#website\"},\"primaryImageOfPage\":{\"@id\":\"https:\/\/espak.ee\/epood\/toode\/lateksvahust-peopesaga-talvekindad-tamrex-nr-7\/#primaryimage\"},\"image\":{\"@id\":\"https:\/\/espak.ee\/epood\/toode\/lateksvahust-peopesaga-talvekindad-tamrex-nr-7\/#primaryimage\"},\"thumbnailUrl\":\"https:\/\/espak.ee\/epood\/wp-content\/uploads\/tamrex-lateksvahust-peopesaga-talvekindad.jpg.png\",\"datePublished\":\"2021-03-12T03:01:55+00:00\",\"dateModified\":\"2026-04-14T07:05:55+00:00\",\"breadcrumb\":{\"@id\":\"https:\/\/espak.ee\/epood\/toode\/lateksvahust-peopesaga-talvekindad-tamrex-nr-7\/#breadcrumb\"},\"inLanguage\":\"et\",\"potentialAction\":[{\"@type\":\"ReadAction\",\"target\":[\"https:\/\/espak.ee\/epood\/toode\/lateksvahust-peopesaga-talvekindad-tamrex-nr-7\/\"]}]},{\"@type\":\"ImageObject\",\"inLanguage\":\"et\",\"@id\":\"https:\/\/espak.ee\/epood\/toode\/lateksvahust-peopesaga-talvekindad-tamrex-nr-7\/#primaryimage\",\"url\":\"https:\/\/espak.ee\/epood\/wp-content\/uploads\/tamrex-lateksvahust-peopesaga-talvekindad.jpg.png\",\"contentUrl\":\"https:\/\/espak.ee\/epood\/wp-content\/uploads\/tamrex-lateksvahust-peopesaga-talvekindad.jpg.png\",\"width\":800,\"height\":800},{\"@type\":\"BreadcrumbList\",\"@id\":\"https:\/\/espak.ee\/epood\/toode\/lateksvahust-peopesaga-talvekindad-tamrex-nr-7\/#breadcrumb\",\"itemListElement\":[{\"@type\":\"ListItem\",\"position\":1,\"name\":\"Home\",\"item\":\"https:\/\/espak.ee\/epood\/\"},{\"@type\":\"ListItem\",\"position\":2,\"name\":\"Tootevalik\",\"item\":\"https:\/\/espak.ee\/epood\/tootevalik\/\"},{\"@type\":\"ListItem\",\"position\":3,\"name\":\"LATEKSVAHUST PEOPESAGA TALVEKINDAD TAMREX NR 7\"}]},{\"@type\":\"WebSite\",\"@id\":\"https:\/\/espak.ee\/epood\/#website\",\"url\":\"https:\/\/espak.ee\/epood\/\",\"name\":\"Espak E-pood\",\"description\":\"\",\"potentialAction\":[{\"@type\":\"SearchAction\",\"target\":{\"@type\":\"EntryPoint\",\"urlTemplate\":\"https:\/\/espak.ee\/epood\/?s={search_term_string}\"},\"query-input\":{\"@type\":\"PropertyValueSpecification\",\"valueRequired\":true,\"valueName\":\"search_term_string\"}}],\"inLanguage\":\"et\"}]}<\/script>\n<!-- \/ Yoast SEO plugin. -->","yoast_head_json":{"title":"LATEKSVAHUST PEOPESAGA TALVEKINDAD TAMREX NR 7 - Espak E-pood","robots":{"index":"index","follow":"follow","max-snippet":"max-snippet:-1","max-image-preview":"max-image-preview:large","max-video-preview":"max-video-preview:-1"},"canonical":"https:\/\/espak.ee\/epood\/toode\/lateksvahust-peopesaga-talvekindad-tamrex-nr-7\/","og_locale":"et_EE","og_type":"article","og_title":"LATEKSVAHUST PEOPESAGA TALVEKINDAD TAMREX NR 7 - Espak E-pood","og_url":"https:\/\/espak.ee\/epood\/toode\/lateksvahust-peopesaga-talvekindad-tamrex-nr-7\/","og_site_name":"Espak E-pood","article_modified_time":"2026-04-14T07:05:55+00:00","og_image":[{"width":800,"height":800,"url":"https:\/\/espak.ee\/epood\/wp-content\/uploads\/tamrex-lateksvahust-peopesaga-talvekindad.jpg.png","type":"image\/png"}],"twitter_card":"summary_large_image","twitter_misc":{"Est. reading time":"2 minutit"},"schema":{"@context":"https:\/\/schema.org","@graph":[{"@type":"WebPage","@id":"https:\/\/espak.ee\/epood\/toode\/lateksvahust-peopesaga-talvekindad-tamrex-nr-7\/","url":"https:\/\/espak.ee\/epood\/toode\/lateksvahust-peopesaga-talvekindad-tamrex-nr-7\/","name":"LATEKSVAHUST PEOPESAGA TALVEKINDAD TAMREX NR 7 - Espak E-pood","isPartOf":{"@id":"https:\/\/espak.ee\/epood\/#website"},"primaryImageOfPage":{"@id":"https:\/\/espak.ee\/epood\/toode\/lateksvahust-peopesaga-talvekindad-tamrex-nr-7\/#primaryimage"},"image":{"@id":"https:\/\/espak.ee\/epood\/toode\/lateksvahust-peopesaga-talvekindad-tamrex-nr-7\/#primaryimage"},"thumbnailUrl":"https:\/\/espak.ee\/epood\/wp-content\/uploads\/tamrex-lateksvahust-peopesaga-talvekindad.jpg.png","datePublished":"2021-03-12T03:01:55+00:00","dateModified":"2026-04-14T07:05:55+00:00","breadcrumb":{"@id":"https:\/\/espak.ee\/epood\/toode\/lateksvahust-peopesaga-talvekindad-tamrex-nr-7\/#breadcrumb"},"inLanguage":"et","potentialAction":[{"@type":"ReadAction","target":["https:\/\/espak.ee\/epood\/toode\/lateksvahust-peopesaga-talvekindad-tamrex-nr-7\/"]}]},{"@type":"ImageObject","inLanguage":"et","@id":"https:\/\/espak.ee\/epood\/toode\/lateksvahust-peopesaga-talvekindad-tamrex-nr-7\/#primaryimage","url":"https:\/\/espak.ee\/epood\/wp-content\/uploads\/tamrex-lateksvahust-peopesaga-talvekindad.jpg.png","contentUrl":"https:\/\/espak.ee\/epood\/wp-content\/uploads\/tamrex-lateksvahust-peopesaga-talvekindad.jpg.png","width":800,"height":800},{"@type":"BreadcrumbList","@id":"https:\/\/espak.ee\/epood\/toode\/lateksvahust-peopesaga-talvekindad-tamrex-nr-7\/#breadcrumb","itemListElement":[{"@type":"ListItem","position":1,"name":"Home","item":"https:\/\/espak.ee\/epood\/"},{"@type":"ListItem","position":2,"name":"Tootevalik","item":"https:\/\/espak.ee\/epood\/tootevalik\/"},{"@type":"ListItem","position":3,"name":"LATEKSVAHUST PEOPESAGA TALVEKINDAD TAMREX NR 7"}]},{"@type":"WebSite","@id":"https:\/\/espak.ee\/epood\/#website","url":"https:\/\/espak.ee\/epood\/","name":"Espak E-pood","description":"","potentialAction":[{"@type":"SearchAction","target":{"@type":"EntryPoint","urlTemplate":"https:\/\/espak.ee\/epood\/?s={search_term_string}"},"query-input":{"@type":"PropertyValueSpecification","valueRequired":true,"valueName":"search_term_string"}}],"inLanguage":"et"}]}},"_links":{"self":[{"href":"https:\/\/espak.ee\/epood\/wp-json\/wp\/v2\/product\/66030","targetHints":{"allow":["GET"]}}],"collection":[{"href":"https:\/\/espak.ee\/epood\/wp-json\/wp\/v2\/product"}],"about":[{"href":"https:\/\/espak.ee\/epood\/wp-json\/wp\/v2\/types\/product"}],"replies":[{"embeddable":true,"href":"https:\/\/espak.ee\/epood\/wp-json\/wp\/v2\/comments?post=66030"}],"wp:featuredmedia":[{"embeddable":true,"href":"https:\/\/espak.ee\/epood\/wp-json\/wp\/v2\/media\/66243"}],"wp:attachment":[{"href":"https:\/\/espak.ee\/epood\/wp-json\/wp\/v2\/media?parent=66030"}],"wp:term":[{"taxonomy":"product_brand","embeddable":true,"href":"https:\/\/espak.ee\/epood\/wp-json\/wp\/v2\/product_brand?post=66030"},{"taxonomy":"product_cat","embeddable":true,"href":"https:\/\/espak.ee\/epood\/wp-json\/wp\/v2\/product_cat?post=66030"},{"taxonomy":"product_tag","embeddable":true,"href":"https:\/\/espak.ee\/epood\/wp-json\/wp\/v2\/product_tag?post=66030"}],"curies":[{"name":"wp","href":"https:\/\/api.w.org\/{rel}","templated":true}]}}