{"id":66027,"date":"2021-03-12T02:52:40","date_gmt":"2021-03-12T02:52:40","guid":{"rendered":"https:\/\/espak.ee\/hinnakiri\/?post_type=product&#038;p=66027"},"modified":"2026-03-17T01:56:14","modified_gmt":"2026-03-16T23:56:14","slug":"a-kvaliteet-sunteetilisest-nahast-tookindad-tamrex-nr-11","status":"publish","type":"product","link":"https:\/\/espak.ee\/epood\/toode\/a-kvaliteet-sunteetilisest-nahast-tookindad-tamrex-nr-11\/","title":{"rendered":"A+ KVALITEET-S\u00dcNTEETILISEST NAHAST T\u00d6\u00d6KINDAD TAMREX NR 11"},"content":{"rendered":"<div class=\"row\"  id=\"row-747113869\">\n\n\t<div id=\"col-1179595384\" class=\"col medium-9 small-12 large-9\"  >\n\t\t\t\t<div class=\"col-inner\"  >\n\t\t\t\n\t\t\t\n<h3>A+kvaliteet-s\u00fcnteetilisest nahast t\u00f6\u00f6kindad Tamrex  <\/h3>\n<p>Parimast, A+ klassi s\u00fcnteetilisest nahast n\u00e4gusatel t\u00f6\u00f6kinnastel on hall nailonist k\u00e4eselg. Pigem kuivadesse tingimustesse sobivad kindad on v\u00e4ga hea puutetundlikkuse, vastupidavuse ja kulumiskindlusega. <\/p>\n<div class=\"message-box relative\" style=\"padding-top:15px;padding-bottom:15px;\"><div class=\"message-box-bg-image bg-fill fill\" ><\/div><div class=\"message-box-bg-overlay bg-fill fill\" ><\/div><div class=\"container relative\"><div class=\"inner last-reset\">\n<div class=\"row align-middle align-center\"  id=\"row-362115142\">\n\n\t<div id=\"col-2124008730\" class=\"col small-12 large-12\"  >\n\t\t\t\t<div class=\"col-inner text-left\"  >\n\t\t\t\n\t\t\t\n<div class=\"row\"  id=\"row-1808953379\">\n\n\t<div id=\"col-1578856410\" class=\"col medium-6 small-12 large-6\"  >\n\t\t\t\t<div class=\"col-inner\"  >\n\t\t\t\n\t\t\t\n<p><i class=\"fa fa-check  fa-2x\"><\/i><strong> Pehmed, kerged ja h\u00e4sti k\u00e4tte istuvad<\/strong><\/p>\n\t\t<\/div>\n\t\t\t\t\n<style>\n#col-1578856410 > .col-inner {\n  margin: 0px 0px 15px 0px;\n}\n<\/style>\n\t<\/div>\n\n\t\n\n\t<div id=\"col-2084979630\" class=\"col medium-6 small-12 large-6\"  >\n\t\t\t\t<div class=\"col-inner\"  >\n\t\t\t\n\t\t\t\n<p><i class=\"fa fa-check fa-2x\"><\/i><strong> Hea vastupidavuse ja kulumiskindlusega<\/strong><\/p>\n\t\t<\/div>\n\t\t\t\t\n<style>\n#col-2084979630 > .col-inner {\n  margin: 0px 0px 15px 0px;\n}\n<\/style>\n\t<\/div>\n\n\t\n<\/div>\n\t\t<\/div>\n\t\t\t\t\t<\/div>\n\n\t\n<\/div>\n<\/div><\/div><\/div>\n\t<div id=\"gap-183800221\" class=\"gap-element clearfix\" style=\"display:block; height:auto;\">\n\t\t\n<style>\n#gap-183800221 {\n  padding-top: 30px;\n}\n<\/style>\n\t<\/div>\n\t\n<p>Need pehmed, kerged, hea istuvuse ja kena disainiga t\u00f6\u00f6kindad tagavad v\u00e4ga hea puutetundlikkuse, vastupidavuse ja kulumiskindluse.<br \/>\nParimast, A+ klassi s\u00fcnteetilisest nahast kindad sobivad praktiliselt igale poole, kus pole n\u00f5utud kaitset sissel\u00f5igete eest. See teeb neist k\u00f5ige laiema kasutusalaga t\u00f6\u00f6kindad. Materjali erip\u00e4ra t\u00f5ttu sobivad need kindad ka tundliku nahaga t\u00f6\u00f6tegijatele.<\/p>\n<p>N\u00e4eme kauplustes, kuidas kliendid on neid kindaid k\u00e4tte proovides \u00fcllatunud, kui mugavad ja kerged need tunduvad, seep\u00e4rast proovige neid kindlasti k\u00e4tte ja valige endale \u00f5ige suurus, see on kasutusmugavuse jaoks \u00e4\u00e4retult t\u00e4htis.<\/p>\n<p>S\u00fcnteetiline nahk v\u00f5ib m\u00f5nede esemete, n\u00e4iteks metalltoru, h\u00f6\u00f6veldatud puidu vms k\u00e4sitsemisel libe tunduda, soovitame alternatiivina nahkkindaid, n\u00e4iteks art nr 44-315.<\/p>\n<p>Iga t\u00f6\u00f6tegija teab, et k\u00f5ige parem oleks t\u00f6\u00f6tada paljak\u00e4si, see aga pole lubatud, sest k\u00e4si on tarvis erinevate ohtude eest kaitsta. Kvaliteetsest nahast t\u00f6\u00f6kindad on oma-k\u00e4e-tundele k\u00f5ige l\u00e4hemal.<br \/>\nTegemist on t\u00f6\u00f6kinnastega, mis kaitsevad t\u00f6\u00f6tegijat mehaaniliste ohtude eest (Kat 2), mis t\u00e4hendab, et kinnaste kaitseomadusi on testitud ja tulemused teada (k\u00f5ik tootmisettev\u00f5tted).<\/p>\n\t\t<\/div>\n\t\t\t\t\t<\/div>\n\n\t\n\n\t<div id=\"col-564845790\" class=\"col medium-3 small-12 large-3\"  >\n\t\t\t\t<div class=\"col-inner\"  >\n\t\t\t\n\t\t\t\n\t<div id=\"gap-1062397380\" class=\"gap-element clearfix\" style=\"display:block; height:auto;\">\n\t\t\n<style>\n#gap-1062397380 {\n  padding-top: 30px;\n}\n<\/style>\n\t<\/div>\n\t\n<p><strong>\u00dcksikasjalikuma n\u00f5u saamiseks v\u00f5tke \u00fchendust:<br \/><\/strong>Tamrex Ohutuse O\u00dc<br \/>Laki 5<br \/>10621<br \/>Tallinn<br \/>+372 654 9900<\/p>\n\t\t<\/div>\n\t\t\t\t\t<\/div>\n\n\t\n<\/div>\n","protected":false},"excerpt":{"rendered":"","protected":false},"featured_media":66286,"comment_status":"closed","ping_status":"closed","template":"","meta":[],"product_brand":[],"product_cat":[2788,2976,2980,2972],"product_tag":[],"class_list":{"0":"post-66027","1":"product","2":"type-product","3":"status-publish","4":"has-post-thumbnail","6":"product_cat-aiatarbed-ja-kodukaubad","7":"product_cat-kindad","8":"product_cat-nahk-riie-kindad","9":"product_cat-tookaitsevahendid","10":"pa_kaubamark-tamrex-ohutuse-ou","12":"first","13":"instock","14":"sale","15":"taxable","16":"shipping-taxable","17":"purchasable","18":"product-type-simple"},"yoast_head":"<!-- This site is optimized with the Yoast SEO plugin v26.9 - https:\/\/yoast.com\/product\/yoast-seo-wordpress\/ -->\n<title>A+ KVALITEET-S\u00dcNTEETILISEST NAHAST T\u00d6\u00d6KINDAD TAMREX NR 11 - Espak E-pood<\/title>\n<meta name=\"robots\" content=\"index, follow, max-snippet:-1, max-image-preview:large, max-video-preview:-1\" \/>\n<link rel=\"canonical\" href=\"https:\/\/espak.ee\/epood\/toode\/a-kvaliteet-sunteetilisest-nahast-tookindad-tamrex-nr-11\/\" \/>\n<meta property=\"og:locale\" content=\"et_EE\" \/>\n<meta property=\"og:type\" content=\"article\" \/>\n<meta property=\"og:title\" content=\"A+ KVALITEET-S\u00dcNTEETILISEST NAHAST T\u00d6\u00d6KINDAD TAMREX NR 11 - Espak E-pood\" \/>\n<meta property=\"og:url\" content=\"https:\/\/espak.ee\/epood\/toode\/a-kvaliteet-sunteetilisest-nahast-tookindad-tamrex-nr-11\/\" \/>\n<meta property=\"og:site_name\" content=\"Espak E-pood\" \/>\n<meta property=\"article:modified_time\" content=\"2026-03-16T23:56:14+00:00\" \/>\n<meta property=\"og:image\" content=\"https:\/\/espak.ee\/epood\/wp-content\/uploads\/tamrex-akvaliteet-sunteetilisest-nahast-tookindad.jpg.png\" \/>\n\t<meta property=\"og:image:width\" content=\"800\" \/>\n\t<meta property=\"og:image:height\" content=\"800\" \/>\n\t<meta property=\"og:image:type\" content=\"image\/png\" \/>\n<meta name=\"twitter:card\" content=\"summary_large_image\" \/>\n<meta name=\"twitter:label1\" content=\"Est. reading time\" \/>\n\t<meta name=\"twitter:data1\" content=\"2 minutit\" \/>\n<script type=\"application\/ld+json\" class=\"yoast-schema-graph\">{\"@context\":\"https:\/\/schema.org\",\"@graph\":[{\"@type\":\"WebPage\",\"@id\":\"https:\/\/espak.ee\/epood\/toode\/a-kvaliteet-sunteetilisest-nahast-tookindad-tamrex-nr-11\/\",\"url\":\"https:\/\/espak.ee\/epood\/toode\/a-kvaliteet-sunteetilisest-nahast-tookindad-tamrex-nr-11\/\",\"name\":\"A+ KVALITEET-S\u00dcNTEETILISEST NAHAST T\u00d6\u00d6KINDAD TAMREX NR 11 - Espak E-pood\",\"isPartOf\":{\"@id\":\"https:\/\/espak.ee\/epood\/#website\"},\"primaryImageOfPage\":{\"@id\":\"https:\/\/espak.ee\/epood\/toode\/a-kvaliteet-sunteetilisest-nahast-tookindad-tamrex-nr-11\/#primaryimage\"},\"image\":{\"@id\":\"https:\/\/espak.ee\/epood\/toode\/a-kvaliteet-sunteetilisest-nahast-tookindad-tamrex-nr-11\/#primaryimage\"},\"thumbnailUrl\":\"https:\/\/espak.ee\/epood\/wp-content\/uploads\/tamrex-akvaliteet-sunteetilisest-nahast-tookindad.jpg.png\",\"datePublished\":\"2021-03-12T02:52:40+00:00\",\"dateModified\":\"2026-03-16T23:56:14+00:00\",\"breadcrumb\":{\"@id\":\"https:\/\/espak.ee\/epood\/toode\/a-kvaliteet-sunteetilisest-nahast-tookindad-tamrex-nr-11\/#breadcrumb\"},\"inLanguage\":\"et\",\"potentialAction\":[{\"@type\":\"ReadAction\",\"target\":[\"https:\/\/espak.ee\/epood\/toode\/a-kvaliteet-sunteetilisest-nahast-tookindad-tamrex-nr-11\/\"]}]},{\"@type\":\"ImageObject\",\"inLanguage\":\"et\",\"@id\":\"https:\/\/espak.ee\/epood\/toode\/a-kvaliteet-sunteetilisest-nahast-tookindad-tamrex-nr-11\/#primaryimage\",\"url\":\"https:\/\/espak.ee\/epood\/wp-content\/uploads\/tamrex-akvaliteet-sunteetilisest-nahast-tookindad.jpg.png\",\"contentUrl\":\"https:\/\/espak.ee\/epood\/wp-content\/uploads\/tamrex-akvaliteet-sunteetilisest-nahast-tookindad.jpg.png\",\"width\":800,\"height\":800},{\"@type\":\"BreadcrumbList\",\"@id\":\"https:\/\/espak.ee\/epood\/toode\/a-kvaliteet-sunteetilisest-nahast-tookindad-tamrex-nr-11\/#breadcrumb\",\"itemListElement\":[{\"@type\":\"ListItem\",\"position\":1,\"name\":\"Home\",\"item\":\"https:\/\/espak.ee\/epood\/\"},{\"@type\":\"ListItem\",\"position\":2,\"name\":\"Tootevalik\",\"item\":\"https:\/\/espak.ee\/epood\/tootevalik\/\"},{\"@type\":\"ListItem\",\"position\":3,\"name\":\"A+ KVALITEET-S\u00dcNTEETILISEST NAHAST T\u00d6\u00d6KINDAD TAMREX NR 11\"}]},{\"@type\":\"WebSite\",\"@id\":\"https:\/\/espak.ee\/epood\/#website\",\"url\":\"https:\/\/espak.ee\/epood\/\",\"name\":\"Espak E-pood\",\"description\":\"\",\"potentialAction\":[{\"@type\":\"SearchAction\",\"target\":{\"@type\":\"EntryPoint\",\"urlTemplate\":\"https:\/\/espak.ee\/epood\/?s={search_term_string}\"},\"query-input\":{\"@type\":\"PropertyValueSpecification\",\"valueRequired\":true,\"valueName\":\"search_term_string\"}}],\"inLanguage\":\"et\"}]}<\/script>\n<!-- \/ Yoast SEO plugin. -->","yoast_head_json":{"title":"A+ KVALITEET-S\u00dcNTEETILISEST NAHAST T\u00d6\u00d6KINDAD TAMREX NR 11 - Espak E-pood","robots":{"index":"index","follow":"follow","max-snippet":"max-snippet:-1","max-image-preview":"max-image-preview:large","max-video-preview":"max-video-preview:-1"},"canonical":"https:\/\/espak.ee\/epood\/toode\/a-kvaliteet-sunteetilisest-nahast-tookindad-tamrex-nr-11\/","og_locale":"et_EE","og_type":"article","og_title":"A+ KVALITEET-S\u00dcNTEETILISEST NAHAST T\u00d6\u00d6KINDAD TAMREX NR 11 - Espak E-pood","og_url":"https:\/\/espak.ee\/epood\/toode\/a-kvaliteet-sunteetilisest-nahast-tookindad-tamrex-nr-11\/","og_site_name":"Espak E-pood","article_modified_time":"2026-03-16T23:56:14+00:00","og_image":[{"width":800,"height":800,"url":"https:\/\/espak.ee\/epood\/wp-content\/uploads\/tamrex-akvaliteet-sunteetilisest-nahast-tookindad.jpg.png","type":"image\/png"}],"twitter_card":"summary_large_image","twitter_misc":{"Est. reading time":"2 minutit"},"schema":{"@context":"https:\/\/schema.org","@graph":[{"@type":"WebPage","@id":"https:\/\/espak.ee\/epood\/toode\/a-kvaliteet-sunteetilisest-nahast-tookindad-tamrex-nr-11\/","url":"https:\/\/espak.ee\/epood\/toode\/a-kvaliteet-sunteetilisest-nahast-tookindad-tamrex-nr-11\/","name":"A+ KVALITEET-S\u00dcNTEETILISEST NAHAST T\u00d6\u00d6KINDAD TAMREX NR 11 - Espak E-pood","isPartOf":{"@id":"https:\/\/espak.ee\/epood\/#website"},"primaryImageOfPage":{"@id":"https:\/\/espak.ee\/epood\/toode\/a-kvaliteet-sunteetilisest-nahast-tookindad-tamrex-nr-11\/#primaryimage"},"image":{"@id":"https:\/\/espak.ee\/epood\/toode\/a-kvaliteet-sunteetilisest-nahast-tookindad-tamrex-nr-11\/#primaryimage"},"thumbnailUrl":"https:\/\/espak.ee\/epood\/wp-content\/uploads\/tamrex-akvaliteet-sunteetilisest-nahast-tookindad.jpg.png","datePublished":"2021-03-12T02:52:40+00:00","dateModified":"2026-03-16T23:56:14+00:00","breadcrumb":{"@id":"https:\/\/espak.ee\/epood\/toode\/a-kvaliteet-sunteetilisest-nahast-tookindad-tamrex-nr-11\/#breadcrumb"},"inLanguage":"et","potentialAction":[{"@type":"ReadAction","target":["https:\/\/espak.ee\/epood\/toode\/a-kvaliteet-sunteetilisest-nahast-tookindad-tamrex-nr-11\/"]}]},{"@type":"ImageObject","inLanguage":"et","@id":"https:\/\/espak.ee\/epood\/toode\/a-kvaliteet-sunteetilisest-nahast-tookindad-tamrex-nr-11\/#primaryimage","url":"https:\/\/espak.ee\/epood\/wp-content\/uploads\/tamrex-akvaliteet-sunteetilisest-nahast-tookindad.jpg.png","contentUrl":"https:\/\/espak.ee\/epood\/wp-content\/uploads\/tamrex-akvaliteet-sunteetilisest-nahast-tookindad.jpg.png","width":800,"height":800},{"@type":"BreadcrumbList","@id":"https:\/\/espak.ee\/epood\/toode\/a-kvaliteet-sunteetilisest-nahast-tookindad-tamrex-nr-11\/#breadcrumb","itemListElement":[{"@type":"ListItem","position":1,"name":"Home","item":"https:\/\/espak.ee\/epood\/"},{"@type":"ListItem","position":2,"name":"Tootevalik","item":"https:\/\/espak.ee\/epood\/tootevalik\/"},{"@type":"ListItem","position":3,"name":"A+ KVALITEET-S\u00dcNTEETILISEST NAHAST T\u00d6\u00d6KINDAD TAMREX NR 11"}]},{"@type":"WebSite","@id":"https:\/\/espak.ee\/epood\/#website","url":"https:\/\/espak.ee\/epood\/","name":"Espak E-pood","description":"","potentialAction":[{"@type":"SearchAction","target":{"@type":"EntryPoint","urlTemplate":"https:\/\/espak.ee\/epood\/?s={search_term_string}"},"query-input":{"@type":"PropertyValueSpecification","valueRequired":true,"valueName":"search_term_string"}}],"inLanguage":"et"}]}},"_links":{"self":[{"href":"https:\/\/espak.ee\/epood\/wp-json\/wp\/v2\/product\/66027","targetHints":{"allow":["GET"]}}],"collection":[{"href":"https:\/\/espak.ee\/epood\/wp-json\/wp\/v2\/product"}],"about":[{"href":"https:\/\/espak.ee\/epood\/wp-json\/wp\/v2\/types\/product"}],"replies":[{"embeddable":true,"href":"https:\/\/espak.ee\/epood\/wp-json\/wp\/v2\/comments?post=66027"}],"wp:featuredmedia":[{"embeddable":true,"href":"https:\/\/espak.ee\/epood\/wp-json\/wp\/v2\/media\/66286"}],"wp:attachment":[{"href":"https:\/\/espak.ee\/epood\/wp-json\/wp\/v2\/media?parent=66027"}],"wp:term":[{"taxonomy":"product_brand","embeddable":true,"href":"https:\/\/espak.ee\/epood\/wp-json\/wp\/v2\/product_brand?post=66027"},{"taxonomy":"product_cat","embeddable":true,"href":"https:\/\/espak.ee\/epood\/wp-json\/wp\/v2\/product_cat?post=66027"},{"taxonomy":"product_tag","embeddable":true,"href":"https:\/\/espak.ee\/epood\/wp-json\/wp\/v2\/product_tag?post=66027"}],"curies":[{"name":"wp","href":"https:\/\/api.w.org\/{rel}","templated":true}]}}