{"id":66009,"date":"2021-03-12T02:22:25","date_gmt":"2021-03-12T02:22:25","guid":{"rendered":"https:\/\/espak.ee\/hinnakiri\/?post_type=product&#038;p=66009"},"modified":"2026-04-12T09:49:41","modified_gmt":"2026-04-12T06:49:41","slug":"suitsuandur-tamrex-vaigistusnupuga","status":"publish","type":"product","link":"https:\/\/espak.ee\/epood\/toode\/suitsuandur-tamrex-vaigistusnupuga\/","title":{"rendered":"SUITSUANDUR TAMREX VAIGISTUSNUPUGA"},"content":{"rendered":"<div class=\"row\"  id=\"row-1619170349\">\n\n\t<div id=\"col-1162584101\" class=\"col medium-9 small-12 large-9\"  >\n\t\t\t\t<div class=\"col-inner\"  >\n\t\t\t\n\t\t\t\n<h3>Optiline suitsuandur vaigistusnupuga Tamrex<\/h3>\n<p>Kvaliteetne ja t\u00f5hus suitsuandur annab ruumis levivast suitsust m\u00e4rku k\u00f5rvulukustava helisignaaliga (85 dB).<br \/>\n Suitsuanduri t\u00f6\u00f6korda saab kontrollida testnupust, patarei t\u00fchjenemisest annab m\u00e4rku l\u00fchike perioodiline signaal.<br \/>\n Lisaks on suitsuanduril vaigistusnupp, millega saab anduri, ilma seda laest alla v\u00f5tmata 5 &#8211; 10 minutiks vaigistada, et kontrollida h\u00e4ire p\u00f5hjust.<br \/>\n Komplektis laekinnitusklamber, kruvid ja t\u00fc\u00fcblid selle fikseerimiseks lakke ning patarei.<br \/>\n Garantii kolm aastat.<br \/>\n Vastab standardile EN 14604.<\/p>\n\t\t<\/div>\n\t\t\t\t\t<\/div>\n\n\t\n\n\t<div id=\"col-1102227520\" class=\"col medium-3 small-12 large-3\"  >\n\t\t\t\t<div class=\"col-inner\"  >\n\t\t\t\n\t\t\t\n\t<div id=\"gap-1137753856\" class=\"gap-element clearfix\" style=\"display:block; height:auto;\">\n\t\t\n<style>\n#gap-1137753856 {\n  padding-top: 30px;\n}\n<\/style>\n\t<\/div>\n\t\n<h3>Kasutusjuhend<\/h3>\n<p><a href=\"https:\/\/espak.ee\/epood\/wp-content\/uploads\/0030h-ee.pdf\" target=\"_blank\" rel=\"noopener noreferrer\"><i class=\"far fa-file-pdf\"><\/i> Kasutusjuhend (PDF)<\/a><\/p>\n<p><strong>\u00dcksikasjalikuma n\u00f5u saamiseks v\u00f5tke \u00fchendust:<br \/><\/strong>Tamrex Ohutuse O\u00dc<br \/>Laki 5<br \/>10621<br \/>Tallinn<br \/>+372 654 9900<\/p>\n\t\t<\/div>\n\t\t\t\t\t<\/div>\n\n\t\n<\/div>\n","protected":false},"excerpt":{"rendered":"","protected":false},"featured_media":66652,"comment_status":"closed","ping_status":"closed","template":"","meta":[],"product_brand":[],"product_cat":[2935,2934,3224,3322],"product_tag":[],"class_list":{"0":"post-66009","1":"product","2":"type-product","3":"status-publish","4":"has-post-thumbnail","6":"product_cat-elektrikaubad","7":"product_cat-elektrikaubad-ja-valgustid","8":"product_cat-lulitid-ja-pistikupesad","9":"product_cat-suitsuandurid","10":"pa_kaubamark-tamrex-ohutuse-ou","12":"first","13":"instock","14":"sale","15":"taxable","16":"shipping-taxable","17":"purchasable","18":"product-type-simple"},"yoast_head":"<!-- This site is optimized with the Yoast SEO plugin v26.9 - https:\/\/yoast.com\/product\/yoast-seo-wordpress\/ -->\n<title>SUITSUANDUR TAMREX VAIGISTUSNUPUGA - Espak E-pood<\/title>\n<meta name=\"robots\" content=\"index, follow, max-snippet:-1, max-image-preview:large, max-video-preview:-1\" \/>\n<link rel=\"canonical\" href=\"https:\/\/espak.ee\/epood\/toode\/suitsuandur-tamrex-vaigistusnupuga\/\" \/>\n<meta property=\"og:locale\" content=\"et_EE\" \/>\n<meta property=\"og:type\" content=\"article\" \/>\n<meta property=\"og:title\" content=\"SUITSUANDUR TAMREX VAIGISTUSNUPUGA - Espak E-pood\" \/>\n<meta property=\"og:url\" content=\"https:\/\/espak.ee\/epood\/toode\/suitsuandur-tamrex-vaigistusnupuga\/\" \/>\n<meta property=\"og:site_name\" content=\"Espak E-pood\" \/>\n<meta property=\"article:modified_time\" content=\"2026-04-12T06:49:41+00:00\" \/>\n<meta property=\"og:image\" content=\"https:\/\/espak.ee\/epood\/wp-content\/uploads\/tamrex-optiline-suitsuandur-vaigistusnupuga.jpg.png\" \/>\n\t<meta property=\"og:image:width\" content=\"800\" \/>\n\t<meta property=\"og:image:height\" content=\"800\" \/>\n\t<meta property=\"og:image:type\" content=\"image\/png\" \/>\n<meta name=\"twitter:card\" content=\"summary_large_image\" \/>\n<meta name=\"twitter:label1\" content=\"Est. reading time\" \/>\n\t<meta name=\"twitter:data1\" content=\"1 minut\" \/>\n<script type=\"application\/ld+json\" class=\"yoast-schema-graph\">{\"@context\":\"https:\/\/schema.org\",\"@graph\":[{\"@type\":\"WebPage\",\"@id\":\"https:\/\/espak.ee\/epood\/toode\/suitsuandur-tamrex-vaigistusnupuga\/\",\"url\":\"https:\/\/espak.ee\/epood\/toode\/suitsuandur-tamrex-vaigistusnupuga\/\",\"name\":\"SUITSUANDUR TAMREX VAIGISTUSNUPUGA - Espak E-pood\",\"isPartOf\":{\"@id\":\"https:\/\/espak.ee\/epood\/#website\"},\"primaryImageOfPage\":{\"@id\":\"https:\/\/espak.ee\/epood\/toode\/suitsuandur-tamrex-vaigistusnupuga\/#primaryimage\"},\"image\":{\"@id\":\"https:\/\/espak.ee\/epood\/toode\/suitsuandur-tamrex-vaigistusnupuga\/#primaryimage\"},\"thumbnailUrl\":\"https:\/\/espak.ee\/epood\/wp-content\/uploads\/tamrex-optiline-suitsuandur-vaigistusnupuga.jpg.png\",\"datePublished\":\"2021-03-12T02:22:25+00:00\",\"dateModified\":\"2026-04-12T06:49:41+00:00\",\"breadcrumb\":{\"@id\":\"https:\/\/espak.ee\/epood\/toode\/suitsuandur-tamrex-vaigistusnupuga\/#breadcrumb\"},\"inLanguage\":\"et\",\"potentialAction\":[{\"@type\":\"ReadAction\",\"target\":[\"https:\/\/espak.ee\/epood\/toode\/suitsuandur-tamrex-vaigistusnupuga\/\"]}]},{\"@type\":\"ImageObject\",\"inLanguage\":\"et\",\"@id\":\"https:\/\/espak.ee\/epood\/toode\/suitsuandur-tamrex-vaigistusnupuga\/#primaryimage\",\"url\":\"https:\/\/espak.ee\/epood\/wp-content\/uploads\/tamrex-optiline-suitsuandur-vaigistusnupuga.jpg.png\",\"contentUrl\":\"https:\/\/espak.ee\/epood\/wp-content\/uploads\/tamrex-optiline-suitsuandur-vaigistusnupuga.jpg.png\",\"width\":800,\"height\":800},{\"@type\":\"BreadcrumbList\",\"@id\":\"https:\/\/espak.ee\/epood\/toode\/suitsuandur-tamrex-vaigistusnupuga\/#breadcrumb\",\"itemListElement\":[{\"@type\":\"ListItem\",\"position\":1,\"name\":\"Home\",\"item\":\"https:\/\/espak.ee\/epood\/\"},{\"@type\":\"ListItem\",\"position\":2,\"name\":\"Tootevalik\",\"item\":\"https:\/\/espak.ee\/epood\/tootevalik\/\"},{\"@type\":\"ListItem\",\"position\":3,\"name\":\"SUITSUANDUR TAMREX VAIGISTUSNUPUGA\"}]},{\"@type\":\"WebSite\",\"@id\":\"https:\/\/espak.ee\/epood\/#website\",\"url\":\"https:\/\/espak.ee\/epood\/\",\"name\":\"Espak E-pood\",\"description\":\"\",\"potentialAction\":[{\"@type\":\"SearchAction\",\"target\":{\"@type\":\"EntryPoint\",\"urlTemplate\":\"https:\/\/espak.ee\/epood\/?s={search_term_string}\"},\"query-input\":{\"@type\":\"PropertyValueSpecification\",\"valueRequired\":true,\"valueName\":\"search_term_string\"}}],\"inLanguage\":\"et\"}]}<\/script>\n<!-- \/ Yoast SEO plugin. -->","yoast_head_json":{"title":"SUITSUANDUR TAMREX VAIGISTUSNUPUGA - Espak E-pood","robots":{"index":"index","follow":"follow","max-snippet":"max-snippet:-1","max-image-preview":"max-image-preview:large","max-video-preview":"max-video-preview:-1"},"canonical":"https:\/\/espak.ee\/epood\/toode\/suitsuandur-tamrex-vaigistusnupuga\/","og_locale":"et_EE","og_type":"article","og_title":"SUITSUANDUR TAMREX VAIGISTUSNUPUGA - Espak E-pood","og_url":"https:\/\/espak.ee\/epood\/toode\/suitsuandur-tamrex-vaigistusnupuga\/","og_site_name":"Espak E-pood","article_modified_time":"2026-04-12T06:49:41+00:00","og_image":[{"width":800,"height":800,"url":"https:\/\/espak.ee\/epood\/wp-content\/uploads\/tamrex-optiline-suitsuandur-vaigistusnupuga.jpg.png","type":"image\/png"}],"twitter_card":"summary_large_image","twitter_misc":{"Est. reading time":"1 minut"},"schema":{"@context":"https:\/\/schema.org","@graph":[{"@type":"WebPage","@id":"https:\/\/espak.ee\/epood\/toode\/suitsuandur-tamrex-vaigistusnupuga\/","url":"https:\/\/espak.ee\/epood\/toode\/suitsuandur-tamrex-vaigistusnupuga\/","name":"SUITSUANDUR TAMREX VAIGISTUSNUPUGA - Espak E-pood","isPartOf":{"@id":"https:\/\/espak.ee\/epood\/#website"},"primaryImageOfPage":{"@id":"https:\/\/espak.ee\/epood\/toode\/suitsuandur-tamrex-vaigistusnupuga\/#primaryimage"},"image":{"@id":"https:\/\/espak.ee\/epood\/toode\/suitsuandur-tamrex-vaigistusnupuga\/#primaryimage"},"thumbnailUrl":"https:\/\/espak.ee\/epood\/wp-content\/uploads\/tamrex-optiline-suitsuandur-vaigistusnupuga.jpg.png","datePublished":"2021-03-12T02:22:25+00:00","dateModified":"2026-04-12T06:49:41+00:00","breadcrumb":{"@id":"https:\/\/espak.ee\/epood\/toode\/suitsuandur-tamrex-vaigistusnupuga\/#breadcrumb"},"inLanguage":"et","potentialAction":[{"@type":"ReadAction","target":["https:\/\/espak.ee\/epood\/toode\/suitsuandur-tamrex-vaigistusnupuga\/"]}]},{"@type":"ImageObject","inLanguage":"et","@id":"https:\/\/espak.ee\/epood\/toode\/suitsuandur-tamrex-vaigistusnupuga\/#primaryimage","url":"https:\/\/espak.ee\/epood\/wp-content\/uploads\/tamrex-optiline-suitsuandur-vaigistusnupuga.jpg.png","contentUrl":"https:\/\/espak.ee\/epood\/wp-content\/uploads\/tamrex-optiline-suitsuandur-vaigistusnupuga.jpg.png","width":800,"height":800},{"@type":"BreadcrumbList","@id":"https:\/\/espak.ee\/epood\/toode\/suitsuandur-tamrex-vaigistusnupuga\/#breadcrumb","itemListElement":[{"@type":"ListItem","position":1,"name":"Home","item":"https:\/\/espak.ee\/epood\/"},{"@type":"ListItem","position":2,"name":"Tootevalik","item":"https:\/\/espak.ee\/epood\/tootevalik\/"},{"@type":"ListItem","position":3,"name":"SUITSUANDUR TAMREX VAIGISTUSNUPUGA"}]},{"@type":"WebSite","@id":"https:\/\/espak.ee\/epood\/#website","url":"https:\/\/espak.ee\/epood\/","name":"Espak E-pood","description":"","potentialAction":[{"@type":"SearchAction","target":{"@type":"EntryPoint","urlTemplate":"https:\/\/espak.ee\/epood\/?s={search_term_string}"},"query-input":{"@type":"PropertyValueSpecification","valueRequired":true,"valueName":"search_term_string"}}],"inLanguage":"et"}]}},"_links":{"self":[{"href":"https:\/\/espak.ee\/epood\/wp-json\/wp\/v2\/product\/66009","targetHints":{"allow":["GET"]}}],"collection":[{"href":"https:\/\/espak.ee\/epood\/wp-json\/wp\/v2\/product"}],"about":[{"href":"https:\/\/espak.ee\/epood\/wp-json\/wp\/v2\/types\/product"}],"replies":[{"embeddable":true,"href":"https:\/\/espak.ee\/epood\/wp-json\/wp\/v2\/comments?post=66009"}],"wp:featuredmedia":[{"embeddable":true,"href":"https:\/\/espak.ee\/epood\/wp-json\/wp\/v2\/media\/66652"}],"wp:attachment":[{"href":"https:\/\/espak.ee\/epood\/wp-json\/wp\/v2\/media?parent=66009"}],"wp:term":[{"taxonomy":"product_brand","embeddable":true,"href":"https:\/\/espak.ee\/epood\/wp-json\/wp\/v2\/product_brand?post=66009"},{"taxonomy":"product_cat","embeddable":true,"href":"https:\/\/espak.ee\/epood\/wp-json\/wp\/v2\/product_cat?post=66009"},{"taxonomy":"product_tag","embeddable":true,"href":"https:\/\/espak.ee\/epood\/wp-json\/wp\/v2\/product_tag?post=66009"}],"curies":[{"name":"wp","href":"https:\/\/api.w.org\/{rel}","templated":true}]}}