{"id":65858,"date":"2021-03-11T08:46:30","date_gmt":"2021-03-11T08:46:30","guid":{"rendered":"https:\/\/espak.ee\/hinnakiri\/?post_type=product&#038;p=65858"},"modified":"2026-03-23T00:53:36","modified_gmt":"2026-03-22T22:53:36","slug":"kevadine-mahevaetis-baltic-agro-10l","status":"publish","type":"product","link":"https:\/\/espak.ee\/epood\/toode\/kevadine-mahevaetis-baltic-agro-10l\/","title":{"rendered":"KEVADINE MAHEV\u00c4ETIS BALTIC AGRO 10L"},"content":{"rendered":"<div class=\"row\"  id=\"row-351359341\">\n\n\t<div id=\"col-1386374172\" class=\"col medium-9 small-12 large-9\"  >\n\t\t\t\t<div class=\"col-inner\"  >\n\t\t\t\n\t\t\t\n<p>\u00dchtlase ja kestva m\u00f5juga keskkonnas\u00f5bralik v\u00e4etis. Sobib tomatite, kurkide, kartulite, maasikate, p\u00fcsi- ja suvelillede, aia- ja p\u00f5lluviljade, viljapuude, muru, rooside, okaspuude ja k\u00f5ikide teiste \u00f5ue- ja kasvuhoonetaimede v\u00e4etamiseks. Tasakaalustatud v\u00e4etamine tagab taimede hea kasvu, rikkaliku \u00f5itsemise ning kvaliteetse saagi. Orgaanika parandab mullaviljakust ja elavdab mullaorganismide tegevust. Ei sisalda keemilisi lisaaineid.<\/p>\n<p><strong>Kasutamine:<\/strong> Maasikas, vaarikas 40-50 g\/m\u00b2Mitmeaastased aia- ja sibullilled, p\u00fcsikud 30-50 g\/m\u00b2Roosid, elul\u00f5ngad, rododendronid 50-60 g\/m\u00b2S\u00f5strad, karusmarjad 40-50 g\/m\u00b2Okaspuud: elupuud, kuused, nulud, m\u00e4nnid, kadakad, kiviktaimlataimed 30-40 g\/m\u00b2Ilupuud, -p\u00f5\u00f5sad, hekitaimed 50-70 g\/m\u00b2Viljapuud: ploomi-, kirsi-, \u00f5una-, pirnipuud jt 80 g\/m\u00b2Kastmisveeks lahjendada 150 g graanuleid 10 l vees.30 g \u2248 peot\u00e4is.<\/p>\n\t\t<\/div>\n\t\t\t\t\t<\/div>\n\n\t\n\n\t<div id=\"col-1011377405\" class=\"col medium-3 small-12 large-3\"  >\n\t\t\t\t<div class=\"col-inner\"  >\n\t\t\t\n\t\t\t\n<p><strong>\u00dcksikasjalikuma n\u00f5u saamiseks v\u00f5tke \u00fchendust:<br \/><\/strong>Baltic Agro AS,<br \/> Rukki tee 8,<br \/> Lehmja k\u00fcla,<br \/> Rae vald,<br \/> Telefon +372 606 2260<\/p>\n\t\t<\/div>\n\t\t\t\t\t<\/div>\n\n\t\n<\/div>\n","protected":false},"excerpt":{"rendered":"","protected":false},"featured_media":72112,"comment_status":"closed","ping_status":"closed","template":"","meta":[],"product_brand":[],"product_cat":[2789,2788,2878,2877],"product_tag":[],"class_list":{"0":"post-65858","1":"product","2":"type-product","3":"status-publish","4":"has-post-thumbnail","6":"product_cat-aiatarbed","7":"product_cat-aiatarbed-ja-kodukaubad","8":"product_cat-aiavaetised","9":"product_cat-vaetised","10":"pa_kaubamark-baltic-agro-as","12":"first","13":"instock","14":"sale","15":"taxable","16":"shipping-taxable","17":"purchasable","18":"product-type-simple"},"yoast_head":"<!-- This site is optimized with the Yoast SEO plugin v26.9 - https:\/\/yoast.com\/product\/yoast-seo-wordpress\/ -->\n<title>KEVADINE MAHEV\u00c4ETIS BALTIC AGRO 10L - Espak E-pood<\/title>\n<meta name=\"robots\" content=\"index, follow, max-snippet:-1, max-image-preview:large, max-video-preview:-1\" \/>\n<link rel=\"canonical\" href=\"https:\/\/espak.ee\/epood\/toode\/kevadine-mahevaetis-baltic-agro-10l\/\" \/>\n<meta property=\"og:locale\" content=\"et_EE\" \/>\n<meta property=\"og:type\" content=\"article\" \/>\n<meta property=\"og:title\" content=\"KEVADINE MAHEV\u00c4ETIS BALTIC AGRO 10L - Espak E-pood\" \/>\n<meta property=\"og:url\" content=\"https:\/\/espak.ee\/epood\/toode\/kevadine-mahevaetis-baltic-agro-10l\/\" \/>\n<meta property=\"og:site_name\" content=\"Espak E-pood\" \/>\n<meta property=\"article:modified_time\" content=\"2026-03-22T22:53:36+00:00\" \/>\n<meta property=\"og:image\" content=\"https:\/\/espak.ee\/epood\/wp-content\/uploads\/4744360015149-1-836x1024.png\" \/>\n\t<meta property=\"og:image:width\" content=\"836\" \/>\n\t<meta property=\"og:image:height\" content=\"1024\" \/>\n\t<meta property=\"og:image:type\" content=\"image\/png\" \/>\n<meta name=\"twitter:card\" content=\"summary_large_image\" \/>\n<meta name=\"twitter:label1\" content=\"Est. reading time\" \/>\n\t<meta name=\"twitter:data1\" content=\"1 minut\" \/>\n<script type=\"application\/ld+json\" class=\"yoast-schema-graph\">{\"@context\":\"https:\/\/schema.org\",\"@graph\":[{\"@type\":\"WebPage\",\"@id\":\"https:\/\/espak.ee\/epood\/toode\/kevadine-mahevaetis-baltic-agro-10l\/\",\"url\":\"https:\/\/espak.ee\/epood\/toode\/kevadine-mahevaetis-baltic-agro-10l\/\",\"name\":\"KEVADINE MAHEV\u00c4ETIS BALTIC AGRO 10L - Espak E-pood\",\"isPartOf\":{\"@id\":\"https:\/\/espak.ee\/epood\/#website\"},\"primaryImageOfPage\":{\"@id\":\"https:\/\/espak.ee\/epood\/toode\/kevadine-mahevaetis-baltic-agro-10l\/#primaryimage\"},\"image\":{\"@id\":\"https:\/\/espak.ee\/epood\/toode\/kevadine-mahevaetis-baltic-agro-10l\/#primaryimage\"},\"thumbnailUrl\":\"https:\/\/espak.ee\/epood\/wp-content\/uploads\/4744360015149-1.png\",\"datePublished\":\"2021-03-11T08:46:30+00:00\",\"dateModified\":\"2026-03-22T22:53:36+00:00\",\"breadcrumb\":{\"@id\":\"https:\/\/espak.ee\/epood\/toode\/kevadine-mahevaetis-baltic-agro-10l\/#breadcrumb\"},\"inLanguage\":\"et\",\"potentialAction\":[{\"@type\":\"ReadAction\",\"target\":[\"https:\/\/espak.ee\/epood\/toode\/kevadine-mahevaetis-baltic-agro-10l\/\"]}]},{\"@type\":\"ImageObject\",\"inLanguage\":\"et\",\"@id\":\"https:\/\/espak.ee\/epood\/toode\/kevadine-mahevaetis-baltic-agro-10l\/#primaryimage\",\"url\":\"https:\/\/espak.ee\/epood\/wp-content\/uploads\/4744360015149-1.png\",\"contentUrl\":\"https:\/\/espak.ee\/epood\/wp-content\/uploads\/4744360015149-1.png\",\"width\":2450,\"height\":3000},{\"@type\":\"BreadcrumbList\",\"@id\":\"https:\/\/espak.ee\/epood\/toode\/kevadine-mahevaetis-baltic-agro-10l\/#breadcrumb\",\"itemListElement\":[{\"@type\":\"ListItem\",\"position\":1,\"name\":\"Home\",\"item\":\"https:\/\/espak.ee\/epood\/\"},{\"@type\":\"ListItem\",\"position\":2,\"name\":\"Tootevalik\",\"item\":\"https:\/\/espak.ee\/epood\/tootevalik\/\"},{\"@type\":\"ListItem\",\"position\":3,\"name\":\"KEVADINE MAHEV\u00c4ETIS BALTIC AGRO 10L\"}]},{\"@type\":\"WebSite\",\"@id\":\"https:\/\/espak.ee\/epood\/#website\",\"url\":\"https:\/\/espak.ee\/epood\/\",\"name\":\"Espak E-pood\",\"description\":\"\",\"potentialAction\":[{\"@type\":\"SearchAction\",\"target\":{\"@type\":\"EntryPoint\",\"urlTemplate\":\"https:\/\/espak.ee\/epood\/?s={search_term_string}\"},\"query-input\":{\"@type\":\"PropertyValueSpecification\",\"valueRequired\":true,\"valueName\":\"search_term_string\"}}],\"inLanguage\":\"et\"}]}<\/script>\n<!-- \/ Yoast SEO plugin. -->","yoast_head_json":{"title":"KEVADINE MAHEV\u00c4ETIS BALTIC AGRO 10L - Espak E-pood","robots":{"index":"index","follow":"follow","max-snippet":"max-snippet:-1","max-image-preview":"max-image-preview:large","max-video-preview":"max-video-preview:-1"},"canonical":"https:\/\/espak.ee\/epood\/toode\/kevadine-mahevaetis-baltic-agro-10l\/","og_locale":"et_EE","og_type":"article","og_title":"KEVADINE MAHEV\u00c4ETIS BALTIC AGRO 10L - Espak E-pood","og_url":"https:\/\/espak.ee\/epood\/toode\/kevadine-mahevaetis-baltic-agro-10l\/","og_site_name":"Espak E-pood","article_modified_time":"2026-03-22T22:53:36+00:00","og_image":[{"width":836,"height":1024,"url":"https:\/\/espak.ee\/epood\/wp-content\/uploads\/4744360015149-1-836x1024.png","type":"image\/png"}],"twitter_card":"summary_large_image","twitter_misc":{"Est. reading time":"1 minut"},"schema":{"@context":"https:\/\/schema.org","@graph":[{"@type":"WebPage","@id":"https:\/\/espak.ee\/epood\/toode\/kevadine-mahevaetis-baltic-agro-10l\/","url":"https:\/\/espak.ee\/epood\/toode\/kevadine-mahevaetis-baltic-agro-10l\/","name":"KEVADINE MAHEV\u00c4ETIS BALTIC AGRO 10L - Espak E-pood","isPartOf":{"@id":"https:\/\/espak.ee\/epood\/#website"},"primaryImageOfPage":{"@id":"https:\/\/espak.ee\/epood\/toode\/kevadine-mahevaetis-baltic-agro-10l\/#primaryimage"},"image":{"@id":"https:\/\/espak.ee\/epood\/toode\/kevadine-mahevaetis-baltic-agro-10l\/#primaryimage"},"thumbnailUrl":"https:\/\/espak.ee\/epood\/wp-content\/uploads\/4744360015149-1.png","datePublished":"2021-03-11T08:46:30+00:00","dateModified":"2026-03-22T22:53:36+00:00","breadcrumb":{"@id":"https:\/\/espak.ee\/epood\/toode\/kevadine-mahevaetis-baltic-agro-10l\/#breadcrumb"},"inLanguage":"et","potentialAction":[{"@type":"ReadAction","target":["https:\/\/espak.ee\/epood\/toode\/kevadine-mahevaetis-baltic-agro-10l\/"]}]},{"@type":"ImageObject","inLanguage":"et","@id":"https:\/\/espak.ee\/epood\/toode\/kevadine-mahevaetis-baltic-agro-10l\/#primaryimage","url":"https:\/\/espak.ee\/epood\/wp-content\/uploads\/4744360015149-1.png","contentUrl":"https:\/\/espak.ee\/epood\/wp-content\/uploads\/4744360015149-1.png","width":2450,"height":3000},{"@type":"BreadcrumbList","@id":"https:\/\/espak.ee\/epood\/toode\/kevadine-mahevaetis-baltic-agro-10l\/#breadcrumb","itemListElement":[{"@type":"ListItem","position":1,"name":"Home","item":"https:\/\/espak.ee\/epood\/"},{"@type":"ListItem","position":2,"name":"Tootevalik","item":"https:\/\/espak.ee\/epood\/tootevalik\/"},{"@type":"ListItem","position":3,"name":"KEVADINE MAHEV\u00c4ETIS BALTIC AGRO 10L"}]},{"@type":"WebSite","@id":"https:\/\/espak.ee\/epood\/#website","url":"https:\/\/espak.ee\/epood\/","name":"Espak E-pood","description":"","potentialAction":[{"@type":"SearchAction","target":{"@type":"EntryPoint","urlTemplate":"https:\/\/espak.ee\/epood\/?s={search_term_string}"},"query-input":{"@type":"PropertyValueSpecification","valueRequired":true,"valueName":"search_term_string"}}],"inLanguage":"et"}]}},"_links":{"self":[{"href":"https:\/\/espak.ee\/epood\/wp-json\/wp\/v2\/product\/65858","targetHints":{"allow":["GET"]}}],"collection":[{"href":"https:\/\/espak.ee\/epood\/wp-json\/wp\/v2\/product"}],"about":[{"href":"https:\/\/espak.ee\/epood\/wp-json\/wp\/v2\/types\/product"}],"replies":[{"embeddable":true,"href":"https:\/\/espak.ee\/epood\/wp-json\/wp\/v2\/comments?post=65858"}],"wp:featuredmedia":[{"embeddable":true,"href":"https:\/\/espak.ee\/epood\/wp-json\/wp\/v2\/media\/72112"}],"wp:attachment":[{"href":"https:\/\/espak.ee\/epood\/wp-json\/wp\/v2\/media?parent=65858"}],"wp:term":[{"taxonomy":"product_brand","embeddable":true,"href":"https:\/\/espak.ee\/epood\/wp-json\/wp\/v2\/product_brand?post=65858"},{"taxonomy":"product_cat","embeddable":true,"href":"https:\/\/espak.ee\/epood\/wp-json\/wp\/v2\/product_cat?post=65858"},{"taxonomy":"product_tag","embeddable":true,"href":"https:\/\/espak.ee\/epood\/wp-json\/wp\/v2\/product_tag?post=65858"}],"curies":[{"name":"wp","href":"https:\/\/api.w.org\/{rel}","templated":true}]}}