{"id":65742,"date":"2021-03-11T04:24:34","date_gmt":"2021-03-11T04:24:34","guid":{"rendered":"https:\/\/espak.ee\/hinnakiri\/?post_type=product&#038;p=65742"},"modified":"2026-03-21T10:06:01","modified_gmt":"2026-03-21T08:06:01","slug":"rd-hydropox-932-kahekomponentne-epoksiidkate-hall-4kg","status":"publish","type":"product","link":"https:\/\/espak.ee\/epood\/toode\/rd-hydropox-932-kahekomponentne-epoksiidkate-hall-4kg\/","title":{"rendered":"RD-HYDROPOX 932 KAHEKOMPONENTNE EPOKSIIDKATE HALL 4KG"},"content":{"rendered":"<div class=\"row\"  id=\"row-1842042740\">\n\n\t<div id=\"col-649734685\" class=\"col medium-9 small-12 large-9\"  >\n\t\t\t\t<div class=\"col-inner\"  >\n\t\t\t\n\t\t\t\n<h3>RD-HYDROPOX 932 2-KOMP.EPO HALL 4KG<\/h3>\n<p>Kahekomponentne, veel baseeruv epoksiidkate kasutamiseks sisetingimustes.<\/p>\n<p>Omadused<br \/>\nProfessionaalseks kasutamiseks.<br \/>\nLahustivaba \u2013 Lihtne puhastada \u2013 K\u00f5rge kulumiskindlusega \u2013 Vastupidav lahustite, \u00f5li ja k\u00fctuse vastu.<\/p>\n<p>Aluspind<br \/>\nSpetsiaalselt v\u00e4lja t\u00f6\u00f6tatud garaa\u017eidele, auto parklatele, t\u00f6\u00f6kodadele, kaubanduskeskustele, betoonist p\u00f5randatele ja seintele, \u00e4ravoolukanalitele, vee mahutitele jne.<br \/>\nV\u00f5ib kanda praktiliselt k\u00f5ikidele betoonpindadele, p\u00f5randatele ja seintele.<br \/>\nV\u00f5ib kanda metallile, tingimusel, et pind on krunditud nakkuvust soodustava v\u00f5i roostevastase kruntainega nagu n\u00e4iteks RD-MULTIPRIM v\u00f5i RD-METAL UNICOAT.<\/strong><\/p>\n\t\t<\/div>\n\t\t\t\t\t<\/div>\n\n\t\n\n\t<div id=\"col-286116968\" class=\"col medium-3 small-12 large-3\"  >\n\t\t\t\t<div class=\"col-inner\"  >\n\t\t\t\n\t\t\t\n\t<div id=\"gap-1196828703\" class=\"gap-element clearfix\" style=\"display:block; height:auto;\">\n\t\t\n<style>\n#gap-1196828703 {\n  padding-top: 30px;\n}\n<\/style>\n\t<\/div>\n\t\n<p><strong>\u00dcksikasjalikuma n\u00f5u saamiseks v\u00f5tke \u00fchendust:<br \/><\/strong>Margsol O\u00dc<br \/>Liivametsa 6<br \/>Tallinn<br \/>+372 5146 100<\/p>\n\t\t<\/div>\n\t\t\t\t\t<\/div>\n\n\t\n<\/div>\n","protected":false},"excerpt":{"rendered":"","protected":false},"featured_media":71639,"comment_status":"closed","ping_status":"closed","template":"","meta":[],"product_brand":[],"product_cat":[2687,2685,2684,2683],"product_tag":[],"class_list":{"0":"post-65742","1":"product","2":"type-product","3":"status-publish","4":"has-post-thumbnail","6":"product_cat-lahustipohised-varvid","7":"product_cat-varvid","8":"product_cat-varvid-lakid-lahustid-puidukaitsed-olid","9":"product_cat-viimistluskaubad","10":"product_shipping_class-dpd-cold","11":"pa_kaubamark-margsol-ou","13":"first","14":"instock","15":"sale","16":"taxable","17":"shipping-taxable","18":"purchasable","19":"product-type-simple"},"yoast_head":"<!-- This site is optimized with the Yoast SEO plugin v26.9 - https:\/\/yoast.com\/product\/yoast-seo-wordpress\/ -->\n<title>RD-HYDROPOX 932 KAHEKOMPONENTNE EPOKSIIDKATE HALL 4KG - Espak E-pood<\/title>\n<meta name=\"robots\" content=\"index, follow, max-snippet:-1, max-image-preview:large, max-video-preview:-1\" \/>\n<link rel=\"canonical\" href=\"https:\/\/espak.ee\/epood\/toode\/rd-hydropox-932-kahekomponentne-epoksiidkate-hall-4kg\/\" \/>\n<meta property=\"og:locale\" content=\"et_EE\" \/>\n<meta property=\"og:type\" content=\"article\" \/>\n<meta property=\"og:title\" content=\"RD-HYDROPOX 932 KAHEKOMPONENTNE EPOKSIIDKATE HALL 4KG - Espak E-pood\" \/>\n<meta property=\"og:url\" content=\"https:\/\/espak.ee\/epood\/toode\/rd-hydropox-932-kahekomponentne-epoksiidkate-hall-4kg\/\" \/>\n<meta property=\"og:site_name\" content=\"Espak E-pood\" \/>\n<meta property=\"article:modified_time\" content=\"2026-03-21T08:06:01+00:00\" \/>\n<meta property=\"og:image\" content=\"https:\/\/espak.ee\/epood\/wp-content\/uploads\/5425006605069.jpg\" \/>\n\t<meta property=\"og:image:width\" content=\"1000\" \/>\n\t<meta property=\"og:image:height\" content=\"1000\" \/>\n\t<meta property=\"og:image:type\" content=\"image\/jpeg\" \/>\n<meta name=\"twitter:card\" content=\"summary_large_image\" \/>\n<meta name=\"twitter:label1\" content=\"Est. reading time\" \/>\n\t<meta name=\"twitter:data1\" content=\"1 minut\" \/>\n<script type=\"application\/ld+json\" class=\"yoast-schema-graph\">{\"@context\":\"https:\/\/schema.org\",\"@graph\":[{\"@type\":\"WebPage\",\"@id\":\"https:\/\/espak.ee\/epood\/toode\/rd-hydropox-932-kahekomponentne-epoksiidkate-hall-4kg\/\",\"url\":\"https:\/\/espak.ee\/epood\/toode\/rd-hydropox-932-kahekomponentne-epoksiidkate-hall-4kg\/\",\"name\":\"RD-HYDROPOX 932 KAHEKOMPONENTNE EPOKSIIDKATE HALL 4KG - Espak E-pood\",\"isPartOf\":{\"@id\":\"https:\/\/espak.ee\/epood\/#website\"},\"primaryImageOfPage\":{\"@id\":\"https:\/\/espak.ee\/epood\/toode\/rd-hydropox-932-kahekomponentne-epoksiidkate-hall-4kg\/#primaryimage\"},\"image\":{\"@id\":\"https:\/\/espak.ee\/epood\/toode\/rd-hydropox-932-kahekomponentne-epoksiidkate-hall-4kg\/#primaryimage\"},\"thumbnailUrl\":\"https:\/\/espak.ee\/epood\/wp-content\/uploads\/5425006605069.jpg\",\"datePublished\":\"2021-03-11T04:24:34+00:00\",\"dateModified\":\"2026-03-21T08:06:01+00:00\",\"breadcrumb\":{\"@id\":\"https:\/\/espak.ee\/epood\/toode\/rd-hydropox-932-kahekomponentne-epoksiidkate-hall-4kg\/#breadcrumb\"},\"inLanguage\":\"et\",\"potentialAction\":[{\"@type\":\"ReadAction\",\"target\":[\"https:\/\/espak.ee\/epood\/toode\/rd-hydropox-932-kahekomponentne-epoksiidkate-hall-4kg\/\"]}]},{\"@type\":\"ImageObject\",\"inLanguage\":\"et\",\"@id\":\"https:\/\/espak.ee\/epood\/toode\/rd-hydropox-932-kahekomponentne-epoksiidkate-hall-4kg\/#primaryimage\",\"url\":\"https:\/\/espak.ee\/epood\/wp-content\/uploads\/5425006605069.jpg\",\"contentUrl\":\"https:\/\/espak.ee\/epood\/wp-content\/uploads\/5425006605069.jpg\",\"width\":1000,\"height\":1000},{\"@type\":\"BreadcrumbList\",\"@id\":\"https:\/\/espak.ee\/epood\/toode\/rd-hydropox-932-kahekomponentne-epoksiidkate-hall-4kg\/#breadcrumb\",\"itemListElement\":[{\"@type\":\"ListItem\",\"position\":1,\"name\":\"Home\",\"item\":\"https:\/\/espak.ee\/epood\/\"},{\"@type\":\"ListItem\",\"position\":2,\"name\":\"Tootevalik\",\"item\":\"https:\/\/espak.ee\/epood\/tootevalik\/\"},{\"@type\":\"ListItem\",\"position\":3,\"name\":\"RD-HYDROPOX 932 KAHEKOMPONENTNE EPOKSIIDKATE HALL 4KG\"}]},{\"@type\":\"WebSite\",\"@id\":\"https:\/\/espak.ee\/epood\/#website\",\"url\":\"https:\/\/espak.ee\/epood\/\",\"name\":\"Espak E-pood\",\"description\":\"\",\"potentialAction\":[{\"@type\":\"SearchAction\",\"target\":{\"@type\":\"EntryPoint\",\"urlTemplate\":\"https:\/\/espak.ee\/epood\/?s={search_term_string}\"},\"query-input\":{\"@type\":\"PropertyValueSpecification\",\"valueRequired\":true,\"valueName\":\"search_term_string\"}}],\"inLanguage\":\"et\"}]}<\/script>\n<!-- \/ Yoast SEO plugin. -->","yoast_head_json":{"title":"RD-HYDROPOX 932 KAHEKOMPONENTNE EPOKSIIDKATE HALL 4KG - Espak E-pood","robots":{"index":"index","follow":"follow","max-snippet":"max-snippet:-1","max-image-preview":"max-image-preview:large","max-video-preview":"max-video-preview:-1"},"canonical":"https:\/\/espak.ee\/epood\/toode\/rd-hydropox-932-kahekomponentne-epoksiidkate-hall-4kg\/","og_locale":"et_EE","og_type":"article","og_title":"RD-HYDROPOX 932 KAHEKOMPONENTNE EPOKSIIDKATE HALL 4KG - Espak E-pood","og_url":"https:\/\/espak.ee\/epood\/toode\/rd-hydropox-932-kahekomponentne-epoksiidkate-hall-4kg\/","og_site_name":"Espak E-pood","article_modified_time":"2026-03-21T08:06:01+00:00","og_image":[{"width":1000,"height":1000,"url":"https:\/\/espak.ee\/epood\/wp-content\/uploads\/5425006605069.jpg","type":"image\/jpeg"}],"twitter_card":"summary_large_image","twitter_misc":{"Est. reading time":"1 minut"},"schema":{"@context":"https:\/\/schema.org","@graph":[{"@type":"WebPage","@id":"https:\/\/espak.ee\/epood\/toode\/rd-hydropox-932-kahekomponentne-epoksiidkate-hall-4kg\/","url":"https:\/\/espak.ee\/epood\/toode\/rd-hydropox-932-kahekomponentne-epoksiidkate-hall-4kg\/","name":"RD-HYDROPOX 932 KAHEKOMPONENTNE EPOKSIIDKATE HALL 4KG - Espak E-pood","isPartOf":{"@id":"https:\/\/espak.ee\/epood\/#website"},"primaryImageOfPage":{"@id":"https:\/\/espak.ee\/epood\/toode\/rd-hydropox-932-kahekomponentne-epoksiidkate-hall-4kg\/#primaryimage"},"image":{"@id":"https:\/\/espak.ee\/epood\/toode\/rd-hydropox-932-kahekomponentne-epoksiidkate-hall-4kg\/#primaryimage"},"thumbnailUrl":"https:\/\/espak.ee\/epood\/wp-content\/uploads\/5425006605069.jpg","datePublished":"2021-03-11T04:24:34+00:00","dateModified":"2026-03-21T08:06:01+00:00","breadcrumb":{"@id":"https:\/\/espak.ee\/epood\/toode\/rd-hydropox-932-kahekomponentne-epoksiidkate-hall-4kg\/#breadcrumb"},"inLanguage":"et","potentialAction":[{"@type":"ReadAction","target":["https:\/\/espak.ee\/epood\/toode\/rd-hydropox-932-kahekomponentne-epoksiidkate-hall-4kg\/"]}]},{"@type":"ImageObject","inLanguage":"et","@id":"https:\/\/espak.ee\/epood\/toode\/rd-hydropox-932-kahekomponentne-epoksiidkate-hall-4kg\/#primaryimage","url":"https:\/\/espak.ee\/epood\/wp-content\/uploads\/5425006605069.jpg","contentUrl":"https:\/\/espak.ee\/epood\/wp-content\/uploads\/5425006605069.jpg","width":1000,"height":1000},{"@type":"BreadcrumbList","@id":"https:\/\/espak.ee\/epood\/toode\/rd-hydropox-932-kahekomponentne-epoksiidkate-hall-4kg\/#breadcrumb","itemListElement":[{"@type":"ListItem","position":1,"name":"Home","item":"https:\/\/espak.ee\/epood\/"},{"@type":"ListItem","position":2,"name":"Tootevalik","item":"https:\/\/espak.ee\/epood\/tootevalik\/"},{"@type":"ListItem","position":3,"name":"RD-HYDROPOX 932 KAHEKOMPONENTNE EPOKSIIDKATE HALL 4KG"}]},{"@type":"WebSite","@id":"https:\/\/espak.ee\/epood\/#website","url":"https:\/\/espak.ee\/epood\/","name":"Espak E-pood","description":"","potentialAction":[{"@type":"SearchAction","target":{"@type":"EntryPoint","urlTemplate":"https:\/\/espak.ee\/epood\/?s={search_term_string}"},"query-input":{"@type":"PropertyValueSpecification","valueRequired":true,"valueName":"search_term_string"}}],"inLanguage":"et"}]}},"_links":{"self":[{"href":"https:\/\/espak.ee\/epood\/wp-json\/wp\/v2\/product\/65742","targetHints":{"allow":["GET"]}}],"collection":[{"href":"https:\/\/espak.ee\/epood\/wp-json\/wp\/v2\/product"}],"about":[{"href":"https:\/\/espak.ee\/epood\/wp-json\/wp\/v2\/types\/product"}],"replies":[{"embeddable":true,"href":"https:\/\/espak.ee\/epood\/wp-json\/wp\/v2\/comments?post=65742"}],"wp:featuredmedia":[{"embeddable":true,"href":"https:\/\/espak.ee\/epood\/wp-json\/wp\/v2\/media\/71639"}],"wp:attachment":[{"href":"https:\/\/espak.ee\/epood\/wp-json\/wp\/v2\/media?parent=65742"}],"wp:term":[{"taxonomy":"product_brand","embeddable":true,"href":"https:\/\/espak.ee\/epood\/wp-json\/wp\/v2\/product_brand?post=65742"},{"taxonomy":"product_cat","embeddable":true,"href":"https:\/\/espak.ee\/epood\/wp-json\/wp\/v2\/product_cat?post=65742"},{"taxonomy":"product_tag","embeddable":true,"href":"https:\/\/espak.ee\/epood\/wp-json\/wp\/v2\/product_tag?post=65742"}],"curies":[{"name":"wp","href":"https:\/\/api.w.org\/{rel}","templated":true}]}}