{"id":65515,"date":"2021-03-10T06:48:32","date_gmt":"2021-03-10T06:48:32","guid":{"rendered":"https:\/\/espak.ee\/hinnakiri\/?post_type=product&#038;p=65515"},"modified":"2025-06-30T23:33:34","modified_gmt":"2025-06-30T20:33:34","slug":"kipskiudplaat-fermacell-12212002600","status":"publish","type":"product","link":"https:\/\/espak.ee\/epood\/toode\/kipskiudplaat-fermacell-12212002600\/","title":{"rendered":"KIPSKIUDPLAAT FERMACELL 12,2*1200*2600"},"content":{"rendered":"<div class=\"row\"  id=\"row-84736078\">\n\n\t<div id=\"col-102542624\" class=\"col medium-9 small-12 large-9\"  >\n\t\t\t\t<div class=\"col-inner\"  >\n\t\t\t\n\t\t\t\n<h3>Kipskiudplaat Fermacell 12,2x1200x2600 mm<\/h3>\n<p>Kipskiudplaat sisaldab kipsi ja vanapaberit. Need kaks looduslikku materjali segatakse \u00fchtlaseks seguks ja lisatakse vesi (ilma sideaineteta), pressitakse k\u00f5rgsurve all stabiilne ja l\u00f5hnavaba ehitusplaat. Kuivatatakse ja l\u00f5igatakse vajalikku m\u00f5\u00f5tu.<br \/>\nKipskiudplaat on vastupidav mehaanilistele l\u00f6\u00f6kidele, tulekindel (A2 EN 13501-1 st. alates 30min.), heliisoleeriv, niiskuskindel, kandetarindi ja j\u00e4ikusplaat. K\u00f5ik need omadused on \u00dcHES plaadis uusehitistele, kui ka renoveeritavatele hoonetele. FERMACELLi \u00f5hemad konstruktsiooni lahendused suurendavad hoonete kasutatavat pindala. Niiskuskindlus on ka Rootsis kontrollitud ja v\u00e4ljastatud SITAC tunnustus.  Fermacell kipskiudplaat on kontrollitud   ECO INSTITUT  ja IBR-i (Rosenheimi Ehitusbioloogia Instituut) poolt. Seega on t\u00f5estatud inimese tervisele ohutu toode nimetus.<br \/>\nPaigaldatakse tavap\u00e4raste puidut\u00f6\u00f6tlusmasinatega, m\u00f5\u00f5tu l\u00f5ikamisel tuleb \u00fcldjuhul kasutada k\u00f5vasulammaterjalist t\u00f6\u00f6riistu.<\/p>\n<p><strong>Kasutuskohad:<\/strong> Seina-, lae- ja p\u00f5randakonstruktsioonid siseruumides.<\/p>\n<p><strong>Ladustamine:<\/strong> Kaubaalustele lapiti pakendatult, kaitsta niiskuse, eelk\u00f5ige vihma eest.<\/p>\n\t\t<\/div>\n\t\t\t\t\t<\/div>\n\n\t\n\n\t<div id=\"col-604645675\" class=\"col medium-3 small-12 large-3\"  >\n\t\t\t\t<div class=\"col-inner\"  >\n\t\t\t\n\t\t\t\n\t<div id=\"gap-47907644\" class=\"gap-element clearfix\" style=\"display:block; height:auto;\">\n\t\t\n<style>\n#gap-47907644 {\n  padding-top: 30px;\n}\n<\/style>\n\t<\/div>\n\t\n<p> Dokumentatsioon allalaadimiseks (<a href=\"https:\/\/www.tervemaja.ee\/fermacell-kipskiudplaatide-tootelehed\/\">VAJUTA SIIA)<\/a><\/p>\n<div class=\"is-divider divider clearfix\" ><\/div>\n<p><strong>\u00dcksikasjalikuma n\u00f5u saamiseks v\u00f5tke \u00fchendust:<br \/><\/strong>Tervemaja O\u00dc<br \/>T\u00e4he 135A<br \/>Tartu<br \/>50 107<br \/>+372 740 55 09<\/p>\n\t\t<\/div>\n\t\t\t\t\t<\/div>\n\n\t\n<\/div>\n","protected":false},"excerpt":{"rendered":"","protected":false},"featured_media":91714,"comment_status":"closed","ping_status":"closed","template":"","meta":[],"product_brand":[],"product_cat":[2910,3594,3595,2697],"product_tag":[],"class_list":{"0":"post-65515","1":"product","2":"type-product","3":"status-publish","4":"has-post-thumbnail","6":"product_cat-ehitusplaadid","7":"product_cat-kova-puitkiudplaat","8":"product_cat-kovad-puitkiudplaadid","9":"product_cat-uldehitus","10":"pa_kaubamark-tervemaja-ou","12":"first","13":"instock","14":"sale","15":"taxable","16":"shipping-taxable","17":"purchasable","18":"product-type-simple"},"yoast_head":"<!-- This site is optimized with the Yoast SEO plugin v26.9 - https:\/\/yoast.com\/product\/yoast-seo-wordpress\/ -->\n<title>KIPSKIUDPLAAT FERMACELL 12,2*1200*2600 - Espak E-pood<\/title>\n<meta name=\"robots\" content=\"index, follow, max-snippet:-1, max-image-preview:large, max-video-preview:-1\" \/>\n<link rel=\"canonical\" href=\"https:\/\/espak.ee\/epood\/toode\/kipskiudplaat-fermacell-12212002600\/\" \/>\n<meta property=\"og:locale\" content=\"et_EE\" \/>\n<meta property=\"og:type\" content=\"article\" \/>\n<meta property=\"og:title\" content=\"KIPSKIUDPLAAT FERMACELL 12,2*1200*2600 - Espak E-pood\" \/>\n<meta property=\"og:url\" content=\"https:\/\/espak.ee\/epood\/toode\/kipskiudplaat-fermacell-12212002600\/\" \/>\n<meta property=\"og:site_name\" content=\"Espak E-pood\" \/>\n<meta property=\"article:modified_time\" content=\"2025-06-30T20:33:34+00:00\" \/>\n<meta property=\"og:image\" content=\"https:\/\/espak.ee\/epood\/wp-content\/uploads\/2021\/03\/Ehitusplaat-Fermacell-kipskiudplaat-\u2013-koopia.jpg\" \/>\n\t<meta property=\"og:image:width\" content=\"437\" \/>\n\t<meta property=\"og:image:height\" content=\"336\" \/>\n\t<meta property=\"og:image:type\" content=\"image\/jpeg\" \/>\n<meta name=\"twitter:card\" content=\"summary_large_image\" \/>\n<meta name=\"twitter:label1\" content=\"Est. reading time\" \/>\n\t<meta name=\"twitter:data1\" content=\"1 minut\" \/>\n<script type=\"application\/ld+json\" class=\"yoast-schema-graph\">{\"@context\":\"https:\/\/schema.org\",\"@graph\":[{\"@type\":\"WebPage\",\"@id\":\"https:\/\/espak.ee\/epood\/toode\/kipskiudplaat-fermacell-12212002600\/\",\"url\":\"https:\/\/espak.ee\/epood\/toode\/kipskiudplaat-fermacell-12212002600\/\",\"name\":\"KIPSKIUDPLAAT FERMACELL 12,2*1200*2600 - Espak E-pood\",\"isPartOf\":{\"@id\":\"https:\/\/espak.ee\/epood\/#website\"},\"primaryImageOfPage\":{\"@id\":\"https:\/\/espak.ee\/epood\/toode\/kipskiudplaat-fermacell-12212002600\/#primaryimage\"},\"image\":{\"@id\":\"https:\/\/espak.ee\/epood\/toode\/kipskiudplaat-fermacell-12212002600\/#primaryimage\"},\"thumbnailUrl\":\"https:\/\/espak.ee\/epood\/wp-content\/uploads\/2021\/03\/Ehitusplaat-Fermacell-kipskiudplaat-\u2013-koopia.jpg\",\"datePublished\":\"2021-03-10T06:48:32+00:00\",\"dateModified\":\"2025-06-30T20:33:34+00:00\",\"breadcrumb\":{\"@id\":\"https:\/\/espak.ee\/epood\/toode\/kipskiudplaat-fermacell-12212002600\/#breadcrumb\"},\"inLanguage\":\"et\",\"potentialAction\":[{\"@type\":\"ReadAction\",\"target\":[\"https:\/\/espak.ee\/epood\/toode\/kipskiudplaat-fermacell-12212002600\/\"]}]},{\"@type\":\"ImageObject\",\"inLanguage\":\"et\",\"@id\":\"https:\/\/espak.ee\/epood\/toode\/kipskiudplaat-fermacell-12212002600\/#primaryimage\",\"url\":\"https:\/\/espak.ee\/epood\/wp-content\/uploads\/2021\/03\/Ehitusplaat-Fermacell-kipskiudplaat-\u2013-koopia.jpg\",\"contentUrl\":\"https:\/\/espak.ee\/epood\/wp-content\/uploads\/2021\/03\/Ehitusplaat-Fermacell-kipskiudplaat-\u2013-koopia.jpg\",\"width\":437,\"height\":336},{\"@type\":\"BreadcrumbList\",\"@id\":\"https:\/\/espak.ee\/epood\/toode\/kipskiudplaat-fermacell-12212002600\/#breadcrumb\",\"itemListElement\":[{\"@type\":\"ListItem\",\"position\":1,\"name\":\"Home\",\"item\":\"https:\/\/espak.ee\/epood\/\"},{\"@type\":\"ListItem\",\"position\":2,\"name\":\"Tootevalik\",\"item\":\"https:\/\/espak.ee\/epood\/tootevalik\/\"},{\"@type\":\"ListItem\",\"position\":3,\"name\":\"KIPSKIUDPLAAT FERMACELL 12,2*1200*2600\"}]},{\"@type\":\"WebSite\",\"@id\":\"https:\/\/espak.ee\/epood\/#website\",\"url\":\"https:\/\/espak.ee\/epood\/\",\"name\":\"Espak E-pood\",\"description\":\"\",\"potentialAction\":[{\"@type\":\"SearchAction\",\"target\":{\"@type\":\"EntryPoint\",\"urlTemplate\":\"https:\/\/espak.ee\/epood\/?s={search_term_string}\"},\"query-input\":{\"@type\":\"PropertyValueSpecification\",\"valueRequired\":true,\"valueName\":\"search_term_string\"}}],\"inLanguage\":\"et\"}]}<\/script>\n<!-- \/ Yoast SEO plugin. -->","yoast_head_json":{"title":"KIPSKIUDPLAAT FERMACELL 12,2*1200*2600 - Espak E-pood","robots":{"index":"index","follow":"follow","max-snippet":"max-snippet:-1","max-image-preview":"max-image-preview:large","max-video-preview":"max-video-preview:-1"},"canonical":"https:\/\/espak.ee\/epood\/toode\/kipskiudplaat-fermacell-12212002600\/","og_locale":"et_EE","og_type":"article","og_title":"KIPSKIUDPLAAT FERMACELL 12,2*1200*2600 - Espak E-pood","og_url":"https:\/\/espak.ee\/epood\/toode\/kipskiudplaat-fermacell-12212002600\/","og_site_name":"Espak E-pood","article_modified_time":"2025-06-30T20:33:34+00:00","og_image":[{"width":437,"height":336,"url":"https:\/\/espak.ee\/epood\/wp-content\/uploads\/2021\/03\/Ehitusplaat-Fermacell-kipskiudplaat-\u2013-koopia.jpg","type":"image\/jpeg"}],"twitter_card":"summary_large_image","twitter_misc":{"Est. reading time":"1 minut"},"schema":{"@context":"https:\/\/schema.org","@graph":[{"@type":"WebPage","@id":"https:\/\/espak.ee\/epood\/toode\/kipskiudplaat-fermacell-12212002600\/","url":"https:\/\/espak.ee\/epood\/toode\/kipskiudplaat-fermacell-12212002600\/","name":"KIPSKIUDPLAAT FERMACELL 12,2*1200*2600 - Espak E-pood","isPartOf":{"@id":"https:\/\/espak.ee\/epood\/#website"},"primaryImageOfPage":{"@id":"https:\/\/espak.ee\/epood\/toode\/kipskiudplaat-fermacell-12212002600\/#primaryimage"},"image":{"@id":"https:\/\/espak.ee\/epood\/toode\/kipskiudplaat-fermacell-12212002600\/#primaryimage"},"thumbnailUrl":"https:\/\/espak.ee\/epood\/wp-content\/uploads\/2021\/03\/Ehitusplaat-Fermacell-kipskiudplaat-\u2013-koopia.jpg","datePublished":"2021-03-10T06:48:32+00:00","dateModified":"2025-06-30T20:33:34+00:00","breadcrumb":{"@id":"https:\/\/espak.ee\/epood\/toode\/kipskiudplaat-fermacell-12212002600\/#breadcrumb"},"inLanguage":"et","potentialAction":[{"@type":"ReadAction","target":["https:\/\/espak.ee\/epood\/toode\/kipskiudplaat-fermacell-12212002600\/"]}]},{"@type":"ImageObject","inLanguage":"et","@id":"https:\/\/espak.ee\/epood\/toode\/kipskiudplaat-fermacell-12212002600\/#primaryimage","url":"https:\/\/espak.ee\/epood\/wp-content\/uploads\/2021\/03\/Ehitusplaat-Fermacell-kipskiudplaat-\u2013-koopia.jpg","contentUrl":"https:\/\/espak.ee\/epood\/wp-content\/uploads\/2021\/03\/Ehitusplaat-Fermacell-kipskiudplaat-\u2013-koopia.jpg","width":437,"height":336},{"@type":"BreadcrumbList","@id":"https:\/\/espak.ee\/epood\/toode\/kipskiudplaat-fermacell-12212002600\/#breadcrumb","itemListElement":[{"@type":"ListItem","position":1,"name":"Home","item":"https:\/\/espak.ee\/epood\/"},{"@type":"ListItem","position":2,"name":"Tootevalik","item":"https:\/\/espak.ee\/epood\/tootevalik\/"},{"@type":"ListItem","position":3,"name":"KIPSKIUDPLAAT FERMACELL 12,2*1200*2600"}]},{"@type":"WebSite","@id":"https:\/\/espak.ee\/epood\/#website","url":"https:\/\/espak.ee\/epood\/","name":"Espak E-pood","description":"","potentialAction":[{"@type":"SearchAction","target":{"@type":"EntryPoint","urlTemplate":"https:\/\/espak.ee\/epood\/?s={search_term_string}"},"query-input":{"@type":"PropertyValueSpecification","valueRequired":true,"valueName":"search_term_string"}}],"inLanguage":"et"}]}},"_links":{"self":[{"href":"https:\/\/espak.ee\/epood\/wp-json\/wp\/v2\/product\/65515","targetHints":{"allow":["GET"]}}],"collection":[{"href":"https:\/\/espak.ee\/epood\/wp-json\/wp\/v2\/product"}],"about":[{"href":"https:\/\/espak.ee\/epood\/wp-json\/wp\/v2\/types\/product"}],"replies":[{"embeddable":true,"href":"https:\/\/espak.ee\/epood\/wp-json\/wp\/v2\/comments?post=65515"}],"wp:featuredmedia":[{"embeddable":true,"href":"https:\/\/espak.ee\/epood\/wp-json\/wp\/v2\/media\/91714"}],"wp:attachment":[{"href":"https:\/\/espak.ee\/epood\/wp-json\/wp\/v2\/media?parent=65515"}],"wp:term":[{"taxonomy":"product_brand","embeddable":true,"href":"https:\/\/espak.ee\/epood\/wp-json\/wp\/v2\/product_brand?post=65515"},{"taxonomy":"product_cat","embeddable":true,"href":"https:\/\/espak.ee\/epood\/wp-json\/wp\/v2\/product_cat?post=65515"},{"taxonomy":"product_tag","embeddable":true,"href":"https:\/\/espak.ee\/epood\/wp-json\/wp\/v2\/product_tag?post=65515"}],"curies":[{"name":"wp","href":"https:\/\/api.w.org\/{rel}","templated":true}]}}