{"id":63986,"date":"2021-03-07T08:03:26","date_gmt":"2021-03-07T08:03:26","guid":{"rendered":"https:\/\/espak.ee\/hinnakiri\/?post_type=product&#038;p=63986"},"modified":"2025-08-27T19:56:13","modified_gmt":"2025-08-27T16:56:13","slug":"koogisegisti-grohe-eurosmart-valjatommatav-kroom","status":"publish","type":"product","link":"https:\/\/espak.ee\/epood\/toode\/koogisegisti-grohe-eurosmart-valjatommatav-kroom\/","title":{"rendered":"K\u00d6\u00d6GISEGISTI GROHE EUROSMART V\u00c4LJAT\u00d5MMATAV, KROOM"},"content":{"rendered":"<div class=\"row\"  id=\"row-234528469\">\n\n\t<div id=\"col-371693237\" class=\"col medium-9 small-12 large-9\"  >\n\t\t\t\t<div class=\"col-inner\"  >\n\t\t\t\n\t\t\t\n<h2>K\u00f6\u00f6gisegisti Grohe Eurosmart v\u00e4ljat\u00f5mmatav, kroom<\/h2>\n<p>K\u00f5ik t\u00f6\u00f6d saavad k\u00f6\u00f6gis kiiresti tehtud segisti abil, mida on lihtne paigaldada ning millel on liikuv ja v\u00f5imas v\u00e4ljat\u00f5mmatav pihustuspea \u2013 see on GROHE Eurosmarti \u00fche hoovaga valamusegisti.<br \/>\n See disainiklassika on l\u00e4binud moodsa k\u00f6\u00f6gi n\u00f5uetele vastava v\u00e4rskenduskuuri, omandanud moodsa \u00f5hukese profiili ja saanud juurde kasutusmugavust. See k\u00f6\u00f6gisegisti on ette n\u00e4htud \u00fche avaga paigalduseks. Madalal tilal on v\u00e4ljat\u00f5mmatav kahe re\u017eiimiga pihustuspea, mis tagab maksimaalse liikumisvabaduse. \u00dche nupuvajutusega saab vaheldumisi kasutada pritsmevaba kihilist pihustust ja tugevat pihustusjuga\u00a0\u2013 kas loputate juurvilju, t\u00e4idate potti v\u00f5i puhastate valamut, see kasulik pihustusotsak tuleb toime k\u00f5igega. Kui vee kinni keerate, valib segisti automaatselt taas kihilise pihustuse. Selleks, et kitsas kohas lisamugavust pakkuda, saab tila ka sujuvalt 90\u00b0 p\u00f6\u00f6rata.<br \/>\n GROHE SilkMove&#8217;i s\u00fcdamikutehnoloogia tagab sujuva ja t\u00e4pse reguleerimise kogu kasutusaja v\u00e4ltel, GROHE Zero eraldatud sisemised veekanalid annavad aga plii- ja niklivaba joogivee.<br \/>\n Reguleeritav vooluhulga piirik hoiab kokku vett ja raha ning sisseehitatud temperatuuripiirik aitab v\u00e4ltida p\u00f5letusi.<br \/>\n L\u00e4ikiv GROHE StarLighti kroomkate on kriimustuskindel ja tagab s\u00e4rava pinna paljudeks aastateks.<br \/>\n GROHE FastFixation Plus Set t\u00e4hendab, et k\u00f6\u00f6gisegistit saab paigaldada h\u00f5lpsalt ja kiiresti, ilma et oleks vaja erit\u00f6\u00f6riistu.<br \/>\nSelle segisti korral on soovitatav surve v\u00e4hemalt 1,0\u00a0bar.<\/p>\n\t\t<\/div>\n\t\t\t\t\t<\/div>\n\n\t\n\n\t<div id=\"col-272885340\" class=\"col medium-3 small-12 large-3\"  >\n\t\t\t\t<div class=\"col-inner\"  >\n\t\t\t\n\t\t\t\n<h3>Paigaldusjuhend<\/h3>\n<p><a href=\"https:\/\/espak.ee\/epood\/wp-content\/uploads\/2021\/03\/2171146.pdf\"target=\"_blank\" rel=\"noopener noreferrer\"><i class=\"far fa-file-pdf\"><\/i> Paigaldusjuhend (PDF)<\/a><\/p>\n\t<div id=\"gap-69080919\" class=\"gap-element clearfix\" style=\"display:block; height:auto;\">\n\t\t\n<style>\n#gap-69080919 {\n  padding-top: 30px;\n}\n<\/style>\n\t<\/div>\n\t\n<p><strong>\u00dcksikasjalikuma n\u00f5u saamiseks v\u00f5tke \u00fchendust:<br \/><\/strong>Grohe AG Eesti filiaal<br \/>Tartu mnt 16<br \/>10117<br \/>Tallinn<br \/>+372 6616354<\/p>\n\t\t<\/div>\n\t\t\t\t\t<\/div>\n\n\t\n<\/div>\n","protected":false},"excerpt":{"rendered":"","protected":false},"featured_media":112671,"comment_status":"closed","ping_status":"closed","template":"","meta":[],"product_brand":[],"product_cat":[2826,2819,2820,2821],"product_tag":[],"class_list":{"0":"post-63986","1":"product","2":"type-product","3":"status-publish","4":"has-post-thumbnail","6":"product_cat-koogisegistid","7":"product_cat-sanitaartehnika","8":"product_cat-sanitaartehnika-sanitaartehnika","9":"product_cat-segistid","10":"pa_kaubamark-grohe-a-g","12":"first","13":"instock","14":"sale","15":"taxable","16":"shipping-taxable","17":"purchasable","18":"product-type-simple"},"yoast_head":"<!-- This site is optimized with the Yoast SEO plugin v26.9 - https:\/\/yoast.com\/product\/yoast-seo-wordpress\/ -->\n<title>K\u00d6\u00d6GISEGISTI GROHE EUROSMART V\u00c4LJAT\u00d5MMATAV, KROOM - Espak E-pood<\/title>\n<meta name=\"robots\" content=\"index, follow, max-snippet:-1, max-image-preview:large, max-video-preview:-1\" \/>\n<link rel=\"canonical\" href=\"https:\/\/espak.ee\/epood\/toode\/koogisegisti-grohe-eurosmart-valjatommatav-kroom\/\" \/>\n<meta property=\"og:locale\" content=\"et_EE\" \/>\n<meta property=\"og:type\" content=\"article\" \/>\n<meta property=\"og:title\" content=\"K\u00d6\u00d6GISEGISTI GROHE EUROSMART V\u00c4LJAT\u00d5MMATAV, KROOM - Espak E-pood\" \/>\n<meta property=\"og:url\" content=\"https:\/\/espak.ee\/epood\/toode\/koogisegisti-grohe-eurosmart-valjatommatav-kroom\/\" \/>\n<meta property=\"og:site_name\" content=\"Espak E-pood\" \/>\n<meta property=\"article:modified_time\" content=\"2025-08-27T16:56:13+00:00\" \/>\n<meta property=\"og:image\" content=\"https:\/\/espak.ee\/epood\/wp-content\/uploads\/2021\/03\/30305001.jpg\" \/>\n\t<meta property=\"og:image:width\" content=\"1000\" \/>\n\t<meta property=\"og:image:height\" content=\"1000\" \/>\n\t<meta property=\"og:image:type\" content=\"image\/jpeg\" \/>\n<meta name=\"twitter:card\" content=\"summary_large_image\" \/>\n<meta name=\"twitter:label1\" content=\"Est. reading time\" \/>\n\t<meta name=\"twitter:data1\" content=\"1 minut\" \/>\n<script type=\"application\/ld+json\" class=\"yoast-schema-graph\">{\"@context\":\"https:\/\/schema.org\",\"@graph\":[{\"@type\":\"WebPage\",\"@id\":\"https:\/\/espak.ee\/epood\/toode\/koogisegisti-grohe-eurosmart-valjatommatav-kroom\/\",\"url\":\"https:\/\/espak.ee\/epood\/toode\/koogisegisti-grohe-eurosmart-valjatommatav-kroom\/\",\"name\":\"K\u00d6\u00d6GISEGISTI GROHE EUROSMART V\u00c4LJAT\u00d5MMATAV, KROOM - Espak E-pood\",\"isPartOf\":{\"@id\":\"https:\/\/espak.ee\/epood\/#website\"},\"primaryImageOfPage\":{\"@id\":\"https:\/\/espak.ee\/epood\/toode\/koogisegisti-grohe-eurosmart-valjatommatav-kroom\/#primaryimage\"},\"image\":{\"@id\":\"https:\/\/espak.ee\/epood\/toode\/koogisegisti-grohe-eurosmart-valjatommatav-kroom\/#primaryimage\"},\"thumbnailUrl\":\"https:\/\/espak.ee\/epood\/wp-content\/uploads\/2021\/03\/30305001.jpg\",\"datePublished\":\"2021-03-07T08:03:26+00:00\",\"dateModified\":\"2025-08-27T16:56:13+00:00\",\"breadcrumb\":{\"@id\":\"https:\/\/espak.ee\/epood\/toode\/koogisegisti-grohe-eurosmart-valjatommatav-kroom\/#breadcrumb\"},\"inLanguage\":\"et\",\"potentialAction\":[{\"@type\":\"ReadAction\",\"target\":[\"https:\/\/espak.ee\/epood\/toode\/koogisegisti-grohe-eurosmart-valjatommatav-kroom\/\"]}]},{\"@type\":\"ImageObject\",\"inLanguage\":\"et\",\"@id\":\"https:\/\/espak.ee\/epood\/toode\/koogisegisti-grohe-eurosmart-valjatommatav-kroom\/#primaryimage\",\"url\":\"https:\/\/espak.ee\/epood\/wp-content\/uploads\/2021\/03\/30305001.jpg\",\"contentUrl\":\"https:\/\/espak.ee\/epood\/wp-content\/uploads\/2021\/03\/30305001.jpg\",\"width\":1000,\"height\":1000},{\"@type\":\"BreadcrumbList\",\"@id\":\"https:\/\/espak.ee\/epood\/toode\/koogisegisti-grohe-eurosmart-valjatommatav-kroom\/#breadcrumb\",\"itemListElement\":[{\"@type\":\"ListItem\",\"position\":1,\"name\":\"Home\",\"item\":\"https:\/\/espak.ee\/epood\/\"},{\"@type\":\"ListItem\",\"position\":2,\"name\":\"Tootevalik\",\"item\":\"https:\/\/espak.ee\/epood\/tootevalik\/\"},{\"@type\":\"ListItem\",\"position\":3,\"name\":\"K\u00d6\u00d6GISEGISTI GROHE EUROSMART V\u00c4LJAT\u00d5MMATAV, KROOM\"}]},{\"@type\":\"WebSite\",\"@id\":\"https:\/\/espak.ee\/epood\/#website\",\"url\":\"https:\/\/espak.ee\/epood\/\",\"name\":\"Espak E-pood\",\"description\":\"\",\"potentialAction\":[{\"@type\":\"SearchAction\",\"target\":{\"@type\":\"EntryPoint\",\"urlTemplate\":\"https:\/\/espak.ee\/epood\/?s={search_term_string}\"},\"query-input\":{\"@type\":\"PropertyValueSpecification\",\"valueRequired\":true,\"valueName\":\"search_term_string\"}}],\"inLanguage\":\"et\"}]}<\/script>\n<!-- \/ Yoast SEO plugin. -->","yoast_head_json":{"title":"K\u00d6\u00d6GISEGISTI GROHE EUROSMART V\u00c4LJAT\u00d5MMATAV, KROOM - Espak E-pood","robots":{"index":"index","follow":"follow","max-snippet":"max-snippet:-1","max-image-preview":"max-image-preview:large","max-video-preview":"max-video-preview:-1"},"canonical":"https:\/\/espak.ee\/epood\/toode\/koogisegisti-grohe-eurosmart-valjatommatav-kroom\/","og_locale":"et_EE","og_type":"article","og_title":"K\u00d6\u00d6GISEGISTI GROHE EUROSMART V\u00c4LJAT\u00d5MMATAV, KROOM - Espak E-pood","og_url":"https:\/\/espak.ee\/epood\/toode\/koogisegisti-grohe-eurosmart-valjatommatav-kroom\/","og_site_name":"Espak E-pood","article_modified_time":"2025-08-27T16:56:13+00:00","og_image":[{"width":1000,"height":1000,"url":"https:\/\/espak.ee\/epood\/wp-content\/uploads\/2021\/03\/30305001.jpg","type":"image\/jpeg"}],"twitter_card":"summary_large_image","twitter_misc":{"Est. reading time":"1 minut"},"schema":{"@context":"https:\/\/schema.org","@graph":[{"@type":"WebPage","@id":"https:\/\/espak.ee\/epood\/toode\/koogisegisti-grohe-eurosmart-valjatommatav-kroom\/","url":"https:\/\/espak.ee\/epood\/toode\/koogisegisti-grohe-eurosmart-valjatommatav-kroom\/","name":"K\u00d6\u00d6GISEGISTI GROHE EUROSMART V\u00c4LJAT\u00d5MMATAV, KROOM - Espak E-pood","isPartOf":{"@id":"https:\/\/espak.ee\/epood\/#website"},"primaryImageOfPage":{"@id":"https:\/\/espak.ee\/epood\/toode\/koogisegisti-grohe-eurosmart-valjatommatav-kroom\/#primaryimage"},"image":{"@id":"https:\/\/espak.ee\/epood\/toode\/koogisegisti-grohe-eurosmart-valjatommatav-kroom\/#primaryimage"},"thumbnailUrl":"https:\/\/espak.ee\/epood\/wp-content\/uploads\/2021\/03\/30305001.jpg","datePublished":"2021-03-07T08:03:26+00:00","dateModified":"2025-08-27T16:56:13+00:00","breadcrumb":{"@id":"https:\/\/espak.ee\/epood\/toode\/koogisegisti-grohe-eurosmart-valjatommatav-kroom\/#breadcrumb"},"inLanguage":"et","potentialAction":[{"@type":"ReadAction","target":["https:\/\/espak.ee\/epood\/toode\/koogisegisti-grohe-eurosmart-valjatommatav-kroom\/"]}]},{"@type":"ImageObject","inLanguage":"et","@id":"https:\/\/espak.ee\/epood\/toode\/koogisegisti-grohe-eurosmart-valjatommatav-kroom\/#primaryimage","url":"https:\/\/espak.ee\/epood\/wp-content\/uploads\/2021\/03\/30305001.jpg","contentUrl":"https:\/\/espak.ee\/epood\/wp-content\/uploads\/2021\/03\/30305001.jpg","width":1000,"height":1000},{"@type":"BreadcrumbList","@id":"https:\/\/espak.ee\/epood\/toode\/koogisegisti-grohe-eurosmart-valjatommatav-kroom\/#breadcrumb","itemListElement":[{"@type":"ListItem","position":1,"name":"Home","item":"https:\/\/espak.ee\/epood\/"},{"@type":"ListItem","position":2,"name":"Tootevalik","item":"https:\/\/espak.ee\/epood\/tootevalik\/"},{"@type":"ListItem","position":3,"name":"K\u00d6\u00d6GISEGISTI GROHE EUROSMART V\u00c4LJAT\u00d5MMATAV, KROOM"}]},{"@type":"WebSite","@id":"https:\/\/espak.ee\/epood\/#website","url":"https:\/\/espak.ee\/epood\/","name":"Espak E-pood","description":"","potentialAction":[{"@type":"SearchAction","target":{"@type":"EntryPoint","urlTemplate":"https:\/\/espak.ee\/epood\/?s={search_term_string}"},"query-input":{"@type":"PropertyValueSpecification","valueRequired":true,"valueName":"search_term_string"}}],"inLanguage":"et"}]}},"_links":{"self":[{"href":"https:\/\/espak.ee\/epood\/wp-json\/wp\/v2\/product\/63986","targetHints":{"allow":["GET"]}}],"collection":[{"href":"https:\/\/espak.ee\/epood\/wp-json\/wp\/v2\/product"}],"about":[{"href":"https:\/\/espak.ee\/epood\/wp-json\/wp\/v2\/types\/product"}],"replies":[{"embeddable":true,"href":"https:\/\/espak.ee\/epood\/wp-json\/wp\/v2\/comments?post=63986"}],"wp:featuredmedia":[{"embeddable":true,"href":"https:\/\/espak.ee\/epood\/wp-json\/wp\/v2\/media\/112671"}],"wp:attachment":[{"href":"https:\/\/espak.ee\/epood\/wp-json\/wp\/v2\/media?parent=63986"}],"wp:term":[{"taxonomy":"product_brand","embeddable":true,"href":"https:\/\/espak.ee\/epood\/wp-json\/wp\/v2\/product_brand?post=63986"},{"taxonomy":"product_cat","embeddable":true,"href":"https:\/\/espak.ee\/epood\/wp-json\/wp\/v2\/product_cat?post=63986"},{"taxonomy":"product_tag","embeddable":true,"href":"https:\/\/espak.ee\/epood\/wp-json\/wp\/v2\/product_tag?post=63986"}],"curies":[{"name":"wp","href":"https:\/\/api.w.org\/{rel}","templated":true}]}}