{"id":63240,"date":"2021-02-25T03:45:41","date_gmt":"2021-02-25T03:45:41","guid":{"rendered":"https:\/\/espak.ee\/hinnakiri\/?post_type=product&#038;p=63240"},"modified":"2025-01-25T12:37:25","modified_gmt":"2025-01-25T10:37:25","slug":"tooriistakomplekt-24-osa-mannesmann-m29024","status":"publish","type":"product","link":"https:\/\/espak.ee\/epood\/toode\/tooriistakomplekt-24-osa-mannesmann-m29024\/","title":{"rendered":"T\u00d6\u00d6RIISTAKOMPLEKT 24 OSA MANNESMANN M29024"},"content":{"rendered":"<div class=\"row\"  id=\"row-323973457\">\n\n\t<div id=\"col-1994656911\" class=\"col medium-9 small-12 large-9\"  >\n\t\t\t\t<div class=\"col-inner\"  >\n\t\t\t\n\t\t\t\n<h3>T\u00f6\u00f6riistakomplekt 24 osa <\/h3>\n<p>T\u00f6\u00f6riistakomplekt alumiiniumkohvris.<br \/>\nKomplektis erinevad kruvikeerajad, m\u00f5\u00f5dulint, kuuskantv\u00f5tmed, haamer, n\u00e4pitsad, pingetester, reguleeritav mutriv\u00f5ti, torutangid.<\/p>\n\t\t<\/div>\n\t\t\t\t\t<\/div>\n\n\t\n\n\t<div id=\"col-1443023143\" class=\"col medium-3 small-12 large-3\"  >\n\t\t\t\t<div class=\"col-inner\"  >\n\t\t\t\n\t\t\t\n\t<div id=\"gap-1431517376\" class=\"gap-element clearfix\" style=\"display:block; height:auto;\">\n\t\t\n<style>\n#gap-1431517376 {\n  padding-top: 30px;\n}\n<\/style>\n\t<\/div>\n\t\n<p><img decoding=\"async\" src=\"https:\/\/espak.ee\/epood\/wp-content\/uploads\/LOGO_GROSS-orange-schwarz-_Konvertiert_400x-150x34.png\" alt=\"\" width=\"150\" height=\"34\" class=\"alignnone size-thumbnail wp-image-63285\" srcset=\"https:\/\/espak.ee\/epood\/wp-content\/uploads\/LOGO_GROSS-orange-schwarz-_Konvertiert_400x-150x34.png 150w, https:\/\/espak.ee\/epood\/wp-content\/uploads\/LOGO_GROSS-orange-schwarz-_Konvertiert_400x-300x68.png 300w, https:\/\/espak.ee\/epood\/wp-content\/uploads\/LOGO_GROSS-orange-schwarz-_Konvertiert_400x.png 400w\" sizes=\"(max-width: 150px) 100vw, 150px\" \/><br \/>\n<div class=\"is-divider divider clearfix\" ><\/div>\n<p><strong>\u00dcksikasjalikuma n\u00f5u saamiseks v\u00f5tke \u00fchendust:<br \/><\/strong>Espak AS<br \/>Viadukti 42<br \/>11313<br \/>Tallinn<br \/> T\u00f6\u00f6riista osakond +372 6512 335<br \/><a href=\"mailto:tooriist@espak.ee\">tooriist@espak.ee<\/a><\/p>\n\t\t<\/div>\n\t\t\t\t\t<\/div>\n\n\t\n<\/div>\n","protected":false},"excerpt":{"rendered":"","protected":false},"featured_media":63698,"comment_status":"closed","ping_status":"closed","template":"","meta":[],"product_brand":[],"product_cat":[2771,2954,3131,2679],"product_tag":[],"class_list":{"0":"post-63240","1":"product","2":"type-product","3":"status-publish","4":"has-post-thumbnail","6":"product_cat-kasitooriistad","7":"product_cat-kasitooriistad-kasitooriistad","8":"product_cat-padrunid-ja-padrunikomplektid","9":"product_cat-tooriistad","10":"pa_kaubamark-mannesmann","12":"first","13":"instock","14":"sale","15":"taxable","16":"shipping-taxable","17":"purchasable","18":"product-type-simple"},"yoast_head":"<!-- This site is optimized with the Yoast SEO plugin v26.9 - https:\/\/yoast.com\/product\/yoast-seo-wordpress\/ -->\n<title>T\u00d6\u00d6RIISTAKOMPLEKT 24 OSA MANNESMANN M29024 - Espak E-pood<\/title>\n<meta name=\"robots\" content=\"index, follow, max-snippet:-1, max-image-preview:large, max-video-preview:-1\" \/>\n<link rel=\"canonical\" href=\"https:\/\/espak.ee\/epood\/toode\/tooriistakomplekt-24-osa-mannesmann-m29024\/\" \/>\n<meta property=\"og:locale\" content=\"et_EE\" \/>\n<meta property=\"og:type\" content=\"article\" \/>\n<meta property=\"og:title\" content=\"T\u00d6\u00d6RIISTAKOMPLEKT 24 OSA MANNESMANN M29024 - Espak E-pood\" \/>\n<meta property=\"og:url\" content=\"https:\/\/espak.ee\/epood\/toode\/tooriistakomplekt-24-osa-mannesmann-m29024\/\" \/>\n<meta property=\"og:site_name\" content=\"Espak E-pood\" \/>\n<meta property=\"article:modified_time\" content=\"2025-01-25T10:37:25+00:00\" \/>\n<meta property=\"og:image\" content=\"https:\/\/espak.ee\/epood\/wp-content\/uploads\/M29024.jpg\" \/>\n\t<meta property=\"og:image:width\" content=\"1000\" \/>\n\t<meta property=\"og:image:height\" content=\"1000\" \/>\n\t<meta property=\"og:image:type\" content=\"image\/jpeg\" \/>\n<meta name=\"twitter:card\" content=\"summary_large_image\" \/>\n<script type=\"application\/ld+json\" class=\"yoast-schema-graph\">{\"@context\":\"https:\/\/schema.org\",\"@graph\":[{\"@type\":\"WebPage\",\"@id\":\"https:\/\/espak.ee\/epood\/toode\/tooriistakomplekt-24-osa-mannesmann-m29024\/\",\"url\":\"https:\/\/espak.ee\/epood\/toode\/tooriistakomplekt-24-osa-mannesmann-m29024\/\",\"name\":\"T\u00d6\u00d6RIISTAKOMPLEKT 24 OSA MANNESMANN M29024 - Espak E-pood\",\"isPartOf\":{\"@id\":\"https:\/\/espak.ee\/epood\/#website\"},\"primaryImageOfPage\":{\"@id\":\"https:\/\/espak.ee\/epood\/toode\/tooriistakomplekt-24-osa-mannesmann-m29024\/#primaryimage\"},\"image\":{\"@id\":\"https:\/\/espak.ee\/epood\/toode\/tooriistakomplekt-24-osa-mannesmann-m29024\/#primaryimage\"},\"thumbnailUrl\":\"https:\/\/espak.ee\/epood\/wp-content\/uploads\/M29024.jpg\",\"datePublished\":\"2021-02-25T03:45:41+00:00\",\"dateModified\":\"2025-01-25T10:37:25+00:00\",\"breadcrumb\":{\"@id\":\"https:\/\/espak.ee\/epood\/toode\/tooriistakomplekt-24-osa-mannesmann-m29024\/#breadcrumb\"},\"inLanguage\":\"et\",\"potentialAction\":[{\"@type\":\"ReadAction\",\"target\":[\"https:\/\/espak.ee\/epood\/toode\/tooriistakomplekt-24-osa-mannesmann-m29024\/\"]}]},{\"@type\":\"ImageObject\",\"inLanguage\":\"et\",\"@id\":\"https:\/\/espak.ee\/epood\/toode\/tooriistakomplekt-24-osa-mannesmann-m29024\/#primaryimage\",\"url\":\"https:\/\/espak.ee\/epood\/wp-content\/uploads\/M29024.jpg\",\"contentUrl\":\"https:\/\/espak.ee\/epood\/wp-content\/uploads\/M29024.jpg\",\"width\":1000,\"height\":1000},{\"@type\":\"BreadcrumbList\",\"@id\":\"https:\/\/espak.ee\/epood\/toode\/tooriistakomplekt-24-osa-mannesmann-m29024\/#breadcrumb\",\"itemListElement\":[{\"@type\":\"ListItem\",\"position\":1,\"name\":\"Home\",\"item\":\"https:\/\/espak.ee\/epood\/\"},{\"@type\":\"ListItem\",\"position\":2,\"name\":\"Tootevalik\",\"item\":\"https:\/\/espak.ee\/epood\/tootevalik\/\"},{\"@type\":\"ListItem\",\"position\":3,\"name\":\"T\u00d6\u00d6RIISTAKOMPLEKT 24 OSA MANNESMANN M29024\"}]},{\"@type\":\"WebSite\",\"@id\":\"https:\/\/espak.ee\/epood\/#website\",\"url\":\"https:\/\/espak.ee\/epood\/\",\"name\":\"Espak E-pood\",\"description\":\"\",\"potentialAction\":[{\"@type\":\"SearchAction\",\"target\":{\"@type\":\"EntryPoint\",\"urlTemplate\":\"https:\/\/espak.ee\/epood\/?s={search_term_string}\"},\"query-input\":{\"@type\":\"PropertyValueSpecification\",\"valueRequired\":true,\"valueName\":\"search_term_string\"}}],\"inLanguage\":\"et\"}]}<\/script>\n<!-- \/ Yoast SEO plugin. -->","yoast_head_json":{"title":"T\u00d6\u00d6RIISTAKOMPLEKT 24 OSA MANNESMANN M29024 - Espak E-pood","robots":{"index":"index","follow":"follow","max-snippet":"max-snippet:-1","max-image-preview":"max-image-preview:large","max-video-preview":"max-video-preview:-1"},"canonical":"https:\/\/espak.ee\/epood\/toode\/tooriistakomplekt-24-osa-mannesmann-m29024\/","og_locale":"et_EE","og_type":"article","og_title":"T\u00d6\u00d6RIISTAKOMPLEKT 24 OSA MANNESMANN M29024 - Espak E-pood","og_url":"https:\/\/espak.ee\/epood\/toode\/tooriistakomplekt-24-osa-mannesmann-m29024\/","og_site_name":"Espak E-pood","article_modified_time":"2025-01-25T10:37:25+00:00","og_image":[{"width":1000,"height":1000,"url":"https:\/\/espak.ee\/epood\/wp-content\/uploads\/M29024.jpg","type":"image\/jpeg"}],"twitter_card":"summary_large_image","schema":{"@context":"https:\/\/schema.org","@graph":[{"@type":"WebPage","@id":"https:\/\/espak.ee\/epood\/toode\/tooriistakomplekt-24-osa-mannesmann-m29024\/","url":"https:\/\/espak.ee\/epood\/toode\/tooriistakomplekt-24-osa-mannesmann-m29024\/","name":"T\u00d6\u00d6RIISTAKOMPLEKT 24 OSA MANNESMANN M29024 - Espak E-pood","isPartOf":{"@id":"https:\/\/espak.ee\/epood\/#website"},"primaryImageOfPage":{"@id":"https:\/\/espak.ee\/epood\/toode\/tooriistakomplekt-24-osa-mannesmann-m29024\/#primaryimage"},"image":{"@id":"https:\/\/espak.ee\/epood\/toode\/tooriistakomplekt-24-osa-mannesmann-m29024\/#primaryimage"},"thumbnailUrl":"https:\/\/espak.ee\/epood\/wp-content\/uploads\/M29024.jpg","datePublished":"2021-02-25T03:45:41+00:00","dateModified":"2025-01-25T10:37:25+00:00","breadcrumb":{"@id":"https:\/\/espak.ee\/epood\/toode\/tooriistakomplekt-24-osa-mannesmann-m29024\/#breadcrumb"},"inLanguage":"et","potentialAction":[{"@type":"ReadAction","target":["https:\/\/espak.ee\/epood\/toode\/tooriistakomplekt-24-osa-mannesmann-m29024\/"]}]},{"@type":"ImageObject","inLanguage":"et","@id":"https:\/\/espak.ee\/epood\/toode\/tooriistakomplekt-24-osa-mannesmann-m29024\/#primaryimage","url":"https:\/\/espak.ee\/epood\/wp-content\/uploads\/M29024.jpg","contentUrl":"https:\/\/espak.ee\/epood\/wp-content\/uploads\/M29024.jpg","width":1000,"height":1000},{"@type":"BreadcrumbList","@id":"https:\/\/espak.ee\/epood\/toode\/tooriistakomplekt-24-osa-mannesmann-m29024\/#breadcrumb","itemListElement":[{"@type":"ListItem","position":1,"name":"Home","item":"https:\/\/espak.ee\/epood\/"},{"@type":"ListItem","position":2,"name":"Tootevalik","item":"https:\/\/espak.ee\/epood\/tootevalik\/"},{"@type":"ListItem","position":3,"name":"T\u00d6\u00d6RIISTAKOMPLEKT 24 OSA MANNESMANN M29024"}]},{"@type":"WebSite","@id":"https:\/\/espak.ee\/epood\/#website","url":"https:\/\/espak.ee\/epood\/","name":"Espak E-pood","description":"","potentialAction":[{"@type":"SearchAction","target":{"@type":"EntryPoint","urlTemplate":"https:\/\/espak.ee\/epood\/?s={search_term_string}"},"query-input":{"@type":"PropertyValueSpecification","valueRequired":true,"valueName":"search_term_string"}}],"inLanguage":"et"}]}},"_links":{"self":[{"href":"https:\/\/espak.ee\/epood\/wp-json\/wp\/v2\/product\/63240","targetHints":{"allow":["GET"]}}],"collection":[{"href":"https:\/\/espak.ee\/epood\/wp-json\/wp\/v2\/product"}],"about":[{"href":"https:\/\/espak.ee\/epood\/wp-json\/wp\/v2\/types\/product"}],"replies":[{"embeddable":true,"href":"https:\/\/espak.ee\/epood\/wp-json\/wp\/v2\/comments?post=63240"}],"wp:featuredmedia":[{"embeddable":true,"href":"https:\/\/espak.ee\/epood\/wp-json\/wp\/v2\/media\/63698"}],"wp:attachment":[{"href":"https:\/\/espak.ee\/epood\/wp-json\/wp\/v2\/media?parent=63240"}],"wp:term":[{"taxonomy":"product_brand","embeddable":true,"href":"https:\/\/espak.ee\/epood\/wp-json\/wp\/v2\/product_brand?post=63240"},{"taxonomy":"product_cat","embeddable":true,"href":"https:\/\/espak.ee\/epood\/wp-json\/wp\/v2\/product_cat?post=63240"},{"taxonomy":"product_tag","embeddable":true,"href":"https:\/\/espak.ee\/epood\/wp-json\/wp\/v2\/product_tag?post=63240"}],"curies":[{"name":"wp","href":"https:\/\/api.w.org\/{rel}","templated":true}]}}