{"id":63227,"date":"2021-02-25T02:01:33","date_gmt":"2021-02-25T02:01:33","guid":{"rendered":"https:\/\/espak.ee\/hinnakiri\/?post_type=product&#038;p=63227"},"modified":"2025-12-22T19:05:10","modified_gmt":"2025-12-22T17:05:10","slug":"napitsate-ja-tangide-komplekt-4-osa-mannesmann-m10997","status":"publish","type":"product","link":"https:\/\/espak.ee\/epood\/toode\/napitsate-ja-tangide-komplekt-4-osa-mannesmann-m10997\/","title":{"rendered":"N\u00c4PITSATE JA TANGIDE KOMPLEKT 4 OSA MANNESMANN M10997"},"content":{"rendered":"<div class=\"row\"  id=\"row-576407321\">\n\n\t<div id=\"col-1494508541\" class=\"col medium-9 small-12 large-9\"  >\n\t\t\t\t<div class=\"col-inner\"  >\n\t\t\t\n\t\t\t\n<h3>N\u00e4pitsate ja tangide komplekt 4 osa<\/h3>\n<p>Kahekomponentsest plastist libisemisvastaste k\u00e4epidemetega tangide ja n\u00e4pitsate komplekt. T\u00f6\u00f6riistad toodetud k\u00f5rgkvaliteediga terasest.<br \/>\nKomplektis kahed n\u00e4pitsad, l\u00f5iketangid ja torutangid. <\/p>\n\t\t<\/div>\n\t\t\t\t\t<\/div>\n\n\t\n\n\t<div id=\"col-1230743849\" class=\"col medium-3 small-12 large-3\"  >\n\t\t\t\t<div class=\"col-inner\"  >\n\t\t\t\n\t\t\t\n\t<div id=\"gap-1797603344\" class=\"gap-element clearfix\" style=\"display:block; height:auto;\">\n\t\t\n<style>\n#gap-1797603344 {\n  padding-top: 30px;\n}\n<\/style>\n\t<\/div>\n\t\n<p><img decoding=\"async\" src=\"https:\/\/espak.ee\/epood\/wp-content\/uploads\/LOGO_GROSS-orange-schwarz-_Konvertiert_400x-150x34.png\" alt=\"\" width=\"150\" height=\"34\" class=\"alignnone size-thumbnail wp-image-63285\" srcset=\"https:\/\/espak.ee\/epood\/wp-content\/uploads\/LOGO_GROSS-orange-schwarz-_Konvertiert_400x-150x34.png 150w, https:\/\/espak.ee\/epood\/wp-content\/uploads\/LOGO_GROSS-orange-schwarz-_Konvertiert_400x-300x68.png 300w, https:\/\/espak.ee\/epood\/wp-content\/uploads\/LOGO_GROSS-orange-schwarz-_Konvertiert_400x.png 400w\" sizes=\"(max-width: 150px) 100vw, 150px\" \/><br \/>\n<div class=\"is-divider divider clearfix\" ><\/div>\n<p><strong>\u00dcksikasjalikuma n\u00f5u saamiseks v\u00f5tke \u00fchendust:<br \/><\/strong>Espak AS<br \/>Viadukti 42<br \/>11313<br \/>Tallinn<br \/> T\u00f6\u00f6riista osakond +372 6512 335<br \/><a href=\"mailto:tooriist@espak.ee\">tooriist@espak.ee<\/a><\/p>\n\t\t<\/div>\n\t\t\t\t\t<\/div>\n\n\t\n<\/div>\n","protected":false},"excerpt":{"rendered":"","protected":false},"featured_media":63611,"comment_status":"closed","ping_status":"closed","template":"","meta":[],"product_brand":[],"product_cat":[2771,2954,3110,2679],"product_tag":[],"class_list":{"0":"post-63227","1":"product","2":"type-product","3":"status-publish","4":"has-post-thumbnail","6":"product_cat-kasitooriistad","7":"product_cat-kasitooriistad-kasitooriistad","8":"product_cat-tangid-ja-napitsad","9":"product_cat-tooriistad","10":"pa_kaubamark-mannesmann","12":"first","13":"instock","14":"sale","15":"taxable","16":"shipping-taxable","17":"purchasable","18":"product-type-simple"},"yoast_head":"<!-- This site is optimized with the Yoast SEO plugin v26.9 - https:\/\/yoast.com\/product\/yoast-seo-wordpress\/ -->\n<title>N\u00c4PITSATE JA TANGIDE KOMPLEKT 4 OSA MANNESMANN M10997 - Espak E-pood<\/title>\n<meta name=\"robots\" content=\"index, follow, max-snippet:-1, max-image-preview:large, max-video-preview:-1\" \/>\n<link rel=\"canonical\" href=\"https:\/\/espak.ee\/epood\/toode\/napitsate-ja-tangide-komplekt-4-osa-mannesmann-m10997\/\" \/>\n<meta property=\"og:locale\" content=\"et_EE\" \/>\n<meta property=\"og:type\" content=\"article\" \/>\n<meta property=\"og:title\" content=\"N\u00c4PITSATE JA TANGIDE KOMPLEKT 4 OSA MANNESMANN M10997 - Espak E-pood\" \/>\n<meta property=\"og:url\" content=\"https:\/\/espak.ee\/epood\/toode\/napitsate-ja-tangide-komplekt-4-osa-mannesmann-m10997\/\" \/>\n<meta property=\"og:site_name\" content=\"Espak E-pood\" \/>\n<meta property=\"article:modified_time\" content=\"2025-12-22T17:05:10+00:00\" \/>\n<meta property=\"og:image\" content=\"https:\/\/espak.ee\/epood\/wp-content\/uploads\/M10997.jpg\" \/>\n\t<meta property=\"og:image:width\" content=\"1000\" \/>\n\t<meta property=\"og:image:height\" content=\"1000\" \/>\n\t<meta property=\"og:image:type\" content=\"image\/jpeg\" \/>\n<meta name=\"twitter:card\" content=\"summary_large_image\" \/>\n<script type=\"application\/ld+json\" class=\"yoast-schema-graph\">{\"@context\":\"https:\/\/schema.org\",\"@graph\":[{\"@type\":\"WebPage\",\"@id\":\"https:\/\/espak.ee\/epood\/toode\/napitsate-ja-tangide-komplekt-4-osa-mannesmann-m10997\/\",\"url\":\"https:\/\/espak.ee\/epood\/toode\/napitsate-ja-tangide-komplekt-4-osa-mannesmann-m10997\/\",\"name\":\"N\u00c4PITSATE JA TANGIDE KOMPLEKT 4 OSA MANNESMANN M10997 - Espak E-pood\",\"isPartOf\":{\"@id\":\"https:\/\/espak.ee\/epood\/#website\"},\"primaryImageOfPage\":{\"@id\":\"https:\/\/espak.ee\/epood\/toode\/napitsate-ja-tangide-komplekt-4-osa-mannesmann-m10997\/#primaryimage\"},\"image\":{\"@id\":\"https:\/\/espak.ee\/epood\/toode\/napitsate-ja-tangide-komplekt-4-osa-mannesmann-m10997\/#primaryimage\"},\"thumbnailUrl\":\"https:\/\/espak.ee\/epood\/wp-content\/uploads\/M10997.jpg\",\"datePublished\":\"2021-02-25T02:01:33+00:00\",\"dateModified\":\"2025-12-22T17:05:10+00:00\",\"breadcrumb\":{\"@id\":\"https:\/\/espak.ee\/epood\/toode\/napitsate-ja-tangide-komplekt-4-osa-mannesmann-m10997\/#breadcrumb\"},\"inLanguage\":\"et\",\"potentialAction\":[{\"@type\":\"ReadAction\",\"target\":[\"https:\/\/espak.ee\/epood\/toode\/napitsate-ja-tangide-komplekt-4-osa-mannesmann-m10997\/\"]}]},{\"@type\":\"ImageObject\",\"inLanguage\":\"et\",\"@id\":\"https:\/\/espak.ee\/epood\/toode\/napitsate-ja-tangide-komplekt-4-osa-mannesmann-m10997\/#primaryimage\",\"url\":\"https:\/\/espak.ee\/epood\/wp-content\/uploads\/M10997.jpg\",\"contentUrl\":\"https:\/\/espak.ee\/epood\/wp-content\/uploads\/M10997.jpg\",\"width\":1000,\"height\":1000},{\"@type\":\"BreadcrumbList\",\"@id\":\"https:\/\/espak.ee\/epood\/toode\/napitsate-ja-tangide-komplekt-4-osa-mannesmann-m10997\/#breadcrumb\",\"itemListElement\":[{\"@type\":\"ListItem\",\"position\":1,\"name\":\"Home\",\"item\":\"https:\/\/espak.ee\/epood\/\"},{\"@type\":\"ListItem\",\"position\":2,\"name\":\"Tootevalik\",\"item\":\"https:\/\/espak.ee\/epood\/tootevalik\/\"},{\"@type\":\"ListItem\",\"position\":3,\"name\":\"N\u00c4PITSATE JA TANGIDE KOMPLEKT 4 OSA MANNESMANN M10997\"}]},{\"@type\":\"WebSite\",\"@id\":\"https:\/\/espak.ee\/epood\/#website\",\"url\":\"https:\/\/espak.ee\/epood\/\",\"name\":\"Espak E-pood\",\"description\":\"\",\"potentialAction\":[{\"@type\":\"SearchAction\",\"target\":{\"@type\":\"EntryPoint\",\"urlTemplate\":\"https:\/\/espak.ee\/epood\/?s={search_term_string}\"},\"query-input\":{\"@type\":\"PropertyValueSpecification\",\"valueRequired\":true,\"valueName\":\"search_term_string\"}}],\"inLanguage\":\"et\"}]}<\/script>\n<!-- \/ Yoast SEO plugin. -->","yoast_head_json":{"title":"N\u00c4PITSATE JA TANGIDE KOMPLEKT 4 OSA MANNESMANN M10997 - Espak E-pood","robots":{"index":"index","follow":"follow","max-snippet":"max-snippet:-1","max-image-preview":"max-image-preview:large","max-video-preview":"max-video-preview:-1"},"canonical":"https:\/\/espak.ee\/epood\/toode\/napitsate-ja-tangide-komplekt-4-osa-mannesmann-m10997\/","og_locale":"et_EE","og_type":"article","og_title":"N\u00c4PITSATE JA TANGIDE KOMPLEKT 4 OSA MANNESMANN M10997 - Espak E-pood","og_url":"https:\/\/espak.ee\/epood\/toode\/napitsate-ja-tangide-komplekt-4-osa-mannesmann-m10997\/","og_site_name":"Espak E-pood","article_modified_time":"2025-12-22T17:05:10+00:00","og_image":[{"width":1000,"height":1000,"url":"https:\/\/espak.ee\/epood\/wp-content\/uploads\/M10997.jpg","type":"image\/jpeg"}],"twitter_card":"summary_large_image","schema":{"@context":"https:\/\/schema.org","@graph":[{"@type":"WebPage","@id":"https:\/\/espak.ee\/epood\/toode\/napitsate-ja-tangide-komplekt-4-osa-mannesmann-m10997\/","url":"https:\/\/espak.ee\/epood\/toode\/napitsate-ja-tangide-komplekt-4-osa-mannesmann-m10997\/","name":"N\u00c4PITSATE JA TANGIDE KOMPLEKT 4 OSA MANNESMANN M10997 - Espak E-pood","isPartOf":{"@id":"https:\/\/espak.ee\/epood\/#website"},"primaryImageOfPage":{"@id":"https:\/\/espak.ee\/epood\/toode\/napitsate-ja-tangide-komplekt-4-osa-mannesmann-m10997\/#primaryimage"},"image":{"@id":"https:\/\/espak.ee\/epood\/toode\/napitsate-ja-tangide-komplekt-4-osa-mannesmann-m10997\/#primaryimage"},"thumbnailUrl":"https:\/\/espak.ee\/epood\/wp-content\/uploads\/M10997.jpg","datePublished":"2021-02-25T02:01:33+00:00","dateModified":"2025-12-22T17:05:10+00:00","breadcrumb":{"@id":"https:\/\/espak.ee\/epood\/toode\/napitsate-ja-tangide-komplekt-4-osa-mannesmann-m10997\/#breadcrumb"},"inLanguage":"et","potentialAction":[{"@type":"ReadAction","target":["https:\/\/espak.ee\/epood\/toode\/napitsate-ja-tangide-komplekt-4-osa-mannesmann-m10997\/"]}]},{"@type":"ImageObject","inLanguage":"et","@id":"https:\/\/espak.ee\/epood\/toode\/napitsate-ja-tangide-komplekt-4-osa-mannesmann-m10997\/#primaryimage","url":"https:\/\/espak.ee\/epood\/wp-content\/uploads\/M10997.jpg","contentUrl":"https:\/\/espak.ee\/epood\/wp-content\/uploads\/M10997.jpg","width":1000,"height":1000},{"@type":"BreadcrumbList","@id":"https:\/\/espak.ee\/epood\/toode\/napitsate-ja-tangide-komplekt-4-osa-mannesmann-m10997\/#breadcrumb","itemListElement":[{"@type":"ListItem","position":1,"name":"Home","item":"https:\/\/espak.ee\/epood\/"},{"@type":"ListItem","position":2,"name":"Tootevalik","item":"https:\/\/espak.ee\/epood\/tootevalik\/"},{"@type":"ListItem","position":3,"name":"N\u00c4PITSATE JA TANGIDE KOMPLEKT 4 OSA MANNESMANN M10997"}]},{"@type":"WebSite","@id":"https:\/\/espak.ee\/epood\/#website","url":"https:\/\/espak.ee\/epood\/","name":"Espak E-pood","description":"","potentialAction":[{"@type":"SearchAction","target":{"@type":"EntryPoint","urlTemplate":"https:\/\/espak.ee\/epood\/?s={search_term_string}"},"query-input":{"@type":"PropertyValueSpecification","valueRequired":true,"valueName":"search_term_string"}}],"inLanguage":"et"}]}},"_links":{"self":[{"href":"https:\/\/espak.ee\/epood\/wp-json\/wp\/v2\/product\/63227","targetHints":{"allow":["GET"]}}],"collection":[{"href":"https:\/\/espak.ee\/epood\/wp-json\/wp\/v2\/product"}],"about":[{"href":"https:\/\/espak.ee\/epood\/wp-json\/wp\/v2\/types\/product"}],"replies":[{"embeddable":true,"href":"https:\/\/espak.ee\/epood\/wp-json\/wp\/v2\/comments?post=63227"}],"wp:featuredmedia":[{"embeddable":true,"href":"https:\/\/espak.ee\/epood\/wp-json\/wp\/v2\/media\/63611"}],"wp:attachment":[{"href":"https:\/\/espak.ee\/epood\/wp-json\/wp\/v2\/media?parent=63227"}],"wp:term":[{"taxonomy":"product_brand","embeddable":true,"href":"https:\/\/espak.ee\/epood\/wp-json\/wp\/v2\/product_brand?post=63227"},{"taxonomy":"product_cat","embeddable":true,"href":"https:\/\/espak.ee\/epood\/wp-json\/wp\/v2\/product_cat?post=63227"},{"taxonomy":"product_tag","embeddable":true,"href":"https:\/\/espak.ee\/epood\/wp-json\/wp\/v2\/product_tag?post=63227"}],"curies":[{"name":"wp","href":"https:\/\/api.w.org\/{rel}","templated":true}]}}