{"id":62973,"date":"2021-02-20T07:55:28","date_gmt":"2021-02-20T07:55:28","guid":{"rendered":"https:\/\/espak.ee\/hinnakiri\/?post_type=product&#038;p=62973"},"modified":"2026-03-20T17:03:50","modified_gmt":"2026-03-20T15:03:50","slug":"tomati-mahevaetis-baltic-agro-1kg","status":"publish","type":"product","link":"https:\/\/espak.ee\/epood\/toode\/tomati-mahevaetis-baltic-agro-1kg\/","title":{"rendered":"TOMATI MAHEV\u00c4ETIS BALTIC AGRO 1KG"},"content":{"rendered":"<div class=\"row\"  id=\"row-1369434408\">\n\n\t<div id=\"col-513596928\" class=\"col medium-9 small-12 large-9\"  >\n\t\t\t\t<div class=\"col-inner\"  >\n\t\t\t\n\t\t\t\n<p>\u00dchtlase ja kestva m\u00f5juga keskkonnas\u00f5bralik v\u00e4etis. Tasakaalustatud v\u00e4etamine tugevdab taimi, muudab nad haiguste suhtes vastupidavamaks, soodustab uute \u00f5iepungade moodustumist ning annab tervisliku ja maitsva saagi. Orgaanika parandab mullaviljakust ja elavdab mullaorganismide tegevust. Ei sisalda keemilisi lisaaineid.<\/p>\n<p>Kasutamine: 90-120 g\/m\u00b2 ehk 3-4 peot\u00e4it taimele. Kastmisveeks lahjendada 150 g graanuleid 10 l vees.30 g \u2248 peot\u00e4is<\/p>\n\t\t<\/div>\n\t\t\t\t\t<\/div>\n\n\t\n\n\t<div id=\"col-350581318\" class=\"col medium-3 small-12 large-3\"  >\n\t\t\t\t<div class=\"col-inner\"  >\n\t\t\t\n\t\t\t\n<p><strong>\u00dcksikasjalikuma n\u00f5u saamiseks v\u00f5tke \u00fchendust:<br \/><\/strong>Baltic Agro AS, Rukki tee 8, Lehmja k\u00fcla, Rae vald, Telefon +372 606 2260<\/p>\n\t\t<\/div>\n\t\t\t\t\t<\/div>\n\n\t\n<\/div>\n","protected":false},"excerpt":{"rendered":"","protected":false},"featured_media":72201,"comment_status":"closed","ping_status":"closed","template":"","meta":[],"product_brand":[],"product_cat":[2789,2788,2878,2877],"product_tag":[],"class_list":{"0":"post-62973","1":"product","2":"type-product","3":"status-publish","4":"has-post-thumbnail","6":"product_cat-aiatarbed","7":"product_cat-aiatarbed-ja-kodukaubad","8":"product_cat-aiavaetised","9":"product_cat-vaetised","10":"pa_kaubamark-baltic-agro-as","12":"first","13":"instock","14":"sale","15":"taxable","16":"shipping-taxable","17":"purchasable","18":"product-type-simple"},"yoast_head":"<!-- This site is optimized with the Yoast SEO plugin v26.9 - https:\/\/yoast.com\/product\/yoast-seo-wordpress\/ -->\n<title>TOMATI MAHEV\u00c4ETIS BALTIC AGRO 1KG - Espak E-pood<\/title>\n<meta name=\"robots\" content=\"index, follow, max-snippet:-1, max-image-preview:large, max-video-preview:-1\" \/>\n<link rel=\"canonical\" href=\"https:\/\/espak.ee\/epood\/toode\/tomati-mahevaetis-baltic-agro-1kg\/\" \/>\n<meta property=\"og:locale\" content=\"et_EE\" \/>\n<meta property=\"og:type\" content=\"article\" \/>\n<meta property=\"og:title\" content=\"TOMATI MAHEV\u00c4ETIS BALTIC AGRO 1KG - Espak E-pood\" \/>\n<meta property=\"og:url\" content=\"https:\/\/espak.ee\/epood\/toode\/tomati-mahevaetis-baltic-agro-1kg\/\" \/>\n<meta property=\"og:site_name\" content=\"Espak E-pood\" \/>\n<meta property=\"article:modified_time\" content=\"2026-03-20T15:03:50+00:00\" \/>\n<meta property=\"og:image\" content=\"https:\/\/espak.ee\/epood\/wp-content\/uploads\/4744360015088-1-683x1024.png\" \/>\n\t<meta property=\"og:image:width\" content=\"683\" \/>\n\t<meta property=\"og:image:height\" content=\"1024\" \/>\n\t<meta property=\"og:image:type\" content=\"image\/png\" \/>\n<meta name=\"twitter:card\" content=\"summary_large_image\" \/>\n<script type=\"application\/ld+json\" class=\"yoast-schema-graph\">{\"@context\":\"https:\/\/schema.org\",\"@graph\":[{\"@type\":\"WebPage\",\"@id\":\"https:\/\/espak.ee\/epood\/toode\/tomati-mahevaetis-baltic-agro-1kg\/\",\"url\":\"https:\/\/espak.ee\/epood\/toode\/tomati-mahevaetis-baltic-agro-1kg\/\",\"name\":\"TOMATI MAHEV\u00c4ETIS BALTIC AGRO 1KG - Espak E-pood\",\"isPartOf\":{\"@id\":\"https:\/\/espak.ee\/epood\/#website\"},\"primaryImageOfPage\":{\"@id\":\"https:\/\/espak.ee\/epood\/toode\/tomati-mahevaetis-baltic-agro-1kg\/#primaryimage\"},\"image\":{\"@id\":\"https:\/\/espak.ee\/epood\/toode\/tomati-mahevaetis-baltic-agro-1kg\/#primaryimage\"},\"thumbnailUrl\":\"https:\/\/espak.ee\/epood\/wp-content\/uploads\/4744360015088-1.png\",\"datePublished\":\"2021-02-20T07:55:28+00:00\",\"dateModified\":\"2026-03-20T15:03:50+00:00\",\"breadcrumb\":{\"@id\":\"https:\/\/espak.ee\/epood\/toode\/tomati-mahevaetis-baltic-agro-1kg\/#breadcrumb\"},\"inLanguage\":\"et\",\"potentialAction\":[{\"@type\":\"ReadAction\",\"target\":[\"https:\/\/espak.ee\/epood\/toode\/tomati-mahevaetis-baltic-agro-1kg\/\"]}]},{\"@type\":\"ImageObject\",\"inLanguage\":\"et\",\"@id\":\"https:\/\/espak.ee\/epood\/toode\/tomati-mahevaetis-baltic-agro-1kg\/#primaryimage\",\"url\":\"https:\/\/espak.ee\/epood\/wp-content\/uploads\/4744360015088-1.png\",\"contentUrl\":\"https:\/\/espak.ee\/epood\/wp-content\/uploads\/4744360015088-1.png\",\"width\":2000,\"height\":3000},{\"@type\":\"BreadcrumbList\",\"@id\":\"https:\/\/espak.ee\/epood\/toode\/tomati-mahevaetis-baltic-agro-1kg\/#breadcrumb\",\"itemListElement\":[{\"@type\":\"ListItem\",\"position\":1,\"name\":\"Home\",\"item\":\"https:\/\/espak.ee\/epood\/\"},{\"@type\":\"ListItem\",\"position\":2,\"name\":\"Tootevalik\",\"item\":\"https:\/\/espak.ee\/epood\/tootevalik\/\"},{\"@type\":\"ListItem\",\"position\":3,\"name\":\"TOMATI MAHEV\u00c4ETIS BALTIC AGRO 1KG\"}]},{\"@type\":\"WebSite\",\"@id\":\"https:\/\/espak.ee\/epood\/#website\",\"url\":\"https:\/\/espak.ee\/epood\/\",\"name\":\"Espak E-pood\",\"description\":\"\",\"potentialAction\":[{\"@type\":\"SearchAction\",\"target\":{\"@type\":\"EntryPoint\",\"urlTemplate\":\"https:\/\/espak.ee\/epood\/?s={search_term_string}\"},\"query-input\":{\"@type\":\"PropertyValueSpecification\",\"valueRequired\":true,\"valueName\":\"search_term_string\"}}],\"inLanguage\":\"et\"}]}<\/script>\n<!-- \/ Yoast SEO plugin. -->","yoast_head_json":{"title":"TOMATI MAHEV\u00c4ETIS BALTIC AGRO 1KG - Espak E-pood","robots":{"index":"index","follow":"follow","max-snippet":"max-snippet:-1","max-image-preview":"max-image-preview:large","max-video-preview":"max-video-preview:-1"},"canonical":"https:\/\/espak.ee\/epood\/toode\/tomati-mahevaetis-baltic-agro-1kg\/","og_locale":"et_EE","og_type":"article","og_title":"TOMATI MAHEV\u00c4ETIS BALTIC AGRO 1KG - Espak E-pood","og_url":"https:\/\/espak.ee\/epood\/toode\/tomati-mahevaetis-baltic-agro-1kg\/","og_site_name":"Espak E-pood","article_modified_time":"2026-03-20T15:03:50+00:00","og_image":[{"width":683,"height":1024,"url":"https:\/\/espak.ee\/epood\/wp-content\/uploads\/4744360015088-1-683x1024.png","type":"image\/png"}],"twitter_card":"summary_large_image","schema":{"@context":"https:\/\/schema.org","@graph":[{"@type":"WebPage","@id":"https:\/\/espak.ee\/epood\/toode\/tomati-mahevaetis-baltic-agro-1kg\/","url":"https:\/\/espak.ee\/epood\/toode\/tomati-mahevaetis-baltic-agro-1kg\/","name":"TOMATI MAHEV\u00c4ETIS BALTIC AGRO 1KG - Espak E-pood","isPartOf":{"@id":"https:\/\/espak.ee\/epood\/#website"},"primaryImageOfPage":{"@id":"https:\/\/espak.ee\/epood\/toode\/tomati-mahevaetis-baltic-agro-1kg\/#primaryimage"},"image":{"@id":"https:\/\/espak.ee\/epood\/toode\/tomati-mahevaetis-baltic-agro-1kg\/#primaryimage"},"thumbnailUrl":"https:\/\/espak.ee\/epood\/wp-content\/uploads\/4744360015088-1.png","datePublished":"2021-02-20T07:55:28+00:00","dateModified":"2026-03-20T15:03:50+00:00","breadcrumb":{"@id":"https:\/\/espak.ee\/epood\/toode\/tomati-mahevaetis-baltic-agro-1kg\/#breadcrumb"},"inLanguage":"et","potentialAction":[{"@type":"ReadAction","target":["https:\/\/espak.ee\/epood\/toode\/tomati-mahevaetis-baltic-agro-1kg\/"]}]},{"@type":"ImageObject","inLanguage":"et","@id":"https:\/\/espak.ee\/epood\/toode\/tomati-mahevaetis-baltic-agro-1kg\/#primaryimage","url":"https:\/\/espak.ee\/epood\/wp-content\/uploads\/4744360015088-1.png","contentUrl":"https:\/\/espak.ee\/epood\/wp-content\/uploads\/4744360015088-1.png","width":2000,"height":3000},{"@type":"BreadcrumbList","@id":"https:\/\/espak.ee\/epood\/toode\/tomati-mahevaetis-baltic-agro-1kg\/#breadcrumb","itemListElement":[{"@type":"ListItem","position":1,"name":"Home","item":"https:\/\/espak.ee\/epood\/"},{"@type":"ListItem","position":2,"name":"Tootevalik","item":"https:\/\/espak.ee\/epood\/tootevalik\/"},{"@type":"ListItem","position":3,"name":"TOMATI MAHEV\u00c4ETIS BALTIC AGRO 1KG"}]},{"@type":"WebSite","@id":"https:\/\/espak.ee\/epood\/#website","url":"https:\/\/espak.ee\/epood\/","name":"Espak E-pood","description":"","potentialAction":[{"@type":"SearchAction","target":{"@type":"EntryPoint","urlTemplate":"https:\/\/espak.ee\/epood\/?s={search_term_string}"},"query-input":{"@type":"PropertyValueSpecification","valueRequired":true,"valueName":"search_term_string"}}],"inLanguage":"et"}]}},"_links":{"self":[{"href":"https:\/\/espak.ee\/epood\/wp-json\/wp\/v2\/product\/62973","targetHints":{"allow":["GET"]}}],"collection":[{"href":"https:\/\/espak.ee\/epood\/wp-json\/wp\/v2\/product"}],"about":[{"href":"https:\/\/espak.ee\/epood\/wp-json\/wp\/v2\/types\/product"}],"replies":[{"embeddable":true,"href":"https:\/\/espak.ee\/epood\/wp-json\/wp\/v2\/comments?post=62973"}],"wp:featuredmedia":[{"embeddable":true,"href":"https:\/\/espak.ee\/epood\/wp-json\/wp\/v2\/media\/72201"}],"wp:attachment":[{"href":"https:\/\/espak.ee\/epood\/wp-json\/wp\/v2\/media?parent=62973"}],"wp:term":[{"taxonomy":"product_brand","embeddable":true,"href":"https:\/\/espak.ee\/epood\/wp-json\/wp\/v2\/product_brand?post=62973"},{"taxonomy":"product_cat","embeddable":true,"href":"https:\/\/espak.ee\/epood\/wp-json\/wp\/v2\/product_cat?post=62973"},{"taxonomy":"product_tag","embeddable":true,"href":"https:\/\/espak.ee\/epood\/wp-json\/wp\/v2\/product_tag?post=62973"}],"curies":[{"name":"wp","href":"https:\/\/api.w.org\/{rel}","templated":true}]}}