{"id":62969,"date":"2021-02-20T07:55:20","date_gmt":"2021-02-20T07:55:20","guid":{"rendered":"https:\/\/espak.ee\/hinnakiri\/?post_type=product&#038;p=62969"},"modified":"2024-03-23T14:06:49","modified_gmt":"2024-03-23T12:06:49","slug":"akulamp-makita-dml810","status":"publish","type":"product","link":"https:\/\/espak.ee\/epood\/toode\/akulamp-makita-dml810\/","title":{"rendered":"AKULAMP MAKITA DML810"},"content":{"rendered":"<div class=\"row\"  id=\"row-2072907877\">\n\n\t<div id=\"col-341391868\" class=\"col medium-9 small-12 large-9\"  >\n\t\t\t\t<div class=\"col-inner\"  >\n\t\t\t\n\t\t\t\n<h3>Akulamp LED Makita <\/h3>\n<p>DML810 on loodud valgustama t\u00f6\u00f6kohti k\u00f5ige karmimates tingimustes, suurendatud kaitse tolmu ja niiskuse vastu IP54.<br \/>\n \u00dcmar alus hoiab \u00e4ra valgusti tahtmatu \u00fcmbermineku ja tagab selle vertikaalse asendi taastumise iseeneslikult.<br \/>\n DML810 t\u00f6\u00f6tab nii 18 V akude kui ka vahelduvvooluga (kaabel kuulub komplekti ).<br \/>\n Maksimaalne t\u00f6\u00f6aeg kuni 18 tundi ( kasutades 2X 6.0 Ah akusid ).<br \/>\n<div class=\"is-divider divider clearfix\" ><\/div>\n3 heleduse astet &#8211; v\u00f5imalik valida k\u00f5rge 5500 lm, keskmine 3000 lm ja madal 1500 lm, et tagada optimaalne vajalik valgus t\u00f6\u00f6kohal.<br \/>\nMitu valgusre\u017eiimi &#8211; Valida saab 3 valgustusre\u017eiimi vahel , t\u00e4is 360 kraadi valgustus, 180 kraadi vasakule ja 180 kraadi paremale.<br \/>\nValgusketi v\u00f5imalus \u2013 Vahelduvvoolu abil saab \u00fchendada omavahel kuni 8 valgustit. Varustatud kaitsel\u00fclitiga kaitseks \u00fclekoormuse eest.<br \/>\nKaks akuterminali \u2013 Kuigi valgusti t\u00f6\u00f6tab \u00fche 18V akuga on t\u00f6\u00f6aja pikendamiseks v\u00f5imalik lisada teine aku. \u00dcmberl\u00fclitus toimub \u00fchelt akult teisele automaatselt.<br \/>\nAku t\u00fchjenemise hoiatus \u2013 aku t\u00fchjenedes l\u00fclitab valgusti automaatselt enamus LED tuled v\u00e4lja j\u00e4ttes t\u00f6\u00f6le ainult \u00fche, andes sellega m\u00e4rku peatsest aku t\u00fchjenemisest.<br \/>\nKandek\u00e4epide &#8211; v\u00f5imaldab valgustit h\u00f5lpsalt k\u00e4sitseda ja \u00fcmber paigutada.<br \/>\nIP54 Klass \u2013 suurendatud kaitse niiskuse ja tolmu vastu. M\u00f5eldud kasutamiseks \u00f5ues iga ilmaga.<br \/>\nT\u00f6\u00f6tab nii aku kui ka vahelduvvoolu toitel \u2013 Valgusti t\u00f6\u00f6tab nii 18v LI-Ion akuplatvormil kui ka 240V vahelduvvooluga. Vahelduvvoolu kaabel on eemaldatav.<br \/>\n\u00dcmardatud aluse disain &#8211; \u00dcmar alus hoiab \u00e4ra valgusti tahtmatu \u00fcmber mineku ja tagab selle vertikaalse asendi taastumise iseeneslikult. <\/p>\n<p><strong>Aku ja laadijata mudel \u2013 tarnitakse ilma akuta ja laadimisseadmeta.<\/strong><\/p>\n\t\t<\/div>\n\t\t\t\t\t<\/div>\n\n\t\n\n\t<div id=\"col-1772694790\" class=\"col medium-3 small-12 large-3\"  >\n\t\t\t\t<div class=\"col-inner\"  >\n\t\t\t\n\t\t\t\n\t<div id=\"gap-901674067\" class=\"gap-element clearfix\" style=\"display:block; height:auto;\">\n\t\t\n<style>\n#gap-901674067 {\n  padding-top: 30px;\n}\n<\/style>\n\t<\/div>\n\t\n<h3>Kasutusjuhend<\/h3>\n<p><a href=\"https:\/\/espak.ee\/epood\/wp-content\/uploads\/DML810.pdf\" target=\"_blank\" rel=\"noopener noreferrer\"><i class=\"far fa-file-pdf\"><\/i> Kasutusjuhend (PDF)<\/a><\/p>\n<div class=\"is-divider divider clearfix\" ><\/div>\n<p><strong>\u00dcksikasjalikuma n\u00f5u saamiseks v\u00f5tke \u00fchendust:<br \/><\/strong>Espak AS<br \/>Viadukti 42<br \/>11313<br \/>Tallinn<br \/> T\u00f6\u00f6riista osakond +372 6512 335<br \/><a href=\"mailto:tooriist@espak.ee\">tooriist@espak.ee<\/a><\/p>\n\t\t<\/div>\n\t\t\t\t\t<\/div>\n\n\t\n<\/div>\n","protected":false},"excerpt":{"rendered":"","protected":false},"featured_media":63076,"comment_status":"closed","ping_status":"closed","template":"","meta":[],"product_brand":[],"product_cat":[2746,2733,2680,2679],"product_tag":[],"class_list":{"0":"post-62969","1":"product","2":"type-product","3":"status-publish","4":"has-post-thumbnail","6":"product_cat-akulambid","7":"product_cat-akutooriistad","8":"product_cat-elektritooriistad","9":"product_cat-tooriistad","10":"pa_kaubamark-makita","12":"first","13":"instock","14":"sale","15":"taxable","16":"shipping-taxable","17":"purchasable","18":"product-type-simple"},"yoast_head":"<!-- This site is optimized with the Yoast SEO plugin v26.9 - https:\/\/yoast.com\/product\/yoast-seo-wordpress\/ -->\n<title>AKULAMP MAKITA DML810 - Espak E-pood<\/title>\n<meta name=\"robots\" content=\"index, follow, max-snippet:-1, max-image-preview:large, max-video-preview:-1\" \/>\n<link rel=\"canonical\" href=\"https:\/\/espak.ee\/epood\/toode\/akulamp-makita-dml810\/\" \/>\n<meta property=\"og:locale\" content=\"et_EE\" \/>\n<meta property=\"og:type\" content=\"article\" \/>\n<meta property=\"og:title\" content=\"AKULAMP MAKITA DML810 - Espak E-pood\" \/>\n<meta property=\"og:url\" content=\"https:\/\/espak.ee\/epood\/toode\/akulamp-makita-dml810\/\" \/>\n<meta property=\"og:site_name\" content=\"Espak E-pood\" \/>\n<meta property=\"article:modified_time\" content=\"2024-03-23T12:06:49+00:00\" \/>\n<meta property=\"og:image\" content=\"https:\/\/espak.ee\/epood\/wp-content\/uploads\/DML810_D1CK_s02.jpg\" \/>\n\t<meta property=\"og:image:width\" content=\"996\" \/>\n\t<meta property=\"og:image:height\" content=\"1000\" \/>\n\t<meta property=\"og:image:type\" content=\"image\/jpeg\" \/>\n<meta name=\"twitter:card\" content=\"summary_large_image\" \/>\n<meta name=\"twitter:label1\" content=\"Est. reading time\" \/>\n\t<meta name=\"twitter:data1\" content=\"1 minut\" \/>\n<script type=\"application\/ld+json\" class=\"yoast-schema-graph\">{\"@context\":\"https:\/\/schema.org\",\"@graph\":[{\"@type\":\"WebPage\",\"@id\":\"https:\/\/espak.ee\/epood\/toode\/akulamp-makita-dml810\/\",\"url\":\"https:\/\/espak.ee\/epood\/toode\/akulamp-makita-dml810\/\",\"name\":\"AKULAMP MAKITA DML810 - Espak E-pood\",\"isPartOf\":{\"@id\":\"https:\/\/espak.ee\/epood\/#website\"},\"primaryImageOfPage\":{\"@id\":\"https:\/\/espak.ee\/epood\/toode\/akulamp-makita-dml810\/#primaryimage\"},\"image\":{\"@id\":\"https:\/\/espak.ee\/epood\/toode\/akulamp-makita-dml810\/#primaryimage\"},\"thumbnailUrl\":\"https:\/\/espak.ee\/epood\/wp-content\/uploads\/DML810_D1CK_s02.jpg\",\"datePublished\":\"2021-02-20T07:55:20+00:00\",\"dateModified\":\"2024-03-23T12:06:49+00:00\",\"breadcrumb\":{\"@id\":\"https:\/\/espak.ee\/epood\/toode\/akulamp-makita-dml810\/#breadcrumb\"},\"inLanguage\":\"et\",\"potentialAction\":[{\"@type\":\"ReadAction\",\"target\":[\"https:\/\/espak.ee\/epood\/toode\/akulamp-makita-dml810\/\"]}]},{\"@type\":\"ImageObject\",\"inLanguage\":\"et\",\"@id\":\"https:\/\/espak.ee\/epood\/toode\/akulamp-makita-dml810\/#primaryimage\",\"url\":\"https:\/\/espak.ee\/epood\/wp-content\/uploads\/DML810_D1CK_s02.jpg\",\"contentUrl\":\"https:\/\/espak.ee\/epood\/wp-content\/uploads\/DML810_D1CK_s02.jpg\",\"width\":996,\"height\":1000},{\"@type\":\"BreadcrumbList\",\"@id\":\"https:\/\/espak.ee\/epood\/toode\/akulamp-makita-dml810\/#breadcrumb\",\"itemListElement\":[{\"@type\":\"ListItem\",\"position\":1,\"name\":\"Home\",\"item\":\"https:\/\/espak.ee\/epood\/\"},{\"@type\":\"ListItem\",\"position\":2,\"name\":\"Tootevalik\",\"item\":\"https:\/\/espak.ee\/epood\/tootevalik\/\"},{\"@type\":\"ListItem\",\"position\":3,\"name\":\"AKULAMP MAKITA DML810\"}]},{\"@type\":\"WebSite\",\"@id\":\"https:\/\/espak.ee\/epood\/#website\",\"url\":\"https:\/\/espak.ee\/epood\/\",\"name\":\"Espak E-pood\",\"description\":\"\",\"potentialAction\":[{\"@type\":\"SearchAction\",\"target\":{\"@type\":\"EntryPoint\",\"urlTemplate\":\"https:\/\/espak.ee\/epood\/?s={search_term_string}\"},\"query-input\":{\"@type\":\"PropertyValueSpecification\",\"valueRequired\":true,\"valueName\":\"search_term_string\"}}],\"inLanguage\":\"et\"}]}<\/script>\n<!-- \/ Yoast SEO plugin. -->","yoast_head_json":{"title":"AKULAMP MAKITA DML810 - Espak E-pood","robots":{"index":"index","follow":"follow","max-snippet":"max-snippet:-1","max-image-preview":"max-image-preview:large","max-video-preview":"max-video-preview:-1"},"canonical":"https:\/\/espak.ee\/epood\/toode\/akulamp-makita-dml810\/","og_locale":"et_EE","og_type":"article","og_title":"AKULAMP MAKITA DML810 - Espak E-pood","og_url":"https:\/\/espak.ee\/epood\/toode\/akulamp-makita-dml810\/","og_site_name":"Espak E-pood","article_modified_time":"2024-03-23T12:06:49+00:00","og_image":[{"width":996,"height":1000,"url":"https:\/\/espak.ee\/epood\/wp-content\/uploads\/DML810_D1CK_s02.jpg","type":"image\/jpeg"}],"twitter_card":"summary_large_image","twitter_misc":{"Est. reading time":"1 minut"},"schema":{"@context":"https:\/\/schema.org","@graph":[{"@type":"WebPage","@id":"https:\/\/espak.ee\/epood\/toode\/akulamp-makita-dml810\/","url":"https:\/\/espak.ee\/epood\/toode\/akulamp-makita-dml810\/","name":"AKULAMP MAKITA DML810 - Espak E-pood","isPartOf":{"@id":"https:\/\/espak.ee\/epood\/#website"},"primaryImageOfPage":{"@id":"https:\/\/espak.ee\/epood\/toode\/akulamp-makita-dml810\/#primaryimage"},"image":{"@id":"https:\/\/espak.ee\/epood\/toode\/akulamp-makita-dml810\/#primaryimage"},"thumbnailUrl":"https:\/\/espak.ee\/epood\/wp-content\/uploads\/DML810_D1CK_s02.jpg","datePublished":"2021-02-20T07:55:20+00:00","dateModified":"2024-03-23T12:06:49+00:00","breadcrumb":{"@id":"https:\/\/espak.ee\/epood\/toode\/akulamp-makita-dml810\/#breadcrumb"},"inLanguage":"et","potentialAction":[{"@type":"ReadAction","target":["https:\/\/espak.ee\/epood\/toode\/akulamp-makita-dml810\/"]}]},{"@type":"ImageObject","inLanguage":"et","@id":"https:\/\/espak.ee\/epood\/toode\/akulamp-makita-dml810\/#primaryimage","url":"https:\/\/espak.ee\/epood\/wp-content\/uploads\/DML810_D1CK_s02.jpg","contentUrl":"https:\/\/espak.ee\/epood\/wp-content\/uploads\/DML810_D1CK_s02.jpg","width":996,"height":1000},{"@type":"BreadcrumbList","@id":"https:\/\/espak.ee\/epood\/toode\/akulamp-makita-dml810\/#breadcrumb","itemListElement":[{"@type":"ListItem","position":1,"name":"Home","item":"https:\/\/espak.ee\/epood\/"},{"@type":"ListItem","position":2,"name":"Tootevalik","item":"https:\/\/espak.ee\/epood\/tootevalik\/"},{"@type":"ListItem","position":3,"name":"AKULAMP MAKITA DML810"}]},{"@type":"WebSite","@id":"https:\/\/espak.ee\/epood\/#website","url":"https:\/\/espak.ee\/epood\/","name":"Espak E-pood","description":"","potentialAction":[{"@type":"SearchAction","target":{"@type":"EntryPoint","urlTemplate":"https:\/\/espak.ee\/epood\/?s={search_term_string}"},"query-input":{"@type":"PropertyValueSpecification","valueRequired":true,"valueName":"search_term_string"}}],"inLanguage":"et"}]}},"_links":{"self":[{"href":"https:\/\/espak.ee\/epood\/wp-json\/wp\/v2\/product\/62969","targetHints":{"allow":["GET"]}}],"collection":[{"href":"https:\/\/espak.ee\/epood\/wp-json\/wp\/v2\/product"}],"about":[{"href":"https:\/\/espak.ee\/epood\/wp-json\/wp\/v2\/types\/product"}],"replies":[{"embeddable":true,"href":"https:\/\/espak.ee\/epood\/wp-json\/wp\/v2\/comments?post=62969"}],"wp:featuredmedia":[{"embeddable":true,"href":"https:\/\/espak.ee\/epood\/wp-json\/wp\/v2\/media\/63076"}],"wp:attachment":[{"href":"https:\/\/espak.ee\/epood\/wp-json\/wp\/v2\/media?parent=62969"}],"wp:term":[{"taxonomy":"product_brand","embeddable":true,"href":"https:\/\/espak.ee\/epood\/wp-json\/wp\/v2\/product_brand?post=62969"},{"taxonomy":"product_cat","embeddable":true,"href":"https:\/\/espak.ee\/epood\/wp-json\/wp\/v2\/product_cat?post=62969"},{"taxonomy":"product_tag","embeddable":true,"href":"https:\/\/espak.ee\/epood\/wp-json\/wp\/v2\/product_tag?post=62969"}],"curies":[{"name":"wp","href":"https:\/\/api.w.org\/{rel}","templated":true}]}}