{"id":62897,"date":"2021-02-19T07:49:07","date_gmt":"2021-02-19T07:49:07","guid":{"rendered":"https:\/\/espak.ee\/hinnakiri\/?post_type=product&#038;p=62897"},"modified":"2025-12-27T08:21:00","modified_gmt":"2025-12-27T06:21:00","slug":"kinnitusklambrite-komplekt-makita-wst06-ja-wst07-saealustele","status":"publish","type":"product","link":"https:\/\/espak.ee\/epood\/toode\/kinnitusklambrite-komplekt-makita-wst06-ja-wst07-saealustele\/","title":{"rendered":"KINNITUSKLAMBRITE KOMPLEKT MAKITA WST06 JA WST07 SAEALUSTELE"},"content":{"rendered":"<div class=\"row\"  id=\"row-1108358870\">\n\n\t<div id=\"col-546407760\" class=\"col medium-9 small-12 large-9\"  >\n\t\t\t\t<div class=\"col-inner\"  >\n\t\t\t\n\t\t\t\n<h3>Kinnitusklambrite komplekt Makita <\/h3>\n<p>Kinnitusklambrid saealustele WST06 JA WST07.<br \/>\n Sae k\u00fclge k\u00e4ivad klambrid muudavad t\u00f6\u00f6protsessi ohutumaks ja lihtsustavad j\u00e4rkamissae kindlat paigaldamist alusele. <\/p>\n\t\t<\/div>\n\t\t\t\t\t<\/div>\n\n\t\n\n\t<div id=\"col-810056538\" class=\"col medium-3 small-12 large-3\"  >\n\t\t\t\t<div class=\"col-inner\"  >\n\t\t\t\n\t\t\t\n\t<div id=\"gap-1521241311\" class=\"gap-element clearfix\" style=\"display:block; height:auto;\">\n\t\t\n<style>\n#gap-1521241311 {\n  padding-top: 30px;\n}\n<\/style>\n\t<\/div>\n\t\n<div class=\"is-divider divider clearfix\" ><\/div>\n<p><strong>\u00dcksikasjalikuma n\u00f5u saamiseks v\u00f5tke \u00fchendust:<br \/><\/strong>Espak AS<br \/>Viadukti 42<br \/>11313<br \/>Tallinn<br \/> T\u00f6\u00f6riista osakond +372 6512 335<br \/><a href=\"mailto:tooriist@espak.ee\">tooriist@espak.ee<\/a><\/p>\n\t\t<\/div>\n\t\t\t\t\t<\/div>\n\n\t\n<\/div>\n","protected":false},"excerpt":{"rendered":"","protected":false},"featured_media":63034,"comment_status":"closed","ping_status":"closed","template":"","meta":[],"product_brand":[],"product_cat":[2771,2782,2781,2679],"product_tag":[],"class_list":{"0":"post-62897","1":"product","2":"type-product","3":"status-publish","4":"has-post-thumbnail","6":"product_cat-kasitooriistad","7":"product_cat-toolauad","8":"product_cat-toopingid-ja-lauad","9":"product_cat-tooriistad","10":"pa_kaubamark-makita","12":"first","13":"instock","14":"sale","15":"taxable","16":"shipping-taxable","17":"purchasable","18":"product-type-simple"},"yoast_head":"<!-- This site is optimized with the Yoast SEO plugin v26.9 - https:\/\/yoast.com\/product\/yoast-seo-wordpress\/ -->\n<title>KINNITUSKLAMBRITE KOMPLEKT MAKITA WST06 JA WST07 SAEALUSTELE - Espak E-pood<\/title>\n<meta name=\"robots\" content=\"index, follow, max-snippet:-1, max-image-preview:large, max-video-preview:-1\" \/>\n<link rel=\"canonical\" href=\"https:\/\/espak.ee\/epood\/toode\/kinnitusklambrite-komplekt-makita-wst06-ja-wst07-saealustele\/\" \/>\n<meta property=\"og:locale\" content=\"et_EE\" \/>\n<meta property=\"og:type\" content=\"article\" \/>\n<meta property=\"og:title\" content=\"KINNITUSKLAMBRITE KOMPLEKT MAKITA WST06 JA WST07 SAEALUSTELE - Espak E-pood\" \/>\n<meta property=\"og:url\" content=\"https:\/\/espak.ee\/epood\/toode\/kinnitusklambrite-komplekt-makita-wst06-ja-wst07-saealustele\/\" \/>\n<meta property=\"og:site_name\" content=\"Espak E-pood\" \/>\n<meta property=\"article:modified_time\" content=\"2025-12-27T06:21:00+00:00\" \/>\n<meta property=\"og:image\" content=\"https:\/\/espak.ee\/epood\/wp-content\/uploads\/JM00000219.png\" \/>\n\t<meta property=\"og:image:width\" content=\"300\" \/>\n\t<meta property=\"og:image:height\" content=\"300\" \/>\n\t<meta property=\"og:image:type\" content=\"image\/png\" \/>\n<meta name=\"twitter:card\" content=\"summary_large_image\" \/>\n<script type=\"application\/ld+json\" class=\"yoast-schema-graph\">{\"@context\":\"https:\/\/schema.org\",\"@graph\":[{\"@type\":\"WebPage\",\"@id\":\"https:\/\/espak.ee\/epood\/toode\/kinnitusklambrite-komplekt-makita-wst06-ja-wst07-saealustele\/\",\"url\":\"https:\/\/espak.ee\/epood\/toode\/kinnitusklambrite-komplekt-makita-wst06-ja-wst07-saealustele\/\",\"name\":\"KINNITUSKLAMBRITE KOMPLEKT MAKITA WST06 JA WST07 SAEALUSTELE - Espak E-pood\",\"isPartOf\":{\"@id\":\"https:\/\/espak.ee\/epood\/#website\"},\"primaryImageOfPage\":{\"@id\":\"https:\/\/espak.ee\/epood\/toode\/kinnitusklambrite-komplekt-makita-wst06-ja-wst07-saealustele\/#primaryimage\"},\"image\":{\"@id\":\"https:\/\/espak.ee\/epood\/toode\/kinnitusklambrite-komplekt-makita-wst06-ja-wst07-saealustele\/#primaryimage\"},\"thumbnailUrl\":\"https:\/\/espak.ee\/epood\/wp-content\/uploads\/JM00000219.png\",\"datePublished\":\"2021-02-19T07:49:07+00:00\",\"dateModified\":\"2025-12-27T06:21:00+00:00\",\"breadcrumb\":{\"@id\":\"https:\/\/espak.ee\/epood\/toode\/kinnitusklambrite-komplekt-makita-wst06-ja-wst07-saealustele\/#breadcrumb\"},\"inLanguage\":\"et\",\"potentialAction\":[{\"@type\":\"ReadAction\",\"target\":[\"https:\/\/espak.ee\/epood\/toode\/kinnitusklambrite-komplekt-makita-wst06-ja-wst07-saealustele\/\"]}]},{\"@type\":\"ImageObject\",\"inLanguage\":\"et\",\"@id\":\"https:\/\/espak.ee\/epood\/toode\/kinnitusklambrite-komplekt-makita-wst06-ja-wst07-saealustele\/#primaryimage\",\"url\":\"https:\/\/espak.ee\/epood\/wp-content\/uploads\/JM00000219.png\",\"contentUrl\":\"https:\/\/espak.ee\/epood\/wp-content\/uploads\/JM00000219.png\",\"width\":300,\"height\":300},{\"@type\":\"BreadcrumbList\",\"@id\":\"https:\/\/espak.ee\/epood\/toode\/kinnitusklambrite-komplekt-makita-wst06-ja-wst07-saealustele\/#breadcrumb\",\"itemListElement\":[{\"@type\":\"ListItem\",\"position\":1,\"name\":\"Home\",\"item\":\"https:\/\/espak.ee\/epood\/\"},{\"@type\":\"ListItem\",\"position\":2,\"name\":\"Tootevalik\",\"item\":\"https:\/\/espak.ee\/epood\/tootevalik\/\"},{\"@type\":\"ListItem\",\"position\":3,\"name\":\"KINNITUSKLAMBRITE KOMPLEKT MAKITA WST06 JA WST07 SAEALUSTELE\"}]},{\"@type\":\"WebSite\",\"@id\":\"https:\/\/espak.ee\/epood\/#website\",\"url\":\"https:\/\/espak.ee\/epood\/\",\"name\":\"Espak E-pood\",\"description\":\"\",\"potentialAction\":[{\"@type\":\"SearchAction\",\"target\":{\"@type\":\"EntryPoint\",\"urlTemplate\":\"https:\/\/espak.ee\/epood\/?s={search_term_string}\"},\"query-input\":{\"@type\":\"PropertyValueSpecification\",\"valueRequired\":true,\"valueName\":\"search_term_string\"}}],\"inLanguage\":\"et\"}]}<\/script>\n<!-- \/ Yoast SEO plugin. -->","yoast_head_json":{"title":"KINNITUSKLAMBRITE KOMPLEKT MAKITA WST06 JA WST07 SAEALUSTELE - Espak E-pood","robots":{"index":"index","follow":"follow","max-snippet":"max-snippet:-1","max-image-preview":"max-image-preview:large","max-video-preview":"max-video-preview:-1"},"canonical":"https:\/\/espak.ee\/epood\/toode\/kinnitusklambrite-komplekt-makita-wst06-ja-wst07-saealustele\/","og_locale":"et_EE","og_type":"article","og_title":"KINNITUSKLAMBRITE KOMPLEKT MAKITA WST06 JA WST07 SAEALUSTELE - Espak E-pood","og_url":"https:\/\/espak.ee\/epood\/toode\/kinnitusklambrite-komplekt-makita-wst06-ja-wst07-saealustele\/","og_site_name":"Espak E-pood","article_modified_time":"2025-12-27T06:21:00+00:00","og_image":[{"width":300,"height":300,"url":"https:\/\/espak.ee\/epood\/wp-content\/uploads\/JM00000219.png","type":"image\/png"}],"twitter_card":"summary_large_image","schema":{"@context":"https:\/\/schema.org","@graph":[{"@type":"WebPage","@id":"https:\/\/espak.ee\/epood\/toode\/kinnitusklambrite-komplekt-makita-wst06-ja-wst07-saealustele\/","url":"https:\/\/espak.ee\/epood\/toode\/kinnitusklambrite-komplekt-makita-wst06-ja-wst07-saealustele\/","name":"KINNITUSKLAMBRITE KOMPLEKT MAKITA WST06 JA WST07 SAEALUSTELE - Espak E-pood","isPartOf":{"@id":"https:\/\/espak.ee\/epood\/#website"},"primaryImageOfPage":{"@id":"https:\/\/espak.ee\/epood\/toode\/kinnitusklambrite-komplekt-makita-wst06-ja-wst07-saealustele\/#primaryimage"},"image":{"@id":"https:\/\/espak.ee\/epood\/toode\/kinnitusklambrite-komplekt-makita-wst06-ja-wst07-saealustele\/#primaryimage"},"thumbnailUrl":"https:\/\/espak.ee\/epood\/wp-content\/uploads\/JM00000219.png","datePublished":"2021-02-19T07:49:07+00:00","dateModified":"2025-12-27T06:21:00+00:00","breadcrumb":{"@id":"https:\/\/espak.ee\/epood\/toode\/kinnitusklambrite-komplekt-makita-wst06-ja-wst07-saealustele\/#breadcrumb"},"inLanguage":"et","potentialAction":[{"@type":"ReadAction","target":["https:\/\/espak.ee\/epood\/toode\/kinnitusklambrite-komplekt-makita-wst06-ja-wst07-saealustele\/"]}]},{"@type":"ImageObject","inLanguage":"et","@id":"https:\/\/espak.ee\/epood\/toode\/kinnitusklambrite-komplekt-makita-wst06-ja-wst07-saealustele\/#primaryimage","url":"https:\/\/espak.ee\/epood\/wp-content\/uploads\/JM00000219.png","contentUrl":"https:\/\/espak.ee\/epood\/wp-content\/uploads\/JM00000219.png","width":300,"height":300},{"@type":"BreadcrumbList","@id":"https:\/\/espak.ee\/epood\/toode\/kinnitusklambrite-komplekt-makita-wst06-ja-wst07-saealustele\/#breadcrumb","itemListElement":[{"@type":"ListItem","position":1,"name":"Home","item":"https:\/\/espak.ee\/epood\/"},{"@type":"ListItem","position":2,"name":"Tootevalik","item":"https:\/\/espak.ee\/epood\/tootevalik\/"},{"@type":"ListItem","position":3,"name":"KINNITUSKLAMBRITE KOMPLEKT MAKITA WST06 JA WST07 SAEALUSTELE"}]},{"@type":"WebSite","@id":"https:\/\/espak.ee\/epood\/#website","url":"https:\/\/espak.ee\/epood\/","name":"Espak E-pood","description":"","potentialAction":[{"@type":"SearchAction","target":{"@type":"EntryPoint","urlTemplate":"https:\/\/espak.ee\/epood\/?s={search_term_string}"},"query-input":{"@type":"PropertyValueSpecification","valueRequired":true,"valueName":"search_term_string"}}],"inLanguage":"et"}]}},"_links":{"self":[{"href":"https:\/\/espak.ee\/epood\/wp-json\/wp\/v2\/product\/62897","targetHints":{"allow":["GET"]}}],"collection":[{"href":"https:\/\/espak.ee\/epood\/wp-json\/wp\/v2\/product"}],"about":[{"href":"https:\/\/espak.ee\/epood\/wp-json\/wp\/v2\/types\/product"}],"replies":[{"embeddable":true,"href":"https:\/\/espak.ee\/epood\/wp-json\/wp\/v2\/comments?post=62897"}],"wp:featuredmedia":[{"embeddable":true,"href":"https:\/\/espak.ee\/epood\/wp-json\/wp\/v2\/media\/63034"}],"wp:attachment":[{"href":"https:\/\/espak.ee\/epood\/wp-json\/wp\/v2\/media?parent=62897"}],"wp:term":[{"taxonomy":"product_brand","embeddable":true,"href":"https:\/\/espak.ee\/epood\/wp-json\/wp\/v2\/product_brand?post=62897"},{"taxonomy":"product_cat","embeddable":true,"href":"https:\/\/espak.ee\/epood\/wp-json\/wp\/v2\/product_cat?post=62897"},{"taxonomy":"product_tag","embeddable":true,"href":"https:\/\/espak.ee\/epood\/wp-json\/wp\/v2\/product_tag?post=62897"}],"curies":[{"name":"wp","href":"https:\/\/api.w.org\/{rel}","templated":true}]}}