{"id":60458,"date":"2021-02-04T04:10:59","date_gmt":"2021-02-04T04:10:59","guid":{"rendered":"https:\/\/espak.ee\/hinnakiri\/?post_type=product&#038;p=60458"},"modified":"2025-06-24T21:56:12","modified_gmt":"2025-06-24T18:56:12","slug":"kiirvaht-purfoam-2k-400ml","status":"publish","type":"product","link":"https:\/\/espak.ee\/epood\/toode\/kiirvaht-purfoam-2k-400ml\/","title":{"rendered":"KIIRVAHT PURFOAM 2K 400ML"},"content":{"rendered":"<div class=\"row\"  id=\"row-265948156\">\n\n\t<div id=\"col-1033901804\" class=\"col medium-9 small-12 large-9\"  >\n\t\t\t\t<div class=\"col-inner\"  >\n\t\t\t\n\t\t\t\n<h2>Kiirvaht Purfoam 2K<\/h2>\n<p>Kiirk\u00f5venev montaa\u017eivaht, suurep\u00e4rane nakkuvus enamus pindadega: kivi, betoon, puit, plastik, EPS, XPS, metall. Temp. taluvus -40\u00b0C&#8230;+90\u00b0C. Kile teke pinnal 6 min, l\u00f5igatav 10 min p\u00e4rast, t\u00e4ielik kuivamine 30 min.<\/p>\n\t<div id=\"gap-1114559096\" class=\"gap-element clearfix\" style=\"display:block; height:auto;\">\n\t\t\n<style>\n#gap-1114559096 {\n  padding-top: 30px;\n}\n<\/style>\n\t<\/div>\n\t\n<h3>Kasutamise \u00fcksikasjad<\/h3>\n<p><strong>Kasutamine:<\/strong> Keera ballooni p\u00f5hja all olevast rattast 5 korda paremale \u2013 B-komponent on n\u00fc\u00fcd v\u00e4lja lastud. Raputa ballooni tagurpidi hoides v\u00e4hemalt 20 korda. \u00dchenda ventiil adapteriga. Lase vaht v\u00e4lja, hoides ventiili allpool. V\u00e4ljunud vaht peab olema \u00fchtlaselt lilla. Vajadusel loksutada ka kasutamise ajal. T\u00e4ida vahe 50% ulatuses. Balloon t\u00fchjendada 5 minuti jooksul, vastasel juhul kuivab vaht balloonis. Kasutamistemperatuur +10\u00b0C&#8230;+35\u00b0C. <\/p>\n\t\t<\/div>\n\t\t\t\t\t<\/div>\n\n\t\n\n\t<div id=\"col-387978407\" class=\"col medium-3 small-12 large-3\"  >\n\t\t\t\t<div class=\"col-inner\"  >\n\t\t\t\n\t\t\t\n\t<div id=\"gap-789524066\" class=\"gap-element clearfix\" style=\"display:block; height:auto;\">\n\t\t\n<style>\n#gap-789524066 {\n  padding-top: 30px;\n}\n<\/style>\n\t<\/div>\n\t\n<div class=\"is-divider divider clearfix\" ><\/div>\n<p><strong>\u00dcksikasjalikuma n\u00f5u saamiseks v\u00f5tke \u00fchendust:<br \/><\/strong>KKK Piegus O\u00dc<br \/>Peterburi tee 53<br \/>Tallinn<br \/>+372 5165686<\/p>\n<div class=\"is-divider divider clearfix\" ><\/div>\n\t\t<\/div>\n\t\t\t\t\t<\/div>\n\n\t\n<\/div>\n","protected":false},"excerpt":{"rendered":"","protected":false},"featured_media":63346,"comment_status":"closed","ping_status":"closed","template":"","meta":[],"product_brand":[],"product_cat":[2703,2708,2710,2683],"product_tag":[],"class_list":{"0":"post-60458","1":"product","2":"type-product","3":"status-publish","4":"has-post-thumbnail","6":"product_cat-ehituskeemia","7":"product_cat-hermeetikud","8":"product_cat-montaazivahud","9":"product_cat-viimistluskaubad","10":"pa_kaubamark-kkk-piegus-ou","12":"first","13":"instock","14":"sale","15":"taxable","16":"shipping-taxable","17":"purchasable","18":"product-type-simple"},"yoast_head":"<!-- This site is optimized with the Yoast SEO plugin v26.9 - https:\/\/yoast.com\/product\/yoast-seo-wordpress\/ -->\n<title>KIIRVAHT PURFOAM 2K 400ML - Espak E-pood<\/title>\n<meta name=\"robots\" content=\"index, follow, max-snippet:-1, max-image-preview:large, max-video-preview:-1\" \/>\n<link rel=\"canonical\" href=\"https:\/\/espak.ee\/epood\/toode\/kiirvaht-purfoam-2k-400ml\/\" \/>\n<meta property=\"og:locale\" content=\"et_EE\" \/>\n<meta property=\"og:type\" content=\"article\" \/>\n<meta property=\"og:title\" content=\"KIIRVAHT PURFOAM 2K 400ML - Espak E-pood\" \/>\n<meta property=\"og:url\" content=\"https:\/\/espak.ee\/epood\/toode\/kiirvaht-purfoam-2k-400ml\/\" \/>\n<meta property=\"og:site_name\" content=\"Espak E-pood\" \/>\n<meta property=\"article:modified_time\" content=\"2025-06-24T18:56:12+00:00\" \/>\n<meta property=\"og:image\" content=\"https:\/\/espak.ee\/epood\/wp-content\/uploads\/2k-den-braven.png\" \/>\n\t<meta property=\"og:image:width\" content=\"400\" \/>\n\t<meta property=\"og:image:height\" content=\"400\" \/>\n\t<meta property=\"og:image:type\" content=\"image\/png\" \/>\n<meta name=\"twitter:card\" content=\"summary_large_image\" \/>\n<meta name=\"twitter:label1\" content=\"Est. reading time\" \/>\n\t<meta name=\"twitter:data1\" content=\"1 minut\" \/>\n<script type=\"application\/ld+json\" class=\"yoast-schema-graph\">{\"@context\":\"https:\/\/schema.org\",\"@graph\":[{\"@type\":\"WebPage\",\"@id\":\"https:\/\/espak.ee\/epood\/toode\/kiirvaht-purfoam-2k-400ml\/\",\"url\":\"https:\/\/espak.ee\/epood\/toode\/kiirvaht-purfoam-2k-400ml\/\",\"name\":\"KIIRVAHT PURFOAM 2K 400ML - Espak E-pood\",\"isPartOf\":{\"@id\":\"https:\/\/espak.ee\/epood\/#website\"},\"primaryImageOfPage\":{\"@id\":\"https:\/\/espak.ee\/epood\/toode\/kiirvaht-purfoam-2k-400ml\/#primaryimage\"},\"image\":{\"@id\":\"https:\/\/espak.ee\/epood\/toode\/kiirvaht-purfoam-2k-400ml\/#primaryimage\"},\"thumbnailUrl\":\"https:\/\/espak.ee\/epood\/wp-content\/uploads\/2k-den-braven.png\",\"datePublished\":\"2021-02-04T04:10:59+00:00\",\"dateModified\":\"2025-06-24T18:56:12+00:00\",\"breadcrumb\":{\"@id\":\"https:\/\/espak.ee\/epood\/toode\/kiirvaht-purfoam-2k-400ml\/#breadcrumb\"},\"inLanguage\":\"et\",\"potentialAction\":[{\"@type\":\"ReadAction\",\"target\":[\"https:\/\/espak.ee\/epood\/toode\/kiirvaht-purfoam-2k-400ml\/\"]}]},{\"@type\":\"ImageObject\",\"inLanguage\":\"et\",\"@id\":\"https:\/\/espak.ee\/epood\/toode\/kiirvaht-purfoam-2k-400ml\/#primaryimage\",\"url\":\"https:\/\/espak.ee\/epood\/wp-content\/uploads\/2k-den-braven.png\",\"contentUrl\":\"https:\/\/espak.ee\/epood\/wp-content\/uploads\/2k-den-braven.png\",\"width\":400,\"height\":400},{\"@type\":\"BreadcrumbList\",\"@id\":\"https:\/\/espak.ee\/epood\/toode\/kiirvaht-purfoam-2k-400ml\/#breadcrumb\",\"itemListElement\":[{\"@type\":\"ListItem\",\"position\":1,\"name\":\"Home\",\"item\":\"https:\/\/espak.ee\/epood\/\"},{\"@type\":\"ListItem\",\"position\":2,\"name\":\"Tootevalik\",\"item\":\"https:\/\/espak.ee\/epood\/tootevalik\/\"},{\"@type\":\"ListItem\",\"position\":3,\"name\":\"KIIRVAHT PURFOAM 2K 400ML\"}]},{\"@type\":\"WebSite\",\"@id\":\"https:\/\/espak.ee\/epood\/#website\",\"url\":\"https:\/\/espak.ee\/epood\/\",\"name\":\"Espak E-pood\",\"description\":\"\",\"potentialAction\":[{\"@type\":\"SearchAction\",\"target\":{\"@type\":\"EntryPoint\",\"urlTemplate\":\"https:\/\/espak.ee\/epood\/?s={search_term_string}\"},\"query-input\":{\"@type\":\"PropertyValueSpecification\",\"valueRequired\":true,\"valueName\":\"search_term_string\"}}],\"inLanguage\":\"et\"}]}<\/script>\n<!-- \/ Yoast SEO plugin. -->","yoast_head_json":{"title":"KIIRVAHT PURFOAM 2K 400ML - Espak E-pood","robots":{"index":"index","follow":"follow","max-snippet":"max-snippet:-1","max-image-preview":"max-image-preview:large","max-video-preview":"max-video-preview:-1"},"canonical":"https:\/\/espak.ee\/epood\/toode\/kiirvaht-purfoam-2k-400ml\/","og_locale":"et_EE","og_type":"article","og_title":"KIIRVAHT PURFOAM 2K 400ML - Espak E-pood","og_url":"https:\/\/espak.ee\/epood\/toode\/kiirvaht-purfoam-2k-400ml\/","og_site_name":"Espak E-pood","article_modified_time":"2025-06-24T18:56:12+00:00","og_image":[{"width":400,"height":400,"url":"https:\/\/espak.ee\/epood\/wp-content\/uploads\/2k-den-braven.png","type":"image\/png"}],"twitter_card":"summary_large_image","twitter_misc":{"Est. reading time":"1 minut"},"schema":{"@context":"https:\/\/schema.org","@graph":[{"@type":"WebPage","@id":"https:\/\/espak.ee\/epood\/toode\/kiirvaht-purfoam-2k-400ml\/","url":"https:\/\/espak.ee\/epood\/toode\/kiirvaht-purfoam-2k-400ml\/","name":"KIIRVAHT PURFOAM 2K 400ML - Espak E-pood","isPartOf":{"@id":"https:\/\/espak.ee\/epood\/#website"},"primaryImageOfPage":{"@id":"https:\/\/espak.ee\/epood\/toode\/kiirvaht-purfoam-2k-400ml\/#primaryimage"},"image":{"@id":"https:\/\/espak.ee\/epood\/toode\/kiirvaht-purfoam-2k-400ml\/#primaryimage"},"thumbnailUrl":"https:\/\/espak.ee\/epood\/wp-content\/uploads\/2k-den-braven.png","datePublished":"2021-02-04T04:10:59+00:00","dateModified":"2025-06-24T18:56:12+00:00","breadcrumb":{"@id":"https:\/\/espak.ee\/epood\/toode\/kiirvaht-purfoam-2k-400ml\/#breadcrumb"},"inLanguage":"et","potentialAction":[{"@type":"ReadAction","target":["https:\/\/espak.ee\/epood\/toode\/kiirvaht-purfoam-2k-400ml\/"]}]},{"@type":"ImageObject","inLanguage":"et","@id":"https:\/\/espak.ee\/epood\/toode\/kiirvaht-purfoam-2k-400ml\/#primaryimage","url":"https:\/\/espak.ee\/epood\/wp-content\/uploads\/2k-den-braven.png","contentUrl":"https:\/\/espak.ee\/epood\/wp-content\/uploads\/2k-den-braven.png","width":400,"height":400},{"@type":"BreadcrumbList","@id":"https:\/\/espak.ee\/epood\/toode\/kiirvaht-purfoam-2k-400ml\/#breadcrumb","itemListElement":[{"@type":"ListItem","position":1,"name":"Home","item":"https:\/\/espak.ee\/epood\/"},{"@type":"ListItem","position":2,"name":"Tootevalik","item":"https:\/\/espak.ee\/epood\/tootevalik\/"},{"@type":"ListItem","position":3,"name":"KIIRVAHT PURFOAM 2K 400ML"}]},{"@type":"WebSite","@id":"https:\/\/espak.ee\/epood\/#website","url":"https:\/\/espak.ee\/epood\/","name":"Espak E-pood","description":"","potentialAction":[{"@type":"SearchAction","target":{"@type":"EntryPoint","urlTemplate":"https:\/\/espak.ee\/epood\/?s={search_term_string}"},"query-input":{"@type":"PropertyValueSpecification","valueRequired":true,"valueName":"search_term_string"}}],"inLanguage":"et"}]}},"_links":{"self":[{"href":"https:\/\/espak.ee\/epood\/wp-json\/wp\/v2\/product\/60458","targetHints":{"allow":["GET"]}}],"collection":[{"href":"https:\/\/espak.ee\/epood\/wp-json\/wp\/v2\/product"}],"about":[{"href":"https:\/\/espak.ee\/epood\/wp-json\/wp\/v2\/types\/product"}],"replies":[{"embeddable":true,"href":"https:\/\/espak.ee\/epood\/wp-json\/wp\/v2\/comments?post=60458"}],"wp:featuredmedia":[{"embeddable":true,"href":"https:\/\/espak.ee\/epood\/wp-json\/wp\/v2\/media\/63346"}],"wp:attachment":[{"href":"https:\/\/espak.ee\/epood\/wp-json\/wp\/v2\/media?parent=60458"}],"wp:term":[{"taxonomy":"product_brand","embeddable":true,"href":"https:\/\/espak.ee\/epood\/wp-json\/wp\/v2\/product_brand?post=60458"},{"taxonomy":"product_cat","embeddable":true,"href":"https:\/\/espak.ee\/epood\/wp-json\/wp\/v2\/product_cat?post=60458"},{"taxonomy":"product_tag","embeddable":true,"href":"https:\/\/espak.ee\/epood\/wp-json\/wp\/v2\/product_tag?post=60458"}],"curies":[{"name":"wp","href":"https:\/\/api.w.org\/{rel}","templated":true}]}}