{"id":60204,"date":"2021-02-03T02:18:40","date_gmt":"2021-02-03T02:18:40","guid":{"rendered":"https:\/\/espak.ee\/hinnakiri\/?post_type=product&#038;p=60204"},"modified":"2026-05-04T10:21:50","modified_gmt":"2026-05-04T07:21:50","slug":"putukavork-tesa-comfort-aknale-must-1224","status":"publish","type":"product","link":"https:\/\/espak.ee\/epood\/toode\/putukavork-tesa-comfort-aknale-must-1224\/","title":{"rendered":"PUTUKAV\u00d5RK TESA COMFORT AKNALE MUST 1,2*2,4"},"content":{"rendered":"<div class=\"row\"  id=\"row-1778774651\">\n\n\t<div id=\"col-517794412\" class=\"col medium-9 small-12 large-9\"  >\n\t\t\t\t<div class=\"col-inner\"  >\n\t\t\t\n\t\t\t\n<h2>tesa\u00ae Putukav\u00f5rk Aknale COMFORT<\/h2>\n<p>tesa\u00ae Insect Stop Hook &#038; Loop COMFORT for French Windows on h\u00f5lpsasti paigaldatav ja eemaldatav putukat\u00f5ke.<\/p>\n<div class=\"message-box relative\" style=\"padding-top:15px;padding-bottom:15px;\"><div class=\"message-box-bg-image bg-fill fill\" ><\/div><div class=\"message-box-bg-overlay bg-fill fill\" ><\/div><div class=\"container relative\"><div class=\"inner last-reset\">\n<div class=\"row align-middle align-center\"  id=\"row-1909343730\">\n\n\t<div id=\"col-1697212603\" class=\"col small-12 large-12\"  >\n\t\t\t\t<div class=\"col-inner text-left\"  >\n\t\t\t\n\t\t\t\n<h4>Omadused<\/h4>\n<div class=\"row\"  id=\"row-1178248669\">\n\n\t<div id=\"col-1994728050\" class=\"col medium-6 small-12 large-6\"  >\n\t\t\t\t<div class=\"col-inner\"  >\n\t\t\t\n\t\t\t\n<p><i class=\"fa fa-check fa-2x\"><\/i> <strong>Lihtsalt paigaldatav t\u00e4nu s\u00fcsteemile Easy-on<\/strong><\/p>\n<p><i class=\"fa fa-check fa-2x\"><\/i> <strong>J\u00e4lgedeta eemaldatav t\u00e4nu s\u00fcsteemile Easy-off: takjakinnisega teibi saab eemaldada j\u00e4lgi j\u00e4tmata<\/strong><\/p>\n\t\t<\/div>\n\t\t\t\t\n<style>\n#col-1994728050 > .col-inner {\n  margin: 0px 0px 15px 0px;\n}\n<\/style>\n\t<\/div>\n\n\t\n\n\t<div id=\"col-1054437769\" class=\"col medium-6 small-12 large-6\"  >\n\t\t\t\t<div class=\"col-inner\"  >\n\t\t\t\n\t\t\t\n<p><i class=\"fa fa-check fa-2x\"><\/i> <strong>Pestav kuni 30 \u00b0C veega<\/strong><\/p>\n\t\t<\/div>\n\t\t\t\t\n<style>\n#col-1054437769 > .col-inner {\n  margin: 0px 0px 15px 0px;\n}\n<\/style>\n\t<\/div>\n\n\t\n<\/div>\n\t\t<\/div>\n\t\t\t\t\t<\/div>\n\n\t\n<\/div>\n<\/div><\/div><\/div>\n\t<div id=\"gap-1320337879\" class=\"gap-element clearfix\" style=\"display:block; height:auto;\">\n\t\t\n<style>\n#gap-1320337879 {\n  padding-top: 30px;\n}\n<\/style>\n\t<\/div>\n\t\n<h3>Kasutamise \u00fcksikasjad<\/h3>\n<p><strong>P\u00f5hifunktsioonid:<\/strong> Lihtsalt paigaldatav t\u00e4nu s\u00fcsteemile Easy-on. J\u00e4lgedeta eemaldatav t\u00e4nu s\u00fcsteemile Easy-off: takjakinnisega teibi saab eemaldada j\u00e4lgi j\u00e4tmata. Pestav kuni 30 \u00b0C veega. Taaskasutatav v\u00f5rk.<\/p>\n<p><strong>Tootekirjeldus:<\/strong> tesa\u00ae Insect Stop Hook &#038; Loop COMFORT for French Windows on loomulik s\u00e4\u00e4set\u00f5ke, mis v\u00f5imaldab j\u00e4tta akna lahti, hoides s\u00e4\u00e4sed ja muud putukad eemal. See v\u00e4ga t\u00f5hus putukav\u00f5rk sobib enamikule suurtele akendele. Sellel on ainulaadne takjakinnituse s\u00fcsteem, mis teeb v\u00f5rgu kinnitamise ja eemaldamise kiireks ning lihtsaks. Lihtsalt kinnitage komplektis olev taklajteip aknaraamile, vajutage v\u00f5rk teibi takjakinnituse k\u00fclge ja ongi valmis. V\u00f5rgu eemaldamine on sama lihtne ja \u00fchtegi m\u00e4rgatavat j\u00e4lge ei j\u00e4\u00e4.<\/p>\n\t\t<\/div>\n\t\t\t\t\t<\/div>\n\n\t\n\n\t<div id=\"col-936195991\" class=\"col medium-3 small-12 large-3\"  >\n\t\t\t\t<div class=\"col-inner\"  >\n\t\t\t\n\t\t\t\n\t<div id=\"gap-991095293\" class=\"gap-element clearfix\" style=\"display:block; height:auto;\">\n\t\t\n<style>\n#gap-991095293 {\n  padding-top: 30px;\n}\n<\/style>\n\t<\/div>\n\t\n<div class=\"is-divider divider clearfix\" ><\/div>\n<p><strong>\u00dcksikasjalikuma n\u00f5u saamiseks v\u00f5tke \u00fchendust:<br \/><\/strong>tesa tape UAB<br \/>Sepise 1<br \/>11415<br \/>Tallinn<br \/>+372 6401366<br \/><a href=\"https:\/\/www.tesa.com\/et-ee\/tavatarbija\/tesa-putukavork-aknale-comfort.html\" target=\"_blank\" rel=\"noopener noreferrer\">Vaata tooteinfot kodulehelt<\/a><\/p>\n<div class=\"is-divider divider clearfix\" ><\/div>\n\t\t<\/div>\n\t\t\t\t\t<\/div>\n\n\t\n<\/div>\n","protected":false},"excerpt":{"rendered":"","protected":false},"featured_media":62315,"comment_status":"closed","ping_status":"closed","template":"","meta":[],"product_brand":[],"product_cat":[2788,2927,2928,2929],"product_tag":[],"class_list":{"0":"post-60204","1":"product","2":"type-product","3":"status-publish","4":"has-post-thumbnail","6":"product_cat-aiatarbed-ja-kodukaubad","7":"product_cat-kodukaubad","8":"product_cat-sisustus-ja-majapidamine","9":"product_cat-sisustus-ja-majapidamistarbed","10":"pa_kaubamark-tesa-as","12":"first","13":"outofstock","14":"sale","15":"taxable","16":"shipping-taxable","17":"purchasable","18":"product-type-simple"},"yoast_head":"<!-- This site is optimized with the Yoast SEO plugin v26.9 - https:\/\/yoast.com\/product\/yoast-seo-wordpress\/ -->\n<title>PUTUKAV\u00d5RK TESA COMFORT AKNALE MUST 1,2*2,4 - Espak E-pood<\/title>\n<meta name=\"robots\" content=\"index, follow, max-snippet:-1, max-image-preview:large, max-video-preview:-1\" \/>\n<link rel=\"canonical\" href=\"https:\/\/espak.ee\/epood\/toode\/putukavork-tesa-comfort-aknale-must-1224\/\" \/>\n<meta property=\"og:locale\" content=\"et_EE\" \/>\n<meta property=\"og:type\" content=\"article\" \/>\n<meta property=\"og:title\" content=\"PUTUKAV\u00d5RK TESA COMFORT AKNALE MUST 1,2*2,4 - Espak E-pood\" \/>\n<meta property=\"og:url\" content=\"https:\/\/espak.ee\/epood\/toode\/putukavork-tesa-comfort-aknale-must-1224\/\" \/>\n<meta property=\"og:site_name\" content=\"Espak E-pood\" \/>\n<meta property=\"article:modified_time\" content=\"2026-05-04T07:21:50+00:00\" \/>\n<meta property=\"og:image\" content=\"https:\/\/espak.ee\/epood\/wp-content\/uploads\/tesa_559180002100_LI400_left_pa.jpeg\" \/>\n\t<meta property=\"og:image:width\" content=\"2000\" \/>\n\t<meta property=\"og:image:height\" content=\"2000\" \/>\n\t<meta property=\"og:image:type\" content=\"image\/jpeg\" \/>\n<meta name=\"twitter:card\" content=\"summary_large_image\" \/>\n<meta name=\"twitter:label1\" content=\"Est. reading time\" \/>\n\t<meta name=\"twitter:data1\" content=\"1 minut\" \/>\n<script type=\"application\/ld+json\" class=\"yoast-schema-graph\">{\"@context\":\"https:\/\/schema.org\",\"@graph\":[{\"@type\":\"WebPage\",\"@id\":\"https:\/\/espak.ee\/epood\/toode\/putukavork-tesa-comfort-aknale-must-1224\/\",\"url\":\"https:\/\/espak.ee\/epood\/toode\/putukavork-tesa-comfort-aknale-must-1224\/\",\"name\":\"PUTUKAV\u00d5RK TESA COMFORT AKNALE MUST 1,2*2,4 - Espak E-pood\",\"isPartOf\":{\"@id\":\"https:\/\/espak.ee\/epood\/#website\"},\"primaryImageOfPage\":{\"@id\":\"https:\/\/espak.ee\/epood\/toode\/putukavork-tesa-comfort-aknale-must-1224\/#primaryimage\"},\"image\":{\"@id\":\"https:\/\/espak.ee\/epood\/toode\/putukavork-tesa-comfort-aknale-must-1224\/#primaryimage\"},\"thumbnailUrl\":\"https:\/\/espak.ee\/epood\/wp-content\/uploads\/tesa_559180002100_LI400_left_pa.jpeg\",\"datePublished\":\"2021-02-03T02:18:40+00:00\",\"dateModified\":\"2026-05-04T07:21:50+00:00\",\"breadcrumb\":{\"@id\":\"https:\/\/espak.ee\/epood\/toode\/putukavork-tesa-comfort-aknale-must-1224\/#breadcrumb\"},\"inLanguage\":\"et\",\"potentialAction\":[{\"@type\":\"ReadAction\",\"target\":[\"https:\/\/espak.ee\/epood\/toode\/putukavork-tesa-comfort-aknale-must-1224\/\"]}]},{\"@type\":\"ImageObject\",\"inLanguage\":\"et\",\"@id\":\"https:\/\/espak.ee\/epood\/toode\/putukavork-tesa-comfort-aknale-must-1224\/#primaryimage\",\"url\":\"https:\/\/espak.ee\/epood\/wp-content\/uploads\/tesa_559180002100_LI400_left_pa.jpeg\",\"contentUrl\":\"https:\/\/espak.ee\/epood\/wp-content\/uploads\/tesa_559180002100_LI400_left_pa.jpeg\",\"width\":2000,\"height\":2000},{\"@type\":\"BreadcrumbList\",\"@id\":\"https:\/\/espak.ee\/epood\/toode\/putukavork-tesa-comfort-aknale-must-1224\/#breadcrumb\",\"itemListElement\":[{\"@type\":\"ListItem\",\"position\":1,\"name\":\"Home\",\"item\":\"https:\/\/espak.ee\/epood\/\"},{\"@type\":\"ListItem\",\"position\":2,\"name\":\"Tootevalik\",\"item\":\"https:\/\/espak.ee\/epood\/tootevalik\/\"},{\"@type\":\"ListItem\",\"position\":3,\"name\":\"PUTUKAV\u00d5RK TESA COMFORT AKNALE MUST 1,2*2,4\"}]},{\"@type\":\"WebSite\",\"@id\":\"https:\/\/espak.ee\/epood\/#website\",\"url\":\"https:\/\/espak.ee\/epood\/\",\"name\":\"Espak E-pood\",\"description\":\"\",\"potentialAction\":[{\"@type\":\"SearchAction\",\"target\":{\"@type\":\"EntryPoint\",\"urlTemplate\":\"https:\/\/espak.ee\/epood\/?s={search_term_string}\"},\"query-input\":{\"@type\":\"PropertyValueSpecification\",\"valueRequired\":true,\"valueName\":\"search_term_string\"}}],\"inLanguage\":\"et\"}]}<\/script>\n<!-- \/ Yoast SEO plugin. -->","yoast_head_json":{"title":"PUTUKAV\u00d5RK TESA COMFORT AKNALE MUST 1,2*2,4 - Espak E-pood","robots":{"index":"index","follow":"follow","max-snippet":"max-snippet:-1","max-image-preview":"max-image-preview:large","max-video-preview":"max-video-preview:-1"},"canonical":"https:\/\/espak.ee\/epood\/toode\/putukavork-tesa-comfort-aknale-must-1224\/","og_locale":"et_EE","og_type":"article","og_title":"PUTUKAV\u00d5RK TESA COMFORT AKNALE MUST 1,2*2,4 - Espak E-pood","og_url":"https:\/\/espak.ee\/epood\/toode\/putukavork-tesa-comfort-aknale-must-1224\/","og_site_name":"Espak E-pood","article_modified_time":"2026-05-04T07:21:50+00:00","og_image":[{"width":2000,"height":2000,"url":"https:\/\/espak.ee\/epood\/wp-content\/uploads\/tesa_559180002100_LI400_left_pa.jpeg","type":"image\/jpeg"}],"twitter_card":"summary_large_image","twitter_misc":{"Est. reading time":"1 minut"},"schema":{"@context":"https:\/\/schema.org","@graph":[{"@type":"WebPage","@id":"https:\/\/espak.ee\/epood\/toode\/putukavork-tesa-comfort-aknale-must-1224\/","url":"https:\/\/espak.ee\/epood\/toode\/putukavork-tesa-comfort-aknale-must-1224\/","name":"PUTUKAV\u00d5RK TESA COMFORT AKNALE MUST 1,2*2,4 - Espak E-pood","isPartOf":{"@id":"https:\/\/espak.ee\/epood\/#website"},"primaryImageOfPage":{"@id":"https:\/\/espak.ee\/epood\/toode\/putukavork-tesa-comfort-aknale-must-1224\/#primaryimage"},"image":{"@id":"https:\/\/espak.ee\/epood\/toode\/putukavork-tesa-comfort-aknale-must-1224\/#primaryimage"},"thumbnailUrl":"https:\/\/espak.ee\/epood\/wp-content\/uploads\/tesa_559180002100_LI400_left_pa.jpeg","datePublished":"2021-02-03T02:18:40+00:00","dateModified":"2026-05-04T07:21:50+00:00","breadcrumb":{"@id":"https:\/\/espak.ee\/epood\/toode\/putukavork-tesa-comfort-aknale-must-1224\/#breadcrumb"},"inLanguage":"et","potentialAction":[{"@type":"ReadAction","target":["https:\/\/espak.ee\/epood\/toode\/putukavork-tesa-comfort-aknale-must-1224\/"]}]},{"@type":"ImageObject","inLanguage":"et","@id":"https:\/\/espak.ee\/epood\/toode\/putukavork-tesa-comfort-aknale-must-1224\/#primaryimage","url":"https:\/\/espak.ee\/epood\/wp-content\/uploads\/tesa_559180002100_LI400_left_pa.jpeg","contentUrl":"https:\/\/espak.ee\/epood\/wp-content\/uploads\/tesa_559180002100_LI400_left_pa.jpeg","width":2000,"height":2000},{"@type":"BreadcrumbList","@id":"https:\/\/espak.ee\/epood\/toode\/putukavork-tesa-comfort-aknale-must-1224\/#breadcrumb","itemListElement":[{"@type":"ListItem","position":1,"name":"Home","item":"https:\/\/espak.ee\/epood\/"},{"@type":"ListItem","position":2,"name":"Tootevalik","item":"https:\/\/espak.ee\/epood\/tootevalik\/"},{"@type":"ListItem","position":3,"name":"PUTUKAV\u00d5RK TESA COMFORT AKNALE MUST 1,2*2,4"}]},{"@type":"WebSite","@id":"https:\/\/espak.ee\/epood\/#website","url":"https:\/\/espak.ee\/epood\/","name":"Espak E-pood","description":"","potentialAction":[{"@type":"SearchAction","target":{"@type":"EntryPoint","urlTemplate":"https:\/\/espak.ee\/epood\/?s={search_term_string}"},"query-input":{"@type":"PropertyValueSpecification","valueRequired":true,"valueName":"search_term_string"}}],"inLanguage":"et"}]}},"_links":{"self":[{"href":"https:\/\/espak.ee\/epood\/wp-json\/wp\/v2\/product\/60204","targetHints":{"allow":["GET"]}}],"collection":[{"href":"https:\/\/espak.ee\/epood\/wp-json\/wp\/v2\/product"}],"about":[{"href":"https:\/\/espak.ee\/epood\/wp-json\/wp\/v2\/types\/product"}],"replies":[{"embeddable":true,"href":"https:\/\/espak.ee\/epood\/wp-json\/wp\/v2\/comments?post=60204"}],"wp:featuredmedia":[{"embeddable":true,"href":"https:\/\/espak.ee\/epood\/wp-json\/wp\/v2\/media\/62315"}],"wp:attachment":[{"href":"https:\/\/espak.ee\/epood\/wp-json\/wp\/v2\/media?parent=60204"}],"wp:term":[{"taxonomy":"product_brand","embeddable":true,"href":"https:\/\/espak.ee\/epood\/wp-json\/wp\/v2\/product_brand?post=60204"},{"taxonomy":"product_cat","embeddable":true,"href":"https:\/\/espak.ee\/epood\/wp-json\/wp\/v2\/product_cat?post=60204"},{"taxonomy":"product_tag","embeddable":true,"href":"https:\/\/espak.ee\/epood\/wp-json\/wp\/v2\/product_tag?post=60204"}],"curies":[{"name":"wp","href":"https:\/\/api.w.org\/{rel}","templated":true}]}}