{"id":60200,"date":"2021-02-03T02:04:04","date_gmt":"2021-02-03T02:04:04","guid":{"rendered":"https:\/\/espak.ee\/hinnakiri\/?post_type=product&#038;p=60200"},"modified":"2025-01-05T19:36:52","modified_gmt":"2025-01-05T17:36:52","slug":"mini-nagi-classic-valge-tesa-3tk","status":"publish","type":"product","link":"https:\/\/espak.ee\/epood\/toode\/mini-nagi-classic-valge-tesa-3tk\/","title":{"rendered":"MINI NAGI CLASSIC VALGE TESA 3TK"},"content":{"rendered":"<div class=\"row\"  id=\"row-1253020921\">\n\n\t<div id=\"col-132612945\" class=\"col medium-9 small-12 large-9\"  >\n\t\t\t\t<div class=\"col-inner\"  >\n\t\t\t\n\t\t\t\n<h2>tesa Powerstrips\u00ae CLASSIC SMALL nagi<\/h2>\n<p>tesa Powerstrips Hooks Small Classic on praktilised vannitoa- ja k\u00f6\u00f6ginagid h\u00f5lpsaks riputamiseks, puurimata, ja neid saab j\u00e4lgi j\u00e4tmata eemaldada.<\/p>\n<div class=\"message-box relative\" style=\"padding-top:15px;padding-bottom:15px;\"><div class=\"message-box-bg-image bg-fill fill\" ><\/div><div class=\"message-box-bg-overlay bg-fill fill\" ><\/div><div class=\"container relative\"><div class=\"inner last-reset\">\n<div class=\"row align-middle align-center\"  id=\"row-1475198195\">\n\n\t<div id=\"col-228547499\" class=\"col small-12 large-12\"  >\n\t\t\t\t<div class=\"col-inner text-left\"  >\n\t\t\t\n\t\t\t\n<h4>Omadused<\/h4>\n<div class=\"row\"  id=\"row-1183532057\">\n\n\t<div id=\"col-414806916\" class=\"col medium-6 small-12 large-6\"  >\n\t\t\t\t<div class=\"col-inner\"  >\n\t\t\t\n\t\t\t\n<p><i class=\"fa fa-check fa-2x\"><\/i> <strong>Lihtsalt paigaldatav puurimise, kruvide v\u00f5i naelteta<\/strong><\/p>\n<p><i class=\"fa fa-check fa-2x\"><\/i> <strong>Hoiab tugevalt kuni 1 kg raskusi esemeid<\/strong><\/p>\n\t\t<\/div>\n\t\t\t\t\n<style>\n#col-414806916 > .col-inner {\n  margin: 0px 0px 15px 0px;\n}\n<\/style>\n\t<\/div>\n\n\t\n\n\t<div id=\"col-669345087\" class=\"col medium-6 small-12 large-6\"  >\n\t\t\t\t<div class=\"col-inner\"  >\n\t\t\t\n\t\t\t\n<p><i class=\"fa fa-check fa-2x\"><\/i> <strong>Eemaldatav j\u00e4lgi j\u00e4tmata t\u00e4nu ainulaadsele Powerstrips\u00ae-tehnoloogiale<\/strong><\/p>\n\t\t<\/div>\n\t\t\t\t\n<style>\n#col-669345087 > .col-inner {\n  margin: 0px 0px 15px 0px;\n}\n<\/style>\n\t<\/div>\n\n\t\n<\/div>\n\t\t<\/div>\n\t\t\t\t\t<\/div>\n\n\t\n<\/div>\n<\/div><\/div><\/div>\n\t<div id=\"gap-104178236\" class=\"gap-element clearfix\" style=\"display:block; height:auto;\">\n\t\t\n<style>\n#gap-104178236 {\n  padding-top: 30px;\n}\n<\/style>\n\t<\/div>\n\t\n<h3>Kasutamise \u00fcksikasjad<\/h3>\n<p><strong>P\u00f5hifunktsioonid:<\/strong> Lihtsalt paigaldatav puurimise, kruvide v\u00f5i naelteta. Hoiab tugevalt kuni 1 kg raskusi esemeid. Eemaldatav j\u00e4lgi j\u00e4tmata t\u00e4nu ainulaadsele Powerstrips\u00ae-tehnoloogiale. Valmistatud kvaliteetsest plastist 1 Kasutatav keraamilistel plaatidel, klaasil, puidul, plastil ja paljudel muudel pindadel*. Riputuskonksud on korduskasutatavad koos tesa Powerstrips\u00ae SMALLi ribaga.<br \/>\n*Ei sobi kasutamiseks st\u00fcroplasti, vahtmaterjalide, nakkumisvastase kattega pindade ja poorsete materjalide korral.<\/p>\n<p><strong>Tootekirjeldus:<\/strong> tesa Powerstrips Hooks Small Classic on mitmek\u00fclgsed kleebitavad k\u00f6\u00f6gi- ja vannitoanagid, mis sobivad tuhandeteks kasutusviisideks. Neid saab minutiga kinnitada ja need on m\u00f5eldud k\u00f5ikv\u00f5imalike kuni 1 kg kaaluvate esemete riputamiseks, ilma et oleks vaja auke puurida v\u00f5i seina kahjustada1. Neid saab ka j\u00e4lgi j\u00e4tmata h\u00f5lpsasti eemaldada. S\u00e4\u00e4stlike toodete trendi kohaselt saab neid ka uuesti kasutada, kuna neid on v\u00f5imalik korduvalt eemaldada ja kinnitada. See on lahendus, mille puhul paindlikkus on \u00fchendatud mitmek\u00fclgsusega ja innovatsioon funktsionaalsusega.<\/p>\n\t\t<\/div>\n\t\t\t\t\t<\/div>\n\n\t\n\n\t<div id=\"col-740591258\" class=\"col medium-3 small-12 large-3\"  >\n\t\t\t\t<div class=\"col-inner\"  >\n\t\t\t\n\t\t\t\n\t<div id=\"gap-650614065\" class=\"gap-element clearfix\" style=\"display:block; height:auto;\">\n\t\t\n<style>\n#gap-650614065 {\n  padding-top: 30px;\n}\n<\/style>\n\t<\/div>\n\t\n<div class=\"is-divider divider clearfix\" ><\/div>\n<p><strong>\u00dcksikasjalikuma n\u00f5u saamiseks v\u00f5tke \u00fchendust:<br \/><\/strong>tesa tape UAB<br \/>Sepise 1<br \/>11415<br \/>Tallinn<br \/>+372 6401366<br \/><a href=\"https:\/\/www.tesa.com\/et-ee\/tavatarbija\/tesa-powerstrips-classic-small-nagi.html\" target=\"_blank\" rel=\"noopener noreferrer\">Vaata tooteinfot kodulehelt<\/a><\/p>\n<div class=\"is-divider divider clearfix\" ><\/div>\n\t\t<\/div>\n\t\t\t\t\t<\/div>\n\n\t\n<\/div>\n","protected":false},"excerpt":{"rendered":"","protected":false},"featured_media":62834,"comment_status":"closed","ping_status":"closed","template":"","meta":[],"product_brand":[],"product_cat":[3572,2819,3570,3571],"product_tag":[],"class_list":{"0":"post-60200","1":"product","2":"type-product","3":"status-publish","4":"has-post-thumbnail","6":"product_cat-nagid-topsid-ja-seebialused","7":"product_cat-sanitaartehnika","8":"product_cat-vannitoasisustus-sanitaartehnika","9":"product_cat-vannitoatarvikud","10":"pa_kaubamark-tesa-as","12":"first","13":"instock","14":"sale","15":"taxable","16":"shipping-taxable","17":"purchasable","18":"product-type-simple"},"yoast_head":"<!-- This site is optimized with the Yoast SEO plugin v26.9 - https:\/\/yoast.com\/product\/yoast-seo-wordpress\/ -->\n<title>MINI NAGI CLASSIC VALGE TESA 3TK - Espak E-pood<\/title>\n<meta name=\"robots\" content=\"index, follow, max-snippet:-1, max-image-preview:large, max-video-preview:-1\" \/>\n<link rel=\"canonical\" href=\"https:\/\/espak.ee\/epood\/toode\/mini-nagi-classic-valge-tesa-3tk\/\" \/>\n<meta property=\"og:locale\" content=\"et_EE\" \/>\n<meta property=\"og:type\" content=\"article\" \/>\n<meta property=\"og:title\" content=\"MINI NAGI CLASSIC VALGE TESA 3TK - Espak E-pood\" \/>\n<meta property=\"og:url\" content=\"https:\/\/espak.ee\/epood\/toode\/mini-nagi-classic-valge-tesa-3tk\/\" \/>\n<meta property=\"og:site_name\" content=\"Espak E-pood\" \/>\n<meta property=\"article:modified_time\" content=\"2025-01-05T17:36:52+00:00\" \/>\n<meta property=\"og:image\" content=\"https:\/\/espak.ee\/epood\/wp-content\/uploads\/tesa_57530_LI404_pa_004.jpeg\" \/>\n\t<meta property=\"og:image:width\" content=\"2000\" \/>\n\t<meta property=\"og:image:height\" content=\"2000\" \/>\n\t<meta property=\"og:image:type\" content=\"image\/jpeg\" \/>\n<meta name=\"twitter:card\" content=\"summary_large_image\" \/>\n<meta name=\"twitter:label1\" content=\"Est. reading time\" \/>\n\t<meta name=\"twitter:data1\" content=\"1 minut\" \/>\n<script type=\"application\/ld+json\" class=\"yoast-schema-graph\">{\"@context\":\"https:\/\/schema.org\",\"@graph\":[{\"@type\":\"WebPage\",\"@id\":\"https:\/\/espak.ee\/epood\/toode\/mini-nagi-classic-valge-tesa-3tk\/\",\"url\":\"https:\/\/espak.ee\/epood\/toode\/mini-nagi-classic-valge-tesa-3tk\/\",\"name\":\"MINI NAGI CLASSIC VALGE TESA 3TK - Espak E-pood\",\"isPartOf\":{\"@id\":\"https:\/\/espak.ee\/epood\/#website\"},\"primaryImageOfPage\":{\"@id\":\"https:\/\/espak.ee\/epood\/toode\/mini-nagi-classic-valge-tesa-3tk\/#primaryimage\"},\"image\":{\"@id\":\"https:\/\/espak.ee\/epood\/toode\/mini-nagi-classic-valge-tesa-3tk\/#primaryimage\"},\"thumbnailUrl\":\"https:\/\/espak.ee\/epood\/wp-content\/uploads\/tesa_57530_LI404_pa_004.jpeg\",\"datePublished\":\"2021-02-03T02:04:04+00:00\",\"dateModified\":\"2025-01-05T17:36:52+00:00\",\"breadcrumb\":{\"@id\":\"https:\/\/espak.ee\/epood\/toode\/mini-nagi-classic-valge-tesa-3tk\/#breadcrumb\"},\"inLanguage\":\"et\",\"potentialAction\":[{\"@type\":\"ReadAction\",\"target\":[\"https:\/\/espak.ee\/epood\/toode\/mini-nagi-classic-valge-tesa-3tk\/\"]}]},{\"@type\":\"ImageObject\",\"inLanguage\":\"et\",\"@id\":\"https:\/\/espak.ee\/epood\/toode\/mini-nagi-classic-valge-tesa-3tk\/#primaryimage\",\"url\":\"https:\/\/espak.ee\/epood\/wp-content\/uploads\/tesa_57530_LI404_pa_004.jpeg\",\"contentUrl\":\"https:\/\/espak.ee\/epood\/wp-content\/uploads\/tesa_57530_LI404_pa_004.jpeg\",\"width\":2000,\"height\":2000,\"caption\":\"57530-00130-01 4042448144874 tesa Powerstrips? hooks Small classic white\"},{\"@type\":\"BreadcrumbList\",\"@id\":\"https:\/\/espak.ee\/epood\/toode\/mini-nagi-classic-valge-tesa-3tk\/#breadcrumb\",\"itemListElement\":[{\"@type\":\"ListItem\",\"position\":1,\"name\":\"Home\",\"item\":\"https:\/\/espak.ee\/epood\/\"},{\"@type\":\"ListItem\",\"position\":2,\"name\":\"Tootevalik\",\"item\":\"https:\/\/espak.ee\/epood\/tootevalik\/\"},{\"@type\":\"ListItem\",\"position\":3,\"name\":\"MINI NAGI CLASSIC VALGE TESA 3TK\"}]},{\"@type\":\"WebSite\",\"@id\":\"https:\/\/espak.ee\/epood\/#website\",\"url\":\"https:\/\/espak.ee\/epood\/\",\"name\":\"Espak E-pood\",\"description\":\"\",\"potentialAction\":[{\"@type\":\"SearchAction\",\"target\":{\"@type\":\"EntryPoint\",\"urlTemplate\":\"https:\/\/espak.ee\/epood\/?s={search_term_string}\"},\"query-input\":{\"@type\":\"PropertyValueSpecification\",\"valueRequired\":true,\"valueName\":\"search_term_string\"}}],\"inLanguage\":\"et\"}]}<\/script>\n<!-- \/ Yoast SEO plugin. -->","yoast_head_json":{"title":"MINI NAGI CLASSIC VALGE TESA 3TK - Espak E-pood","robots":{"index":"index","follow":"follow","max-snippet":"max-snippet:-1","max-image-preview":"max-image-preview:large","max-video-preview":"max-video-preview:-1"},"canonical":"https:\/\/espak.ee\/epood\/toode\/mini-nagi-classic-valge-tesa-3tk\/","og_locale":"et_EE","og_type":"article","og_title":"MINI NAGI CLASSIC VALGE TESA 3TK - Espak E-pood","og_url":"https:\/\/espak.ee\/epood\/toode\/mini-nagi-classic-valge-tesa-3tk\/","og_site_name":"Espak E-pood","article_modified_time":"2025-01-05T17:36:52+00:00","og_image":[{"width":2000,"height":2000,"url":"https:\/\/espak.ee\/epood\/wp-content\/uploads\/tesa_57530_LI404_pa_004.jpeg","type":"image\/jpeg"}],"twitter_card":"summary_large_image","twitter_misc":{"Est. reading time":"1 minut"},"schema":{"@context":"https:\/\/schema.org","@graph":[{"@type":"WebPage","@id":"https:\/\/espak.ee\/epood\/toode\/mini-nagi-classic-valge-tesa-3tk\/","url":"https:\/\/espak.ee\/epood\/toode\/mini-nagi-classic-valge-tesa-3tk\/","name":"MINI NAGI CLASSIC VALGE TESA 3TK - Espak E-pood","isPartOf":{"@id":"https:\/\/espak.ee\/epood\/#website"},"primaryImageOfPage":{"@id":"https:\/\/espak.ee\/epood\/toode\/mini-nagi-classic-valge-tesa-3tk\/#primaryimage"},"image":{"@id":"https:\/\/espak.ee\/epood\/toode\/mini-nagi-classic-valge-tesa-3tk\/#primaryimage"},"thumbnailUrl":"https:\/\/espak.ee\/epood\/wp-content\/uploads\/tesa_57530_LI404_pa_004.jpeg","datePublished":"2021-02-03T02:04:04+00:00","dateModified":"2025-01-05T17:36:52+00:00","breadcrumb":{"@id":"https:\/\/espak.ee\/epood\/toode\/mini-nagi-classic-valge-tesa-3tk\/#breadcrumb"},"inLanguage":"et","potentialAction":[{"@type":"ReadAction","target":["https:\/\/espak.ee\/epood\/toode\/mini-nagi-classic-valge-tesa-3tk\/"]}]},{"@type":"ImageObject","inLanguage":"et","@id":"https:\/\/espak.ee\/epood\/toode\/mini-nagi-classic-valge-tesa-3tk\/#primaryimage","url":"https:\/\/espak.ee\/epood\/wp-content\/uploads\/tesa_57530_LI404_pa_004.jpeg","contentUrl":"https:\/\/espak.ee\/epood\/wp-content\/uploads\/tesa_57530_LI404_pa_004.jpeg","width":2000,"height":2000,"caption":"57530-00130-01 4042448144874 tesa Powerstrips? hooks Small classic white"},{"@type":"BreadcrumbList","@id":"https:\/\/espak.ee\/epood\/toode\/mini-nagi-classic-valge-tesa-3tk\/#breadcrumb","itemListElement":[{"@type":"ListItem","position":1,"name":"Home","item":"https:\/\/espak.ee\/epood\/"},{"@type":"ListItem","position":2,"name":"Tootevalik","item":"https:\/\/espak.ee\/epood\/tootevalik\/"},{"@type":"ListItem","position":3,"name":"MINI NAGI CLASSIC VALGE TESA 3TK"}]},{"@type":"WebSite","@id":"https:\/\/espak.ee\/epood\/#website","url":"https:\/\/espak.ee\/epood\/","name":"Espak E-pood","description":"","potentialAction":[{"@type":"SearchAction","target":{"@type":"EntryPoint","urlTemplate":"https:\/\/espak.ee\/epood\/?s={search_term_string}"},"query-input":{"@type":"PropertyValueSpecification","valueRequired":true,"valueName":"search_term_string"}}],"inLanguage":"et"}]}},"_links":{"self":[{"href":"https:\/\/espak.ee\/epood\/wp-json\/wp\/v2\/product\/60200","targetHints":{"allow":["GET"]}}],"collection":[{"href":"https:\/\/espak.ee\/epood\/wp-json\/wp\/v2\/product"}],"about":[{"href":"https:\/\/espak.ee\/epood\/wp-json\/wp\/v2\/types\/product"}],"replies":[{"embeddable":true,"href":"https:\/\/espak.ee\/epood\/wp-json\/wp\/v2\/comments?post=60200"}],"wp:featuredmedia":[{"embeddable":true,"href":"https:\/\/espak.ee\/epood\/wp-json\/wp\/v2\/media\/62834"}],"wp:attachment":[{"href":"https:\/\/espak.ee\/epood\/wp-json\/wp\/v2\/media?parent=60200"}],"wp:term":[{"taxonomy":"product_brand","embeddable":true,"href":"https:\/\/espak.ee\/epood\/wp-json\/wp\/v2\/product_brand?post=60200"},{"taxonomy":"product_cat","embeddable":true,"href":"https:\/\/espak.ee\/epood\/wp-json\/wp\/v2\/product_cat?post=60200"},{"taxonomy":"product_tag","embeddable":true,"href":"https:\/\/espak.ee\/epood\/wp-json\/wp\/v2\/product_tag?post=60200"}],"curies":[{"name":"wp","href":"https:\/\/api.w.org\/{rel}","templated":true}]}}