{"id":60199,"date":"2021-02-03T02:03:28","date_gmt":"2021-02-03T02:03:28","guid":{"rendered":"https:\/\/espak.ee\/hinnakiri\/?post_type=product&#038;p=60199"},"modified":"2025-06-06T14:59:28","modified_gmt":"2025-06-06T11:59:28","slug":"nagi-classic-valge-tesa-2tk","status":"publish","type":"product","link":"https:\/\/espak.ee\/epood\/toode\/nagi-classic-valge-tesa-2tk\/","title":{"rendered":"NAGI CLASSIC VALGE TESA 2TK"},"content":{"rendered":"<div class=\"row\"  id=\"row-345798293\">\n\n\t<div id=\"col-1035050242\" class=\"col medium-9 small-12 large-9\"  >\n\t\t\t\t<div class=\"col-inner\"  >\n\t\t\t\n\t\t\t\n<h2>tesa Powerstrips\u00ae CLASSIC LARGE nagi<\/h2>\n<p>tesa Powerstrips Hooks Classic on eemaldatavad r\u00e4tikunagid. Kasutage neid kleebitavaid r\u00e4tikunagisid mitmek\u00fclgse lahendusena vannitoa ja k\u00f6\u00f6gi jaoks.<\/p>\n<div class=\"message-box relative\" style=\"padding-top:15px;padding-bottom:15px;\"><div class=\"message-box-bg-image bg-fill fill\" ><\/div><div class=\"message-box-bg-overlay bg-fill fill\" ><\/div><div class=\"container relative\"><div class=\"inner last-reset\">\n<div class=\"row align-middle align-center\"  id=\"row-831298192\">\n\n\t<div id=\"col-16062575\" class=\"col small-12 large-12\"  >\n\t\t\t\t<div class=\"col-inner text-left\"  >\n\t\t\t\n\t\t\t\n<h4>Omadused<\/h4>\n<div class=\"row\"  id=\"row-611231422\">\n\n\t<div id=\"col-1395671760\" class=\"col medium-6 small-12 large-6\"  >\n\t\t\t\t<div class=\"col-inner\"  >\n\t\t\t\n\t\t\t\n<p><i class=\"fa fa-check fa-2x\"><\/i> <strong>Lihtsalt paigaldatav puurimise, kruvide v\u00f5i naelteta<\/strong><\/p>\n<p><i class=\"fa fa-check fa-2x\"><\/i> <strong>Hoiab tugevalt kuni 2 kg raskusi esemeid<\/strong><\/p>\n\t\t<\/div>\n\t\t\t\t\n<style>\n#col-1395671760 > .col-inner {\n  margin: 0px 0px 15px 0px;\n}\n<\/style>\n\t<\/div>\n\n\t\n\n\t<div id=\"col-171776977\" class=\"col medium-6 small-12 large-6\"  >\n\t\t\t\t<div class=\"col-inner\"  >\n\t\t\t\n\t\t\t\n<p><i class=\"fa fa-check fa-2x\"><\/i> <strong>Eemaldatav j\u00e4lgi j\u00e4tmata t\u00e4nu ainulaadsele Powerstrips\u00ae-tehnoloogiale<\/strong><\/p>\n\t\t<\/div>\n\t\t\t\t\n<style>\n#col-171776977 > .col-inner {\n  margin: 0px 0px 15px 0px;\n}\n<\/style>\n\t<\/div>\n\n\t\n<\/div>\n\t\t<\/div>\n\t\t\t\t\t<\/div>\n\n\t\n<\/div>\n<\/div><\/div><\/div>\n\t<div id=\"gap-1593466515\" class=\"gap-element clearfix\" style=\"display:block; height:auto;\">\n\t\t\n<style>\n#gap-1593466515 {\n  padding-top: 30px;\n}\n<\/style>\n\t<\/div>\n\t\n<h3>Kasutamise \u00fcksikasjad<\/h3>\n<p><strong>P\u00f5hifunktsioonid:<\/strong> Lihtsalt paigaldatav puurimise, kruvide v\u00f5i naelteta. Hoiab tugevalt kuni 2 kg raskusi esemeid. Eemaldatav j\u00e4lgi j\u00e4tmata t\u00e4nu ainulaadsele Powerstrips\u00ae-tehnoloogiale. Valmistatud kvaliteetsest plastist 1 Kasutatav keraamilistel plaatidel, klaasil, puidul, plastil ja paljudel muudel pindadel*. Riputuskonksud on korduskasutatavad koos tesa Powerstrips\u00ae Large\u2019i ribaga. T\u00e4ielikult kaetud tesa Powerstrips\u00ae-iga.<br \/>\n*Ei sobi kasutamiseks st\u00fcroplasti, vahtmaterjalide, nakkumisvastase kattega pindade ja poorsete materjalide korral.<\/p>\n<p><strong>Tootekirjeldus:<\/strong> Ajatu v\u00e4limusega nagid tesa Powerstrips Hooks Classic sobivad iga moodsa kodu jaoks. Need on suured kleebitavad nagid ja m\u00f5eldud kuni 2 kg raskuste kandmiseks, sobides seega suurep\u00e4raselt r\u00e4tikunagiks vannitoas v\u00f5i k\u00f6\u00f6gis. Kleepige need lihtsalt igasugusele siledale ja k\u00f5vale pinnale1, ilma et peaksite auke puurima. Neid kleebitavaid nagisid on v\u00f5imalik ka eemaldada. T\u00f5mmake lihtsalt tesa Powerstrip \u00e4ra ja nagi tuleb seinalt j\u00e4lgi j\u00e4tmata \u00e4ra.<\/p>\n\t\t<\/div>\n\t\t\t\t\t<\/div>\n\n\t\n\n\t<div id=\"col-1574128081\" class=\"col medium-3 small-12 large-3\"  >\n\t\t\t\t<div class=\"col-inner\"  >\n\t\t\t\n\t\t\t\n\t<div id=\"gap-1352062415\" class=\"gap-element clearfix\" style=\"display:block; height:auto;\">\n\t\t\n<style>\n#gap-1352062415 {\n  padding-top: 30px;\n}\n<\/style>\n\t<\/div>\n\t\n<div class=\"is-divider divider clearfix\" ><\/div>\n<p><strong>\u00dcksikasjalikuma n\u00f5u saamiseks v\u00f5tke \u00fchendust:<br \/><\/strong>tesa tape UAB<br \/>Sepise 1<br \/>11415<br \/>Tallinn<br \/>+372 6401366<br \/><a href=\"https:\/\/www.tesa.com\/et-ee\/tavatarbija\/tesa-powerstrips-classic-large-nagi.html\" target=\"_blank\" rel=\"noopener noreferrer\">Vaata tooteinfot kodulehelt<\/a><\/p>\n<div class=\"is-divider divider clearfix\" ><\/div>\n\t\t<\/div>\n\t\t\t\t\t<\/div>\n\n\t\n<\/div>\n","protected":false},"excerpt":{"rendered":"","protected":false},"featured_media":62836,"comment_status":"closed","ping_status":"closed","template":"","meta":[],"product_brand":[],"product_cat":[3572,2819,3570,3571],"product_tag":[],"class_list":{"0":"post-60199","1":"product","2":"type-product","3":"status-publish","4":"has-post-thumbnail","6":"product_cat-nagid-topsid-ja-seebialused","7":"product_cat-sanitaartehnika","8":"product_cat-vannitoasisustus-sanitaartehnika","9":"product_cat-vannitoatarvikud","10":"pa_kaubamark-tesa-as","12":"first","13":"instock","14":"sale","15":"taxable","16":"shipping-taxable","17":"purchasable","18":"product-type-simple"},"yoast_head":"<!-- This site is optimized with the Yoast SEO plugin v26.9 - https:\/\/yoast.com\/product\/yoast-seo-wordpress\/ -->\n<title>NAGI CLASSIC VALGE TESA 2TK - Espak E-pood<\/title>\n<meta name=\"robots\" content=\"index, follow, max-snippet:-1, max-image-preview:large, max-video-preview:-1\" \/>\n<link rel=\"canonical\" href=\"https:\/\/espak.ee\/epood\/toode\/nagi-classic-valge-tesa-2tk\/\" \/>\n<meta property=\"og:locale\" content=\"et_EE\" \/>\n<meta property=\"og:type\" content=\"article\" \/>\n<meta property=\"og:title\" content=\"NAGI CLASSIC VALGE TESA 2TK - Espak E-pood\" \/>\n<meta property=\"og:url\" content=\"https:\/\/espak.ee\/epood\/toode\/nagi-classic-valge-tesa-2tk\/\" \/>\n<meta property=\"og:site_name\" content=\"Espak E-pood\" \/>\n<meta property=\"article:modified_time\" content=\"2025-06-06T11:59:28+00:00\" \/>\n<meta property=\"og:image\" content=\"https:\/\/espak.ee\/epood\/wp-content\/uploads\/tesa_58051_LI406_pa_005.jpg\" \/>\n\t<meta property=\"og:image:width\" content=\"2000\" \/>\n\t<meta property=\"og:image:height\" content=\"2000\" \/>\n\t<meta property=\"og:image:type\" content=\"image\/jpeg\" \/>\n<meta name=\"twitter:card\" content=\"summary_large_image\" \/>\n<meta name=\"twitter:label1\" content=\"Est. reading time\" \/>\n\t<meta name=\"twitter:data1\" content=\"1 minut\" \/>\n<script type=\"application\/ld+json\" class=\"yoast-schema-graph\">{\"@context\":\"https:\/\/schema.org\",\"@graph\":[{\"@type\":\"WebPage\",\"@id\":\"https:\/\/espak.ee\/epood\/toode\/nagi-classic-valge-tesa-2tk\/\",\"url\":\"https:\/\/espak.ee\/epood\/toode\/nagi-classic-valge-tesa-2tk\/\",\"name\":\"NAGI CLASSIC VALGE TESA 2TK - Espak E-pood\",\"isPartOf\":{\"@id\":\"https:\/\/espak.ee\/epood\/#website\"},\"primaryImageOfPage\":{\"@id\":\"https:\/\/espak.ee\/epood\/toode\/nagi-classic-valge-tesa-2tk\/#primaryimage\"},\"image\":{\"@id\":\"https:\/\/espak.ee\/epood\/toode\/nagi-classic-valge-tesa-2tk\/#primaryimage\"},\"thumbnailUrl\":\"https:\/\/espak.ee\/epood\/wp-content\/uploads\/tesa_58051_LI406_pa_005.jpg\",\"datePublished\":\"2021-02-03T02:03:28+00:00\",\"dateModified\":\"2025-06-06T11:59:28+00:00\",\"breadcrumb\":{\"@id\":\"https:\/\/espak.ee\/epood\/toode\/nagi-classic-valge-tesa-2tk\/#breadcrumb\"},\"inLanguage\":\"et\",\"potentialAction\":[{\"@type\":\"ReadAction\",\"target\":[\"https:\/\/espak.ee\/epood\/toode\/nagi-classic-valge-tesa-2tk\/\"]}]},{\"@type\":\"ImageObject\",\"inLanguage\":\"et\",\"@id\":\"https:\/\/espak.ee\/epood\/toode\/nagi-classic-valge-tesa-2tk\/#primaryimage\",\"url\":\"https:\/\/espak.ee\/epood\/wp-content\/uploads\/tesa_58051_LI406_pa_005.jpg\",\"contentUrl\":\"https:\/\/espak.ee\/epood\/wp-content\/uploads\/tesa_58051_LI406_pa_005.jpg\",\"width\":2000,\"height\":2000,\"caption\":\"58051-00010-01 4042448103994 tesa Powerstrips? hooks Large classic chrome\"},{\"@type\":\"BreadcrumbList\",\"@id\":\"https:\/\/espak.ee\/epood\/toode\/nagi-classic-valge-tesa-2tk\/#breadcrumb\",\"itemListElement\":[{\"@type\":\"ListItem\",\"position\":1,\"name\":\"Home\",\"item\":\"https:\/\/espak.ee\/epood\/\"},{\"@type\":\"ListItem\",\"position\":2,\"name\":\"Tootevalik\",\"item\":\"https:\/\/espak.ee\/epood\/tootevalik\/\"},{\"@type\":\"ListItem\",\"position\":3,\"name\":\"NAGI CLASSIC VALGE TESA 2TK\"}]},{\"@type\":\"WebSite\",\"@id\":\"https:\/\/espak.ee\/epood\/#website\",\"url\":\"https:\/\/espak.ee\/epood\/\",\"name\":\"Espak E-pood\",\"description\":\"\",\"potentialAction\":[{\"@type\":\"SearchAction\",\"target\":{\"@type\":\"EntryPoint\",\"urlTemplate\":\"https:\/\/espak.ee\/epood\/?s={search_term_string}\"},\"query-input\":{\"@type\":\"PropertyValueSpecification\",\"valueRequired\":true,\"valueName\":\"search_term_string\"}}],\"inLanguage\":\"et\"}]}<\/script>\n<!-- \/ Yoast SEO plugin. -->","yoast_head_json":{"title":"NAGI CLASSIC VALGE TESA 2TK - Espak E-pood","robots":{"index":"index","follow":"follow","max-snippet":"max-snippet:-1","max-image-preview":"max-image-preview:large","max-video-preview":"max-video-preview:-1"},"canonical":"https:\/\/espak.ee\/epood\/toode\/nagi-classic-valge-tesa-2tk\/","og_locale":"et_EE","og_type":"article","og_title":"NAGI CLASSIC VALGE TESA 2TK - Espak E-pood","og_url":"https:\/\/espak.ee\/epood\/toode\/nagi-classic-valge-tesa-2tk\/","og_site_name":"Espak E-pood","article_modified_time":"2025-06-06T11:59:28+00:00","og_image":[{"width":2000,"height":2000,"url":"https:\/\/espak.ee\/epood\/wp-content\/uploads\/tesa_58051_LI406_pa_005.jpg","type":"image\/jpeg"}],"twitter_card":"summary_large_image","twitter_misc":{"Est. reading time":"1 minut"},"schema":{"@context":"https:\/\/schema.org","@graph":[{"@type":"WebPage","@id":"https:\/\/espak.ee\/epood\/toode\/nagi-classic-valge-tesa-2tk\/","url":"https:\/\/espak.ee\/epood\/toode\/nagi-classic-valge-tesa-2tk\/","name":"NAGI CLASSIC VALGE TESA 2TK - Espak E-pood","isPartOf":{"@id":"https:\/\/espak.ee\/epood\/#website"},"primaryImageOfPage":{"@id":"https:\/\/espak.ee\/epood\/toode\/nagi-classic-valge-tesa-2tk\/#primaryimage"},"image":{"@id":"https:\/\/espak.ee\/epood\/toode\/nagi-classic-valge-tesa-2tk\/#primaryimage"},"thumbnailUrl":"https:\/\/espak.ee\/epood\/wp-content\/uploads\/tesa_58051_LI406_pa_005.jpg","datePublished":"2021-02-03T02:03:28+00:00","dateModified":"2025-06-06T11:59:28+00:00","breadcrumb":{"@id":"https:\/\/espak.ee\/epood\/toode\/nagi-classic-valge-tesa-2tk\/#breadcrumb"},"inLanguage":"et","potentialAction":[{"@type":"ReadAction","target":["https:\/\/espak.ee\/epood\/toode\/nagi-classic-valge-tesa-2tk\/"]}]},{"@type":"ImageObject","inLanguage":"et","@id":"https:\/\/espak.ee\/epood\/toode\/nagi-classic-valge-tesa-2tk\/#primaryimage","url":"https:\/\/espak.ee\/epood\/wp-content\/uploads\/tesa_58051_LI406_pa_005.jpg","contentUrl":"https:\/\/espak.ee\/epood\/wp-content\/uploads\/tesa_58051_LI406_pa_005.jpg","width":2000,"height":2000,"caption":"58051-00010-01 4042448103994 tesa Powerstrips? hooks Large classic chrome"},{"@type":"BreadcrumbList","@id":"https:\/\/espak.ee\/epood\/toode\/nagi-classic-valge-tesa-2tk\/#breadcrumb","itemListElement":[{"@type":"ListItem","position":1,"name":"Home","item":"https:\/\/espak.ee\/epood\/"},{"@type":"ListItem","position":2,"name":"Tootevalik","item":"https:\/\/espak.ee\/epood\/tootevalik\/"},{"@type":"ListItem","position":3,"name":"NAGI CLASSIC VALGE TESA 2TK"}]},{"@type":"WebSite","@id":"https:\/\/espak.ee\/epood\/#website","url":"https:\/\/espak.ee\/epood\/","name":"Espak E-pood","description":"","potentialAction":[{"@type":"SearchAction","target":{"@type":"EntryPoint","urlTemplate":"https:\/\/espak.ee\/epood\/?s={search_term_string}"},"query-input":{"@type":"PropertyValueSpecification","valueRequired":true,"valueName":"search_term_string"}}],"inLanguage":"et"}]}},"_links":{"self":[{"href":"https:\/\/espak.ee\/epood\/wp-json\/wp\/v2\/product\/60199","targetHints":{"allow":["GET"]}}],"collection":[{"href":"https:\/\/espak.ee\/epood\/wp-json\/wp\/v2\/product"}],"about":[{"href":"https:\/\/espak.ee\/epood\/wp-json\/wp\/v2\/types\/product"}],"replies":[{"embeddable":true,"href":"https:\/\/espak.ee\/epood\/wp-json\/wp\/v2\/comments?post=60199"}],"wp:featuredmedia":[{"embeddable":true,"href":"https:\/\/espak.ee\/epood\/wp-json\/wp\/v2\/media\/62836"}],"wp:attachment":[{"href":"https:\/\/espak.ee\/epood\/wp-json\/wp\/v2\/media?parent=60199"}],"wp:term":[{"taxonomy":"product_brand","embeddable":true,"href":"https:\/\/espak.ee\/epood\/wp-json\/wp\/v2\/product_brand?post=60199"},{"taxonomy":"product_cat","embeddable":true,"href":"https:\/\/espak.ee\/epood\/wp-json\/wp\/v2\/product_cat?post=60199"},{"taxonomy":"product_tag","embeddable":true,"href":"https:\/\/espak.ee\/epood\/wp-json\/wp\/v2\/product_tag?post=60199"}],"curies":[{"name":"wp","href":"https:\/\/api.w.org\/{rel}","templated":true}]}}