{"id":58806,"date":"2021-01-21T06:43:33","date_gmt":"2021-01-21T06:43:33","guid":{"rendered":"https:\/\/espak.ee\/hinnakiri\/?post_type=product&#038;p=58806"},"modified":"2024-03-23T14:14:33","modified_gmt":"2024-03-23T12:14:33","slug":"kolar-makita-dmr203b","status":"publish","type":"product","link":"https:\/\/espak.ee\/epood\/toode\/kolar-makita-dmr203b\/","title":{"rendered":"K\u00d5LAR MAKITA DMR203B"},"content":{"rendered":"<div class=\"row\"  id=\"row-2117244639\">\n\n\t<div id=\"col-1475647729\" class=\"col medium-9 small-12 large-9\"  >\n\t\t\t\t<div class=\"col-inner\"  >\n\t\t\t\n\t\t\t\n<h3>Bluetooth k\u00f5lar Makita <\/h3>\n<p>Stiilse musta korpusega akutrell.<br \/>\nKerge, mugav, v\u00f5imas ja kompaktne.<br \/>\n Lugude esitamist ja muusika valimist v\u00f5imaldavad suured juhtnupud. V\u00e4rviline LCD ekraan mis kuvab kuulatavat pala.<br \/>\n Mobiiltelefoni laegas, kus saab mobiiltelefoni hoida ja laadida.<br \/>\n IP65 kaitseklass, Bluetooth, USB.<br \/>\n Lame mobiilipaneel takistab mobiilseadme libisemist.<br \/>\n Elastomeerkaitsmed kaitsevad seadet l\u00f6\u00f6kide eest.<br \/>\nAC\/DC &#8211; k\u00f5larit v\u00f5imalik kasutada kaasas oleva 220V adapteri v\u00f5i Makita akudega.<br \/>\n LCD ekraan.<br \/>\n Sobilikud akud on: CXT seeria akud 10,8\/12V Max, LXT seeria akud 14,4\/18 V.<br \/>\n Ei t\u00f6\u00f6ta Makita G-seeria akudega!<\/p>\n<div class=\"message-box relative\" style=\"padding-top:15px;padding-bottom:15px;\"><div class=\"message-box-bg-image bg-fill fill\" ><\/div><div class=\"message-box-bg-overlay bg-fill fill\" ><\/div><div class=\"container relative\"><div class=\"inner last-reset\">\n<div class=\"row\"  id=\"row-106598423\">\n\n\t<div id=\"col-157370969\" class=\"col medium-6 small-12 large-6\"  >\n\t\t\t\t<div class=\"col-inner\"  >\n\t\t\t\n\t\t\t\n<p><i class=\"fa fa-check fa-2x\"><\/i><strong> Bluetooth 4.0 v\u00f5imaldab luua \u00fchenduse kuni 10 m kaugusel asuvate kaasaskantavate seadmetega<\/strong><\/p>\n\t\t<\/div>\n\t\t\t\t\n<style>\n#col-157370969 > .col-inner {\n  margin: 0px 0px 15px 0px;\n}\n<\/style>\n\t<\/div>\n\n\t\n\n\t<div id=\"col-570498319\" class=\"col medium-6 small-12 large-6\"  >\n\t\t\t\t<div class=\"col-inner\"  >\n\t\t\t\n\t\t\t\n<p><i class=\"fa fa-check fa-2x\"><\/i><strong> Kaks toitev\u00f5imalust: CXT\/LXT Li-Ion-aku (10,8\/14,4\/18 V) v\u00f5i v\u00f5rgutoiteadapter.<\/strong><\/p>\n\t\t<\/div>\n\t\t\t\t\n<style>\n#col-570498319 > .col-inner {\n  margin: 0px 0px 15px 0px;\n}\n<\/style>\n\t<\/div>\n\n\t\n<\/div>\n<\/div><\/div><\/div>\n\t<div id=\"gap-1316759061\" class=\"gap-element clearfix\" style=\"display:block; height:auto;\">\n\t\t\n<style>\n#gap-1316759061 {\n  padding-top: 30px;\n}\n<\/style>\n\t<\/div>\n\t\n<p>Aku ja laadijata mudel \u2013 tarnitakse ilma akuta ja laadimisseadmeta.<\/p>\n\t\t<\/div>\n\t\t\t\t\t<\/div>\n\n\t\n\n\t<div id=\"col-742788408\" class=\"col medium-3 small-12 large-3\"  >\n\t\t\t\t<div class=\"col-inner\"  >\n\t\t\t\n\t\t\t\n\t<div id=\"gap-1190524321\" class=\"gap-element clearfix\" style=\"display:block; height:auto;\">\n\t\t\n<style>\n#gap-1190524321 {\n  padding-top: 30px;\n}\n<\/style>\n\t<\/div>\n\t\n<h3>Kasutusjuhend<\/h3>\n<p><a href=\"https:\/\/espak.ee\/epood\/wp-content\/uploads\/DMR203B-kasutusjuhend.pdf\" target=\"_blank\" rel=\"noopener noreferrer\"><i class=\"far fa-file-pdf\"><\/i> Kasutusjuhend (PDF)<\/a><\/p>\n<div class=\"is-divider divider clearfix\" ><\/div>\n<p><strong>\u00dcksikasjalikuma n\u00f5u saamiseks v\u00f5tke \u00fchendust:<br \/><\/strong>Espak AS<br \/>Viadukti 42<br \/>11313<br \/>Tallinn<br \/> T\u00f6\u00f6riista osakond +372 6512 335<br \/><a href=\"mailto:tooriist@espak.ee\">tooriist@espak.ee<\/a><\/p>\n\t\t<\/div>\n\t\t\t\t\t<\/div>\n\n\t\n<\/div>\n","protected":false},"excerpt":{"rendered":"","protected":false},"featured_media":58972,"comment_status":"closed","ping_status":"closed","template":"","meta":[],"product_brand":[],"product_cat":[2733,2680,2754,2679],"product_tag":[],"class_list":{"0":"post-58806","1":"product","2":"type-product","3":"status-publish","4":"has-post-thumbnail","6":"product_cat-akutooriistad","7":"product_cat-elektritooriistad","8":"product_cat-raadiod","9":"product_cat-tooriistad","10":"pa_kaubamark-makita","12":"first","13":"instock","14":"sale","15":"taxable","16":"shipping-taxable","17":"purchasable","18":"product-type-simple"},"yoast_head":"<!-- This site is optimized with the Yoast SEO plugin v26.9 - https:\/\/yoast.com\/product\/yoast-seo-wordpress\/ -->\n<title>K\u00d5LAR MAKITA DMR203B - Espak E-pood<\/title>\n<meta name=\"robots\" content=\"index, follow, max-snippet:-1, max-image-preview:large, max-video-preview:-1\" \/>\n<link rel=\"canonical\" href=\"https:\/\/espak.ee\/epood\/toode\/kolar-makita-dmr203b\/\" \/>\n<meta property=\"og:locale\" content=\"et_EE\" \/>\n<meta property=\"og:type\" content=\"article\" \/>\n<meta property=\"og:title\" content=\"K\u00d5LAR MAKITA DMR203B - Espak E-pood\" \/>\n<meta property=\"og:url\" content=\"https:\/\/espak.ee\/epood\/toode\/kolar-makita-dmr203b\/\" \/>\n<meta property=\"og:site_name\" content=\"Espak E-pood\" \/>\n<meta property=\"article:modified_time\" content=\"2024-03-23T12:14:33+00:00\" \/>\n<meta property=\"og:image\" content=\"https:\/\/espak.ee\/epood\/wp-content\/uploads\/DMR203B_C2L0.jpg\" \/>\n\t<meta property=\"og:image:width\" content=\"973\" \/>\n\t<meta property=\"og:image:height\" content=\"1000\" \/>\n\t<meta property=\"og:image:type\" content=\"image\/jpeg\" \/>\n<meta name=\"twitter:card\" content=\"summary_large_image\" \/>\n<meta name=\"twitter:label1\" content=\"Est. reading time\" \/>\n\t<meta name=\"twitter:data1\" content=\"1 minut\" \/>\n<script type=\"application\/ld+json\" class=\"yoast-schema-graph\">{\"@context\":\"https:\/\/schema.org\",\"@graph\":[{\"@type\":\"WebPage\",\"@id\":\"https:\/\/espak.ee\/epood\/toode\/kolar-makita-dmr203b\/\",\"url\":\"https:\/\/espak.ee\/epood\/toode\/kolar-makita-dmr203b\/\",\"name\":\"K\u00d5LAR MAKITA DMR203B - Espak E-pood\",\"isPartOf\":{\"@id\":\"https:\/\/espak.ee\/epood\/#website\"},\"primaryImageOfPage\":{\"@id\":\"https:\/\/espak.ee\/epood\/toode\/kolar-makita-dmr203b\/#primaryimage\"},\"image\":{\"@id\":\"https:\/\/espak.ee\/epood\/toode\/kolar-makita-dmr203b\/#primaryimage\"},\"thumbnailUrl\":\"https:\/\/espak.ee\/epood\/wp-content\/uploads\/DMR203B_C2L0.jpg\",\"datePublished\":\"2021-01-21T06:43:33+00:00\",\"dateModified\":\"2024-03-23T12:14:33+00:00\",\"breadcrumb\":{\"@id\":\"https:\/\/espak.ee\/epood\/toode\/kolar-makita-dmr203b\/#breadcrumb\"},\"inLanguage\":\"et\",\"potentialAction\":[{\"@type\":\"ReadAction\",\"target\":[\"https:\/\/espak.ee\/epood\/toode\/kolar-makita-dmr203b\/\"]}]},{\"@type\":\"ImageObject\",\"inLanguage\":\"et\",\"@id\":\"https:\/\/espak.ee\/epood\/toode\/kolar-makita-dmr203b\/#primaryimage\",\"url\":\"https:\/\/espak.ee\/epood\/wp-content\/uploads\/DMR203B_C2L0.jpg\",\"contentUrl\":\"https:\/\/espak.ee\/epood\/wp-content\/uploads\/DMR203B_C2L0.jpg\",\"width\":973,\"height\":1000},{\"@type\":\"BreadcrumbList\",\"@id\":\"https:\/\/espak.ee\/epood\/toode\/kolar-makita-dmr203b\/#breadcrumb\",\"itemListElement\":[{\"@type\":\"ListItem\",\"position\":1,\"name\":\"Home\",\"item\":\"https:\/\/espak.ee\/epood\/\"},{\"@type\":\"ListItem\",\"position\":2,\"name\":\"Tootevalik\",\"item\":\"https:\/\/espak.ee\/epood\/tootevalik\/\"},{\"@type\":\"ListItem\",\"position\":3,\"name\":\"K\u00d5LAR MAKITA DMR203B\"}]},{\"@type\":\"WebSite\",\"@id\":\"https:\/\/espak.ee\/epood\/#website\",\"url\":\"https:\/\/espak.ee\/epood\/\",\"name\":\"Espak E-pood\",\"description\":\"\",\"potentialAction\":[{\"@type\":\"SearchAction\",\"target\":{\"@type\":\"EntryPoint\",\"urlTemplate\":\"https:\/\/espak.ee\/epood\/?s={search_term_string}\"},\"query-input\":{\"@type\":\"PropertyValueSpecification\",\"valueRequired\":true,\"valueName\":\"search_term_string\"}}],\"inLanguage\":\"et\"}]}<\/script>\n<!-- \/ Yoast SEO plugin. -->","yoast_head_json":{"title":"K\u00d5LAR MAKITA DMR203B - Espak E-pood","robots":{"index":"index","follow":"follow","max-snippet":"max-snippet:-1","max-image-preview":"max-image-preview:large","max-video-preview":"max-video-preview:-1"},"canonical":"https:\/\/espak.ee\/epood\/toode\/kolar-makita-dmr203b\/","og_locale":"et_EE","og_type":"article","og_title":"K\u00d5LAR MAKITA DMR203B - Espak E-pood","og_url":"https:\/\/espak.ee\/epood\/toode\/kolar-makita-dmr203b\/","og_site_name":"Espak E-pood","article_modified_time":"2024-03-23T12:14:33+00:00","og_image":[{"width":973,"height":1000,"url":"https:\/\/espak.ee\/epood\/wp-content\/uploads\/DMR203B_C2L0.jpg","type":"image\/jpeg"}],"twitter_card":"summary_large_image","twitter_misc":{"Est. reading time":"1 minut"},"schema":{"@context":"https:\/\/schema.org","@graph":[{"@type":"WebPage","@id":"https:\/\/espak.ee\/epood\/toode\/kolar-makita-dmr203b\/","url":"https:\/\/espak.ee\/epood\/toode\/kolar-makita-dmr203b\/","name":"K\u00d5LAR MAKITA DMR203B - Espak E-pood","isPartOf":{"@id":"https:\/\/espak.ee\/epood\/#website"},"primaryImageOfPage":{"@id":"https:\/\/espak.ee\/epood\/toode\/kolar-makita-dmr203b\/#primaryimage"},"image":{"@id":"https:\/\/espak.ee\/epood\/toode\/kolar-makita-dmr203b\/#primaryimage"},"thumbnailUrl":"https:\/\/espak.ee\/epood\/wp-content\/uploads\/DMR203B_C2L0.jpg","datePublished":"2021-01-21T06:43:33+00:00","dateModified":"2024-03-23T12:14:33+00:00","breadcrumb":{"@id":"https:\/\/espak.ee\/epood\/toode\/kolar-makita-dmr203b\/#breadcrumb"},"inLanguage":"et","potentialAction":[{"@type":"ReadAction","target":["https:\/\/espak.ee\/epood\/toode\/kolar-makita-dmr203b\/"]}]},{"@type":"ImageObject","inLanguage":"et","@id":"https:\/\/espak.ee\/epood\/toode\/kolar-makita-dmr203b\/#primaryimage","url":"https:\/\/espak.ee\/epood\/wp-content\/uploads\/DMR203B_C2L0.jpg","contentUrl":"https:\/\/espak.ee\/epood\/wp-content\/uploads\/DMR203B_C2L0.jpg","width":973,"height":1000},{"@type":"BreadcrumbList","@id":"https:\/\/espak.ee\/epood\/toode\/kolar-makita-dmr203b\/#breadcrumb","itemListElement":[{"@type":"ListItem","position":1,"name":"Home","item":"https:\/\/espak.ee\/epood\/"},{"@type":"ListItem","position":2,"name":"Tootevalik","item":"https:\/\/espak.ee\/epood\/tootevalik\/"},{"@type":"ListItem","position":3,"name":"K\u00d5LAR MAKITA DMR203B"}]},{"@type":"WebSite","@id":"https:\/\/espak.ee\/epood\/#website","url":"https:\/\/espak.ee\/epood\/","name":"Espak E-pood","description":"","potentialAction":[{"@type":"SearchAction","target":{"@type":"EntryPoint","urlTemplate":"https:\/\/espak.ee\/epood\/?s={search_term_string}"},"query-input":{"@type":"PropertyValueSpecification","valueRequired":true,"valueName":"search_term_string"}}],"inLanguage":"et"}]}},"_links":{"self":[{"href":"https:\/\/espak.ee\/epood\/wp-json\/wp\/v2\/product\/58806","targetHints":{"allow":["GET"]}}],"collection":[{"href":"https:\/\/espak.ee\/epood\/wp-json\/wp\/v2\/product"}],"about":[{"href":"https:\/\/espak.ee\/epood\/wp-json\/wp\/v2\/types\/product"}],"replies":[{"embeddable":true,"href":"https:\/\/espak.ee\/epood\/wp-json\/wp\/v2\/comments?post=58806"}],"wp:featuredmedia":[{"embeddable":true,"href":"https:\/\/espak.ee\/epood\/wp-json\/wp\/v2\/media\/58972"}],"wp:attachment":[{"href":"https:\/\/espak.ee\/epood\/wp-json\/wp\/v2\/media?parent=58806"}],"wp:term":[{"taxonomy":"product_brand","embeddable":true,"href":"https:\/\/espak.ee\/epood\/wp-json\/wp\/v2\/product_brand?post=58806"},{"taxonomy":"product_cat","embeddable":true,"href":"https:\/\/espak.ee\/epood\/wp-json\/wp\/v2\/product_cat?post=58806"},{"taxonomy":"product_tag","embeddable":true,"href":"https:\/\/espak.ee\/epood\/wp-json\/wp\/v2\/product_tag?post=58806"}],"curies":[{"name":"wp","href":"https:\/\/api.w.org\/{rel}","templated":true}]}}