{"id":5764,"date":"2019-05-16T02:20:07","date_gmt":"2019-05-15T23:20:07","guid":{"rendered":"https:\/\/espak.ee\/hinnakiri\/?post_type=product&#038;p=5764"},"modified":"2026-03-21T10:00:26","modified_gmt":"2026-03-21T08:00:26","slug":"universaalne-puhastusvaht-aerosool-soudal-400ml","status":"publish","type":"product","link":"https:\/\/espak.ee\/epood\/toode\/universaalne-puhastusvaht-aerosool-soudal-400ml\/","title":{"rendered":"UNIVERSAALNE PUHASTUSVAHT AEROSOOL SOUDAL 400ML"},"content":{"rendered":"<div class=\"row\"  id=\"row-414287856\">\n\n\t<div id=\"col-1985747832\" class=\"col medium-9 small-12 large-9\"  >\n\t\t\t\t<div class=\"col-inner\"  >\n\t\t\t\n\t\t\t\n<p>Universaalne puhastusvaht aerosoolballoonis.<\/p>\n<div class=\"message-box relative\" style=\"padding-top:15px;padding-bottom:15px;\"><div class=\"message-box-bg-image bg-fill fill\" ><\/div><div class=\"message-box-bg-overlay bg-fill fill\" ><\/div><div class=\"container relative\"><div class=\"inner last-reset\">\n<div class=\"row align-middle align-center\"  id=\"row-1743179292\">\n\n\t<div id=\"col-1769200773\" class=\"col small-12 large-12\"  >\n\t\t\t\t<div class=\"col-inner text-left\"  >\n\t\t\t\n\t\t\t\n<h4>Omadused<\/h4>\n<div class=\"row\"  id=\"row-1875833232\">\n\n\t<div id=\"col-1980737549\" class=\"col medium-6 small-12 large-6\"  >\n\t\t\t\t<div class=\"col-inner\"  >\n\t\t\t\n\t\t\t\n<p><i class=\"far fa-check-circle fa-2x\"><\/i><strong> Puhastab ja eemaldab rasva <\/strong><\/p>\n<p><strong><i class=\"far fa-check-circle fa-2x\"><\/i>\u00a0H\u00e4sti lahustuv<\/strong><\/p>\n\t\t<\/div>\n\t\t\t\t\n<style>\n#col-1980737549 > .col-inner {\n  margin: 0px 0px 15px 0px;\n}\n<\/style>\n\t<\/div>\n\n\t\n\n\t<div id=\"col-1633390872\" class=\"col medium-6 small-12 large-6\"  >\n\t\t\t\t<div class=\"col-inner\"  >\n\t\t\t\n\t\t\t\n<p><i class=\"far fa-check-circle fa-2x\"><\/i><strong> Mittetilkuv<\/strong><\/p>\n<p><strong><i class=\"far fa-check-circle fa-2x\"><\/i> Ei j\u00e4ta j\u00e4\u00e4ke<\/strong><\/p>\n\t\t<\/div>\n\t\t\t\t\n<style>\n#col-1633390872 > .col-inner {\n  margin: 0px 0px 15px 0px;\n}\n<\/style>\n\t<\/div>\n\n\t\n<\/div>\n\t\t<\/div>\n\t\t\t\t\t<\/div>\n\n\t\n<\/div>\n<\/div><\/div><\/div>\n\t<div id=\"gap-780148631\" class=\"gap-element clearfix\" style=\"display:block; height:auto;\">\n\t\t\n<style>\n#gap-780148631 {\n  padding-top: 30px;\n}\n<\/style>\n\t<\/div>\n\t\n<h3>Kasutamise \u00fcksikasjad<\/h3>\n<p><strong>Kasutamine: <\/strong>Parima tulemuse jaoks hoida aerosoolballooni enne kasutamist toatemperatuuril. Enne kasutamist korralikult loksutada ja pihustada Multi Cleanerit puhastatavale pinnale. Lasta toimida umbes 20 sekundit ning p\u00fchkida hoolikalt pind kuivaks. Enne kasutamist on soovitav l\u00e4bi viia sobivustest.<\/p>\n<p><strong>S\u00e4ilivusaeg:<\/strong> 3 aastat avamata pakendis jahedas ja kuivas kohas temperatuuride vahemikus +5\u00b0C kuni +25\u00b0C<\/p>\n<p><strong>Tervise- ja ohutusn\u00f5uded: <\/strong>Kasutada h\u00e4stiventileeritud kohas. Toote sattumisel silma loputada viivitamatult rohke veega.<\/p>\n\t\t<\/div>\n\t\t\t\t\t<\/div>\n\n\t\n\n\t<div id=\"col-234831898\" class=\"col medium-3 small-12 large-3\"  >\n\t\t\t\t<div class=\"col-inner\"  >\n\t\t\t\n\t\t\t\n\t<div id=\"gap-595974599\" class=\"gap-element clearfix\" style=\"display:block; height:auto;\">\n\t\t\n<style>\n#gap-595974599 {\n  padding-top: 30px;\n}\n<\/style>\n\t<\/div>\n\t\n<h3>Tehniline informatsioon<\/h3>\n<p><a href=\"https:\/\/espak.ee\/epood\/wp-content\/uploads\/271_c7ee2a0a7239a563438f26304e23717a.pdf\" target=\"_blank\" rel=\"noopener noreferrer\"><i class=\"far fa-file-pdf\"><\/i> Tehniline info (PDF)<\/a><\/p>\n<div class=\"is-divider divider clearfix\" ><\/div>\n<p><strong>\u00dcksikasjalikuma n\u00f5u saamiseks v\u00f5tke \u00fchendust:<br \/><\/strong>SOUDAL AS\ufeff<br \/>Haraka tn. 5<br \/>11311<br \/>Tallinn<br \/>+ 372 655 1851<\/p>\n\t\t<\/div>\n\t\t\t\t\t<\/div>\n\n\t\n<\/div>\n","protected":false},"excerpt":{"rendered":"","protected":false},"featured_media":5987,"comment_status":"closed","ping_status":"open","template":"","meta":[],"product_brand":[],"product_cat":[2691,3441,2684,2683],"product_tag":[],"class_list":{"0":"post-5764","1":"product","2":"type-product","3":"status-publish","4":"has-post-thumbnail","6":"product_cat-lahustid","7":"product_cat-lahustid-ja-pesuained","8":"product_cat-varvid-lakid-lahustid-puidukaitsed-olid","9":"product_cat-viimistluskaubad","10":"product_shipping_class-dpd-cold","11":"pa_kaubamark-soudal-as","13":"first","14":"instock","15":"sale","16":"taxable","17":"shipping-taxable","18":"purchasable","19":"product-type-simple"},"yoast_head":"<!-- This site is optimized with the Yoast SEO plugin v26.9 - https:\/\/yoast.com\/product\/yoast-seo-wordpress\/ -->\n<title>UNIVERSAALNE PUHASTUSVAHT AEROSOOL SOUDAL 400ML - Espak E-pood<\/title>\n<meta name=\"robots\" content=\"index, follow, max-snippet:-1, max-image-preview:large, max-video-preview:-1\" \/>\n<link rel=\"canonical\" href=\"https:\/\/espak.ee\/epood\/toode\/universaalne-puhastusvaht-aerosool-soudal-400ml\/\" \/>\n<meta property=\"og:locale\" content=\"et_EE\" \/>\n<meta property=\"og:type\" content=\"article\" \/>\n<meta property=\"og:title\" content=\"UNIVERSAALNE PUHASTUSVAHT AEROSOOL SOUDAL 400ML - Espak E-pood\" \/>\n<meta property=\"og:url\" content=\"https:\/\/espak.ee\/epood\/toode\/universaalne-puhastusvaht-aerosool-soudal-400ml\/\" \/>\n<meta property=\"og:site_name\" content=\"Espak E-pood\" \/>\n<meta property=\"article:modified_time\" content=\"2026-03-21T08:00:26+00:00\" \/>\n<meta property=\"og:image\" content=\"https:\/\/espak.ee\/epood\/wp-content\/uploads\/Multi-Cleaner.jpg\" \/>\n\t<meta property=\"og:image:width\" content=\"2048\" \/>\n\t<meta property=\"og:image:height\" content=\"2048\" \/>\n\t<meta property=\"og:image:type\" content=\"image\/jpeg\" \/>\n<meta name=\"twitter:card\" content=\"summary_large_image\" \/>\n<meta name=\"twitter:label1\" content=\"Est. reading time\" \/>\n\t<meta name=\"twitter:data1\" content=\"1 minut\" \/>\n<script type=\"application\/ld+json\" class=\"yoast-schema-graph\">{\"@context\":\"https:\/\/schema.org\",\"@graph\":[{\"@type\":\"WebPage\",\"@id\":\"https:\/\/espak.ee\/epood\/toode\/universaalne-puhastusvaht-aerosool-soudal-400ml\/\",\"url\":\"https:\/\/espak.ee\/epood\/toode\/universaalne-puhastusvaht-aerosool-soudal-400ml\/\",\"name\":\"UNIVERSAALNE PUHASTUSVAHT AEROSOOL SOUDAL 400ML - Espak E-pood\",\"isPartOf\":{\"@id\":\"https:\/\/espak.ee\/epood\/#website\"},\"primaryImageOfPage\":{\"@id\":\"https:\/\/espak.ee\/epood\/toode\/universaalne-puhastusvaht-aerosool-soudal-400ml\/#primaryimage\"},\"image\":{\"@id\":\"https:\/\/espak.ee\/epood\/toode\/universaalne-puhastusvaht-aerosool-soudal-400ml\/#primaryimage\"},\"thumbnailUrl\":\"https:\/\/espak.ee\/epood\/wp-content\/uploads\/Multi-Cleaner.jpg\",\"datePublished\":\"2019-05-15T23:20:07+00:00\",\"dateModified\":\"2026-03-21T08:00:26+00:00\",\"breadcrumb\":{\"@id\":\"https:\/\/espak.ee\/epood\/toode\/universaalne-puhastusvaht-aerosool-soudal-400ml\/#breadcrumb\"},\"inLanguage\":\"et\",\"potentialAction\":[{\"@type\":\"ReadAction\",\"target\":[\"https:\/\/espak.ee\/epood\/toode\/universaalne-puhastusvaht-aerosool-soudal-400ml\/\"]}]},{\"@type\":\"ImageObject\",\"inLanguage\":\"et\",\"@id\":\"https:\/\/espak.ee\/epood\/toode\/universaalne-puhastusvaht-aerosool-soudal-400ml\/#primaryimage\",\"url\":\"https:\/\/espak.ee\/epood\/wp-content\/uploads\/Multi-Cleaner.jpg\",\"contentUrl\":\"https:\/\/espak.ee\/epood\/wp-content\/uploads\/Multi-Cleaner.jpg\",\"width\":2048,\"height\":2048},{\"@type\":\"BreadcrumbList\",\"@id\":\"https:\/\/espak.ee\/epood\/toode\/universaalne-puhastusvaht-aerosool-soudal-400ml\/#breadcrumb\",\"itemListElement\":[{\"@type\":\"ListItem\",\"position\":1,\"name\":\"Home\",\"item\":\"https:\/\/espak.ee\/epood\/\"},{\"@type\":\"ListItem\",\"position\":2,\"name\":\"Tootevalik\",\"item\":\"https:\/\/espak.ee\/epood\/tootevalik\/\"},{\"@type\":\"ListItem\",\"position\":3,\"name\":\"UNIVERSAALNE PUHASTUSVAHT AEROSOOL SOUDAL 400ML\"}]},{\"@type\":\"WebSite\",\"@id\":\"https:\/\/espak.ee\/epood\/#website\",\"url\":\"https:\/\/espak.ee\/epood\/\",\"name\":\"Espak E-pood\",\"description\":\"\",\"potentialAction\":[{\"@type\":\"SearchAction\",\"target\":{\"@type\":\"EntryPoint\",\"urlTemplate\":\"https:\/\/espak.ee\/epood\/?s={search_term_string}\"},\"query-input\":{\"@type\":\"PropertyValueSpecification\",\"valueRequired\":true,\"valueName\":\"search_term_string\"}}],\"inLanguage\":\"et\"}]}<\/script>\n<!-- \/ Yoast SEO plugin. -->","yoast_head_json":{"title":"UNIVERSAALNE PUHASTUSVAHT AEROSOOL SOUDAL 400ML - Espak E-pood","robots":{"index":"index","follow":"follow","max-snippet":"max-snippet:-1","max-image-preview":"max-image-preview:large","max-video-preview":"max-video-preview:-1"},"canonical":"https:\/\/espak.ee\/epood\/toode\/universaalne-puhastusvaht-aerosool-soudal-400ml\/","og_locale":"et_EE","og_type":"article","og_title":"UNIVERSAALNE PUHASTUSVAHT AEROSOOL SOUDAL 400ML - Espak E-pood","og_url":"https:\/\/espak.ee\/epood\/toode\/universaalne-puhastusvaht-aerosool-soudal-400ml\/","og_site_name":"Espak E-pood","article_modified_time":"2026-03-21T08:00:26+00:00","og_image":[{"width":2048,"height":2048,"url":"https:\/\/espak.ee\/epood\/wp-content\/uploads\/Multi-Cleaner.jpg","type":"image\/jpeg"}],"twitter_card":"summary_large_image","twitter_misc":{"Est. reading time":"1 minut"},"schema":{"@context":"https:\/\/schema.org","@graph":[{"@type":"WebPage","@id":"https:\/\/espak.ee\/epood\/toode\/universaalne-puhastusvaht-aerosool-soudal-400ml\/","url":"https:\/\/espak.ee\/epood\/toode\/universaalne-puhastusvaht-aerosool-soudal-400ml\/","name":"UNIVERSAALNE PUHASTUSVAHT AEROSOOL SOUDAL 400ML - Espak E-pood","isPartOf":{"@id":"https:\/\/espak.ee\/epood\/#website"},"primaryImageOfPage":{"@id":"https:\/\/espak.ee\/epood\/toode\/universaalne-puhastusvaht-aerosool-soudal-400ml\/#primaryimage"},"image":{"@id":"https:\/\/espak.ee\/epood\/toode\/universaalne-puhastusvaht-aerosool-soudal-400ml\/#primaryimage"},"thumbnailUrl":"https:\/\/espak.ee\/epood\/wp-content\/uploads\/Multi-Cleaner.jpg","datePublished":"2019-05-15T23:20:07+00:00","dateModified":"2026-03-21T08:00:26+00:00","breadcrumb":{"@id":"https:\/\/espak.ee\/epood\/toode\/universaalne-puhastusvaht-aerosool-soudal-400ml\/#breadcrumb"},"inLanguage":"et","potentialAction":[{"@type":"ReadAction","target":["https:\/\/espak.ee\/epood\/toode\/universaalne-puhastusvaht-aerosool-soudal-400ml\/"]}]},{"@type":"ImageObject","inLanguage":"et","@id":"https:\/\/espak.ee\/epood\/toode\/universaalne-puhastusvaht-aerosool-soudal-400ml\/#primaryimage","url":"https:\/\/espak.ee\/epood\/wp-content\/uploads\/Multi-Cleaner.jpg","contentUrl":"https:\/\/espak.ee\/epood\/wp-content\/uploads\/Multi-Cleaner.jpg","width":2048,"height":2048},{"@type":"BreadcrumbList","@id":"https:\/\/espak.ee\/epood\/toode\/universaalne-puhastusvaht-aerosool-soudal-400ml\/#breadcrumb","itemListElement":[{"@type":"ListItem","position":1,"name":"Home","item":"https:\/\/espak.ee\/epood\/"},{"@type":"ListItem","position":2,"name":"Tootevalik","item":"https:\/\/espak.ee\/epood\/tootevalik\/"},{"@type":"ListItem","position":3,"name":"UNIVERSAALNE PUHASTUSVAHT AEROSOOL SOUDAL 400ML"}]},{"@type":"WebSite","@id":"https:\/\/espak.ee\/epood\/#website","url":"https:\/\/espak.ee\/epood\/","name":"Espak E-pood","description":"","potentialAction":[{"@type":"SearchAction","target":{"@type":"EntryPoint","urlTemplate":"https:\/\/espak.ee\/epood\/?s={search_term_string}"},"query-input":{"@type":"PropertyValueSpecification","valueRequired":true,"valueName":"search_term_string"}}],"inLanguage":"et"}]}},"_links":{"self":[{"href":"https:\/\/espak.ee\/epood\/wp-json\/wp\/v2\/product\/5764","targetHints":{"allow":["GET"]}}],"collection":[{"href":"https:\/\/espak.ee\/epood\/wp-json\/wp\/v2\/product"}],"about":[{"href":"https:\/\/espak.ee\/epood\/wp-json\/wp\/v2\/types\/product"}],"replies":[{"embeddable":true,"href":"https:\/\/espak.ee\/epood\/wp-json\/wp\/v2\/comments?post=5764"}],"wp:featuredmedia":[{"embeddable":true,"href":"https:\/\/espak.ee\/epood\/wp-json\/wp\/v2\/media\/5987"}],"wp:attachment":[{"href":"https:\/\/espak.ee\/epood\/wp-json\/wp\/v2\/media?parent=5764"}],"wp:term":[{"taxonomy":"product_brand","embeddable":true,"href":"https:\/\/espak.ee\/epood\/wp-json\/wp\/v2\/product_brand?post=5764"},{"taxonomy":"product_cat","embeddable":true,"href":"https:\/\/espak.ee\/epood\/wp-json\/wp\/v2\/product_cat?post=5764"},{"taxonomy":"product_tag","embeddable":true,"href":"https:\/\/espak.ee\/epood\/wp-json\/wp\/v2\/product_tag?post=5764"}],"curies":[{"name":"wp","href":"https:\/\/api.w.org\/{rel}","templated":true}]}}