{"id":5738,"date":"2019-05-15T02:17:03","date_gmt":"2019-05-14T23:17:03","guid":{"rendered":"https:\/\/espak.ee\/hinnakiri\/?post_type=product&#038;p=5738"},"modified":"2024-03-23T00:22:46","modified_gmt":"2024-03-22T22:22:46","slug":"tihenduslint-soudal-soudaband-graphit-1015","status":"publish","type":"product","link":"https:\/\/espak.ee\/epood\/toode\/tihenduslint-soudal-soudaband-graphit-1015\/","title":{"rendered":"TIHENDUSLINT SOUDAL SOUDABAND GRAPHIT 10*15"},"content":{"rendered":"<div class=\"row\"  id=\"row-1695506883\">\n\n\t<div id=\"col-185608506\" class=\"col medium-9 small-12 large-9\"  >\n\t\t\t\t<div class=\"col-inner\"  >\n\t\t\t\n\t\t\t\n<p>Soudaband on iseliimuv tinav\u00e4rvi hermetiseerimislint.<\/p>\n<div class=\"message-box relative\" style=\"padding-top:15px;padding-bottom:15px;\"><div class=\"message-box-bg-image bg-fill fill\" ><\/div><div class=\"message-box-bg-overlay bg-fill fill\" ><\/div><div class=\"container relative\"><div class=\"inner last-reset\">\n<div class=\"row align-middle align-center\"  id=\"row-1046178790\">\n\n\t<div id=\"col-117556038\" class=\"col small-12 large-12\"  >\n\t\t\t\t<div class=\"col-inner text-left\"  >\n\t\t\t\n\t\t\t\n<h4>Omadused<\/h4>\n<div class=\"row\"  id=\"row-2027903815\">\n\n\t<div id=\"col-880028751\" class=\"col medium-6 small-12 large-6\"  >\n\t\t\t\t<div class=\"col-inner\"  >\n\t\t\t\n\t\t\t\n<p><i class=\"fa fa-cloud-sun-rain fa-2x\"><\/i><strong>\u00a0Ilmastikukindel <\/strong><\/p>\n<p><i class=\"fa fa-paint-roller fa-2x\"><\/i><strong>\u00a0\u00dclev\u00e4rvitav<\/strong><\/p>\n\t\t<\/div>\n\t\t\t\t\n<style>\n#col-880028751 > .col-inner {\n  margin: 0px 0px 15px 0px;\n}\n<\/style>\n\t<\/div>\n\n\t\n\n\t<div id=\"col-401854069\" class=\"col medium-4 small-12 large-4\"  >\n\t\t\t\t<div class=\"col-inner\"  >\n\t\t\t\n\t\t\t\n<p><i class=\"fas fa-tint fa-2x\"><\/i><\/i> <strong>Veekindel<\/strong><\/p>\n<p><strong><i class=\"far fa-check-circle fa-2x\"><\/i> V\u00f5ib kasutada temperatuuridel alla +5\u00b0C <\/strong><\/p>\n\t\t<\/div>\n\t\t\t\t\t<\/div>\n\n\t\n<\/div>\n\t\t<\/div>\n\t\t\t\t\t<\/div>\n\n\t\n<\/div>\n<\/div><\/div><\/div>\n\t<div id=\"gap-19345178\" class=\"gap-element clearfix\" style=\"display:block; height:auto;\">\n\t\t\n<style>\n#gap-19345178 {\n  padding-top: 30px;\n}\n<\/style>\n\t<\/div>\n\t\n<h3>Kasutamise \u00fcksikasjad<\/h3>\n<p><strong>Kasutamine: <\/strong>Pinnad peavad olema puhtad ja kuivad ning rasvavabad. Madalate temperatuuride juures kasutamisel soojenda k\u00f5igepealt rulli f\u00f6\u00f6niga. Eemalda liimikihilt kaitsekile ja kasuta ilma liigselt venitamata. Hea nakke tagamiseks kasuta v\u00e4hemalt 1,5 cm laiust \u00fclekatmist; laiade \u00fchenduste korral kasuta 3 cm laiust \u00fclekatmist. M\u00e4hi \u00fchtlaselt \u00fcmber toru, tasanda lapi v\u00f5i rulli abil, et v\u00e4ltida \u00f5humulle. Nurkades suru paika eriti tugevalt.<\/p>\n<p><strong>Kasutuskohad:<\/strong> Pragude, \u00fchenduste ja liitekohtade hermetiseerimiseks igat t\u00fc\u00fcpi pindadel nagu n\u00e4iteks betoon, kivi, tina, alumiinium, klaas, puit ja paljud plastikud.<\/p>\n<p><strong>S\u00e4ilivusaeg:<\/strong> 24 kuud avamata pakendis jahedas ja kuivas kohas temp vahemikus +5\u00b0C kuni +25\u00b0C<\/p>\n<p><strong>Tervise- ja ohutusn\u00f5uded: <\/strong>Harilikud t\u00f6\u00f6stush\u00fcgieeni n\u00f5uded. T\u00e4psema info jaoks vaata silti.<\/p>\n\t\t<\/div>\n\t\t\t\t\t<\/div>\n\n\t\n\n\t<div id=\"col-2118061592\" class=\"col medium-3 small-12 large-3\"  >\n\t\t\t\t<div class=\"col-inner\"  >\n\t\t\t\n\t\t\t\n\t<div id=\"gap-864572622\" class=\"gap-element clearfix\" style=\"display:block; height:auto;\">\n\t\t\n<style>\n#gap-864572622 {\n  padding-top: 30px;\n}\n<\/style>\n\t<\/div>\n\t\n<h3>Tehniline informatsioon<\/h3>\n<p><a href=\"https:\/\/espak.ee\/epood\/wp-content\/uploads\/370_79303b5d99be099f297ba6f38c123531.pdf\" target=\"_blank\" rel=\"noopener noreferrer\"><i class=\"far fa-file-pdf\"><\/i> Tehniline info (PDF)<\/a><\/p>\n<div class=\"is-divider divider clearfix\" ><\/div>\n<p><strong>\u00dcksikasjalikuma n\u00f5u saamiseks v\u00f5tke \u00fchendust:<br \/><\/strong>SOUDAL AS\ufeff<br \/>Haraka tn. 5<br \/>11311<br \/>Tallinn<br \/>+ 372 655 1851<\/p>\n\t\t<\/div>\n\t\t\t\t\t<\/div>\n\n\t\n<\/div>\n","protected":false},"excerpt":{"rendered":"","protected":false},"featured_media":20482,"comment_status":"closed","ping_status":"open","template":"","meta":[],"product_brand":[],"product_cat":[2718,2722,2723,2697],"product_tag":[],"class_list":{"0":"post-5738","1":"product","2":"type-product","3":"status-publish","4":"has-post-thumbnail","6":"product_cat-isolatsioonimaterjalid","7":"product_cat-tihendid","8":"product_cat-tihenduslindid","9":"product_cat-uldehitus","10":"pa_kaubamark-soudal-as","12":"first","13":"instock","14":"sale","15":"taxable","16":"shipping-taxable","17":"purchasable","18":"product-type-simple"},"yoast_head":"<!-- This site is optimized with the Yoast SEO plugin v26.9 - https:\/\/yoast.com\/product\/yoast-seo-wordpress\/ -->\n<title>TIHENDUSLINT SOUDAL SOUDABAND GRAPHIT 10*15 - Espak E-pood<\/title>\n<meta name=\"robots\" content=\"index, follow, max-snippet:-1, max-image-preview:large, max-video-preview:-1\" \/>\n<link rel=\"canonical\" href=\"https:\/\/espak.ee\/epood\/toode\/tihenduslint-soudal-soudaband-graphit-1015\/\" \/>\n<meta property=\"og:locale\" content=\"et_EE\" \/>\n<meta property=\"og:type\" content=\"article\" \/>\n<meta property=\"og:title\" content=\"TIHENDUSLINT SOUDAL SOUDABAND GRAPHIT 10*15 - Espak E-pood\" \/>\n<meta property=\"og:url\" content=\"https:\/\/espak.ee\/epood\/toode\/tihenduslint-soudal-soudaband-graphit-1015\/\" \/>\n<meta property=\"og:site_name\" content=\"Espak E-pood\" \/>\n<meta property=\"article:modified_time\" content=\"2024-03-22T22:22:46+00:00\" \/>\n<meta property=\"og:image\" content=\"https:\/\/espak.ee\/epood\/wp-content\/uploads\/Soudaband.jpg\" \/>\n\t<meta property=\"og:image:width\" content=\"500\" \/>\n\t<meta property=\"og:image:height\" content=\"500\" \/>\n\t<meta property=\"og:image:type\" content=\"image\/jpeg\" \/>\n<meta name=\"twitter:card\" content=\"summary_large_image\" \/>\n<meta name=\"twitter:label1\" content=\"Est. reading time\" \/>\n\t<meta name=\"twitter:data1\" content=\"1 minut\" \/>\n<script type=\"application\/ld+json\" class=\"yoast-schema-graph\">{\"@context\":\"https:\/\/schema.org\",\"@graph\":[{\"@type\":\"WebPage\",\"@id\":\"https:\/\/espak.ee\/epood\/toode\/tihenduslint-soudal-soudaband-graphit-1015\/\",\"url\":\"https:\/\/espak.ee\/epood\/toode\/tihenduslint-soudal-soudaband-graphit-1015\/\",\"name\":\"TIHENDUSLINT SOUDAL SOUDABAND GRAPHIT 10*15 - Espak E-pood\",\"isPartOf\":{\"@id\":\"https:\/\/espak.ee\/epood\/#website\"},\"primaryImageOfPage\":{\"@id\":\"https:\/\/espak.ee\/epood\/toode\/tihenduslint-soudal-soudaband-graphit-1015\/#primaryimage\"},\"image\":{\"@id\":\"https:\/\/espak.ee\/epood\/toode\/tihenduslint-soudal-soudaband-graphit-1015\/#primaryimage\"},\"thumbnailUrl\":\"https:\/\/espak.ee\/epood\/wp-content\/uploads\/Soudaband.jpg\",\"datePublished\":\"2019-05-14T23:17:03+00:00\",\"dateModified\":\"2024-03-22T22:22:46+00:00\",\"breadcrumb\":{\"@id\":\"https:\/\/espak.ee\/epood\/toode\/tihenduslint-soudal-soudaband-graphit-1015\/#breadcrumb\"},\"inLanguage\":\"et\",\"potentialAction\":[{\"@type\":\"ReadAction\",\"target\":[\"https:\/\/espak.ee\/epood\/toode\/tihenduslint-soudal-soudaband-graphit-1015\/\"]}]},{\"@type\":\"ImageObject\",\"inLanguage\":\"et\",\"@id\":\"https:\/\/espak.ee\/epood\/toode\/tihenduslint-soudal-soudaband-graphit-1015\/#primaryimage\",\"url\":\"https:\/\/espak.ee\/epood\/wp-content\/uploads\/Soudaband.jpg\",\"contentUrl\":\"https:\/\/espak.ee\/epood\/wp-content\/uploads\/Soudaband.jpg\",\"width\":500,\"height\":500},{\"@type\":\"BreadcrumbList\",\"@id\":\"https:\/\/espak.ee\/epood\/toode\/tihenduslint-soudal-soudaband-graphit-1015\/#breadcrumb\",\"itemListElement\":[{\"@type\":\"ListItem\",\"position\":1,\"name\":\"Home\",\"item\":\"https:\/\/espak.ee\/epood\/\"},{\"@type\":\"ListItem\",\"position\":2,\"name\":\"Tootevalik\",\"item\":\"https:\/\/espak.ee\/epood\/tootevalik\/\"},{\"@type\":\"ListItem\",\"position\":3,\"name\":\"TIHENDUSLINT SOUDAL SOUDABAND GRAPHIT 10*15\"}]},{\"@type\":\"WebSite\",\"@id\":\"https:\/\/espak.ee\/epood\/#website\",\"url\":\"https:\/\/espak.ee\/epood\/\",\"name\":\"Espak E-pood\",\"description\":\"\",\"potentialAction\":[{\"@type\":\"SearchAction\",\"target\":{\"@type\":\"EntryPoint\",\"urlTemplate\":\"https:\/\/espak.ee\/epood\/?s={search_term_string}\"},\"query-input\":{\"@type\":\"PropertyValueSpecification\",\"valueRequired\":true,\"valueName\":\"search_term_string\"}}],\"inLanguage\":\"et\"}]}<\/script>\n<!-- \/ Yoast SEO plugin. -->","yoast_head_json":{"title":"TIHENDUSLINT SOUDAL SOUDABAND GRAPHIT 10*15 - Espak E-pood","robots":{"index":"index","follow":"follow","max-snippet":"max-snippet:-1","max-image-preview":"max-image-preview:large","max-video-preview":"max-video-preview:-1"},"canonical":"https:\/\/espak.ee\/epood\/toode\/tihenduslint-soudal-soudaband-graphit-1015\/","og_locale":"et_EE","og_type":"article","og_title":"TIHENDUSLINT SOUDAL SOUDABAND GRAPHIT 10*15 - Espak E-pood","og_url":"https:\/\/espak.ee\/epood\/toode\/tihenduslint-soudal-soudaband-graphit-1015\/","og_site_name":"Espak E-pood","article_modified_time":"2024-03-22T22:22:46+00:00","og_image":[{"width":500,"height":500,"url":"https:\/\/espak.ee\/epood\/wp-content\/uploads\/Soudaband.jpg","type":"image\/jpeg"}],"twitter_card":"summary_large_image","twitter_misc":{"Est. reading time":"1 minut"},"schema":{"@context":"https:\/\/schema.org","@graph":[{"@type":"WebPage","@id":"https:\/\/espak.ee\/epood\/toode\/tihenduslint-soudal-soudaband-graphit-1015\/","url":"https:\/\/espak.ee\/epood\/toode\/tihenduslint-soudal-soudaband-graphit-1015\/","name":"TIHENDUSLINT SOUDAL SOUDABAND GRAPHIT 10*15 - Espak E-pood","isPartOf":{"@id":"https:\/\/espak.ee\/epood\/#website"},"primaryImageOfPage":{"@id":"https:\/\/espak.ee\/epood\/toode\/tihenduslint-soudal-soudaband-graphit-1015\/#primaryimage"},"image":{"@id":"https:\/\/espak.ee\/epood\/toode\/tihenduslint-soudal-soudaband-graphit-1015\/#primaryimage"},"thumbnailUrl":"https:\/\/espak.ee\/epood\/wp-content\/uploads\/Soudaband.jpg","datePublished":"2019-05-14T23:17:03+00:00","dateModified":"2024-03-22T22:22:46+00:00","breadcrumb":{"@id":"https:\/\/espak.ee\/epood\/toode\/tihenduslint-soudal-soudaband-graphit-1015\/#breadcrumb"},"inLanguage":"et","potentialAction":[{"@type":"ReadAction","target":["https:\/\/espak.ee\/epood\/toode\/tihenduslint-soudal-soudaband-graphit-1015\/"]}]},{"@type":"ImageObject","inLanguage":"et","@id":"https:\/\/espak.ee\/epood\/toode\/tihenduslint-soudal-soudaband-graphit-1015\/#primaryimage","url":"https:\/\/espak.ee\/epood\/wp-content\/uploads\/Soudaband.jpg","contentUrl":"https:\/\/espak.ee\/epood\/wp-content\/uploads\/Soudaband.jpg","width":500,"height":500},{"@type":"BreadcrumbList","@id":"https:\/\/espak.ee\/epood\/toode\/tihenduslint-soudal-soudaband-graphit-1015\/#breadcrumb","itemListElement":[{"@type":"ListItem","position":1,"name":"Home","item":"https:\/\/espak.ee\/epood\/"},{"@type":"ListItem","position":2,"name":"Tootevalik","item":"https:\/\/espak.ee\/epood\/tootevalik\/"},{"@type":"ListItem","position":3,"name":"TIHENDUSLINT SOUDAL SOUDABAND GRAPHIT 10*15"}]},{"@type":"WebSite","@id":"https:\/\/espak.ee\/epood\/#website","url":"https:\/\/espak.ee\/epood\/","name":"Espak E-pood","description":"","potentialAction":[{"@type":"SearchAction","target":{"@type":"EntryPoint","urlTemplate":"https:\/\/espak.ee\/epood\/?s={search_term_string}"},"query-input":{"@type":"PropertyValueSpecification","valueRequired":true,"valueName":"search_term_string"}}],"inLanguage":"et"}]}},"_links":{"self":[{"href":"https:\/\/espak.ee\/epood\/wp-json\/wp\/v2\/product\/5738","targetHints":{"allow":["GET"]}}],"collection":[{"href":"https:\/\/espak.ee\/epood\/wp-json\/wp\/v2\/product"}],"about":[{"href":"https:\/\/espak.ee\/epood\/wp-json\/wp\/v2\/types\/product"}],"replies":[{"embeddable":true,"href":"https:\/\/espak.ee\/epood\/wp-json\/wp\/v2\/comments?post=5738"}],"wp:featuredmedia":[{"embeddable":true,"href":"https:\/\/espak.ee\/epood\/wp-json\/wp\/v2\/media\/20482"}],"wp:attachment":[{"href":"https:\/\/espak.ee\/epood\/wp-json\/wp\/v2\/media?parent=5738"}],"wp:term":[{"taxonomy":"product_brand","embeddable":true,"href":"https:\/\/espak.ee\/epood\/wp-json\/wp\/v2\/product_brand?post=5738"},{"taxonomy":"product_cat","embeddable":true,"href":"https:\/\/espak.ee\/epood\/wp-json\/wp\/v2\/product_cat?post=5738"},{"taxonomy":"product_tag","embeddable":true,"href":"https:\/\/espak.ee\/epood\/wp-json\/wp\/v2\/product_tag?post=5738"}],"curies":[{"name":"wp","href":"https:\/\/api.w.org\/{rel}","templated":true}]}}