{"id":5733,"date":"2019-05-15T02:17:03","date_gmt":"2019-05-14T23:17:03","guid":{"rendered":"https:\/\/espak.ee\/hinnakiri\/?post_type=product&#038;p=5733"},"modified":"2025-09-22T15:55:27","modified_gmt":"2025-09-22T12:55:27","slug":"tihenduslint-soudal-butyband-1010","status":"publish","type":"product","link":"https:\/\/espak.ee\/epood\/toode\/tihenduslint-soudal-butyband-1010\/","title":{"rendered":"TIHENDUSLINT SOUDAL BUTYBAND 10*10"},"content":{"rendered":"<div class=\"row\"  id=\"row-790647679\">\n\n\t<div id=\"col-2055661734\" class=\"col medium-9 small-12 large-9\"  >\n\t\t\t\t<div class=\"col-inner\"  >\n\t\t\t\n\t\t\t\n<p>Butyband on kasutusvalmis, iseliimuv plastoelastne hermetiseerimislint, mis p\u00f5hineb but\u00fc\u00fclkaut\u0161ukil.<\/p>\n<div class=\"message-box relative\" style=\"padding-top:15px;padding-bottom:15px;\"><div class=\"message-box-bg-image bg-fill fill\" ><\/div><div class=\"message-box-bg-overlay bg-fill fill\" ><\/div><div class=\"container relative\"><div class=\"inner last-reset\">\n<div class=\"row align-middle align-center\"  id=\"row-1443300300\">\n\n\t<div id=\"col-1723396730\" class=\"col small-12 large-12\"  >\n\t\t\t\t<div class=\"col-inner text-left\"  >\n\t\t\t\n\t\t\t\n<h4>Omadused<\/h4>\n<div class=\"row\"  id=\"row-864497337\">\n\n\t<div id=\"col-392818822\" class=\"col medium-6 small-12 large-6\"  >\n\t\t\t\t<div class=\"col-inner\"  >\n\t\t\t\n\t\t\t\n<p><i class=\"far fa-check-circle fa-2x\"><\/i><strong>\u00a0Kiire ja hea nake paljudele aluspindadele <\/strong><\/p>\n<p><strong><i class=\"far fa-check-circle fa-2x\"><\/i>\u00a0Veekindel <\/strong><\/p>\n\t\t<\/div>\n\t\t\t\t\n<style>\n#col-392818822 > .col-inner {\n  margin: 0px 0px 15px 0px;\n}\n<\/style>\n\t<\/div>\n\n\t\n\n\t<div id=\"col-1852452504\" class=\"col medium-6 small-12 large-6\"  >\n\t\t\t\t<div class=\"col-inner\"  >\n\t\t\t\n\t\t\t\n<p><i class=\"far fa-check-circle fa-2x\"><\/i><strong>\u00a0UV ja ilmastikukindel <\/strong><\/p>\n<p><strong><i class=\"far fa-check-circle fa-2x\"><\/i>\u00a0Lihtne kasutada<\/strong><\/p>\n\t\t<\/div>\n\t\t\t\t\n<style>\n#col-1852452504 > .col-inner {\n  margin: 0px 0px 15px 0px;\n}\n<\/style>\n\t<\/div>\n\n\t\n<\/div>\n\t\t<\/div>\n\t\t\t\t\t<\/div>\n\n\t\n<\/div>\n<\/div><\/div><\/div>\n\t<div id=\"gap-1749733267\" class=\"gap-element clearfix\" style=\"display:block; height:auto;\">\n\t\t\n<style>\n#gap-1749733267 {\n  padding-top: 30px;\n}\n<\/style>\n\t<\/div>\n\t\n<h3>Kasutamise \u00fcksikasjad<\/h3>\n<p><strong>Kasutamine: <\/strong>Hermetiseerimist\u00f6\u00f6deks korstnate, ventilatsioonitorude, katuseakende, aknalaudade ja l\u00fckanduste juures. Universaalne hermetiseerimis- ja paranduslint. Klaaskonstruktsioonide hermetiseerimiseks. Tihendamiseks metallit\u00f6\u00f6stuses, autode ja furgoonide valmistamisel. L\u00f5ika but\u00fc\u00fcllindist vajalik pikkus. Eemdal kaitsepaber ja suru lint ettevalmistatud pinna vastu. Suru linti tugevasti ideaalse hermetiseerimise saavutamiseks, kortsud triigi v\u00e4lja rulli abil. Kui mitu Butybandi riba kinnitatakse \u00fcksteise k\u00fclge, veendu, et oleks v\u00e4hemalt 5 cm kate \u00fcle.\u00a0<\/p>\n<p><strong>Pinnad: <\/strong>Erinevad poorsed ja mittepoorsed pinnad nagu puit, betoon, tellised ja muud harilikud<br \/>ehitusmaterjalid. Pinna seisukord: puhas, kuiv, rasva- ja tolmuvaba. Pinna ettevalmistamine: V\u00e4ga poorsete pindade korral soovitav eelnevalt kruntida.\u00a0<\/p>\n<p><strong>Kasutamistemperatuur:<\/strong> +5\u00b0C kuni +35\u00b0C<\/p>\n<p><strong>S\u00e4ilivusaeg:<\/strong> 12 kuud avamata pakendis jahedas ja kuivas kohas temp vahemikus +5\u00b0C kuni +25\u00b0C<\/p>\n<p><strong>Tervise- ja ohutusn\u00f5uded: <\/strong>Harilikud t\u00f6\u00f6stush\u00fcgieeni n\u00f5uded. Kasuta kaitsekindaid. Vaata silti lisainfo saamiseks.<\/p>\n\t\t<\/div>\n\t\t\t\t\t<\/div>\n\n\t\n\n\t<div id=\"col-2019709374\" class=\"col medium-3 small-12 large-3\"  >\n\t\t\t\t<div class=\"col-inner\"  >\n\t\t\t\n\t\t\t\n\t<div id=\"gap-1520537801\" class=\"gap-element clearfix\" style=\"display:block; height:auto;\">\n\t\t\n<style>\n#gap-1520537801 {\n  padding-top: 30px;\n}\n<\/style>\n\t<\/div>\n\t\n<h3>Tehniline informatsioon<\/h3>\n<p><a href=\"https:\/\/espak.ee\/epood\/wp-content\/uploads\/279_3c6302ff5dd039d315a4603ac2e262bc.pdf\" target=\"_blank\" rel=\"noopener noreferrer\"><i class=\"far fa-file-pdf\"><\/i> Tehniline info (PDF)<\/a><\/p>\n<div class=\"is-divider divider clearfix\" ><\/div>\n<p><strong>\u00dcksikasjalikuma n\u00f5u saamiseks v\u00f5tke \u00fchendust:<br \/><\/strong>SOUDAL AS\ufeff<br \/>Haraka tn. 5<br \/>11311<br \/>Tallinn<br \/>+ 372 655 1851<\/p>\n\t\t<\/div>\n\t\t\t\t\t<\/div>\n\n\t\n<\/div>\n","protected":false},"excerpt":{"rendered":"","protected":false},"featured_media":8551,"comment_status":"closed","ping_status":"open","template":"","meta":[],"product_brand":[],"product_cat":[2718,2722,2723,2697],"product_tag":[],"class_list":{"0":"post-5733","1":"product","2":"type-product","3":"status-publish","4":"has-post-thumbnail","6":"product_cat-isolatsioonimaterjalid","7":"product_cat-tihendid","8":"product_cat-tihenduslindid","9":"product_cat-uldehitus","10":"pa_kaubamark-soudal-as","12":"first","13":"instock","14":"sale","15":"taxable","16":"shipping-taxable","17":"purchasable","18":"product-type-simple"},"yoast_head":"<!-- This site is optimized with the Yoast SEO plugin v26.9 - https:\/\/yoast.com\/product\/yoast-seo-wordpress\/ -->\n<title>TIHENDUSLINT SOUDAL BUTYBAND 10*10 - Espak E-pood<\/title>\n<meta name=\"robots\" content=\"index, follow, max-snippet:-1, max-image-preview:large, max-video-preview:-1\" \/>\n<link rel=\"canonical\" href=\"https:\/\/espak.ee\/epood\/toode\/tihenduslint-soudal-butyband-1010\/\" \/>\n<meta property=\"og:locale\" content=\"et_EE\" \/>\n<meta property=\"og:type\" content=\"article\" \/>\n<meta property=\"og:title\" content=\"TIHENDUSLINT SOUDAL BUTYBAND 10*10 - Espak E-pood\" \/>\n<meta property=\"og:url\" content=\"https:\/\/espak.ee\/epood\/toode\/tihenduslint-soudal-butyband-1010\/\" \/>\n<meta property=\"og:site_name\" content=\"Espak E-pood\" \/>\n<meta property=\"article:modified_time\" content=\"2025-09-22T12:55:27+00:00\" \/>\n<meta property=\"og:image\" content=\"https:\/\/espak.ee\/epood\/wp-content\/uploads\/111084-ZTRA_Butyband_alu_10x10-1.jpg\" \/>\n\t<meta property=\"og:image:width\" content=\"2048\" \/>\n\t<meta property=\"og:image:height\" content=\"2048\" \/>\n\t<meta property=\"og:image:type\" content=\"image\/jpeg\" \/>\n<meta name=\"twitter:card\" content=\"summary_large_image\" \/>\n<meta name=\"twitter:label1\" content=\"Est. reading time\" \/>\n\t<meta name=\"twitter:data1\" content=\"1 minut\" \/>\n<script type=\"application\/ld+json\" class=\"yoast-schema-graph\">{\"@context\":\"https:\/\/schema.org\",\"@graph\":[{\"@type\":\"WebPage\",\"@id\":\"https:\/\/espak.ee\/epood\/toode\/tihenduslint-soudal-butyband-1010\/\",\"url\":\"https:\/\/espak.ee\/epood\/toode\/tihenduslint-soudal-butyband-1010\/\",\"name\":\"TIHENDUSLINT SOUDAL BUTYBAND 10*10 - Espak E-pood\",\"isPartOf\":{\"@id\":\"https:\/\/espak.ee\/epood\/#website\"},\"primaryImageOfPage\":{\"@id\":\"https:\/\/espak.ee\/epood\/toode\/tihenduslint-soudal-butyband-1010\/#primaryimage\"},\"image\":{\"@id\":\"https:\/\/espak.ee\/epood\/toode\/tihenduslint-soudal-butyband-1010\/#primaryimage\"},\"thumbnailUrl\":\"https:\/\/espak.ee\/epood\/wp-content\/uploads\/111084-ZTRA_Butyband_alu_10x10-1.jpg\",\"datePublished\":\"2019-05-14T23:17:03+00:00\",\"dateModified\":\"2025-09-22T12:55:27+00:00\",\"breadcrumb\":{\"@id\":\"https:\/\/espak.ee\/epood\/toode\/tihenduslint-soudal-butyband-1010\/#breadcrumb\"},\"inLanguage\":\"et\",\"potentialAction\":[{\"@type\":\"ReadAction\",\"target\":[\"https:\/\/espak.ee\/epood\/toode\/tihenduslint-soudal-butyband-1010\/\"]}]},{\"@type\":\"ImageObject\",\"inLanguage\":\"et\",\"@id\":\"https:\/\/espak.ee\/epood\/toode\/tihenduslint-soudal-butyband-1010\/#primaryimage\",\"url\":\"https:\/\/espak.ee\/epood\/wp-content\/uploads\/111084-ZTRA_Butyband_alu_10x10-1.jpg\",\"contentUrl\":\"https:\/\/espak.ee\/epood\/wp-content\/uploads\/111084-ZTRA_Butyband_alu_10x10-1.jpg\",\"width\":2048,\"height\":2048},{\"@type\":\"BreadcrumbList\",\"@id\":\"https:\/\/espak.ee\/epood\/toode\/tihenduslint-soudal-butyband-1010\/#breadcrumb\",\"itemListElement\":[{\"@type\":\"ListItem\",\"position\":1,\"name\":\"Home\",\"item\":\"https:\/\/espak.ee\/epood\/\"},{\"@type\":\"ListItem\",\"position\":2,\"name\":\"Tootevalik\",\"item\":\"https:\/\/espak.ee\/epood\/tootevalik\/\"},{\"@type\":\"ListItem\",\"position\":3,\"name\":\"TIHENDUSLINT SOUDAL BUTYBAND 10*10\"}]},{\"@type\":\"WebSite\",\"@id\":\"https:\/\/espak.ee\/epood\/#website\",\"url\":\"https:\/\/espak.ee\/epood\/\",\"name\":\"Espak E-pood\",\"description\":\"\",\"potentialAction\":[{\"@type\":\"SearchAction\",\"target\":{\"@type\":\"EntryPoint\",\"urlTemplate\":\"https:\/\/espak.ee\/epood\/?s={search_term_string}\"},\"query-input\":{\"@type\":\"PropertyValueSpecification\",\"valueRequired\":true,\"valueName\":\"search_term_string\"}}],\"inLanguage\":\"et\"}]}<\/script>\n<!-- \/ Yoast SEO plugin. -->","yoast_head_json":{"title":"TIHENDUSLINT SOUDAL BUTYBAND 10*10 - Espak E-pood","robots":{"index":"index","follow":"follow","max-snippet":"max-snippet:-1","max-image-preview":"max-image-preview:large","max-video-preview":"max-video-preview:-1"},"canonical":"https:\/\/espak.ee\/epood\/toode\/tihenduslint-soudal-butyband-1010\/","og_locale":"et_EE","og_type":"article","og_title":"TIHENDUSLINT SOUDAL BUTYBAND 10*10 - Espak E-pood","og_url":"https:\/\/espak.ee\/epood\/toode\/tihenduslint-soudal-butyband-1010\/","og_site_name":"Espak E-pood","article_modified_time":"2025-09-22T12:55:27+00:00","og_image":[{"width":2048,"height":2048,"url":"https:\/\/espak.ee\/epood\/wp-content\/uploads\/111084-ZTRA_Butyband_alu_10x10-1.jpg","type":"image\/jpeg"}],"twitter_card":"summary_large_image","twitter_misc":{"Est. reading time":"1 minut"},"schema":{"@context":"https:\/\/schema.org","@graph":[{"@type":"WebPage","@id":"https:\/\/espak.ee\/epood\/toode\/tihenduslint-soudal-butyband-1010\/","url":"https:\/\/espak.ee\/epood\/toode\/tihenduslint-soudal-butyband-1010\/","name":"TIHENDUSLINT SOUDAL BUTYBAND 10*10 - Espak E-pood","isPartOf":{"@id":"https:\/\/espak.ee\/epood\/#website"},"primaryImageOfPage":{"@id":"https:\/\/espak.ee\/epood\/toode\/tihenduslint-soudal-butyband-1010\/#primaryimage"},"image":{"@id":"https:\/\/espak.ee\/epood\/toode\/tihenduslint-soudal-butyband-1010\/#primaryimage"},"thumbnailUrl":"https:\/\/espak.ee\/epood\/wp-content\/uploads\/111084-ZTRA_Butyband_alu_10x10-1.jpg","datePublished":"2019-05-14T23:17:03+00:00","dateModified":"2025-09-22T12:55:27+00:00","breadcrumb":{"@id":"https:\/\/espak.ee\/epood\/toode\/tihenduslint-soudal-butyband-1010\/#breadcrumb"},"inLanguage":"et","potentialAction":[{"@type":"ReadAction","target":["https:\/\/espak.ee\/epood\/toode\/tihenduslint-soudal-butyband-1010\/"]}]},{"@type":"ImageObject","inLanguage":"et","@id":"https:\/\/espak.ee\/epood\/toode\/tihenduslint-soudal-butyband-1010\/#primaryimage","url":"https:\/\/espak.ee\/epood\/wp-content\/uploads\/111084-ZTRA_Butyband_alu_10x10-1.jpg","contentUrl":"https:\/\/espak.ee\/epood\/wp-content\/uploads\/111084-ZTRA_Butyband_alu_10x10-1.jpg","width":2048,"height":2048},{"@type":"BreadcrumbList","@id":"https:\/\/espak.ee\/epood\/toode\/tihenduslint-soudal-butyband-1010\/#breadcrumb","itemListElement":[{"@type":"ListItem","position":1,"name":"Home","item":"https:\/\/espak.ee\/epood\/"},{"@type":"ListItem","position":2,"name":"Tootevalik","item":"https:\/\/espak.ee\/epood\/tootevalik\/"},{"@type":"ListItem","position":3,"name":"TIHENDUSLINT SOUDAL BUTYBAND 10*10"}]},{"@type":"WebSite","@id":"https:\/\/espak.ee\/epood\/#website","url":"https:\/\/espak.ee\/epood\/","name":"Espak E-pood","description":"","potentialAction":[{"@type":"SearchAction","target":{"@type":"EntryPoint","urlTemplate":"https:\/\/espak.ee\/epood\/?s={search_term_string}"},"query-input":{"@type":"PropertyValueSpecification","valueRequired":true,"valueName":"search_term_string"}}],"inLanguage":"et"}]}},"_links":{"self":[{"href":"https:\/\/espak.ee\/epood\/wp-json\/wp\/v2\/product\/5733","targetHints":{"allow":["GET"]}}],"collection":[{"href":"https:\/\/espak.ee\/epood\/wp-json\/wp\/v2\/product"}],"about":[{"href":"https:\/\/espak.ee\/epood\/wp-json\/wp\/v2\/types\/product"}],"replies":[{"embeddable":true,"href":"https:\/\/espak.ee\/epood\/wp-json\/wp\/v2\/comments?post=5733"}],"wp:featuredmedia":[{"embeddable":true,"href":"https:\/\/espak.ee\/epood\/wp-json\/wp\/v2\/media\/8551"}],"wp:attachment":[{"href":"https:\/\/espak.ee\/epood\/wp-json\/wp\/v2\/media?parent=5733"}],"wp:term":[{"taxonomy":"product_brand","embeddable":true,"href":"https:\/\/espak.ee\/epood\/wp-json\/wp\/v2\/product_brand?post=5733"},{"taxonomy":"product_cat","embeddable":true,"href":"https:\/\/espak.ee\/epood\/wp-json\/wp\/v2\/product_cat?post=5733"},{"taxonomy":"product_tag","embeddable":true,"href":"https:\/\/espak.ee\/epood\/wp-json\/wp\/v2\/product_tag?post=5733"}],"curies":[{"name":"wp","href":"https:\/\/api.w.org\/{rel}","templated":true}]}}