{"id":5664,"date":"2019-05-14T02:15:45","date_gmt":"2019-05-13T23:15:45","guid":{"rendered":"https:\/\/espak.ee\/hinnakiri\/?post_type=product&#038;p=5664"},"modified":"2024-03-23T00:23:16","modified_gmt":"2024-03-22T22:23:16","slug":"silikoon-soudal-fireseal-b1-fr-valge-600ml","status":"publish","type":"product","link":"https:\/\/espak.ee\/epood\/toode\/silikoon-soudal-fireseal-b1-fr-valge-600ml\/","title":{"rendered":"SILIKOON SOUDAL FIRESEAL B1 FR VALGE 600ML"},"content":{"rendered":"<div class=\"row\"  id=\"row-820548829\">\n\n\t<div id=\"col-222929454\" class=\"col medium-9 small-12 large-9\"  >\n\t\t\t\t<div class=\"col-inner\"  >\n\t\t\t\n\t\t\t\n<p>Firesilicone B1 FR on k\u00f5rgekvaliteetne, \u00fchekomponentne , elastne ja neutraalne silikoonidel p\u00f5hinev hermeetik , mis vastab DIN 4102 B1 standardile oma tulet\u00f5kkeomaduste poolest ja milline on vastupidav tule levikule teatud \u00fchenduste konfiguratsiooni puhul kuni 4 tundi (EN 1366 Part 4-NN713.020 \u2013 BS 476\/20).<\/p>\n<div class=\"message-box relative\" style=\"padding-top:15px;padding-bottom:15px;\"><div class=\"message-box-bg-image bg-fill fill\" ><\/div><div class=\"message-box-bg-overlay bg-fill fill\" ><\/div><div class=\"container relative\"><div class=\"inner last-reset\">\n<div class=\"row align-middle align-center\"  id=\"row-298535457\">\n\n\t<div id=\"col-1610733541\" class=\"col small-12 large-12\"  >\n\t\t\t\t<div class=\"col-inner text-left\"  >\n\t\t\t\n\t\t\t\n<h4>Omadused<\/h4>\n<div class=\"row\"  id=\"row-1852732166\">\n\n\t<div id=\"col-977423446\" class=\"col medium-6 small-12 large-6\"  >\n\t\t\t\t<div class=\"col-inner\"  >\n\t\t\t\n\t\t\t\n<p><i class=\"far fa-check-circle fa-2x\"><\/i><strong>\u00a0V\u00e4ga lihtne kasutada<\/strong><\/p>\n<p><strong><i class=\"far fa-check-circle fa-2x\"><\/i>\u00a0V\u00e4rvuskindel ning vastupidav UV- kiirgusele<\/strong><\/p>\n\t\t<\/div>\n\t\t\t\t\n<style>\n#col-977423446 > .col-inner {\n  margin: 0px 0px 15px 0px;\n}\n<\/style>\n\t<\/div>\n\n\t\n\n\t<div id=\"col-1605256203\" class=\"col medium-6 small-12 large-6\"  >\n\t\t\t\t<div class=\"col-inner\"  >\n\t\t\t\n\t\t\t\n<p><i class=\"far fa-check-circle fa-2x\"><\/i><strong>\u00a0Peale k\u00f5venemist j\u00e4\u00e4b elastseks<\/strong><\/p>\n<p><strong><i class=\"far fa-check-circle fa-2x\"><\/i>\u00a0V\u00e4ga hea nake paljude materjalidega<\/strong><\/p>\n\t\t<\/div>\n\t\t\t\t\n<style>\n#col-1605256203 > .col-inner {\n  margin: 0px 0px 15px 0px;\n}\n<\/style>\n\t<\/div>\n\n\t\n<\/div>\n\t\t<\/div>\n\t\t\t\t\t<\/div>\n\n\t\n<\/div>\n<\/div><\/div><\/div>\n\t<div id=\"gap-55644472\" class=\"gap-element clearfix\" style=\"display:block; height:auto;\">\n\t\t\n<style>\n#gap-55644472 {\n  padding-top: 30px;\n}\n<\/style>\n\t<\/div>\n\t\n<h3>Kasutamise \u00fcksikasjad<\/h3>\n<p><strong>Kasutamine:<\/strong> Hermeetikup\u00fcstoliga. Kasuta PE vuugitoru korrektse vuugi dimensiooni saamiseks.\u00a0<\/p>\n<p><strong>Kasutuskohad: <\/strong>K\u00f5ik ehitus- ja klaasimist\u00f6\u00f6d, samuti paisumisvuugid, kus on n\u00f5utavad tulet\u00f5kkeomadused.<\/p>\n<p><strong>Pinnad: <\/strong>K\u00f5ik harilikud ehitusmaterjalid. N\u00f5uded pinnale: puhas, kuiv, tolmu- ja rasvavaba. Poorsed pinnad kruntida Soudali Primer 150-ga. Soudali pinnaaktivaator parandab naket siledate pindadega. Soovitav eelnev sobivustest.<\/p>\n<p><strong>Kasutamistemperatuur:<\/strong> +1\u02daC kuni +35\u02daC<\/p>\n<p><strong>Puhastamine:<\/strong> Kohe p\u00e4rast pealekandmist White Spiritiga.<\/p>\n<p><strong>S\u00e4ilivusaeg:<\/strong> 9 kuud avamata pakendis jahedas ja kuivas kohas temperatuuride vahemikus +5\u00b0C kuni +25\u00b0C. Kaitsta k\u00fclma eest!<\/p>\n<p><strong>Tervise- ja ohutusn\u00f5uded: <\/strong>Harilikud t\u00f6\u00f6stush\u00fcgieeni n\u00f5uded.<\/p>\n\t\t<\/div>\n\t\t\t\t\t<\/div>\n\n\t\n\n\t<div id=\"col-410934665\" class=\"col medium-3 small-12 large-3\"  >\n\t\t\t\t<div class=\"col-inner\"  >\n\t\t\t\n\t\t\t\n\t<div id=\"gap-493750379\" class=\"gap-element clearfix\" style=\"display:block; height:auto;\">\n\t\t\n<style>\n#gap-493750379 {\n  padding-top: 30px;\n}\n<\/style>\n\t<\/div>\n\t\n<h3>Tehniline informatsioon<\/h3>\n<p><a href=\"https:\/\/espak.ee\/epood\/wp-content\/uploads\/243_2cc8ef0d1b111935590f033aabf0af04.pdf\" target=\"_blank\" rel=\"noopener noreferrer\"><i class=\"far fa-file-pdf\"><\/i> Tehniline info (PDF)<\/a><\/p>\n<div class=\"is-divider divider clearfix\" ><\/div>\n<p><strong>\u00dcksikasjalikuma n\u00f5u saamiseks v\u00f5tke \u00fchendust:<br \/><\/strong>SOUDAL AS\ufeff<br \/>Haraka tn. 5<br \/>11311<br \/>Tallinn<br \/>+ 372 655 1851<\/p>\n\t\t<\/div>\n\t\t\t\t\t<\/div>\n\n\t\n<\/div>\n","protected":false},"excerpt":{"rendered":"","protected":false},"featured_media":5958,"comment_status":"closed","ping_status":"open","template":"","meta":[],"product_brand":[],"product_cat":[2703,2708,2714,2683],"product_tag":[],"class_list":{"0":"post-5664","1":"product","2":"type-product","3":"status-publish","4":"has-post-thumbnail","6":"product_cat-ehituskeemia","7":"product_cat-hermeetikud","8":"product_cat-silikoonid","9":"product_cat-viimistluskaubad","10":"pa_kaubamark-soudal-as","12":"first","13":"instock","14":"sale","15":"taxable","16":"shipping-taxable","17":"purchasable","18":"product-type-simple"},"yoast_head":"<!-- This site is optimized with the Yoast SEO plugin v26.9 - https:\/\/yoast.com\/product\/yoast-seo-wordpress\/ -->\n<title>SILIKOON SOUDAL FIRESEAL B1 FR VALGE 600ML - Espak E-pood<\/title>\n<meta name=\"robots\" content=\"index, follow, max-snippet:-1, max-image-preview:large, max-video-preview:-1\" \/>\n<link rel=\"canonical\" href=\"https:\/\/espak.ee\/epood\/toode\/silikoon-soudal-fireseal-b1-fr-valge-600ml\/\" \/>\n<meta property=\"og:locale\" content=\"et_EE\" \/>\n<meta property=\"og:type\" content=\"article\" \/>\n<meta property=\"og:title\" content=\"SILIKOON SOUDAL FIRESEAL B1 FR VALGE 600ML - Espak E-pood\" \/>\n<meta property=\"og:url\" content=\"https:\/\/espak.ee\/epood\/toode\/silikoon-soudal-fireseal-b1-fr-valge-600ml\/\" \/>\n<meta property=\"og:site_name\" content=\"Espak E-pood\" \/>\n<meta property=\"article:modified_time\" content=\"2024-03-22T22:23:16+00:00\" \/>\n<meta property=\"og:image\" content=\"https:\/\/espak.ee\/epood\/wp-content\/uploads\/Firesilicone-B1-FR-valge.jpg\" \/>\n\t<meta property=\"og:image:width\" content=\"2048\" \/>\n\t<meta property=\"og:image:height\" content=\"2048\" \/>\n\t<meta property=\"og:image:type\" content=\"image\/jpeg\" \/>\n<meta name=\"twitter:card\" content=\"summary_large_image\" \/>\n<meta name=\"twitter:label1\" content=\"Est. reading time\" \/>\n\t<meta name=\"twitter:data1\" content=\"1 minut\" \/>\n<script type=\"application\/ld+json\" class=\"yoast-schema-graph\">{\"@context\":\"https:\/\/schema.org\",\"@graph\":[{\"@type\":\"WebPage\",\"@id\":\"https:\/\/espak.ee\/epood\/toode\/silikoon-soudal-fireseal-b1-fr-valge-600ml\/\",\"url\":\"https:\/\/espak.ee\/epood\/toode\/silikoon-soudal-fireseal-b1-fr-valge-600ml\/\",\"name\":\"SILIKOON SOUDAL FIRESEAL B1 FR VALGE 600ML - Espak E-pood\",\"isPartOf\":{\"@id\":\"https:\/\/espak.ee\/epood\/#website\"},\"primaryImageOfPage\":{\"@id\":\"https:\/\/espak.ee\/epood\/toode\/silikoon-soudal-fireseal-b1-fr-valge-600ml\/#primaryimage\"},\"image\":{\"@id\":\"https:\/\/espak.ee\/epood\/toode\/silikoon-soudal-fireseal-b1-fr-valge-600ml\/#primaryimage\"},\"thumbnailUrl\":\"https:\/\/espak.ee\/epood\/wp-content\/uploads\/Firesilicone-B1-FR-valge.jpg\",\"datePublished\":\"2019-05-13T23:15:45+00:00\",\"dateModified\":\"2024-03-22T22:23:16+00:00\",\"breadcrumb\":{\"@id\":\"https:\/\/espak.ee\/epood\/toode\/silikoon-soudal-fireseal-b1-fr-valge-600ml\/#breadcrumb\"},\"inLanguage\":\"et\",\"potentialAction\":[{\"@type\":\"ReadAction\",\"target\":[\"https:\/\/espak.ee\/epood\/toode\/silikoon-soudal-fireseal-b1-fr-valge-600ml\/\"]}]},{\"@type\":\"ImageObject\",\"inLanguage\":\"et\",\"@id\":\"https:\/\/espak.ee\/epood\/toode\/silikoon-soudal-fireseal-b1-fr-valge-600ml\/#primaryimage\",\"url\":\"https:\/\/espak.ee\/epood\/wp-content\/uploads\/Firesilicone-B1-FR-valge.jpg\",\"contentUrl\":\"https:\/\/espak.ee\/epood\/wp-content\/uploads\/Firesilicone-B1-FR-valge.jpg\",\"width\":2048,\"height\":2048},{\"@type\":\"BreadcrumbList\",\"@id\":\"https:\/\/espak.ee\/epood\/toode\/silikoon-soudal-fireseal-b1-fr-valge-600ml\/#breadcrumb\",\"itemListElement\":[{\"@type\":\"ListItem\",\"position\":1,\"name\":\"Home\",\"item\":\"https:\/\/espak.ee\/epood\/\"},{\"@type\":\"ListItem\",\"position\":2,\"name\":\"Tootevalik\",\"item\":\"https:\/\/espak.ee\/epood\/tootevalik\/\"},{\"@type\":\"ListItem\",\"position\":3,\"name\":\"SILIKOON SOUDAL FIRESEAL B1 FR VALGE 600ML\"}]},{\"@type\":\"WebSite\",\"@id\":\"https:\/\/espak.ee\/epood\/#website\",\"url\":\"https:\/\/espak.ee\/epood\/\",\"name\":\"Espak E-pood\",\"description\":\"\",\"potentialAction\":[{\"@type\":\"SearchAction\",\"target\":{\"@type\":\"EntryPoint\",\"urlTemplate\":\"https:\/\/espak.ee\/epood\/?s={search_term_string}\"},\"query-input\":{\"@type\":\"PropertyValueSpecification\",\"valueRequired\":true,\"valueName\":\"search_term_string\"}}],\"inLanguage\":\"et\"}]}<\/script>\n<!-- \/ Yoast SEO plugin. -->","yoast_head_json":{"title":"SILIKOON SOUDAL FIRESEAL B1 FR VALGE 600ML - Espak E-pood","robots":{"index":"index","follow":"follow","max-snippet":"max-snippet:-1","max-image-preview":"max-image-preview:large","max-video-preview":"max-video-preview:-1"},"canonical":"https:\/\/espak.ee\/epood\/toode\/silikoon-soudal-fireseal-b1-fr-valge-600ml\/","og_locale":"et_EE","og_type":"article","og_title":"SILIKOON SOUDAL FIRESEAL B1 FR VALGE 600ML - Espak E-pood","og_url":"https:\/\/espak.ee\/epood\/toode\/silikoon-soudal-fireseal-b1-fr-valge-600ml\/","og_site_name":"Espak E-pood","article_modified_time":"2024-03-22T22:23:16+00:00","og_image":[{"width":2048,"height":2048,"url":"https:\/\/espak.ee\/epood\/wp-content\/uploads\/Firesilicone-B1-FR-valge.jpg","type":"image\/jpeg"}],"twitter_card":"summary_large_image","twitter_misc":{"Est. reading time":"1 minut"},"schema":{"@context":"https:\/\/schema.org","@graph":[{"@type":"WebPage","@id":"https:\/\/espak.ee\/epood\/toode\/silikoon-soudal-fireseal-b1-fr-valge-600ml\/","url":"https:\/\/espak.ee\/epood\/toode\/silikoon-soudal-fireseal-b1-fr-valge-600ml\/","name":"SILIKOON SOUDAL FIRESEAL B1 FR VALGE 600ML - Espak E-pood","isPartOf":{"@id":"https:\/\/espak.ee\/epood\/#website"},"primaryImageOfPage":{"@id":"https:\/\/espak.ee\/epood\/toode\/silikoon-soudal-fireseal-b1-fr-valge-600ml\/#primaryimage"},"image":{"@id":"https:\/\/espak.ee\/epood\/toode\/silikoon-soudal-fireseal-b1-fr-valge-600ml\/#primaryimage"},"thumbnailUrl":"https:\/\/espak.ee\/epood\/wp-content\/uploads\/Firesilicone-B1-FR-valge.jpg","datePublished":"2019-05-13T23:15:45+00:00","dateModified":"2024-03-22T22:23:16+00:00","breadcrumb":{"@id":"https:\/\/espak.ee\/epood\/toode\/silikoon-soudal-fireseal-b1-fr-valge-600ml\/#breadcrumb"},"inLanguage":"et","potentialAction":[{"@type":"ReadAction","target":["https:\/\/espak.ee\/epood\/toode\/silikoon-soudal-fireseal-b1-fr-valge-600ml\/"]}]},{"@type":"ImageObject","inLanguage":"et","@id":"https:\/\/espak.ee\/epood\/toode\/silikoon-soudal-fireseal-b1-fr-valge-600ml\/#primaryimage","url":"https:\/\/espak.ee\/epood\/wp-content\/uploads\/Firesilicone-B1-FR-valge.jpg","contentUrl":"https:\/\/espak.ee\/epood\/wp-content\/uploads\/Firesilicone-B1-FR-valge.jpg","width":2048,"height":2048},{"@type":"BreadcrumbList","@id":"https:\/\/espak.ee\/epood\/toode\/silikoon-soudal-fireseal-b1-fr-valge-600ml\/#breadcrumb","itemListElement":[{"@type":"ListItem","position":1,"name":"Home","item":"https:\/\/espak.ee\/epood\/"},{"@type":"ListItem","position":2,"name":"Tootevalik","item":"https:\/\/espak.ee\/epood\/tootevalik\/"},{"@type":"ListItem","position":3,"name":"SILIKOON SOUDAL FIRESEAL B1 FR VALGE 600ML"}]},{"@type":"WebSite","@id":"https:\/\/espak.ee\/epood\/#website","url":"https:\/\/espak.ee\/epood\/","name":"Espak E-pood","description":"","potentialAction":[{"@type":"SearchAction","target":{"@type":"EntryPoint","urlTemplate":"https:\/\/espak.ee\/epood\/?s={search_term_string}"},"query-input":{"@type":"PropertyValueSpecification","valueRequired":true,"valueName":"search_term_string"}}],"inLanguage":"et"}]}},"_links":{"self":[{"href":"https:\/\/espak.ee\/epood\/wp-json\/wp\/v2\/product\/5664","targetHints":{"allow":["GET"]}}],"collection":[{"href":"https:\/\/espak.ee\/epood\/wp-json\/wp\/v2\/product"}],"about":[{"href":"https:\/\/espak.ee\/epood\/wp-json\/wp\/v2\/types\/product"}],"replies":[{"embeddable":true,"href":"https:\/\/espak.ee\/epood\/wp-json\/wp\/v2\/comments?post=5664"}],"wp:featuredmedia":[{"embeddable":true,"href":"https:\/\/espak.ee\/epood\/wp-json\/wp\/v2\/media\/5958"}],"wp:attachment":[{"href":"https:\/\/espak.ee\/epood\/wp-json\/wp\/v2\/media?parent=5664"}],"wp:term":[{"taxonomy":"product_brand","embeddable":true,"href":"https:\/\/espak.ee\/epood\/wp-json\/wp\/v2\/product_brand?post=5664"},{"taxonomy":"product_cat","embeddable":true,"href":"https:\/\/espak.ee\/epood\/wp-json\/wp\/v2\/product_cat?post=5664"},{"taxonomy":"product_tag","embeddable":true,"href":"https:\/\/espak.ee\/epood\/wp-json\/wp\/v2\/product_tag?post=5664"}],"curies":[{"name":"wp","href":"https:\/\/api.w.org\/{rel}","templated":true}]}}