{"id":5652,"date":"2019-05-11T02:15:42","date_gmt":"2019-05-10T23:15:42","guid":{"rendered":"https:\/\/espak.ee\/hinnakiri\/?post_type=product&#038;p=5652"},"modified":"2026-01-28T14:50:57","modified_gmt":"2026-01-28T12:50:57","slug":"pustolivaht-soudal-soudabond-easy-750ml","status":"publish","type":"product","link":"https:\/\/espak.ee\/epood\/toode\/pustolivaht-soudal-soudabond-easy-750ml\/","title":{"rendered":"P\u00dcSTOLIVAHT SOUDAL SOUDABOND EASY 750ML"},"content":{"rendered":"<div class=\"row\"  id=\"row-36750773\">\n\n\t<div id=\"col-20469205\" class=\"col medium-9 small-12 large-9\"  >\n\t\t\t\t<div class=\"col-inner\"  >\n\t\t\t\n\t\t\t\n<div><strong>Soudabond Easy<\/strong> on kasutusvalmis \u00fchekomponentne isepaisuv pol\u00fcuretaanil p\u00f5hinev liimvaht kasutamiseks p\u00fcstoli abil. Toode on v\u00e4lja t\u00f6\u00f6tatud isolatsiooniplaatide ja kergete dekoratiivsete elementide puhtaks, efektiivseks ja j\u00e4\u00e4vaks liimimiseks seintele ja katustele.<\/div>\n<div>\u00a0<\/div>\n<div class=\"message-box relative\" style=\"padding-top:15px;padding-bottom:15px;\"><div class=\"message-box-bg-image bg-fill fill\" ><\/div><div class=\"message-box-bg-overlay bg-fill fill\" ><\/div><div class=\"container relative\"><div class=\"inner last-reset\">\n<div class=\"row align-middle align-center\"  id=\"row-104780104\">\n\n\t<div id=\"col-1149238865\" class=\"col small-12 large-12\"  >\n\t\t\t\t<div class=\"col-inner text-left\"  >\n\t\t\t\n\t\t\t\n<h4>Omadused<\/h4>\n<div class=\"row\"  id=\"row-810502789\">\n\n\t<div id=\"col-1344974930\" class=\"col medium-6 small-12 large-6\"  >\n\t\t\t\t<div class=\"col-inner\"  >\n\t\t\t\n\t\t\t\n<p><i class=\"far fa-check-circle fa-2x\"><\/i><strong>\u00a0Sobib nii vertikaalsetele kui horisontaalsetele pindadele <\/strong><\/p>\n<p><strong><i class=\"far fa-check-circle fa-2x\"><\/i> J\u00e4\u00e4b elastseks, ei hakka murenema<\/strong><\/p>\n\t\t<\/div>\n\t\t\t\t\n<style>\n#col-1344974930 > .col-inner {\n  margin: 0px 0px 15px 0px;\n}\n<\/style>\n\t<\/div>\n\n\t\n\n\t<div id=\"col-69392814\" class=\"col medium-6 small-12 large-6\"  >\n\t\t\t\t<div class=\"col-inner\"  >\n\t\t\t\n\t\t\t\n<p><i class=\"far fa-check-circle fa-2x\"><\/i><strong>\u00a0Ei sisalda solvente <\/strong><\/p>\n<p><strong><i class=\"far fa-check-circle fa-2x\"><\/i> Kiire kuivamine <\/strong><\/p>\n\t\t<\/div>\n\t\t\t\t\n<style>\n#col-69392814 > .col-inner {\n  margin: 0px 0px 15px 0px;\n}\n<\/style>\n\t<\/div>\n\n\t\n<\/div>\n\t\t<\/div>\n\t\t\t\t\t<\/div>\n\n\t\n<\/div>\n<\/div><\/div><\/div>\n\t<div id=\"gap-600401494\" class=\"gap-element clearfix\" style=\"display:block; height:auto;\">\n\t\t\n<style>\n#gap-600401494 {\n  padding-top: 30px;\n}\n<\/style>\n\t<\/div>\n\t\n<h3>Kasutamise \u00fcksikasjad<\/h3>\n<p><strong>Kasutuskohad:<\/strong><\/p>\n<ul>\n<li>Erinavatest materjalidest isolatsiooniplaatide kinnitamiseks katustele, seintele ja fassaadidele<\/li>\n<li>Dekoratiivsete elementide kinnitamiseks fassaadidele<\/li>\n<li>T\u00fchimike t\u00e4itmiseks<\/li>\n<li>Mittekandvate vaheseinte ehitusel plokkide sidumiseks, asendab m\u00f6rti<\/li>\n<\/ul>\n<p><strong>Pinnad: <\/strong>K\u00f5ik paneelid ja plaadid, katusematerjalid, puit, betoon, metall, fiibertsement jne. Pinna seisukord: puhas, rasva- ja tolmuvaba. Optimaalse tulemuse saavutamiseks soovitame eelnevat sobivustesti.<\/p>\n<p><strong>Kasutamistemperatuur:<\/strong> Pindadel +5\u00b0C kuni +35\u00b0C; balloonil +5\u00b0C kuni +25\u00b0<\/p>\n<p><strong>Puhastamine<\/strong>: Kui liim pole k\u00f5venenud, kasuta Soudali vahupuhastit, k\u00f5venenud liimvahu korral kasuta Soudali PU Eemaldajat v\u00f5i eemalda mehaaniliselt.<\/p>\n<p><strong>S\u00e4ilivusaeg: <\/strong>12 kuud avamata pakendis jahedas ja kuivas kohas temperatuurivahemikes +5\u00b0C kuni +25\u00b0C. Alati hoia ventiil \u00fclevalpool asendis! Osaliselt kasutatud balloonidel sulgeda ventiil, puhastada ventiil ja saab liimi veidi aja p\u00e4raste edasi kasutada.<\/p>\n<p><strong>Tervise- ja ohutusn\u00f5uded: <\/strong>Harilikud t\u00f6\u00f6stush\u00fcgieeni n\u00f5uded. Kasuta kaitsekindaid ja prille. K\u00f5venenud vaht eemalda mehaaniliselt, \u00e4ra \u00fcrita p\u00f5letada.<\/p>\n\t\t<\/div>\n\t\t\t\t\t<\/div>\n\n\t\n\n\t<div id=\"col-1354916936\" class=\"col medium-3 small-12 large-3\"  >\n\t\t\t\t<div class=\"col-inner\"  >\n\t\t\t\n\t\t\t\n\t<div id=\"gap-235074075\" class=\"gap-element clearfix\" style=\"display:block; height:auto;\">\n\t\t\n<style>\n#gap-235074075 {\n  padding-top: 30px;\n}\n<\/style>\n\t<\/div>\n\t\n<h3>Tehniline informatsioon<\/h3>\n<p><a href=\"https:\/\/espak.ee\/epood\/wp-content\/uploads\/233_47d9ee27c25351c5975ef5c824f657de.pdf\" target=\"_blank\" rel=\"noopener noreferrer\"><i class=\"far fa-file-pdf\"><\/i> Tehniline info (PDF)<\/a><\/p>\n<div class=\"is-divider divider clearfix\" ><\/div>\n<p><strong>\u00dcksikasjalikuma n\u00f5u saamiseks v\u00f5tke \u00fchendust:<br \/><\/strong>SOUDAL AS\ufeff<br \/>Haraka tn. 5<br \/>11311<br \/>Tallinn<br \/>+ 372 655 1851<\/p>\n\t\t<\/div>\n\t\t\t\t\t<\/div>\n\n\t\n<\/div>\n","protected":false},"excerpt":{"rendered":"","protected":false},"featured_media":6024,"comment_status":"closed","ping_status":"open","template":"","meta":[],"product_brand":[],"product_cat":[2703,2708,2710,2683],"product_tag":[],"class_list":{"0":"post-5652","1":"product","2":"type-product","3":"status-publish","4":"has-post-thumbnail","6":"product_cat-ehituskeemia","7":"product_cat-hermeetikud","8":"product_cat-montaazivahud","9":"product_cat-viimistluskaubad","10":"pa_kaubamark-soudal-as","12":"first","13":"instock","14":"sale","15":"taxable","16":"shipping-taxable","17":"purchasable","18":"product-type-simple"},"yoast_head":"<!-- This site is optimized with the Yoast SEO plugin v26.9 - https:\/\/yoast.com\/product\/yoast-seo-wordpress\/ -->\n<title>P\u00dcSTOLIVAHT SOUDAL SOUDABOND EASY 750ML - Espak E-pood<\/title>\n<meta name=\"robots\" content=\"index, follow, max-snippet:-1, max-image-preview:large, max-video-preview:-1\" \/>\n<link rel=\"canonical\" href=\"https:\/\/espak.ee\/epood\/toode\/pustolivaht-soudal-soudabond-easy-750ml\/\" \/>\n<meta property=\"og:locale\" content=\"et_EE\" \/>\n<meta property=\"og:type\" content=\"article\" \/>\n<meta property=\"og:title\" content=\"P\u00dcSTOLIVAHT SOUDAL SOUDABOND EASY 750ML - Espak E-pood\" \/>\n<meta property=\"og:url\" content=\"https:\/\/espak.ee\/epood\/toode\/pustolivaht-soudal-soudabond-easy-750ml\/\" \/>\n<meta property=\"og:site_name\" content=\"Espak E-pood\" \/>\n<meta property=\"article:modified_time\" content=\"2026-01-28T12:50:57+00:00\" \/>\n<meta property=\"og:image\" content=\"https:\/\/espak.ee\/epood\/wp-content\/uploads\/Soudabond-Easy.jpg\" \/>\n\t<meta property=\"og:image:width\" content=\"2048\" \/>\n\t<meta property=\"og:image:height\" content=\"2048\" \/>\n\t<meta property=\"og:image:type\" content=\"image\/jpeg\" \/>\n<meta name=\"twitter:card\" content=\"summary_large_image\" \/>\n<meta name=\"twitter:label1\" content=\"Est. reading time\" \/>\n\t<meta name=\"twitter:data1\" content=\"1 minut\" \/>\n<script type=\"application\/ld+json\" class=\"yoast-schema-graph\">{\"@context\":\"https:\/\/schema.org\",\"@graph\":[{\"@type\":\"WebPage\",\"@id\":\"https:\/\/espak.ee\/epood\/toode\/pustolivaht-soudal-soudabond-easy-750ml\/\",\"url\":\"https:\/\/espak.ee\/epood\/toode\/pustolivaht-soudal-soudabond-easy-750ml\/\",\"name\":\"P\u00dcSTOLIVAHT SOUDAL SOUDABOND EASY 750ML - Espak E-pood\",\"isPartOf\":{\"@id\":\"https:\/\/espak.ee\/epood\/#website\"},\"primaryImageOfPage\":{\"@id\":\"https:\/\/espak.ee\/epood\/toode\/pustolivaht-soudal-soudabond-easy-750ml\/#primaryimage\"},\"image\":{\"@id\":\"https:\/\/espak.ee\/epood\/toode\/pustolivaht-soudal-soudabond-easy-750ml\/#primaryimage\"},\"thumbnailUrl\":\"https:\/\/espak.ee\/epood\/wp-content\/uploads\/Soudabond-Easy.jpg\",\"datePublished\":\"2019-05-10T23:15:42+00:00\",\"dateModified\":\"2026-01-28T12:50:57+00:00\",\"breadcrumb\":{\"@id\":\"https:\/\/espak.ee\/epood\/toode\/pustolivaht-soudal-soudabond-easy-750ml\/#breadcrumb\"},\"inLanguage\":\"et\",\"potentialAction\":[{\"@type\":\"ReadAction\",\"target\":[\"https:\/\/espak.ee\/epood\/toode\/pustolivaht-soudal-soudabond-easy-750ml\/\"]}]},{\"@type\":\"ImageObject\",\"inLanguage\":\"et\",\"@id\":\"https:\/\/espak.ee\/epood\/toode\/pustolivaht-soudal-soudabond-easy-750ml\/#primaryimage\",\"url\":\"https:\/\/espak.ee\/epood\/wp-content\/uploads\/Soudabond-Easy.jpg\",\"contentUrl\":\"https:\/\/espak.ee\/epood\/wp-content\/uploads\/Soudabond-Easy.jpg\",\"width\":2048,\"height\":2048},{\"@type\":\"BreadcrumbList\",\"@id\":\"https:\/\/espak.ee\/epood\/toode\/pustolivaht-soudal-soudabond-easy-750ml\/#breadcrumb\",\"itemListElement\":[{\"@type\":\"ListItem\",\"position\":1,\"name\":\"Home\",\"item\":\"https:\/\/espak.ee\/epood\/\"},{\"@type\":\"ListItem\",\"position\":2,\"name\":\"Tootevalik\",\"item\":\"https:\/\/espak.ee\/epood\/tootevalik\/\"},{\"@type\":\"ListItem\",\"position\":3,\"name\":\"P\u00dcSTOLIVAHT SOUDAL SOUDABOND EASY 750ML\"}]},{\"@type\":\"WebSite\",\"@id\":\"https:\/\/espak.ee\/epood\/#website\",\"url\":\"https:\/\/espak.ee\/epood\/\",\"name\":\"Espak E-pood\",\"description\":\"\",\"potentialAction\":[{\"@type\":\"SearchAction\",\"target\":{\"@type\":\"EntryPoint\",\"urlTemplate\":\"https:\/\/espak.ee\/epood\/?s={search_term_string}\"},\"query-input\":{\"@type\":\"PropertyValueSpecification\",\"valueRequired\":true,\"valueName\":\"search_term_string\"}}],\"inLanguage\":\"et\"}]}<\/script>\n<!-- \/ Yoast SEO plugin. -->","yoast_head_json":{"title":"P\u00dcSTOLIVAHT SOUDAL SOUDABOND EASY 750ML - Espak E-pood","robots":{"index":"index","follow":"follow","max-snippet":"max-snippet:-1","max-image-preview":"max-image-preview:large","max-video-preview":"max-video-preview:-1"},"canonical":"https:\/\/espak.ee\/epood\/toode\/pustolivaht-soudal-soudabond-easy-750ml\/","og_locale":"et_EE","og_type":"article","og_title":"P\u00dcSTOLIVAHT SOUDAL SOUDABOND EASY 750ML - Espak E-pood","og_url":"https:\/\/espak.ee\/epood\/toode\/pustolivaht-soudal-soudabond-easy-750ml\/","og_site_name":"Espak E-pood","article_modified_time":"2026-01-28T12:50:57+00:00","og_image":[{"width":2048,"height":2048,"url":"https:\/\/espak.ee\/epood\/wp-content\/uploads\/Soudabond-Easy.jpg","type":"image\/jpeg"}],"twitter_card":"summary_large_image","twitter_misc":{"Est. reading time":"1 minut"},"schema":{"@context":"https:\/\/schema.org","@graph":[{"@type":"WebPage","@id":"https:\/\/espak.ee\/epood\/toode\/pustolivaht-soudal-soudabond-easy-750ml\/","url":"https:\/\/espak.ee\/epood\/toode\/pustolivaht-soudal-soudabond-easy-750ml\/","name":"P\u00dcSTOLIVAHT SOUDAL SOUDABOND EASY 750ML - Espak E-pood","isPartOf":{"@id":"https:\/\/espak.ee\/epood\/#website"},"primaryImageOfPage":{"@id":"https:\/\/espak.ee\/epood\/toode\/pustolivaht-soudal-soudabond-easy-750ml\/#primaryimage"},"image":{"@id":"https:\/\/espak.ee\/epood\/toode\/pustolivaht-soudal-soudabond-easy-750ml\/#primaryimage"},"thumbnailUrl":"https:\/\/espak.ee\/epood\/wp-content\/uploads\/Soudabond-Easy.jpg","datePublished":"2019-05-10T23:15:42+00:00","dateModified":"2026-01-28T12:50:57+00:00","breadcrumb":{"@id":"https:\/\/espak.ee\/epood\/toode\/pustolivaht-soudal-soudabond-easy-750ml\/#breadcrumb"},"inLanguage":"et","potentialAction":[{"@type":"ReadAction","target":["https:\/\/espak.ee\/epood\/toode\/pustolivaht-soudal-soudabond-easy-750ml\/"]}]},{"@type":"ImageObject","inLanguage":"et","@id":"https:\/\/espak.ee\/epood\/toode\/pustolivaht-soudal-soudabond-easy-750ml\/#primaryimage","url":"https:\/\/espak.ee\/epood\/wp-content\/uploads\/Soudabond-Easy.jpg","contentUrl":"https:\/\/espak.ee\/epood\/wp-content\/uploads\/Soudabond-Easy.jpg","width":2048,"height":2048},{"@type":"BreadcrumbList","@id":"https:\/\/espak.ee\/epood\/toode\/pustolivaht-soudal-soudabond-easy-750ml\/#breadcrumb","itemListElement":[{"@type":"ListItem","position":1,"name":"Home","item":"https:\/\/espak.ee\/epood\/"},{"@type":"ListItem","position":2,"name":"Tootevalik","item":"https:\/\/espak.ee\/epood\/tootevalik\/"},{"@type":"ListItem","position":3,"name":"P\u00dcSTOLIVAHT SOUDAL SOUDABOND EASY 750ML"}]},{"@type":"WebSite","@id":"https:\/\/espak.ee\/epood\/#website","url":"https:\/\/espak.ee\/epood\/","name":"Espak E-pood","description":"","potentialAction":[{"@type":"SearchAction","target":{"@type":"EntryPoint","urlTemplate":"https:\/\/espak.ee\/epood\/?s={search_term_string}"},"query-input":{"@type":"PropertyValueSpecification","valueRequired":true,"valueName":"search_term_string"}}],"inLanguage":"et"}]}},"_links":{"self":[{"href":"https:\/\/espak.ee\/epood\/wp-json\/wp\/v2\/product\/5652","targetHints":{"allow":["GET"]}}],"collection":[{"href":"https:\/\/espak.ee\/epood\/wp-json\/wp\/v2\/product"}],"about":[{"href":"https:\/\/espak.ee\/epood\/wp-json\/wp\/v2\/types\/product"}],"replies":[{"embeddable":true,"href":"https:\/\/espak.ee\/epood\/wp-json\/wp\/v2\/comments?post=5652"}],"wp:featuredmedia":[{"embeddable":true,"href":"https:\/\/espak.ee\/epood\/wp-json\/wp\/v2\/media\/6024"}],"wp:attachment":[{"href":"https:\/\/espak.ee\/epood\/wp-json\/wp\/v2\/media?parent=5652"}],"wp:term":[{"taxonomy":"product_brand","embeddable":true,"href":"https:\/\/espak.ee\/epood\/wp-json\/wp\/v2\/product_brand?post=5652"},{"taxonomy":"product_cat","embeddable":true,"href":"https:\/\/espak.ee\/epood\/wp-json\/wp\/v2\/product_cat?post=5652"},{"taxonomy":"product_tag","embeddable":true,"href":"https:\/\/espak.ee\/epood\/wp-json\/wp\/v2\/product_tag?post=5652"}],"curies":[{"name":"wp","href":"https:\/\/api.w.org\/{rel}","templated":true}]}}