{"id":5646,"date":"2019-05-11T02:15:42","date_gmt":"2019-05-10T23:15:42","guid":{"rendered":"https:\/\/espak.ee\/hinnakiri\/?post_type=product&#038;p=5646"},"modified":"2025-11-19T13:13:31","modified_gmt":"2025-11-19T11:13:31","slug":"pustolivaht-soudal-flexifoam-elastne-750ml","status":"publish","type":"product","link":"https:\/\/espak.ee\/epood\/toode\/pustolivaht-soudal-flexifoam-elastne-750ml\/","title":{"rendered":"P\u00dcSTOLIVAHT SOUDAL FLEXIFOAM ELASTNE 750ML"},"content":{"rendered":"<div class=\"row\"  id=\"row-1822707859\">\n\n\t<div id=\"col-985180114\" class=\"col medium-9 small-12 large-9\"  >\n\t\t\t\t<div class=\"col-inner\"  >\n\t\t\t\n\t\t\t\n<p>Flexifoam on \u00fchekomponentne, isepaisuv, kasutusvalmis pol\u00fcuretaan p\u00fcstolivaht. Vahul on elastsed omadused, sobib kasutada liikuvates \u00fchenduskohtades ehitusest\u00f6\u00f6del.<\/p>\n<div class=\"message-box relative\" style=\"padding-top:15px;padding-bottom:15px;\"><div class=\"message-box-bg-image bg-fill fill\" ><\/div><div class=\"message-box-bg-overlay bg-fill fill\" ><\/div><div class=\"container relative\"><div class=\"inner last-reset\">\n<div class=\"row align-middle align-center\"  id=\"row-1680180605\">\n\n\t<div id=\"col-1182291387\" class=\"col small-12 large-12\"  >\n\t\t\t\t<div class=\"col-inner text-left\"  >\n\t\t\t\n\t\t\t\n<h4>Omadused<\/h4>\n<div class=\"row\"  id=\"row-882744210\">\n\n\t<div id=\"col-483734098\" class=\"col medium-6 small-12 large-6\"  >\n\t\t\t\t<div class=\"col-inner\"  >\n\t\t\t\n\t\t\t\n<p><i class=\"far fa-check-circle fa-2x\"><\/i><strong>\u00a0Veeauru l\u00e4bilaskvus <\/strong><\/p>\n<p><i class=\"far fa-check-circle fa-2x\"><\/i><strong>\u00a0K\u00f5rge soojus- ja heliisolatsioon<\/strong><\/p>\n\t\t<\/div>\n\t\t\t\t\n<style>\n#col-483734098 > .col-inner {\n  margin: 0px 0px 15px 0px;\n}\n<\/style>\n\t<\/div>\n\n\t\n\n\t<div id=\"col-452783537\" class=\"col medium-6 small-12 large-6\"  >\n\t\t\t\t<div class=\"col-inner\"  >\n\t\t\t\n\t\t\t\n<p><i class=\"far fa-check-circle fa-2x\"><\/i><strong> Head t\u00e4iteomadused, v\u00e4hene paisumine<\/strong><\/p>\n<p><i class=\"far fa-check-circle fa-2x\"><\/i><strong> \u00d5hukindel<\/strong><\/p>\n\t\t<\/div>\n\t\t\t\t\n<style>\n#col-452783537 > .col-inner {\n  margin: 0px 0px 15px 0px;\n}\n<\/style>\n\t<\/div>\n\n\t\n<\/div>\n\t\t<\/div>\n\t\t\t\t\t<\/div>\n\n\t\n<\/div>\n<\/div><\/div><\/div>\n\t<div id=\"gap-307842396\" class=\"gap-element clearfix\" style=\"display:block; height:auto;\">\n\t\t\n<style>\n#gap-307842396 {\n  padding-top: 30px;\n}\n<\/style>\n\t<\/div>\n\t\n<h3>Kasutamise \u00fcksikasjad<\/h3>\n<p><strong>Kasutamine: <\/strong>K\u00f5igepealt raputa aerosoolballooni v\u00e4hemalt 20 sekundit. \u00dchenda p\u00fcstol adapteriga ja reguleeri sobiv vahu v\u00e4ljalaskmise hulk. Pinnad peavd olema tolmu- ja rasvavabad. Pindade niisutamine veepritsi abil parandab vahu rakustruktuuri naket, k\u00f5venemist ja tihedust. Pinnale on soovitatav teha eelnev nakketest. Avad t\u00e4ita alt \u00fclespoole, kuna vaht paisub, t\u00e4ita t\u00fchimikud umbes 65%. Kasutamise jooksul loksutada ballooni korduvalt. S\u00fcgavama vuugi v\u00f5i \u00f5\u00f5nsuse puhul t\u00e4ita t\u00fchimik kihiti, iga kihti eraldi niisutades, et vaht saaks vahepeal kuivada ja k\u00f5veneda. Liigse vahu saab eemaldada Soudal Swipex puhastuslappidega, puhastusvahendi (Soudal Gun &amp; Foamcleaner) v\u00f5i atsetooniga. K\u00f5venenud vahtu saab eemaldada mehaaniliselt v\u00f5i Soudal PU eemaldajaga.<\/p>\n<p><strong>Kasutusalad:<\/strong><\/p>\n<ul>\n<li>K\u00f5ik vahu rakendusalad staatilistes ja mittestaatilistes \u00fchenduskohtades ehitust\u00f6\u00f6del.<\/li>\n<li>Akna- ja ukseraamide paigaldamine<\/li>\n<\/ul>\n<p><strong>Kasutustemperatuur:<\/strong> -10\u02daC kuni +35\u02daC<\/p>\n<p><strong>S\u00e4ilivusaeg:<\/strong> V\u00e4hemalt 24 kuud avamata pakendis kuivas ja jahedas kohas. Ventiil hoida alati p\u00fcstises asendis.<\/p>\n<p><strong>Tervise- ja ohutusn\u00f5uded: <\/strong>J\u00e4rgige tavap\u00e4rast t\u00f6\u00f6h\u00fcgieeni. Kandke kaitseprille-ja kindaid. Eemaldage k\u00f5venenud vaht mehaaniliselt, mitte kunagi \u00e4rge p\u00f5letage. Lisateavet t\u00f6\u00f6ohutuse ja k\u00e4itlemise kohta saate toote m\u00fc\u00fcgipakendilt.<\/p>\n\t\t<\/div>\n\t\t\t\t\t<\/div>\n\n\t\n\n\t<div id=\"col-486449134\" class=\"col medium-3 small-12 large-3\"  >\n\t\t\t\t<div class=\"col-inner\"  >\n\t\t\t\n\t\t\t\n\t<div id=\"gap-604485315\" class=\"gap-element clearfix\" style=\"display:block; height:auto;\">\n\t\t\n<style>\n#gap-604485315 {\n  padding-top: 30px;\n}\n<\/style>\n\t<\/div>\n\t\n<h3>Tehniline informatsioon<\/h3>\n<p><a href=\"https:\/\/espak.ee\/epood\/wp-content\/uploads\/510_770aa0a4287bdc3c05451b900353ab4a.pdf\" target=\"_blank\" rel=\"noopener noreferrer\"><i class=\"far fa-file-pdf\"><\/i> Tehniline info (PDF)<\/a><\/p>\n<div class=\"is-divider divider clearfix\" ><\/div>\n<p><strong>\u00dcksikasjalikuma n\u00f5u saamiseks v\u00f5tke \u00fchendust:<br \/><\/strong>SOUDAL AS\ufeff<br \/>Haraka tn. 5<br \/>11311<br \/>Tallinn<br \/>+ 372 655 1851<\/p>\n\t\t<\/div>\n\t\t\t\t\t<\/div>\n\n\t\n<\/div>\n","protected":false},"excerpt":{"rendered":"","protected":false},"featured_media":5967,"comment_status":"closed","ping_status":"open","template":"","meta":[],"product_brand":[],"product_cat":[2703,2708,2710,2683],"product_tag":[],"class_list":{"0":"post-5646","1":"product","2":"type-product","3":"status-publish","4":"has-post-thumbnail","6":"product_cat-ehituskeemia","7":"product_cat-hermeetikud","8":"product_cat-montaazivahud","9":"product_cat-viimistluskaubad","10":"pa_kaubamark-soudal-as","12":"first","13":"instock","14":"sale","15":"taxable","16":"shipping-taxable","17":"purchasable","18":"product-type-simple"},"yoast_head":"<!-- This site is optimized with the Yoast SEO plugin v26.9 - https:\/\/yoast.com\/product\/yoast-seo-wordpress\/ -->\n<title>P\u00dcSTOLIVAHT SOUDAL FLEXIFOAM ELASTNE 750ML - Espak E-pood<\/title>\n<meta name=\"robots\" content=\"index, follow, max-snippet:-1, max-image-preview:large, max-video-preview:-1\" \/>\n<link rel=\"canonical\" href=\"https:\/\/espak.ee\/epood\/toode\/pustolivaht-soudal-flexifoam-elastne-750ml\/\" \/>\n<meta property=\"og:locale\" content=\"et_EE\" \/>\n<meta property=\"og:type\" content=\"article\" \/>\n<meta property=\"og:title\" content=\"P\u00dcSTOLIVAHT SOUDAL FLEXIFOAM ELASTNE 750ML - Espak E-pood\" \/>\n<meta property=\"og:url\" content=\"https:\/\/espak.ee\/epood\/toode\/pustolivaht-soudal-flexifoam-elastne-750ml\/\" \/>\n<meta property=\"og:site_name\" content=\"Espak E-pood\" \/>\n<meta property=\"article:modified_time\" content=\"2025-11-19T11:13:31+00:00\" \/>\n<meta property=\"og:image\" content=\"https:\/\/espak.ee\/epood\/wp-content\/uploads\/FLEXIFOAM.jpg\" \/>\n\t<meta property=\"og:image:width\" content=\"2048\" \/>\n\t<meta property=\"og:image:height\" content=\"2048\" \/>\n\t<meta property=\"og:image:type\" content=\"image\/jpeg\" \/>\n<meta name=\"twitter:card\" content=\"summary_large_image\" \/>\n<meta name=\"twitter:label1\" content=\"Est. reading time\" \/>\n\t<meta name=\"twitter:data1\" content=\"2 minutit\" \/>\n<script type=\"application\/ld+json\" class=\"yoast-schema-graph\">{\"@context\":\"https:\/\/schema.org\",\"@graph\":[{\"@type\":\"WebPage\",\"@id\":\"https:\/\/espak.ee\/epood\/toode\/pustolivaht-soudal-flexifoam-elastne-750ml\/\",\"url\":\"https:\/\/espak.ee\/epood\/toode\/pustolivaht-soudal-flexifoam-elastne-750ml\/\",\"name\":\"P\u00dcSTOLIVAHT SOUDAL FLEXIFOAM ELASTNE 750ML - Espak E-pood\",\"isPartOf\":{\"@id\":\"https:\/\/espak.ee\/epood\/#website\"},\"primaryImageOfPage\":{\"@id\":\"https:\/\/espak.ee\/epood\/toode\/pustolivaht-soudal-flexifoam-elastne-750ml\/#primaryimage\"},\"image\":{\"@id\":\"https:\/\/espak.ee\/epood\/toode\/pustolivaht-soudal-flexifoam-elastne-750ml\/#primaryimage\"},\"thumbnailUrl\":\"https:\/\/espak.ee\/epood\/wp-content\/uploads\/FLEXIFOAM.jpg\",\"datePublished\":\"2019-05-10T23:15:42+00:00\",\"dateModified\":\"2025-11-19T11:13:31+00:00\",\"breadcrumb\":{\"@id\":\"https:\/\/espak.ee\/epood\/toode\/pustolivaht-soudal-flexifoam-elastne-750ml\/#breadcrumb\"},\"inLanguage\":\"et\",\"potentialAction\":[{\"@type\":\"ReadAction\",\"target\":[\"https:\/\/espak.ee\/epood\/toode\/pustolivaht-soudal-flexifoam-elastne-750ml\/\"]}]},{\"@type\":\"ImageObject\",\"inLanguage\":\"et\",\"@id\":\"https:\/\/espak.ee\/epood\/toode\/pustolivaht-soudal-flexifoam-elastne-750ml\/#primaryimage\",\"url\":\"https:\/\/espak.ee\/epood\/wp-content\/uploads\/FLEXIFOAM.jpg\",\"contentUrl\":\"https:\/\/espak.ee\/epood\/wp-content\/uploads\/FLEXIFOAM.jpg\",\"width\":2048,\"height\":2048},{\"@type\":\"BreadcrumbList\",\"@id\":\"https:\/\/espak.ee\/epood\/toode\/pustolivaht-soudal-flexifoam-elastne-750ml\/#breadcrumb\",\"itemListElement\":[{\"@type\":\"ListItem\",\"position\":1,\"name\":\"Home\",\"item\":\"https:\/\/espak.ee\/epood\/\"},{\"@type\":\"ListItem\",\"position\":2,\"name\":\"Tootevalik\",\"item\":\"https:\/\/espak.ee\/epood\/tootevalik\/\"},{\"@type\":\"ListItem\",\"position\":3,\"name\":\"P\u00dcSTOLIVAHT SOUDAL FLEXIFOAM ELASTNE 750ML\"}]},{\"@type\":\"WebSite\",\"@id\":\"https:\/\/espak.ee\/epood\/#website\",\"url\":\"https:\/\/espak.ee\/epood\/\",\"name\":\"Espak E-pood\",\"description\":\"\",\"potentialAction\":[{\"@type\":\"SearchAction\",\"target\":{\"@type\":\"EntryPoint\",\"urlTemplate\":\"https:\/\/espak.ee\/epood\/?s={search_term_string}\"},\"query-input\":{\"@type\":\"PropertyValueSpecification\",\"valueRequired\":true,\"valueName\":\"search_term_string\"}}],\"inLanguage\":\"et\"}]}<\/script>\n<!-- \/ Yoast SEO plugin. -->","yoast_head_json":{"title":"P\u00dcSTOLIVAHT SOUDAL FLEXIFOAM ELASTNE 750ML - Espak E-pood","robots":{"index":"index","follow":"follow","max-snippet":"max-snippet:-1","max-image-preview":"max-image-preview:large","max-video-preview":"max-video-preview:-1"},"canonical":"https:\/\/espak.ee\/epood\/toode\/pustolivaht-soudal-flexifoam-elastne-750ml\/","og_locale":"et_EE","og_type":"article","og_title":"P\u00dcSTOLIVAHT SOUDAL FLEXIFOAM ELASTNE 750ML - Espak E-pood","og_url":"https:\/\/espak.ee\/epood\/toode\/pustolivaht-soudal-flexifoam-elastne-750ml\/","og_site_name":"Espak E-pood","article_modified_time":"2025-11-19T11:13:31+00:00","og_image":[{"width":2048,"height":2048,"url":"https:\/\/espak.ee\/epood\/wp-content\/uploads\/FLEXIFOAM.jpg","type":"image\/jpeg"}],"twitter_card":"summary_large_image","twitter_misc":{"Est. reading time":"2 minutit"},"schema":{"@context":"https:\/\/schema.org","@graph":[{"@type":"WebPage","@id":"https:\/\/espak.ee\/epood\/toode\/pustolivaht-soudal-flexifoam-elastne-750ml\/","url":"https:\/\/espak.ee\/epood\/toode\/pustolivaht-soudal-flexifoam-elastne-750ml\/","name":"P\u00dcSTOLIVAHT SOUDAL FLEXIFOAM ELASTNE 750ML - Espak E-pood","isPartOf":{"@id":"https:\/\/espak.ee\/epood\/#website"},"primaryImageOfPage":{"@id":"https:\/\/espak.ee\/epood\/toode\/pustolivaht-soudal-flexifoam-elastne-750ml\/#primaryimage"},"image":{"@id":"https:\/\/espak.ee\/epood\/toode\/pustolivaht-soudal-flexifoam-elastne-750ml\/#primaryimage"},"thumbnailUrl":"https:\/\/espak.ee\/epood\/wp-content\/uploads\/FLEXIFOAM.jpg","datePublished":"2019-05-10T23:15:42+00:00","dateModified":"2025-11-19T11:13:31+00:00","breadcrumb":{"@id":"https:\/\/espak.ee\/epood\/toode\/pustolivaht-soudal-flexifoam-elastne-750ml\/#breadcrumb"},"inLanguage":"et","potentialAction":[{"@type":"ReadAction","target":["https:\/\/espak.ee\/epood\/toode\/pustolivaht-soudal-flexifoam-elastne-750ml\/"]}]},{"@type":"ImageObject","inLanguage":"et","@id":"https:\/\/espak.ee\/epood\/toode\/pustolivaht-soudal-flexifoam-elastne-750ml\/#primaryimage","url":"https:\/\/espak.ee\/epood\/wp-content\/uploads\/FLEXIFOAM.jpg","contentUrl":"https:\/\/espak.ee\/epood\/wp-content\/uploads\/FLEXIFOAM.jpg","width":2048,"height":2048},{"@type":"BreadcrumbList","@id":"https:\/\/espak.ee\/epood\/toode\/pustolivaht-soudal-flexifoam-elastne-750ml\/#breadcrumb","itemListElement":[{"@type":"ListItem","position":1,"name":"Home","item":"https:\/\/espak.ee\/epood\/"},{"@type":"ListItem","position":2,"name":"Tootevalik","item":"https:\/\/espak.ee\/epood\/tootevalik\/"},{"@type":"ListItem","position":3,"name":"P\u00dcSTOLIVAHT SOUDAL FLEXIFOAM ELASTNE 750ML"}]},{"@type":"WebSite","@id":"https:\/\/espak.ee\/epood\/#website","url":"https:\/\/espak.ee\/epood\/","name":"Espak E-pood","description":"","potentialAction":[{"@type":"SearchAction","target":{"@type":"EntryPoint","urlTemplate":"https:\/\/espak.ee\/epood\/?s={search_term_string}"},"query-input":{"@type":"PropertyValueSpecification","valueRequired":true,"valueName":"search_term_string"}}],"inLanguage":"et"}]}},"_links":{"self":[{"href":"https:\/\/espak.ee\/epood\/wp-json\/wp\/v2\/product\/5646","targetHints":{"allow":["GET"]}}],"collection":[{"href":"https:\/\/espak.ee\/epood\/wp-json\/wp\/v2\/product"}],"about":[{"href":"https:\/\/espak.ee\/epood\/wp-json\/wp\/v2\/types\/product"}],"replies":[{"embeddable":true,"href":"https:\/\/espak.ee\/epood\/wp-json\/wp\/v2\/comments?post=5646"}],"wp:featuredmedia":[{"embeddable":true,"href":"https:\/\/espak.ee\/epood\/wp-json\/wp\/v2\/media\/5967"}],"wp:attachment":[{"href":"https:\/\/espak.ee\/epood\/wp-json\/wp\/v2\/media?parent=5646"}],"wp:term":[{"taxonomy":"product_brand","embeddable":true,"href":"https:\/\/espak.ee\/epood\/wp-json\/wp\/v2\/product_brand?post=5646"},{"taxonomy":"product_cat","embeddable":true,"href":"https:\/\/espak.ee\/epood\/wp-json\/wp\/v2\/product_cat?post=5646"},{"taxonomy":"product_tag","embeddable":true,"href":"https:\/\/espak.ee\/epood\/wp-json\/wp\/v2\/product_tag?post=5646"}],"curies":[{"name":"wp","href":"https:\/\/api.w.org\/{rel}","templated":true}]}}