{"id":5630,"date":"2019-05-11T02:15:32","date_gmt":"2019-05-10T23:15:32","guid":{"rendered":"https:\/\/espak.ee\/hinnakiri\/?post_type=product&#038;p=5630"},"modified":"2024-03-23T00:23:20","modified_gmt":"2024-03-22T22:23:20","slug":"pahtel-soudal-metal-plastic-pehme-beez-1kg","status":"publish","type":"product","link":"https:\/\/espak.ee\/epood\/toode\/pahtel-soudal-metal-plastic-pehme-beez-1kg\/","title":{"rendered":"PAHTEL SOUDAL METAL PLASTIC PEHME BEE\u017d 1KG"},"content":{"rendered":"<div class=\"row\"  id=\"row-224660073\">\n\n\t<div id=\"col-212895792\" class=\"col medium-9 small-12 large-9\"  >\n\t\t\t\t<div class=\"col-inner\"  >\n\t\t\t\n\t\t\t\n<div>Metal Plastic Soft on k\u00fcllastamata pol\u00fcestervaikudel p\u00f5hinev kahekomponentne pol\u00fcesterpahtel.<\/div>\n<div>\u00a0<\/div>\n<div class=\"message-box relative\" style=\"padding-top:15px;padding-bottom:15px;\"><div class=\"message-box-bg-image bg-fill fill\" ><\/div><div class=\"message-box-bg-overlay bg-fill fill\" ><\/div><div class=\"container relative\"><div class=\"inner last-reset\">\n<div class=\"row align-middle align-center\"  id=\"row-1132564622\">\n\n\t<div id=\"col-771976036\" class=\"col small-12 large-12\"  >\n\t\t\t\t<div class=\"col-inner text-left\"  >\n\t\t\t\n\t\t\t\n<h4>Omadused<\/h4>\n<div class=\"row\"  id=\"row-413043751\">\n\n\t<div id=\"col-923788909\" class=\"col medium-6 small-12 large-6\"  >\n\t\t\t\t<div class=\"col-inner\"  >\n\t\t\t\n\t\t\t\n<p><i class=\"far fa-check-circle fa-2x\"><\/i> <strong>Kiire kuivamine<\/strong><\/p>\n<p><i class=\"far fa-check-circle fa-2x\"><\/i> <strong>Painduv<\/strong><\/p>\n\t\t<\/div>\n\t\t\t\t\n<style>\n#col-923788909 > .col-inner {\n  margin: 0px 0px 15px 0px;\n}\n<\/style>\n\t<\/div>\n\n\t\n\n\t<div id=\"col-2064553699\" class=\"col medium-6 small-12 large-6\"  >\n\t\t\t\t<div class=\"col-inner\"  >\n\t\t\t\n\t\t\t\n<p><i class=\"far fa-check-circle fa-2x\"><\/i> <strong>Lihtne kasutada<\/strong><\/p>\n<p><i class=\"far fa-check-circle fa-2x\"><\/i> <strong>Lihtne lihvida<\/strong><\/p>\n\t\t<\/div>\n\t\t\t\t\n<style>\n#col-2064553699 > .col-inner {\n  margin: 0px 0px 15px 0px;\n}\n<\/style>\n\t<\/div>\n\n\t\n<\/div>\n\t\t<\/div>\n\t\t\t\t\t<\/div>\n\n\t\n<\/div>\n<\/div><\/div><\/div>\n\t<div id=\"gap-814515412\" class=\"gap-element clearfix\" style=\"display:block; height:auto;\">\n\t\t\n<style>\n#gap-814515412 {\n  padding-top: 30px;\n}\n<\/style>\n\t<\/div>\n\t\n<h3>Kasutamise \u00fcksikasjad<\/h3>\n<p><strong>Kasutamine: <\/strong>M\u00f5lkide, kriimustuste ja pragude t\u00e4itmiseks autokeredele, detailidel, mis on kaetud tsingiga ja pol\u00fcestriga. Vigastuste parandamiseks paatidel, surfilaudadel jms. Kriimustuste ja muljumiste t\u00e4itmiseks puidupindadel.<\/p>\n<p><strong>Pinnad: <\/strong>Pinna t\u00fc\u00fcp: metall, tsingiga kaetud pinnad, pol\u00fcester, puit. N\u00f5uded pinnale: puhas, kuiv, tolmu- ja rasvavaba. Ettevalmistus: eemalda rooste, lihvimine liivapaberiga parandab naket. Soovitame teha eelneva sobivustesti. Sega 2% B komponenti A komponendiga. Veendu, et segamine on k\u00fcllaldane \u00fchtlase segu saamiseks . \u00c4ra sega korraga rohkem materjali, kui j\u00f5uad 5 min jooksul \u00e4ra kasutada. Segatud toode kanna pinnale spaatliga \u00f5hukese kihina. Vajaduse korral kanna pinnale mitu kihti. Pahtel on lihvitav 20 &#8211; 30 minuti p\u00e4rast s\u00f5ltuvalt \u00fcmbritsevast temperatuurist. Peale kihi k\u00f5venemist v\u00f5ib vajadusel protsessi korrata.<\/p>\n<p><strong>Kasutamistemperatuur:<\/strong> +10\u02daC kuni +25\u02daC<\/p>\n<p><strong>Puhastamine:<\/strong> K\u00f5venemata pahtlit saab puhastada atsetooniga, k\u00f5venenud pahtlit mehaaniliselt.<\/p>\n<p><strong>S\u00e4ilivusaeg: <\/strong>12 kuud avamata pakendis jahedas ja kuivas kohas temperatuuride vahemikus +5\u00b0C kuni +25\u00b0C<\/p>\n<p><strong>Tervise- ja ohutusn\u00f5uded: <\/strong>Harilikud t\u00f6\u00f6stush\u00fcgieeni n\u00f5uded. T\u00e4psem info sildil.<\/p>\n\t\t<\/div>\n\t\t\t\t\t<\/div>\n\n\t\n\n\t<div id=\"col-969147077\" class=\"col medium-3 small-12 large-3\"  >\n\t\t\t\t<div class=\"col-inner\"  >\n\t\t\t\n\t\t\t\n\t<div id=\"gap-673348376\" class=\"gap-element clearfix\" style=\"display:block; height:auto;\">\n\t\t\n<style>\n#gap-673348376 {\n  padding-top: 30px;\n}\n<\/style>\n\t<\/div>\n\t\n<h3>Tehniline informatsioon<\/h3>\n<p><a href=\"https:\/\/espak.ee\/epood\/wp-content\/uploads\/245_330acdbcc13593880c3d2b5bfe9cd921.pdf\" target=\"_blank\" rel=\"noopener noreferrer\"><i class=\"far fa-file-pdf\"><\/i> Tehniline info (PDF)<\/a><\/p>\n<div class=\"is-divider divider clearfix\" ><\/div>\n<p><strong>\u00dcksikasjalikuma n\u00f5u saamiseks v\u00f5tke \u00fchendust:<br \/><\/strong>SOUDAL AS\ufeff<br \/>Haraka tn. 5<br \/>11311<br \/>Tallinn<br \/>+ 372 655 1851<\/p>\n\t\t<\/div>\n\t\t\t\t\t<\/div>\n\n\t\n<\/div>\n","protected":false},"excerpt":{"rendered":"","protected":false},"featured_media":8546,"comment_status":"closed","ping_status":"open","template":"","meta":[],"product_brand":[],"product_cat":[2729,2698,2697,2730],"product_tag":[],"class_list":{"0":"post-5630","1":"product","2":"type-product","3":"status-publish","4":"has-post-thumbnail","6":"product_cat-fassaadi-ja-universaalpahtlid","7":"product_cat-pahtlid-ja-kuivsegud","8":"product_cat-uldehitus","9":"product_cat-universaalsed-pahtlid-ja-kitid","10":"pa_kaubamark-soudal-as","12":"first","13":"instock","14":"sale","15":"taxable","16":"shipping-taxable","17":"purchasable","18":"product-type-simple"},"yoast_head":"<!-- This site is optimized with the Yoast SEO plugin v26.9 - https:\/\/yoast.com\/product\/yoast-seo-wordpress\/ -->\n<title>PAHTEL SOUDAL METAL PLASTIC PEHME BEE\u017d 1KG - Espak E-pood<\/title>\n<meta name=\"robots\" content=\"index, follow, max-snippet:-1, max-image-preview:large, max-video-preview:-1\" \/>\n<link rel=\"canonical\" href=\"https:\/\/espak.ee\/epood\/toode\/pahtel-soudal-metal-plastic-pehme-beez-1kg\/\" \/>\n<meta property=\"og:locale\" content=\"et_EE\" \/>\n<meta property=\"og:type\" content=\"article\" \/>\n<meta property=\"og:title\" content=\"PAHTEL SOUDAL METAL PLASTIC PEHME BEE\u017d 1KG - Espak E-pood\" \/>\n<meta property=\"og:url\" content=\"https:\/\/espak.ee\/epood\/toode\/pahtel-soudal-metal-plastic-pehme-beez-1kg\/\" \/>\n<meta property=\"og:site_name\" content=\"Espak E-pood\" \/>\n<meta property=\"article:modified_time\" content=\"2024-03-22T22:23:20+00:00\" \/>\n<meta property=\"og:image\" content=\"https:\/\/espak.ee\/epood\/wp-content\/uploads\/316572-LAB_38918-Metal-Plastic-Soft-1kg.jpg\" \/>\n\t<meta property=\"og:image:width\" content=\"2048\" \/>\n\t<meta property=\"og:image:height\" content=\"2048\" \/>\n\t<meta property=\"og:image:type\" content=\"image\/jpeg\" \/>\n<meta name=\"twitter:card\" content=\"summary_large_image\" \/>\n<meta name=\"twitter:label1\" content=\"Est. reading time\" \/>\n\t<meta name=\"twitter:data1\" content=\"1 minut\" \/>\n<script type=\"application\/ld+json\" class=\"yoast-schema-graph\">{\"@context\":\"https:\/\/schema.org\",\"@graph\":[{\"@type\":\"WebPage\",\"@id\":\"https:\/\/espak.ee\/epood\/toode\/pahtel-soudal-metal-plastic-pehme-beez-1kg\/\",\"url\":\"https:\/\/espak.ee\/epood\/toode\/pahtel-soudal-metal-plastic-pehme-beez-1kg\/\",\"name\":\"PAHTEL SOUDAL METAL PLASTIC PEHME BEE\u017d 1KG - Espak E-pood\",\"isPartOf\":{\"@id\":\"https:\/\/espak.ee\/epood\/#website\"},\"primaryImageOfPage\":{\"@id\":\"https:\/\/espak.ee\/epood\/toode\/pahtel-soudal-metal-plastic-pehme-beez-1kg\/#primaryimage\"},\"image\":{\"@id\":\"https:\/\/espak.ee\/epood\/toode\/pahtel-soudal-metal-plastic-pehme-beez-1kg\/#primaryimage\"},\"thumbnailUrl\":\"https:\/\/espak.ee\/epood\/wp-content\/uploads\/316572-LAB_38918-Metal-Plastic-Soft-1kg.jpg\",\"datePublished\":\"2019-05-10T23:15:32+00:00\",\"dateModified\":\"2024-03-22T22:23:20+00:00\",\"breadcrumb\":{\"@id\":\"https:\/\/espak.ee\/epood\/toode\/pahtel-soudal-metal-plastic-pehme-beez-1kg\/#breadcrumb\"},\"inLanguage\":\"et\",\"potentialAction\":[{\"@type\":\"ReadAction\",\"target\":[\"https:\/\/espak.ee\/epood\/toode\/pahtel-soudal-metal-plastic-pehme-beez-1kg\/\"]}]},{\"@type\":\"ImageObject\",\"inLanguage\":\"et\",\"@id\":\"https:\/\/espak.ee\/epood\/toode\/pahtel-soudal-metal-plastic-pehme-beez-1kg\/#primaryimage\",\"url\":\"https:\/\/espak.ee\/epood\/wp-content\/uploads\/316572-LAB_38918-Metal-Plastic-Soft-1kg.jpg\",\"contentUrl\":\"https:\/\/espak.ee\/epood\/wp-content\/uploads\/316572-LAB_38918-Metal-Plastic-Soft-1kg.jpg\",\"width\":2048,\"height\":2048},{\"@type\":\"BreadcrumbList\",\"@id\":\"https:\/\/espak.ee\/epood\/toode\/pahtel-soudal-metal-plastic-pehme-beez-1kg\/#breadcrumb\",\"itemListElement\":[{\"@type\":\"ListItem\",\"position\":1,\"name\":\"Home\",\"item\":\"https:\/\/espak.ee\/epood\/\"},{\"@type\":\"ListItem\",\"position\":2,\"name\":\"Tootevalik\",\"item\":\"https:\/\/espak.ee\/epood\/tootevalik\/\"},{\"@type\":\"ListItem\",\"position\":3,\"name\":\"PAHTEL SOUDAL METAL PLASTIC PEHME BEE\u017d 1KG\"}]},{\"@type\":\"WebSite\",\"@id\":\"https:\/\/espak.ee\/epood\/#website\",\"url\":\"https:\/\/espak.ee\/epood\/\",\"name\":\"Espak E-pood\",\"description\":\"\",\"potentialAction\":[{\"@type\":\"SearchAction\",\"target\":{\"@type\":\"EntryPoint\",\"urlTemplate\":\"https:\/\/espak.ee\/epood\/?s={search_term_string}\"},\"query-input\":{\"@type\":\"PropertyValueSpecification\",\"valueRequired\":true,\"valueName\":\"search_term_string\"}}],\"inLanguage\":\"et\"}]}<\/script>\n<!-- \/ Yoast SEO plugin. -->","yoast_head_json":{"title":"PAHTEL SOUDAL METAL PLASTIC PEHME BEE\u017d 1KG - Espak E-pood","robots":{"index":"index","follow":"follow","max-snippet":"max-snippet:-1","max-image-preview":"max-image-preview:large","max-video-preview":"max-video-preview:-1"},"canonical":"https:\/\/espak.ee\/epood\/toode\/pahtel-soudal-metal-plastic-pehme-beez-1kg\/","og_locale":"et_EE","og_type":"article","og_title":"PAHTEL SOUDAL METAL PLASTIC PEHME BEE\u017d 1KG - Espak E-pood","og_url":"https:\/\/espak.ee\/epood\/toode\/pahtel-soudal-metal-plastic-pehme-beez-1kg\/","og_site_name":"Espak E-pood","article_modified_time":"2024-03-22T22:23:20+00:00","og_image":[{"width":2048,"height":2048,"url":"https:\/\/espak.ee\/epood\/wp-content\/uploads\/316572-LAB_38918-Metal-Plastic-Soft-1kg.jpg","type":"image\/jpeg"}],"twitter_card":"summary_large_image","twitter_misc":{"Est. reading time":"1 minut"},"schema":{"@context":"https:\/\/schema.org","@graph":[{"@type":"WebPage","@id":"https:\/\/espak.ee\/epood\/toode\/pahtel-soudal-metal-plastic-pehme-beez-1kg\/","url":"https:\/\/espak.ee\/epood\/toode\/pahtel-soudal-metal-plastic-pehme-beez-1kg\/","name":"PAHTEL SOUDAL METAL PLASTIC PEHME BEE\u017d 1KG - Espak E-pood","isPartOf":{"@id":"https:\/\/espak.ee\/epood\/#website"},"primaryImageOfPage":{"@id":"https:\/\/espak.ee\/epood\/toode\/pahtel-soudal-metal-plastic-pehme-beez-1kg\/#primaryimage"},"image":{"@id":"https:\/\/espak.ee\/epood\/toode\/pahtel-soudal-metal-plastic-pehme-beez-1kg\/#primaryimage"},"thumbnailUrl":"https:\/\/espak.ee\/epood\/wp-content\/uploads\/316572-LAB_38918-Metal-Plastic-Soft-1kg.jpg","datePublished":"2019-05-10T23:15:32+00:00","dateModified":"2024-03-22T22:23:20+00:00","breadcrumb":{"@id":"https:\/\/espak.ee\/epood\/toode\/pahtel-soudal-metal-plastic-pehme-beez-1kg\/#breadcrumb"},"inLanguage":"et","potentialAction":[{"@type":"ReadAction","target":["https:\/\/espak.ee\/epood\/toode\/pahtel-soudal-metal-plastic-pehme-beez-1kg\/"]}]},{"@type":"ImageObject","inLanguage":"et","@id":"https:\/\/espak.ee\/epood\/toode\/pahtel-soudal-metal-plastic-pehme-beez-1kg\/#primaryimage","url":"https:\/\/espak.ee\/epood\/wp-content\/uploads\/316572-LAB_38918-Metal-Plastic-Soft-1kg.jpg","contentUrl":"https:\/\/espak.ee\/epood\/wp-content\/uploads\/316572-LAB_38918-Metal-Plastic-Soft-1kg.jpg","width":2048,"height":2048},{"@type":"BreadcrumbList","@id":"https:\/\/espak.ee\/epood\/toode\/pahtel-soudal-metal-plastic-pehme-beez-1kg\/#breadcrumb","itemListElement":[{"@type":"ListItem","position":1,"name":"Home","item":"https:\/\/espak.ee\/epood\/"},{"@type":"ListItem","position":2,"name":"Tootevalik","item":"https:\/\/espak.ee\/epood\/tootevalik\/"},{"@type":"ListItem","position":3,"name":"PAHTEL SOUDAL METAL PLASTIC PEHME BEE\u017d 1KG"}]},{"@type":"WebSite","@id":"https:\/\/espak.ee\/epood\/#website","url":"https:\/\/espak.ee\/epood\/","name":"Espak E-pood","description":"","potentialAction":[{"@type":"SearchAction","target":{"@type":"EntryPoint","urlTemplate":"https:\/\/espak.ee\/epood\/?s={search_term_string}"},"query-input":{"@type":"PropertyValueSpecification","valueRequired":true,"valueName":"search_term_string"}}],"inLanguage":"et"}]}},"_links":{"self":[{"href":"https:\/\/espak.ee\/epood\/wp-json\/wp\/v2\/product\/5630","targetHints":{"allow":["GET"]}}],"collection":[{"href":"https:\/\/espak.ee\/epood\/wp-json\/wp\/v2\/product"}],"about":[{"href":"https:\/\/espak.ee\/epood\/wp-json\/wp\/v2\/types\/product"}],"replies":[{"embeddable":true,"href":"https:\/\/espak.ee\/epood\/wp-json\/wp\/v2\/comments?post=5630"}],"wp:featuredmedia":[{"embeddable":true,"href":"https:\/\/espak.ee\/epood\/wp-json\/wp\/v2\/media\/8546"}],"wp:attachment":[{"href":"https:\/\/espak.ee\/epood\/wp-json\/wp\/v2\/media?parent=5630"}],"wp:term":[{"taxonomy":"product_brand","embeddable":true,"href":"https:\/\/espak.ee\/epood\/wp-json\/wp\/v2\/product_brand?post=5630"},{"taxonomy":"product_cat","embeddable":true,"href":"https:\/\/espak.ee\/epood\/wp-json\/wp\/v2\/product_cat?post=5630"},{"taxonomy":"product_tag","embeddable":true,"href":"https:\/\/espak.ee\/epood\/wp-json\/wp\/v2\/product_tag?post=5630"}],"curies":[{"name":"wp","href":"https:\/\/api.w.org\/{rel}","templated":true}]}}