{"id":5623,"date":"2019-05-10T02:10:44","date_gmt":"2019-05-09T23:10:44","guid":{"rendered":"https:\/\/espak.ee\/hinnakiri\/?post_type=product&#038;p=5623"},"modified":"2024-03-23T00:23:21","modified_gmt":"2024-03-22T22:23:21","slug":"korrevaht-soudal-soudafoam-fire-750ml","status":"publish","type":"product","link":"https:\/\/espak.ee\/epood\/toode\/korrevaht-soudal-soudafoam-fire-750ml\/","title":{"rendered":"K\u00d5RREVAHT SOUDAL SOUDAFOAM FIRE 750ML"},"content":{"rendered":"<div class=\"row\"  id=\"row-770980232\">\n\n\t<div id=\"col-907622045\" class=\"col medium-9 small-12 large-9\"  >\n\t\t\t\t<div class=\"col-inner\"  >\n\t\t\t\n\t\t\t\n<p><strong>Soudafoam FR<\/strong> k\u00f5rrevaht on \u00fchekomponentne kasutusvalmis isepaisuv pol\u00fcuretaanvaht, mis sisaldab CFC vaba propellanti, mis on t\u00e4iesti ohutu osoonikihile. Teatud tingimuste korral vastupidav leegile kuni 360 minutit.<\/p>\n<div class=\"message-box relative\" style=\"padding-top:15px;padding-bottom:15px;\"><div class=\"message-box-bg-image bg-fill fill\" ><\/div><div class=\"message-box-bg-overlay bg-fill fill\" ><\/div><div class=\"container relative\"><div class=\"inner last-reset\">\n<div class=\"row align-middle align-center\"  id=\"row-1204391039\">\n\n\t<div id=\"col-349446548\" class=\"col small-12 large-12\"  >\n\t\t\t\t<div class=\"col-inner text-left\"  >\n\t\t\t\n\t\t\t\n<h4>Omadused<\/h4>\n<div class=\"row\"  id=\"row-896267107\">\n\n\t<div id=\"col-1213114458\" class=\"col medium-6 small-12 large-6\"  >\n\t\t\t\t<div class=\"col-inner\"  >\n\t\t\t\n\t\t\t\n<p><i class=\"far fa-check-circle fa-2x\"><\/i><strong>\u00a0Efektiivselt hermetiseerib suitsu ja gaasid<\/strong><\/p>\n<p><i class=\"far fa-check-circle fa-2x\"><\/i><strong>\u00a0Heade termilise ja akustilise isolatsiooni omadustega<\/strong><\/p>\n\t\t<\/div>\n\t\t\t\t\n<style>\n#col-1213114458 > .col-inner {\n  margin: 0px 0px 15px 0px;\n}\n<\/style>\n\t<\/div>\n\n\t\n\n\t<div id=\"col-1934921336\" class=\"col medium-6 small-12 large-6\"  >\n\t\t\t\t<div class=\"col-inner\"  >\n\t\t\t\n\t\t\t\n<p><i class=\"far fa-check-circle fa-2x\"><\/i><strong> Tugevate liimivate omadustega<\/strong><\/p>\n<p><strong><i class=\"far fa-check-circle fa-2x\"><\/i>\u00a0Suurep\u00e4rane stabiilsus \u2013 puudub kokkut\u00f5mbuvus ja j\u00e4relpaisumine<\/strong><\/p>\n\t\t<\/div>\n\t\t\t\t\n<style>\n#col-1934921336 > .col-inner {\n  margin: 0px 0px 15px 0px;\n}\n<\/style>\n\t<\/div>\n\n\t\n<\/div>\n\t\t<\/div>\n\t\t\t\t\t<\/div>\n\n\t\n<\/div>\n<\/div><\/div><\/div>\n\t<div id=\"gap-366738286\" class=\"gap-element clearfix\" style=\"display:block; height:auto;\">\n\t\t\n<style>\n#gap-366738286 {\n  padding-top: 30px;\n}\n<\/style>\n\t<\/div>\n\t\n<h3>Kasutamise \u00fcksikasjad<\/h3>\n<p><strong>Kasutamine: <\/strong>Raputa aerosoolballooni hoolikalt v\u00e4hemalt 20 sekundit. \u00dchenda adapter ventiiliga. Enne kasutamist niisuta pinnad veega. Ballooni v\u00f5ib kasutada igas asendis. Vahu v\u00e4ljutamise peatamiseks vabasta p\u00e4\u00e4stik. T\u00e4ida \u00f5\u00f5nsused ja avad 80% ulatuses, kuna k\u00f5venemisel vaht paisub. Kasutamise jooksul raputa ballooni korduvalt. Kui on vaja lasta vahtu kihtidena, niisuta iga eelnevat kihti enne j\u00e4rgmise laskmist.\u00a0<\/p>\n<p><strong>Kasutuskohad<\/strong>:<\/p>\n<ul>\n<li>Akna- ja ukseraamide tulekindlaks paigaldamiseks<\/li>\n<li>Seinte, lagede ja p\u00f5randate \u00fchenduskohtade vaheliseks suitsu ja tulekindlaks hermetiseerimiseks<\/li>\n<li>T\u00fchimike t\u00e4itmiseks<\/li>\n<li>K\u00f5ikidel kasutusaladel, kus on n\u00f5utud tulekindlad omadused, nagu n\u00e4iteks: katusekonstruktsioonide avauste hermetiseerimiseks, helikindlate ekraanide valmistamiseks, isolatsioonimaterjalide kinnitamiseks, helisummutavate s\u00fcsteemide<br \/>paigaldamine,k \u00fclmladudes termilise<br \/>isolatsiooniomaduste parandamiseks<\/li>\n<\/ul>\n<p><strong>Kasutustemperatuur:<\/strong> +5\u00b0C kuni +35\u00b0C\u00a0<\/p>\n<p><strong>Puhastamine:<\/strong> V\u00e4rsket vahtu saab eemaldada Soudali vahupuhastaja v\u00f5i atsetooniga.<\/p>\n<p><strong>S\u00e4ilivusaeg:<\/strong> 9 kuud avamata pakendis kuivas ja jahedas kohas temperatuurivahemikus +5\u00b0C kuni +25\u00b0C. Hoida alati ventiil \u00fclal asendis.<\/p>\n<p><strong>Tervise- ja ohutusn\u00f5uded: <\/strong>Harilikud t\u00f6\u00f6stush\u00fcgieeni n\u00f5uded. Kanna kaitsekindaid ja kaitseprille. K\u00f5venenud vaht eemalda mehaaniliselt, \u00e4ra p\u00f5leta! T\u00e4psem info sildil.<\/p>\n\t\t<\/div>\n\t\t\t\t\t<\/div>\n\n\t\n\n\t<div id=\"col-1945179525\" class=\"col medium-3 small-12 large-3\"  >\n\t\t\t\t<div class=\"col-inner\"  >\n\t\t\t\n\t\t\t\n\t<div id=\"gap-692080523\" class=\"gap-element clearfix\" style=\"display:block; height:auto;\">\n\t\t\n<style>\n#gap-692080523 {\n  padding-top: 30px;\n}\n<\/style>\n\t<\/div>\n\t\n<h3>Tehniline informatsioon<\/h3>\n<p><a href=\"https:\/\/espak.ee\/epood\/wp-content\/uploads\/463_98b20badacf5d4f334735b4c7aa4c136.pdf\" target=\"_blank\" rel=\"noopener noreferrer\"><i class=\"far fa-file-pdf\"><\/i> Tehniline info (PDF)<\/a><\/p>\n<div class=\"is-divider divider clearfix\" ><\/div>\n<p><strong>\u00dcksikasjalikuma n\u00f5u saamiseks v\u00f5tke \u00fchendust:<br \/><\/strong>SOUDAL AS\ufeff<br \/>Haraka tn. 5<br \/>11311<br \/>Tallinn<br \/>+ 372 655 1851<\/p>\n\t\t<\/div>\n\t\t\t\t\t<\/div>\n\n\t\n<\/div>\n","protected":false},"excerpt":{"rendered":"","protected":false},"featured_media":6041,"comment_status":"closed","ping_status":"open","template":"","meta":[],"product_brand":[],"product_cat":[2703,2708,2710,2683],"product_tag":[],"class_list":{"0":"post-5623","1":"product","2":"type-product","3":"status-publish","4":"has-post-thumbnail","6":"product_cat-ehituskeemia","7":"product_cat-hermeetikud","8":"product_cat-montaazivahud","9":"product_cat-viimistluskaubad","10":"pa_kaubamark-soudal-as","12":"first","13":"instock","14":"sale","15":"taxable","16":"shipping-taxable","17":"purchasable","18":"product-type-simple"},"yoast_head":"<!-- This site is optimized with the Yoast SEO plugin v26.9 - https:\/\/yoast.com\/product\/yoast-seo-wordpress\/ -->\n<title>K\u00d5RREVAHT SOUDAL SOUDAFOAM FIRE 750ML - Espak E-pood<\/title>\n<meta name=\"robots\" content=\"index, follow, max-snippet:-1, max-image-preview:large, max-video-preview:-1\" \/>\n<link rel=\"canonical\" href=\"https:\/\/espak.ee\/epood\/toode\/korrevaht-soudal-soudafoam-fire-750ml\/\" \/>\n<meta property=\"og:locale\" content=\"et_EE\" \/>\n<meta property=\"og:type\" content=\"article\" \/>\n<meta property=\"og:title\" content=\"K\u00d5RREVAHT SOUDAL SOUDAFOAM FIRE 750ML - Espak E-pood\" \/>\n<meta property=\"og:url\" content=\"https:\/\/espak.ee\/epood\/toode\/korrevaht-soudal-soudafoam-fire-750ml\/\" \/>\n<meta property=\"og:site_name\" content=\"Espak E-pood\" \/>\n<meta property=\"article:modified_time\" content=\"2024-03-22T22:23:21+00:00\" \/>\n<meta property=\"og:image\" content=\"https:\/\/espak.ee\/epood\/wp-content\/uploads\/SOUDAFOAM-FR.jpg\" \/>\n\t<meta property=\"og:image:width\" content=\"2048\" \/>\n\t<meta property=\"og:image:height\" content=\"2048\" \/>\n\t<meta property=\"og:image:type\" content=\"image\/jpeg\" \/>\n<meta name=\"twitter:card\" content=\"summary_large_image\" \/>\n<meta name=\"twitter:label1\" content=\"Est. reading time\" \/>\n\t<meta name=\"twitter:data1\" content=\"2 minutit\" \/>\n<script type=\"application\/ld+json\" class=\"yoast-schema-graph\">{\"@context\":\"https:\/\/schema.org\",\"@graph\":[{\"@type\":\"WebPage\",\"@id\":\"https:\/\/espak.ee\/epood\/toode\/korrevaht-soudal-soudafoam-fire-750ml\/\",\"url\":\"https:\/\/espak.ee\/epood\/toode\/korrevaht-soudal-soudafoam-fire-750ml\/\",\"name\":\"K\u00d5RREVAHT SOUDAL SOUDAFOAM FIRE 750ML - Espak E-pood\",\"isPartOf\":{\"@id\":\"https:\/\/espak.ee\/epood\/#website\"},\"primaryImageOfPage\":{\"@id\":\"https:\/\/espak.ee\/epood\/toode\/korrevaht-soudal-soudafoam-fire-750ml\/#primaryimage\"},\"image\":{\"@id\":\"https:\/\/espak.ee\/epood\/toode\/korrevaht-soudal-soudafoam-fire-750ml\/#primaryimage\"},\"thumbnailUrl\":\"https:\/\/espak.ee\/epood\/wp-content\/uploads\/SOUDAFOAM-FR.jpg\",\"datePublished\":\"2019-05-09T23:10:44+00:00\",\"dateModified\":\"2024-03-22T22:23:21+00:00\",\"breadcrumb\":{\"@id\":\"https:\/\/espak.ee\/epood\/toode\/korrevaht-soudal-soudafoam-fire-750ml\/#breadcrumb\"},\"inLanguage\":\"et\",\"potentialAction\":[{\"@type\":\"ReadAction\",\"target\":[\"https:\/\/espak.ee\/epood\/toode\/korrevaht-soudal-soudafoam-fire-750ml\/\"]}]},{\"@type\":\"ImageObject\",\"inLanguage\":\"et\",\"@id\":\"https:\/\/espak.ee\/epood\/toode\/korrevaht-soudal-soudafoam-fire-750ml\/#primaryimage\",\"url\":\"https:\/\/espak.ee\/epood\/wp-content\/uploads\/SOUDAFOAM-FR.jpg\",\"contentUrl\":\"https:\/\/espak.ee\/epood\/wp-content\/uploads\/SOUDAFOAM-FR.jpg\",\"width\":2048,\"height\":2048},{\"@type\":\"BreadcrumbList\",\"@id\":\"https:\/\/espak.ee\/epood\/toode\/korrevaht-soudal-soudafoam-fire-750ml\/#breadcrumb\",\"itemListElement\":[{\"@type\":\"ListItem\",\"position\":1,\"name\":\"Home\",\"item\":\"https:\/\/espak.ee\/epood\/\"},{\"@type\":\"ListItem\",\"position\":2,\"name\":\"Tootevalik\",\"item\":\"https:\/\/espak.ee\/epood\/tootevalik\/\"},{\"@type\":\"ListItem\",\"position\":3,\"name\":\"K\u00d5RREVAHT SOUDAL SOUDAFOAM FIRE 750ML\"}]},{\"@type\":\"WebSite\",\"@id\":\"https:\/\/espak.ee\/epood\/#website\",\"url\":\"https:\/\/espak.ee\/epood\/\",\"name\":\"Espak E-pood\",\"description\":\"\",\"potentialAction\":[{\"@type\":\"SearchAction\",\"target\":{\"@type\":\"EntryPoint\",\"urlTemplate\":\"https:\/\/espak.ee\/epood\/?s={search_term_string}\"},\"query-input\":{\"@type\":\"PropertyValueSpecification\",\"valueRequired\":true,\"valueName\":\"search_term_string\"}}],\"inLanguage\":\"et\"}]}<\/script>\n<!-- \/ Yoast SEO plugin. -->","yoast_head_json":{"title":"K\u00d5RREVAHT SOUDAL SOUDAFOAM FIRE 750ML - Espak E-pood","robots":{"index":"index","follow":"follow","max-snippet":"max-snippet:-1","max-image-preview":"max-image-preview:large","max-video-preview":"max-video-preview:-1"},"canonical":"https:\/\/espak.ee\/epood\/toode\/korrevaht-soudal-soudafoam-fire-750ml\/","og_locale":"et_EE","og_type":"article","og_title":"K\u00d5RREVAHT SOUDAL SOUDAFOAM FIRE 750ML - Espak E-pood","og_url":"https:\/\/espak.ee\/epood\/toode\/korrevaht-soudal-soudafoam-fire-750ml\/","og_site_name":"Espak E-pood","article_modified_time":"2024-03-22T22:23:21+00:00","og_image":[{"width":2048,"height":2048,"url":"https:\/\/espak.ee\/epood\/wp-content\/uploads\/SOUDAFOAM-FR.jpg","type":"image\/jpeg"}],"twitter_card":"summary_large_image","twitter_misc":{"Est. reading time":"2 minutit"},"schema":{"@context":"https:\/\/schema.org","@graph":[{"@type":"WebPage","@id":"https:\/\/espak.ee\/epood\/toode\/korrevaht-soudal-soudafoam-fire-750ml\/","url":"https:\/\/espak.ee\/epood\/toode\/korrevaht-soudal-soudafoam-fire-750ml\/","name":"K\u00d5RREVAHT SOUDAL SOUDAFOAM FIRE 750ML - Espak E-pood","isPartOf":{"@id":"https:\/\/espak.ee\/epood\/#website"},"primaryImageOfPage":{"@id":"https:\/\/espak.ee\/epood\/toode\/korrevaht-soudal-soudafoam-fire-750ml\/#primaryimage"},"image":{"@id":"https:\/\/espak.ee\/epood\/toode\/korrevaht-soudal-soudafoam-fire-750ml\/#primaryimage"},"thumbnailUrl":"https:\/\/espak.ee\/epood\/wp-content\/uploads\/SOUDAFOAM-FR.jpg","datePublished":"2019-05-09T23:10:44+00:00","dateModified":"2024-03-22T22:23:21+00:00","breadcrumb":{"@id":"https:\/\/espak.ee\/epood\/toode\/korrevaht-soudal-soudafoam-fire-750ml\/#breadcrumb"},"inLanguage":"et","potentialAction":[{"@type":"ReadAction","target":["https:\/\/espak.ee\/epood\/toode\/korrevaht-soudal-soudafoam-fire-750ml\/"]}]},{"@type":"ImageObject","inLanguage":"et","@id":"https:\/\/espak.ee\/epood\/toode\/korrevaht-soudal-soudafoam-fire-750ml\/#primaryimage","url":"https:\/\/espak.ee\/epood\/wp-content\/uploads\/SOUDAFOAM-FR.jpg","contentUrl":"https:\/\/espak.ee\/epood\/wp-content\/uploads\/SOUDAFOAM-FR.jpg","width":2048,"height":2048},{"@type":"BreadcrumbList","@id":"https:\/\/espak.ee\/epood\/toode\/korrevaht-soudal-soudafoam-fire-750ml\/#breadcrumb","itemListElement":[{"@type":"ListItem","position":1,"name":"Home","item":"https:\/\/espak.ee\/epood\/"},{"@type":"ListItem","position":2,"name":"Tootevalik","item":"https:\/\/espak.ee\/epood\/tootevalik\/"},{"@type":"ListItem","position":3,"name":"K\u00d5RREVAHT SOUDAL SOUDAFOAM FIRE 750ML"}]},{"@type":"WebSite","@id":"https:\/\/espak.ee\/epood\/#website","url":"https:\/\/espak.ee\/epood\/","name":"Espak E-pood","description":"","potentialAction":[{"@type":"SearchAction","target":{"@type":"EntryPoint","urlTemplate":"https:\/\/espak.ee\/epood\/?s={search_term_string}"},"query-input":{"@type":"PropertyValueSpecification","valueRequired":true,"valueName":"search_term_string"}}],"inLanguage":"et"}]}},"_links":{"self":[{"href":"https:\/\/espak.ee\/epood\/wp-json\/wp\/v2\/product\/5623","targetHints":{"allow":["GET"]}}],"collection":[{"href":"https:\/\/espak.ee\/epood\/wp-json\/wp\/v2\/product"}],"about":[{"href":"https:\/\/espak.ee\/epood\/wp-json\/wp\/v2\/types\/product"}],"replies":[{"embeddable":true,"href":"https:\/\/espak.ee\/epood\/wp-json\/wp\/v2\/comments?post=5623"}],"wp:featuredmedia":[{"embeddable":true,"href":"https:\/\/espak.ee\/epood\/wp-json\/wp\/v2\/media\/6041"}],"wp:attachment":[{"href":"https:\/\/espak.ee\/epood\/wp-json\/wp\/v2\/media?parent=5623"}],"wp:term":[{"taxonomy":"product_brand","embeddable":true,"href":"https:\/\/espak.ee\/epood\/wp-json\/wp\/v2\/product_brand?post=5623"},{"taxonomy":"product_cat","embeddable":true,"href":"https:\/\/espak.ee\/epood\/wp-json\/wp\/v2\/product_cat?post=5623"},{"taxonomy":"product_tag","embeddable":true,"href":"https:\/\/espak.ee\/epood\/wp-json\/wp\/v2\/product_tag?post=5623"}],"curies":[{"name":"wp","href":"https:\/\/api.w.org\/{rel}","templated":true}]}}