{"id":5603,"date":"2019-05-10T02:10:31","date_gmt":"2019-05-09T23:10:31","guid":{"rendered":"https:\/\/espak.ee\/hinnakiri\/?post_type=product&#038;p=5603"},"modified":"2024-11-05T02:26:05","modified_gmt":"2024-11-05T00:26:05","slug":"montaaziliim-soudal-48a-300ml","status":"publish","type":"product","link":"https:\/\/espak.ee\/epood\/toode\/montaaziliim-soudal-48a-300ml\/","title":{"rendered":"MONTAA\u017dILIIM SOUDAL 48A 300ML"},"content":{"rendered":"<div class=\"row\"  id=\"row-375378768\">\n\n\t<div id=\"col-425094364\" class=\"col medium-9 small-12 large-9\"  >\n\t\t\t\t<div class=\"col-inner\"  >\n\t\t\t\n\t\t\t\n<p>S\u00fcnteetilisel kaut\u0161ukil p\u00f5hinev kiirelt kuivav kasutusvalmis liim.<\/p>\n<div class=\"message-box relative\" style=\"padding-top:15px;padding-bottom:15px;\"><div class=\"message-box-bg-image bg-fill fill\" ><\/div><div class=\"message-box-bg-overlay bg-fill fill\" ><\/div><div class=\"container relative\"><div class=\"inner last-reset\">\n<div class=\"row align-middle align-center\"  id=\"row-2091516140\">\n\n\t<div id=\"col-1260945229\" class=\"col small-12 large-12\"  >\n\t\t\t\t<div class=\"col-inner text-left\"  >\n\t\t\t\n\t\t\t\n<h4>Omadused<\/h4>\n<div class=\"row\"  id=\"row-587112195\">\n\n\t<div id=\"col-500060187\" class=\"col medium-6 small-12 large-6\"  >\n\t\t\t\t<div class=\"col-inner\"  >\n\t\t\t\n\t\t\t\n<p><i class=\"far fa-check-circle fa-2x\"><\/i><strong>\u00a0Tugev algnake <\/strong><\/p>\n<p><strong><i class=\"far fa-check-circle fa-2x\"><\/i> V\u00e4ga kiire ja tugev liimimine<\/strong><\/p>\n\t\t<\/div>\n\t\t\t\t\n<style>\n#col-500060187 > .col-inner {\n  margin: 0px 0px 15px 0px;\n}\n<\/style>\n\t<\/div>\n\n\t\n\n\t<div id=\"col-1252032925\" class=\"col medium-6 small-12 large-6\"  >\n\t\t\t\t<div class=\"col-inner\"  >\n\t\t\t\n\t\t\t\n<p><i class=\"far fa-check-circle fa-2x\"><\/i><strong>\u00a0Paksu konsistentsiga, kasutatav ka pinna eba\u00fchtluste tasandamiseks<\/strong><\/p>\n<p><strong><i class=\"far fa-check-circle fa-2x\"><\/i>\u00a0Veekinde<\/strong><\/p>\n\t\t<\/div>\n\t\t\t\t\n<style>\n#col-1252032925 > .col-inner {\n  margin: 0px 0px 15px 0px;\n}\n<\/style>\n\t<\/div>\n\n\t\n<\/div>\n\t\t<\/div>\n\t\t\t\t\t<\/div>\n\n\t\n<\/div>\n<\/div><\/div><\/div>\n\t<div id=\"gap-268307228\" class=\"gap-element clearfix\" style=\"display:block; height:auto;\">\n\t\t\n<style>\n#gap-268307228 {\n  padding-top: 30px;\n}\n<\/style>\n\t<\/div>\n\t\n<h3>Kasutamise \u00fcksikasjad<\/h3>\n<p><strong>Kasutamine: <\/strong>Liim kanda hermeetikup\u00fcstoliga \u00fchele pindadest triibu v\u00f5i punktidena. Liim kanda alati detaili servadesse. Pinnad suruda koheselt kokku. Vajadusel kasutada kummihaamrit. Vertikaalse kinnitamise ja raskete detailide puhul vajalik toestamine. Seinapaneelide ja teiste raskete detailide korral kasutada \u00fclekandemeetodit: liimitavad pinnad korraks kokku suruda ja eraldada need uuesti umbes viieks minutiks. Seej\u00e4rel suruda need uuesti kokku, vajadusel koputada kummihaamriga. Pindu toestada liimi t\u00e4ieliku k\u00f5venemiseni (24-48 tundi).<\/p>\n<p><strong>Kasutuskohad:<\/strong><\/p>\n<ul>\n<li>Aknalaudade, liistude, roovituse ja kipsplaatide kinnitamine<\/li>\n<li>Vaipkatete, trepininade ja -servade liimimine<\/li>\n<li>P\u00f5randa- ning seinalaudade ja aknaraamide kinnitamine\u00a0<\/li>\n<\/ul>\n<p><strong>Pinnad: <\/strong>K\u00f5ik pinnad v.a PS, PP ja PE. Pinna seisukord: puhas, kuiv, rasva- ja tolmuvaba. Soovitav eelnev sobivustest<strong>.<\/strong><\/p>\n<p><strong>Kasutamistemperatuur:<\/strong> +5\u00b0C kuni +35\u00b0C<\/p>\n<p><strong>Puhastamine<\/strong>: Soudali liimipuhasti 90A<\/p>\n<p><strong>S\u00e4ilivusaeg:<\/strong> 12 kuud avamata pakendis jahedas ja kuivas kohas temp vahemikus +5\u00b0C kuni +25\u00b0C. Kaitsta k\u00fclma eest!<\/p>\n<p><strong>Tervise- ja ohutusn\u00f5uded: <\/strong>Harilikud t\u00f6\u00f6stush\u00fcgieeni n\u00f5uded. T\u00f6\u00f6tada h\u00e4stiventileeritud ruumis. Mitte suitsetada! Kui ventilatsioon pole piisav, kasutada respiraatorit. T\u00e4psem info sildil.<\/p>\n\t\t<\/div>\n\t\t\t\t\t<\/div>\n\n\t\n\n\t<div id=\"col-829711432\" class=\"col medium-3 small-12 large-3\"  >\n\t\t\t\t<div class=\"col-inner\"  >\n\t\t\t\n\t\t\t\n\t<div id=\"gap-141983466\" class=\"gap-element clearfix\" style=\"display:block; height:auto;\">\n\t\t\n<style>\n#gap-141983466 {\n  padding-top: 30px;\n}\n<\/style>\n\t<\/div>\n\t\n<h3>Tehniline informatsioon<\/h3>\n<p><a href=\"https:\/\/espak.ee\/epood\/wp-content\/uploads\/307_1054907cfacf1feeea949a294c215d4b.pdf\" target=\"_blank\" rel=\"noopener noreferrer\"><i class=\"far fa-file-pdf\"><\/i> Tehniline info (PDF)<\/a><\/p>\n<div class=\"is-divider divider clearfix\" ><\/div>\n<p><strong>\u00dcksikasjalikuma n\u00f5u saamiseks v\u00f5tke \u00fchendust:<br \/><\/strong>SOUDAL AS\ufeff<br \/>Haraka tn. 5<br \/>11311<br \/>Tallinn<br \/>+ 372 655 1851<\/p>\n\t\t<\/div>\n\t\t\t\t\t<\/div>\n\n\t\n<\/div>\n","protected":false},"excerpt":{"rendered":"","protected":false},"featured_media":5919,"comment_status":"closed","ping_status":"open","template":"","meta":[],"product_brand":[],"product_cat":[2703,2706,2707,2683],"product_tag":[],"class_list":{"0":"post-5603","1":"product","2":"type-product","3":"status-publish","4":"has-post-thumbnail","6":"product_cat-ehituskeemia","7":"product_cat-liimid","8":"product_cat-universaalliimid","9":"product_cat-viimistluskaubad","10":"pa_kaubamark-soudal-as","12":"first","13":"instock","14":"sale","15":"taxable","16":"shipping-taxable","17":"purchasable","18":"product-type-simple"},"yoast_head":"<!-- This site is optimized with the Yoast SEO plugin v26.9 - https:\/\/yoast.com\/product\/yoast-seo-wordpress\/ -->\n<title>MONTAA\u017dILIIM SOUDAL 48A 300ML - Espak E-pood<\/title>\n<meta name=\"robots\" content=\"index, follow, max-snippet:-1, max-image-preview:large, max-video-preview:-1\" \/>\n<link rel=\"canonical\" href=\"https:\/\/espak.ee\/epood\/toode\/montaaziliim-soudal-48a-300ml\/\" \/>\n<meta property=\"og:locale\" content=\"et_EE\" \/>\n<meta property=\"og:type\" content=\"article\" \/>\n<meta property=\"og:title\" content=\"MONTAA\u017dILIIM SOUDAL 48A 300ML - Espak E-pood\" \/>\n<meta property=\"og:url\" content=\"https:\/\/espak.ee\/epood\/toode\/montaaziliim-soudal-48a-300ml\/\" \/>\n<meta property=\"og:site_name\" content=\"Espak E-pood\" \/>\n<meta property=\"article:modified_time\" content=\"2024-11-05T00:26:05+00:00\" \/>\n<meta property=\"og:image\" content=\"https:\/\/espak.ee\/epood\/wp-content\/uploads\/48A.jpg\" \/>\n\t<meta property=\"og:image:width\" content=\"2048\" \/>\n\t<meta property=\"og:image:height\" content=\"2048\" \/>\n\t<meta property=\"og:image:type\" content=\"image\/jpeg\" \/>\n<meta name=\"twitter:card\" content=\"summary_large_image\" \/>\n<meta name=\"twitter:label1\" content=\"Est. reading time\" \/>\n\t<meta name=\"twitter:data1\" content=\"1 minut\" \/>\n<script type=\"application\/ld+json\" class=\"yoast-schema-graph\">{\"@context\":\"https:\/\/schema.org\",\"@graph\":[{\"@type\":\"WebPage\",\"@id\":\"https:\/\/espak.ee\/epood\/toode\/montaaziliim-soudal-48a-300ml\/\",\"url\":\"https:\/\/espak.ee\/epood\/toode\/montaaziliim-soudal-48a-300ml\/\",\"name\":\"MONTAA\u017dILIIM SOUDAL 48A 300ML - Espak E-pood\",\"isPartOf\":{\"@id\":\"https:\/\/espak.ee\/epood\/#website\"},\"primaryImageOfPage\":{\"@id\":\"https:\/\/espak.ee\/epood\/toode\/montaaziliim-soudal-48a-300ml\/#primaryimage\"},\"image\":{\"@id\":\"https:\/\/espak.ee\/epood\/toode\/montaaziliim-soudal-48a-300ml\/#primaryimage\"},\"thumbnailUrl\":\"https:\/\/espak.ee\/epood\/wp-content\/uploads\/48A.jpg\",\"datePublished\":\"2019-05-09T23:10:31+00:00\",\"dateModified\":\"2024-11-05T00:26:05+00:00\",\"breadcrumb\":{\"@id\":\"https:\/\/espak.ee\/epood\/toode\/montaaziliim-soudal-48a-300ml\/#breadcrumb\"},\"inLanguage\":\"et\",\"potentialAction\":[{\"@type\":\"ReadAction\",\"target\":[\"https:\/\/espak.ee\/epood\/toode\/montaaziliim-soudal-48a-300ml\/\"]}]},{\"@type\":\"ImageObject\",\"inLanguage\":\"et\",\"@id\":\"https:\/\/espak.ee\/epood\/toode\/montaaziliim-soudal-48a-300ml\/#primaryimage\",\"url\":\"https:\/\/espak.ee\/epood\/wp-content\/uploads\/48A.jpg\",\"contentUrl\":\"https:\/\/espak.ee\/epood\/wp-content\/uploads\/48A.jpg\",\"width\":2048,\"height\":2048},{\"@type\":\"BreadcrumbList\",\"@id\":\"https:\/\/espak.ee\/epood\/toode\/montaaziliim-soudal-48a-300ml\/#breadcrumb\",\"itemListElement\":[{\"@type\":\"ListItem\",\"position\":1,\"name\":\"Home\",\"item\":\"https:\/\/espak.ee\/epood\/\"},{\"@type\":\"ListItem\",\"position\":2,\"name\":\"Tootevalik\",\"item\":\"https:\/\/espak.ee\/epood\/tootevalik\/\"},{\"@type\":\"ListItem\",\"position\":3,\"name\":\"MONTAA\u017dILIIM SOUDAL 48A 300ML\"}]},{\"@type\":\"WebSite\",\"@id\":\"https:\/\/espak.ee\/epood\/#website\",\"url\":\"https:\/\/espak.ee\/epood\/\",\"name\":\"Espak E-pood\",\"description\":\"\",\"potentialAction\":[{\"@type\":\"SearchAction\",\"target\":{\"@type\":\"EntryPoint\",\"urlTemplate\":\"https:\/\/espak.ee\/epood\/?s={search_term_string}\"},\"query-input\":{\"@type\":\"PropertyValueSpecification\",\"valueRequired\":true,\"valueName\":\"search_term_string\"}}],\"inLanguage\":\"et\"}]}<\/script>\n<!-- \/ Yoast SEO plugin. -->","yoast_head_json":{"title":"MONTAA\u017dILIIM SOUDAL 48A 300ML - Espak E-pood","robots":{"index":"index","follow":"follow","max-snippet":"max-snippet:-1","max-image-preview":"max-image-preview:large","max-video-preview":"max-video-preview:-1"},"canonical":"https:\/\/espak.ee\/epood\/toode\/montaaziliim-soudal-48a-300ml\/","og_locale":"et_EE","og_type":"article","og_title":"MONTAA\u017dILIIM SOUDAL 48A 300ML - Espak E-pood","og_url":"https:\/\/espak.ee\/epood\/toode\/montaaziliim-soudal-48a-300ml\/","og_site_name":"Espak E-pood","article_modified_time":"2024-11-05T00:26:05+00:00","og_image":[{"width":2048,"height":2048,"url":"https:\/\/espak.ee\/epood\/wp-content\/uploads\/48A.jpg","type":"image\/jpeg"}],"twitter_card":"summary_large_image","twitter_misc":{"Est. reading time":"1 minut"},"schema":{"@context":"https:\/\/schema.org","@graph":[{"@type":"WebPage","@id":"https:\/\/espak.ee\/epood\/toode\/montaaziliim-soudal-48a-300ml\/","url":"https:\/\/espak.ee\/epood\/toode\/montaaziliim-soudal-48a-300ml\/","name":"MONTAA\u017dILIIM SOUDAL 48A 300ML - Espak E-pood","isPartOf":{"@id":"https:\/\/espak.ee\/epood\/#website"},"primaryImageOfPage":{"@id":"https:\/\/espak.ee\/epood\/toode\/montaaziliim-soudal-48a-300ml\/#primaryimage"},"image":{"@id":"https:\/\/espak.ee\/epood\/toode\/montaaziliim-soudal-48a-300ml\/#primaryimage"},"thumbnailUrl":"https:\/\/espak.ee\/epood\/wp-content\/uploads\/48A.jpg","datePublished":"2019-05-09T23:10:31+00:00","dateModified":"2024-11-05T00:26:05+00:00","breadcrumb":{"@id":"https:\/\/espak.ee\/epood\/toode\/montaaziliim-soudal-48a-300ml\/#breadcrumb"},"inLanguage":"et","potentialAction":[{"@type":"ReadAction","target":["https:\/\/espak.ee\/epood\/toode\/montaaziliim-soudal-48a-300ml\/"]}]},{"@type":"ImageObject","inLanguage":"et","@id":"https:\/\/espak.ee\/epood\/toode\/montaaziliim-soudal-48a-300ml\/#primaryimage","url":"https:\/\/espak.ee\/epood\/wp-content\/uploads\/48A.jpg","contentUrl":"https:\/\/espak.ee\/epood\/wp-content\/uploads\/48A.jpg","width":2048,"height":2048},{"@type":"BreadcrumbList","@id":"https:\/\/espak.ee\/epood\/toode\/montaaziliim-soudal-48a-300ml\/#breadcrumb","itemListElement":[{"@type":"ListItem","position":1,"name":"Home","item":"https:\/\/espak.ee\/epood\/"},{"@type":"ListItem","position":2,"name":"Tootevalik","item":"https:\/\/espak.ee\/epood\/tootevalik\/"},{"@type":"ListItem","position":3,"name":"MONTAA\u017dILIIM SOUDAL 48A 300ML"}]},{"@type":"WebSite","@id":"https:\/\/espak.ee\/epood\/#website","url":"https:\/\/espak.ee\/epood\/","name":"Espak E-pood","description":"","potentialAction":[{"@type":"SearchAction","target":{"@type":"EntryPoint","urlTemplate":"https:\/\/espak.ee\/epood\/?s={search_term_string}"},"query-input":{"@type":"PropertyValueSpecification","valueRequired":true,"valueName":"search_term_string"}}],"inLanguage":"et"}]}},"_links":{"self":[{"href":"https:\/\/espak.ee\/epood\/wp-json\/wp\/v2\/product\/5603","targetHints":{"allow":["GET"]}}],"collection":[{"href":"https:\/\/espak.ee\/epood\/wp-json\/wp\/v2\/product"}],"about":[{"href":"https:\/\/espak.ee\/epood\/wp-json\/wp\/v2\/types\/product"}],"replies":[{"embeddable":true,"href":"https:\/\/espak.ee\/epood\/wp-json\/wp\/v2\/comments?post=5603"}],"wp:featuredmedia":[{"embeddable":true,"href":"https:\/\/espak.ee\/epood\/wp-json\/wp\/v2\/media\/5919"}],"wp:attachment":[{"href":"https:\/\/espak.ee\/epood\/wp-json\/wp\/v2\/media?parent=5603"}],"wp:term":[{"taxonomy":"product_brand","embeddable":true,"href":"https:\/\/espak.ee\/epood\/wp-json\/wp\/v2\/product_brand?post=5603"},{"taxonomy":"product_cat","embeddable":true,"href":"https:\/\/espak.ee\/epood\/wp-json\/wp\/v2\/product_cat?post=5603"},{"taxonomy":"product_tag","embeddable":true,"href":"https:\/\/espak.ee\/epood\/wp-json\/wp\/v2\/product_tag?post=5603"}],"curies":[{"name":"wp","href":"https:\/\/api.w.org\/{rel}","templated":true}]}}