{"id":5585,"date":"2019-05-10T02:10:20","date_gmt":"2019-05-09T23:10:20","guid":{"rendered":"https:\/\/espak.ee\/hinnakiri\/?post_type=product&#038;p=5585"},"modified":"2025-12-08T11:58:15","modified_gmt":"2025-12-08T09:58:15","slug":"liim-soudal-ultra-repair-adhesive-20ml","status":"publish","type":"product","link":"https:\/\/espak.ee\/epood\/toode\/liim-soudal-ultra-repair-adhesive-20ml\/","title":{"rendered":"LIIM SOUDAL ULTRA REPAIR ADHESIVE 20ML"},"content":{"rendered":"<div class=\"row\"  id=\"row-2017891158\">\n\n\t<div id=\"col-1728246090\" class=\"col medium-9 small-12 large-9\"  >\n\t\t\t\t<div class=\"col-inner\"  >\n\t\t\t\n\t\t\t\n<p><strong>Fix All Ultra<\/strong> on l\u00e4bipaistev, neutraalne, elastne, \u00fchekomponentne SMX\u00ae tehnoloogial p\u00f5hinev liim.<\/p>\n<div class=\"message-box relative\" style=\"padding-top:15px;padding-bottom:15px;\"><div class=\"message-box-bg-image bg-fill fill\" ><\/div><div class=\"message-box-bg-overlay bg-fill fill\" ><\/div><div class=\"container relative\"><div class=\"inner last-reset\">\n<div class=\"row align-middle align-center\"  id=\"row-571908649\">\n\n\t<div id=\"col-1872744779\" class=\"col small-12 large-12\"  >\n\t\t\t\t<div class=\"col-inner text-left\"  >\n\t\t\t\n\t\t\t\n<h4>Omadused<\/h4>\n<div class=\"row\"  id=\"row-1067491249\">\n\n\t<div id=\"col-248924806\" class=\"col medium-6 small-12 large-6\"  >\n\t\t\t\t<div class=\"col-inner\"  >\n\t\t\t\n\t\t\t\n<p><i class=\"far fa-check-circle fa-2x\"><\/i><strong>\u00a0L\u00e4bipaistev<\/strong><\/p>\n<p><strong><i class=\"far fa-check-circle fa-2x\"><\/i>\u00a0Peale k\u00f5venemist j\u00e4\u00e4valt elastne<\/strong><\/p>\n\t\t<\/div>\n\t\t\t\t\n<style>\n#col-248924806 > .col-inner {\n  margin: 0px 0px 15px 0px;\n}\n<\/style>\n\t<\/div>\n\n\t\n\n\t<div id=\"col-1339017468\" class=\"col medium-6 small-12 large-6\"  >\n\t\t\t\t<div class=\"col-inner\"  >\n\t\t\t\n\t\t\t\n<p><i class=\"far fa-check-circle fa-2x\"><\/i><strong> Sise- ja v\u00e4list\u00f6\u00f6deks<\/strong><\/p>\n<p><strong><i class=\"far fa-check-circle fa-2x\"><\/i> Ei sisalda lahusteid<\/strong><\/p>\n\t\t<\/div>\n\t\t\t\t\n<style>\n#col-1339017468 > .col-inner {\n  margin: 0px 0px 15px 0px;\n}\n<\/style>\n\t<\/div>\n\n\t\n<\/div>\n\t\t<\/div>\n\t\t\t\t\t<\/div>\n\n\t\n<\/div>\n<\/div><\/div><\/div>\n\t<div id=\"gap-166434996\" class=\"gap-element clearfix\" style=\"display:block; height:auto;\">\n\t\t\n<style>\n#gap-166434996 {\n  padding-top: 30px;\n}\n<\/style>\n\t<\/div>\n\t\n<h3>Kasutamise \u00fcksikasjad<\/h3>\n<p><strong>Kasutamine: <\/strong>Kanna liimikiht \u00fchele liimitavatest pindadest. \u00dchenda pooled ja pressi kokku 1-2 tunni jooksul. Rasvata m\u00f5lemad liimitavad pinnad enne t\u00f6\u00f6 algust, kanna Fix All Ultra \u00f5hukese kihina \u00fchele pinnale ja pressi liimitavad pinnad kokku. J\u00e4lgi, et \u00fchenduse vahelt liimi v\u00e4lja ei pressiks! Liimitud pindu \u00e4ra liiguta ega aseta neile raskusi esimese tunni jooksul.<\/p>\n<p><strong>Kasutuskohad:<\/strong><\/p>\n<ul>\n<li>Enamuse harilike materjalide nagu kumm, nahk, kunstnahk,kork, tekstiil, klaas, metall, paljude pehmete ja k\u00f5vade plastikute liimimiseks erinevatele aluspindadele ja omavahel<\/li>\n<li>L\u00e4bipaistvate materjalide nagu ABS, Plexiglas, klaas ja PMMA liimimiseks<\/li>\n<li>Portselani, keraamika jms liimimiseks<\/li>\n<\/ul>\n<p><strong>Pinnad: <\/strong>Erinevad poorsed ja mittepoorsed pinnad nagu klaas, keraamika, kivi, metall, plastik, nahk, puit jne. Ei sobi PE, PP ja PTFe-le. Pinna seisukord: puhtas, kuiv, rasva- ja tolmuvaba, peavad omavahel sobima. Suurem vahe \u00fchendatavate detailide vahel p\u00f5hjustab pikema kuivamisaja ja n\u00f5rgema \u00fchenduse. Enne kasutamist soovitame l\u00e4bi viia sobivustesti.<\/p>\n<p><strong>Kasutamistemperatuur:<\/strong> +1\u02daC kuni +30\u02daC<\/p>\n<p><strong>Puhastamine:<\/strong> Kohe p\u00e4rast pealekandmist ning enne k\u00f5venemist Fix All puhastiga v\u00f5i Swipex lappidega. K\u00f5venenud liim tuleb eemaldada mehaanilislet.<\/p>\n<p><strong>S\u00e4ilivusaeg:<\/strong> 12 kuud avamata pakendis jahedas ja kuivas kohas temperatuuride vahemikus +5\u00b0C kuni +25\u00b0C<\/p>\n<p><strong>Tervise- ja ohutusn\u00f5uded: <\/strong>Harilikud t\u00f6\u00f6stush\u00fcgieeni n\u00f5uded.<\/p>\n\t\t<\/div>\n\t\t\t\t\t<\/div>\n\n\t\n\n\t<div id=\"col-1158710501\" class=\"col medium-3 small-12 large-3\"  >\n\t\t\t\t<div class=\"col-inner\"  >\n\t\t\t\n\t\t\t\n\t<div id=\"gap-2029708900\" class=\"gap-element clearfix\" style=\"display:block; height:auto;\">\n\t\t\n<style>\n#gap-2029708900 {\n  padding-top: 30px;\n}\n<\/style>\n\t<\/div>\n\t\n<h3>Tehniline informatsioon<\/h3>\n<p><a href=\"https:\/\/espak.ee\/epood\/wp-content\/uploads\/346_ea20297ce1ec76dbb8379bbc4c3fcd9f.pdf\" target=\"_blank\" rel=\"noopener noreferrer\"><i class=\"far fa-file-pdf\"><\/i> Tehniline info (PDF)<\/a><\/p>\n<div class=\"is-divider divider clearfix\" ><\/div>\n<p><strong>\u00dcksikasjalikuma n\u00f5u saamiseks v\u00f5tke \u00fchendust:<br \/><\/strong>SOUDAL AS\ufeff<br \/>Haraka tn. 5<br \/>11311<br \/>Tallinn<br \/>+ 372 655 1851<\/p>\n\t\t<\/div>\n\t\t\t\t\t<\/div>\n\n\t\n<\/div>\n","protected":false},"excerpt":{"rendered":"","protected":false},"featured_media":5966,"comment_status":"closed","ping_status":"open","template":"","meta":[],"product_brand":[],"product_cat":[2703,2706,2707,2683],"product_tag":[],"class_list":{"0":"post-5585","1":"product","2":"type-product","3":"status-publish","4":"has-post-thumbnail","6":"product_cat-ehituskeemia","7":"product_cat-liimid","8":"product_cat-universaalliimid","9":"product_cat-viimistluskaubad","10":"pa_kaubamark-soudal-as","12":"first","13":"instock","14":"sale","15":"taxable","16":"shipping-taxable","17":"purchasable","18":"product-type-simple"},"yoast_head":"<!-- This site is optimized with the Yoast SEO plugin v26.9 - https:\/\/yoast.com\/product\/yoast-seo-wordpress\/ -->\n<title>LIIM SOUDAL ULTRA REPAIR ADHESIVE 20ML - Espak E-pood<\/title>\n<meta name=\"robots\" content=\"index, follow, max-snippet:-1, max-image-preview:large, max-video-preview:-1\" \/>\n<link rel=\"canonical\" href=\"https:\/\/espak.ee\/epood\/toode\/liim-soudal-ultra-repair-adhesive-20ml\/\" \/>\n<meta property=\"og:locale\" content=\"et_EE\" \/>\n<meta property=\"og:type\" content=\"article\" \/>\n<meta property=\"og:title\" content=\"LIIM SOUDAL ULTRA REPAIR ADHESIVE 20ML - Espak E-pood\" \/>\n<meta property=\"og:url\" content=\"https:\/\/espak.ee\/epood\/toode\/liim-soudal-ultra-repair-adhesive-20ml\/\" \/>\n<meta property=\"og:site_name\" content=\"Espak E-pood\" \/>\n<meta property=\"article:modified_time\" content=\"2025-12-08T09:58:15+00:00\" \/>\n<meta property=\"og:image\" content=\"https:\/\/espak.ee\/epood\/wp-content\/uploads\/Fix-ALL-Ultra.jpg\" \/>\n\t<meta property=\"og:image:width\" content=\"2048\" \/>\n\t<meta property=\"og:image:height\" content=\"2048\" \/>\n\t<meta property=\"og:image:type\" content=\"image\/jpeg\" \/>\n<meta name=\"twitter:card\" content=\"summary_large_image\" \/>\n<meta name=\"twitter:label1\" content=\"Est. reading time\" \/>\n\t<meta name=\"twitter:data1\" content=\"2 minutit\" \/>\n<script type=\"application\/ld+json\" class=\"yoast-schema-graph\">{\"@context\":\"https:\/\/schema.org\",\"@graph\":[{\"@type\":\"WebPage\",\"@id\":\"https:\/\/espak.ee\/epood\/toode\/liim-soudal-ultra-repair-adhesive-20ml\/\",\"url\":\"https:\/\/espak.ee\/epood\/toode\/liim-soudal-ultra-repair-adhesive-20ml\/\",\"name\":\"LIIM SOUDAL ULTRA REPAIR ADHESIVE 20ML - Espak E-pood\",\"isPartOf\":{\"@id\":\"https:\/\/espak.ee\/epood\/#website\"},\"primaryImageOfPage\":{\"@id\":\"https:\/\/espak.ee\/epood\/toode\/liim-soudal-ultra-repair-adhesive-20ml\/#primaryimage\"},\"image\":{\"@id\":\"https:\/\/espak.ee\/epood\/toode\/liim-soudal-ultra-repair-adhesive-20ml\/#primaryimage\"},\"thumbnailUrl\":\"https:\/\/espak.ee\/epood\/wp-content\/uploads\/Fix-ALL-Ultra.jpg\",\"datePublished\":\"2019-05-09T23:10:20+00:00\",\"dateModified\":\"2025-12-08T09:58:15+00:00\",\"breadcrumb\":{\"@id\":\"https:\/\/espak.ee\/epood\/toode\/liim-soudal-ultra-repair-adhesive-20ml\/#breadcrumb\"},\"inLanguage\":\"et\",\"potentialAction\":[{\"@type\":\"ReadAction\",\"target\":[\"https:\/\/espak.ee\/epood\/toode\/liim-soudal-ultra-repair-adhesive-20ml\/\"]}]},{\"@type\":\"ImageObject\",\"inLanguage\":\"et\",\"@id\":\"https:\/\/espak.ee\/epood\/toode\/liim-soudal-ultra-repair-adhesive-20ml\/#primaryimage\",\"url\":\"https:\/\/espak.ee\/epood\/wp-content\/uploads\/Fix-ALL-Ultra.jpg\",\"contentUrl\":\"https:\/\/espak.ee\/epood\/wp-content\/uploads\/Fix-ALL-Ultra.jpg\",\"width\":2048,\"height\":2048},{\"@type\":\"BreadcrumbList\",\"@id\":\"https:\/\/espak.ee\/epood\/toode\/liim-soudal-ultra-repair-adhesive-20ml\/#breadcrumb\",\"itemListElement\":[{\"@type\":\"ListItem\",\"position\":1,\"name\":\"Home\",\"item\":\"https:\/\/espak.ee\/epood\/\"},{\"@type\":\"ListItem\",\"position\":2,\"name\":\"Tootevalik\",\"item\":\"https:\/\/espak.ee\/epood\/tootevalik\/\"},{\"@type\":\"ListItem\",\"position\":3,\"name\":\"LIIM SOUDAL ULTRA REPAIR ADHESIVE 20ML\"}]},{\"@type\":\"WebSite\",\"@id\":\"https:\/\/espak.ee\/epood\/#website\",\"url\":\"https:\/\/espak.ee\/epood\/\",\"name\":\"Espak E-pood\",\"description\":\"\",\"potentialAction\":[{\"@type\":\"SearchAction\",\"target\":{\"@type\":\"EntryPoint\",\"urlTemplate\":\"https:\/\/espak.ee\/epood\/?s={search_term_string}\"},\"query-input\":{\"@type\":\"PropertyValueSpecification\",\"valueRequired\":true,\"valueName\":\"search_term_string\"}}],\"inLanguage\":\"et\"}]}<\/script>\n<!-- \/ Yoast SEO plugin. -->","yoast_head_json":{"title":"LIIM SOUDAL ULTRA REPAIR ADHESIVE 20ML - Espak E-pood","robots":{"index":"index","follow":"follow","max-snippet":"max-snippet:-1","max-image-preview":"max-image-preview:large","max-video-preview":"max-video-preview:-1"},"canonical":"https:\/\/espak.ee\/epood\/toode\/liim-soudal-ultra-repair-adhesive-20ml\/","og_locale":"et_EE","og_type":"article","og_title":"LIIM SOUDAL ULTRA REPAIR ADHESIVE 20ML - Espak E-pood","og_url":"https:\/\/espak.ee\/epood\/toode\/liim-soudal-ultra-repair-adhesive-20ml\/","og_site_name":"Espak E-pood","article_modified_time":"2025-12-08T09:58:15+00:00","og_image":[{"width":2048,"height":2048,"url":"https:\/\/espak.ee\/epood\/wp-content\/uploads\/Fix-ALL-Ultra.jpg","type":"image\/jpeg"}],"twitter_card":"summary_large_image","twitter_misc":{"Est. reading time":"2 minutit"},"schema":{"@context":"https:\/\/schema.org","@graph":[{"@type":"WebPage","@id":"https:\/\/espak.ee\/epood\/toode\/liim-soudal-ultra-repair-adhesive-20ml\/","url":"https:\/\/espak.ee\/epood\/toode\/liim-soudal-ultra-repair-adhesive-20ml\/","name":"LIIM SOUDAL ULTRA REPAIR ADHESIVE 20ML - Espak E-pood","isPartOf":{"@id":"https:\/\/espak.ee\/epood\/#website"},"primaryImageOfPage":{"@id":"https:\/\/espak.ee\/epood\/toode\/liim-soudal-ultra-repair-adhesive-20ml\/#primaryimage"},"image":{"@id":"https:\/\/espak.ee\/epood\/toode\/liim-soudal-ultra-repair-adhesive-20ml\/#primaryimage"},"thumbnailUrl":"https:\/\/espak.ee\/epood\/wp-content\/uploads\/Fix-ALL-Ultra.jpg","datePublished":"2019-05-09T23:10:20+00:00","dateModified":"2025-12-08T09:58:15+00:00","breadcrumb":{"@id":"https:\/\/espak.ee\/epood\/toode\/liim-soudal-ultra-repair-adhesive-20ml\/#breadcrumb"},"inLanguage":"et","potentialAction":[{"@type":"ReadAction","target":["https:\/\/espak.ee\/epood\/toode\/liim-soudal-ultra-repair-adhesive-20ml\/"]}]},{"@type":"ImageObject","inLanguage":"et","@id":"https:\/\/espak.ee\/epood\/toode\/liim-soudal-ultra-repair-adhesive-20ml\/#primaryimage","url":"https:\/\/espak.ee\/epood\/wp-content\/uploads\/Fix-ALL-Ultra.jpg","contentUrl":"https:\/\/espak.ee\/epood\/wp-content\/uploads\/Fix-ALL-Ultra.jpg","width":2048,"height":2048},{"@type":"BreadcrumbList","@id":"https:\/\/espak.ee\/epood\/toode\/liim-soudal-ultra-repair-adhesive-20ml\/#breadcrumb","itemListElement":[{"@type":"ListItem","position":1,"name":"Home","item":"https:\/\/espak.ee\/epood\/"},{"@type":"ListItem","position":2,"name":"Tootevalik","item":"https:\/\/espak.ee\/epood\/tootevalik\/"},{"@type":"ListItem","position":3,"name":"LIIM SOUDAL ULTRA REPAIR ADHESIVE 20ML"}]},{"@type":"WebSite","@id":"https:\/\/espak.ee\/epood\/#website","url":"https:\/\/espak.ee\/epood\/","name":"Espak E-pood","description":"","potentialAction":[{"@type":"SearchAction","target":{"@type":"EntryPoint","urlTemplate":"https:\/\/espak.ee\/epood\/?s={search_term_string}"},"query-input":{"@type":"PropertyValueSpecification","valueRequired":true,"valueName":"search_term_string"}}],"inLanguage":"et"}]}},"_links":{"self":[{"href":"https:\/\/espak.ee\/epood\/wp-json\/wp\/v2\/product\/5585","targetHints":{"allow":["GET"]}}],"collection":[{"href":"https:\/\/espak.ee\/epood\/wp-json\/wp\/v2\/product"}],"about":[{"href":"https:\/\/espak.ee\/epood\/wp-json\/wp\/v2\/types\/product"}],"replies":[{"embeddable":true,"href":"https:\/\/espak.ee\/epood\/wp-json\/wp\/v2\/comments?post=5585"}],"wp:featuredmedia":[{"embeddable":true,"href":"https:\/\/espak.ee\/epood\/wp-json\/wp\/v2\/media\/5966"}],"wp:attachment":[{"href":"https:\/\/espak.ee\/epood\/wp-json\/wp\/v2\/media?parent=5585"}],"wp:term":[{"taxonomy":"product_brand","embeddable":true,"href":"https:\/\/espak.ee\/epood\/wp-json\/wp\/v2\/product_brand?post=5585"},{"taxonomy":"product_cat","embeddable":true,"href":"https:\/\/espak.ee\/epood\/wp-json\/wp\/v2\/product_cat?post=5585"},{"taxonomy":"product_tag","embeddable":true,"href":"https:\/\/espak.ee\/epood\/wp-json\/wp\/v2\/product_tag?post=5585"}],"curies":[{"name":"wp","href":"https:\/\/api.w.org\/{rel}","templated":true}]}}