{"id":5579,"date":"2019-05-10T02:10:20","date_gmt":"2019-05-09T23:10:20","guid":{"rendered":"https:\/\/espak.ee\/hinnakiri\/?post_type=product&#038;p=5579"},"modified":"2025-07-21T13:51:51","modified_gmt":"2025-07-21T10:51:51","slug":"keemiline-ankruliim-soudal-p-300sf-280ml","status":"publish","type":"product","link":"https:\/\/espak.ee\/epood\/toode\/keemiline-ankruliim-soudal-p-300sf-280ml\/","title":{"rendered":"KEEMILINE ANKRULIIM SOUDAL P-300SF 280ML"},"content":{"rendered":"<div class=\"row\"  id=\"row-1844890346\">\n\n\t<div id=\"col-535101679\" class=\"col medium-9 small-12 large-9\"  >\n\t\t\t\t<div class=\"col-inner\"  >\n\t\t\t\n\t\t\t\n<p>SOUDAFIX P300-SF on kahekomponentne keemiline ankur, mis on ette n\u00e4htud ankurdusvarraste, tikkpoltide, sarrusvarraste, keermestatud kraede, profiilmaterjalide jne surveta kinnitamiseks mitmesugustesse t\u00e4is- v\u00f5i \u00f5\u00f5nesmaterjalidesse, n\u00e4iteks mittem\u00f5ranev betoon, kergbetoon, t\u00e4istellised, \u00f5\u00f5nestellised, poorbetoon, looduslik kivi, kipsplaatseinad jne.<\/p>\n<div class=\"message-box relative\" style=\"padding-top:15px;padding-bottom:15px;\"><div class=\"message-box-bg-image bg-fill fill\" ><\/div><div class=\"message-box-bg-overlay bg-fill fill\" ><\/div><div class=\"container relative\"><div class=\"inner last-reset\">\n<div class=\"row align-middle align-center\"  id=\"row-294444345\">\n\n\t<div id=\"col-448560537\" class=\"col small-12 large-12\"  >\n\t\t\t\t<div class=\"col-inner text-left\"  >\n\t\t\t\n\t\t\t\n<h4>Omadused<\/h4>\n<div class=\"row\"  id=\"row-1365216878\">\n\n\t<div id=\"col-1452837820\" class=\"col medium-6 small-12 large-6\"  >\n\t\t\t\t<div class=\"col-inner\"  >\n\t\t\t\n\t\t\t\n<p><i class=\"far fa-check-circle fa-2x\"><\/i><strong>\u00a0Lihtne kasutada ja avasse sisestada<\/strong><\/p>\n<p><strong><i class=\"far fa-check-circle fa-2x\"><\/i>\u00a0Lai kasutusala<\/strong><\/p>\n\t\t<\/div>\n\t\t\t\t\n<style>\n#col-1452837820 > .col-inner {\n  margin: 0px 0px 15px 0px;\n}\n<\/style>\n\t<\/div>\n\n\t\n\n\t<div id=\"col-1598689149\" class=\"col medium-6 small-12 large-6\"  >\n\t\t\t\t<div class=\"col-inner\"  >\n\t\t\t\n\t\t\t\n<p><i class=\"far fa-check-circle fa-2x\"><\/i><strong>\u00a0Kasutatav laes<\/strong><\/p>\n<p><strong><i class=\"far fa-check-circle fa-2x\"><\/i>\u00a0Veetihe ja isoleeriv kinnitus<\/strong><\/p>\n\t\t<\/div>\n\t\t\t\t\n<style>\n#col-1598689149 > .col-inner {\n  margin: 0px 0px 15px 0px;\n}\n<\/style>\n\t<\/div>\n\n\t\n<\/div>\n\t\t<\/div>\n\t\t\t\t\t<\/div>\n\n\t\n<\/div>\n<\/div><\/div><\/div>\n\t<div id=\"gap-1686041200\" class=\"gap-element clearfix\" style=\"display:block; height:auto;\">\n\t\t\n<style>\n#gap-1686041200 {\n  padding-top: 30px;\n}\n<\/style>\n\t<\/div>\n\t\n<h3>Kasutamise \u00fcksikasjad<\/h3>\n<p><strong>Kasutamine: <\/strong>Standardkinnitite kinnitamiseks t\u00e4is- ja \u00f5\u00f5nesehitustoodetesse. Surveta kinnitus v\u00f5imaldab kasutada ka servade l\u00e4heduses. V\u00f5ib kasutada m\u00fc\u00fcritise vuukide parandamiseks. Puurige soovitatud s\u00fcgavusega ava. Puhastage puuritud ava hoolikalt harja ja suru\u00f5huga. Keerake segamisotsak padrunile. Suruge v\u00e4lja 10 cm pikkune mittekasutatav materjalikogus (papit\u00fckile), kuni tekib \u00fchtlane v\u00e4rvus (tumehall) ja materjal on h\u00e4sti segatud. T\u00e4ismaterjalis t\u00e4itke puuritud ava t\u00e4ielikult \u00fclemise \u00e4\u00e4reni. \u00d5\u00f5nestellises olevasse avasse pange h\u00fclss ja t\u00e4itke selle ava, kuni vaik surutakse v\u00e4lja h\u00fclsi v\u00e4ikeavadest. Pange ankurdusvarras avasse seda vasakuleparemale keerates. Kontrollige, et puuritud ava on piisavalt t\u00e4idetud. Oodake, kuni vaik on k\u00f5venenud. \u00c4rge ankrut k\u00f5venemise ajal liigutage. Laske avast v\u00e4ljunud vaik samuti \u00e4ra kuivada. Eemaldage see p\u00e4rast k\u00f5venemist haamri ja meisliga. Paigaldage kinnitatav osa rakendades lubatud p\u00f6\u00f6rdemomenti.\u00a0<\/p>\n<p><strong>Pinnad: <\/strong>T\u00fc\u00fcp: k\u00f5ik poorsete ehitusmaterjalide pinnad, siledal v\u00f5i mittepoorsel pinnal on ebarahuldav nakkuvus. Seisukord: puhas, kuiv, tolmu- ja rasvavaba. Pinnat\u00f6\u00f6tlus: aluspindade erit\u00f6\u00f6tlus pole vajalik. \u00d5\u00f5nesmaterjalides tuleb kasutada h\u00fclsse.<\/p>\n<p><strong>Kasutustemperatuur:<\/strong> +5\u00b0C kuni +35\u00b0C<\/p>\n<p><strong>Puhastamine: <\/strong>Enne k\u00f5venemist p\u00fchkige liigne vaik \u00e4ra ja puhastage lakibensiini v\u00f5i atsetooniga. P\u00e4rast k\u00f5venemist on soovitatav on lasta vaik t\u00e4ielikult k\u00f5veneda, siis saab seda haamri ja meisli abil h\u00f5lpsalt eemaldada.<\/p>\n<p><strong>S\u00e4ilivusaeg:<\/strong> Originaalpakendis 18 kuud. Hoidke jahedas ja kuivas kohas temperatuuril +5\u00b0C kuni +25\u00b0C<\/p>\n<p><strong>Tervise- ja ohutusn\u00f5uded: <\/strong>J\u00e4rgige tavap\u00e4raseid t\u00f6\u00f6stuskeskkonnas rakendatavaid ettevaatusabin\u00f5usid. Kasutage ainult h\u00e4stiventileeritud kohas. Lisateabe saamiseks vaadake sildil esitatud teavet.<\/p>\n\t\t<\/div>\n\t\t\t\t\t<\/div>\n\n\t\n\n\t<div id=\"col-652516869\" class=\"col medium-3 small-12 large-3\"  >\n\t\t\t\t<div class=\"col-inner\"  >\n\t\t\t\n\t\t\t\n\t<div id=\"gap-1800797849\" class=\"gap-element clearfix\" style=\"display:block; height:auto;\">\n\t\t\n<style>\n#gap-1800797849 {\n  padding-top: 30px;\n}\n<\/style>\n\t<\/div>\n\t\n<h3>Tehniline informatsioon<\/h3>\n<p><a href=\"https:\/\/espak.ee\/epood\/wp-content\/uploads\/540_966d1e0daa48f815097965878bf3746d.pdf\" target=\"_blank\" rel=\"noopener noreferrer\"><i class=\"far fa-file-pdf\"><\/i> Tehniline info (PDF)<\/a><\/p>\n<div class=\"is-divider divider clearfix\" ><\/div>\n<p><strong>\u00dcksikasjalikuma n\u00f5u saamiseks v\u00f5tke \u00fchendust:<br \/><\/strong>SOUDAL AS\ufeff<br \/>Haraka tn. 5<br \/>11311<br \/>Tallinn<br \/>+ 372 655 1851<\/p>\n\t\t<\/div>\n\t\t\t\t\t<\/div>\n\n\t\n<\/div>\n","protected":false},"excerpt":{"rendered":"","protected":false},"featured_media":6028,"comment_status":"closed","ping_status":"open","template":"","meta":[],"product_brand":[],"product_cat":[2703,2706,2707,2683],"product_tag":[],"class_list":{"0":"post-5579","1":"product","2":"type-product","3":"status-publish","4":"has-post-thumbnail","6":"product_cat-ehituskeemia","7":"product_cat-liimid","8":"product_cat-universaalliimid","9":"product_cat-viimistluskaubad","10":"pa_kaubamark-soudal-as","12":"first","13":"instock","14":"sale","15":"taxable","16":"shipping-taxable","17":"purchasable","18":"product-type-simple"},"yoast_head":"<!-- This site is optimized with the Yoast SEO plugin v26.9 - https:\/\/yoast.com\/product\/yoast-seo-wordpress\/ -->\n<title>KEEMILINE ANKRULIIM SOUDAL P-300SF 280ML - Espak E-pood<\/title>\n<meta name=\"robots\" content=\"index, follow, max-snippet:-1, max-image-preview:large, max-video-preview:-1\" \/>\n<link rel=\"canonical\" href=\"https:\/\/espak.ee\/epood\/toode\/keemiline-ankruliim-soudal-p-300sf-280ml\/\" \/>\n<meta property=\"og:locale\" content=\"et_EE\" \/>\n<meta property=\"og:type\" content=\"article\" \/>\n<meta property=\"og:title\" content=\"KEEMILINE ANKRULIIM SOUDAL P-300SF 280ML - Espak E-pood\" \/>\n<meta property=\"og:url\" content=\"https:\/\/espak.ee\/epood\/toode\/keemiline-ankruliim-soudal-p-300sf-280ml\/\" \/>\n<meta property=\"og:site_name\" content=\"Espak E-pood\" \/>\n<meta property=\"article:modified_time\" content=\"2025-07-21T10:51:51+00:00\" \/>\n<meta property=\"og:image\" content=\"https:\/\/espak.ee\/epood\/wp-content\/uploads\/Soudafix-P300-SF.jpg\" \/>\n\t<meta property=\"og:image:width\" content=\"2048\" \/>\n\t<meta property=\"og:image:height\" content=\"2048\" \/>\n\t<meta property=\"og:image:type\" content=\"image\/jpeg\" \/>\n<meta name=\"twitter:card\" content=\"summary_large_image\" \/>\n<meta name=\"twitter:label1\" content=\"Est. reading time\" \/>\n\t<meta name=\"twitter:data1\" content=\"2 minutit\" \/>\n<script type=\"application\/ld+json\" class=\"yoast-schema-graph\">{\"@context\":\"https:\/\/schema.org\",\"@graph\":[{\"@type\":\"WebPage\",\"@id\":\"https:\/\/espak.ee\/epood\/toode\/keemiline-ankruliim-soudal-p-300sf-280ml\/\",\"url\":\"https:\/\/espak.ee\/epood\/toode\/keemiline-ankruliim-soudal-p-300sf-280ml\/\",\"name\":\"KEEMILINE ANKRULIIM SOUDAL P-300SF 280ML - Espak E-pood\",\"isPartOf\":{\"@id\":\"https:\/\/espak.ee\/epood\/#website\"},\"primaryImageOfPage\":{\"@id\":\"https:\/\/espak.ee\/epood\/toode\/keemiline-ankruliim-soudal-p-300sf-280ml\/#primaryimage\"},\"image\":{\"@id\":\"https:\/\/espak.ee\/epood\/toode\/keemiline-ankruliim-soudal-p-300sf-280ml\/#primaryimage\"},\"thumbnailUrl\":\"https:\/\/espak.ee\/epood\/wp-content\/uploads\/Soudafix-P300-SF.jpg\",\"datePublished\":\"2019-05-09T23:10:20+00:00\",\"dateModified\":\"2025-07-21T10:51:51+00:00\",\"breadcrumb\":{\"@id\":\"https:\/\/espak.ee\/epood\/toode\/keemiline-ankruliim-soudal-p-300sf-280ml\/#breadcrumb\"},\"inLanguage\":\"et\",\"potentialAction\":[{\"@type\":\"ReadAction\",\"target\":[\"https:\/\/espak.ee\/epood\/toode\/keemiline-ankruliim-soudal-p-300sf-280ml\/\"]}]},{\"@type\":\"ImageObject\",\"inLanguage\":\"et\",\"@id\":\"https:\/\/espak.ee\/epood\/toode\/keemiline-ankruliim-soudal-p-300sf-280ml\/#primaryimage\",\"url\":\"https:\/\/espak.ee\/epood\/wp-content\/uploads\/Soudafix-P300-SF.jpg\",\"contentUrl\":\"https:\/\/espak.ee\/epood\/wp-content\/uploads\/Soudafix-P300-SF.jpg\",\"width\":2048,\"height\":2048},{\"@type\":\"BreadcrumbList\",\"@id\":\"https:\/\/espak.ee\/epood\/toode\/keemiline-ankruliim-soudal-p-300sf-280ml\/#breadcrumb\",\"itemListElement\":[{\"@type\":\"ListItem\",\"position\":1,\"name\":\"Home\",\"item\":\"https:\/\/espak.ee\/epood\/\"},{\"@type\":\"ListItem\",\"position\":2,\"name\":\"Tootevalik\",\"item\":\"https:\/\/espak.ee\/epood\/tootevalik\/\"},{\"@type\":\"ListItem\",\"position\":3,\"name\":\"KEEMILINE ANKRULIIM SOUDAL P-300SF 280ML\"}]},{\"@type\":\"WebSite\",\"@id\":\"https:\/\/espak.ee\/epood\/#website\",\"url\":\"https:\/\/espak.ee\/epood\/\",\"name\":\"Espak E-pood\",\"description\":\"\",\"potentialAction\":[{\"@type\":\"SearchAction\",\"target\":{\"@type\":\"EntryPoint\",\"urlTemplate\":\"https:\/\/espak.ee\/epood\/?s={search_term_string}\"},\"query-input\":{\"@type\":\"PropertyValueSpecification\",\"valueRequired\":true,\"valueName\":\"search_term_string\"}}],\"inLanguage\":\"et\"}]}<\/script>\n<!-- \/ Yoast SEO plugin. -->","yoast_head_json":{"title":"KEEMILINE ANKRULIIM SOUDAL P-300SF 280ML - Espak E-pood","robots":{"index":"index","follow":"follow","max-snippet":"max-snippet:-1","max-image-preview":"max-image-preview:large","max-video-preview":"max-video-preview:-1"},"canonical":"https:\/\/espak.ee\/epood\/toode\/keemiline-ankruliim-soudal-p-300sf-280ml\/","og_locale":"et_EE","og_type":"article","og_title":"KEEMILINE ANKRULIIM SOUDAL P-300SF 280ML - Espak E-pood","og_url":"https:\/\/espak.ee\/epood\/toode\/keemiline-ankruliim-soudal-p-300sf-280ml\/","og_site_name":"Espak E-pood","article_modified_time":"2025-07-21T10:51:51+00:00","og_image":[{"width":2048,"height":2048,"url":"https:\/\/espak.ee\/epood\/wp-content\/uploads\/Soudafix-P300-SF.jpg","type":"image\/jpeg"}],"twitter_card":"summary_large_image","twitter_misc":{"Est. reading time":"2 minutit"},"schema":{"@context":"https:\/\/schema.org","@graph":[{"@type":"WebPage","@id":"https:\/\/espak.ee\/epood\/toode\/keemiline-ankruliim-soudal-p-300sf-280ml\/","url":"https:\/\/espak.ee\/epood\/toode\/keemiline-ankruliim-soudal-p-300sf-280ml\/","name":"KEEMILINE ANKRULIIM SOUDAL P-300SF 280ML - Espak E-pood","isPartOf":{"@id":"https:\/\/espak.ee\/epood\/#website"},"primaryImageOfPage":{"@id":"https:\/\/espak.ee\/epood\/toode\/keemiline-ankruliim-soudal-p-300sf-280ml\/#primaryimage"},"image":{"@id":"https:\/\/espak.ee\/epood\/toode\/keemiline-ankruliim-soudal-p-300sf-280ml\/#primaryimage"},"thumbnailUrl":"https:\/\/espak.ee\/epood\/wp-content\/uploads\/Soudafix-P300-SF.jpg","datePublished":"2019-05-09T23:10:20+00:00","dateModified":"2025-07-21T10:51:51+00:00","breadcrumb":{"@id":"https:\/\/espak.ee\/epood\/toode\/keemiline-ankruliim-soudal-p-300sf-280ml\/#breadcrumb"},"inLanguage":"et","potentialAction":[{"@type":"ReadAction","target":["https:\/\/espak.ee\/epood\/toode\/keemiline-ankruliim-soudal-p-300sf-280ml\/"]}]},{"@type":"ImageObject","inLanguage":"et","@id":"https:\/\/espak.ee\/epood\/toode\/keemiline-ankruliim-soudal-p-300sf-280ml\/#primaryimage","url":"https:\/\/espak.ee\/epood\/wp-content\/uploads\/Soudafix-P300-SF.jpg","contentUrl":"https:\/\/espak.ee\/epood\/wp-content\/uploads\/Soudafix-P300-SF.jpg","width":2048,"height":2048},{"@type":"BreadcrumbList","@id":"https:\/\/espak.ee\/epood\/toode\/keemiline-ankruliim-soudal-p-300sf-280ml\/#breadcrumb","itemListElement":[{"@type":"ListItem","position":1,"name":"Home","item":"https:\/\/espak.ee\/epood\/"},{"@type":"ListItem","position":2,"name":"Tootevalik","item":"https:\/\/espak.ee\/epood\/tootevalik\/"},{"@type":"ListItem","position":3,"name":"KEEMILINE ANKRULIIM SOUDAL P-300SF 280ML"}]},{"@type":"WebSite","@id":"https:\/\/espak.ee\/epood\/#website","url":"https:\/\/espak.ee\/epood\/","name":"Espak E-pood","description":"","potentialAction":[{"@type":"SearchAction","target":{"@type":"EntryPoint","urlTemplate":"https:\/\/espak.ee\/epood\/?s={search_term_string}"},"query-input":{"@type":"PropertyValueSpecification","valueRequired":true,"valueName":"search_term_string"}}],"inLanguage":"et"}]}},"_links":{"self":[{"href":"https:\/\/espak.ee\/epood\/wp-json\/wp\/v2\/product\/5579","targetHints":{"allow":["GET"]}}],"collection":[{"href":"https:\/\/espak.ee\/epood\/wp-json\/wp\/v2\/product"}],"about":[{"href":"https:\/\/espak.ee\/epood\/wp-json\/wp\/v2\/types\/product"}],"replies":[{"embeddable":true,"href":"https:\/\/espak.ee\/epood\/wp-json\/wp\/v2\/comments?post=5579"}],"wp:featuredmedia":[{"embeddable":true,"href":"https:\/\/espak.ee\/epood\/wp-json\/wp\/v2\/media\/6028"}],"wp:attachment":[{"href":"https:\/\/espak.ee\/epood\/wp-json\/wp\/v2\/media?parent=5579"}],"wp:term":[{"taxonomy":"product_brand","embeddable":true,"href":"https:\/\/espak.ee\/epood\/wp-json\/wp\/v2\/product_brand?post=5579"},{"taxonomy":"product_cat","embeddable":true,"href":"https:\/\/espak.ee\/epood\/wp-json\/wp\/v2\/product_cat?post=5579"},{"taxonomy":"product_tag","embeddable":true,"href":"https:\/\/espak.ee\/epood\/wp-json\/wp\/v2\/product_tag?post=5579"}],"curies":[{"name":"wp","href":"https:\/\/api.w.org\/{rel}","templated":true}]}}