{"id":5564,"date":"2019-05-10T02:10:07","date_gmt":"2019-05-09T23:10:07","guid":{"rendered":"https:\/\/espak.ee\/hinnakiri\/?post_type=product&#038;p=5564"},"modified":"2024-03-23T00:23:48","modified_gmt":"2024-03-22T22:23:48","slug":"aurutokke-teip-soudal-facade-60mm25m","status":"publish","type":"product","link":"https:\/\/espak.ee\/epood\/toode\/aurutokke-teip-soudal-facade-60mm25m\/","title":{"rendered":"AURUT\u00d5KKE TEIP SOUDAL FACADE 60MM*25M"},"content":{"rendered":"<div class=\"row\"  id=\"row-1051434964\">\n\n\t<div id=\"col-293372230\" class=\"col medium-9 small-12 large-9\"  >\n\t\t\t\t<div class=\"col-inner\"  >\n\t\t\t\n\t\t\t\n<p>Soudatape Facade on vastupidav lint universaalseks kasutamiseks hoone v\u00e4lispiirete sise- ja v\u00e4lisk\u00fcljel.<\/p>\n<div class=\"message-box relative\" style=\"padding-top:15px;padding-bottom:15px;\"><div class=\"message-box-bg-image bg-fill fill\" ><\/div><div class=\"message-box-bg-overlay bg-fill fill\" ><\/div><div class=\"container relative\"><div class=\"inner last-reset\">\n<div class=\"row align-middle align-center\"  id=\"row-1902224509\">\n\n\t<div id=\"col-1113414633\" class=\"col small-12 large-12\"  >\n\t\t\t\t<div class=\"col-inner text-left\"  >\n\t\t\t\n\t\t\t\n<h4>Omadused<\/h4>\n<div class=\"row\"  id=\"row-557766480\">\n\n\t<div id=\"col-20659364\" class=\"col medium-6 small-12 large-6\"  >\n\t\t\t\t<div class=\"col-inner\"  >\n\t\t\t\n\t\t\t\n<p><i class=\"fas fa-tint fa-2x\"><\/i><\/i> <strong>Niiskuskindel<\/strong><\/p>\n<p><i class=\"fa fa-cloud-sun-rain fa-2x\"><\/i> <strong>3-kuuline ilmastiku- ja UV kindlus<\/strong><\/p>\n\t\t<\/div>\n\t\t\t\t\n<style>\n#col-20659364 > .col-inner {\n  margin: 0px 0px 15px 0px;\n}\n<\/style>\n\t<\/div>\n\n\t\n\n\t<div id=\"col-749838027\" class=\"col medium-6 small-12 large-6\"  >\n\t\t\t\t<div class=\"col-inner\"  >\n\t\t\t\n\t\t\t\n<p><i class=\"far fa-check-circle fa-2x\"><\/i><strong> Hea nakkega ning kauakestev lahustivaba liimikiht<br \/>\n<\/strong><\/p>\n<p><i class=\"far fa-check-circle fa-2x\"><\/i><strong>  Sobiv sise- ja v\u00e4listingimustes<\/strong><\/p>\n\t\t<\/div>\n\t\t\t\t\n<style>\n#col-749838027 > .col-inner {\n  margin: 0px 0px 15px 0px;\n}\n<\/style>\n\t<\/div>\n\n\t\n<\/div>\n\t\t<\/div>\n\t\t\t\t\t<\/div>\n\n\t\n<\/div>\n<\/div><\/div><\/div>\n\t<div id=\"gap-619336652\" class=\"gap-element clearfix\" style=\"display:block; height:auto;\">\n\t\t\n<style>\n#gap-619336652 {\n  padding-top: 30px;\n}\n<\/style>\n\t<\/div>\n\t\n<h3>Kasutamise \u00fcksikasjad<\/h3>\n<p><strong>Kasutamine: <\/strong>Soudatape Facade sobib puitlaastplaatide omavaheliste \u00fchenduste ning siledate pindadega nagu n\u00e4iteks katuseakendega ja torul\u00e4biviikudega k\u00fclgnevate \u00fchenduste p\u00fcsivaks hermetiseerimiseks. Sobib ka mustade aurut\u00f5kete ja avatud vuukidega voodri taga oleva kile \u00fchenduste &#8220;n\u00e4htamatuks&#8221; ja \u00f5hukindlaks katmiseks. Meetod: Eemalda osaliselt kaitsekile ja kleebi Soudatape Facade piki puidu ja\/v\u00f5i puitlaastplaadi v\u00f5i aurut\u00f5kke \u00fchenduskohta. V\u00e4ldi kortse kilel ja lindil. Eemalda \u00fchtlaselt kaitsekile ja vajuta lint tugevasti kogu pikkuses pinna vastu. V\u00f5imaluse korral kasuta rulli.<\/p>\n<p><strong>Aluspinnad:<\/strong> Materjalid: k\u00f5ik materjalid v\u00e4lja arvatud PTFE ja bituumen. Pinna seisukord: puhas, kuiv, rasva- ja tolmuvaba Pinna ettevalmistamine: Pinna eelt\u00f6\u00f6tlus pole vajalik. Soovitatav eelnev sobivuskatse.<\/p>\n<p><strong>Kasutustemperatuur:<\/strong> +5\u00b0C kuni + 30\u00b0C<\/p>\n<p><strong>Puhastamine:<\/strong> Liimainej\u00e4\u00e4gid on vee ja seebiga<br \/>eemaldatavad.<\/p>\n<p><strong>Tervise- ja ohutusn\u00f5uded: <\/strong>Harilikud t\u00f6\u00f6stush\u00fcgieeni n\u00f5uded. T\u00e4psem info sildil.<\/p>\n<p><strong>S\u00e4ilivusaeg: <\/strong>V\u00e4hemalt 12 kuud avamata pakendis kuivas kohas temperatuurivahemikus +5\u00b0C kuni +30\u00b0C ja maksimaalse \u00f5huniiskusega 65%.\u00a0<\/p>\n\t\t<\/div>\n\t\t\t\t\t<\/div>\n\n\t\n\n\t<div id=\"col-161294148\" class=\"col medium-3 small-12 large-3\"  >\n\t\t\t\t<div class=\"col-inner\"  >\n\t\t\t\n\t\t\t\n\t<div id=\"gap-74502648\" class=\"gap-element clearfix\" style=\"display:block; height:auto;\">\n\t\t\n<style>\n#gap-74502648 {\n  padding-top: 30px;\n}\n<\/style>\n\t<\/div>\n\t\n<h3>Tehniline informatsioon<\/h3>\n<p><a href=\"https:\/\/espak.ee\/epood\/wp-content\/uploads\/392_0271cfe610fff2fb94c1976b0df3de5d.pdf\" target=\"_blank\" rel=\"noopener noreferrer\"><i class=\"far fa-file-pdf\"><\/i> Tehniline info (PDF)<\/a><\/p>\n<div class=\"is-divider divider clearfix\" ><\/div>\n<p><strong>\u00dcksikasjalikuma n\u00f5u saamiseks v\u00f5tke \u00fchendust:<br \/><\/strong>SOUDAL AS\ufeff<br \/>Haraka tn. 5<br \/>11311<br \/>Tallinn<br \/>+ 372 655 1851<\/p>\n\t\t<\/div>\n\t\t\t\t\t<\/div>\n\n\t\n<\/div>\n","protected":false},"excerpt":{"rendered":"","protected":false},"featured_media":8530,"comment_status":"closed","ping_status":"open","template":"","meta":[],"product_brand":[],"product_cat":[2718,2722,2723,2697],"product_tag":[],"class_list":{"0":"post-5564","1":"product","2":"type-product","3":"status-publish","4":"has-post-thumbnail","6":"product_cat-isolatsioonimaterjalid","7":"product_cat-tihendid","8":"product_cat-tihenduslindid","9":"product_cat-uldehitus","10":"pa_kaubamark-soudal-as","12":"first","13":"outofstock","14":"sale","15":"taxable","16":"shipping-taxable","17":"purchasable","18":"product-type-simple"},"yoast_head":"<!-- This site is optimized with the Yoast SEO plugin v26.9 - https:\/\/yoast.com\/product\/yoast-seo-wordpress\/ -->\n<title>AURUT\u00d5KKE TEIP SOUDAL FACADE 60MM*25M - Espak E-pood<\/title>\n<meta name=\"robots\" content=\"index, follow, max-snippet:-1, max-image-preview:large, max-video-preview:-1\" \/>\n<link rel=\"canonical\" href=\"https:\/\/espak.ee\/epood\/toode\/aurutokke-teip-soudal-facade-60mm25m\/\" \/>\n<meta property=\"og:locale\" content=\"et_EE\" \/>\n<meta property=\"og:type\" content=\"article\" \/>\n<meta property=\"og:title\" content=\"AURUT\u00d5KKE TEIP SOUDAL FACADE 60MM*25M - Espak E-pood\" \/>\n<meta property=\"og:url\" content=\"https:\/\/espak.ee\/epood\/toode\/aurutokke-teip-soudal-facade-60mm25m\/\" \/>\n<meta property=\"og:site_name\" content=\"Espak E-pood\" \/>\n<meta property=\"article:modified_time\" content=\"2024-03-22T22:23:48+00:00\" \/>\n<meta property=\"og:image\" content=\"https:\/\/espak.ee\/epood\/wp-content\/uploads\/125012_Soudatape_Fa\u00e7ade.jpg\" \/>\n\t<meta property=\"og:image:width\" content=\"1354\" \/>\n\t<meta property=\"og:image:height\" content=\"1316\" \/>\n\t<meta property=\"og:image:type\" content=\"image\/jpeg\" \/>\n<meta name=\"twitter:card\" content=\"summary_large_image\" \/>\n<meta name=\"twitter:label1\" content=\"Est. reading time\" \/>\n\t<meta name=\"twitter:data1\" content=\"1 minut\" \/>\n<script type=\"application\/ld+json\" class=\"yoast-schema-graph\">{\"@context\":\"https:\/\/schema.org\",\"@graph\":[{\"@type\":\"WebPage\",\"@id\":\"https:\/\/espak.ee\/epood\/toode\/aurutokke-teip-soudal-facade-60mm25m\/\",\"url\":\"https:\/\/espak.ee\/epood\/toode\/aurutokke-teip-soudal-facade-60mm25m\/\",\"name\":\"AURUT\u00d5KKE TEIP SOUDAL FACADE 60MM*25M - Espak E-pood\",\"isPartOf\":{\"@id\":\"https:\/\/espak.ee\/epood\/#website\"},\"primaryImageOfPage\":{\"@id\":\"https:\/\/espak.ee\/epood\/toode\/aurutokke-teip-soudal-facade-60mm25m\/#primaryimage\"},\"image\":{\"@id\":\"https:\/\/espak.ee\/epood\/toode\/aurutokke-teip-soudal-facade-60mm25m\/#primaryimage\"},\"thumbnailUrl\":\"https:\/\/espak.ee\/epood\/wp-content\/uploads\/125012_Soudatape_Fa\u00e7ade.jpg\",\"datePublished\":\"2019-05-09T23:10:07+00:00\",\"dateModified\":\"2024-03-22T22:23:48+00:00\",\"breadcrumb\":{\"@id\":\"https:\/\/espak.ee\/epood\/toode\/aurutokke-teip-soudal-facade-60mm25m\/#breadcrumb\"},\"inLanguage\":\"et\",\"potentialAction\":[{\"@type\":\"ReadAction\",\"target\":[\"https:\/\/espak.ee\/epood\/toode\/aurutokke-teip-soudal-facade-60mm25m\/\"]}]},{\"@type\":\"ImageObject\",\"inLanguage\":\"et\",\"@id\":\"https:\/\/espak.ee\/epood\/toode\/aurutokke-teip-soudal-facade-60mm25m\/#primaryimage\",\"url\":\"https:\/\/espak.ee\/epood\/wp-content\/uploads\/125012_Soudatape_Fa\u00e7ade.jpg\",\"contentUrl\":\"https:\/\/espak.ee\/epood\/wp-content\/uploads\/125012_Soudatape_Fa\u00e7ade.jpg\",\"width\":1354,\"height\":1316},{\"@type\":\"BreadcrumbList\",\"@id\":\"https:\/\/espak.ee\/epood\/toode\/aurutokke-teip-soudal-facade-60mm25m\/#breadcrumb\",\"itemListElement\":[{\"@type\":\"ListItem\",\"position\":1,\"name\":\"Home\",\"item\":\"https:\/\/espak.ee\/epood\/\"},{\"@type\":\"ListItem\",\"position\":2,\"name\":\"Tootevalik\",\"item\":\"https:\/\/espak.ee\/epood\/tootevalik\/\"},{\"@type\":\"ListItem\",\"position\":3,\"name\":\"AURUT\u00d5KKE TEIP SOUDAL FACADE 60MM*25M\"}]},{\"@type\":\"WebSite\",\"@id\":\"https:\/\/espak.ee\/epood\/#website\",\"url\":\"https:\/\/espak.ee\/epood\/\",\"name\":\"Espak E-pood\",\"description\":\"\",\"potentialAction\":[{\"@type\":\"SearchAction\",\"target\":{\"@type\":\"EntryPoint\",\"urlTemplate\":\"https:\/\/espak.ee\/epood\/?s={search_term_string}\"},\"query-input\":{\"@type\":\"PropertyValueSpecification\",\"valueRequired\":true,\"valueName\":\"search_term_string\"}}],\"inLanguage\":\"et\"}]}<\/script>\n<!-- \/ Yoast SEO plugin. -->","yoast_head_json":{"title":"AURUT\u00d5KKE TEIP SOUDAL FACADE 60MM*25M - Espak E-pood","robots":{"index":"index","follow":"follow","max-snippet":"max-snippet:-1","max-image-preview":"max-image-preview:large","max-video-preview":"max-video-preview:-1"},"canonical":"https:\/\/espak.ee\/epood\/toode\/aurutokke-teip-soudal-facade-60mm25m\/","og_locale":"et_EE","og_type":"article","og_title":"AURUT\u00d5KKE TEIP SOUDAL FACADE 60MM*25M - Espak E-pood","og_url":"https:\/\/espak.ee\/epood\/toode\/aurutokke-teip-soudal-facade-60mm25m\/","og_site_name":"Espak E-pood","article_modified_time":"2024-03-22T22:23:48+00:00","og_image":[{"width":1354,"height":1316,"url":"https:\/\/espak.ee\/epood\/wp-content\/uploads\/125012_Soudatape_Fa\u00e7ade.jpg","type":"image\/jpeg"}],"twitter_card":"summary_large_image","twitter_misc":{"Est. reading time":"1 minut"},"schema":{"@context":"https:\/\/schema.org","@graph":[{"@type":"WebPage","@id":"https:\/\/espak.ee\/epood\/toode\/aurutokke-teip-soudal-facade-60mm25m\/","url":"https:\/\/espak.ee\/epood\/toode\/aurutokke-teip-soudal-facade-60mm25m\/","name":"AURUT\u00d5KKE TEIP SOUDAL FACADE 60MM*25M - Espak E-pood","isPartOf":{"@id":"https:\/\/espak.ee\/epood\/#website"},"primaryImageOfPage":{"@id":"https:\/\/espak.ee\/epood\/toode\/aurutokke-teip-soudal-facade-60mm25m\/#primaryimage"},"image":{"@id":"https:\/\/espak.ee\/epood\/toode\/aurutokke-teip-soudal-facade-60mm25m\/#primaryimage"},"thumbnailUrl":"https:\/\/espak.ee\/epood\/wp-content\/uploads\/125012_Soudatape_Fa\u00e7ade.jpg","datePublished":"2019-05-09T23:10:07+00:00","dateModified":"2024-03-22T22:23:48+00:00","breadcrumb":{"@id":"https:\/\/espak.ee\/epood\/toode\/aurutokke-teip-soudal-facade-60mm25m\/#breadcrumb"},"inLanguage":"et","potentialAction":[{"@type":"ReadAction","target":["https:\/\/espak.ee\/epood\/toode\/aurutokke-teip-soudal-facade-60mm25m\/"]}]},{"@type":"ImageObject","inLanguage":"et","@id":"https:\/\/espak.ee\/epood\/toode\/aurutokke-teip-soudal-facade-60mm25m\/#primaryimage","url":"https:\/\/espak.ee\/epood\/wp-content\/uploads\/125012_Soudatape_Fa\u00e7ade.jpg","contentUrl":"https:\/\/espak.ee\/epood\/wp-content\/uploads\/125012_Soudatape_Fa\u00e7ade.jpg","width":1354,"height":1316},{"@type":"BreadcrumbList","@id":"https:\/\/espak.ee\/epood\/toode\/aurutokke-teip-soudal-facade-60mm25m\/#breadcrumb","itemListElement":[{"@type":"ListItem","position":1,"name":"Home","item":"https:\/\/espak.ee\/epood\/"},{"@type":"ListItem","position":2,"name":"Tootevalik","item":"https:\/\/espak.ee\/epood\/tootevalik\/"},{"@type":"ListItem","position":3,"name":"AURUT\u00d5KKE TEIP SOUDAL FACADE 60MM*25M"}]},{"@type":"WebSite","@id":"https:\/\/espak.ee\/epood\/#website","url":"https:\/\/espak.ee\/epood\/","name":"Espak E-pood","description":"","potentialAction":[{"@type":"SearchAction","target":{"@type":"EntryPoint","urlTemplate":"https:\/\/espak.ee\/epood\/?s={search_term_string}"},"query-input":{"@type":"PropertyValueSpecification","valueRequired":true,"valueName":"search_term_string"}}],"inLanguage":"et"}]}},"_links":{"self":[{"href":"https:\/\/espak.ee\/epood\/wp-json\/wp\/v2\/product\/5564","targetHints":{"allow":["GET"]}}],"collection":[{"href":"https:\/\/espak.ee\/epood\/wp-json\/wp\/v2\/product"}],"about":[{"href":"https:\/\/espak.ee\/epood\/wp-json\/wp\/v2\/types\/product"}],"replies":[{"embeddable":true,"href":"https:\/\/espak.ee\/epood\/wp-json\/wp\/v2\/comments?post=5564"}],"wp:featuredmedia":[{"embeddable":true,"href":"https:\/\/espak.ee\/epood\/wp-json\/wp\/v2\/media\/8530"}],"wp:attachment":[{"href":"https:\/\/espak.ee\/epood\/wp-json\/wp\/v2\/media?parent=5564"}],"wp:term":[{"taxonomy":"product_brand","embeddable":true,"href":"https:\/\/espak.ee\/epood\/wp-json\/wp\/v2\/product_brand?post=5564"},{"taxonomy":"product_cat","embeddable":true,"href":"https:\/\/espak.ee\/epood\/wp-json\/wp\/v2\/product_cat?post=5564"},{"taxonomy":"product_tag","embeddable":true,"href":"https:\/\/espak.ee\/epood\/wp-json\/wp\/v2\/product_tag?post=5564"}],"curies":[{"name":"wp","href":"https:\/\/api.w.org\/{rel}","templated":true}]}}