{"id":5556,"date":"2019-05-10T02:10:07","date_gmt":"2019-05-09T23:10:07","guid":{"rendered":"https:\/\/espak.ee\/hinnakiri\/?post_type=product&#038;p=5556"},"modified":"2026-02-19T17:34:11","modified_gmt":"2026-02-19T15:34:11","slug":"akruulhermeetik-soudal-express-valge-280ml","status":"publish","type":"product","link":"https:\/\/espak.ee\/epood\/toode\/akruulhermeetik-soudal-express-valge-280ml\/","title":{"rendered":"AKR\u00dc\u00dcLHERMEETIK SOUDAL EXPRESS VALGE 280ML"},"content":{"rendered":"<div class=\"row\"  id=\"row-1821050851\">\n\n\t<div id=\"col-913832979\" class=\"col medium-9 small-12 large-9\"  >\n\t\t\t\t<div class=\"col-inner\"  >\n\t\t\t\n\t\t\t\n<p>Akr\u00fc\u00fclhermeetik Express 10 min on k\u00f5rgekvaliteetne, kiireltkuivav , plastoelastne \u00fchendushermeetik, mis p\u00f5hineb akr\u00fc\u00fcldispersioonil. Kasutatakse nii sise \u2013 kui v\u00e4list\u00f6\u00f6deks.<\/p>\n<div class=\"message-box relative\" style=\"padding-top:15px;padding-bottom:15px;\"><div class=\"message-box-bg-image bg-fill fill\" ><\/div><div class=\"message-box-bg-overlay bg-fill fill\" ><\/div><div class=\"container relative\"><div class=\"inner last-reset\">\n<div class=\"row align-middle align-center\"  id=\"row-684928860\">\n\n\t<div id=\"col-220622073\" class=\"col small-12 large-12\"  >\n\t\t\t\t<div class=\"col-inner text-left\"  >\n\t\t\t\n\t\t\t\n<h4>Omadused<\/h4>\n<div class=\"row\"  id=\"row-1856154510\">\n\n\t<div id=\"col-58443848\" class=\"col medium-6 small-12 large-6\"  >\n\t\t\t\t<div class=\"col-inner\"  >\n\t\t\t\n\t\t\t\n<p><i class=\"far fa-check-circle fa-2x\"><\/i> <strong>Peale k\u00f5venemist veekindel ja v\u00e4rvikindel <\/strong><\/p>\n<p><i class=\"far fa-check-circle fa-2x\"><\/i> <strong> Peale k\u00f5venemist \u00fclev\u00e4rvitav<\/strong><\/p>\n\t\t<\/div>\n\t\t\t\t\n<style>\n#col-58443848 > .col-inner {\n  margin: 0px 0px 15px 0px;\n}\n<\/style>\n\t<\/div>\n\n\t\n\n\t<div id=\"col-2119095040\" class=\"col medium-6 small-12 large-6\"  >\n\t\t\t\t<div class=\"col-inner\"  >\n\t\t\t\n\t\t\t\n<p><i class=\"far fa-check-circle fa-2x\"><\/i> <strong>Nii sise- kui v\u00e4list\u00f6\u00f6deks <\/strong><\/p>\n<p><i class=\"far fa-check-circle fa-2x\"><\/i> <strong>V\u00e4ga hea nake paljudele poorsetele pindadele<\/strong><\/p>\n\t\t<\/div>\n\t\t\t\t\n<style>\n#col-2119095040 > .col-inner {\n  margin: 0px 0px 15px 0px;\n}\n<\/style>\n\t<\/div>\n\n\t\n<\/div>\n\t\t<\/div>\n\t\t\t\t\t<\/div>\n\n\t\n<\/div>\n<\/div><\/div><\/div>\n\t<div id=\"gap-1681153152\" class=\"gap-element clearfix\" style=\"display:block; height:auto;\">\n\t\t\n<style>\n#gap-1681153152 {\n  padding-top: 30px;\n}\n<\/style>\n\t<\/div>\n\t\n<h3>Kasutamise \u00fcksikasjad<\/h3>\n<p><strong>Kasutamine: <\/strong>Betoonis ja krohvis pragude t\u00e4itmiseks. \u00dchendusvuugid ehituses, \u00fchendused aknalaudadel, p\u00f5randa ja laeliistudel, telliste vahel jms. Kasuta manuaalset v\u00f5i pneumaatilist hermeetikup\u00fcstolit. Viimistle hermeetikut spaatliga.\u00a0<\/p>\n<p><strong>Pinnad: K<\/strong>\u00f5ik poorsed ehitusmaterjalid. Pinna seisukord: puhas, kuiv, rasva- ja tolmuvaba.<\/p>\n<p><strong>Kasutamistemperatuur:<\/strong> +5\u00b0C kuni +30\u00b0C, \u00e4ra kasuta vihma ja h\u00e4rmatisega<\/p>\n<p><strong>S\u00e4ilivusaeg:<\/strong> 12 kuud avamata pakendis jahedas ja kuivas kohas temperatuuride vahemikus +5\u00b0C kuni +25\u00b0C. Kaitsta k\u00fclmumise eest!<\/p>\n<p><strong>Tervise- ja ohutusn\u00f5uded: <\/strong>Harilikud t\u00f6\u00f6stush\u00fcgieeni n\u00f5uded. T\u00e4psema info jaoks vaata silti.<\/p>\n\t\t<\/div>\n\t\t\t\t\t<\/div>\n\n\t\n\n\t<div id=\"col-392823153\" class=\"col medium-3 small-12 large-3\"  >\n\t\t\t\t<div class=\"col-inner\"  >\n\t\t\t\n\t\t\t\n\t<div id=\"gap-1491384609\" class=\"gap-element clearfix\" style=\"display:block; height:auto;\">\n\t\t\n<style>\n#gap-1491384609 {\n  padding-top: 30px;\n}\n<\/style>\n\t<\/div>\n\t\n<h3>Tehniline informatsioon<\/h3>\n<p><a href=\"https:\/\/espak.ee\/epood\/wp-content\/uploads\/195_603cc0b1bea74ea1f8ea3836c0c18918.pdf\" target=\"_blank\" rel=\"noopener noreferrer\"><i class=\"far fa-file-pdf\"><\/i> Tehniline info (PDF)<\/a><\/p>\n<div class=\"is-divider divider clearfix\" ><\/div>\n<p><strong>\u00dcksikasjalikuma n\u00f5u saamiseks v\u00f5tke \u00fchendust:<br \/><\/strong>SOUDAL AS\ufeff<br \/>Haraka tn. 5<br \/>11311<br \/>Tallinn<br \/>+ 372 655 1851<\/p>\n\t\t<\/div>\n\t\t\t\t\t<\/div>\n\n\t\n<\/div>\n","protected":false},"excerpt":{"rendered":"","protected":false},"featured_media":5955,"comment_status":"closed","ping_status":"open","template":"","meta":[],"product_brand":[],"product_cat":[2703,2708,2709,2683],"product_tag":[],"class_list":{"0":"post-5556","1":"product","2":"type-product","3":"status-publish","4":"has-post-thumbnail","6":"product_cat-ehituskeemia","7":"product_cat-hermeetikud","8":"product_cat-tihendusmassid","9":"product_cat-viimistluskaubad","10":"pa_kaubamark-soudal-as","12":"first","13":"instock","14":"sale","15":"taxable","16":"shipping-taxable","17":"purchasable","18":"product-type-simple"},"yoast_head":"<!-- This site is optimized with the Yoast SEO plugin v26.9 - https:\/\/yoast.com\/product\/yoast-seo-wordpress\/ -->\n<title>AKR\u00dc\u00dcLHERMEETIK SOUDAL EXPRESS VALGE 280ML - Espak E-pood<\/title>\n<meta name=\"robots\" content=\"index, follow, max-snippet:-1, max-image-preview:large, max-video-preview:-1\" \/>\n<link rel=\"canonical\" href=\"https:\/\/espak.ee\/epood\/toode\/akruulhermeetik-soudal-express-valge-280ml\/\" \/>\n<meta property=\"og:locale\" content=\"et_EE\" \/>\n<meta property=\"og:type\" content=\"article\" \/>\n<meta property=\"og:title\" content=\"AKR\u00dc\u00dcLHERMEETIK SOUDAL EXPRESS VALGE 280ML - Espak E-pood\" \/>\n<meta property=\"og:url\" content=\"https:\/\/espak.ee\/epood\/toode\/akruulhermeetik-soudal-express-valge-280ml\/\" \/>\n<meta property=\"og:site_name\" content=\"Espak E-pood\" \/>\n<meta property=\"article:modified_time\" content=\"2026-02-19T15:34:11+00:00\" \/>\n<meta property=\"og:image\" content=\"https:\/\/espak.ee\/epood\/wp-content\/uploads\/Express-ulevarvitav-akruulhermeetik.jpg\" \/>\n\t<meta property=\"og:image:width\" content=\"2048\" \/>\n\t<meta property=\"og:image:height\" content=\"2048\" \/>\n\t<meta property=\"og:image:type\" content=\"image\/jpeg\" \/>\n<meta name=\"twitter:card\" content=\"summary_large_image\" \/>\n<meta name=\"twitter:label1\" content=\"Est. reading time\" \/>\n\t<meta name=\"twitter:data1\" content=\"1 minut\" \/>\n<script type=\"application\/ld+json\" class=\"yoast-schema-graph\">{\"@context\":\"https:\/\/schema.org\",\"@graph\":[{\"@type\":\"WebPage\",\"@id\":\"https:\/\/espak.ee\/epood\/toode\/akruulhermeetik-soudal-express-valge-280ml\/\",\"url\":\"https:\/\/espak.ee\/epood\/toode\/akruulhermeetik-soudal-express-valge-280ml\/\",\"name\":\"AKR\u00dc\u00dcLHERMEETIK SOUDAL EXPRESS VALGE 280ML - Espak E-pood\",\"isPartOf\":{\"@id\":\"https:\/\/espak.ee\/epood\/#website\"},\"primaryImageOfPage\":{\"@id\":\"https:\/\/espak.ee\/epood\/toode\/akruulhermeetik-soudal-express-valge-280ml\/#primaryimage\"},\"image\":{\"@id\":\"https:\/\/espak.ee\/epood\/toode\/akruulhermeetik-soudal-express-valge-280ml\/#primaryimage\"},\"thumbnailUrl\":\"https:\/\/espak.ee\/epood\/wp-content\/uploads\/Express-ulevarvitav-akruulhermeetik.jpg\",\"datePublished\":\"2019-05-09T23:10:07+00:00\",\"dateModified\":\"2026-02-19T15:34:11+00:00\",\"breadcrumb\":{\"@id\":\"https:\/\/espak.ee\/epood\/toode\/akruulhermeetik-soudal-express-valge-280ml\/#breadcrumb\"},\"inLanguage\":\"et\",\"potentialAction\":[{\"@type\":\"ReadAction\",\"target\":[\"https:\/\/espak.ee\/epood\/toode\/akruulhermeetik-soudal-express-valge-280ml\/\"]}]},{\"@type\":\"ImageObject\",\"inLanguage\":\"et\",\"@id\":\"https:\/\/espak.ee\/epood\/toode\/akruulhermeetik-soudal-express-valge-280ml\/#primaryimage\",\"url\":\"https:\/\/espak.ee\/epood\/wp-content\/uploads\/Express-ulevarvitav-akruulhermeetik.jpg\",\"contentUrl\":\"https:\/\/espak.ee\/epood\/wp-content\/uploads\/Express-ulevarvitav-akruulhermeetik.jpg\",\"width\":2048,\"height\":2048},{\"@type\":\"BreadcrumbList\",\"@id\":\"https:\/\/espak.ee\/epood\/toode\/akruulhermeetik-soudal-express-valge-280ml\/#breadcrumb\",\"itemListElement\":[{\"@type\":\"ListItem\",\"position\":1,\"name\":\"Home\",\"item\":\"https:\/\/espak.ee\/epood\/\"},{\"@type\":\"ListItem\",\"position\":2,\"name\":\"Tootevalik\",\"item\":\"https:\/\/espak.ee\/epood\/tootevalik\/\"},{\"@type\":\"ListItem\",\"position\":3,\"name\":\"AKR\u00dc\u00dcLHERMEETIK SOUDAL EXPRESS VALGE 280ML\"}]},{\"@type\":\"WebSite\",\"@id\":\"https:\/\/espak.ee\/epood\/#website\",\"url\":\"https:\/\/espak.ee\/epood\/\",\"name\":\"Espak E-pood\",\"description\":\"\",\"potentialAction\":[{\"@type\":\"SearchAction\",\"target\":{\"@type\":\"EntryPoint\",\"urlTemplate\":\"https:\/\/espak.ee\/epood\/?s={search_term_string}\"},\"query-input\":{\"@type\":\"PropertyValueSpecification\",\"valueRequired\":true,\"valueName\":\"search_term_string\"}}],\"inLanguage\":\"et\"}]}<\/script>\n<!-- \/ Yoast SEO plugin. -->","yoast_head_json":{"title":"AKR\u00dc\u00dcLHERMEETIK SOUDAL EXPRESS VALGE 280ML - Espak E-pood","robots":{"index":"index","follow":"follow","max-snippet":"max-snippet:-1","max-image-preview":"max-image-preview:large","max-video-preview":"max-video-preview:-1"},"canonical":"https:\/\/espak.ee\/epood\/toode\/akruulhermeetik-soudal-express-valge-280ml\/","og_locale":"et_EE","og_type":"article","og_title":"AKR\u00dc\u00dcLHERMEETIK SOUDAL EXPRESS VALGE 280ML - Espak E-pood","og_url":"https:\/\/espak.ee\/epood\/toode\/akruulhermeetik-soudal-express-valge-280ml\/","og_site_name":"Espak E-pood","article_modified_time":"2026-02-19T15:34:11+00:00","og_image":[{"width":2048,"height":2048,"url":"https:\/\/espak.ee\/epood\/wp-content\/uploads\/Express-ulevarvitav-akruulhermeetik.jpg","type":"image\/jpeg"}],"twitter_card":"summary_large_image","twitter_misc":{"Est. reading time":"1 minut"},"schema":{"@context":"https:\/\/schema.org","@graph":[{"@type":"WebPage","@id":"https:\/\/espak.ee\/epood\/toode\/akruulhermeetik-soudal-express-valge-280ml\/","url":"https:\/\/espak.ee\/epood\/toode\/akruulhermeetik-soudal-express-valge-280ml\/","name":"AKR\u00dc\u00dcLHERMEETIK SOUDAL EXPRESS VALGE 280ML - Espak E-pood","isPartOf":{"@id":"https:\/\/espak.ee\/epood\/#website"},"primaryImageOfPage":{"@id":"https:\/\/espak.ee\/epood\/toode\/akruulhermeetik-soudal-express-valge-280ml\/#primaryimage"},"image":{"@id":"https:\/\/espak.ee\/epood\/toode\/akruulhermeetik-soudal-express-valge-280ml\/#primaryimage"},"thumbnailUrl":"https:\/\/espak.ee\/epood\/wp-content\/uploads\/Express-ulevarvitav-akruulhermeetik.jpg","datePublished":"2019-05-09T23:10:07+00:00","dateModified":"2026-02-19T15:34:11+00:00","breadcrumb":{"@id":"https:\/\/espak.ee\/epood\/toode\/akruulhermeetik-soudal-express-valge-280ml\/#breadcrumb"},"inLanguage":"et","potentialAction":[{"@type":"ReadAction","target":["https:\/\/espak.ee\/epood\/toode\/akruulhermeetik-soudal-express-valge-280ml\/"]}]},{"@type":"ImageObject","inLanguage":"et","@id":"https:\/\/espak.ee\/epood\/toode\/akruulhermeetik-soudal-express-valge-280ml\/#primaryimage","url":"https:\/\/espak.ee\/epood\/wp-content\/uploads\/Express-ulevarvitav-akruulhermeetik.jpg","contentUrl":"https:\/\/espak.ee\/epood\/wp-content\/uploads\/Express-ulevarvitav-akruulhermeetik.jpg","width":2048,"height":2048},{"@type":"BreadcrumbList","@id":"https:\/\/espak.ee\/epood\/toode\/akruulhermeetik-soudal-express-valge-280ml\/#breadcrumb","itemListElement":[{"@type":"ListItem","position":1,"name":"Home","item":"https:\/\/espak.ee\/epood\/"},{"@type":"ListItem","position":2,"name":"Tootevalik","item":"https:\/\/espak.ee\/epood\/tootevalik\/"},{"@type":"ListItem","position":3,"name":"AKR\u00dc\u00dcLHERMEETIK SOUDAL EXPRESS VALGE 280ML"}]},{"@type":"WebSite","@id":"https:\/\/espak.ee\/epood\/#website","url":"https:\/\/espak.ee\/epood\/","name":"Espak E-pood","description":"","potentialAction":[{"@type":"SearchAction","target":{"@type":"EntryPoint","urlTemplate":"https:\/\/espak.ee\/epood\/?s={search_term_string}"},"query-input":{"@type":"PropertyValueSpecification","valueRequired":true,"valueName":"search_term_string"}}],"inLanguage":"et"}]}},"_links":{"self":[{"href":"https:\/\/espak.ee\/epood\/wp-json\/wp\/v2\/product\/5556","targetHints":{"allow":["GET"]}}],"collection":[{"href":"https:\/\/espak.ee\/epood\/wp-json\/wp\/v2\/product"}],"about":[{"href":"https:\/\/espak.ee\/epood\/wp-json\/wp\/v2\/types\/product"}],"replies":[{"embeddable":true,"href":"https:\/\/espak.ee\/epood\/wp-json\/wp\/v2\/comments?post=5556"}],"wp:featuredmedia":[{"embeddable":true,"href":"https:\/\/espak.ee\/epood\/wp-json\/wp\/v2\/media\/5955"}],"wp:attachment":[{"href":"https:\/\/espak.ee\/epood\/wp-json\/wp\/v2\/media?parent=5556"}],"wp:term":[{"taxonomy":"product_brand","embeddable":true,"href":"https:\/\/espak.ee\/epood\/wp-json\/wp\/v2\/product_brand?post=5556"},{"taxonomy":"product_cat","embeddable":true,"href":"https:\/\/espak.ee\/epood\/wp-json\/wp\/v2\/product_cat?post=5556"},{"taxonomy":"product_tag","embeddable":true,"href":"https:\/\/espak.ee\/epood\/wp-json\/wp\/v2\/product_tag?post=5556"}],"curies":[{"name":"wp","href":"https:\/\/api.w.org\/{rel}","templated":true}]}}