{"id":55475,"date":"2021-01-07T07:07:52","date_gmt":"2021-01-07T07:07:52","guid":{"rendered":"https:\/\/espak.ee\/hinnakiri\/?post_type=product&#038;p=55475"},"modified":"2025-12-04T12:26:36","modified_gmt":"2025-12-04T10:26:36","slug":"taimer-digitaalne-nadal-230v-2p-16a","status":"publish","type":"product","link":"https:\/\/espak.ee\/epood\/toode\/taimer-digitaalne-nadal-230v-2p-16a\/","title":{"rendered":"TAIMER BRENNENSTUHL DIGITAALNE N\u00c4DAL 230V 2P 16A"},"content":{"rendered":"<div class=\"row\"  id=\"row-2061182919\">\n\n\t<div id=\"col-928877987\" class=\"col medium-9 small-12 large-9\"  >\n\t\t\t\t<div class=\"col-inner\"  >\n\t\t\t\n\t\t\t\n<h2>Digitaalne taimer<\/h2>\n\t<div id=\"gap-861133883\" class=\"gap-element clearfix\" style=\"display:block; height:auto;\">\n\t\t\n<style>\n#gap-861133883 {\n  padding-top: 30px;\n}\n<\/style>\n\t<\/div>\n\t\n<h3>Kasutamise \u00fcksikasjad<\/h3>\n<p><strong>Kirjeldus:<\/strong> Eriti suur LCD ekraan, kus kuvatakse p\u00e4eva l\u00fchendit ja tunde kas 12 v\u00f5i 24 tunnilises formaadis, ning minuteid ja sekundeid. 20 sisse-v\u00e4lja l\u00fclitusts\u00fcklit \u00fche p\u00e4eva jooksul, tundide ja minutie seadistusel. Lihtne 4 nupuga kasutamine. L\u00fchim l\u00fclitusaeg: 1 minut. &#8221;Countdown&#8221; ja &#8221;Random&#8221; funktsioon (aja mahalugemise ja juhsulikuse funktsioonid). Funktsioon &#8221;Random&#8221;, sobib kasutamiseks n\u00e4iteks kodust eemal olles. Suve- ja talveaeg. Manuaalne sisse-ja v\u00e4ljal\u00fclitus. Programm: &#8221;Toimingu katkestamine on v\u00f5imalik&#8221;. Voolukatkestuse puhul salvestatakse andmed seadme m\u00e4llu. Praktiline pistikupesa asukoht. Toodet kasutades ei kata \u00fchendatud pistik kinni juhtnuppe. Toode sisaldab NiMH laetavad akupatareisid. Lastekaitsega pistikupesa. Blisterpakendis. Nimivool: 230 V. Nimipinge 16 A.<\/p>\n\t\t<\/div>\n\t\t\t\t\t<\/div>\n\n\t\n\n\t<div id=\"col-1105964351\" class=\"col medium-3 small-12 large-3\"  >\n\t\t\t\t<div class=\"col-inner\"  >\n\t\t\t\n\t\t\t\n\t<div id=\"gap-1046245638\" class=\"gap-element clearfix\" style=\"display:block; height:auto;\">\n\t\t\n<style>\n#gap-1046245638 {\n  padding-top: 30px;\n}\n<\/style>\n\t<\/div>\n\t\n<div class=\"is-divider divider clearfix\" ><\/div>\n<p><strong>\u00dcksikasjalikuma n\u00f5u saamiseks v\u00f5tke \u00fchendust:<br \/><\/strong>INSTABALT EESTI<br \/>Kadaka tee 52d<br \/>12915<br \/>Tallinn<br \/>+372 4896544<\/p>\n<div class=\"is-divider divider clearfix\" ><\/div>\n\t\t<\/div>\n\t\t\t\t\t<\/div>\n\n\t\n<\/div>\n","protected":false},"excerpt":{"rendered":"","protected":false},"featured_media":60345,"comment_status":"closed","ping_status":"closed","template":"","meta":[],"product_brand":[],"product_cat":[2935,2934,3224,3290],"product_tag":[],"class_list":{"0":"post-55475","1":"product","2":"type-product","3":"status-publish","4":"has-post-thumbnail","6":"product_cat-elektrikaubad","7":"product_cat-elektrikaubad-ja-valgustid","8":"product_cat-lulitid-ja-pistikupesad","9":"product_cat-programmkellad-ja-taimerid","10":"pa_kaubamark-instabalt-eesti-ou","12":"first","13":"instock","14":"sale","15":"taxable","16":"shipping-taxable","17":"purchasable","18":"product-type-simple"},"yoast_head":"<!-- This site is optimized with the Yoast SEO plugin v26.9 - https:\/\/yoast.com\/product\/yoast-seo-wordpress\/ -->\n<title>TAIMER BRENNENSTUHL DIGITAALNE N\u00c4DAL 230V 2P 16A - Espak E-pood<\/title>\n<meta name=\"robots\" content=\"index, follow, max-snippet:-1, max-image-preview:large, max-video-preview:-1\" \/>\n<link rel=\"canonical\" href=\"https:\/\/espak.ee\/epood\/toode\/taimer-digitaalne-nadal-230v-2p-16a\/\" \/>\n<meta property=\"og:locale\" content=\"et_EE\" \/>\n<meta property=\"og:type\" content=\"article\" \/>\n<meta property=\"og:title\" content=\"TAIMER BRENNENSTUHL DIGITAALNE N\u00c4DAL 230V 2P 16A - Espak E-pood\" \/>\n<meta property=\"og:url\" content=\"https:\/\/espak.ee\/epood\/toode\/taimer-digitaalne-nadal-230v-2p-16a\/\" \/>\n<meta property=\"og:site_name\" content=\"Espak E-pood\" \/>\n<meta property=\"article:modified_time\" content=\"2025-12-04T10:26:36+00:00\" \/>\n<meta property=\"og:image\" content=\"https:\/\/espak.ee\/epood\/wp-content\/uploads\/4007123192038_1507500.jpg\" \/>\n\t<meta property=\"og:image:width\" content=\"560\" \/>\n\t<meta property=\"og:image:height\" content=\"560\" \/>\n\t<meta property=\"og:image:type\" content=\"image\/jpeg\" \/>\n<meta name=\"twitter:card\" content=\"summary_large_image\" \/>\n<meta name=\"twitter:label1\" content=\"Est. reading time\" \/>\n\t<meta name=\"twitter:data1\" content=\"1 minut\" \/>\n<script type=\"application\/ld+json\" class=\"yoast-schema-graph\">{\"@context\":\"https:\/\/schema.org\",\"@graph\":[{\"@type\":\"WebPage\",\"@id\":\"https:\/\/espak.ee\/epood\/toode\/taimer-digitaalne-nadal-230v-2p-16a\/\",\"url\":\"https:\/\/espak.ee\/epood\/toode\/taimer-digitaalne-nadal-230v-2p-16a\/\",\"name\":\"TAIMER BRENNENSTUHL DIGITAALNE N\u00c4DAL 230V 2P 16A - Espak E-pood\",\"isPartOf\":{\"@id\":\"https:\/\/espak.ee\/epood\/#website\"},\"primaryImageOfPage\":{\"@id\":\"https:\/\/espak.ee\/epood\/toode\/taimer-digitaalne-nadal-230v-2p-16a\/#primaryimage\"},\"image\":{\"@id\":\"https:\/\/espak.ee\/epood\/toode\/taimer-digitaalne-nadal-230v-2p-16a\/#primaryimage\"},\"thumbnailUrl\":\"https:\/\/espak.ee\/epood\/wp-content\/uploads\/4007123192038_1507500.jpg\",\"datePublished\":\"2021-01-07T07:07:52+00:00\",\"dateModified\":\"2025-12-04T10:26:36+00:00\",\"breadcrumb\":{\"@id\":\"https:\/\/espak.ee\/epood\/toode\/taimer-digitaalne-nadal-230v-2p-16a\/#breadcrumb\"},\"inLanguage\":\"et\",\"potentialAction\":[{\"@type\":\"ReadAction\",\"target\":[\"https:\/\/espak.ee\/epood\/toode\/taimer-digitaalne-nadal-230v-2p-16a\/\"]}]},{\"@type\":\"ImageObject\",\"inLanguage\":\"et\",\"@id\":\"https:\/\/espak.ee\/epood\/toode\/taimer-digitaalne-nadal-230v-2p-16a\/#primaryimage\",\"url\":\"https:\/\/espak.ee\/epood\/wp-content\/uploads\/4007123192038_1507500.jpg\",\"contentUrl\":\"https:\/\/espak.ee\/epood\/wp-content\/uploads\/4007123192038_1507500.jpg\",\"width\":560,\"height\":560,\"caption\":\"CREATOR: gd-jpeg v1.0 (using IJG JPEG v62), quality = 80\"},{\"@type\":\"BreadcrumbList\",\"@id\":\"https:\/\/espak.ee\/epood\/toode\/taimer-digitaalne-nadal-230v-2p-16a\/#breadcrumb\",\"itemListElement\":[{\"@type\":\"ListItem\",\"position\":1,\"name\":\"Home\",\"item\":\"https:\/\/espak.ee\/epood\/\"},{\"@type\":\"ListItem\",\"position\":2,\"name\":\"Tootevalik\",\"item\":\"https:\/\/espak.ee\/epood\/tootevalik\/\"},{\"@type\":\"ListItem\",\"position\":3,\"name\":\"TAIMER BRENNENSTUHL DIGITAALNE N\u00c4DAL 230V 2P 16A\"}]},{\"@type\":\"WebSite\",\"@id\":\"https:\/\/espak.ee\/epood\/#website\",\"url\":\"https:\/\/espak.ee\/epood\/\",\"name\":\"Espak E-pood\",\"description\":\"\",\"potentialAction\":[{\"@type\":\"SearchAction\",\"target\":{\"@type\":\"EntryPoint\",\"urlTemplate\":\"https:\/\/espak.ee\/epood\/?s={search_term_string}\"},\"query-input\":{\"@type\":\"PropertyValueSpecification\",\"valueRequired\":true,\"valueName\":\"search_term_string\"}}],\"inLanguage\":\"et\"}]}<\/script>\n<!-- \/ Yoast SEO plugin. -->","yoast_head_json":{"title":"TAIMER BRENNENSTUHL DIGITAALNE N\u00c4DAL 230V 2P 16A - Espak E-pood","robots":{"index":"index","follow":"follow","max-snippet":"max-snippet:-1","max-image-preview":"max-image-preview:large","max-video-preview":"max-video-preview:-1"},"canonical":"https:\/\/espak.ee\/epood\/toode\/taimer-digitaalne-nadal-230v-2p-16a\/","og_locale":"et_EE","og_type":"article","og_title":"TAIMER BRENNENSTUHL DIGITAALNE N\u00c4DAL 230V 2P 16A - Espak E-pood","og_url":"https:\/\/espak.ee\/epood\/toode\/taimer-digitaalne-nadal-230v-2p-16a\/","og_site_name":"Espak E-pood","article_modified_time":"2025-12-04T10:26:36+00:00","og_image":[{"width":560,"height":560,"url":"https:\/\/espak.ee\/epood\/wp-content\/uploads\/4007123192038_1507500.jpg","type":"image\/jpeg"}],"twitter_card":"summary_large_image","twitter_misc":{"Est. reading time":"1 minut"},"schema":{"@context":"https:\/\/schema.org","@graph":[{"@type":"WebPage","@id":"https:\/\/espak.ee\/epood\/toode\/taimer-digitaalne-nadal-230v-2p-16a\/","url":"https:\/\/espak.ee\/epood\/toode\/taimer-digitaalne-nadal-230v-2p-16a\/","name":"TAIMER BRENNENSTUHL DIGITAALNE N\u00c4DAL 230V 2P 16A - Espak E-pood","isPartOf":{"@id":"https:\/\/espak.ee\/epood\/#website"},"primaryImageOfPage":{"@id":"https:\/\/espak.ee\/epood\/toode\/taimer-digitaalne-nadal-230v-2p-16a\/#primaryimage"},"image":{"@id":"https:\/\/espak.ee\/epood\/toode\/taimer-digitaalne-nadal-230v-2p-16a\/#primaryimage"},"thumbnailUrl":"https:\/\/espak.ee\/epood\/wp-content\/uploads\/4007123192038_1507500.jpg","datePublished":"2021-01-07T07:07:52+00:00","dateModified":"2025-12-04T10:26:36+00:00","breadcrumb":{"@id":"https:\/\/espak.ee\/epood\/toode\/taimer-digitaalne-nadal-230v-2p-16a\/#breadcrumb"},"inLanguage":"et","potentialAction":[{"@type":"ReadAction","target":["https:\/\/espak.ee\/epood\/toode\/taimer-digitaalne-nadal-230v-2p-16a\/"]}]},{"@type":"ImageObject","inLanguage":"et","@id":"https:\/\/espak.ee\/epood\/toode\/taimer-digitaalne-nadal-230v-2p-16a\/#primaryimage","url":"https:\/\/espak.ee\/epood\/wp-content\/uploads\/4007123192038_1507500.jpg","contentUrl":"https:\/\/espak.ee\/epood\/wp-content\/uploads\/4007123192038_1507500.jpg","width":560,"height":560,"caption":"CREATOR: gd-jpeg v1.0 (using IJG JPEG v62), quality = 80"},{"@type":"BreadcrumbList","@id":"https:\/\/espak.ee\/epood\/toode\/taimer-digitaalne-nadal-230v-2p-16a\/#breadcrumb","itemListElement":[{"@type":"ListItem","position":1,"name":"Home","item":"https:\/\/espak.ee\/epood\/"},{"@type":"ListItem","position":2,"name":"Tootevalik","item":"https:\/\/espak.ee\/epood\/tootevalik\/"},{"@type":"ListItem","position":3,"name":"TAIMER BRENNENSTUHL DIGITAALNE N\u00c4DAL 230V 2P 16A"}]},{"@type":"WebSite","@id":"https:\/\/espak.ee\/epood\/#website","url":"https:\/\/espak.ee\/epood\/","name":"Espak E-pood","description":"","potentialAction":[{"@type":"SearchAction","target":{"@type":"EntryPoint","urlTemplate":"https:\/\/espak.ee\/epood\/?s={search_term_string}"},"query-input":{"@type":"PropertyValueSpecification","valueRequired":true,"valueName":"search_term_string"}}],"inLanguage":"et"}]}},"_links":{"self":[{"href":"https:\/\/espak.ee\/epood\/wp-json\/wp\/v2\/product\/55475","targetHints":{"allow":["GET"]}}],"collection":[{"href":"https:\/\/espak.ee\/epood\/wp-json\/wp\/v2\/product"}],"about":[{"href":"https:\/\/espak.ee\/epood\/wp-json\/wp\/v2\/types\/product"}],"replies":[{"embeddable":true,"href":"https:\/\/espak.ee\/epood\/wp-json\/wp\/v2\/comments?post=55475"}],"wp:featuredmedia":[{"embeddable":true,"href":"https:\/\/espak.ee\/epood\/wp-json\/wp\/v2\/media\/60345"}],"wp:attachment":[{"href":"https:\/\/espak.ee\/epood\/wp-json\/wp\/v2\/media?parent=55475"}],"wp:term":[{"taxonomy":"product_brand","embeddable":true,"href":"https:\/\/espak.ee\/epood\/wp-json\/wp\/v2\/product_brand?post=55475"},{"taxonomy":"product_cat","embeddable":true,"href":"https:\/\/espak.ee\/epood\/wp-json\/wp\/v2\/product_cat?post=55475"},{"taxonomy":"product_tag","embeddable":true,"href":"https:\/\/espak.ee\/epood\/wp-json\/wp\/v2\/product_tag?post=55475"}],"curies":[{"name":"wp","href":"https:\/\/api.w.org\/{rel}","templated":true}]}}