{"id":5523,"date":"2019-05-04T02:06:30","date_gmt":"2019-05-03T23:06:30","guid":{"rendered":"https:\/\/espak.ee\/hinnakiri\/?post_type=product&#038;p=5523"},"modified":"2024-09-25T07:28:50","modified_gmt":"2024-09-25T04:28:50","slug":"pooljaik-kivivillaplaat-superrock-1006561000mm","status":"publish","type":"product","link":"https:\/\/espak.ee\/epood\/toode\/pooljaik-kivivillaplaat-superrock-1006561000mm\/","title":{"rendered":"POOLJ\u00c4IK KIVIVILLAPLAAT SUPERROCK 100*565*1000MM"},"content":{"rendered":"<div class=\"row\"  id=\"row-333869579\">\n\n\t<div id=\"col-1356529921\" class=\"col medium-9 small-12 large-9\"  >\n\t\t\t\t<div class=\"col-inner\"  >\n\t\t\t\n\t\t\t\n<p>Kivivill on laialt levinud materjal, mida kasutatakse<br \/>peamiselt hoonete soojustamiseks. ROCKWOOL\u00ae isolatsioonitooted aitavad kaasa hea akustika ja meeldiva sisekliimaga, energias\u00e4\u00e4stlike ja tulekindlate hoonete ehitamisele. Kivivilla on saadaval erinevas vormis ja omadustega ning seda saab kasutada paljudes ehitusvaldkondades alates katustest, p\u00f6\u00f6ningutest, seintest, p\u00f5randatest, k\u00fctte- ja kliimas\u00fcsteemidest ning l\u00f5petades tulekaitseja m\u00fcrat\u00f5kkes\u00fcsteemide ning t\u00f6\u00f6tleva t\u00f6\u00f6stusega. K\u00e4esolevas toote keskkonnateatises k\u00e4sitletavateks toodeteks on ROCKWOOL\u00ae isolatsiooniplaadid ja -matid, mis on m\u00f5eldud \u00fcldehituselementide, mitmekihiliste laotud seinte ja lamekatuste soojustamiseks. Konkreetne toode, millele deklareeritud \u00fchiku all viidatakse, on 39 mm paks ja selle tihedus on 28 kg\/m\u00b3. Hindamine h\u00f5lmab ka pakendeid, st pakendamisel ja alustele paigaldamisel kasutatavat PE-kile, puitaluseid ja silte. Voodrimaterjalid, nt klaasfliis, alumiiniumfoolium v\u00f5i muud materjalid, ei ole selle toote keskkonnateatise osa. Olenevalt tootest v\u00f5ib nende keskkonnan\u00e4itajate v\u00e4\u00e4rtused lisada.<\/p>\n\t<div id=\"gap-716858075\" class=\"gap-element clearfix\" style=\"display:block; height:auto;\">\n\t\t\n<style>\n#gap-716858075 {\n  padding-top: 30px;\n}\n<\/style>\n\t<\/div>\n\t\n<h3>Toote spetsifikatsioon<\/h3>\n<p><strong>Toote spetsifikatsioon:<\/strong> ROCKWOOL\u00ae kivivill on tulekindel materjal, mida kasutatakse soojuse, k\u00fclma, tule, vibratsiooni ja m\u00fcra isoleerimiseks. Kivivilla traditsiooniliseks toormaterjaliks on olnud vulkaanilised kivimid, eelk\u00f5ige basalt v\u00f5i dolomiit, kuid \u00fcha enam kasutatakse tootmiseks \u00fcmbert\u00f6\u00f6deldud materjale ja m\u00f5ne protsendi ulatuses vaiksideaineid (v\u00e4lisseinte ja kaldkatuste toodete puhul tavaliselt 2\u20133% mahukaalust, mitmekihiliste seinte ja lamekatuste puhul veidi rohkem). Turustamiseks pakendatakse toode PEkilesse ja paigutatakse puit- v\u00f5i kivivillalustele. Sideaineks on vesialusel fenoolformaldeh\u00fc\u00fcdvaik, mis kivivilla l\u00f5pptoote valmistamisel pol\u00fcmeriseeritakse bakeliidiks. ROCKWOOL\u00ae kivivilla tarnivad Balti turule kaks Poola tehast (Cigacice ja Malkinia), \u00fcks Ungari tehas (Tapolca) ja \u00fcks T\u0161ehhi tehas (Bohumin). K\u00f5ik tehased lasevad v\u00e4lja \u00fchesuguste omaduste ja pakendiga ROCKWOOLi tooteid. Toote keskkonnateatis p\u00f5hineb nelja tehase LCA anal\u00fc\u00fcside andmetel. Etalon v\u00e4\u00e4rtuseks on kaalutud keskmine, mis arvutatakse villa kaalul p\u00f5hineva toote koguse j\u00e4rgi, mida turustati 2014. aastal Balti turule neljast tehasest.<\/p>\n<p><strong>Toote kasutusiga:<\/strong> Isolatsioonitoodete kasutusiga hoones ei ole k\u00e4esoleva toote keskkonnateatise seisukohast oluline, kuna hoone kasutusetappi ei ole arvesse v\u00f5etud. ROCKWOOL\u00ae tooted on vastupidavad ja t\u00e4idavad enamasti oma soojusisolatsiooni funktsiooni kogu hoone eluea v\u00e4ltel. Standardi EN 13162 alusel tehtavates arvutustes on kokkuleppeline toote kasutusiga 50 aastat, kuid seda on v\u00f5imalik muuta pikemaks, kui hoone seintes ja katuses on kasutatud ROCKWOOL\u00ae isolatsioonitooteid. M\u00f5nedes arvutusolukordades v\u00f5ib kasutusea ekvivalendina kasutada ka hooneosa v\u00f5i hoone eluea n\u00e4itajaid.<\/p>\n<p><strong>Tehniline teave:<\/strong> Tootestandardina kohaldatakse standardit \u201eEN 13162:2008 Ehituslikud soojusisolatsioonitooted: t\u00f6\u00f6stuslikult valmistatud mineraalvillatooted. Spetsifikatsioon\u201d. Toote keskkonnateatise rakendamisel ehitiste kontekstis tuleb arvesse v\u00f5tta konkreetseid omadusi ja lisafunktsioone:<br \/>\u25a0 ROCKWOOL\u00ae kivivill kuulub standardi EN13501-1 alusel parimasse, mittes\u00fcttivate ehitusmaterjalide klassi A1 (Euroklass A1).<br \/>\u25a0 ROCKWOOL\u00ae kivivilltooteid eelistatakse sageli nende akustiliste omaduste t\u00f5ttu. N\u00e4iteks v\u00f5ib kvaliteetselt ehitatud sein, mille isolatsiooniks on kasutatud mineraalvilla, v\u00e4hendada m\u00fcra enam kui 50 dB v\u00f5rra (kohalike ehitusnormide kohaselt). Konkreetsete akustiliste omaduste kohta saab infot kohalikelt edasim\u00fc\u00fcjatelt.<br \/>\u25a0 ROCKWOOL\u00ae kivivillatooted on vastupidavad ega kaota ajas oma soojuspidavust. Tooted on nii vee- kui niiskuskindlad. Niiskus ja toitained loovad soodsad tingimused hallituse tekkeks. Kuna enam kui 95% kivivillatoodete massist moodustab anorgaaniline materjal, on toitaineid hallituse tekkeks minimaalselt (vt Eurima-health-safety). T\u00e4iendavat teavet toodete kohta saab veebilehtedelt www.rockwool.ee, www.rockwool.lt ja www.rockwool.lv ning ROCKWOOL\u00ae-i edasim\u00fc\u00fcjatelt. Juhiseid toodete ohutu paigaldamise kohta saab samuti kohalikelt edasim\u00fc\u00fcjatelt ning k\u00e4esoleva toote keskkonnateatise l\u00f5pust. ROCKWOOL\u00ae kivivill on umbes 97% ulatuses \u00fcmbert\u00f6\u00f6deldav. ROCKWOOL\u00ae-i materjalide paigaldamisel v\u00f5i olelusringi l\u00f5puetapil tekkivate j\u00e4\u00e4tmete osas tuleb p\u00f6\u00f6rduda kohalike edasim\u00fc\u00fcjate poole, et arutada ehitajatele ja kasutajatele kehtivaid n\u00f5udeid materjalide tagastamiseks ROCKWOOLi tehastesse \u00fcmbert\u00f6\u00f6tlemise eesm\u00e4rgil. ROCKWOOL\u00ae kivivilla j\u00e4\u00e4tmeid kvalifitseeritakse ohututeks. ROCKWOOL\u00ae -i toodete j\u00e4\u00e4tmed kuuluvad Euroopa j\u00e4\u00e4tmekataloogi j\u00e4\u00e4tmete nimekirja ohutute j\u00e4\u00e4tmete t\u00fc\u00fcbi (17 06 04) alla. Eurima poolt l\u00e4bi viidud mineraalvilla j\u00e4\u00e4tmete leostumistestid n\u00e4itavad, et need vastavad ohutute j\u00e4\u00e4tmete pr\u00fcgilatesse ladestamise ja v\u00e4hesel m\u00e4\u00e4ral orgaanilisi aineid sisaldavate anorgaaniliste j\u00e4\u00e4tmete pr\u00fcgilatesse ladestamise kriteeriumitele (Hjelmer 2004, Abdelghafour 2004).<\/p>\n<p><strong>Tehnilised andmed:<\/strong> Osas \u201eOlelusringi hindamine: tulemused\u201d esitatud keskkonnam\u00f5jud ja -n\u00e4itajad kehtivad toote 1 m\u00b2 kohta tingimusel, et soojapidavus on RD = 1 m\u00b2 K\/W (deklareeritud \u00fchik). V\u00f5rdlustoode on 39 mm paks<br \/>ja 28 kg\/m\u00b3 tihedusega ROCKWOOL\u00ae kivivill. Muude konkreetsete ROCKWOOL\u00ae-i toodete puhul m\u00e4\u00e4ratakse keskkonnam\u00f5jud ja -n\u00e4itajad kindlaks asjakohase kohanduskoefitsiendi ja toote RD v\u00e4\u00e4rtuse rakendamise abil. Kohandamiseks kasutatavad RD-v\u00e4\u00e4rtused n\u00e4itavad v\u00e4ga h\u00e4sti, kui suurt materjalihulka on vaja, et muude tootet\u00fc\u00fcpide isolatsiooniomadusi saavutada, kuid need ei ole siiski v\u00e4ga t\u00e4psed m\u00f5\u00f5tmed.<\/p>\n\t\t<\/div>\n\t\t\t\t\t<\/div>\n\n\t\n\n\t<div id=\"col-1852900273\" class=\"col medium-3 small-12 large-3\"  >\n\t\t\t\t<div class=\"col-inner\"  >\n\t\t\t\n\t\t\t\n\t<div id=\"gap-498263059\" class=\"gap-element clearfix\" style=\"display:block; height:auto;\">\n\t\t\n<style>\n#gap-498263059 {\n  padding-top: 30px;\n}\n<\/style>\n\t<\/div>\n\t\n<h3>Tehniline informatsioon<\/h3>\n<p><a href=\"https:\/\/espak.ee\/epood\/wp-content\/uploads\/toote-keskkonnateatis-2.pdf\" target=\"_blank\" rel=\"noopener noreferrer\"><i class=\"far fa-file-pdf\"><\/i> Tehniline info (PDF)<\/a><\/p>\n<h3>Ohutusalane teave<\/h3>\n<p><a href=\"https:\/\/espak.ee\/epood\/wp-content\/uploads\/materjali-ohutu-kasutamise-juhendi-2.pdf\" target=\"_blank\" rel=\"noopener noreferrer\"><i class=\"far fa-file-pdf\"><\/i> Ohutusalane teave (PDF)<\/a><\/p>\n<div class=\"is-divider divider clearfix\" ><\/div>\n<p><strong>\u00dcksikasjalikuma n\u00f5u saamiseks v\u00f5tke \u00fchendust:<br \/><\/strong>ROCKWOOL O\u00dc\ufeff<br \/>Osmussaare tee 8<br \/>13811<br \/>Tallinn<br \/>+372 569 47311<\/p>\n\t\t<\/div>\n\t\t\t\t\t<\/div>\n\n\t\n<\/div>\n","protected":false},"excerpt":{"rendered":"","protected":false},"featured_media":5690,"comment_status":"closed","ping_status":"closed","template":"","meta":[],"product_brand":[],"product_cat":[2718,2724,2697],"product_tag":[],"class_list":{"0":"post-5523","1":"product","2":"type-product","3":"status-publish","4":"has-post-thumbnail","6":"product_cat-isolatsioonimaterjalid","7":"product_cat-kivivill","8":"product_cat-uldehitus","9":"pa_kaubamark-rockwool-ee-ou","11":"first","12":"outofstock","13":"sale","14":"taxable","15":"shipping-taxable","16":"purchasable","17":"product-type-simple"},"yoast_head":"<!-- This site is optimized with the Yoast SEO plugin v26.9 - https:\/\/yoast.com\/product\/yoast-seo-wordpress\/ -->\n<title>POOLJ\u00c4IK KIVIVILLAPLAAT SUPERROCK 100*565*1000MM - Espak E-pood<\/title>\n<meta name=\"robots\" content=\"index, follow, max-snippet:-1, max-image-preview:large, max-video-preview:-1\" \/>\n<link rel=\"canonical\" href=\"https:\/\/espak.ee\/epood\/toode\/pooljaik-kivivillaplaat-superrock-1006561000mm\/\" \/>\n<meta property=\"og:locale\" content=\"et_EE\" \/>\n<meta property=\"og:type\" content=\"article\" \/>\n<meta property=\"og:title\" content=\"POOLJ\u00c4IK KIVIVILLAPLAAT SUPERROCK 100*565*1000MM - Espak E-pood\" \/>\n<meta property=\"og:url\" content=\"https:\/\/espak.ee\/epood\/toode\/pooljaik-kivivillaplaat-superrock-1006561000mm\/\" \/>\n<meta property=\"og:site_name\" content=\"Espak E-pood\" \/>\n<meta property=\"article:modified_time\" content=\"2024-09-25T04:28:50+00:00\" \/>\n<meta property=\"og:image\" content=\"https:\/\/espak.ee\/epood\/wp-content\/uploads\/Espak-Superrock.jpg\" \/>\n\t<meta property=\"og:image:width\" content=\"2048\" \/>\n\t<meta property=\"og:image:height\" content=\"2048\" \/>\n\t<meta property=\"og:image:type\" content=\"image\/jpeg\" \/>\n<meta name=\"twitter:card\" content=\"summary_large_image\" \/>\n<meta name=\"twitter:label1\" content=\"Est. reading time\" \/>\n\t<meta name=\"twitter:data1\" content=\"4 minutit\" \/>\n<script type=\"application\/ld+json\" class=\"yoast-schema-graph\">{\"@context\":\"https:\/\/schema.org\",\"@graph\":[{\"@type\":\"WebPage\",\"@id\":\"https:\/\/espak.ee\/epood\/toode\/pooljaik-kivivillaplaat-superrock-1006561000mm\/\",\"url\":\"https:\/\/espak.ee\/epood\/toode\/pooljaik-kivivillaplaat-superrock-1006561000mm\/\",\"name\":\"POOLJ\u00c4IK KIVIVILLAPLAAT SUPERROCK 100*565*1000MM - Espak E-pood\",\"isPartOf\":{\"@id\":\"https:\/\/espak.ee\/epood\/#website\"},\"primaryImageOfPage\":{\"@id\":\"https:\/\/espak.ee\/epood\/toode\/pooljaik-kivivillaplaat-superrock-1006561000mm\/#primaryimage\"},\"image\":{\"@id\":\"https:\/\/espak.ee\/epood\/toode\/pooljaik-kivivillaplaat-superrock-1006561000mm\/#primaryimage\"},\"thumbnailUrl\":\"https:\/\/espak.ee\/epood\/wp-content\/uploads\/Espak-Superrock.jpg\",\"datePublished\":\"2019-05-03T23:06:30+00:00\",\"dateModified\":\"2024-09-25T04:28:50+00:00\",\"breadcrumb\":{\"@id\":\"https:\/\/espak.ee\/epood\/toode\/pooljaik-kivivillaplaat-superrock-1006561000mm\/#breadcrumb\"},\"inLanguage\":\"et\",\"potentialAction\":[{\"@type\":\"ReadAction\",\"target\":[\"https:\/\/espak.ee\/epood\/toode\/pooljaik-kivivillaplaat-superrock-1006561000mm\/\"]}]},{\"@type\":\"ImageObject\",\"inLanguage\":\"et\",\"@id\":\"https:\/\/espak.ee\/epood\/toode\/pooljaik-kivivillaplaat-superrock-1006561000mm\/#primaryimage\",\"url\":\"https:\/\/espak.ee\/epood\/wp-content\/uploads\/Espak-Superrock.jpg\",\"contentUrl\":\"https:\/\/espak.ee\/epood\/wp-content\/uploads\/Espak-Superrock.jpg\",\"width\":2048,\"height\":2048},{\"@type\":\"BreadcrumbList\",\"@id\":\"https:\/\/espak.ee\/epood\/toode\/pooljaik-kivivillaplaat-superrock-1006561000mm\/#breadcrumb\",\"itemListElement\":[{\"@type\":\"ListItem\",\"position\":1,\"name\":\"Home\",\"item\":\"https:\/\/espak.ee\/epood\/\"},{\"@type\":\"ListItem\",\"position\":2,\"name\":\"Tootevalik\",\"item\":\"https:\/\/espak.ee\/epood\/tootevalik\/\"},{\"@type\":\"ListItem\",\"position\":3,\"name\":\"POOLJ\u00c4IK KIVIVILLAPLAAT SUPERROCK 100*565*1000MM\"}]},{\"@type\":\"WebSite\",\"@id\":\"https:\/\/espak.ee\/epood\/#website\",\"url\":\"https:\/\/espak.ee\/epood\/\",\"name\":\"Espak E-pood\",\"description\":\"\",\"potentialAction\":[{\"@type\":\"SearchAction\",\"target\":{\"@type\":\"EntryPoint\",\"urlTemplate\":\"https:\/\/espak.ee\/epood\/?s={search_term_string}\"},\"query-input\":{\"@type\":\"PropertyValueSpecification\",\"valueRequired\":true,\"valueName\":\"search_term_string\"}}],\"inLanguage\":\"et\"}]}<\/script>\n<!-- \/ Yoast SEO plugin. -->","yoast_head_json":{"title":"POOLJ\u00c4IK KIVIVILLAPLAAT SUPERROCK 100*565*1000MM - Espak E-pood","robots":{"index":"index","follow":"follow","max-snippet":"max-snippet:-1","max-image-preview":"max-image-preview:large","max-video-preview":"max-video-preview:-1"},"canonical":"https:\/\/espak.ee\/epood\/toode\/pooljaik-kivivillaplaat-superrock-1006561000mm\/","og_locale":"et_EE","og_type":"article","og_title":"POOLJ\u00c4IK KIVIVILLAPLAAT SUPERROCK 100*565*1000MM - Espak E-pood","og_url":"https:\/\/espak.ee\/epood\/toode\/pooljaik-kivivillaplaat-superrock-1006561000mm\/","og_site_name":"Espak E-pood","article_modified_time":"2024-09-25T04:28:50+00:00","og_image":[{"width":2048,"height":2048,"url":"https:\/\/espak.ee\/epood\/wp-content\/uploads\/Espak-Superrock.jpg","type":"image\/jpeg"}],"twitter_card":"summary_large_image","twitter_misc":{"Est. reading time":"4 minutit"},"schema":{"@context":"https:\/\/schema.org","@graph":[{"@type":"WebPage","@id":"https:\/\/espak.ee\/epood\/toode\/pooljaik-kivivillaplaat-superrock-1006561000mm\/","url":"https:\/\/espak.ee\/epood\/toode\/pooljaik-kivivillaplaat-superrock-1006561000mm\/","name":"POOLJ\u00c4IK KIVIVILLAPLAAT SUPERROCK 100*565*1000MM - Espak E-pood","isPartOf":{"@id":"https:\/\/espak.ee\/epood\/#website"},"primaryImageOfPage":{"@id":"https:\/\/espak.ee\/epood\/toode\/pooljaik-kivivillaplaat-superrock-1006561000mm\/#primaryimage"},"image":{"@id":"https:\/\/espak.ee\/epood\/toode\/pooljaik-kivivillaplaat-superrock-1006561000mm\/#primaryimage"},"thumbnailUrl":"https:\/\/espak.ee\/epood\/wp-content\/uploads\/Espak-Superrock.jpg","datePublished":"2019-05-03T23:06:30+00:00","dateModified":"2024-09-25T04:28:50+00:00","breadcrumb":{"@id":"https:\/\/espak.ee\/epood\/toode\/pooljaik-kivivillaplaat-superrock-1006561000mm\/#breadcrumb"},"inLanguage":"et","potentialAction":[{"@type":"ReadAction","target":["https:\/\/espak.ee\/epood\/toode\/pooljaik-kivivillaplaat-superrock-1006561000mm\/"]}]},{"@type":"ImageObject","inLanguage":"et","@id":"https:\/\/espak.ee\/epood\/toode\/pooljaik-kivivillaplaat-superrock-1006561000mm\/#primaryimage","url":"https:\/\/espak.ee\/epood\/wp-content\/uploads\/Espak-Superrock.jpg","contentUrl":"https:\/\/espak.ee\/epood\/wp-content\/uploads\/Espak-Superrock.jpg","width":2048,"height":2048},{"@type":"BreadcrumbList","@id":"https:\/\/espak.ee\/epood\/toode\/pooljaik-kivivillaplaat-superrock-1006561000mm\/#breadcrumb","itemListElement":[{"@type":"ListItem","position":1,"name":"Home","item":"https:\/\/espak.ee\/epood\/"},{"@type":"ListItem","position":2,"name":"Tootevalik","item":"https:\/\/espak.ee\/epood\/tootevalik\/"},{"@type":"ListItem","position":3,"name":"POOLJ\u00c4IK KIVIVILLAPLAAT SUPERROCK 100*565*1000MM"}]},{"@type":"WebSite","@id":"https:\/\/espak.ee\/epood\/#website","url":"https:\/\/espak.ee\/epood\/","name":"Espak E-pood","description":"","potentialAction":[{"@type":"SearchAction","target":{"@type":"EntryPoint","urlTemplate":"https:\/\/espak.ee\/epood\/?s={search_term_string}"},"query-input":{"@type":"PropertyValueSpecification","valueRequired":true,"valueName":"search_term_string"}}],"inLanguage":"et"}]}},"_links":{"self":[{"href":"https:\/\/espak.ee\/epood\/wp-json\/wp\/v2\/product\/5523","targetHints":{"allow":["GET"]}}],"collection":[{"href":"https:\/\/espak.ee\/epood\/wp-json\/wp\/v2\/product"}],"about":[{"href":"https:\/\/espak.ee\/epood\/wp-json\/wp\/v2\/types\/product"}],"replies":[{"embeddable":true,"href":"https:\/\/espak.ee\/epood\/wp-json\/wp\/v2\/comments?post=5523"}],"wp:featuredmedia":[{"embeddable":true,"href":"https:\/\/espak.ee\/epood\/wp-json\/wp\/v2\/media\/5690"}],"wp:attachment":[{"href":"https:\/\/espak.ee\/epood\/wp-json\/wp\/v2\/media?parent=5523"}],"wp:term":[{"taxonomy":"product_brand","embeddable":true,"href":"https:\/\/espak.ee\/epood\/wp-json\/wp\/v2\/product_brand?post=5523"},{"taxonomy":"product_cat","embeddable":true,"href":"https:\/\/espak.ee\/epood\/wp-json\/wp\/v2\/product_cat?post=5523"},{"taxonomy":"product_tag","embeddable":true,"href":"https:\/\/espak.ee\/epood\/wp-json\/wp\/v2\/product_tag?post=5523"}],"curies":[{"name":"wp","href":"https:\/\/api.w.org\/{rel}","templated":true}]}}