{"id":54149,"date":"2020-12-17T06:42:34","date_gmt":"2020-12-17T06:42:34","guid":{"rendered":"https:\/\/espak.ee\/hinnakiri\/?post_type=product&#038;p=54149"},"modified":"2024-03-23T14:28:38","modified_gmt":"2024-03-23T12:28:38","slug":"teleskoopvars-fiskars-quikfit-grafiit-m-1-4-2-4m","status":"publish","type":"product","link":"https:\/\/espak.ee\/epood\/toode\/teleskoopvars-fiskars-quikfit-grafiit-m-1-4-2-4m\/","title":{"rendered":"TELESKOOPVARS FISKARS QUIKFIT GRAFIIT M 1.4-2.4M"},"content":{"rendered":"<div class=\"row\"  id=\"row-1041970228\">\n\n\t<div id=\"col-123735968\" class=\"col medium-9 small-12 large-9\"  >\n\t\t\t\t<div class=\"col-inner\"  >\n\t\t\t\n\t\t\t\n<h2>QuikFit teleskoopvars<\/h2>\n<p>Fiskars QuikFit\u2122 keskmine teleskoopvars, reguleeritav 150 cm kuni 250 cm, v\u00f5imaldab ideaalset man\u00f6\u00f6verdamist raskesti ligip\u00e4\u00e4setavatele aiat\u00f6\u00f6dele. Selle vastupidav ja kerge alumiiniumist ehitus on mugava ohutuskinnitiga, mis fikseerib varre pikkuse. Lihtne hoiustada ja transportida, see t\u00e4iendab olemasolevaid Fiskars QuikFit\u2122 varsi ideaalselt.<\/p>\n<div class=\"message-box relative\" style=\"padding-top:15px;padding-bottom:15px;\"><div class=\"message-box-bg-image bg-fill fill\" ><\/div><div class=\"message-box-bg-overlay bg-fill fill\" ><\/div><div class=\"container relative\"><div class=\"inner last-reset\">\n<div class=\"row align-middle align-center\"  id=\"row-1326198321\">\n\n\t<div id=\"col-779376595\" class=\"col small-12 large-12\"  >\n\t\t\t\t<div class=\"col-inner text-left\"  >\n\t\t\t\n\t\t\t\n<h4>Omadused<\/h4>\n<div class=\"row\"  id=\"row-1495167917\">\n\n\t<div id=\"col-1077246714\" class=\"col medium-6 small-12 large-6\"  >\n\t\t\t\t<div class=\"col-inner\"  >\n\t\t\t\n\t\t\t\n<p><i class=\"fa fa-check fa-2x\"><\/i> <strong>M\u00f5eldud raskesti ligip\u00e4\u00e4setavatele aladele aias<\/strong><\/p>\n<p><i class=\"fa fa-check fa-2x\"><\/i> <strong>Erilise automaatse lukustuss\u00fcsteemiga saab t\u00f6\u00f6riista kokku pandud sekunditega<\/strong><\/p>\n\t\t<\/div>\n\t\t\t\t\n<style>\n#col-1077246714 > .col-inner {\n  margin: 0px 0px 15px 0px;\n}\n<\/style>\n\t<\/div>\n\n\t\n\n\t<div id=\"col-1304985907\" class=\"col medium-6 small-12 large-6\"  >\n\t\t\t\t<div class=\"col-inner\"  >\n\t\t\t\n\t\t\t\n<p><i class=\"fa fa-check fa-2x\"><\/i> <strong>Topeltlukustuss\u00fcsteem maksimaalse turvalisuse tagamiseks<\/strong><\/p>\n<p><i class=\"fa fa-check fa-2x\"><\/i> <strong>Kergest alumiiniumist<\/strong><\/p>\n\t\t<\/div>\n\t\t\t\t\n<style>\n#col-1304985907 > .col-inner {\n  margin: 0px 0px 15px 0px;\n}\n<\/style>\n\t<\/div>\n\n\t\n<\/div>\n\t\t<\/div>\n\t\t\t\t\t<\/div>\n\n\t\n<\/div>\n<\/div><\/div><\/div>\n\t<div id=\"gap-604277285\" class=\"gap-element clearfix\" style=\"display:block; height:auto;\">\n\t\t\n<style>\n#gap-604277285 {\n  padding-top: 30px;\n}\n<\/style>\n\t<\/div>\n\t\n\t\t<\/div>\n\t\t\t\t\t<\/div>\n\n\t\n\n\t<div id=\"col-1177543750\" class=\"col medium-3 small-12 large-3\"  >\n\t\t\t\t<div class=\"col-inner\"  >\n\t\t\t\n\t\t\t\n\t<div id=\"gap-1580792638\" class=\"gap-element clearfix\" style=\"display:block; height:auto;\">\n\t\t\n<style>\n#gap-1580792638 {\n  padding-top: 30px;\n}\n<\/style>\n\t<\/div>\n\t\n<div class=\"is-divider divider clearfix\" ><\/div>\n<p><strong>\u00dcksikasjalikuma n\u00f5u saamiseks v\u00f5tke \u00fchendust:<br \/><\/strong>LOODUS INVEST AS<br \/>Viljandi mnt. 18a<br \/>11216<br \/>Tallinn<br \/>+372 6722144<\/p>\n<div class=\"is-divider divider clearfix\" ><\/div>\n\t\t<\/div>\n\t\t\t\t\t<\/div>\n\n\t\n<\/div>\n","protected":false},"excerpt":{"rendered":"","protected":false},"featured_media":54273,"comment_status":"closed","ping_status":"closed","template":"","meta":[],"product_brand":[],"product_cat":[2789,2788,3341,3362],"product_tag":[],"class_list":{"0":"post-54149","1":"product","2":"type-product","3":"status-publish","4":"has-post-thumbnail","6":"product_cat-aiatarbed","7":"product_cat-aiatarbed-ja-kodukaubad","8":"product_cat-aiatooriistad","9":"product_cat-vaiketooriistad-aeda","10":"pa_kaubamark-loodus-invest-as","12":"first","13":"instock","14":"sale","15":"taxable","16":"shipping-taxable","17":"purchasable","18":"product-type-simple"},"yoast_head":"<!-- This site is optimized with the Yoast SEO plugin v26.9 - https:\/\/yoast.com\/product\/yoast-seo-wordpress\/ -->\n<title>TELESKOOPVARS FISKARS QUIKFIT GRAFIIT M 1.4-2.4M - Espak E-pood<\/title>\n<meta name=\"robots\" content=\"index, follow, max-snippet:-1, max-image-preview:large, max-video-preview:-1\" \/>\n<link rel=\"canonical\" href=\"https:\/\/espak.ee\/epood\/toode\/teleskoopvars-fiskars-quikfit-grafiit-m-1-4-2-4m\/\" \/>\n<meta property=\"og:locale\" content=\"et_EE\" \/>\n<meta property=\"og:type\" content=\"article\" \/>\n<meta property=\"og:title\" content=\"TELESKOOPVARS FISKARS QUIKFIT GRAFIIT M 1.4-2.4M - Espak E-pood\" \/>\n<meta property=\"og:url\" content=\"https:\/\/espak.ee\/epood\/toode\/teleskoopvars-fiskars-quikfit-grafiit-m-1-4-2-4m\/\" \/>\n<meta property=\"og:site_name\" content=\"Espak E-pood\" \/>\n<meta property=\"article:modified_time\" content=\"2024-03-23T12:28:38+00:00\" \/>\n<meta property=\"og:image\" content=\"https:\/\/espak.ee\/epood\/wp-content\/uploads\/1000666_QuikFit_Shaft-Telescopic-M_149-cm-1-scaled.jpg\" \/>\n\t<meta property=\"og:image:width\" content=\"2048\" \/>\n\t<meta property=\"og:image:height\" content=\"2048\" \/>\n\t<meta property=\"og:image:type\" content=\"image\/jpeg\" \/>\n<meta name=\"twitter:card\" content=\"summary_large_image\" \/>\n<meta name=\"twitter:label1\" content=\"Est. reading time\" \/>\n\t<meta name=\"twitter:data1\" content=\"1 minut\" \/>\n<script type=\"application\/ld+json\" class=\"yoast-schema-graph\">{\"@context\":\"https:\/\/schema.org\",\"@graph\":[{\"@type\":\"WebPage\",\"@id\":\"https:\/\/espak.ee\/epood\/toode\/teleskoopvars-fiskars-quikfit-grafiit-m-1-4-2-4m\/\",\"url\":\"https:\/\/espak.ee\/epood\/toode\/teleskoopvars-fiskars-quikfit-grafiit-m-1-4-2-4m\/\",\"name\":\"TELESKOOPVARS FISKARS QUIKFIT GRAFIIT M 1.4-2.4M - Espak E-pood\",\"isPartOf\":{\"@id\":\"https:\/\/espak.ee\/epood\/#website\"},\"primaryImageOfPage\":{\"@id\":\"https:\/\/espak.ee\/epood\/toode\/teleskoopvars-fiskars-quikfit-grafiit-m-1-4-2-4m\/#primaryimage\"},\"image\":{\"@id\":\"https:\/\/espak.ee\/epood\/toode\/teleskoopvars-fiskars-quikfit-grafiit-m-1-4-2-4m\/#primaryimage\"},\"thumbnailUrl\":\"https:\/\/espak.ee\/epood\/wp-content\/uploads\/1000666_QuikFit_Shaft-Telescopic-M_149-cm-1-scaled.jpg\",\"datePublished\":\"2020-12-17T06:42:34+00:00\",\"dateModified\":\"2024-03-23T12:28:38+00:00\",\"breadcrumb\":{\"@id\":\"https:\/\/espak.ee\/epood\/toode\/teleskoopvars-fiskars-quikfit-grafiit-m-1-4-2-4m\/#breadcrumb\"},\"inLanguage\":\"et\",\"potentialAction\":[{\"@type\":\"ReadAction\",\"target\":[\"https:\/\/espak.ee\/epood\/toode\/teleskoopvars-fiskars-quikfit-grafiit-m-1-4-2-4m\/\"]}]},{\"@type\":\"ImageObject\",\"inLanguage\":\"et\",\"@id\":\"https:\/\/espak.ee\/epood\/toode\/teleskoopvars-fiskars-quikfit-grafiit-m-1-4-2-4m\/#primaryimage\",\"url\":\"https:\/\/espak.ee\/epood\/wp-content\/uploads\/1000666_QuikFit_Shaft-Telescopic-M_149-cm-1-scaled.jpg\",\"contentUrl\":\"https:\/\/espak.ee\/epood\/wp-content\/uploads\/1000666_QuikFit_Shaft-Telescopic-M_149-cm-1-scaled.jpg\",\"width\":2048,\"height\":2048},{\"@type\":\"BreadcrumbList\",\"@id\":\"https:\/\/espak.ee\/epood\/toode\/teleskoopvars-fiskars-quikfit-grafiit-m-1-4-2-4m\/#breadcrumb\",\"itemListElement\":[{\"@type\":\"ListItem\",\"position\":1,\"name\":\"Home\",\"item\":\"https:\/\/espak.ee\/epood\/\"},{\"@type\":\"ListItem\",\"position\":2,\"name\":\"Tootevalik\",\"item\":\"https:\/\/espak.ee\/epood\/tootevalik\/\"},{\"@type\":\"ListItem\",\"position\":3,\"name\":\"TELESKOOPVARS FISKARS QUIKFIT GRAFIIT M 1.4-2.4M\"}]},{\"@type\":\"WebSite\",\"@id\":\"https:\/\/espak.ee\/epood\/#website\",\"url\":\"https:\/\/espak.ee\/epood\/\",\"name\":\"Espak E-pood\",\"description\":\"\",\"potentialAction\":[{\"@type\":\"SearchAction\",\"target\":{\"@type\":\"EntryPoint\",\"urlTemplate\":\"https:\/\/espak.ee\/epood\/?s={search_term_string}\"},\"query-input\":{\"@type\":\"PropertyValueSpecification\",\"valueRequired\":true,\"valueName\":\"search_term_string\"}}],\"inLanguage\":\"et\"}]}<\/script>\n<!-- \/ Yoast SEO plugin. -->","yoast_head_json":{"title":"TELESKOOPVARS FISKARS QUIKFIT GRAFIIT M 1.4-2.4M - Espak E-pood","robots":{"index":"index","follow":"follow","max-snippet":"max-snippet:-1","max-image-preview":"max-image-preview:large","max-video-preview":"max-video-preview:-1"},"canonical":"https:\/\/espak.ee\/epood\/toode\/teleskoopvars-fiskars-quikfit-grafiit-m-1-4-2-4m\/","og_locale":"et_EE","og_type":"article","og_title":"TELESKOOPVARS FISKARS QUIKFIT GRAFIIT M 1.4-2.4M - Espak E-pood","og_url":"https:\/\/espak.ee\/epood\/toode\/teleskoopvars-fiskars-quikfit-grafiit-m-1-4-2-4m\/","og_site_name":"Espak E-pood","article_modified_time":"2024-03-23T12:28:38+00:00","og_image":[{"width":2048,"height":2048,"url":"https:\/\/espak.ee\/epood\/wp-content\/uploads\/1000666_QuikFit_Shaft-Telescopic-M_149-cm-1-scaled.jpg","type":"image\/jpeg"}],"twitter_card":"summary_large_image","twitter_misc":{"Est. reading time":"1 minut"},"schema":{"@context":"https:\/\/schema.org","@graph":[{"@type":"WebPage","@id":"https:\/\/espak.ee\/epood\/toode\/teleskoopvars-fiskars-quikfit-grafiit-m-1-4-2-4m\/","url":"https:\/\/espak.ee\/epood\/toode\/teleskoopvars-fiskars-quikfit-grafiit-m-1-4-2-4m\/","name":"TELESKOOPVARS FISKARS QUIKFIT GRAFIIT M 1.4-2.4M - Espak E-pood","isPartOf":{"@id":"https:\/\/espak.ee\/epood\/#website"},"primaryImageOfPage":{"@id":"https:\/\/espak.ee\/epood\/toode\/teleskoopvars-fiskars-quikfit-grafiit-m-1-4-2-4m\/#primaryimage"},"image":{"@id":"https:\/\/espak.ee\/epood\/toode\/teleskoopvars-fiskars-quikfit-grafiit-m-1-4-2-4m\/#primaryimage"},"thumbnailUrl":"https:\/\/espak.ee\/epood\/wp-content\/uploads\/1000666_QuikFit_Shaft-Telescopic-M_149-cm-1-scaled.jpg","datePublished":"2020-12-17T06:42:34+00:00","dateModified":"2024-03-23T12:28:38+00:00","breadcrumb":{"@id":"https:\/\/espak.ee\/epood\/toode\/teleskoopvars-fiskars-quikfit-grafiit-m-1-4-2-4m\/#breadcrumb"},"inLanguage":"et","potentialAction":[{"@type":"ReadAction","target":["https:\/\/espak.ee\/epood\/toode\/teleskoopvars-fiskars-quikfit-grafiit-m-1-4-2-4m\/"]}]},{"@type":"ImageObject","inLanguage":"et","@id":"https:\/\/espak.ee\/epood\/toode\/teleskoopvars-fiskars-quikfit-grafiit-m-1-4-2-4m\/#primaryimage","url":"https:\/\/espak.ee\/epood\/wp-content\/uploads\/1000666_QuikFit_Shaft-Telescopic-M_149-cm-1-scaled.jpg","contentUrl":"https:\/\/espak.ee\/epood\/wp-content\/uploads\/1000666_QuikFit_Shaft-Telescopic-M_149-cm-1-scaled.jpg","width":2048,"height":2048},{"@type":"BreadcrumbList","@id":"https:\/\/espak.ee\/epood\/toode\/teleskoopvars-fiskars-quikfit-grafiit-m-1-4-2-4m\/#breadcrumb","itemListElement":[{"@type":"ListItem","position":1,"name":"Home","item":"https:\/\/espak.ee\/epood\/"},{"@type":"ListItem","position":2,"name":"Tootevalik","item":"https:\/\/espak.ee\/epood\/tootevalik\/"},{"@type":"ListItem","position":3,"name":"TELESKOOPVARS FISKARS QUIKFIT GRAFIIT M 1.4-2.4M"}]},{"@type":"WebSite","@id":"https:\/\/espak.ee\/epood\/#website","url":"https:\/\/espak.ee\/epood\/","name":"Espak E-pood","description":"","potentialAction":[{"@type":"SearchAction","target":{"@type":"EntryPoint","urlTemplate":"https:\/\/espak.ee\/epood\/?s={search_term_string}"},"query-input":{"@type":"PropertyValueSpecification","valueRequired":true,"valueName":"search_term_string"}}],"inLanguage":"et"}]}},"_links":{"self":[{"href":"https:\/\/espak.ee\/epood\/wp-json\/wp\/v2\/product\/54149","targetHints":{"allow":["GET"]}}],"collection":[{"href":"https:\/\/espak.ee\/epood\/wp-json\/wp\/v2\/product"}],"about":[{"href":"https:\/\/espak.ee\/epood\/wp-json\/wp\/v2\/types\/product"}],"replies":[{"embeddable":true,"href":"https:\/\/espak.ee\/epood\/wp-json\/wp\/v2\/comments?post=54149"}],"wp:featuredmedia":[{"embeddable":true,"href":"https:\/\/espak.ee\/epood\/wp-json\/wp\/v2\/media\/54273"}],"wp:attachment":[{"href":"https:\/\/espak.ee\/epood\/wp-json\/wp\/v2\/media?parent=54149"}],"wp:term":[{"taxonomy":"product_brand","embeddable":true,"href":"https:\/\/espak.ee\/epood\/wp-json\/wp\/v2\/product_brand?post=54149"},{"taxonomy":"product_cat","embeddable":true,"href":"https:\/\/espak.ee\/epood\/wp-json\/wp\/v2\/product_cat?post=54149"},{"taxonomy":"product_tag","embeddable":true,"href":"https:\/\/espak.ee\/epood\/wp-json\/wp\/v2\/product_tag?post=54149"}],"curies":[{"name":"wp","href":"https:\/\/api.w.org\/{rel}","templated":true}]}}