{"id":54108,"date":"2020-12-17T06:42:13","date_gmt":"2020-12-17T06:42:13","guid":{"rendered":"https:\/\/espak.ee\/hinnakiri\/?post_type=product&#038;p=54108"},"modified":"2024-03-23T14:28:46","modified_gmt":"2024-03-23T12:28:46","slug":"loikur-fiskars-powergear-alasiga-l-l77","status":"publish","type":"product","link":"https:\/\/espak.ee\/epood\/toode\/loikur-fiskars-powergear-alasiga-l-l77\/","title":{"rendered":"L\u00d5IKUR FISKARS POWERGEAR ALASIGA L L77"},"content":{"rendered":"<div class=\"row\"  id=\"row-585851890\">\n\n\t<div id=\"col-1178803066\" class=\"col medium-9 small-12 large-9\"  >\n\t\t\t\t<div class=\"col-inner\"  >\n\t\t\t\n\t\t\t\n<h2>L\u00f5ikur PowerGear<\/h2>\n<p>Fiskarsi l\u00f5ikuritega saate l\u00f5igatud k\u00f5ik oksad mille l\u00e4bim\u00f5\u00f5t on kuni 50 mm. Ainulaadne PowerGear\u2122 mehhanism suurendab l\u00f5ikej\u00f5udu ja jagab selle \u00fchtlaselt kogu l\u00f5ikamise ulatuses. Patenteeritud PowerStep\u2122 tehnoloogia v\u00f5imaldab aednikel l\u00f5igata oksi \u00fche v\u00f5i mitme sammuga. See v\u00e4hendab v\u00f5rdselt nii noorte kui ka kogenud aednike t\u00f6\u00f6koormust eemaldades pinge ja valu, et suurendada aiapidamise naudingut. Fiskarsi l\u00f5ikurid on valmistatud klaaskiuga tugevdatud pol\u00fcamiidist, mis teeb t\u00f6\u00f6riista kergeks ja tugevaks. L\u00f5iketerad on kaetud PTFE kattega v\u00e4iksema h\u00f5\u00f5rdetakistuse saavutamiseks. Saadaval on kolme erineva l\u00f5ikeviisiga l\u00f5ikureid: alasile l\u00f5ikavaid, vaheliti liikuvate teradega ning k\u00e4\u00e4ride-t\u00fc\u00fcpi l\u00f5ikeosaga. Alasiga l\u00f5ikurid on kuivanud ning k\u00f5vade okste l\u00f5ikamiseks. Fiskarsi vaheliti liikuvate teradega l\u00f5ikurid on parimad v\u00e4rskete okste ja kasvude l\u00f5ikamisel. Fiskarsi k\u00e4\u00e4ride-t\u00fc\u00fcpi l\u00f5ikuritega saate parima tulemuse suurt t\u00e4psust n\u00f5udvatel l\u00f5ikamist\u00f6\u00f6del v\u00f5imaldades l\u00f5igata ka terade tippudega.<\/p>\n<div class=\"message-box relative\" style=\"padding-top:15px;padding-bottom:15px;\"><div class=\"message-box-bg-image bg-fill fill\" ><\/div><div class=\"message-box-bg-overlay bg-fill fill\" ><\/div><div class=\"container relative\"><div class=\"inner last-reset\">\n<div class=\"row align-middle align-center\"  id=\"row-1309983350\">\n\n\t<div id=\"col-283912038\" class=\"col small-12 large-12\"  >\n\t\t\t\t<div class=\"col-inner text-left\"  >\n\t\t\t\n\t\t\t\n<h4>Omadused<\/h4>\n<div class=\"row\"  id=\"row-140954851\">\n\n\t<div id=\"col-2058847385\" class=\"col medium-6 small-12 large-6\"  >\n\t\t\t\t<div class=\"col-inner\"  >\n\t\t\t\n\t\t\t\n<p><i class=\"fa fa-check fa-2x\"><\/i> <strong>Alasiga l\u00f5ikurid on kuivanud ning k\u00f5vade okste l\u00f5ikamiseks<\/strong><\/p>\n<p><i class=\"fa fa-check fa-2x\"><\/i> <strong>Kerge kaal v\u00f5imaldab t\u00f6\u00f6tada pikki tunde inimest liialt v\u00e4sitamata<\/strong><\/p>\n\t\t<\/div>\n\t\t\t\t\n<style>\n#col-2058847385 > .col-inner {\n  margin: 0px 0px 15px 0px;\n}\n<\/style>\n\t<\/div>\n\n\t\n\n\t<div id=\"col-85158397\" class=\"col medium-6 small-12 large-6\"  >\n\t\t\t\t<div class=\"col-inner\"  >\n\t\t\t\n\t\t\t\n<p><i class=\"fa fa-check fa-2x\"><\/i> <strong>Softouch ehk pehmed k\u00e4epidemed parima haarde saavutamiseks<\/strong><\/p>\n\t\t<\/div>\n\t\t\t\t\n<style>\n#col-85158397 > .col-inner {\n  margin: 0px 0px 15px 0px;\n}\n<\/style>\n\t<\/div>\n\n\t\n<\/div>\n\t\t<\/div>\n\t\t\t\t\t<\/div>\n\n\t\n<\/div>\n<\/div><\/div><\/div>\n\t<div id=\"gap-1523106761\" class=\"gap-element clearfix\" style=\"display:block; height:auto;\">\n\t\t\n<style>\n#gap-1523106761 {\n  padding-top: 30px;\n}\n<\/style>\n\t<\/div>\n\t\n\t\t<\/div>\n\t\t\t\t\t<\/div>\n\n\t\n\n\t<div id=\"col-1217621325\" class=\"col medium-3 small-12 large-3\"  >\n\t\t\t\t<div class=\"col-inner\"  >\n\t\t\t\n\t\t\t\n\t<div id=\"gap-504378703\" class=\"gap-element clearfix\" style=\"display:block; height:auto;\">\n\t\t\n<style>\n#gap-504378703 {\n  padding-top: 30px;\n}\n<\/style>\n\t<\/div>\n\t\n<div class=\"is-divider divider clearfix\" ><\/div>\n<p><strong>\u00dcksikasjalikuma n\u00f5u saamiseks v\u00f5tke \u00fchendust:<br \/><\/strong>LOODUS INVEST AS<br \/>Viljandi mnt. 18a<br \/>11216<br \/>Tallinn<br \/>+372 6722144<\/p>\n<div class=\"is-divider divider clearfix\" ><\/div>\n\t\t<\/div>\n\t\t\t\t\t<\/div>\n\n\t\n<\/div>\n","protected":false},"excerpt":{"rendered":"","protected":false},"featured_media":54557,"comment_status":"closed","ping_status":"closed","template":"","meta":[],"product_brand":[],"product_cat":[2789,2788,3341,3360],"product_tag":[],"class_list":{"0":"post-54108","1":"product","2":"type-product","3":"status-publish","4":"has-post-thumbnail","6":"product_cat-aiatarbed","7":"product_cat-aiatarbed-ja-kodukaubad","8":"product_cat-aiatooriistad","9":"product_cat-hekikaarid","10":"pa_kaubamark-loodus-invest-as","12":"first","13":"instock","14":"sale","15":"taxable","16":"shipping-taxable","17":"purchasable","18":"product-type-simple"},"yoast_head":"<!-- This site is optimized with the Yoast SEO plugin v26.9 - https:\/\/yoast.com\/product\/yoast-seo-wordpress\/ -->\n<title>L\u00d5IKUR FISKARS POWERGEAR ALASIGA L L77 - Espak E-pood<\/title>\n<meta name=\"robots\" content=\"index, follow, max-snippet:-1, max-image-preview:large, max-video-preview:-1\" \/>\n<link rel=\"canonical\" href=\"https:\/\/espak.ee\/epood\/toode\/loikur-fiskars-powergear-alasiga-l-l77\/\" \/>\n<meta property=\"og:locale\" content=\"et_EE\" \/>\n<meta property=\"og:type\" content=\"article\" \/>\n<meta property=\"og:title\" content=\"L\u00d5IKUR FISKARS POWERGEAR ALASIGA L L77 - Espak E-pood\" \/>\n<meta property=\"og:url\" content=\"https:\/\/espak.ee\/epood\/toode\/loikur-fiskars-powergear-alasiga-l-l77\/\" \/>\n<meta property=\"og:site_name\" content=\"Espak E-pood\" \/>\n<meta property=\"article:modified_time\" content=\"2024-03-23T12:28:46+00:00\" \/>\n<meta property=\"og:image\" content=\"https:\/\/espak.ee\/epood\/wp-content\/uploads\/1000583_PowerGear_Lopper-Anvil-L-L77_75-cm-scaled.jpg\" \/>\n\t<meta property=\"og:image:width\" content=\"2048\" \/>\n\t<meta property=\"og:image:height\" content=\"2048\" \/>\n\t<meta property=\"og:image:type\" content=\"image\/jpeg\" \/>\n<meta name=\"twitter:card\" content=\"summary_large_image\" \/>\n<meta name=\"twitter:label1\" content=\"Est. reading time\" \/>\n\t<meta name=\"twitter:data1\" content=\"1 minut\" \/>\n<script type=\"application\/ld+json\" class=\"yoast-schema-graph\">{\"@context\":\"https:\/\/schema.org\",\"@graph\":[{\"@type\":\"WebPage\",\"@id\":\"https:\/\/espak.ee\/epood\/toode\/loikur-fiskars-powergear-alasiga-l-l77\/\",\"url\":\"https:\/\/espak.ee\/epood\/toode\/loikur-fiskars-powergear-alasiga-l-l77\/\",\"name\":\"L\u00d5IKUR FISKARS POWERGEAR ALASIGA L L77 - Espak E-pood\",\"isPartOf\":{\"@id\":\"https:\/\/espak.ee\/epood\/#website\"},\"primaryImageOfPage\":{\"@id\":\"https:\/\/espak.ee\/epood\/toode\/loikur-fiskars-powergear-alasiga-l-l77\/#primaryimage\"},\"image\":{\"@id\":\"https:\/\/espak.ee\/epood\/toode\/loikur-fiskars-powergear-alasiga-l-l77\/#primaryimage\"},\"thumbnailUrl\":\"https:\/\/espak.ee\/epood\/wp-content\/uploads\/1000583_PowerGear_Lopper-Anvil-L-L77_75-cm-scaled.jpg\",\"datePublished\":\"2020-12-17T06:42:13+00:00\",\"dateModified\":\"2024-03-23T12:28:46+00:00\",\"breadcrumb\":{\"@id\":\"https:\/\/espak.ee\/epood\/toode\/loikur-fiskars-powergear-alasiga-l-l77\/#breadcrumb\"},\"inLanguage\":\"et\",\"potentialAction\":[{\"@type\":\"ReadAction\",\"target\":[\"https:\/\/espak.ee\/epood\/toode\/loikur-fiskars-powergear-alasiga-l-l77\/\"]}]},{\"@type\":\"ImageObject\",\"inLanguage\":\"et\",\"@id\":\"https:\/\/espak.ee\/epood\/toode\/loikur-fiskars-powergear-alasiga-l-l77\/#primaryimage\",\"url\":\"https:\/\/espak.ee\/epood\/wp-content\/uploads\/1000583_PowerGear_Lopper-Anvil-L-L77_75-cm-scaled.jpg\",\"contentUrl\":\"https:\/\/espak.ee\/epood\/wp-content\/uploads\/1000583_PowerGear_Lopper-Anvil-L-L77_75-cm-scaled.jpg\",\"width\":2048,\"height\":2048},{\"@type\":\"BreadcrumbList\",\"@id\":\"https:\/\/espak.ee\/epood\/toode\/loikur-fiskars-powergear-alasiga-l-l77\/#breadcrumb\",\"itemListElement\":[{\"@type\":\"ListItem\",\"position\":1,\"name\":\"Home\",\"item\":\"https:\/\/espak.ee\/epood\/\"},{\"@type\":\"ListItem\",\"position\":2,\"name\":\"Tootevalik\",\"item\":\"https:\/\/espak.ee\/epood\/tootevalik\/\"},{\"@type\":\"ListItem\",\"position\":3,\"name\":\"L\u00d5IKUR FISKARS POWERGEAR ALASIGA L L77\"}]},{\"@type\":\"WebSite\",\"@id\":\"https:\/\/espak.ee\/epood\/#website\",\"url\":\"https:\/\/espak.ee\/epood\/\",\"name\":\"Espak E-pood\",\"description\":\"\",\"potentialAction\":[{\"@type\":\"SearchAction\",\"target\":{\"@type\":\"EntryPoint\",\"urlTemplate\":\"https:\/\/espak.ee\/epood\/?s={search_term_string}\"},\"query-input\":{\"@type\":\"PropertyValueSpecification\",\"valueRequired\":true,\"valueName\":\"search_term_string\"}}],\"inLanguage\":\"et\"}]}<\/script>\n<!-- \/ Yoast SEO plugin. -->","yoast_head_json":{"title":"L\u00d5IKUR FISKARS POWERGEAR ALASIGA L L77 - Espak E-pood","robots":{"index":"index","follow":"follow","max-snippet":"max-snippet:-1","max-image-preview":"max-image-preview:large","max-video-preview":"max-video-preview:-1"},"canonical":"https:\/\/espak.ee\/epood\/toode\/loikur-fiskars-powergear-alasiga-l-l77\/","og_locale":"et_EE","og_type":"article","og_title":"L\u00d5IKUR FISKARS POWERGEAR ALASIGA L L77 - Espak E-pood","og_url":"https:\/\/espak.ee\/epood\/toode\/loikur-fiskars-powergear-alasiga-l-l77\/","og_site_name":"Espak E-pood","article_modified_time":"2024-03-23T12:28:46+00:00","og_image":[{"width":2048,"height":2048,"url":"https:\/\/espak.ee\/epood\/wp-content\/uploads\/1000583_PowerGear_Lopper-Anvil-L-L77_75-cm-scaled.jpg","type":"image\/jpeg"}],"twitter_card":"summary_large_image","twitter_misc":{"Est. reading time":"1 minut"},"schema":{"@context":"https:\/\/schema.org","@graph":[{"@type":"WebPage","@id":"https:\/\/espak.ee\/epood\/toode\/loikur-fiskars-powergear-alasiga-l-l77\/","url":"https:\/\/espak.ee\/epood\/toode\/loikur-fiskars-powergear-alasiga-l-l77\/","name":"L\u00d5IKUR FISKARS POWERGEAR ALASIGA L L77 - Espak E-pood","isPartOf":{"@id":"https:\/\/espak.ee\/epood\/#website"},"primaryImageOfPage":{"@id":"https:\/\/espak.ee\/epood\/toode\/loikur-fiskars-powergear-alasiga-l-l77\/#primaryimage"},"image":{"@id":"https:\/\/espak.ee\/epood\/toode\/loikur-fiskars-powergear-alasiga-l-l77\/#primaryimage"},"thumbnailUrl":"https:\/\/espak.ee\/epood\/wp-content\/uploads\/1000583_PowerGear_Lopper-Anvil-L-L77_75-cm-scaled.jpg","datePublished":"2020-12-17T06:42:13+00:00","dateModified":"2024-03-23T12:28:46+00:00","breadcrumb":{"@id":"https:\/\/espak.ee\/epood\/toode\/loikur-fiskars-powergear-alasiga-l-l77\/#breadcrumb"},"inLanguage":"et","potentialAction":[{"@type":"ReadAction","target":["https:\/\/espak.ee\/epood\/toode\/loikur-fiskars-powergear-alasiga-l-l77\/"]}]},{"@type":"ImageObject","inLanguage":"et","@id":"https:\/\/espak.ee\/epood\/toode\/loikur-fiskars-powergear-alasiga-l-l77\/#primaryimage","url":"https:\/\/espak.ee\/epood\/wp-content\/uploads\/1000583_PowerGear_Lopper-Anvil-L-L77_75-cm-scaled.jpg","contentUrl":"https:\/\/espak.ee\/epood\/wp-content\/uploads\/1000583_PowerGear_Lopper-Anvil-L-L77_75-cm-scaled.jpg","width":2048,"height":2048},{"@type":"BreadcrumbList","@id":"https:\/\/espak.ee\/epood\/toode\/loikur-fiskars-powergear-alasiga-l-l77\/#breadcrumb","itemListElement":[{"@type":"ListItem","position":1,"name":"Home","item":"https:\/\/espak.ee\/epood\/"},{"@type":"ListItem","position":2,"name":"Tootevalik","item":"https:\/\/espak.ee\/epood\/tootevalik\/"},{"@type":"ListItem","position":3,"name":"L\u00d5IKUR FISKARS POWERGEAR ALASIGA L L77"}]},{"@type":"WebSite","@id":"https:\/\/espak.ee\/epood\/#website","url":"https:\/\/espak.ee\/epood\/","name":"Espak E-pood","description":"","potentialAction":[{"@type":"SearchAction","target":{"@type":"EntryPoint","urlTemplate":"https:\/\/espak.ee\/epood\/?s={search_term_string}"},"query-input":{"@type":"PropertyValueSpecification","valueRequired":true,"valueName":"search_term_string"}}],"inLanguage":"et"}]}},"_links":{"self":[{"href":"https:\/\/espak.ee\/epood\/wp-json\/wp\/v2\/product\/54108","targetHints":{"allow":["GET"]}}],"collection":[{"href":"https:\/\/espak.ee\/epood\/wp-json\/wp\/v2\/product"}],"about":[{"href":"https:\/\/espak.ee\/epood\/wp-json\/wp\/v2\/types\/product"}],"replies":[{"embeddable":true,"href":"https:\/\/espak.ee\/epood\/wp-json\/wp\/v2\/comments?post=54108"}],"wp:featuredmedia":[{"embeddable":true,"href":"https:\/\/espak.ee\/epood\/wp-json\/wp\/v2\/media\/54557"}],"wp:attachment":[{"href":"https:\/\/espak.ee\/epood\/wp-json\/wp\/v2\/media?parent=54108"}],"wp:term":[{"taxonomy":"product_brand","embeddable":true,"href":"https:\/\/espak.ee\/epood\/wp-json\/wp\/v2\/product_brand?post=54108"},{"taxonomy":"product_cat","embeddable":true,"href":"https:\/\/espak.ee\/epood\/wp-json\/wp\/v2\/product_cat?post=54108"},{"taxonomy":"product_tag","embeddable":true,"href":"https:\/\/espak.ee\/epood\/wp-json\/wp\/v2\/product_tag?post=54108"}],"curies":[{"name":"wp","href":"https:\/\/api.w.org\/{rel}","templated":true}]}}