{"id":52463,"date":"2020-12-08T06:30:49","date_gmt":"2020-12-08T06:30:49","guid":{"rendered":"https:\/\/espak.ee\/hinnakiri\/?post_type=product&#038;p=52463"},"modified":"2025-08-19T12:15:55","modified_gmt":"2025-08-19T09:15:55","slug":"hermeetik-casco-roofseal-must-300ml","status":"publish","type":"product","link":"https:\/\/espak.ee\/epood\/toode\/hermeetik-casco-roofseal-must-300ml\/","title":{"rendered":"HERMEETIK CASCO ROOFSEAL MUST 300ML"},"content":{"rendered":"<div class=\"row\"  id=\"row-721397242\">\n\n\t<div id=\"col-23404498\" class=\"col medium-9 small-12 large-9\"  >\n\t\t\t\t<div class=\"col-inner\"  >\n\t\t\t\n\t\t\t\n<h2>Hermeetik RoofSeal<\/h2>\n<p>Elastne liim-hermeetik katuset\u00f6\u00f6ks erinevate materjalide, nt. katusepapi, terase, asfaldi ja bituumenit sisaldavad materjalide liimimiseks ja tihendamiseks. Vastupidav niiskusele ja ilmastikutingimustele.<\/p>\n\t<div id=\"gap-451685307\" class=\"gap-element clearfix\" style=\"display:block; height:auto;\">\n\t\t\n<style>\n#gap-451685307 {\n  padding-top: 30px;\n}\n<\/style>\n\t<\/div>\n\t\n<h3>Kasutamise \u00fcksikasjad<\/h3>\n<p><strong>Kasutusala:<\/strong> Elastne SMP-pol\u00fcmeere sisaldav liim-hermeetik katuset\u00f6\u00f6ks. Nakkub \u00fcldlevinud ehituspindadega, nagu alumiinium, teras, katusepapp, betoon jt. Sobib katusepapi kinnitamiseks ja tihendamiseks ning katusepapi mullide ja pragude parandamiseks. Samuti sobib v\u00e4ga h\u00e4sti katusekivide ja katuseplekkide parandamiseks ning korstna\u00fcmbruse tihendamiseks. Sobib kasutamiseks nii sise- kui ka v\u00e4listingimustes.<\/p>\n<p><strong>Toote omadused:<\/strong> 1-komponentne niiskuse k\u00e4es k\u00f5vastuv mittevalguv liim-hermeetik. Elastne, vastupidav niiskusele ja ilmastikutingimustele. \u00dclev\u00e4rvitav tavap\u00e4raste katusev\u00e4rvidega koos katuse kruntv\u00e4rviga. Avaldab keskkonnale minimaalset m\u00f5ju.<\/p>\n<p><strong>Ohutus:<\/strong> Hoida lastele k\u00e4ttesaamatus kohas. T\u00f6\u00f6protsessid peavad olema v\u00e4lja t\u00f6\u00f6tatud nii, et vahetu kontakt tootega on v\u00e4listatud. Kasutada sobivaid kaitsevahendeid olenevalt tarbitavatest kogustest ja t\u00f6\u00f6tingimustest. Toodet ei tohi alla neelata. Kemikaali allaneelamise korral p\u00f6\u00f6rduda kohe arsti poole ja n\u00e4idata talle pakendit v\u00f5i etiketti. Lisateavet t\u00f6\u00f6ohutuse kohta vt toote ohutuskaardilt.<\/p>\n\t\t<\/div>\n\t\t\t\t\t<\/div>\n\n\t\n\n\t<div id=\"col-1981630125\" class=\"col medium-3 small-12 large-3\"  >\n\t\t\t\t<div class=\"col-inner\"  >\n\t\t\t\n\t\t\t\n\t<div id=\"gap-531205452\" class=\"gap-element clearfix\" style=\"display:block; height:auto;\">\n\t\t\n<style>\n#gap-531205452 {\n  padding-top: 30px;\n}\n<\/style>\n\t<\/div>\n\t\n<h3>Tehniline informatsioon<\/h3>\n<p><a href=\"https:\/\/espak.ee\/epood\/wp-content\/uploads\/HERMEETIK-ROOFSEAL-MUST-300ML-tooteleht.pdf\" target=\"_blank\" rel=\"noopener noreferrer\"><i class=\"far fa-file-pdf\"><\/i> Tehniline info (PDF)<\/a><\/p>\n<h3>Ohutusalane teave<\/h3>\n<p><a href=\"https:\/\/espak.ee\/epood\/wp-content\/uploads\/HERMEETIK-ROOFSEAL-MUST-300ML-ohutuskaart.pdf\" target=\"_blank\" rel=\"noopener noreferrer\"><i class=\"far fa-file-pdf\"><\/i> Ohutusalane teave (PDF)<\/a><\/p>\n<div class=\"is-divider divider clearfix\" ><\/div>\n<p><strong>\u00dcksikasjalikuma n\u00f5u saamiseks v\u00f5tke \u00fchendust:<br \/><\/strong>SIKA ESTONIA O\u00dc<br \/>Tuleviku tee 2<br \/>75312<br \/>Peetri k\u00fcla, Rae vald<br \/>+372 605 4000<\/p>\n<div class=\"is-divider divider clearfix\" ><\/div>\n\t\t<\/div>\n\t\t\t\t\t<\/div>\n\n\t\n<\/div>\n","protected":false},"excerpt":{"rendered":"","protected":false},"featured_media":59745,"comment_status":"closed","ping_status":"closed","template":"","meta":[],"product_brand":[],"product_cat":[2703,2708,2709,2683],"product_tag":[],"class_list":{"0":"post-52463","1":"product","2":"type-product","3":"status-publish","4":"has-post-thumbnail","6":"product_cat-ehituskeemia","7":"product_cat-hermeetikud","8":"product_cat-tihendusmassid","9":"product_cat-viimistluskaubad","10":"pa_kaubamark-sika-estonia-ou","12":"first","13":"outofstock","14":"sale","15":"taxable","16":"shipping-taxable","17":"purchasable","18":"product-type-simple"},"yoast_head":"<!-- This site is optimized with the Yoast SEO plugin v26.9 - https:\/\/yoast.com\/product\/yoast-seo-wordpress\/ -->\n<title>HERMEETIK CASCO ROOFSEAL MUST 300ML - Espak E-pood<\/title>\n<meta name=\"robots\" content=\"index, follow, max-snippet:-1, max-image-preview:large, max-video-preview:-1\" \/>\n<link rel=\"canonical\" href=\"https:\/\/espak.ee\/epood\/toode\/hermeetik-casco-roofseal-must-300ml\/\" \/>\n<meta property=\"og:locale\" content=\"et_EE\" \/>\n<meta property=\"og:type\" content=\"article\" \/>\n<meta property=\"og:title\" content=\"HERMEETIK CASCO ROOFSEAL MUST 300ML - Espak E-pood\" \/>\n<meta property=\"og:url\" content=\"https:\/\/espak.ee\/epood\/toode\/hermeetik-casco-roofseal-must-300ml\/\" \/>\n<meta property=\"og:site_name\" content=\"Espak E-pood\" \/>\n<meta property=\"article:modified_time\" content=\"2025-08-19T09:15:55+00:00\" \/>\n<meta property=\"og:image\" content=\"https:\/\/espak.ee\/epood\/wp-content\/uploads\/Casco-ROOFSEAL-MUST-300ML.jpg\" \/>\n\t<meta property=\"og:image:width\" content=\"1000\" \/>\n\t<meta property=\"og:image:height\" content=\"1000\" \/>\n\t<meta property=\"og:image:type\" content=\"image\/jpeg\" \/>\n<meta name=\"twitter:card\" content=\"summary_large_image\" \/>\n<meta name=\"twitter:label1\" content=\"Est. reading time\" \/>\n\t<meta name=\"twitter:data1\" content=\"1 minut\" \/>\n<script type=\"application\/ld+json\" class=\"yoast-schema-graph\">{\"@context\":\"https:\/\/schema.org\",\"@graph\":[{\"@type\":\"WebPage\",\"@id\":\"https:\/\/espak.ee\/epood\/toode\/hermeetik-casco-roofseal-must-300ml\/\",\"url\":\"https:\/\/espak.ee\/epood\/toode\/hermeetik-casco-roofseal-must-300ml\/\",\"name\":\"HERMEETIK CASCO ROOFSEAL MUST 300ML - Espak E-pood\",\"isPartOf\":{\"@id\":\"https:\/\/espak.ee\/epood\/#website\"},\"primaryImageOfPage\":{\"@id\":\"https:\/\/espak.ee\/epood\/toode\/hermeetik-casco-roofseal-must-300ml\/#primaryimage\"},\"image\":{\"@id\":\"https:\/\/espak.ee\/epood\/toode\/hermeetik-casco-roofseal-must-300ml\/#primaryimage\"},\"thumbnailUrl\":\"https:\/\/espak.ee\/epood\/wp-content\/uploads\/Casco-ROOFSEAL-MUST-300ML.jpg\",\"datePublished\":\"2020-12-08T06:30:49+00:00\",\"dateModified\":\"2025-08-19T09:15:55+00:00\",\"breadcrumb\":{\"@id\":\"https:\/\/espak.ee\/epood\/toode\/hermeetik-casco-roofseal-must-300ml\/#breadcrumb\"},\"inLanguage\":\"et\",\"potentialAction\":[{\"@type\":\"ReadAction\",\"target\":[\"https:\/\/espak.ee\/epood\/toode\/hermeetik-casco-roofseal-must-300ml\/\"]}]},{\"@type\":\"ImageObject\",\"inLanguage\":\"et\",\"@id\":\"https:\/\/espak.ee\/epood\/toode\/hermeetik-casco-roofseal-must-300ml\/#primaryimage\",\"url\":\"https:\/\/espak.ee\/epood\/wp-content\/uploads\/Casco-ROOFSEAL-MUST-300ML.jpg\",\"contentUrl\":\"https:\/\/espak.ee\/epood\/wp-content\/uploads\/Casco-ROOFSEAL-MUST-300ML.jpg\",\"width\":1000,\"height\":1000},{\"@type\":\"BreadcrumbList\",\"@id\":\"https:\/\/espak.ee\/epood\/toode\/hermeetik-casco-roofseal-must-300ml\/#breadcrumb\",\"itemListElement\":[{\"@type\":\"ListItem\",\"position\":1,\"name\":\"Home\",\"item\":\"https:\/\/espak.ee\/epood\/\"},{\"@type\":\"ListItem\",\"position\":2,\"name\":\"Tootevalik\",\"item\":\"https:\/\/espak.ee\/epood\/tootevalik\/\"},{\"@type\":\"ListItem\",\"position\":3,\"name\":\"HERMEETIK CASCO ROOFSEAL MUST 300ML\"}]},{\"@type\":\"WebSite\",\"@id\":\"https:\/\/espak.ee\/epood\/#website\",\"url\":\"https:\/\/espak.ee\/epood\/\",\"name\":\"Espak E-pood\",\"description\":\"\",\"potentialAction\":[{\"@type\":\"SearchAction\",\"target\":{\"@type\":\"EntryPoint\",\"urlTemplate\":\"https:\/\/espak.ee\/epood\/?s={search_term_string}\"},\"query-input\":{\"@type\":\"PropertyValueSpecification\",\"valueRequired\":true,\"valueName\":\"search_term_string\"}}],\"inLanguage\":\"et\"}]}<\/script>\n<!-- \/ Yoast SEO plugin. -->","yoast_head_json":{"title":"HERMEETIK CASCO ROOFSEAL MUST 300ML - Espak E-pood","robots":{"index":"index","follow":"follow","max-snippet":"max-snippet:-1","max-image-preview":"max-image-preview:large","max-video-preview":"max-video-preview:-1"},"canonical":"https:\/\/espak.ee\/epood\/toode\/hermeetik-casco-roofseal-must-300ml\/","og_locale":"et_EE","og_type":"article","og_title":"HERMEETIK CASCO ROOFSEAL MUST 300ML - Espak E-pood","og_url":"https:\/\/espak.ee\/epood\/toode\/hermeetik-casco-roofseal-must-300ml\/","og_site_name":"Espak E-pood","article_modified_time":"2025-08-19T09:15:55+00:00","og_image":[{"width":1000,"height":1000,"url":"https:\/\/espak.ee\/epood\/wp-content\/uploads\/Casco-ROOFSEAL-MUST-300ML.jpg","type":"image\/jpeg"}],"twitter_card":"summary_large_image","twitter_misc":{"Est. reading time":"1 minut"},"schema":{"@context":"https:\/\/schema.org","@graph":[{"@type":"WebPage","@id":"https:\/\/espak.ee\/epood\/toode\/hermeetik-casco-roofseal-must-300ml\/","url":"https:\/\/espak.ee\/epood\/toode\/hermeetik-casco-roofseal-must-300ml\/","name":"HERMEETIK CASCO ROOFSEAL MUST 300ML - Espak E-pood","isPartOf":{"@id":"https:\/\/espak.ee\/epood\/#website"},"primaryImageOfPage":{"@id":"https:\/\/espak.ee\/epood\/toode\/hermeetik-casco-roofseal-must-300ml\/#primaryimage"},"image":{"@id":"https:\/\/espak.ee\/epood\/toode\/hermeetik-casco-roofseal-must-300ml\/#primaryimage"},"thumbnailUrl":"https:\/\/espak.ee\/epood\/wp-content\/uploads\/Casco-ROOFSEAL-MUST-300ML.jpg","datePublished":"2020-12-08T06:30:49+00:00","dateModified":"2025-08-19T09:15:55+00:00","breadcrumb":{"@id":"https:\/\/espak.ee\/epood\/toode\/hermeetik-casco-roofseal-must-300ml\/#breadcrumb"},"inLanguage":"et","potentialAction":[{"@type":"ReadAction","target":["https:\/\/espak.ee\/epood\/toode\/hermeetik-casco-roofseal-must-300ml\/"]}]},{"@type":"ImageObject","inLanguage":"et","@id":"https:\/\/espak.ee\/epood\/toode\/hermeetik-casco-roofseal-must-300ml\/#primaryimage","url":"https:\/\/espak.ee\/epood\/wp-content\/uploads\/Casco-ROOFSEAL-MUST-300ML.jpg","contentUrl":"https:\/\/espak.ee\/epood\/wp-content\/uploads\/Casco-ROOFSEAL-MUST-300ML.jpg","width":1000,"height":1000},{"@type":"BreadcrumbList","@id":"https:\/\/espak.ee\/epood\/toode\/hermeetik-casco-roofseal-must-300ml\/#breadcrumb","itemListElement":[{"@type":"ListItem","position":1,"name":"Home","item":"https:\/\/espak.ee\/epood\/"},{"@type":"ListItem","position":2,"name":"Tootevalik","item":"https:\/\/espak.ee\/epood\/tootevalik\/"},{"@type":"ListItem","position":3,"name":"HERMEETIK CASCO ROOFSEAL MUST 300ML"}]},{"@type":"WebSite","@id":"https:\/\/espak.ee\/epood\/#website","url":"https:\/\/espak.ee\/epood\/","name":"Espak E-pood","description":"","potentialAction":[{"@type":"SearchAction","target":{"@type":"EntryPoint","urlTemplate":"https:\/\/espak.ee\/epood\/?s={search_term_string}"},"query-input":{"@type":"PropertyValueSpecification","valueRequired":true,"valueName":"search_term_string"}}],"inLanguage":"et"}]}},"_links":{"self":[{"href":"https:\/\/espak.ee\/epood\/wp-json\/wp\/v2\/product\/52463","targetHints":{"allow":["GET"]}}],"collection":[{"href":"https:\/\/espak.ee\/epood\/wp-json\/wp\/v2\/product"}],"about":[{"href":"https:\/\/espak.ee\/epood\/wp-json\/wp\/v2\/types\/product"}],"replies":[{"embeddable":true,"href":"https:\/\/espak.ee\/epood\/wp-json\/wp\/v2\/comments?post=52463"}],"wp:featuredmedia":[{"embeddable":true,"href":"https:\/\/espak.ee\/epood\/wp-json\/wp\/v2\/media\/59745"}],"wp:attachment":[{"href":"https:\/\/espak.ee\/epood\/wp-json\/wp\/v2\/media?parent=52463"}],"wp:term":[{"taxonomy":"product_brand","embeddable":true,"href":"https:\/\/espak.ee\/epood\/wp-json\/wp\/v2\/product_brand?post=52463"},{"taxonomy":"product_cat","embeddable":true,"href":"https:\/\/espak.ee\/epood\/wp-json\/wp\/v2\/product_cat?post=52463"},{"taxonomy":"product_tag","embeddable":true,"href":"https:\/\/espak.ee\/epood\/wp-json\/wp\/v2\/product_tag?post=52463"}],"curies":[{"name":"wp","href":"https:\/\/api.w.org\/{rel}","templated":true}]}}