{"id":52329,"date":"2020-12-05T07:09:33","date_gmt":"2020-12-05T07:09:33","guid":{"rendered":"https:\/\/espak.ee\/hinnakiri\/?post_type=product&#038;p=52329"},"modified":"2026-01-21T10:12:13","modified_gmt":"2026-01-21T08:12:13","slug":"kontaktliim-casco-s9-super-1l","status":"publish","type":"product","link":"https:\/\/espak.ee\/epood\/toode\/kontaktliim-casco-s9-super-1l\/","title":{"rendered":"KONTAKTLIIM CASCO S9 SUPER 1L"},"content":{"rendered":"<div class=\"row\"  id=\"row-1793071701\">\n\n\t<div id=\"col-1088241677\" class=\"col medium-9 small-12 large-9\"  >\n\t\t\t\t<div class=\"col-inner\"  >\n\t\t\t\n\t\t\t\n<h2>Kontaktliim S9 Super<\/h2>\n<p>Lahustip\u00f5hine kontaktliim sobib erinevate materjalide, nt puidu, metallide, PVC, kiudplaadi, klaasi, naha, keraamika, kummi jms. liimimiseks. Sobib eriti h\u00e4sti kohtades, kus puuduvad surveseadmed v\u00f5i kus survet pole v\u00f5imalik rakendada. Kasutamiseks sisetingimustes.<\/p>\n\t<div id=\"gap-1795680716\" class=\"gap-element clearfix\" style=\"display:block; height:auto;\">\n\t\t\n<style>\n#gap-1795680716 {\n  padding-top: 30px;\n}\n<\/style>\n\t<\/div>\n\t\n<h3>Kasutamise \u00fcksikasjad<\/h3>\n<p><strong>Kasutusala:<\/strong> Mitmeotstarbeline kontaktliim siset\u00f6\u00f6deks, millega saab liimida erinevaid materjale, n\u00e4iteks metalli (v\u00e4lja arvatud vask ja vasesulamid), puitu, kiudplaate, keraamikat, nahka kummit, laminaat- ja vin\u00fc\u00fclplaate jm. Sobib eriti h\u00e4sti kohtades, kus puuduvad surveseadmed v\u00f5i kus survet pole v\u00f5imalik rakendada. V\u00e4rvitud ja lakitud pindade puhul on vajalik eeltestimine.<\/p>\n<p><strong>Toote omadused:<\/strong> \u00c4rritav. V\u00e4ga tuleohtlik. T\u00f6\u00f6tamisel tuleb j\u00e4lgida t\u00f6\u00f6tervishoiun\u00f5udeid. Hoida eemal s\u00fcttimisallikast \u2013 l\u00e4heduses mitte suitsetada! \u00c4rritab nahka. Aurud v\u00f5ivad p\u00f5hjustada uimasust ja peap\u00f6\u00f6ritust. Kahjulik veeorganismidele, v\u00f5ib p\u00f5hjustada pikaajalist vesikeskkonda kahjustavat toimet. K\u00e4idelda h\u00e4stiventileeritavas kohas. Kasutage olenevalt kasutatavatest kogustest ja t\u00f6\u00f6tingimustest sobivaid kaitsevahendeid. Toodet ei tohi alla neelata. Kemikaali allaneelamise korral p\u00f6\u00f6rduda kohe arsti poole ja n\u00e4idata talle pakendit v\u00f5i etiketti. Kemikaal ja tema pakend tuleb viia ohtlike j\u00e4\u00e4tmete kogumispunkti. Hoida lastele k\u00e4ttesaamatus kohas. Lisateavet t\u00f6\u00f6ohutuse kohta vt toote ohutuskaardilt.<\/p>\n\t\t<\/div>\n\t\t\t\t\t<\/div>\n\n\t\n\n\t<div id=\"col-1819332452\" class=\"col medium-3 small-12 large-3\"  >\n\t\t\t\t<div class=\"col-inner\"  >\n\t\t\t\n\t\t\t\n\t<div id=\"gap-1835718245\" class=\"gap-element clearfix\" style=\"display:block; height:auto;\">\n\t\t\n<style>\n#gap-1835718245 {\n  padding-top: 30px;\n}\n<\/style>\n\t<\/div>\n\t\n<h3>Tehniline informatsioon<\/h3>\n<p><a href=\"https:\/\/espak.ee\/epood\/wp-content\/uploads\/KONTAKTLIIM-CASCO-S9-SUPER-tooteleht.pdf\" target=\"_blank\" rel=\"noopener noreferrer\"><i class=\"far fa-file-pdf\"><\/i> Tehniline info (PDF)<\/a><\/p>\n<h3>Ohutusalane teave<\/h3>\n<p><a href=\"https:\/\/espak.ee\/epood\/wp-content\/uploads\/KONTAKTLIIM-CASCO-S9-SUPER-ohutuskaart.pdf\" target=\"_blank\" rel=\"noopener noreferrer\"><i class=\"far fa-file-pdf\"><\/i> Ohutusalane teave (PDF)<\/a><\/p>\n<div class=\"is-divider divider clearfix\" ><\/div>\n<p><strong>\u00dcksikasjalikuma n\u00f5u saamiseks v\u00f5tke \u00fchendust:<br \/><\/strong>SIKA ESTONIA O\u00dc<br \/>Tuleviku tee 2<br \/>75312<br \/>Peetri k\u00fcla, Rae vald<br \/>+372 605 4000<\/p>\n<div class=\"is-divider divider clearfix\" ><\/div>\n\t\t<\/div>\n\t\t\t\t\t<\/div>\n\n\t\n<\/div>\n","protected":false},"excerpt":{"rendered":"","protected":false},"featured_media":59250,"comment_status":"closed","ping_status":"closed","template":"","meta":[],"product_brand":[],"product_cat":[2703,2706,2707,2683],"product_tag":[],"class_list":{"0":"post-52329","1":"product","2":"type-product","3":"status-publish","4":"has-post-thumbnail","6":"product_cat-ehituskeemia","7":"product_cat-liimid","8":"product_cat-universaalliimid","9":"product_cat-viimistluskaubad","10":"pa_kaubamark-sika-estonia-ou","12":"first","13":"instock","14":"sale","15":"taxable","16":"shipping-taxable","17":"purchasable","18":"product-type-simple"},"yoast_head":"<!-- This site is optimized with the Yoast SEO plugin v26.9 - https:\/\/yoast.com\/product\/yoast-seo-wordpress\/ -->\n<title>KONTAKTLIIM CASCO S9 SUPER 1L - Espak E-pood<\/title>\n<meta name=\"robots\" content=\"index, follow, max-snippet:-1, max-image-preview:large, max-video-preview:-1\" \/>\n<link rel=\"canonical\" href=\"https:\/\/espak.ee\/epood\/toode\/kontaktliim-casco-s9-super-1l\/\" \/>\n<meta property=\"og:locale\" content=\"et_EE\" \/>\n<meta property=\"og:type\" content=\"article\" \/>\n<meta property=\"og:title\" content=\"KONTAKTLIIM CASCO S9 SUPER 1L - Espak E-pood\" \/>\n<meta property=\"og:url\" content=\"https:\/\/espak.ee\/epood\/toode\/kontaktliim-casco-s9-super-1l\/\" \/>\n<meta property=\"og:site_name\" content=\"Espak E-pood\" \/>\n<meta property=\"article:modified_time\" content=\"2026-01-21T08:12:13+00:00\" \/>\n<meta property=\"og:image\" content=\"https:\/\/espak.ee\/epood\/wp-content\/uploads\/Casco-S9-SUPER-1l.jpg\" \/>\n\t<meta property=\"og:image:width\" content=\"1000\" \/>\n\t<meta property=\"og:image:height\" content=\"1000\" \/>\n\t<meta property=\"og:image:type\" content=\"image\/jpeg\" \/>\n<meta name=\"twitter:card\" content=\"summary_large_image\" \/>\n<meta name=\"twitter:label1\" content=\"Est. reading time\" \/>\n\t<meta name=\"twitter:data1\" content=\"1 minut\" \/>\n<script type=\"application\/ld+json\" class=\"yoast-schema-graph\">{\"@context\":\"https:\/\/schema.org\",\"@graph\":[{\"@type\":\"WebPage\",\"@id\":\"https:\/\/espak.ee\/epood\/toode\/kontaktliim-casco-s9-super-1l\/\",\"url\":\"https:\/\/espak.ee\/epood\/toode\/kontaktliim-casco-s9-super-1l\/\",\"name\":\"KONTAKTLIIM CASCO S9 SUPER 1L - Espak E-pood\",\"isPartOf\":{\"@id\":\"https:\/\/espak.ee\/epood\/#website\"},\"primaryImageOfPage\":{\"@id\":\"https:\/\/espak.ee\/epood\/toode\/kontaktliim-casco-s9-super-1l\/#primaryimage\"},\"image\":{\"@id\":\"https:\/\/espak.ee\/epood\/toode\/kontaktliim-casco-s9-super-1l\/#primaryimage\"},\"thumbnailUrl\":\"https:\/\/espak.ee\/epood\/wp-content\/uploads\/Casco-S9-SUPER-1l.jpg\",\"datePublished\":\"2020-12-05T07:09:33+00:00\",\"dateModified\":\"2026-01-21T08:12:13+00:00\",\"breadcrumb\":{\"@id\":\"https:\/\/espak.ee\/epood\/toode\/kontaktliim-casco-s9-super-1l\/#breadcrumb\"},\"inLanguage\":\"et\",\"potentialAction\":[{\"@type\":\"ReadAction\",\"target\":[\"https:\/\/espak.ee\/epood\/toode\/kontaktliim-casco-s9-super-1l\/\"]}]},{\"@type\":\"ImageObject\",\"inLanguage\":\"et\",\"@id\":\"https:\/\/espak.ee\/epood\/toode\/kontaktliim-casco-s9-super-1l\/#primaryimage\",\"url\":\"https:\/\/espak.ee\/epood\/wp-content\/uploads\/Casco-S9-SUPER-1l.jpg\",\"contentUrl\":\"https:\/\/espak.ee\/epood\/wp-content\/uploads\/Casco-S9-SUPER-1l.jpg\",\"width\":1000,\"height\":1000},{\"@type\":\"BreadcrumbList\",\"@id\":\"https:\/\/espak.ee\/epood\/toode\/kontaktliim-casco-s9-super-1l\/#breadcrumb\",\"itemListElement\":[{\"@type\":\"ListItem\",\"position\":1,\"name\":\"Home\",\"item\":\"https:\/\/espak.ee\/epood\/\"},{\"@type\":\"ListItem\",\"position\":2,\"name\":\"Tootevalik\",\"item\":\"https:\/\/espak.ee\/epood\/tootevalik\/\"},{\"@type\":\"ListItem\",\"position\":3,\"name\":\"KONTAKTLIIM CASCO S9 SUPER 1L\"}]},{\"@type\":\"WebSite\",\"@id\":\"https:\/\/espak.ee\/epood\/#website\",\"url\":\"https:\/\/espak.ee\/epood\/\",\"name\":\"Espak E-pood\",\"description\":\"\",\"potentialAction\":[{\"@type\":\"SearchAction\",\"target\":{\"@type\":\"EntryPoint\",\"urlTemplate\":\"https:\/\/espak.ee\/epood\/?s={search_term_string}\"},\"query-input\":{\"@type\":\"PropertyValueSpecification\",\"valueRequired\":true,\"valueName\":\"search_term_string\"}}],\"inLanguage\":\"et\"}]}<\/script>\n<!-- \/ Yoast SEO plugin. -->","yoast_head_json":{"title":"KONTAKTLIIM CASCO S9 SUPER 1L - Espak E-pood","robots":{"index":"index","follow":"follow","max-snippet":"max-snippet:-1","max-image-preview":"max-image-preview:large","max-video-preview":"max-video-preview:-1"},"canonical":"https:\/\/espak.ee\/epood\/toode\/kontaktliim-casco-s9-super-1l\/","og_locale":"et_EE","og_type":"article","og_title":"KONTAKTLIIM CASCO S9 SUPER 1L - Espak E-pood","og_url":"https:\/\/espak.ee\/epood\/toode\/kontaktliim-casco-s9-super-1l\/","og_site_name":"Espak E-pood","article_modified_time":"2026-01-21T08:12:13+00:00","og_image":[{"width":1000,"height":1000,"url":"https:\/\/espak.ee\/epood\/wp-content\/uploads\/Casco-S9-SUPER-1l.jpg","type":"image\/jpeg"}],"twitter_card":"summary_large_image","twitter_misc":{"Est. reading time":"1 minut"},"schema":{"@context":"https:\/\/schema.org","@graph":[{"@type":"WebPage","@id":"https:\/\/espak.ee\/epood\/toode\/kontaktliim-casco-s9-super-1l\/","url":"https:\/\/espak.ee\/epood\/toode\/kontaktliim-casco-s9-super-1l\/","name":"KONTAKTLIIM CASCO S9 SUPER 1L - Espak E-pood","isPartOf":{"@id":"https:\/\/espak.ee\/epood\/#website"},"primaryImageOfPage":{"@id":"https:\/\/espak.ee\/epood\/toode\/kontaktliim-casco-s9-super-1l\/#primaryimage"},"image":{"@id":"https:\/\/espak.ee\/epood\/toode\/kontaktliim-casco-s9-super-1l\/#primaryimage"},"thumbnailUrl":"https:\/\/espak.ee\/epood\/wp-content\/uploads\/Casco-S9-SUPER-1l.jpg","datePublished":"2020-12-05T07:09:33+00:00","dateModified":"2026-01-21T08:12:13+00:00","breadcrumb":{"@id":"https:\/\/espak.ee\/epood\/toode\/kontaktliim-casco-s9-super-1l\/#breadcrumb"},"inLanguage":"et","potentialAction":[{"@type":"ReadAction","target":["https:\/\/espak.ee\/epood\/toode\/kontaktliim-casco-s9-super-1l\/"]}]},{"@type":"ImageObject","inLanguage":"et","@id":"https:\/\/espak.ee\/epood\/toode\/kontaktliim-casco-s9-super-1l\/#primaryimage","url":"https:\/\/espak.ee\/epood\/wp-content\/uploads\/Casco-S9-SUPER-1l.jpg","contentUrl":"https:\/\/espak.ee\/epood\/wp-content\/uploads\/Casco-S9-SUPER-1l.jpg","width":1000,"height":1000},{"@type":"BreadcrumbList","@id":"https:\/\/espak.ee\/epood\/toode\/kontaktliim-casco-s9-super-1l\/#breadcrumb","itemListElement":[{"@type":"ListItem","position":1,"name":"Home","item":"https:\/\/espak.ee\/epood\/"},{"@type":"ListItem","position":2,"name":"Tootevalik","item":"https:\/\/espak.ee\/epood\/tootevalik\/"},{"@type":"ListItem","position":3,"name":"KONTAKTLIIM CASCO S9 SUPER 1L"}]},{"@type":"WebSite","@id":"https:\/\/espak.ee\/epood\/#website","url":"https:\/\/espak.ee\/epood\/","name":"Espak E-pood","description":"","potentialAction":[{"@type":"SearchAction","target":{"@type":"EntryPoint","urlTemplate":"https:\/\/espak.ee\/epood\/?s={search_term_string}"},"query-input":{"@type":"PropertyValueSpecification","valueRequired":true,"valueName":"search_term_string"}}],"inLanguage":"et"}]}},"_links":{"self":[{"href":"https:\/\/espak.ee\/epood\/wp-json\/wp\/v2\/product\/52329","targetHints":{"allow":["GET"]}}],"collection":[{"href":"https:\/\/espak.ee\/epood\/wp-json\/wp\/v2\/product"}],"about":[{"href":"https:\/\/espak.ee\/epood\/wp-json\/wp\/v2\/types\/product"}],"replies":[{"embeddable":true,"href":"https:\/\/espak.ee\/epood\/wp-json\/wp\/v2\/comments?post=52329"}],"wp:featuredmedia":[{"embeddable":true,"href":"https:\/\/espak.ee\/epood\/wp-json\/wp\/v2\/media\/59250"}],"wp:attachment":[{"href":"https:\/\/espak.ee\/epood\/wp-json\/wp\/v2\/media?parent=52329"}],"wp:term":[{"taxonomy":"product_brand","embeddable":true,"href":"https:\/\/espak.ee\/epood\/wp-json\/wp\/v2\/product_brand?post=52329"},{"taxonomy":"product_cat","embeddable":true,"href":"https:\/\/espak.ee\/epood\/wp-json\/wp\/v2\/product_cat?post=52329"},{"taxonomy":"product_tag","embeddable":true,"href":"https:\/\/espak.ee\/epood\/wp-json\/wp\/v2\/product_tag?post=52329"}],"curies":[{"name":"wp","href":"https:\/\/api.w.org\/{rel}","templated":true}]}}