{"id":52323,"date":"2020-12-05T07:09:27","date_gmt":"2020-12-05T07:09:27","guid":{"rendered":"https:\/\/espak.ee\/hinnakiri\/?post_type=product&#038;p=52323"},"modified":"2026-01-09T01:21:17","modified_gmt":"2026-01-08T23:21:17","slug":"seinatasandussegu-casco-husfix-10kg","status":"publish","type":"product","link":"https:\/\/espak.ee\/epood\/toode\/seinatasandussegu-casco-husfix-10kg\/","title":{"rendered":"SEINATASANDUSSEGU CASCO HUSFIX 10KG"},"content":{"rendered":"<div class=\"row\"  id=\"row-11867607\">\n\n\t<div id=\"col-2086089560\" class=\"col medium-9 small-12 large-9\"  >\n\t\t\t\t<div class=\"col-inner\"  >\n\t\t\t\n\t\t\t\n<h2>Seinatasandussegu Husfix<\/h2>\n<p>Kergt\u00e4iteaineid sisaldav universaalne tsemendip\u00f5hine tasandus- ja remontsegu silumis-, tasandus- ja parandust\u00f6\u00f6deks kuivades ja niisketes ruumides nii sise- kui ka v\u00e4listingimustes. Sobib enamiku aluspindadega, n\u00e4iteks betoon, kergbetoon, krohv, tellis, kipsplaat, puit, puitkiudplaat jms. Tootel on \u00e4\u00e4rmiselt head t\u00e4iteomadused. P\u00e4rast kuivamist on v\u00f5imalik kruvid ja naelad paigaldada sarnaselt puidule. Kasutamisel \u00f6konoomne.<\/p>\n\t<div id=\"gap-1500937265\" class=\"gap-element clearfix\" style=\"display:block; height:auto;\">\n\t\t\n<style>\n#gap-1500937265 {\n  padding-top: 30px;\n}\n<\/style>\n\t<\/div>\n\t\n<h3>Kasutamise \u00fcksikasjad<\/h3>\n<p><strong>Kasutusala:<\/strong> Universaalne, vee- ja ilmastikukindel, peeneteraline tasandus- ja remontsegu sise- ja v\u00e4listingimustes p\u00f5randatele ja seintele. Sobib kasutamiseks veekindla pahtlina niisketes ruumides enne vin\u00fc\u00fcltapeedi v\u00f5i p\u00f5randakatete paigaldamist. Sobib enamiku aluspindadega, n\u00e4iteks betoon, kergbetoon, krohv, tellis, kipsplaat, puit, puitkiudplaat jms. V\u00f5ib kasutada keraamiliste plaatide paigaldamiseks vannitubades, du\u0161iruumides jms. Kasutamiseks kuivades ja niisketes ruumides nii sise- kui v\u00e4listingimustes (k.a p\u00f5randak\u00fcttel).<\/p>\n<p><strong>Toote omadused:<\/strong> Hea nakkuvus enamiku ehitusmaterjalidega. Kuna toode sisaldab madala tihedusega t\u00e4iteainet, Toodet on lihtne pinnale kanda ja lihvida. Tootel on \u00e4\u00e4rmiselt head t\u00e4iteomadused. Kasutamisel \u00f6konoomne. V\u00e4ga v\u00e4ike mahukahanemine. Niiskuskindel 1\u20132 p\u00e4eva p\u00e4rast. \u00dclev\u00e4rvitav tavaliste dispersioonv\u00e4rvidega. P\u00e4rast kuivamist on v\u00f5imalik kruvid ja naelad paigaldada sarnaselt puidule. Maksimaalne kihi paksus on kuni 100 mm.<\/p>\n<p><strong>Ohutus:<\/strong> \u00c4rritav. Sisaldab tsementi (> 30%). T\u00f6\u00f6tamisel tuleb j\u00e4lgida t\u00f6\u00f6tervishoiun\u00f5udeid. \u00c4rritab hingamiselundeid ja nahka. Kasutage olenevalt kasutatavatest kogustest ja t\u00f6\u00f6tingimustest sobivaid kaitsevahendeid. Silmade kahjustamise t\u00f5sine oht. Silma sattumisel loputada kohe rohke veega ja p\u00f6\u00f6rduda arsti poole. Kasutada sobivaid kaitsevahendeid olenevalt tarbitavatest kogustest ja t\u00f6\u00f6tingimustest . Toodet ei tohi alla neelata. Kemikaali allaneelamise korral p\u00f6\u00f6rduda kohe arsti poole ja n\u00e4idata talle pakendit v\u00f5i etiketti. Hoida lastele k\u00e4ttesaamatus kohas. Lisateavet t\u00f6\u00f6ohutuse kohta vt toote ohutuskaardilt.<\/p>\n\t\t<\/div>\n\t\t\t\t\t<\/div>\n\n\t\n\n\t<div id=\"col-1867014571\" class=\"col medium-3 small-12 large-3\"  >\n\t\t\t\t<div class=\"col-inner\"  >\n\t\t\t\n\t\t\t\n\t<div id=\"gap-1958130973\" class=\"gap-element clearfix\" style=\"display:block; height:auto;\">\n\t\t\n<style>\n#gap-1958130973 {\n  padding-top: 30px;\n}\n<\/style>\n\t<\/div>\n\t\n<h3>Tehniline informatsioon<\/h3>\n<p><a href=\"https:\/\/espak.ee\/epood\/wp-content\/uploads\/SEINATASANDUSSEGU-CASCO-HUSFIX-tooteleht.pdf\" target=\"_blank\" rel=\"noopener noreferrer\"><i class=\"far fa-file-pdf\"><\/i> Tehniline info (PDF)<\/a><\/p>\n<h3>Ohutusalane teave<\/h3>\n<p><a href=\"https:\/\/espak.ee\/epood\/wp-content\/uploads\/SEINATASANDUSSEGU-CASCO-HUSFIX-ohutuskaart.pdf\" target=\"_blank\" rel=\"noopener noreferrer\"><i class=\"far fa-file-pdf\"><\/i> Ohutusalane teave (PDF)<\/a><\/p>\n<div class=\"is-divider divider clearfix\" ><\/div>\n<p><strong>\u00dcksikasjalikuma n\u00f5u saamiseks v\u00f5tke \u00fchendust:<br \/><\/strong>SIKA ESTONIA O\u00dc<br \/>Tuleviku tee 2<br \/>75312<br \/>Peetri k\u00fcla, Rae vald<br \/>+372 605 4000<\/p>\n<div class=\"is-divider divider clearfix\" ><\/div>\n\t\t<\/div>\n\t\t\t\t\t<\/div>\n\n\t\n<\/div>\n","protected":false},"excerpt":{"rendered":"","protected":false},"featured_media":59249,"comment_status":"closed","ping_status":"closed","template":"","meta":[],"product_brand":[],"product_cat":[2729,2818,2698,2697],"product_tag":[],"class_list":{"0":"post-52323","1":"product","2":"type-product","3":"status-publish","4":"has-post-thumbnail","6":"product_cat-fassaadi-ja-universaalpahtlid","7":"product_cat-fassaadipahtlid","8":"product_cat-pahtlid-ja-kuivsegud","9":"product_cat-uldehitus","10":"pa_kaubamark-sika-estonia-ou","12":"first","13":"instock","14":"sale","15":"taxable","16":"shipping-taxable","17":"purchasable","18":"product-type-simple"},"yoast_head":"<!-- This site is optimized with the Yoast SEO plugin v26.9 - https:\/\/yoast.com\/product\/yoast-seo-wordpress\/ -->\n<title>SEINATASANDUSSEGU CASCO HUSFIX 10KG - Espak E-pood<\/title>\n<meta name=\"robots\" content=\"index, follow, max-snippet:-1, max-image-preview:large, max-video-preview:-1\" \/>\n<link rel=\"canonical\" href=\"https:\/\/espak.ee\/epood\/toode\/seinatasandussegu-casco-husfix-10kg\/\" \/>\n<meta property=\"og:locale\" content=\"et_EE\" \/>\n<meta property=\"og:type\" content=\"article\" \/>\n<meta property=\"og:title\" content=\"SEINATASANDUSSEGU CASCO HUSFIX 10KG - Espak E-pood\" \/>\n<meta property=\"og:url\" content=\"https:\/\/espak.ee\/epood\/toode\/seinatasandussegu-casco-husfix-10kg\/\" \/>\n<meta property=\"og:site_name\" content=\"Espak E-pood\" \/>\n<meta property=\"article:modified_time\" content=\"2026-01-08T23:21:17+00:00\" \/>\n<meta property=\"og:image\" content=\"https:\/\/espak.ee\/epood\/wp-content\/uploads\/Casco-HusFix-10-kg.jpg\" \/>\n\t<meta property=\"og:image:width\" content=\"1000\" \/>\n\t<meta property=\"og:image:height\" content=\"1000\" \/>\n\t<meta property=\"og:image:type\" content=\"image\/jpeg\" \/>\n<meta name=\"twitter:card\" content=\"summary_large_image\" \/>\n<meta name=\"twitter:label1\" content=\"Est. reading time\" \/>\n\t<meta name=\"twitter:data1\" content=\"2 minutit\" \/>\n<script type=\"application\/ld+json\" class=\"yoast-schema-graph\">{\"@context\":\"https:\/\/schema.org\",\"@graph\":[{\"@type\":\"WebPage\",\"@id\":\"https:\/\/espak.ee\/epood\/toode\/seinatasandussegu-casco-husfix-10kg\/\",\"url\":\"https:\/\/espak.ee\/epood\/toode\/seinatasandussegu-casco-husfix-10kg\/\",\"name\":\"SEINATASANDUSSEGU CASCO HUSFIX 10KG - Espak E-pood\",\"isPartOf\":{\"@id\":\"https:\/\/espak.ee\/epood\/#website\"},\"primaryImageOfPage\":{\"@id\":\"https:\/\/espak.ee\/epood\/toode\/seinatasandussegu-casco-husfix-10kg\/#primaryimage\"},\"image\":{\"@id\":\"https:\/\/espak.ee\/epood\/toode\/seinatasandussegu-casco-husfix-10kg\/#primaryimage\"},\"thumbnailUrl\":\"https:\/\/espak.ee\/epood\/wp-content\/uploads\/Casco-HusFix-10-kg.jpg\",\"datePublished\":\"2020-12-05T07:09:27+00:00\",\"dateModified\":\"2026-01-08T23:21:17+00:00\",\"breadcrumb\":{\"@id\":\"https:\/\/espak.ee\/epood\/toode\/seinatasandussegu-casco-husfix-10kg\/#breadcrumb\"},\"inLanguage\":\"et\",\"potentialAction\":[{\"@type\":\"ReadAction\",\"target\":[\"https:\/\/espak.ee\/epood\/toode\/seinatasandussegu-casco-husfix-10kg\/\"]}]},{\"@type\":\"ImageObject\",\"inLanguage\":\"et\",\"@id\":\"https:\/\/espak.ee\/epood\/toode\/seinatasandussegu-casco-husfix-10kg\/#primaryimage\",\"url\":\"https:\/\/espak.ee\/epood\/wp-content\/uploads\/Casco-HusFix-10-kg.jpg\",\"contentUrl\":\"https:\/\/espak.ee\/epood\/wp-content\/uploads\/Casco-HusFix-10-kg.jpg\",\"width\":1000,\"height\":1000},{\"@type\":\"BreadcrumbList\",\"@id\":\"https:\/\/espak.ee\/epood\/toode\/seinatasandussegu-casco-husfix-10kg\/#breadcrumb\",\"itemListElement\":[{\"@type\":\"ListItem\",\"position\":1,\"name\":\"Home\",\"item\":\"https:\/\/espak.ee\/epood\/\"},{\"@type\":\"ListItem\",\"position\":2,\"name\":\"Tootevalik\",\"item\":\"https:\/\/espak.ee\/epood\/tootevalik\/\"},{\"@type\":\"ListItem\",\"position\":3,\"name\":\"SEINATASANDUSSEGU CASCO HUSFIX 10KG\"}]},{\"@type\":\"WebSite\",\"@id\":\"https:\/\/espak.ee\/epood\/#website\",\"url\":\"https:\/\/espak.ee\/epood\/\",\"name\":\"Espak E-pood\",\"description\":\"\",\"potentialAction\":[{\"@type\":\"SearchAction\",\"target\":{\"@type\":\"EntryPoint\",\"urlTemplate\":\"https:\/\/espak.ee\/epood\/?s={search_term_string}\"},\"query-input\":{\"@type\":\"PropertyValueSpecification\",\"valueRequired\":true,\"valueName\":\"search_term_string\"}}],\"inLanguage\":\"et\"}]}<\/script>\n<!-- \/ Yoast SEO plugin. -->","yoast_head_json":{"title":"SEINATASANDUSSEGU CASCO HUSFIX 10KG - Espak E-pood","robots":{"index":"index","follow":"follow","max-snippet":"max-snippet:-1","max-image-preview":"max-image-preview:large","max-video-preview":"max-video-preview:-1"},"canonical":"https:\/\/espak.ee\/epood\/toode\/seinatasandussegu-casco-husfix-10kg\/","og_locale":"et_EE","og_type":"article","og_title":"SEINATASANDUSSEGU CASCO HUSFIX 10KG - Espak E-pood","og_url":"https:\/\/espak.ee\/epood\/toode\/seinatasandussegu-casco-husfix-10kg\/","og_site_name":"Espak E-pood","article_modified_time":"2026-01-08T23:21:17+00:00","og_image":[{"width":1000,"height":1000,"url":"https:\/\/espak.ee\/epood\/wp-content\/uploads\/Casco-HusFix-10-kg.jpg","type":"image\/jpeg"}],"twitter_card":"summary_large_image","twitter_misc":{"Est. reading time":"2 minutit"},"schema":{"@context":"https:\/\/schema.org","@graph":[{"@type":"WebPage","@id":"https:\/\/espak.ee\/epood\/toode\/seinatasandussegu-casco-husfix-10kg\/","url":"https:\/\/espak.ee\/epood\/toode\/seinatasandussegu-casco-husfix-10kg\/","name":"SEINATASANDUSSEGU CASCO HUSFIX 10KG - Espak E-pood","isPartOf":{"@id":"https:\/\/espak.ee\/epood\/#website"},"primaryImageOfPage":{"@id":"https:\/\/espak.ee\/epood\/toode\/seinatasandussegu-casco-husfix-10kg\/#primaryimage"},"image":{"@id":"https:\/\/espak.ee\/epood\/toode\/seinatasandussegu-casco-husfix-10kg\/#primaryimage"},"thumbnailUrl":"https:\/\/espak.ee\/epood\/wp-content\/uploads\/Casco-HusFix-10-kg.jpg","datePublished":"2020-12-05T07:09:27+00:00","dateModified":"2026-01-08T23:21:17+00:00","breadcrumb":{"@id":"https:\/\/espak.ee\/epood\/toode\/seinatasandussegu-casco-husfix-10kg\/#breadcrumb"},"inLanguage":"et","potentialAction":[{"@type":"ReadAction","target":["https:\/\/espak.ee\/epood\/toode\/seinatasandussegu-casco-husfix-10kg\/"]}]},{"@type":"ImageObject","inLanguage":"et","@id":"https:\/\/espak.ee\/epood\/toode\/seinatasandussegu-casco-husfix-10kg\/#primaryimage","url":"https:\/\/espak.ee\/epood\/wp-content\/uploads\/Casco-HusFix-10-kg.jpg","contentUrl":"https:\/\/espak.ee\/epood\/wp-content\/uploads\/Casco-HusFix-10-kg.jpg","width":1000,"height":1000},{"@type":"BreadcrumbList","@id":"https:\/\/espak.ee\/epood\/toode\/seinatasandussegu-casco-husfix-10kg\/#breadcrumb","itemListElement":[{"@type":"ListItem","position":1,"name":"Home","item":"https:\/\/espak.ee\/epood\/"},{"@type":"ListItem","position":2,"name":"Tootevalik","item":"https:\/\/espak.ee\/epood\/tootevalik\/"},{"@type":"ListItem","position":3,"name":"SEINATASANDUSSEGU CASCO HUSFIX 10KG"}]},{"@type":"WebSite","@id":"https:\/\/espak.ee\/epood\/#website","url":"https:\/\/espak.ee\/epood\/","name":"Espak E-pood","description":"","potentialAction":[{"@type":"SearchAction","target":{"@type":"EntryPoint","urlTemplate":"https:\/\/espak.ee\/epood\/?s={search_term_string}"},"query-input":{"@type":"PropertyValueSpecification","valueRequired":true,"valueName":"search_term_string"}}],"inLanguage":"et"}]}},"_links":{"self":[{"href":"https:\/\/espak.ee\/epood\/wp-json\/wp\/v2\/product\/52323","targetHints":{"allow":["GET"]}}],"collection":[{"href":"https:\/\/espak.ee\/epood\/wp-json\/wp\/v2\/product"}],"about":[{"href":"https:\/\/espak.ee\/epood\/wp-json\/wp\/v2\/types\/product"}],"replies":[{"embeddable":true,"href":"https:\/\/espak.ee\/epood\/wp-json\/wp\/v2\/comments?post=52323"}],"wp:featuredmedia":[{"embeddable":true,"href":"https:\/\/espak.ee\/epood\/wp-json\/wp\/v2\/media\/59249"}],"wp:attachment":[{"href":"https:\/\/espak.ee\/epood\/wp-json\/wp\/v2\/media?parent=52323"}],"wp:term":[{"taxonomy":"product_brand","embeddable":true,"href":"https:\/\/espak.ee\/epood\/wp-json\/wp\/v2\/product_brand?post=52323"},{"taxonomy":"product_cat","embeddable":true,"href":"https:\/\/espak.ee\/epood\/wp-json\/wp\/v2\/product_cat?post=52323"},{"taxonomy":"product_tag","embeddable":true,"href":"https:\/\/espak.ee\/epood\/wp-json\/wp\/v2\/product_tag?post=52323"}],"curies":[{"name":"wp","href":"https:\/\/api.w.org\/{rel}","templated":true}]}}